{"id":23008,"date":"2023-11-13T21:46:14","date_gmt":"2023-11-13T19:46:14","guid":{"rendered":"https:\/\/eheating.lt\/?post_type=product&#038;p=23008"},"modified":"2024-10-18T17:09:31","modified_gmt":"2024-10-18T14:09:31","slug":"hikvision-kalibratorius-ds-2te127-g4a","status":"publish","type":"product","link":"https:\/\/eheating.lt\/en\/produktas\/hikvision-kalibratorius-ds-2te127-g4a\/","title":{"rendered":"Hikvision kalibratorius DS-2TE127-G4A"},"content":{"rendered":"<table>\n<tbody>\n<tr>\n<td>Matmenys<\/td>\n<td>120 mm \u00d7 103 mm \u00d7 170 mm (4.72\u201d \u00d7 4.06\u201d \u00d7 6.69\u201d)<\/td>\n<\/tr>\n<tr>\n<td>Svoris<\/td>\n<td>1.85 Kg (4.08 lb)<\/td>\n<\/tr>\n<tr>\n<td>Galia<\/td>\n<td>AC 100-240V<\/td>\n<\/tr>\n<tr>\n<td>I\u0161vestis<\/td>\n<td>DC 24V<\/td>\n<\/tr>\n<tr>\n<td>EMC<\/td>\n<td>Pass<\/td>\n<\/tr>\n<\/tbody>\n<\/table>\n","protected":false},"excerpt":{"rendered":"<ul>\n<li>Termovizorini\u0173 kar\u0161\u010diavimo kamer\u0173 kalibratorius<\/li>\n<li>Auk\u0161tas tikslumas ir stabilumas<\/li>\n<\/ul>\n","protected":false},"featured_media":28116,"comment_status":"closed","ping_status":"closed","template":"","meta":[],"product_brand":[],"product_cat":[534,533,423],"product_tag":[],"class_list":{"0":"post-23008","1":"product","2":"type-product","3":"status-publish","4":"has-post-thumbnail","6":"product_cat-ip-kameros","7":"product_cat-ip-vaizdo-stebejimo-sistemos","8":"product_cat-ip-termovizorines-kameros","10":"first","11":"instock","12":"purchasable","13":"product-type-simple"},"yoast_head":"<!-- This site is optimized with the Yoast SEO Premium plugin v21.5 (Yoast SEO v27.3) - https:\/\/yoast.com\/product\/yoast-seo-premium-wordpress\/ -->\n<title>Hikvision kalibratorius DS-2TE127-G4A<\/title>\n<meta name=\"description\" content=\"Hikvision kalibratorius DS-2TE127-G4A ; Termovizorini\u0173 kar\u0161\u010diavimo kamer\u0173 kalibratorius ; Auk\u0161tas tikslumas ir stabilumas\" \/>\n<meta name=\"robots\" content=\"index, follow, max-snippet:-1, max-image-preview:large, max-video-preview:-1\" \/>\n<link rel=\"canonical\" href=\"https:\/\/eheating.lt\/produktas\/hikvision-kalibratorius-ds-2te127-g4a\/\" \/>\n<meta property=\"og:locale\" content=\"en_US\" \/>\n<meta property=\"og:type\" content=\"article\" \/>\n<meta property=\"og:title\" content=\"Hikvision kalibratorius DS-2TE127-G4A\" \/>\n<meta property=\"og:description\" content=\"Hikvision kalibratorius DS-2TE127-G4A ; Termovizorini\u0173 kar\u0161\u010diavimo kamer\u0173 kalibratorius ; Auk\u0161tas tikslumas ir stabilumas\" \/>\n<meta property=\"og:url\" content=\"https:\/\/eheating.lt\/produktas\/hikvision-kalibratorius-ds-2te127-g4a\/\" \/>\n<meta property=\"og:site_name\" content=\"Elektronika Namams\" \/>\n<meta property=\"article:publisher\" content=\"https:\/\/www.facebook.com\/ElektronikaNamams\" \/>\n<meta property=\"article:modified_time\" content=\"2024-10-18T14:09:31+00:00\" \/>\n<meta property=\"og:image\" content=\"https:\/\/eheating.lt\/wp-content\/uploads\/2023\/10\/Hikvision-kalibratorius-DS-2TE127-G4A.png\" \/>\n\t<meta property=\"og:image:width\" content=\"800\" \/>\n\t<meta property=\"og:image:height\" content=\"800\" \/>\n\t<meta property=\"og:image:type\" content=\"image\/png\" \/>\n<meta name=\"twitter:card\" content=\"summary_large_image\" \/>\n<meta name=\"twitter:label1\" content=\"Price\" \/>\n\t<meta name=\"twitter:data1\" content=\"3762,66&nbsp;&euro;\" \/>\n\t<meta name=\"twitter:label2\" content=\"Availability\" \/>\n\t<meta name=\"twitter:data2\" content=\"In stock\" \/>\n<script type=\"application\/ld+json\" class=\"yoast-schema-graph\">{\"@context\":\"https:\\\/\\\/schema.org\",\"@graph\":[{\"@type\":\"WebPage\",\"@id\":\"https:\\\/\\\/eheating.lt\\\/produktas\\\/hikvision-kalibratorius-ds-2te127-g4a\\\/\",\"url\":\"https:\\\/\\\/eheating.lt\\\/produktas\\\/hikvision-kalibratorius-ds-2te127-g4a\\\/\",\"name\":\"Hikvision kalibratorius DS-2TE127-G4A\",\"isPartOf\":{\"@id\":\"https:\\\/\\\/eheating.lt\\\/#website\"},\"primaryImageOfPage\":{\"@id\":\"https:\\\/\\\/eheating.lt\\\/produktas\\\/hikvision-kalibratorius-ds-2te127-g4a\\\/#primaryimage\"},\"image\":{\"@id\":\"https:\\\/\\\/eheating.lt\\\/produktas\\\/hikvision-kalibratorius-ds-2te127-g4a\\\/#primaryimage\"},\"thumbnailUrl\":\"https:\\\/\\\/eheating.lt\\\/wp-content\\\/uploads\\\/2023\\\/10\\\/Hikvision-kalibratorius-DS-2TE127-G4A.png\",\"datePublished\":\"2023-11-13T19:46:14+00:00\",\"dateModified\":\"2024-10-18T14:09:31+00:00\",\"description\":\"Hikvision kalibratorius DS-2TE127-G4A ; Termovizorini\u0173 kar\u0161\u010diavimo kamer\u0173 kalibratorius ; Auk\u0161tas tikslumas ir stabilumas\",\"breadcrumb\":{\"@id\":\"https:\\\/\\\/eheating.lt\\\/produktas\\\/hikvision-kalibratorius-ds-2te127-g4a\\\/#breadcrumb\"},\"inLanguage\":\"en-US\",\"potentialAction\":[{\"@type\":\"ReadAction\",\"target\":[\"https:\\\/\\\/eheating.lt\\\/produktas\\\/hikvision-kalibratorius-ds-2te127-g4a\\\/\"]}]},{\"@type\":\"ImageObject\",\"inLanguage\":\"en-US\",\"@id\":\"https:\\\/\\\/eheating.lt\\\/produktas\\\/hikvision-kalibratorius-ds-2te127-g4a\\\/#primaryimage\",\"url\":\"https:\\\/\\\/eheating.lt\\\/wp-content\\\/uploads\\\/2023\\\/10\\\/Hikvision-kalibratorius-DS-2TE127-G4A.png\",\"contentUrl\":\"https:\\\/\\\/eheating.lt\\\/wp-content\\\/uploads\\\/2023\\\/10\\\/Hikvision-kalibratorius-DS-2TE127-G4A.png\",\"width\":800,\"height\":800,\"caption\":\"Hikvision kalibratorius DS-2TE127-G4A\"},{\"@type\":\"BreadcrumbList\",\"@id\":\"https:\\\/\\\/eheating.lt\\\/produktas\\\/hikvision-kalibratorius-ds-2te127-g4a\\\/#breadcrumb\",\"itemListElement\":[{\"@type\":\"ListItem\",\"position\":1,\"name\":\"Prad\u017eia\",\"item\":\"https:\\\/\\\/eheating.lt\\\/en\\\/\"},{\"@type\":\"ListItem\",\"position\":2,\"name\":\"Shop\",\"item\":\"https:\\\/\\\/eheating.lt\\\/en\\\/?page_id=5734\"},{\"@type\":\"ListItem\",\"position\":3,\"name\":\"Hikvision kalibratorius DS-2TE127-G4A\"}]},{\"@type\":\"WebSite\",\"@id\":\"https:\\\/\\\/eheating.lt\\\/#website\",\"url\":\"https:\\\/\\\/eheating.lt\\\/\",\"name\":\"eHeating\",\"description\":\"Elektronika ir \u0161ildymas\",\"potentialAction\":[{\"@type\":\"SearchAction\",\"target\":{\"@type\":\"EntryPoint\",\"urlTemplate\":\"https:\\\/\\\/eheating.lt\\\/?s={search_term_string}\"},\"query-input\":{\"@type\":\"PropertyValueSpecification\",\"valueRequired\":true,\"valueName\":\"search_term_string\"}}],\"inLanguage\":\"en-US\"}]}<\/script>\n<meta property=\"product:price:amount\" content=\"3762.66\" \/>\n<meta property=\"product:price:currency\" content=\"EUR\" \/>\n<meta property=\"og:availability\" content=\"instock\" \/>\n<meta property=\"product:availability\" content=\"instock\" \/>\n<meta property=\"product:retailer_item_id\" content=\"b0e9a77f277c\" \/>\n<meta property=\"product:condition\" content=\"new\" \/>\n<!-- \/ Yoast SEO Premium plugin. -->","yoast_head_json":{"title":"Hikvision kalibratorius DS-2TE127-G4A","description":"Hikvision kalibratorius DS-2TE127-G4A ; Termovizorini\u0173 kar\u0161\u010diavimo kamer\u0173 kalibratorius ; Auk\u0161tas tikslumas ir stabilumas","robots":{"index":"index","follow":"follow","max-snippet":"max-snippet:-1","max-image-preview":"max-image-preview:large","max-video-preview":"max-video-preview:-1"},"canonical":"https:\/\/eheating.lt\/produktas\/hikvision-kalibratorius-ds-2te127-g4a\/","og_locale":"en_US","og_type":"article","og_title":"Hikvision kalibratorius DS-2TE127-G4A","og_description":"Hikvision kalibratorius DS-2TE127-G4A ; Termovizorini\u0173 kar\u0161\u010diavimo kamer\u0173 kalibratorius ; Auk\u0161tas tikslumas ir stabilumas","og_url":"https:\/\/eheating.lt\/produktas\/hikvision-kalibratorius-ds-2te127-g4a\/","og_site_name":"Elektronika Namams","article_publisher":"https:\/\/www.facebook.com\/ElektronikaNamams","article_modified_time":"2024-10-18T14:09:31+00:00","og_image":[{"width":800,"height":800,"url":"https:\/\/eheating.lt\/wp-content\/uploads\/2023\/10\/Hikvision-kalibratorius-DS-2TE127-G4A.png","type":"image\/png"}],"twitter_card":"summary_large_image","twitter_misc":{"Price":"3762,66&nbsp;&euro;","Availability":"In stock"},"schema":{"@context":"https:\/\/schema.org","@graph":[{"@type":"WebPage","@id":"https:\/\/eheating.lt\/produktas\/hikvision-kalibratorius-ds-2te127-g4a\/","url":"https:\/\/eheating.lt\/produktas\/hikvision-kalibratorius-ds-2te127-g4a\/","name":"Hikvision kalibratorius DS-2TE127-G4A","isPartOf":{"@id":"https:\/\/eheating.lt\/#website"},"primaryImageOfPage":{"@id":"https:\/\/eheating.lt\/produktas\/hikvision-kalibratorius-ds-2te127-g4a\/#primaryimage"},"image":{"@id":"https:\/\/eheating.lt\/produktas\/hikvision-kalibratorius-ds-2te127-g4a\/#primaryimage"},"thumbnailUrl":"https:\/\/eheating.lt\/wp-content\/uploads\/2023\/10\/Hikvision-kalibratorius-DS-2TE127-G4A.png","datePublished":"2023-11-13T19:46:14+00:00","dateModified":"2024-10-18T14:09:31+00:00","description":"Hikvision kalibratorius DS-2TE127-G4A ; Termovizorini\u0173 kar\u0161\u010diavimo kamer\u0173 kalibratorius ; Auk\u0161tas tikslumas ir stabilumas","breadcrumb":{"@id":"https:\/\/eheating.lt\/produktas\/hikvision-kalibratorius-ds-2te127-g4a\/#breadcrumb"},"inLanguage":"en-US","potentialAction":[{"@type":"ReadAction","target":["https:\/\/eheating.lt\/produktas\/hikvision-kalibratorius-ds-2te127-g4a\/"]}]},{"@type":"ImageObject","inLanguage":"en-US","@id":"https:\/\/eheating.lt\/produktas\/hikvision-kalibratorius-ds-2te127-g4a\/#primaryimage","url":"https:\/\/eheating.lt\/wp-content\/uploads\/2023\/10\/Hikvision-kalibratorius-DS-2TE127-G4A.png","contentUrl":"https:\/\/eheating.lt\/wp-content\/uploads\/2023\/10\/Hikvision-kalibratorius-DS-2TE127-G4A.png","width":800,"height":800,"caption":"Hikvision kalibratorius DS-2TE127-G4A"},{"@type":"BreadcrumbList","@id":"https:\/\/eheating.lt\/produktas\/hikvision-kalibratorius-ds-2te127-g4a\/#breadcrumb","itemListElement":[{"@type":"ListItem","position":1,"name":"Prad\u017eia","item":"https:\/\/eheating.lt\/en\/"},{"@type":"ListItem","position":2,"name":"Shop","item":"https:\/\/eheating.lt\/en\/?page_id=5734"},{"@type":"ListItem","position":3,"name":"Hikvision kalibratorius DS-2TE127-G4A"}]},{"@type":"WebSite","@id":"https:\/\/eheating.lt\/#website","url":"https:\/\/eheating.lt\/","name":"eHeating","description":"Elektronika ir \u0161ildymas","potentialAction":[{"@type":"SearchAction","target":{"@type":"EntryPoint","urlTemplate":"https:\/\/eheating.lt\/?s={search_term_string}"},"query-input":{"@type":"PropertyValueSpecification","valueRequired":true,"valueName":"search_term_string"}}],"inLanguage":"en-US"}]},"product_price_amount":"3762.66","product_price_currency":"EUR","og_availability":"instock","product_availability":"instock","product_retailer_item_id":"b0e9a77f277c","product_condition":"new"},"_links":{"self":[{"href":"https:\/\/eheating.lt\/en\/wp-json\/wp\/v2\/product\/23008","targetHints":{"allow":["GET"]}}],"collection":[{"href":"https:\/\/eheating.lt\/en\/wp-json\/wp\/v2\/product"}],"about":[{"href":"https:\/\/eheating.lt\/en\/wp-json\/wp\/v2\/types\/product"}],"replies":[{"embeddable":true,"href":"https:\/\/eheating.lt\/en\/wp-json\/wp\/v2\/comments?post=23008"}],"version-history":[{"count":0,"href":"https:\/\/eheating.lt\/en\/wp-json\/wp\/v2\/product\/23008\/revisions"}],"wp:featuredmedia":[{"embeddable":true,"href":"https:\/\/eheating.lt\/en\/wp-json\/wp\/v2\/media\/28116"}],"wp:attachment":[{"href":"https:\/\/eheating.lt\/en\/wp-json\/wp\/v2\/media?parent=23008"}],"wp:term":[{"taxonomy":"product_brand","embeddable":true,"href":"https:\/\/eheating.lt\/en\/wp-json\/wp\/v2\/product_brand?post=23008"},{"taxonomy":"product_cat","embeddable":true,"href":"https:\/\/eheating.lt\/en\/wp-json\/wp\/v2\/product_cat?post=23008"},{"taxonomy":"product_tag","embeddable":true,"href":"https:\/\/eheating.lt\/en\/wp-json\/wp\/v2\/product_tag?post=23008"}],"curies":[{"name":"wp","href":"https:\/\/api.w.org\/{rel}","templated":true}]}}