{"id":22994,"date":"2023-11-13T21:08:55","date_gmt":"2023-11-13T19:08:55","guid":{"rendered":"https:\/\/eheating.lt\/?post_type=product&#038;p=22994"},"modified":"2024-10-18T17:09:13","modified_gmt":"2024-10-18T14:09:13","slug":"hikvision-ds-2cd2786g2-izs","status":"publish","type":"product","link":"https:\/\/eheating.lt\/en\/produktas\/hikvision-ds-2cd2786g2-izs\/","title":{"rendered":"Hikvision DS-2CD2786G2-IZS"},"content":{"rendered":"<table>\n<tbody>\n<tr>\n<td>Pavadiniimas<\/td>\n<td>Apra\u0161ymas<\/td>\n<\/tr>\n<tr>\n<td>Sensorius<\/td>\n<td>1\/1.8&#8243; Progressive Scan CMOS<\/td>\n<\/tr>\n<tr>\n<td>Min. ap\u0161vietimas<\/td>\n<td>Color: 0.003 Lux @ (F1.4, AGC ON), 0 Lux with IR<\/td>\n<\/tr>\n<tr>\n<td>U\u017erakto greitis<\/td>\n<td>1\/3 s to 1\/100,000 s<\/td>\n<\/tr>\n<tr>\n<td>I\u0161laikymas<\/td>\n<td>Yes<\/td>\n<\/tr>\n<tr>\n<td>WDR<\/td>\n<td>120dB<\/td>\n<\/tr>\n<tr>\n<td>Diena\/naktis<\/td>\n<td>ICR Cut<\/td>\n<\/tr>\n<tr>\n<td>Kampo valdymas<\/td>\n<td>Pan: 0\u00b0 to 355\u00b0, tilt: 0\u00b0 to 75\u00b0, rotate: 0\u00b0 to 355\u00b0<\/td>\n<\/tr>\n<tr>\n<td>I\u0161sijungimo atmintis<\/td>\n<td>Yes<\/td>\n<\/tr>\n<tr>\n<td>Fokusavimas<\/td>\n<td>Auto<\/td>\n<\/tr>\n<tr>\n<td>Objektyvo tipas ir matymo kampas<\/td>\n<td>2.8 to 12 mm, horizontal FOV 108\u00b0 to 45\u00b0, vertical FOV 58\u00b0 to 25\u00b0, diagonal FOV 127\u00b0 to 52\u00b0<\/td>\n<\/tr>\n<tr>\n<td>I\u0161laikymas<\/td>\n<td>F1.4<\/td>\n<\/tr>\n<tr>\n<td>Montavimas<\/td>\n<td>\u03a614<\/td>\n<\/tr>\n<tr>\n<td>IR atstumas<\/td>\n<td>Up to 40 m<\/td>\n<\/tr>\n<tr>\n<td>Bangos ilgis<\/td>\n<td>850 nm<\/td>\n<\/tr>\n<tr>\n<td>I\u0161mani papildoma \u0161viesa<\/td>\n<td>Yes<\/td>\n<\/tr>\n<tr>\n<td>Maks. rai\u0161ka<\/td>\n<td>3840 \u00d7 2160<\/td>\n<\/tr>\n<tr>\n<td>Pagrindinis srautas<\/td>\n<td>50Hz: 20fps (3840 \u00d7 2160, 3072 \u00d7 1728) 25fps (2688 \u00d7 1520, 1920 \u00d7 1080, 1280 \u00d7 720) 60Hz: 20fps (3840 \u00d72160, 3072 \u00d7 1728) 30fps (2688 \u00d7 1520, 1920 \u00d7 1080, 1280 \u00d7 720) * When the main stream resolution is 3840 \u00d7 2160, max frame rate is 20 fps for all streams.<\/td>\n<\/tr>\n<tr>\n<td>Antrinis srautas<\/td>\n<td>50Hz: 25fps (640 \u00d7 480, 640 \u00d7 360, 320 \u00d7 240) 60Hz: 30fps (640 \u00d7 480, 640 \u00d7 360, 320 \u00d7 240)<\/td>\n<\/tr>\n<tr>\n<td>Tretinis srautas<\/td>\n<td>50Hz: 25fps (1280 \u00d7 720, 640 \u00d7 480, 640 \u00d7 360, 320 \u00d7 240) 60Hz: 30fps (1280 \u00d7 720, 640 \u00d7 480, 640 \u00d7 360, 320 \u00d7 240)<\/td>\n<\/tr>\n<tr>\n<td>Vaizdo suspaudimas<\/td>\n<td>Main stream: H.265+\/H.265\/H.264+\/ H.264 Sub-stream: H.265\/H.264\/MJPEG Third stream: H.265\/H.264<\/td>\n<\/tr>\n<tr>\n<td>Video bit\u0173 greitis<\/td>\n<td>32 Kbps to 16 Mbps<\/td>\n<\/tr>\n<tr>\n<td>H.264 tipas<\/td>\n<td>BaseLine Profile, Main Profile, High Profile<\/td>\n<\/tr>\n<tr>\n<td>H.265 tipas<\/td>\n<td>Main Profile<\/td>\n<\/tr>\n<tr>\n<td>Srauto tipas<\/td>\n<td>Main stream\/sub-stream\/third stream<\/td>\n<\/tr>\n<tr>\n<td>SVC<\/td>\n<td>H.265 and H.264 support<\/td>\n<\/tr>\n<tr>\n<td>ROI<\/td>\n<td>1 fixed region for each stream<\/td>\n<\/tr>\n<tr>\n<td>Garso \u0117mini\u0173 da\u017enis<\/td>\n<td>8 kHz, 16 kHz, 32 kHz, 44.1 kHz, 48 kHz<\/td>\n<\/tr>\n<tr>\n<td>Garso suspaudimas<\/td>\n<td>G.711\/G.722.1\/G.726\/MP2L2\/PCM\/MP3<\/td>\n<\/tr>\n<tr>\n<td>Garso bit\u0173 da\u017enis<\/td>\n<td>64Kbps(G.711)\/16Kbps(G.722.1)\/16Kbps(G.726)\/32-192Kbps(MP2L2)\/8Kbps-320Kbps(MP3)<\/td>\n<\/tr>\n<tr>\n<td>Garso tipas<\/td>\n<td>Mono sound<\/td>\n<\/tr>\n<tr>\n<td>Transliavimas<\/td>\n<td>Up to 6 channels<\/td>\n<\/tr>\n<tr>\n<td>API<\/td>\n<td>ONVIF (PROFILE S, PROFILE G), ISAPI, SDK<\/td>\n<\/tr>\n<tr>\n<td>Protocolai<\/td>\n<td>TCP\/IP, ICMP, HTTP, HTTPS, FTP, DHCP, DNS, DDNS, RTP, RTSP, PPPoE, NTP, UPnP, SMTP, SNMP, IGMP, 802.1X, QoS, IPv6, UDP, Bonjour, SSL\/TLS<\/td>\n<\/tr>\n<tr>\n<td>Sklandus transliavimas<\/td>\n<td>Yes<\/td>\n<\/tr>\n<tr>\n<td>User\/Host<\/td>\n<td>Up to 32 users. 3 user levels: administrator, operator and user<\/td>\n<\/tr>\n<tr>\n<td>Apsauga<\/td>\n<td>Password protection, complicated password, HTTPS encryption, 802.1X authentication (EAP-MD5), watermark, IP address filter, basic and digest authentication for HTTP\/HTTPS, WSSE and digest authentication for ONVIF, TLS 1.2<\/td>\n<\/tr>\n<tr>\n<td>Tinklo saugykla<\/td>\n<td>MicroSD\/SDHC\/SDXC card (256 GB), local storage and NAS (NFS,SMB\/CIFS), ANR<\/td>\n<\/tr>\n<tr>\n<td>Klientas<\/td>\n<td>iVMS-4200, Hik-Connect, Hik-Central<\/td>\n<\/tr>\n<tr>\n<td>Nar\u0161ykl\u0117<\/td>\n<td>Plug-in required live view: IE8+, Chrome 41.0-44, Firefox 30.0-51, Safari 8.0-11 Plug-in free live view: Chrome 57.0+, Firefox 52.0+<\/td>\n<\/tr>\n<tr>\n<td>Day\/Night jungiklis<\/td>\n<td>Day, Night, Auto, Schedule, Triggered by Alarm In<\/td>\n<\/tr>\n<tr>\n<td>Vaizdo gerinimas<\/td>\n<td>BLC, HLC, 3D DNR<\/td>\n<\/tr>\n<tr>\n<td>Vaizdo nustatymai<\/td>\n<td>Saturation, brightness, contrast, sharpness, AGC, and white balance are adjustable by client software and web browser<\/td>\n<\/tr>\n<tr>\n<td>Pavojaus signalas<\/td>\n<td>1 input, 1 output (max. 24 VDC, 1A, 24 VAC, 1A)<\/td>\n<\/tr>\n<tr>\n<td>Garsas<\/td>\n<td>1 input (line in), 3.5 mm three-connector, 1 output (line out), 3.5 mm three-connector<\/td>\n<\/tr>\n<tr>\n<td>Vidin\u0117 atmintis<\/td>\n<td>Built-in micro SD slot, up to 256 GB<\/td>\n<\/tr>\n<tr>\n<td>Perkrovimo mygtukas<\/td>\n<td>Yes<\/td>\n<\/tr>\n<tr>\n<td>Ry\u0161io s\u0105saja<\/td>\n<td>10M\/100M self-adaptive Ethernet port<\/td>\n<\/tr>\n<tr>\n<td>Pagrindinis \u012fvykis<\/td>\n<td>Motion detection, video tampering alarm, exception (network disconnected, IP address conflict, illegal login, HDD full, HDD error),Scene change detection<\/td>\n<\/tr>\n<tr>\n<td>Papildoma apsauga<\/td>\n<td>Intrusion detection, line crossing detection, region entrance detection, region exiting detection (Human&amp;Vehicle classification)<\/td>\n<\/tr>\n<tr>\n<td>Programin\u0117s \u012frangos kalbos<\/td>\n<td>32 languages English, Russian, Estonian, Bulgarian, Hungarian, Greek, German, Italian, Czech, Slovak, French, Polish, Dutch, Portuguese, Spanish, Romanian, Danish, Swedish, Norwegian, Finnish, Croatian, Slovenian, Serbian, Turkish, Korean, Traditional Chinese, Thai, Vietnamese, Japanese, Latvian, Lithuanian, Portuguese (Brazil)<\/td>\n<\/tr>\n<tr>\n<td>Pagrindin\u0117s funkcijos<\/td>\n<td>Mirror, password protection, privacy mask, watermark, IP address filter, one-key reset, anti-flicker, three streams, heartbeat<\/td>\n<\/tr>\n<tr>\n<td>Programin\u0117s \u012frangos perkrovimas<\/td>\n<td>Yes<\/td>\n<\/tr>\n<tr>\n<td>Prane\u0161im\u0173 perdavimas<\/td>\n<td>Upload to FTP\/NAS\/memory card, notify surveillance center, send email, trigger alarm output, trigger recording, trigger capture, audible warning<\/td>\n<\/tr>\n<tr>\n<td>Saugyklos darbo s\u0105lygos<\/td>\n<td>-30 \u00b0C to 60 \u00b0C (-22 \u00b0F to 140 \u00b0F). Humidity 95% or less (non-condensing)<\/td>\n<\/tr>\n<tr>\n<td>Startas ir veikimo s\u0105lygos<\/td>\n<td>-30 \u00b0C to 60 \u00b0C (-22 \u00b0F to 140 \u00b0F). Humidity 95% or less (non-condensing)<\/td>\n<\/tr>\n<tr>\n<td>Maitinimas<\/td>\n<td>12 VDC \u00b1 25%, two-core terminal block; PoE: 802.3af, Class 3<\/td>\n<\/tr>\n<tr>\n<td>Suvartojama \u012ftampa ir srov\u0117<\/td>\n<td>12 VDC, 0.9 A, max. 10.8 W PoE: (802.3af, 36 V to 57 V), 0.4 A to 0.2 A, max. 12.9 W<\/td>\n<\/tr>\n<tr>\n<td>Galios s\u0105saja<\/td>\n<td>2-core terminal block<\/td>\n<\/tr>\n<tr>\n<td>Med\u017eiaga<\/td>\n<td>Metal<\/td>\n<\/tr>\n<tr>\n<td>Kameros i\u0161matavimai<\/td>\n<td>\u03a6153.5 \u00d7 133.2 mm (\u03a66\u2033 \u00d7 5.2\u2033)<\/td>\n<\/tr>\n<tr>\n<td>Pakuot\u0117s i\u0161matavimai<\/td>\n<td>244 \u00d7 174 \u00d7 173 mm (9.6&#8243; \u00d7 6.9&#8243; \u00d7 6.8&#8243;)<\/td>\n<\/tr>\n<tr>\n<td>Kameros svoris<\/td>\n<td>1080 g (2.4 lb.)<\/td>\n<\/tr>\n<tr>\n<td>Svoris su pakuote<\/td>\n<td>1671 g (3.7 lb.)<\/td>\n<\/tr>\n<tr>\n<td>Apsauga<\/td>\n<td>Ingress protection: IP66 (IEC 60529-2013), IK10 (IEC 62262:2002)<\/td>\n<\/tr>\n<tr>\n<td>EMC<\/td>\n<td>CE-EMC (EN 55032: 2015, EN 61000-3-2: 2014, EN 61000-3-3: 2013, EN 50130-4: 2011 +A1: 2014); RCM (AS\/NZS CISPR 32: 2015); IC (ICES-003: Issue 6, 2016); KC (KN 32: 2015, KN 35: 2015)<\/td>\n<\/tr>\n<tr>\n<td>Saugumas<\/td>\n<td>UL (UL 60950-1); CB (IEC 60950-1:2005 + Am 1:2009 + Am 2:2013); CE-LVD (EN 60950-1:2005 + Am 1:2009 + Am 2:2013); BIS (IS 13252(Part 1):2010+A1:2013+A2:2015); LOA (IEC\/EN 60950-1)<\/td>\n<\/tr>\n<tr>\n<td>Aplinkosauga<\/td>\n<td>CE-RoHS (2011\/65\/EU); WEEE (2012\/19\/EU); Reach (Regulation (EC) No 1907\/2006)<\/td>\n<\/tr>\n<\/tbody>\n<\/table>\n","protected":false},"excerpt":{"rendered":"<ul>\n<li>8 MP IR Varifocal Dome IP kamera<\/li>\n<li>2.8-12mm objektyvas<\/li>\n<li>120 dB WDR<\/li>\n<li>H.265, H.265+<\/li>\n<li>Vieta SD\/SDHC\/SDXC kortelei, iki 128 GB<\/li>\n<li>IR pa\u0161vietimas iki 40m<\/li>\n<li>IP66<\/li>\n<li>IK10<\/li>\n<\/ul>\n","protected":false},"featured_media":27350,"comment_status":"closed","ping_status":"closed","template":"","meta":[],"product_brand":[],"product_cat":[534,533,535],"product_tag":[],"class_list":{"0":"post-22994","1":"product","2":"type-product","3":"status-publish","4":"has-post-thumbnail","6":"product_cat-ip-kameros","7":"product_cat-ip-vaizdo-stebejimo-sistemos","8":"product_cat-ip-kupolines-kameros","10":"first","11":"onbackorder","12":"purchasable","13":"product-type-simple"},"yoast_head":"<!-- This site is optimized with the Yoast SEO Premium plugin v21.5 (Yoast SEO v27.4) - https:\/\/yoast.com\/product\/yoast-seo-premium-wordpress\/ -->\n<title>Hikvision DS-2CD2786G2-IZS<\/title>\n<meta name=\"description\" content=\"Hikvision DS-2CD2786G2-IZS IP kamera ; 2.8-12mm varifokalinis objektyvas ; Rai\u0161ka - 8MP ; IR pa\u0161vietimas iki 40m ; Spalva - balta\" \/>\n<meta name=\"robots\" content=\"index, follow, max-snippet:-1, max-image-preview:large, max-video-preview:-1\" \/>\n<link rel=\"canonical\" href=\"https:\/\/eheating.lt\/produktas\/hikvision-ds-2cd2786g2-izs\/\" \/>\n<meta property=\"og:locale\" content=\"en_US\" \/>\n<meta property=\"og:type\" content=\"article\" \/>\n<meta property=\"og:title\" content=\"Hikvision DS-2CD2786G2-IZS\" \/>\n<meta property=\"og:description\" content=\"Hikvision DS-2CD2786G2-IZS IP kamera ; 2.8-12mm varifokalinis objektyvas ; Rai\u0161ka - 8MP ; IR pa\u0161vietimas iki 40m ; Spalva - balta\" \/>\n<meta property=\"og:url\" content=\"https:\/\/eheating.lt\/produktas\/hikvision-ds-2cd2786g2-izs\/\" \/>\n<meta property=\"og:site_name\" content=\"Elektronika Namams\" \/>\n<meta property=\"article:publisher\" content=\"https:\/\/www.facebook.com\/ElektronikaNamams\" \/>\n<meta property=\"article:modified_time\" content=\"2024-10-18T14:09:13+00:00\" \/>\n<meta property=\"og:image\" content=\"https:\/\/eheating.lt\/wp-content\/uploads\/2023\/10\/Hikvision-DS-2CD2786G2-IZS.png\" \/>\n\t<meta property=\"og:image:width\" content=\"800\" \/>\n\t<meta property=\"og:image:height\" content=\"800\" \/>\n\t<meta property=\"og:image:type\" content=\"image\/png\" \/>\n<meta name=\"twitter:card\" content=\"summary_large_image\" \/>\n<meta name=\"twitter:label1\" content=\"Price\" \/>\n\t<meta name=\"twitter:data1\" content=\"631,51&nbsp;&euro;\" \/>\n\t<meta name=\"twitter:label2\" content=\"Availability\" \/>\n\t<meta name=\"twitter:data2\" content=\"On backorder\" \/>\n<script type=\"application\/ld+json\" class=\"yoast-schema-graph\">{\"@context\":\"https:\\\/\\\/schema.org\",\"@graph\":[{\"@type\":\"WebPage\",\"@id\":\"https:\\\/\\\/eheating.lt\\\/produktas\\\/hikvision-ds-2cd2786g2-izs\\\/\",\"url\":\"https:\\\/\\\/eheating.lt\\\/produktas\\\/hikvision-ds-2cd2786g2-izs\\\/\",\"name\":\"Hikvision DS-2CD2786G2-IZS\",\"isPartOf\":{\"@id\":\"https:\\\/\\\/eheating.lt\\\/#website\"},\"primaryImageOfPage\":{\"@id\":\"https:\\\/\\\/eheating.lt\\\/produktas\\\/hikvision-ds-2cd2786g2-izs\\\/#primaryimage\"},\"image\":{\"@id\":\"https:\\\/\\\/eheating.lt\\\/produktas\\\/hikvision-ds-2cd2786g2-izs\\\/#primaryimage\"},\"thumbnailUrl\":\"https:\\\/\\\/eheating.lt\\\/wp-content\\\/uploads\\\/2023\\\/10\\\/Hikvision-DS-2CD2786G2-IZS.png\",\"datePublished\":\"2023-11-13T19:08:55+00:00\",\"dateModified\":\"2024-10-18T14:09:13+00:00\",\"description\":\"Hikvision DS-2CD2786G2-IZS IP kamera ; 2.8-12mm varifokalinis objektyvas ; Rai\u0161ka - 8MP ; IR pa\u0161vietimas iki 40m ; Spalva - balta\",\"breadcrumb\":{\"@id\":\"https:\\\/\\\/eheating.lt\\\/produktas\\\/hikvision-ds-2cd2786g2-izs\\\/#breadcrumb\"},\"inLanguage\":\"en-US\",\"potentialAction\":[{\"@type\":\"ReadAction\",\"target\":[\"https:\\\/\\\/eheating.lt\\\/produktas\\\/hikvision-ds-2cd2786g2-izs\\\/\"]}]},{\"@type\":\"ImageObject\",\"inLanguage\":\"en-US\",\"@id\":\"https:\\\/\\\/eheating.lt\\\/produktas\\\/hikvision-ds-2cd2786g2-izs\\\/#primaryimage\",\"url\":\"https:\\\/\\\/eheating.lt\\\/wp-content\\\/uploads\\\/2023\\\/10\\\/Hikvision-DS-2CD2786G2-IZS.png\",\"contentUrl\":\"https:\\\/\\\/eheating.lt\\\/wp-content\\\/uploads\\\/2023\\\/10\\\/Hikvision-DS-2CD2786G2-IZS.png\",\"width\":800,\"height\":800,\"caption\":\"Hikvision DS-2CD2786G2-IZS\"},{\"@type\":\"BreadcrumbList\",\"@id\":\"https:\\\/\\\/eheating.lt\\\/produktas\\\/hikvision-ds-2cd2786g2-izs\\\/#breadcrumb\",\"itemListElement\":[{\"@type\":\"ListItem\",\"position\":1,\"name\":\"Prad\u017eia\",\"item\":\"https:\\\/\\\/eheating.lt\\\/en\\\/\"},{\"@type\":\"ListItem\",\"position\":2,\"name\":\"Shop\",\"item\":\"https:\\\/\\\/eheating.lt\\\/en\\\/?page_id=5734\"},{\"@type\":\"ListItem\",\"position\":3,\"name\":\"Hikvision DS-2CD2786G2-IZS\"}]},{\"@type\":\"WebSite\",\"@id\":\"https:\\\/\\\/eheating.lt\\\/#website\",\"url\":\"https:\\\/\\\/eheating.lt\\\/\",\"name\":\"eHeating\",\"description\":\"Elektronika ir \u0161ildymas\",\"potentialAction\":[{\"@type\":\"SearchAction\",\"target\":{\"@type\":\"EntryPoint\",\"urlTemplate\":\"https:\\\/\\\/eheating.lt\\\/?s={search_term_string}\"},\"query-input\":{\"@type\":\"PropertyValueSpecification\",\"valueRequired\":true,\"valueName\":\"search_term_string\"}}],\"inLanguage\":\"en-US\"}]}<\/script>\n<meta property=\"product:price:amount\" content=\"631.51\" \/>\n<meta property=\"product:price:currency\" content=\"EUR\" \/>\n<meta property=\"og:availability\" content=\"backorder\" \/>\n<meta property=\"product:availability\" content=\"available for order\" \/>\n<meta property=\"product:retailer_item_id\" content=\"d18386a6d9f5\" \/>\n<meta property=\"product:condition\" content=\"new\" \/>\n<!-- \/ Yoast SEO Premium plugin. -->","yoast_head_json":{"title":"Hikvision DS-2CD2786G2-IZS","description":"Hikvision DS-2CD2786G2-IZS IP kamera ; 2.8-12mm varifokalinis objektyvas ; Rai\u0161ka - 8MP ; IR pa\u0161vietimas iki 40m ; Spalva - balta","robots":{"index":"index","follow":"follow","max-snippet":"max-snippet:-1","max-image-preview":"max-image-preview:large","max-video-preview":"max-video-preview:-1"},"canonical":"https:\/\/eheating.lt\/produktas\/hikvision-ds-2cd2786g2-izs\/","og_locale":"en_US","og_type":"article","og_title":"Hikvision DS-2CD2786G2-IZS","og_description":"Hikvision DS-2CD2786G2-IZS IP kamera ; 2.8-12mm varifokalinis objektyvas ; Rai\u0161ka - 8MP ; IR pa\u0161vietimas iki 40m ; Spalva - balta","og_url":"https:\/\/eheating.lt\/produktas\/hikvision-ds-2cd2786g2-izs\/","og_site_name":"Elektronika Namams","article_publisher":"https:\/\/www.facebook.com\/ElektronikaNamams","article_modified_time":"2024-10-18T14:09:13+00:00","og_image":[{"width":800,"height":800,"url":"https:\/\/eheating.lt\/wp-content\/uploads\/2023\/10\/Hikvision-DS-2CD2786G2-IZS.png","type":"image\/png"}],"twitter_card":"summary_large_image","twitter_misc":{"Price":"631,51&nbsp;&euro;","Availability":"On backorder"},"schema":{"@context":"https:\/\/schema.org","@graph":[{"@type":"WebPage","@id":"https:\/\/eheating.lt\/produktas\/hikvision-ds-2cd2786g2-izs\/","url":"https:\/\/eheating.lt\/produktas\/hikvision-ds-2cd2786g2-izs\/","name":"Hikvision DS-2CD2786G2-IZS","isPartOf":{"@id":"https:\/\/eheating.lt\/#website"},"primaryImageOfPage":{"@id":"https:\/\/eheating.lt\/produktas\/hikvision-ds-2cd2786g2-izs\/#primaryimage"},"image":{"@id":"https:\/\/eheating.lt\/produktas\/hikvision-ds-2cd2786g2-izs\/#primaryimage"},"thumbnailUrl":"https:\/\/eheating.lt\/wp-content\/uploads\/2023\/10\/Hikvision-DS-2CD2786G2-IZS.png","datePublished":"2023-11-13T19:08:55+00:00","dateModified":"2024-10-18T14:09:13+00:00","description":"Hikvision DS-2CD2786G2-IZS IP kamera ; 2.8-12mm varifokalinis objektyvas ; Rai\u0161ka - 8MP ; IR pa\u0161vietimas iki 40m ; Spalva - balta","breadcrumb":{"@id":"https:\/\/eheating.lt\/produktas\/hikvision-ds-2cd2786g2-izs\/#breadcrumb"},"inLanguage":"en-US","potentialAction":[{"@type":"ReadAction","target":["https:\/\/eheating.lt\/produktas\/hikvision-ds-2cd2786g2-izs\/"]}]},{"@type":"ImageObject","inLanguage":"en-US","@id":"https:\/\/eheating.lt\/produktas\/hikvision-ds-2cd2786g2-izs\/#primaryimage","url":"https:\/\/eheating.lt\/wp-content\/uploads\/2023\/10\/Hikvision-DS-2CD2786G2-IZS.png","contentUrl":"https:\/\/eheating.lt\/wp-content\/uploads\/2023\/10\/Hikvision-DS-2CD2786G2-IZS.png","width":800,"height":800,"caption":"Hikvision DS-2CD2786G2-IZS"},{"@type":"BreadcrumbList","@id":"https:\/\/eheating.lt\/produktas\/hikvision-ds-2cd2786g2-izs\/#breadcrumb","itemListElement":[{"@type":"ListItem","position":1,"name":"Prad\u017eia","item":"https:\/\/eheating.lt\/en\/"},{"@type":"ListItem","position":2,"name":"Shop","item":"https:\/\/eheating.lt\/en\/?page_id=5734"},{"@type":"ListItem","position":3,"name":"Hikvision DS-2CD2786G2-IZS"}]},{"@type":"WebSite","@id":"https:\/\/eheating.lt\/#website","url":"https:\/\/eheating.lt\/","name":"eHeating","description":"Elektronika ir \u0161ildymas","potentialAction":[{"@type":"SearchAction","target":{"@type":"EntryPoint","urlTemplate":"https:\/\/eheating.lt\/?s={search_term_string}"},"query-input":{"@type":"PropertyValueSpecification","valueRequired":true,"valueName":"search_term_string"}}],"inLanguage":"en-US"}]},"product_price_amount":"631.51","product_price_currency":"EUR","og_availability":"backorder","product_availability":"available for order","product_retailer_item_id":"d18386a6d9f5","product_condition":"new"},"_links":{"self":[{"href":"https:\/\/eheating.lt\/en\/wp-json\/wp\/v2\/product\/22994","targetHints":{"allow":["GET"]}}],"collection":[{"href":"https:\/\/eheating.lt\/en\/wp-json\/wp\/v2\/product"}],"about":[{"href":"https:\/\/eheating.lt\/en\/wp-json\/wp\/v2\/types\/product"}],"replies":[{"embeddable":true,"href":"https:\/\/eheating.lt\/en\/wp-json\/wp\/v2\/comments?post=22994"}],"version-history":[{"count":0,"href":"https:\/\/eheating.lt\/en\/wp-json\/wp\/v2\/product\/22994\/revisions"}],"wp:featuredmedia":[{"embeddable":true,"href":"https:\/\/eheating.lt\/en\/wp-json\/wp\/v2\/media\/27350"}],"wp:attachment":[{"href":"https:\/\/eheating.lt\/en\/wp-json\/wp\/v2\/media?parent=22994"}],"wp:term":[{"taxonomy":"product_brand","embeddable":true,"href":"https:\/\/eheating.lt\/en\/wp-json\/wp\/v2\/product_brand?post=22994"},{"taxonomy":"product_cat","embeddable":true,"href":"https:\/\/eheating.lt\/en\/wp-json\/wp\/v2\/product_cat?post=22994"},{"taxonomy":"product_tag","embeddable":true,"href":"https:\/\/eheating.lt\/en\/wp-json\/wp\/v2\/product_tag?post=22994"}],"curies":[{"name":"wp","href":"https:\/\/api.w.org\/{rel}","templated":true}]}}