{"id":22984,"date":"2023-11-13T21:09:14","date_gmt":"2023-11-13T19:09:14","guid":{"rendered":"https:\/\/eheating.lt\/?post_type=product&#038;p=22984"},"modified":"2024-10-18T17:08:59","modified_gmt":"2024-10-18T14:08:59","slug":"hikvision-dome-ds-2cd2185g0-ims-f2-8","status":"publish","type":"product","link":"https:\/\/eheating.lt\/en\/produktas\/hikvision-dome-ds-2cd2185g0-ims-f2-8\/","title":{"rendered":"Hikvision dome DS-2CD2185G0-IMS F2.8"},"content":{"rendered":"<table>\n<tbody>\n<tr>\n<th colspan=\"2\">Kamera<\/th>\n<\/tr>\n<tr>\n<td class=\"td1\">Sensorius<\/td>\n<td>1\/2.5&#8243; Progressive Scan CMOS<\/td>\n<\/tr>\n<tr>\n<td class=\"td1\">Signalo sistema<\/td>\n<td>PAL\/NTSC<\/td>\n<\/tr>\n<tr>\n<td class=\"td1\">Min. ap\u0161vietimas<\/td>\n<td>Color: 0.028 Lux @(F2.0, AGC ON), 0 Lux with IR<\/td>\n<\/tr>\n<tr>\n<td class=\"td1\">U\u017erekto laikas<\/td>\n<td>1\/3 s to 1\/100,000 s<\/td>\n<\/tr>\n<tr>\n<td class=\"td1\">L\u0117tas u\u017eraktas<\/td>\n<td>Support<\/td>\n<\/tr>\n<tr>\n<td class=\"td1\">Objektyvas<\/td>\n<td>2.8 mm, horizontal FOV: 102\u00b0 , vertical FOV: 53\u00b0 , diagonal FOV: 124\u00b0<\/td>\n<\/tr>\n<tr>\n<td class=\"td1\">Objektyvo montavimas<\/td>\n<td>M12<\/td>\n<\/tr>\n<tr>\n<td class=\"td1\">Reguliavimas<\/td>\n<td>Pan: 0\u00b0 to 355\u00b0, tilt: 0\u00b0 to 75\u00b0, rotate: 0\u00b0 to 355\u00b0<\/td>\n<\/tr>\n<tr>\n<td class=\"td1\">Diena\/naktis<\/td>\n<td>IR cut filter with auto switch<\/td>\n<\/tr>\n<tr>\n<td class=\"td1\">Platus dinaminis diapazonas<\/td>\n<td>120 dB<\/td>\n<\/tr>\n<tr>\n<td class=\"td1\">Skaitmeninis triuk\u0161mo slopinimas<\/td>\n<td>3D DNR<\/td>\n<\/tr>\n<tr>\n<th colspan=\"2\">Suspaudimo standartai<\/th>\n<\/tr>\n<tr>\n<td class=\"td1\">Vaizdo suspaudimas<\/td>\n<td>H.265\/H.264\/MJPEG<\/td>\n<\/tr>\n<tr>\n<td class=\"td1\">Vaizdo sparta<\/td>\n<td>32Kbps~16Mbps<\/td>\n<\/tr>\n<tr>\n<td class=\"td1\">Garso sparta<\/td>\n<td>64Kbps(G.711)\/16Kbps(G.722.1)\/16Kbps(G.726)\/32-192Kbps(MP2L2)\/8-320Kbps(MP3)<\/td>\n<\/tr>\n<tr>\n<td class=\"td1\">Dvigubas srautas<\/td>\n<td>Yes<\/td>\n<\/tr>\n<tr>\n<th colspan=\"2\">Vaizdas<\/th>\n<\/tr>\n<tr>\n<td class=\"td1\">Maks. vaizdo rai\u0161ka<\/td>\n<td>3840 \u00d7 2160<\/td>\n<\/tr>\n<tr>\n<td class=\"td1\">Antrinis srautas<\/td>\n<td>50Hz: 25fps (640 \u00d7 480, 640 \u00d7 360, 320 \u00d7 240)<br \/>\n60Hz: 30fps (640 \u00d7 480, 640 \u00d7 360, 320 \u00d7 240)<\/td>\n<\/tr>\n<tr>\n<td class=\"td1\">Kadrai per sek.<\/td>\n<td>50Hz: 20fps (3840 \u00d7 2160), 25fps (3072 \u00d7 1728, 1920 \u00d7 1080, 1280 \u00d7 720)<br \/>\n60Hz: 20fps (3840 \u00d7 2160, 3072 \u00d7 1728, 1920 \u00d7 1080, 1280 \u00d7 720)<\/td>\n<\/tr>\n<tr>\n<td class=\"td1\">Foninio ap\u0161vietimo kompensavimas<\/td>\n<td>BLC\/3D DNR\/HLC<\/td>\n<\/tr>\n<tr>\n<td class=\"td1\">ROI<\/td>\n<td>Support 1 fixed region for main stream and sub stream separately<\/td>\n<\/tr>\n<tr>\n<td class=\"td1\">Dienos\/nakties perjungimas<\/td>\n<td>Auto\/Scheduled<\/td>\n<\/tr>\n<tr>\n<th colspan=\"2\">Tinklas<\/th>\n<\/tr>\n<tr>\n<td class=\"td1\">Protokolai<\/td>\n<td>TCP\/IP, ICMP, HTTP, HTTPS, FTP, DHCP, DNS, DDNS, RTP, RTSP, RTCP, PPPoE, NTP, UPnP\u2122, SMTP, SNMP, IGMP, 802.1X, QoS, IPv6, UDP, Bonjour, SSL\/TLS<\/td>\n<\/tr>\n<tr>\n<td class=\"td1\">Pagrindin\u0117s funkcijos<\/td>\n<td>One-key reset, Anti-Flicker, heartbeat, mirror, password protection, privacy<br \/>\nmask, Watermark, IP address filtering<\/td>\n<\/tr>\n<tr>\n<td class=\"td1\">Sistemos suderinamumas<\/td>\n<td>ONVIF (PROFILE S, PROFILE G), ISAPI, SDK<\/td>\n<\/tr>\n<tr>\n<th colspan=\"2\">S\u0105saja<\/th>\n<\/tr>\n<tr>\n<td class=\"td1\">Ry\u0161io s\u0105saja<\/td>\n<td>1 RJ45 10M \/ 100M Ethernet interface<\/td>\n<\/tr>\n<tr>\n<td class=\"td1\">Vaizdo i\u0161vestis<\/td>\n<td>1 HDMI Output<\/td>\n<\/tr>\n<tr>\n<td class=\"td1\">Vidin\u0117 atmintis<\/td>\n<td>Built-in Micro SD\/SDHC\/SDXC slot, up to 128 GB<\/td>\n<\/tr>\n<tr>\n<th colspan=\"2\">I\u0161manios funkcijos<\/th>\n<\/tr>\n<tr>\n<td class=\"td1\">Elgesio analizavimas<\/td>\n<td>Line crossing detection, Intrusion detection, Unattended baggage detection, Object removal detection<\/td>\n<\/tr>\n<tr>\n<td class=\"td1\">Nusp\u0117jimo aptikimas<\/td>\n<td>Scene change detection<\/td>\n<\/tr>\n<tr>\n<td class=\"td1\">Atpa\u017einimas<\/td>\n<td>Face Detection<\/td>\n<\/tr>\n<tr>\n<th colspan=\"2\">Pagrindin\u0117s savyb\u0117s<\/th>\n<\/tr>\n<tr>\n<td class=\"td1\">Maitinimas<\/td>\n<td>12 VDC \u00b1 25%, PoE (802.3af Class3)<\/td>\n<\/tr>\n<tr>\n<td class=\"td1\">Enegijos suvartojimas<\/td>\n<td>12 VDC, 0.6 A, max. 7 W; PoE (802.3af, 36 V to 57 V), 0.3 A to 0.2 A, max. 8. 5W<\/td>\n<\/tr>\n<tr>\n<td class=\"td1\">IR ap\u0161vietimas<\/td>\n<td>Up to 30m<\/td>\n<\/tr>\n<tr>\n<td class=\"td1\">I\u0161matavimai<\/td>\n<td>Camera: \u03a6 119 \u00d7 90 mm (\u03a6 4.7&#8243; \u00d7 3.5&#8243;)<\/td>\n<\/tr>\n<tr>\n<td class=\"td1\">Svoris<\/td>\n<td>Camera: Approx. 520 g (1.1 lb.)<br \/>\nWith package: Approx. 750 g (1.7 lb.)<\/td>\n<\/tr>\n<\/tbody>\n<\/table>\n","protected":false},"excerpt":{"rendered":"<ul>\n<li>8MP HDMI IP Dome kamera<\/li>\n<li>PoE<\/li>\n<li>HDMI i\u0161vestis<\/li>\n<li>2.8mm objektyvas<\/li>\n<li>H.265\/H.264\/MJPEG<\/li>\n<li>Iki 30m IR ap\u0161vietimas<\/li>\n<li>Powered by Darkfighter<\/li>\n<li>Vieta SD kortelei iki (iki 128GB)<\/li>\n<li>IK10<\/li>\n<\/ul>\n","protected":false},"featured_media":27368,"comment_status":"closed","ping_status":"closed","template":"","meta":[],"product_brand":[],"product_cat":[883,801,804],"product_tag":[],"class_list":{"0":"post-22984","1":"product","2":"type-product","3":"status-publish","4":"has-post-thumbnail","6":"product_cat-ip-cameras","7":"product_cat-ip-video-surveillance-systems","8":"product_cat-ip-dome-cameras","10":"first","11":"instock","12":"purchasable","13":"product-type-simple"},"yoast_head":"<!-- This site is optimized with the Yoast SEO Premium plugin v21.5 (Yoast SEO v27.3) - https:\/\/yoast.com\/product\/yoast-seo-premium-wordpress\/ -->\n<title>Hikvision dome DS-2CD2185G0-IMS F2.8<\/title>\n<meta name=\"description\" content=\"Hikvision dome DS-2CD2185G0-IMS F2.8 IP kamera ; HDMI i\u0161vestis ; Iki 30m IR ap\u0161vietimas ; Rai\u0161ka - 4MP ; Vieta SD kortelei iki (iki 128GB) ; Spalva - balta\" \/>\n<meta name=\"robots\" content=\"index, follow, max-snippet:-1, max-image-preview:large, max-video-preview:-1\" \/>\n<link rel=\"canonical\" href=\"https:\/\/eheating.lt\/en\/produktas\/hikvision-dome-ds-2cd2185g0-ims-f2-8\/\" \/>\n<meta property=\"og:locale\" content=\"en_US\" \/>\n<meta property=\"og:type\" content=\"article\" \/>\n<meta property=\"og:title\" content=\"Hikvision dome DS-2CD2185G0-IMS F2.8\" \/>\n<meta property=\"og:description\" content=\"Hikvision dome DS-2CD2185G0-IMS F2.8 IP kamera ; HDMI i\u0161vestis ; Iki 30m IR ap\u0161vietimas ; Rai\u0161ka - 4MP ; Vieta SD kortelei iki (iki 128GB) ; Spalva - balta\" \/>\n<meta property=\"og:url\" content=\"https:\/\/eheating.lt\/en\/produktas\/hikvision-dome-ds-2cd2185g0-ims-f2-8\/\" \/>\n<meta property=\"og:site_name\" content=\"Elektronika Namams\" \/>\n<meta property=\"article:publisher\" content=\"https:\/\/www.facebook.com\/ElektronikaNamams\" \/>\n<meta property=\"article:modified_time\" content=\"2024-10-18T14:08:59+00:00\" \/>\n<meta property=\"og:image\" content=\"https:\/\/eheating.lt\/wp-content\/uploads\/2023\/10\/Hikvision-dome-DS-2CD2185G0-IMS-F2.8.png\" \/>\n\t<meta property=\"og:image:width\" content=\"800\" \/>\n\t<meta property=\"og:image:height\" content=\"800\" \/>\n\t<meta property=\"og:image:type\" content=\"image\/png\" \/>\n<meta name=\"twitter:card\" content=\"summary_large_image\" \/>\n<meta name=\"twitter:label1\" content=\"Price\" \/>\n\t<meta name=\"twitter:data1\" content=\"400,67&nbsp;&euro;\" \/>\n\t<meta name=\"twitter:label2\" content=\"Availability\" \/>\n\t<meta name=\"twitter:data2\" content=\"In stock\" \/>\n<script type=\"application\/ld+json\" class=\"yoast-schema-graph\">{\"@context\":\"https:\\\/\\\/schema.org\",\"@graph\":[{\"@type\":\"WebPage\",\"@id\":\"https:\\\/\\\/eheating.lt\\\/en\\\/produktas\\\/hikvision-dome-ds-2cd2185g0-ims-f2-8\\\/\",\"url\":\"https:\\\/\\\/eheating.lt\\\/en\\\/produktas\\\/hikvision-dome-ds-2cd2185g0-ims-f2-8\\\/\",\"name\":\"Hikvision dome DS-2CD2185G0-IMS F2.8\",\"isPartOf\":{\"@id\":\"https:\\\/\\\/eheating.lt\\\/#website\"},\"primaryImageOfPage\":{\"@id\":\"https:\\\/\\\/eheating.lt\\\/en\\\/produktas\\\/hikvision-dome-ds-2cd2185g0-ims-f2-8\\\/#primaryimage\"},\"image\":{\"@id\":\"https:\\\/\\\/eheating.lt\\\/en\\\/produktas\\\/hikvision-dome-ds-2cd2185g0-ims-f2-8\\\/#primaryimage\"},\"thumbnailUrl\":\"https:\\\/\\\/eheating.lt\\\/wp-content\\\/uploads\\\/2023\\\/10\\\/Hikvision-dome-DS-2CD2185G0-IMS-F2.8.png\",\"datePublished\":\"2023-11-13T19:09:14+00:00\",\"dateModified\":\"2024-10-18T14:08:59+00:00\",\"description\":\"Hikvision dome DS-2CD2185G0-IMS F2.8 IP kamera ; HDMI i\u0161vestis ; Iki 30m IR ap\u0161vietimas ; Rai\u0161ka - 4MP ; Vieta SD kortelei iki (iki 128GB) ; Spalva - balta\",\"breadcrumb\":{\"@id\":\"https:\\\/\\\/eheating.lt\\\/en\\\/produktas\\\/hikvision-dome-ds-2cd2185g0-ims-f2-8\\\/#breadcrumb\"},\"inLanguage\":\"en-US\",\"potentialAction\":[{\"@type\":\"ReadAction\",\"target\":[\"https:\\\/\\\/eheating.lt\\\/en\\\/produktas\\\/hikvision-dome-ds-2cd2185g0-ims-f2-8\\\/\"]}]},{\"@type\":\"ImageObject\",\"inLanguage\":\"en-US\",\"@id\":\"https:\\\/\\\/eheating.lt\\\/en\\\/produktas\\\/hikvision-dome-ds-2cd2185g0-ims-f2-8\\\/#primaryimage\",\"url\":\"https:\\\/\\\/eheating.lt\\\/wp-content\\\/uploads\\\/2023\\\/10\\\/Hikvision-dome-DS-2CD2185G0-IMS-F2.8.png\",\"contentUrl\":\"https:\\\/\\\/eheating.lt\\\/wp-content\\\/uploads\\\/2023\\\/10\\\/Hikvision-dome-DS-2CD2185G0-IMS-F2.8.png\",\"width\":800,\"height\":800,\"caption\":\"Hikvision dome DS-2CD2185G0-IMS F2.8\"},{\"@type\":\"BreadcrumbList\",\"@id\":\"https:\\\/\\\/eheating.lt\\\/en\\\/produktas\\\/hikvision-dome-ds-2cd2185g0-ims-f2-8\\\/#breadcrumb\",\"itemListElement\":[{\"@type\":\"ListItem\",\"position\":1,\"name\":\"Prad\u017eia\",\"item\":\"https:\\\/\\\/eheating.lt\\\/en\\\/\"},{\"@type\":\"ListItem\",\"position\":2,\"name\":\"Shop\",\"item\":\"https:\\\/\\\/eheating.lt\\\/en\\\/?page_id=5734\"},{\"@type\":\"ListItem\",\"position\":3,\"name\":\"Hikvision dome DS-2CD2185G0-IMS F2.8\"}]},{\"@type\":\"WebSite\",\"@id\":\"https:\\\/\\\/eheating.lt\\\/#website\",\"url\":\"https:\\\/\\\/eheating.lt\\\/\",\"name\":\"eHeating\",\"description\":\"Elektronika ir \u0161ildymas\",\"potentialAction\":[{\"@type\":\"SearchAction\",\"target\":{\"@type\":\"EntryPoint\",\"urlTemplate\":\"https:\\\/\\\/eheating.lt\\\/?s={search_term_string}\"},\"query-input\":{\"@type\":\"PropertyValueSpecification\",\"valueRequired\":true,\"valueName\":\"search_term_string\"}}],\"inLanguage\":\"en-US\"}]}<\/script>\n<meta property=\"product:price:amount\" content=\"400.67\" \/>\n<meta property=\"product:price:currency\" content=\"EUR\" \/>\n<meta property=\"og:availability\" content=\"instock\" \/>\n<meta property=\"product:availability\" content=\"instock\" \/>\n<meta property=\"product:retailer_item_id\" content=\"1f0851b39c6d\" \/>\n<meta property=\"product:condition\" content=\"new\" \/>\n<!-- \/ Yoast SEO Premium plugin. -->","yoast_head_json":{"title":"Hikvision dome DS-2CD2185G0-IMS F2.8","description":"Hikvision dome DS-2CD2185G0-IMS F2.8 IP kamera ; HDMI i\u0161vestis ; Iki 30m IR ap\u0161vietimas ; Rai\u0161ka - 4MP ; Vieta SD kortelei iki (iki 128GB) ; Spalva - balta","robots":{"index":"index","follow":"follow","max-snippet":"max-snippet:-1","max-image-preview":"max-image-preview:large","max-video-preview":"max-video-preview:-1"},"canonical":"https:\/\/eheating.lt\/en\/produktas\/hikvision-dome-ds-2cd2185g0-ims-f2-8\/","og_locale":"en_US","og_type":"article","og_title":"Hikvision dome DS-2CD2185G0-IMS F2.8","og_description":"Hikvision dome DS-2CD2185G0-IMS F2.8 IP kamera ; HDMI i\u0161vestis ; Iki 30m IR ap\u0161vietimas ; Rai\u0161ka - 4MP ; Vieta SD kortelei iki (iki 128GB) ; Spalva - balta","og_url":"https:\/\/eheating.lt\/en\/produktas\/hikvision-dome-ds-2cd2185g0-ims-f2-8\/","og_site_name":"Elektronika Namams","article_publisher":"https:\/\/www.facebook.com\/ElektronikaNamams","article_modified_time":"2024-10-18T14:08:59+00:00","og_image":[{"width":800,"height":800,"url":"https:\/\/eheating.lt\/wp-content\/uploads\/2023\/10\/Hikvision-dome-DS-2CD2185G0-IMS-F2.8.png","type":"image\/png"}],"twitter_card":"summary_large_image","twitter_misc":{"Price":"400,67&nbsp;&euro;","Availability":"In stock"},"schema":{"@context":"https:\/\/schema.org","@graph":[{"@type":"WebPage","@id":"https:\/\/eheating.lt\/en\/produktas\/hikvision-dome-ds-2cd2185g0-ims-f2-8\/","url":"https:\/\/eheating.lt\/en\/produktas\/hikvision-dome-ds-2cd2185g0-ims-f2-8\/","name":"Hikvision dome DS-2CD2185G0-IMS F2.8","isPartOf":{"@id":"https:\/\/eheating.lt\/#website"},"primaryImageOfPage":{"@id":"https:\/\/eheating.lt\/en\/produktas\/hikvision-dome-ds-2cd2185g0-ims-f2-8\/#primaryimage"},"image":{"@id":"https:\/\/eheating.lt\/en\/produktas\/hikvision-dome-ds-2cd2185g0-ims-f2-8\/#primaryimage"},"thumbnailUrl":"https:\/\/eheating.lt\/wp-content\/uploads\/2023\/10\/Hikvision-dome-DS-2CD2185G0-IMS-F2.8.png","datePublished":"2023-11-13T19:09:14+00:00","dateModified":"2024-10-18T14:08:59+00:00","description":"Hikvision dome DS-2CD2185G0-IMS F2.8 IP kamera ; HDMI i\u0161vestis ; Iki 30m IR ap\u0161vietimas ; Rai\u0161ka - 4MP ; Vieta SD kortelei iki (iki 128GB) ; Spalva - balta","breadcrumb":{"@id":"https:\/\/eheating.lt\/en\/produktas\/hikvision-dome-ds-2cd2185g0-ims-f2-8\/#breadcrumb"},"inLanguage":"en-US","potentialAction":[{"@type":"ReadAction","target":["https:\/\/eheating.lt\/en\/produktas\/hikvision-dome-ds-2cd2185g0-ims-f2-8\/"]}]},{"@type":"ImageObject","inLanguage":"en-US","@id":"https:\/\/eheating.lt\/en\/produktas\/hikvision-dome-ds-2cd2185g0-ims-f2-8\/#primaryimage","url":"https:\/\/eheating.lt\/wp-content\/uploads\/2023\/10\/Hikvision-dome-DS-2CD2185G0-IMS-F2.8.png","contentUrl":"https:\/\/eheating.lt\/wp-content\/uploads\/2023\/10\/Hikvision-dome-DS-2CD2185G0-IMS-F2.8.png","width":800,"height":800,"caption":"Hikvision dome DS-2CD2185G0-IMS F2.8"},{"@type":"BreadcrumbList","@id":"https:\/\/eheating.lt\/en\/produktas\/hikvision-dome-ds-2cd2185g0-ims-f2-8\/#breadcrumb","itemListElement":[{"@type":"ListItem","position":1,"name":"Prad\u017eia","item":"https:\/\/eheating.lt\/en\/"},{"@type":"ListItem","position":2,"name":"Shop","item":"https:\/\/eheating.lt\/en\/?page_id=5734"},{"@type":"ListItem","position":3,"name":"Hikvision dome DS-2CD2185G0-IMS F2.8"}]},{"@type":"WebSite","@id":"https:\/\/eheating.lt\/#website","url":"https:\/\/eheating.lt\/","name":"eHeating","description":"Elektronika ir \u0161ildymas","potentialAction":[{"@type":"SearchAction","target":{"@type":"EntryPoint","urlTemplate":"https:\/\/eheating.lt\/?s={search_term_string}"},"query-input":{"@type":"PropertyValueSpecification","valueRequired":true,"valueName":"search_term_string"}}],"inLanguage":"en-US"}]},"product_price_amount":"400.67","product_price_currency":"EUR","og_availability":"instock","product_availability":"instock","product_retailer_item_id":"1f0851b39c6d","product_condition":"new"},"_links":{"self":[{"href":"https:\/\/eheating.lt\/en\/wp-json\/wp\/v2\/product\/22984","targetHints":{"allow":["GET"]}}],"collection":[{"href":"https:\/\/eheating.lt\/en\/wp-json\/wp\/v2\/product"}],"about":[{"href":"https:\/\/eheating.lt\/en\/wp-json\/wp\/v2\/types\/product"}],"replies":[{"embeddable":true,"href":"https:\/\/eheating.lt\/en\/wp-json\/wp\/v2\/comments?post=22984"}],"version-history":[{"count":0,"href":"https:\/\/eheating.lt\/en\/wp-json\/wp\/v2\/product\/22984\/revisions"}],"wp:featuredmedia":[{"embeddable":true,"href":"https:\/\/eheating.lt\/en\/wp-json\/wp\/v2\/media\/27368"}],"wp:attachment":[{"href":"https:\/\/eheating.lt\/en\/wp-json\/wp\/v2\/media?parent=22984"}],"wp:term":[{"taxonomy":"product_brand","embeddable":true,"href":"https:\/\/eheating.lt\/en\/wp-json\/wp\/v2\/product_brand?post=22984"},{"taxonomy":"product_cat","embeddable":true,"href":"https:\/\/eheating.lt\/en\/wp-json\/wp\/v2\/product_cat?post=22984"},{"taxonomy":"product_tag","embeddable":true,"href":"https:\/\/eheating.lt\/en\/wp-json\/wp\/v2\/product_tag?post=22984"}],"curies":[{"name":"wp","href":"https:\/\/api.w.org\/{rel}","templated":true}]}}