{"id":22982,"date":"2023-11-13T21:16:40","date_gmt":"2023-11-13T19:16:40","guid":{"rendered":"https:\/\/eheating.lt\/?post_type=product&#038;p=22982"},"modified":"2024-10-18T17:08:55","modified_gmt":"2024-10-18T14:08:55","slug":"hikvision-cube-ds-2cd2443g0-iw-f2-8-wifi","status":"publish","type":"product","link":"https:\/\/eheating.lt\/en\/produktas\/hikvision-cube-ds-2cd2443g0-iw-f2-8-wifi\/","title":{"rendered":"Hikvision cube DS-2CD2443G0-IW F2.8 WIFI"},"content":{"rendered":"<table>\n<tbody>\n<tr>\n<th colspan=\"2\">Kamera<\/th>\n<\/tr>\n<tr>\n<td class=\"td1\">Sensorius<\/td>\n<td>1\/3&#8243; Progressive Scan CMOS<\/td>\n<\/tr>\n<tr>\n<td class=\"td1\">Signalo sistema<\/td>\n<td>PAL\/NTSC<\/td>\n<\/tr>\n<tr>\n<td class=\"td1\">Min. ap\u0161vietimas<\/td>\n<td>Color: 0.01 Lux @ (F1.2, AGC ON), 0.018 lux @(F1.6, AGC ON), 0 lux with IR<\/td>\n<\/tr>\n<tr>\n<td class=\"td1\">U\u017erakto laikas<\/td>\n<td>1\/3 s to 1\/100,000 s<\/td>\n<\/tr>\n<tr>\n<td class=\"td1\">L\u0117tas u\u017eraktas<\/td>\n<td>Support<\/td>\n<\/tr>\n<tr>\n<td class=\"td1\">Objektyvas<\/td>\n<td>2.8 mm, horizontal FOV: 98\u00b0, vertical FOV: 55\u00b0, diagonal FOV: 114\u00b0<\/td>\n<\/tr>\n<tr>\n<td class=\"td1\">Objektyvo montavimas<\/td>\n<td>M12<\/td>\n<\/tr>\n<tr>\n<td class=\"td1\">Reguliavimas<\/td>\n<td>Pan: 0\u00b0 to 360\u00b0, tilt: 0\u00b0 to 90\u00b0, rotate: 0\u00b0 to 360\u00b0<\/td>\n<\/tr>\n<tr>\n<td class=\"td1\">Diena\/naktis<\/td>\n<td>IR Cut Filter<\/td>\n<\/tr>\n<tr>\n<td class=\"td1\">Platus dinaminis diapazonas<\/td>\n<td>120 dB<\/td>\n<\/tr>\n<tr>\n<td class=\"td1\">Skaitmeninis triuk\u0161mo slopinimas<\/td>\n<td>3D DNR<\/td>\n<\/tr>\n<tr>\n<td class=\"td1\">Fokusavimas<\/td>\n<td>Fixed<\/td>\n<\/tr>\n<tr>\n<th colspan=\"2\">Suspaudimo standartai<\/th>\n<\/tr>\n<tr>\n<td class=\"td1\">Vaizdo suspaudimas<\/td>\n<td>H.265+\/H.265\/H.264+\/H.264\/MJPEG<\/td>\n<\/tr>\n<tr>\n<td class=\"td1\">H.264 kodavimo profilis<\/td>\n<td>Main Profile\/High Profile<\/td>\n<\/tr>\n<tr>\n<td class=\"td1\">Vaizdo sparta<\/td>\n<td>256Kbps~16Mbps<\/td>\n<\/tr>\n<tr>\n<td class=\"td1\">Garso suspaudimas<\/td>\n<td>G.711\/G.722.1\/G.726\/MP2L2\/PCM<\/td>\n<\/tr>\n<tr>\n<td class=\"td1\">Garso sparta<\/td>\n<td>64Kbps(G.711)\/16Kbps(G.722.1)\/16Kbps(G.726)\/32-160Kbps(MP2L2)<\/td>\n<\/tr>\n<tr>\n<td class=\"td1\">Trigubas srautas<\/td>\n<td>Yes<\/td>\n<\/tr>\n<tr>\n<th colspan=\"2\">Vaizdas<\/th>\n<\/tr>\n<tr>\n<td class=\"td1\">Maks. vaizdo rai\u0161ka<\/td>\n<td>2688 \u00d7 1520<\/td>\n<\/tr>\n<tr>\n<td class=\"td1\">Antrinis srautas<\/td>\n<td>50Hz: 25fps (640 \u00d7 480, 640 \u00d7 360, 320 \u00d7 240)<br \/>\n60Hz: 30fps (640 \u00d7 480, 640 \u00d7 360, 320 \u00d7 240)<\/td>\n<\/tr>\n<tr>\n<td class=\"td1\">Kadrai per sek.<\/td>\n<td>50Hz: 25fps (2688 \u00d7 1520, 2560 \u00d7 1440, 2304 \u00d7 1296, 1920 \u00d7 1080)<br \/>\n60Hz: 30fps (2688 \u00d7 1520, 2560 \u00d7 1440, 2304 \u00d7 1296, 1920 \u00d7 1080)<\/td>\n<\/tr>\n<tr>\n<td class=\"td1\">Tre\u010dias srautas<\/td>\n<td>50Hz: 25fps (1280 \u00d7 720, 640 \u00d7 360, 352 \u00d7 288)<br \/>\n60Hz: 30fps (1280 \u00d7 720, 640 \u00d7 360, 352 \u00d7 240)<\/td>\n<\/tr>\n<tr>\n<td class=\"td1\">Foninio ap\u0161vietimo kompensavimas<\/td>\n<td>BLC\/3D DNR\/BLC<\/td>\n<\/tr>\n<tr>\n<td class=\"td1\">Vaizdo nustatymai<\/td>\n<td>Rotate Mode, Saturation, Brightness, Contrast, Sharpness adjustable by client software or web browser<\/td>\n<\/tr>\n<tr>\n<td class=\"td1\">ROI<\/td>\n<td>Support 1 fixed region for main stream and sub-stream separately<\/td>\n<\/tr>\n<tr>\n<td class=\"td1\">Dienos\/nakties perjungimas<\/td>\n<td>Day\/Night\/Auto\/Schedule\/Triggered by alarm in<\/td>\n<\/tr>\n<tr>\n<th colspan=\"2\">Tinklas<\/th>\n<\/tr>\n<tr>\n<td class=\"td1\">Tinklinis talpinimas<\/td>\n<td>microSD\/SDHC\/SDXC card (128G), local storage and NAS (NFS,SMB\/CIFS), ANR<\/td>\n<\/tr>\n<tr>\n<td class=\"td1\">Pavojaus signalo suk\u0117limas<\/td>\n<td>Motion detection, video tampering alarm, network disconnected, IP address conflict, illegal login, HDD full, HDD error<\/td>\n<\/tr>\n<tr>\n<td class=\"td1\">Protokolai<\/td>\n<td>TCP\/IP, ICMP, HTTP, HTTPS, FTP, DHCP, DNS, DDNS, RTP, RTSP, RTCP, PPPoE, NTP, UPnP\u2122, SMTP, SNMP, IGMP, QoS, IPv6<\/td>\n<\/tr>\n<tr>\n<td class=\"td1\">Pagrindin\u0117s savyb\u0117s<\/td>\n<td>One-key reset, Anti-Flicker, heartbeat, mirror, password protection, privacy<br \/>\nmask, Watermark, IP address filtering<\/td>\n<\/tr>\n<tr>\n<td class=\"td1\">Sistemos suderinamumas<\/td>\n<td>ONVIF (Profile S, Profile G), ISAPI<\/td>\n<\/tr>\n<tr>\n<th colspan=\"2\">S\u0105saja<\/th>\n<\/tr>\n<tr>\n<td class=\"td1\">Garsas<\/td>\n<td>1 built-in mic, 1 built-in speaker, mono sound<\/td>\n<\/tr>\n<tr>\n<td class=\"td1\">Ry\u0161io s\u0105saja<\/td>\n<td>1 RJ45 10M \/ 100M Ethernet interface<\/td>\n<\/tr>\n<tr>\n<td class=\"td1\">Vidin\u0117 atmintis<\/td>\n<td>Built-in Micro SD\/SDHC\/SDXC slot, up to 128 GB<\/td>\n<\/tr>\n<tr>\n<td class=\"td1\">Reset mygtukas<\/td>\n<td>Yes<\/td>\n<\/tr>\n<tr>\n<th colspan=\"2\">Garsas<\/th>\n<\/tr>\n<tr>\n<td class=\"td1\">Aplinkini\u0173 gars\u0173 filtravimas<\/td>\n<td>Support<\/td>\n<\/tr>\n<tr>\n<td class=\"td1\">Garso testavimo da\u017enis<\/td>\n<td>8 kHz\/16 kHz\/32 kHz\/44.1 kHZ\/48 kHz<\/td>\n<\/tr>\n<tr>\n<th colspan=\"2\">I\u0161manios funkcijos<\/th>\n<\/tr>\n<tr>\n<td class=\"td1\">Elgesio analizavimas<\/td>\n<td>Line crossing detection, intrusion detection<\/td>\n<\/tr>\n<tr>\n<td class=\"td1\">Linijos kirtimo aptikimas<\/td>\n<td>Cross a pre-defined virtual line<\/td>\n<\/tr>\n<tr>\n<td class=\"td1\">\u012esibrovimo aptikimas<\/td>\n<td>Enter and loiter in a pre-defined virtual region<\/td>\n<\/tr>\n<tr>\n<td class=\"td1\">Atpa\u017einimas<\/td>\n<td>Face Detection<\/td>\n<\/tr>\n<tr>\n<th colspan=\"2\">Wi-Fi specifikacija (-W)<\/th>\n<\/tr>\n<tr>\n<td class=\"td1\">Belaid\u017eio ry\u0161io standartai<\/td>\n<td>IEEE802.11b, 802.11g, 802.11n<\/td>\n<\/tr>\n<tr>\n<td class=\"td1\">Da\u017eni\u0173 diapazonas<\/td>\n<td>2.412 GHz to 2.4835 GHz<\/td>\n<\/tr>\n<tr>\n<td class=\"td1\">Kanalo bangos plotis<\/td>\n<td>20\/40MHz Support<\/td>\n<\/tr>\n<tr>\n<td class=\"td1\">Apsauga<\/td>\n<td>WPA, WPA2<\/td>\n<\/tr>\n<tr>\n<td class=\"td1\">Perdavimo sparta<\/td>\n<td>11b: 11Mbps<br \/>\n11g: 54Mbps<br \/>\n11n: up to 150Mbps<\/td>\n<\/tr>\n<tr>\n<td class=\"td1\">Belaidi\u017eio ry\u0161io diapazonas<\/td>\n<td>50m(depend on environment)<\/td>\n<\/tr>\n<tr>\n<td class=\"td1\">Protokolai<\/td>\n<td>802.11b: DQPSK, DBPSK, CCK<br \/>\n802.11g\/n: OFDM\/64-QAM, 16-QAM, QPSK, BPSK<\/td>\n<\/tr>\n<tr>\n<th colspan=\"2\">Pagrindin\u0117s savyb\u0117s<\/th>\n<\/tr>\n<tr>\n<td class=\"td1\">Veikimo s\u0105lygos<\/td>\n<td>-10 \u00b0C \u2013 40\u00b0C (14 \u00b0F \u2013 104 \u00b0F), Humidity 95% or less (non-condensing)<\/td>\n<\/tr>\n<tr>\n<td class=\"td1\">Maitinimas<\/td>\n<td>12 VDC \u00b1 25%, PoE (802.3af Class3)<\/td>\n<\/tr>\n<tr>\n<td class=\"td1\">Energijos suvartojimas<\/td>\n<td>12 VDC, 0.5 A, max. 6 W, \u03a6 5.5 mm coaxial plug power<br \/>\nPoE (802.3af, 36V to 57V), 0.2 A to 0.1 A, max. 7W<\/td>\n<\/tr>\n<tr>\n<td class=\"td1\">IR ap\u0161vietimas<\/td>\n<td>Up to 10m<\/td>\n<\/tr>\n<tr>\n<td class=\"td1\">PIR<\/td>\n<td>10m<\/td>\n<\/tr>\n<tr>\n<td class=\"td1\">I\u0161matavimai<\/td>\n<td>102.8 mm \u00d7 65.2 mm \u00d7 32.6 mm (4.1&#8243; \u00d7 2.6&#8243; \u00d7 1.3&#8243;)<\/td>\n<\/tr>\n<tr>\n<td class=\"td1\">Svoris<\/td>\n<td>Camera: Approx. 128 g (0.3 lb.)<\/td>\n<\/tr>\n<\/tbody>\n<\/table>\n","protected":false},"excerpt":{"rendered":"<ul>\n<li>4MP (MegaPixel) cube IP kamera<\/li>\n<li>Wi-Fi<\/li>\n<li>PoE<\/li>\n<li>2.8mm objektyvas<\/li>\n<li>Iki 10m IR pa\u0161vietimas<\/li>\n<li>PIR iki 10m<\/li>\n<li>Dvipusis audio<\/li>\n<li>Vieta SD kortelei (iki 128GB)<\/li>\n<li>Vidaus<\/li>\n<\/ul>\n","protected":false},"featured_media":27586,"comment_status":"closed","ping_status":"closed","template":"","meta":[],"product_brand":[],"product_cat":[805,883,801],"product_tag":[],"class_list":{"0":"post-22982","1":"product","2":"type-product","3":"status-publish","4":"has-post-thumbnail","6":"product_cat-ip-cube-cameras","7":"product_cat-ip-cameras","8":"product_cat-ip-video-surveillance-systems","10":"first","11":"onbackorder","12":"purchasable","13":"product-type-simple"},"yoast_head":"<!-- This site is optimized with the Yoast SEO Premium plugin v21.5 (Yoast SEO v27.3) - https:\/\/yoast.com\/product\/yoast-seo-premium-wordpress\/ -->\n<title>Hikvision cube DS-2CD2443G0-IW F2.8<\/title>\n<meta name=\"description\" content=\"Hikvision cube DS-2CD2443G0-IW F2.8 WIFI IP kamera ; Iki 10m IR pa\u0161vietimas ; Dvipusis audio ; Rai\u0161ka - 4MP ; Spalva - balta\" \/>\n<meta name=\"robots\" content=\"index, follow, max-snippet:-1, max-image-preview:large, max-video-preview:-1\" \/>\n<link rel=\"canonical\" href=\"https:\/\/eheating.lt\/produktas\/hikvision-cube-ds-2cd2443g0-iw-f2-8-wifi\/\" \/>\n<meta property=\"og:locale\" content=\"en_US\" \/>\n<meta property=\"og:type\" content=\"article\" \/>\n<meta property=\"og:title\" content=\"Hikvision cube DS-2CD2443G0-IW F2.8 WIFI\" \/>\n<meta property=\"og:description\" content=\"Hikvision cube DS-2CD2443G0-IW F2.8 WIFI IP kamera ; Iki 10m IR pa\u0161vietimas ; Dvipusis audio ; Rai\u0161ka - 4MP ; Spalva - balta\" \/>\n<meta property=\"og:url\" content=\"https:\/\/eheating.lt\/produktas\/hikvision-cube-ds-2cd2443g0-iw-f2-8-wifi\/\" \/>\n<meta property=\"og:site_name\" content=\"Elektronika Namams\" \/>\n<meta property=\"article:publisher\" content=\"https:\/\/www.facebook.com\/ElektronikaNamams\" \/>\n<meta property=\"article:modified_time\" content=\"2024-10-18T14:08:55+00:00\" \/>\n<meta property=\"og:image\" content=\"https:\/\/eheating.lt\/wp-content\/uploads\/2023\/10\/Hikvision-cube-DS-2CD2443G0-IW-F2.8-WIFI.png\" \/>\n\t<meta property=\"og:image:width\" content=\"800\" \/>\n\t<meta property=\"og:image:height\" content=\"800\" \/>\n\t<meta property=\"og:image:type\" content=\"image\/png\" \/>\n<meta name=\"twitter:card\" content=\"summary_large_image\" \/>\n<meta name=\"twitter:label1\" content=\"Price\" \/>\n\t<meta name=\"twitter:data1\" content=\"217,03&nbsp;&euro;\" \/>\n\t<meta name=\"twitter:label2\" content=\"Availability\" \/>\n\t<meta name=\"twitter:data2\" content=\"On backorder\" \/>\n<script type=\"application\/ld+json\" class=\"yoast-schema-graph\">{\"@context\":\"https:\\\/\\\/schema.org\",\"@graph\":[{\"@type\":\"WebPage\",\"@id\":\"https:\\\/\\\/eheating.lt\\\/produktas\\\/hikvision-cube-ds-2cd2443g0-iw-f2-8-wifi\\\/\",\"url\":\"https:\\\/\\\/eheating.lt\\\/produktas\\\/hikvision-cube-ds-2cd2443g0-iw-f2-8-wifi\\\/\",\"name\":\"Hikvision cube DS-2CD2443G0-IW F2.8\",\"isPartOf\":{\"@id\":\"https:\\\/\\\/eheating.lt\\\/#website\"},\"primaryImageOfPage\":{\"@id\":\"https:\\\/\\\/eheating.lt\\\/produktas\\\/hikvision-cube-ds-2cd2443g0-iw-f2-8-wifi\\\/#primaryimage\"},\"image\":{\"@id\":\"https:\\\/\\\/eheating.lt\\\/produktas\\\/hikvision-cube-ds-2cd2443g0-iw-f2-8-wifi\\\/#primaryimage\"},\"thumbnailUrl\":\"https:\\\/\\\/eheating.lt\\\/wp-content\\\/uploads\\\/2023\\\/10\\\/Hikvision-cube-DS-2CD2443G0-IW-F2.8-WIFI.png\",\"datePublished\":\"2023-11-13T19:16:40+00:00\",\"dateModified\":\"2024-10-18T14:08:55+00:00\",\"description\":\"Hikvision cube DS-2CD2443G0-IW F2.8 WIFI IP kamera ; Iki 10m IR pa\u0161vietimas ; Dvipusis audio ; Rai\u0161ka - 4MP ; Spalva - balta\",\"breadcrumb\":{\"@id\":\"https:\\\/\\\/eheating.lt\\\/produktas\\\/hikvision-cube-ds-2cd2443g0-iw-f2-8-wifi\\\/#breadcrumb\"},\"inLanguage\":\"en-US\",\"potentialAction\":[{\"@type\":\"ReadAction\",\"target\":[\"https:\\\/\\\/eheating.lt\\\/produktas\\\/hikvision-cube-ds-2cd2443g0-iw-f2-8-wifi\\\/\"]}]},{\"@type\":\"ImageObject\",\"inLanguage\":\"en-US\",\"@id\":\"https:\\\/\\\/eheating.lt\\\/produktas\\\/hikvision-cube-ds-2cd2443g0-iw-f2-8-wifi\\\/#primaryimage\",\"url\":\"https:\\\/\\\/eheating.lt\\\/wp-content\\\/uploads\\\/2023\\\/10\\\/Hikvision-cube-DS-2CD2443G0-IW-F2.8-WIFI.png\",\"contentUrl\":\"https:\\\/\\\/eheating.lt\\\/wp-content\\\/uploads\\\/2023\\\/10\\\/Hikvision-cube-DS-2CD2443G0-IW-F2.8-WIFI.png\",\"width\":800,\"height\":800,\"caption\":\"Hikvision cube DS-2CD2443G0-IW F2.8\"},{\"@type\":\"BreadcrumbList\",\"@id\":\"https:\\\/\\\/eheating.lt\\\/produktas\\\/hikvision-cube-ds-2cd2443g0-iw-f2-8-wifi\\\/#breadcrumb\",\"itemListElement\":[{\"@type\":\"ListItem\",\"position\":1,\"name\":\"Prad\u017eia\",\"item\":\"https:\\\/\\\/eheating.lt\\\/en\\\/\"},{\"@type\":\"ListItem\",\"position\":2,\"name\":\"Shop\",\"item\":\"https:\\\/\\\/eheating.lt\\\/en\\\/?page_id=5734\"},{\"@type\":\"ListItem\",\"position\":3,\"name\":\"Hikvision cube DS-2CD2443G0-IW F2.8 WIFI\"}]},{\"@type\":\"WebSite\",\"@id\":\"https:\\\/\\\/eheating.lt\\\/#website\",\"url\":\"https:\\\/\\\/eheating.lt\\\/\",\"name\":\"eHeating\",\"description\":\"Elektronika ir \u0161ildymas\",\"potentialAction\":[{\"@type\":\"SearchAction\",\"target\":{\"@type\":\"EntryPoint\",\"urlTemplate\":\"https:\\\/\\\/eheating.lt\\\/?s={search_term_string}\"},\"query-input\":{\"@type\":\"PropertyValueSpecification\",\"valueRequired\":true,\"valueName\":\"search_term_string\"}}],\"inLanguage\":\"en-US\"}]}<\/script>\n<meta property=\"product:price:amount\" content=\"217.03\" \/>\n<meta property=\"product:price:currency\" content=\"EUR\" \/>\n<meta property=\"og:availability\" content=\"backorder\" \/>\n<meta property=\"product:availability\" content=\"available for order\" \/>\n<meta property=\"product:retailer_item_id\" content=\"ae359e830a62\" \/>\n<meta property=\"product:condition\" content=\"new\" \/>\n<!-- \/ Yoast SEO Premium plugin. -->","yoast_head_json":{"title":"Hikvision cube DS-2CD2443G0-IW F2.8","description":"Hikvision cube DS-2CD2443G0-IW F2.8 WIFI IP kamera ; Iki 10m IR pa\u0161vietimas ; Dvipusis audio ; Rai\u0161ka - 4MP ; Spalva - balta","robots":{"index":"index","follow":"follow","max-snippet":"max-snippet:-1","max-image-preview":"max-image-preview:large","max-video-preview":"max-video-preview:-1"},"canonical":"https:\/\/eheating.lt\/produktas\/hikvision-cube-ds-2cd2443g0-iw-f2-8-wifi\/","og_locale":"en_US","og_type":"article","og_title":"Hikvision cube DS-2CD2443G0-IW F2.8 WIFI","og_description":"Hikvision cube DS-2CD2443G0-IW F2.8 WIFI IP kamera ; Iki 10m IR pa\u0161vietimas ; Dvipusis audio ; Rai\u0161ka - 4MP ; Spalva - balta","og_url":"https:\/\/eheating.lt\/produktas\/hikvision-cube-ds-2cd2443g0-iw-f2-8-wifi\/","og_site_name":"Elektronika Namams","article_publisher":"https:\/\/www.facebook.com\/ElektronikaNamams","article_modified_time":"2024-10-18T14:08:55+00:00","og_image":[{"width":800,"height":800,"url":"https:\/\/eheating.lt\/wp-content\/uploads\/2023\/10\/Hikvision-cube-DS-2CD2443G0-IW-F2.8-WIFI.png","type":"image\/png"}],"twitter_card":"summary_large_image","twitter_misc":{"Price":"217,03&nbsp;&euro;","Availability":"On backorder"},"schema":{"@context":"https:\/\/schema.org","@graph":[{"@type":"WebPage","@id":"https:\/\/eheating.lt\/produktas\/hikvision-cube-ds-2cd2443g0-iw-f2-8-wifi\/","url":"https:\/\/eheating.lt\/produktas\/hikvision-cube-ds-2cd2443g0-iw-f2-8-wifi\/","name":"Hikvision cube DS-2CD2443G0-IW F2.8","isPartOf":{"@id":"https:\/\/eheating.lt\/#website"},"primaryImageOfPage":{"@id":"https:\/\/eheating.lt\/produktas\/hikvision-cube-ds-2cd2443g0-iw-f2-8-wifi\/#primaryimage"},"image":{"@id":"https:\/\/eheating.lt\/produktas\/hikvision-cube-ds-2cd2443g0-iw-f2-8-wifi\/#primaryimage"},"thumbnailUrl":"https:\/\/eheating.lt\/wp-content\/uploads\/2023\/10\/Hikvision-cube-DS-2CD2443G0-IW-F2.8-WIFI.png","datePublished":"2023-11-13T19:16:40+00:00","dateModified":"2024-10-18T14:08:55+00:00","description":"Hikvision cube DS-2CD2443G0-IW F2.8 WIFI IP kamera ; Iki 10m IR pa\u0161vietimas ; Dvipusis audio ; Rai\u0161ka - 4MP ; Spalva - balta","breadcrumb":{"@id":"https:\/\/eheating.lt\/produktas\/hikvision-cube-ds-2cd2443g0-iw-f2-8-wifi\/#breadcrumb"},"inLanguage":"en-US","potentialAction":[{"@type":"ReadAction","target":["https:\/\/eheating.lt\/produktas\/hikvision-cube-ds-2cd2443g0-iw-f2-8-wifi\/"]}]},{"@type":"ImageObject","inLanguage":"en-US","@id":"https:\/\/eheating.lt\/produktas\/hikvision-cube-ds-2cd2443g0-iw-f2-8-wifi\/#primaryimage","url":"https:\/\/eheating.lt\/wp-content\/uploads\/2023\/10\/Hikvision-cube-DS-2CD2443G0-IW-F2.8-WIFI.png","contentUrl":"https:\/\/eheating.lt\/wp-content\/uploads\/2023\/10\/Hikvision-cube-DS-2CD2443G0-IW-F2.8-WIFI.png","width":800,"height":800,"caption":"Hikvision cube DS-2CD2443G0-IW F2.8"},{"@type":"BreadcrumbList","@id":"https:\/\/eheating.lt\/produktas\/hikvision-cube-ds-2cd2443g0-iw-f2-8-wifi\/#breadcrumb","itemListElement":[{"@type":"ListItem","position":1,"name":"Prad\u017eia","item":"https:\/\/eheating.lt\/en\/"},{"@type":"ListItem","position":2,"name":"Shop","item":"https:\/\/eheating.lt\/en\/?page_id=5734"},{"@type":"ListItem","position":3,"name":"Hikvision cube DS-2CD2443G0-IW F2.8 WIFI"}]},{"@type":"WebSite","@id":"https:\/\/eheating.lt\/#website","url":"https:\/\/eheating.lt\/","name":"eHeating","description":"Elektronika ir \u0161ildymas","potentialAction":[{"@type":"SearchAction","target":{"@type":"EntryPoint","urlTemplate":"https:\/\/eheating.lt\/?s={search_term_string}"},"query-input":{"@type":"PropertyValueSpecification","valueRequired":true,"valueName":"search_term_string"}}],"inLanguage":"en-US"}]},"product_price_amount":"217.03","product_price_currency":"EUR","og_availability":"backorder","product_availability":"available for order","product_retailer_item_id":"ae359e830a62","product_condition":"new"},"_links":{"self":[{"href":"https:\/\/eheating.lt\/en\/wp-json\/wp\/v2\/product\/22982","targetHints":{"allow":["GET"]}}],"collection":[{"href":"https:\/\/eheating.lt\/en\/wp-json\/wp\/v2\/product"}],"about":[{"href":"https:\/\/eheating.lt\/en\/wp-json\/wp\/v2\/types\/product"}],"replies":[{"embeddable":true,"href":"https:\/\/eheating.lt\/en\/wp-json\/wp\/v2\/comments?post=22982"}],"version-history":[{"count":0,"href":"https:\/\/eheating.lt\/en\/wp-json\/wp\/v2\/product\/22982\/revisions"}],"wp:featuredmedia":[{"embeddable":true,"href":"https:\/\/eheating.lt\/en\/wp-json\/wp\/v2\/media\/27586"}],"wp:attachment":[{"href":"https:\/\/eheating.lt\/en\/wp-json\/wp\/v2\/media?parent=22982"}],"wp:term":[{"taxonomy":"product_brand","embeddable":true,"href":"https:\/\/eheating.lt\/en\/wp-json\/wp\/v2\/product_brand?post=22982"},{"taxonomy":"product_cat","embeddable":true,"href":"https:\/\/eheating.lt\/en\/wp-json\/wp\/v2\/product_cat?post=22982"},{"taxonomy":"product_tag","embeddable":true,"href":"https:\/\/eheating.lt\/en\/wp-json\/wp\/v2\/product_tag?post=22982"}],"curies":[{"name":"wp","href":"https:\/\/api.w.org\/{rel}","templated":true}]}}