{"id":22778,"date":"2023-12-31T18:51:38","date_gmt":"2023-12-31T16:51:38","guid":{"rendered":"https:\/\/eheating.lt\/?post_type=product&#038;p=22778"},"modified":"2024-10-18T17:07:21","modified_gmt":"2024-10-18T14:07:21","slug":"belaidis-lauko-judesio-detektorius-paradox-pmd85","status":"publish","type":"product","link":"https:\/\/eheating.lt\/en\/produktas\/belaidis-lauko-judesio-detektorius-paradox-pmd85\/","title":{"rendered":"Belaidis lauko judesio detektorius PARADOX PMD85"},"content":{"rendered":"<hr \/>\n<ul>\n<li><span style=\"font-size: 16px;\">Nereaguoja \u012f naminius gyv\u016bnus, sverian\u010dius ma\u017eiau nei 40kg<\/span><\/li>\n<li><span style=\"font-size: 16px;\">Dviguba optika (2 sensoriai viename korpuse)<\/span><\/li>\n<li><span style=\"font-size: 16px;\">Darbin\u0117 temperat\u016bra nuo -35\u00b0C iki +50\u00b0C<\/span><\/li>\n<li><span style=\"font-size: 16px;\">\u201cDigital Dual Opposed Detection\u201d skaitmeninis detektavimas dviej\u0173 prie\u0161ing\u0173 element\u0173 technologijos pagalba<\/span><\/li>\n<li><span style=\"font-size: 16px;\">Patentuotas \u201cDigital Motion Detection\u201d skaitmeninis judesio detektavimas<\/span><\/li>\n<li><span style=\"font-size: 16px;\">Patentuotas \u201cAuto Pulse\u201d automatinis impulsinio signalo apdorojimas<\/span><\/li>\n<li><span style=\"font-size: 16px;\">\u201cDigital Shield\u201d skaitmenin\u0117 apsaugos algoritmo programa bei galimyb\u0117 reguliuoti detektoriaus jautrum\u0105<\/span><\/li>\n<li><span style=\"font-size: 16px;\">Single \/ Dual Edge Processing apdorojimas<\/span><\/li>\n<li><span style=\"font-size: 16px;\">Automatinis temperat\u016bros kompensavimas<\/span><\/li>\n<li><span style=\"font-size: 16px;\">Realaus laiko programin\u0117 \u012franga<\/span><\/li>\n<li><span style=\"font-size: 16px;\">Veikimo nuotolis tipin\u0117se gyvenamosiose patalpose:\u00a030 m. su MG-6060 centrale,\u00a060 m. su MG-RCV3 imtuvu<\/span><\/li>\n<li><span style=\"font-size: 16px;\">Maitinamas trimis \u201cAAA\u201d tipo baterijomis<\/span><\/li>\n<li><span style=\"font-size: 16px;\">I\u0161sikrovusios baterijos ir signalo stiprumo kontrol\u0117<\/span><\/li>\n<li><span style=\"font-size: 16px;\">3 minu\u010di\u0173 trukm\u0117s energijos taupymo re\u017eimas po dviej\u0173 u\u017efiksuot\u0173 \u012fvyki\u0173<\/span><\/li>\n<li><span style=\"font-size: 16px;\">Sabota\u017eo jutiklis<\/span><\/li>\n<li><span style=\"font-size: 16px;\">11 X 11m ir 90\u00b0 judesio detektavimo laukas<\/span><\/li>\n<\/ul>\n","protected":false},"excerpt":{"rendered":"<ul>\n<li>Bevielis judesio jutiklis lauko s\u0105lygoms, neraguojantis \u012f gyv\u016bnus su mechaniniui ir atmosferiniam poveikiui atspariu korpusu<\/li>\n<li>\u0160io daviklio linz\u0117 papildomai apsaugota nuo ultravioletini\u0173 spinduli\u0173 poveikio<\/li>\n<\/ul>\n","protected":false},"featured_media":31247,"comment_status":"closed","ping_status":"closed","template":"","meta":[],"product_brand":[],"product_cat":[279,731,749,747],"product_tag":[975],"class_list":{"0":"post-22778","1":"product","2":"type-product","3":"status-publish","4":"has-post-thumbnail","6":"product_cat-apsaugos-sistemos","7":"product_cat-belaides-apsaugos-sistemos","8":"product_cat-paradox-belaidziai-davikliai","9":"product_cat-paradox-belaides-apsaugos-sistemos","10":"product_tag-ean-en","12":"first","13":"instock","14":"purchasable","15":"product-type-simple"},"yoast_head":"<!-- This site is optimized with the Yoast SEO Premium plugin v21.5 (Yoast SEO v27.5) - https:\/\/yoast.com\/product\/yoast-seo-premium-wordpress\/ -->\n<title>Belaidis lauko judesio detektorius PARADOX PMD85<\/title>\n<meta name=\"description\" content=\"Paradox PMD85 belaidis lauko judesio detektorius ; Bevielis judesio jutiklis lauko s\u0105lygoms, neraguojantis \u012f gyv\u016bnus ; linz\u0117 apsaugota nuo UV spinduli\u0173\" \/>\n<meta name=\"robots\" content=\"index, follow, max-snippet:-1, max-image-preview:large, max-video-preview:-1\" \/>\n<link rel=\"canonical\" href=\"https:\/\/eheating.lt\/produktas\/belaidis-lauko-judesio-detektorius-paradox-pmd85\/\" \/>\n<meta property=\"og:locale\" content=\"en_US\" \/>\n<meta property=\"og:type\" content=\"article\" \/>\n<meta property=\"og:title\" content=\"Belaidis lauko judesio detektorius PARADOX PMD85\" \/>\n<meta property=\"og:description\" content=\"Paradox PMD85 belaidis lauko judesio detektorius ; Bevielis judesio jutiklis lauko s\u0105lygoms, neraguojantis \u012f gyv\u016bnus ; linz\u0117 apsaugota nuo UV spinduli\u0173\" \/>\n<meta property=\"og:url\" content=\"https:\/\/eheating.lt\/produktas\/belaidis-lauko-judesio-detektorius-paradox-pmd85\/\" \/>\n<meta property=\"og:site_name\" content=\"Elektronika Namams\" \/>\n<meta property=\"article:publisher\" content=\"https:\/\/www.facebook.com\/ElektronikaNamams\" \/>\n<meta property=\"article:modified_time\" content=\"2024-10-18T14:07:21+00:00\" \/>\n<meta property=\"og:image\" content=\"https:\/\/eheating.lt\/wp-content\/uploads\/2023\/10\/Belaidis-lauko-judesio-detektorius-PARADOX-PMD85.png\" \/>\n\t<meta property=\"og:image:width\" content=\"800\" \/>\n\t<meta property=\"og:image:height\" content=\"800\" \/>\n\t<meta property=\"og:image:type\" content=\"image\/png\" \/>\n<meta name=\"twitter:card\" content=\"summary_large_image\" \/>\n<meta name=\"twitter:label1\" content=\"Price\" \/>\n\t<meta name=\"twitter:data1\" content=\"106,00&nbsp;&euro;\" \/>\n\t<meta name=\"twitter:label2\" content=\"Availability\" \/>\n\t<meta name=\"twitter:data2\" content=\"In stock\" \/>\n<script type=\"application\/ld+json\" class=\"yoast-schema-graph\">{\"@context\":\"https:\\\/\\\/schema.org\",\"@graph\":[{\"@type\":\"WebPage\",\"@id\":\"https:\\\/\\\/eheating.lt\\\/produktas\\\/belaidis-lauko-judesio-detektorius-paradox-pmd85\\\/\",\"url\":\"https:\\\/\\\/eheating.lt\\\/produktas\\\/belaidis-lauko-judesio-detektorius-paradox-pmd85\\\/\",\"name\":\"Belaidis lauko judesio detektorius PARADOX PMD85\",\"isPartOf\":{\"@id\":\"https:\\\/\\\/eheating.lt\\\/#website\"},\"primaryImageOfPage\":{\"@id\":\"https:\\\/\\\/eheating.lt\\\/produktas\\\/belaidis-lauko-judesio-detektorius-paradox-pmd85\\\/#primaryimage\"},\"image\":{\"@id\":\"https:\\\/\\\/eheating.lt\\\/produktas\\\/belaidis-lauko-judesio-detektorius-paradox-pmd85\\\/#primaryimage\"},\"thumbnailUrl\":\"https:\\\/\\\/eheating.lt\\\/wp-content\\\/uploads\\\/2023\\\/10\\\/Belaidis-lauko-judesio-detektorius-PARADOX-PMD85.png\",\"datePublished\":\"2023-12-31T16:51:38+00:00\",\"dateModified\":\"2024-10-18T14:07:21+00:00\",\"description\":\"Paradox PMD85 belaidis lauko judesio detektorius ; Bevielis judesio jutiklis lauko s\u0105lygoms, neraguojantis \u012f gyv\u016bnus ; linz\u0117 apsaugota nuo UV spinduli\u0173\",\"breadcrumb\":{\"@id\":\"https:\\\/\\\/eheating.lt\\\/produktas\\\/belaidis-lauko-judesio-detektorius-paradox-pmd85\\\/#breadcrumb\"},\"inLanguage\":\"en-US\",\"potentialAction\":[{\"@type\":\"ReadAction\",\"target\":[\"https:\\\/\\\/eheating.lt\\\/produktas\\\/belaidis-lauko-judesio-detektorius-paradox-pmd85\\\/\"]}]},{\"@type\":\"ImageObject\",\"inLanguage\":\"en-US\",\"@id\":\"https:\\\/\\\/eheating.lt\\\/produktas\\\/belaidis-lauko-judesio-detektorius-paradox-pmd85\\\/#primaryimage\",\"url\":\"https:\\\/\\\/eheating.lt\\\/wp-content\\\/uploads\\\/2023\\\/10\\\/Belaidis-lauko-judesio-detektorius-PARADOX-PMD85.png\",\"contentUrl\":\"https:\\\/\\\/eheating.lt\\\/wp-content\\\/uploads\\\/2023\\\/10\\\/Belaidis-lauko-judesio-detektorius-PARADOX-PMD85.png\",\"width\":800,\"height\":800,\"caption\":\"Belaidis lauko judesio detektorius PARADOX PMD85\"},{\"@type\":\"BreadcrumbList\",\"@id\":\"https:\\\/\\\/eheating.lt\\\/produktas\\\/belaidis-lauko-judesio-detektorius-paradox-pmd85\\\/#breadcrumb\",\"itemListElement\":[{\"@type\":\"ListItem\",\"position\":1,\"name\":\"Prad\u017eia\",\"item\":\"https:\\\/\\\/eheating.lt\\\/en\\\/\"},{\"@type\":\"ListItem\",\"position\":2,\"name\":\"Shop\",\"item\":\"https:\\\/\\\/eheating.lt\\\/en\\\/?page_id=5734\"},{\"@type\":\"ListItem\",\"position\":3,\"name\":\"Belaidis lauko judesio detektorius PARADOX PMD85\"}]},{\"@type\":\"WebSite\",\"@id\":\"https:\\\/\\\/eheating.lt\\\/#website\",\"url\":\"https:\\\/\\\/eheating.lt\\\/\",\"name\":\"eHeating\",\"description\":\"Elektronika ir \u0161ildymas\",\"potentialAction\":[{\"@type\":\"SearchAction\",\"target\":{\"@type\":\"EntryPoint\",\"urlTemplate\":\"https:\\\/\\\/eheating.lt\\\/?s={search_term_string}\"},\"query-input\":{\"@type\":\"PropertyValueSpecification\",\"valueRequired\":true,\"valueName\":\"search_term_string\"}}],\"inLanguage\":\"en-US\"}]}<\/script>\n<meta property=\"product:price:amount\" content=\"106.00\" \/>\n<meta property=\"product:price:currency\" content=\"EUR\" \/>\n<meta property=\"og:availability\" content=\"instock\" \/>\n<meta property=\"product:availability\" content=\"instock\" \/>\n<meta property=\"product:retailer_item_id\" content=\"81ac13b0f1d4\" \/>\n<meta property=\"product:condition\" content=\"new\" \/>\n<!-- \/ Yoast SEO Premium plugin. -->","yoast_head_json":{"title":"Belaidis lauko judesio detektorius PARADOX PMD85","description":"Paradox PMD85 belaidis lauko judesio detektorius ; Bevielis judesio jutiklis lauko s\u0105lygoms, neraguojantis \u012f gyv\u016bnus ; linz\u0117 apsaugota nuo UV spinduli\u0173","robots":{"index":"index","follow":"follow","max-snippet":"max-snippet:-1","max-image-preview":"max-image-preview:large","max-video-preview":"max-video-preview:-1"},"canonical":"https:\/\/eheating.lt\/produktas\/belaidis-lauko-judesio-detektorius-paradox-pmd85\/","og_locale":"en_US","og_type":"article","og_title":"Belaidis lauko judesio detektorius PARADOX PMD85","og_description":"Paradox PMD85 belaidis lauko judesio detektorius ; Bevielis judesio jutiklis lauko s\u0105lygoms, neraguojantis \u012f gyv\u016bnus ; linz\u0117 apsaugota nuo UV spinduli\u0173","og_url":"https:\/\/eheating.lt\/produktas\/belaidis-lauko-judesio-detektorius-paradox-pmd85\/","og_site_name":"Elektronika Namams","article_publisher":"https:\/\/www.facebook.com\/ElektronikaNamams","article_modified_time":"2024-10-18T14:07:21+00:00","og_image":[{"width":800,"height":800,"url":"https:\/\/eheating.lt\/wp-content\/uploads\/2023\/10\/Belaidis-lauko-judesio-detektorius-PARADOX-PMD85.png","type":"image\/png"}],"twitter_card":"summary_large_image","twitter_misc":{"Price":"106,00&nbsp;&euro;","Availability":"In stock"},"schema":{"@context":"https:\/\/schema.org","@graph":[{"@type":"WebPage","@id":"https:\/\/eheating.lt\/produktas\/belaidis-lauko-judesio-detektorius-paradox-pmd85\/","url":"https:\/\/eheating.lt\/produktas\/belaidis-lauko-judesio-detektorius-paradox-pmd85\/","name":"Belaidis lauko judesio detektorius PARADOX PMD85","isPartOf":{"@id":"https:\/\/eheating.lt\/#website"},"primaryImageOfPage":{"@id":"https:\/\/eheating.lt\/produktas\/belaidis-lauko-judesio-detektorius-paradox-pmd85\/#primaryimage"},"image":{"@id":"https:\/\/eheating.lt\/produktas\/belaidis-lauko-judesio-detektorius-paradox-pmd85\/#primaryimage"},"thumbnailUrl":"https:\/\/eheating.lt\/wp-content\/uploads\/2023\/10\/Belaidis-lauko-judesio-detektorius-PARADOX-PMD85.png","datePublished":"2023-12-31T16:51:38+00:00","dateModified":"2024-10-18T14:07:21+00:00","description":"Paradox PMD85 belaidis lauko judesio detektorius ; Bevielis judesio jutiklis lauko s\u0105lygoms, neraguojantis \u012f gyv\u016bnus ; linz\u0117 apsaugota nuo UV spinduli\u0173","breadcrumb":{"@id":"https:\/\/eheating.lt\/produktas\/belaidis-lauko-judesio-detektorius-paradox-pmd85\/#breadcrumb"},"inLanguage":"en-US","potentialAction":[{"@type":"ReadAction","target":["https:\/\/eheating.lt\/produktas\/belaidis-lauko-judesio-detektorius-paradox-pmd85\/"]}]},{"@type":"ImageObject","inLanguage":"en-US","@id":"https:\/\/eheating.lt\/produktas\/belaidis-lauko-judesio-detektorius-paradox-pmd85\/#primaryimage","url":"https:\/\/eheating.lt\/wp-content\/uploads\/2023\/10\/Belaidis-lauko-judesio-detektorius-PARADOX-PMD85.png","contentUrl":"https:\/\/eheating.lt\/wp-content\/uploads\/2023\/10\/Belaidis-lauko-judesio-detektorius-PARADOX-PMD85.png","width":800,"height":800,"caption":"Belaidis lauko judesio detektorius PARADOX PMD85"},{"@type":"BreadcrumbList","@id":"https:\/\/eheating.lt\/produktas\/belaidis-lauko-judesio-detektorius-paradox-pmd85\/#breadcrumb","itemListElement":[{"@type":"ListItem","position":1,"name":"Prad\u017eia","item":"https:\/\/eheating.lt\/en\/"},{"@type":"ListItem","position":2,"name":"Shop","item":"https:\/\/eheating.lt\/en\/?page_id=5734"},{"@type":"ListItem","position":3,"name":"Belaidis lauko judesio detektorius PARADOX PMD85"}]},{"@type":"WebSite","@id":"https:\/\/eheating.lt\/#website","url":"https:\/\/eheating.lt\/","name":"eHeating","description":"Elektronika ir \u0161ildymas","potentialAction":[{"@type":"SearchAction","target":{"@type":"EntryPoint","urlTemplate":"https:\/\/eheating.lt\/?s={search_term_string}"},"query-input":{"@type":"PropertyValueSpecification","valueRequired":true,"valueName":"search_term_string"}}],"inLanguage":"en-US"}]},"product_price_amount":"106.00","product_price_currency":"EUR","og_availability":"instock","product_availability":"instock","product_retailer_item_id":"81ac13b0f1d4","product_condition":"new"},"_links":{"self":[{"href":"https:\/\/eheating.lt\/en\/wp-json\/wp\/v2\/product\/22778","targetHints":{"allow":["GET"]}}],"collection":[{"href":"https:\/\/eheating.lt\/en\/wp-json\/wp\/v2\/product"}],"about":[{"href":"https:\/\/eheating.lt\/en\/wp-json\/wp\/v2\/types\/product"}],"replies":[{"embeddable":true,"href":"https:\/\/eheating.lt\/en\/wp-json\/wp\/v2\/comments?post=22778"}],"version-history":[{"count":0,"href":"https:\/\/eheating.lt\/en\/wp-json\/wp\/v2\/product\/22778\/revisions"}],"wp:featuredmedia":[{"embeddable":true,"href":"https:\/\/eheating.lt\/en\/wp-json\/wp\/v2\/media\/31247"}],"wp:attachment":[{"href":"https:\/\/eheating.lt\/en\/wp-json\/wp\/v2\/media?parent=22778"}],"wp:term":[{"taxonomy":"product_brand","embeddable":true,"href":"https:\/\/eheating.lt\/en\/wp-json\/wp\/v2\/product_brand?post=22778"},{"taxonomy":"product_cat","embeddable":true,"href":"https:\/\/eheating.lt\/en\/wp-json\/wp\/v2\/product_cat?post=22778"},{"taxonomy":"product_tag","embeddable":true,"href":"https:\/\/eheating.lt\/en\/wp-json\/wp\/v2\/product_tag?post=22778"}],"curies":[{"name":"wp","href":"https:\/\/api.w.org\/{rel}","templated":true}]}}