{"id":22678,"date":"2023-11-17T23:45:19","date_gmt":"2023-11-17T21:45:19","guid":{"rendered":"https:\/\/eheating.lt\/?post_type=product&#038;p=22678"},"modified":"2024-10-18T17:05:50","modified_gmt":"2024-10-18T14:05:50","slug":"hikvision-ds-2ae4225ti-d","status":"publish","type":"product","link":"https:\/\/eheating.lt\/en\/produktas\/hikvision-ds-2ae4225ti-d\/","title":{"rendered":"Hikvision DS-2AE4225TI-D"},"content":{"rendered":"<table>\n<tbody>\n<tr>\n<td colspan=\"2\">Camera<\/td>\n<\/tr>\n<tr>\n<td>Model<\/td>\n<td>DS-2AE4225TI-D<\/td>\n<\/tr>\n<tr>\n<td>Image Sensor<\/td>\n<td>1\/2.8&#8243; progressive scan CMOS<\/td>\n<\/tr>\n<tr>\n<td>Max. Image Resolution<\/td>\n<td>1920 \u00d7 1080<\/td>\n<\/tr>\n<tr>\n<td>Frame Rate<\/td>\n<td>50Hz: 25fps @(1920 \u00d7 1080)<\/p>\n<p>60Hz: 30fps @(1920 \u00d7 1080)<\/td>\n<\/tr>\n<tr>\n<td>Min. Illumination<\/td>\n<td>Color: 0.005 Lux @(F1.6, AGC ON) B\/W: 0.001 Lux @(F1.6, AGC ON)<\/p>\n<p>0 lux with IR<\/td>\n<\/tr>\n<tr>\n<td>Digital Zoom<\/td>\n<td>16\u00d7<\/td>\n<\/tr>\n<tr>\n<td>White Balance<\/td>\n<td>AUTO\/MANUAL\/HAUTO\/ATW\/INDOOR\/OUTDOOR<\/td>\n<\/tr>\n<tr>\n<td>AGC<\/td>\n<td>AUTO\/MANUAL<\/td>\n<\/tr>\n<tr>\n<td>DNR<\/td>\n<td>3D DNR<\/td>\n<\/tr>\n<tr>\n<td>WDR<\/td>\n<td>\u2265 120 dB<\/td>\n<\/tr>\n<tr>\n<td>Shutter Time<\/td>\n<td>PAL: 1\/1 s to 1\/10,000 s<\/p>\n<p>NTSC: 1\/1 s to 1\/10,000 s<\/td>\n<\/tr>\n<tr>\n<td>Day &amp; Night<\/td>\n<td>IR cut filter<\/td>\n<\/tr>\n<tr>\n<td>Privacy Mask<\/td>\n<td>8 programmable privacy masks<\/td>\n<\/tr>\n<tr>\n<td colspan=\"2\" bgcolor=\"#BEBEBE\">Lens<\/td>\n<\/tr>\n<tr>\n<td>Focus Mode<\/td>\n<td>Auto\/Semiauto\/Manual<\/td>\n<\/tr>\n<tr>\n<td>Focal Length<\/td>\n<td>4.8 mm to 120 mm, 25\u00d7 Optical<\/td>\n<\/tr>\n<tr>\n<td>Aperture Range<\/td>\n<td>F 1.6 to F 3.5<\/td>\n<\/tr>\n<tr>\n<td>Horizontal Field of View<\/td>\n<td>57.6\u00b0 to 2.5\u00b0 (wide-tele)<\/td>\n<\/tr>\n<tr>\n<td>Min. Working Distance<\/td>\n<td>10 mm to 1500 mm (wide to tele)<\/td>\n<\/tr>\n<tr>\n<td>Zoom Speed<\/td>\n<td>Approx. 3.2 s (optical, wide to tele)<\/td>\n<\/tr>\n<tr>\n<td colspan=\"2\" bgcolor=\"#BEBEBE\">Pan and Tilt<\/td>\n<\/tr>\n<tr>\n<td>Pan Range<\/td>\n<td>360\u00b0 endless<\/td>\n<\/tr>\n<tr>\n<td>Pan Speed<\/td>\n<td>Pan manual speed: 0.1\u00b0 to 80\u00b0\/s<\/p>\n<p>Pan preset speed: 80\u00b0\/s<\/td>\n<\/tr>\n<tr>\n<td>Tilt Range<\/td>\n<td>-15\u00b0 to 90\u00b0 (auto flip)<\/td>\n<\/tr>\n<tr>\n<td>Tilt Speed<\/td>\n<td>Tilt manual speed: 0.1\u00b0 to 80\u00b0\/s<\/p>\n<p>Tilt preset speed: 80\u00b0\/s<\/td>\n<\/tr>\n<tr>\n<td>Proportional Zoom<\/td>\n<td>Rotation speed can be adjusted automatically according to zoom multiples<\/td>\n<\/tr>\n<tr>\n<td>Presets<\/td>\n<td>256<\/td>\n<\/tr>\n<tr>\n<td>Patrol<\/td>\n<td>10 patrols, up to 32 presets per patrol<\/td>\n<\/tr>\n<tr>\n<td>Pattern<\/td>\n<td>5 patterns, with the total recording time no less than 10 minutes<\/td>\n<\/tr>\n<tr>\n<td>Power-off Memory<\/td>\n<td>Support<\/td>\n<\/tr>\n<tr>\n<td>Park Action<\/td>\n<td>Preset\/Patrol\/Pattern\/Pan Scan\/Tilt Scan\/Panorama Scan\/Day Mode\/Night Mode\/None<\/td>\n<\/tr>\n<tr>\n<td>PTZ Position Display<\/td>\n<td>ON\/OFF<\/td>\n<\/tr>\n<tr>\n<td>Preset Freezing<\/td>\n<td>Support<\/td>\n<\/tr>\n<tr>\n<td>Scheduled Task<\/td>\n<td>Preset\/Patrol\/Pattern\/Pan Scan\/Tilt Scan\/Panorama Scan\/Day Mode\/Night Mode\/Zero<\/p>\n<p>Calibration\/None<\/td>\n<\/tr>\n<tr>\n<td>Infrared<\/td>\n<td><\/td>\n<\/tr>\n<tr>\n<td>IR Distance<\/td>\n<td>Up to 100 m<\/td>\n<\/tr>\n<tr>\n<td>IR Intensity<\/td>\n<td>Automatically adjusted depending on the zoom ratio<\/td>\n<\/tr>\n<tr>\n<td>Input\/Output<\/td>\n<td><\/td>\n<\/tr>\n<tr>\n<td>Video Output<\/td>\n<td>1 turbo 1080p output\/1 CVBS output, (NTSC or PAL composite, BNC)<\/td>\n<\/tr>\n<tr>\n<td>RS-485 Interface<\/td>\n<td>Half-duplex mode<\/p>\n<p>Self-adaptive HIKVISION, Pelco-P, Pelco-D protocol<\/td>\n<\/tr>\n<tr>\n<td>UTC function<\/td>\n<td>UTC protocol (or HIKVISION-C protocol in previous DVR)<\/td>\n<\/tr>\n<tr>\n<td bgcolor=\"#BEBEBE\">General<\/td>\n<td bgcolor=\"#BEBEBE\"><\/td>\n<\/tr>\n<tr>\n<td>Menu Language<\/td>\n<td>English<\/td>\n<\/tr>\n<tr>\n<td>Power<\/td>\n<td>12 VDC<\/p>\n<p>Max.20 W (IR:7 W)<\/td>\n<\/tr>\n<tr>\n<td>Working Temperature<\/td>\n<td>-30\u00b0 C to 65\u00b0 C (-22\u00b0 F to 149\u00b0 F)<\/td>\n<\/tr>\n<tr>\n<td>Working Humidity<\/td>\n<td>90% or less<\/td>\n<\/tr>\n<tr>\n<td>Protection Level<\/td>\n<td>IP66 standard (outdoor dome)<\/p>\n<p>TVS 4,000 V lightning protection, surge protection and voltage transient protection<\/td>\n<\/tr>\n<tr>\n<td>Mounting<\/td>\n<td>Various mounting modes optional<\/td>\n<\/tr>\n<tr>\n<td>Dimension<\/td>\n<td>\u00d8 164.5 mm \u00d7 295 mm (\u00d8 6.47&#8243; \u00d7 11.61&#8243;)<\/td>\n<\/tr>\n<tr>\n<td>Weight (approx.)<\/td>\n<td>2 Kg (4.41 Ib.)<\/td>\n<\/tr>\n<\/tbody>\n<\/table>\n","protected":false},"excerpt":{"rendered":"<ul>\n<li>2MP TURBO HD PTZ kamera<\/li>\n<li>x25 artinimas (-4.8\u00b0~120\u00b0)<\/li>\n<li>IR ap\u0161vietimas iki 100m<\/li>\n<li>3D DNR \/ 120dB WDR<\/li>\n<li>3D pozicijos funkcija<\/li>\n<li>HD1080p<\/li>\n<li>256 presets \/ 10 patrols<\/li>\n<li>12V<\/li>\n<li>IP66<\/li>\n<\/ul>\n","protected":false},"featured_media":29007,"comment_status":"closed","ping_status":"closed","template":"","meta":[],"product_brand":[],"product_cat":[842,838,837],"product_tag":[],"class_list":{"0":"post-22678","1":"product","2":"type-product","3":"status-publish","4":"has-post-thumbnail","6":"product_cat-turbo-hd-ptz-cameras","7":"product_cat-turbo-hd-cameras","8":"product_cat-turbo-hd-video-surveillance","10":"first","11":"instock","12":"purchasable","13":"product-type-simple"},"yoast_head":"<!-- This site is optimized with the Yoast SEO Premium plugin v21.5 (Yoast SEO v27.4) - https:\/\/yoast.com\/product\/yoast-seo-premium-wordpress\/ -->\n<title>Hikvision DS-2AE4225TI-D<\/title>\n<meta name=\"description\" content=\"Hikvision DS-2AE4225TI-D kamera ; x25 artinimas (-4.8\u00b0~120\u00b0) ; Rai\u0161ka - 2MP ; IR ap\u0161vietimas iki 100m ; 3D pozicijos funkcija\" \/>\n<meta name=\"robots\" content=\"index, follow, max-snippet:-1, max-image-preview:large, max-video-preview:-1\" \/>\n<link rel=\"canonical\" href=\"https:\/\/eheating.lt\/en\/produktas\/hikvision-ds-2ae4225ti-d\/\" \/>\n<meta property=\"og:locale\" content=\"en_US\" \/>\n<meta property=\"og:type\" content=\"article\" \/>\n<meta property=\"og:title\" content=\"Hikvision DS-2AE4225TI-D\" \/>\n<meta property=\"og:description\" content=\"Hikvision DS-2AE4225TI-D kamera ; x25 artinimas (-4.8\u00b0~120\u00b0) ; Rai\u0161ka - 2MP ; IR ap\u0161vietimas iki 100m ; 3D pozicijos funkcija\" \/>\n<meta property=\"og:url\" content=\"https:\/\/eheating.lt\/en\/produktas\/hikvision-ds-2ae4225ti-d\/\" \/>\n<meta property=\"og:site_name\" content=\"Elektronika Namams\" \/>\n<meta property=\"article:publisher\" content=\"https:\/\/www.facebook.com\/ElektronikaNamams\" \/>\n<meta property=\"article:modified_time\" content=\"2024-10-18T14:05:50+00:00\" \/>\n<meta property=\"og:image\" content=\"https:\/\/eheating.lt\/wp-content\/uploads\/2023\/10\/Hikvision-DS-2AE4225TI-D.png\" \/>\n\t<meta property=\"og:image:width\" content=\"800\" \/>\n\t<meta property=\"og:image:height\" content=\"800\" \/>\n\t<meta property=\"og:image:type\" content=\"image\/png\" \/>\n<meta name=\"twitter:card\" content=\"summary_large_image\" \/>\n<meta name=\"twitter:label1\" content=\"Price\" \/>\n\t<meta name=\"twitter:data1\" content=\"697,79&nbsp;&euro;\" \/>\n\t<meta name=\"twitter:label2\" content=\"Availability\" \/>\n\t<meta name=\"twitter:data2\" content=\"In stock\" \/>\n<script type=\"application\/ld+json\" class=\"yoast-schema-graph\">{\"@context\":\"https:\\\/\\\/schema.org\",\"@graph\":[{\"@type\":\"WebPage\",\"@id\":\"https:\\\/\\\/eheating.lt\\\/en\\\/produktas\\\/hikvision-ds-2ae4225ti-d\\\/\",\"url\":\"https:\\\/\\\/eheating.lt\\\/en\\\/produktas\\\/hikvision-ds-2ae4225ti-d\\\/\",\"name\":\"Hikvision DS-2AE4225TI-D\",\"isPartOf\":{\"@id\":\"https:\\\/\\\/eheating.lt\\\/#website\"},\"primaryImageOfPage\":{\"@id\":\"https:\\\/\\\/eheating.lt\\\/en\\\/produktas\\\/hikvision-ds-2ae4225ti-d\\\/#primaryimage\"},\"image\":{\"@id\":\"https:\\\/\\\/eheating.lt\\\/en\\\/produktas\\\/hikvision-ds-2ae4225ti-d\\\/#primaryimage\"},\"thumbnailUrl\":\"https:\\\/\\\/eheating.lt\\\/wp-content\\\/uploads\\\/2023\\\/10\\\/Hikvision-DS-2AE4225TI-D.png\",\"datePublished\":\"2023-11-17T21:45:19+00:00\",\"dateModified\":\"2024-10-18T14:05:50+00:00\",\"description\":\"Hikvision DS-2AE4225TI-D kamera ; x25 artinimas (-4.8\u00b0~120\u00b0) ; Rai\u0161ka - 2MP ; IR ap\u0161vietimas iki 100m ; 3D pozicijos funkcija\",\"breadcrumb\":{\"@id\":\"https:\\\/\\\/eheating.lt\\\/en\\\/produktas\\\/hikvision-ds-2ae4225ti-d\\\/#breadcrumb\"},\"inLanguage\":\"en-US\",\"potentialAction\":[{\"@type\":\"ReadAction\",\"target\":[\"https:\\\/\\\/eheating.lt\\\/en\\\/produktas\\\/hikvision-ds-2ae4225ti-d\\\/\"]}]},{\"@type\":\"ImageObject\",\"inLanguage\":\"en-US\",\"@id\":\"https:\\\/\\\/eheating.lt\\\/en\\\/produktas\\\/hikvision-ds-2ae4225ti-d\\\/#primaryimage\",\"url\":\"https:\\\/\\\/eheating.lt\\\/wp-content\\\/uploads\\\/2023\\\/10\\\/Hikvision-DS-2AE4225TI-D.png\",\"contentUrl\":\"https:\\\/\\\/eheating.lt\\\/wp-content\\\/uploads\\\/2023\\\/10\\\/Hikvision-DS-2AE4225TI-D.png\",\"width\":800,\"height\":800,\"caption\":\"Hikvision DS-2AE4225TI-D\"},{\"@type\":\"BreadcrumbList\",\"@id\":\"https:\\\/\\\/eheating.lt\\\/en\\\/produktas\\\/hikvision-ds-2ae4225ti-d\\\/#breadcrumb\",\"itemListElement\":[{\"@type\":\"ListItem\",\"position\":1,\"name\":\"Prad\u017eia\",\"item\":\"https:\\\/\\\/eheating.lt\\\/en\\\/\"},{\"@type\":\"ListItem\",\"position\":2,\"name\":\"Shop\",\"item\":\"https:\\\/\\\/eheating.lt\\\/en\\\/?page_id=5734\"},{\"@type\":\"ListItem\",\"position\":3,\"name\":\"Hikvision DS-2AE4225TI-D\"}]},{\"@type\":\"WebSite\",\"@id\":\"https:\\\/\\\/eheating.lt\\\/#website\",\"url\":\"https:\\\/\\\/eheating.lt\\\/\",\"name\":\"eHeating\",\"description\":\"Elektronika ir \u0161ildymas\",\"potentialAction\":[{\"@type\":\"SearchAction\",\"target\":{\"@type\":\"EntryPoint\",\"urlTemplate\":\"https:\\\/\\\/eheating.lt\\\/?s={search_term_string}\"},\"query-input\":{\"@type\":\"PropertyValueSpecification\",\"valueRequired\":true,\"valueName\":\"search_term_string\"}}],\"inLanguage\":\"en-US\"}]}<\/script>\n<meta property=\"product:price:amount\" content=\"697.79\" \/>\n<meta property=\"product:price:currency\" content=\"EUR\" \/>\n<meta property=\"og:availability\" content=\"instock\" \/>\n<meta property=\"product:availability\" content=\"instock\" \/>\n<meta property=\"product:retailer_item_id\" content=\"7db0f5218de6\" \/>\n<meta property=\"product:condition\" content=\"new\" \/>\n<!-- \/ Yoast SEO Premium plugin. -->","yoast_head_json":{"title":"Hikvision DS-2AE4225TI-D","description":"Hikvision DS-2AE4225TI-D kamera ; x25 artinimas (-4.8\u00b0~120\u00b0) ; Rai\u0161ka - 2MP ; IR ap\u0161vietimas iki 100m ; 3D pozicijos funkcija","robots":{"index":"index","follow":"follow","max-snippet":"max-snippet:-1","max-image-preview":"max-image-preview:large","max-video-preview":"max-video-preview:-1"},"canonical":"https:\/\/eheating.lt\/en\/produktas\/hikvision-ds-2ae4225ti-d\/","og_locale":"en_US","og_type":"article","og_title":"Hikvision DS-2AE4225TI-D","og_description":"Hikvision DS-2AE4225TI-D kamera ; x25 artinimas (-4.8\u00b0~120\u00b0) ; Rai\u0161ka - 2MP ; IR ap\u0161vietimas iki 100m ; 3D pozicijos funkcija","og_url":"https:\/\/eheating.lt\/en\/produktas\/hikvision-ds-2ae4225ti-d\/","og_site_name":"Elektronika Namams","article_publisher":"https:\/\/www.facebook.com\/ElektronikaNamams","article_modified_time":"2024-10-18T14:05:50+00:00","og_image":[{"width":800,"height":800,"url":"https:\/\/eheating.lt\/wp-content\/uploads\/2023\/10\/Hikvision-DS-2AE4225TI-D.png","type":"image\/png"}],"twitter_card":"summary_large_image","twitter_misc":{"Price":"697,79&nbsp;&euro;","Availability":"In stock"},"schema":{"@context":"https:\/\/schema.org","@graph":[{"@type":"WebPage","@id":"https:\/\/eheating.lt\/en\/produktas\/hikvision-ds-2ae4225ti-d\/","url":"https:\/\/eheating.lt\/en\/produktas\/hikvision-ds-2ae4225ti-d\/","name":"Hikvision DS-2AE4225TI-D","isPartOf":{"@id":"https:\/\/eheating.lt\/#website"},"primaryImageOfPage":{"@id":"https:\/\/eheating.lt\/en\/produktas\/hikvision-ds-2ae4225ti-d\/#primaryimage"},"image":{"@id":"https:\/\/eheating.lt\/en\/produktas\/hikvision-ds-2ae4225ti-d\/#primaryimage"},"thumbnailUrl":"https:\/\/eheating.lt\/wp-content\/uploads\/2023\/10\/Hikvision-DS-2AE4225TI-D.png","datePublished":"2023-11-17T21:45:19+00:00","dateModified":"2024-10-18T14:05:50+00:00","description":"Hikvision DS-2AE4225TI-D kamera ; x25 artinimas (-4.8\u00b0~120\u00b0) ; Rai\u0161ka - 2MP ; IR ap\u0161vietimas iki 100m ; 3D pozicijos funkcija","breadcrumb":{"@id":"https:\/\/eheating.lt\/en\/produktas\/hikvision-ds-2ae4225ti-d\/#breadcrumb"},"inLanguage":"en-US","potentialAction":[{"@type":"ReadAction","target":["https:\/\/eheating.lt\/en\/produktas\/hikvision-ds-2ae4225ti-d\/"]}]},{"@type":"ImageObject","inLanguage":"en-US","@id":"https:\/\/eheating.lt\/en\/produktas\/hikvision-ds-2ae4225ti-d\/#primaryimage","url":"https:\/\/eheating.lt\/wp-content\/uploads\/2023\/10\/Hikvision-DS-2AE4225TI-D.png","contentUrl":"https:\/\/eheating.lt\/wp-content\/uploads\/2023\/10\/Hikvision-DS-2AE4225TI-D.png","width":800,"height":800,"caption":"Hikvision DS-2AE4225TI-D"},{"@type":"BreadcrumbList","@id":"https:\/\/eheating.lt\/en\/produktas\/hikvision-ds-2ae4225ti-d\/#breadcrumb","itemListElement":[{"@type":"ListItem","position":1,"name":"Prad\u017eia","item":"https:\/\/eheating.lt\/en\/"},{"@type":"ListItem","position":2,"name":"Shop","item":"https:\/\/eheating.lt\/en\/?page_id=5734"},{"@type":"ListItem","position":3,"name":"Hikvision DS-2AE4225TI-D"}]},{"@type":"WebSite","@id":"https:\/\/eheating.lt\/#website","url":"https:\/\/eheating.lt\/","name":"eHeating","description":"Elektronika ir \u0161ildymas","potentialAction":[{"@type":"SearchAction","target":{"@type":"EntryPoint","urlTemplate":"https:\/\/eheating.lt\/?s={search_term_string}"},"query-input":{"@type":"PropertyValueSpecification","valueRequired":true,"valueName":"search_term_string"}}],"inLanguage":"en-US"}]},"product_price_amount":"697.79","product_price_currency":"EUR","og_availability":"instock","product_availability":"instock","product_retailer_item_id":"7db0f5218de6","product_condition":"new"},"_links":{"self":[{"href":"https:\/\/eheating.lt\/en\/wp-json\/wp\/v2\/product\/22678","targetHints":{"allow":["GET"]}}],"collection":[{"href":"https:\/\/eheating.lt\/en\/wp-json\/wp\/v2\/product"}],"about":[{"href":"https:\/\/eheating.lt\/en\/wp-json\/wp\/v2\/types\/product"}],"replies":[{"embeddable":true,"href":"https:\/\/eheating.lt\/en\/wp-json\/wp\/v2\/comments?post=22678"}],"version-history":[{"count":0,"href":"https:\/\/eheating.lt\/en\/wp-json\/wp\/v2\/product\/22678\/revisions"}],"wp:featuredmedia":[{"embeddable":true,"href":"https:\/\/eheating.lt\/en\/wp-json\/wp\/v2\/media\/29007"}],"wp:attachment":[{"href":"https:\/\/eheating.lt\/en\/wp-json\/wp\/v2\/media?parent=22678"}],"wp:term":[{"taxonomy":"product_brand","embeddable":true,"href":"https:\/\/eheating.lt\/en\/wp-json\/wp\/v2\/product_brand?post=22678"},{"taxonomy":"product_cat","embeddable":true,"href":"https:\/\/eheating.lt\/en\/wp-json\/wp\/v2\/product_cat?post=22678"},{"taxonomy":"product_tag","embeddable":true,"href":"https:\/\/eheating.lt\/en\/wp-json\/wp\/v2\/product_tag?post=22678"}],"curies":[{"name":"wp","href":"https:\/\/api.w.org\/{rel}","templated":true}]}}