{"id":22664,"date":"2023-11-13T22:00:26","date_gmt":"2023-11-13T20:00:26","guid":{"rendered":"https:\/\/eheating.lt\/?post_type=product&#038;p=22664"},"modified":"2024-10-18T17:05:27","modified_gmt":"2024-10-18T14:05:27","slug":"utepo-utp3-vmc01-poe","status":"publish","type":"product","link":"https:\/\/eheating.lt\/en\/produktas\/utepo-utp3-vmc01-poe\/","title":{"rendered":"UTEPO UTP3-VMC01-POE"},"content":{"rendered":"<table>\n<tbody>\n<tr>\n<td width=\"132\"><strong>Model<\/strong><\/td>\n<td width=\"230\"><strong>UTP3-VMC01-PoE(SV\u00a0Unit)<\/strong><\/td>\n<td width=\"230\"><strong>UTP3-VMC01-PoE(IPC\u00a0Unit)<\/strong><\/td>\n<\/tr>\n<tr>\n<td width=\"132\"><strong>Network\u00a0port<\/strong><\/td>\n<td width=\"230\">1*\u00a010\/100Base-Tx<\/td>\n<td width=\"230\">1*\u00a010\/100Base-Tx<\/td>\n<\/tr>\n<tr>\n<td width=\"132\"><strong>Fiber\u00a0Port<\/strong><\/td>\n<td width=\"230\">1*9,\u00a0SC<\/td>\n<td width=\"230\">1*9,\u00a0SC<\/td>\n<\/tr>\n<tr>\n<td width=\"132\"><strong>wavelength<\/strong><\/td>\n<td width=\"230\">T1550\/R1310nm<\/td>\n<td width=\"230\">T1310\/R1550nm<\/td>\n<\/tr>\n<tr>\n<td width=\"132\"><strong>Transmission\u00a0distance<\/strong><\/td>\n<td colspan=\"2\" width=\"460\">20km<\/td>\n<\/tr>\n<tr>\n<td width=\"132\"><strong>Network\u00a0standard<\/strong><\/td>\n<td colspan=\"2\" width=\"460\">IEEE802.3 \u3001IEEE802.3u<\/td>\n<\/tr>\n<tr>\n<td width=\"132\"><strong>\u00a0Delay<\/strong><\/td>\n<td colspan=\"2\" width=\"460\">\uff1c20us<\/td>\n<\/tr>\n<tr>\n<td width=\"132\"><strong>PoE\u00a0Standard<\/strong><\/td>\n<td width=\"230\">802.3af\/at\u00a0(PD)<\/td>\n<td width=\"230\">802.3af\/at\u00a0(PSE)<\/td>\n<\/tr>\n<tr>\n<td width=\"132\"><strong>PsE Type<\/strong><\/td>\n<td colspan=\"2\" width=\"460\">End-span<\/td>\n<\/tr>\n<tr>\n<td width=\"132\"><strong>Power\u00a0Pin\u00a0Assignment<\/strong><\/td>\n<td colspan=\"2\" width=\"460\">1\/2(+),3\/6(-)<\/td>\n<\/tr>\n<tr>\n<td width=\"132\"><strong>PoE\u00a0Power\u00a0Output<\/strong><\/td>\n<td width=\"230\">&#8211;<\/td>\n<td width=\"230\">\u226430W<\/td>\n<\/tr>\n<tr>\n<td width=\"132\"><strong>Lightning\u00a0protection<\/strong><\/td>\n<td colspan=\"2\" width=\"460\">2KV Execute\uff1aIEC61000-4-5<\/td>\n<\/tr>\n<tr>\n<td width=\"132\"><strong>ESD<\/strong><\/td>\n<td colspan=\"2\" width=\"460\">6KV Contact\u00a0discharge<\/p>\n<p>8KV Air\u00a0discharge<\/p>\n<p>Execute\uff1aIEC61000-4-2<\/td>\n<\/tr>\n<tr>\n<td width=\"132\"><strong>Power\u00a0Supply<\/strong><\/td>\n<td width=\"230\">PoE<\/td>\n<td width=\"230\">DC\u00a048-57V<\/td>\n<\/tr>\n<tr>\n<td width=\"132\"><strong>Power\u00a0Dissipation<\/strong><\/td>\n<td colspan=\"2\" width=\"460\">\uff1c5W<\/td>\n<\/tr>\n<tr>\n<td width=\"132\"><strong>Work\u00a0temperature<\/strong><\/td>\n<td colspan=\"2\" width=\"460\">-10\u2103~55\u2103<\/td>\n<\/tr>\n<tr>\n<td width=\"132\"><strong>Storage\u00a0temperature<\/strong><\/td>\n<td colspan=\"2\" width=\"460\">-40\u2103~85\u2103<\/td>\n<\/tr>\n<tr>\n<td width=\"132\"><strong>Humidity(Non-condensin)<\/strong><\/td>\n<td colspan=\"2\" width=\"460\">5%-95%<\/td>\n<\/tr>\n<tr>\n<td width=\"132\"><strong>Dimension<\/strong><strong>\uff08L\u00d7W\u00d7H\uff09<\/strong><\/td>\n<td colspan=\"2\" width=\"460\">113mm\u00d745.5mm\u00d729mm<\/td>\n<\/tr>\n<tr>\n<td width=\"132\"><strong>Weight<\/strong><\/td>\n<td colspan=\"2\" width=\"460\">58g<\/td>\n<\/tr>\n<tr>\n<td width=\"132\"><strong>EMC\/Safety<\/strong><\/td>\n<td colspan=\"2\" width=\"460\">CE\u3001FCC\u3001ROHS<\/td>\n<\/tr>\n<\/tbody>\n<\/table>\n","protected":false},"excerpt":{"rendered":"<ul>\n<li>PoE optinis konverteris<\/li>\n<li>Gali konvertuoti ir perduoti Ethernet signal\u0105, maitinim\u0105 per optin\u012f kabel\u012f iki 20km atstumu<\/li>\n<li>Maks. duomen\u0173 sparta iki 155Mbps<\/li>\n<\/ul>\n","protected":false},"featured_media":28356,"comment_status":"closed","ping_status":"closed","template":"","meta":[],"product_brand":[],"product_cat":[533,305,536],"product_tag":[],"class_list":{"0":"post-22664","1":"product","2":"type-product","3":"status-publish","4":"has-post-thumbnail","6":"product_cat-ip-vaizdo-stebejimo-sistemos","7":"product_cat-ip-kita-iranga","8":"product_cat-ip-vaizdo-signalo-perdavimas","10":"first","11":"onbackorder","12":"purchasable","13":"product-type-simple"},"yoast_head":"<!-- This site is optimized with the Yoast SEO Premium plugin v21.5 (Yoast SEO v27.3) - https:\/\/yoast.com\/product\/yoast-seo-premium-wordpress\/ -->\n<title>UTEPO UTP3-VMC01-POE<\/title>\n<meta name=\"description\" content=\"UTEPO UTP3-VMC01-POE ; PoE optinis konverteris ; Gali konvertuoti ir perduoti Ethernet signal\u0105, maitinim\u0105 per optin\u012f kabel\u012f iki 20km atstumu\" \/>\n<meta name=\"robots\" content=\"index, follow, max-snippet:-1, max-image-preview:large, max-video-preview:-1\" \/>\n<link rel=\"canonical\" href=\"https:\/\/eheating.lt\/produktas\/utepo-utp3-vmc01-poe\/\" \/>\n<meta property=\"og:locale\" content=\"en_US\" \/>\n<meta property=\"og:type\" content=\"article\" \/>\n<meta property=\"og:title\" content=\"UTEPO UTP3-VMC01-POE\" \/>\n<meta property=\"og:description\" content=\"UTEPO UTP3-VMC01-POE ; PoE optinis konverteris ; Gali konvertuoti ir perduoti Ethernet signal\u0105, maitinim\u0105 per optin\u012f kabel\u012f iki 20km atstumu\" \/>\n<meta property=\"og:url\" content=\"https:\/\/eheating.lt\/produktas\/utepo-utp3-vmc01-poe\/\" \/>\n<meta property=\"og:site_name\" content=\"Elektronika Namams\" \/>\n<meta property=\"article:publisher\" content=\"https:\/\/www.facebook.com\/ElektronikaNamams\" \/>\n<meta property=\"article:modified_time\" content=\"2024-10-18T14:05:27+00:00\" \/>\n<meta property=\"og:image\" content=\"https:\/\/eheating.lt\/wp-content\/uploads\/2023\/10\/UTEPO-UTP3-VMC01-POE.png\" \/>\n\t<meta property=\"og:image:width\" content=\"800\" \/>\n\t<meta property=\"og:image:height\" content=\"800\" \/>\n\t<meta property=\"og:image:type\" content=\"image\/png\" \/>\n<meta name=\"twitter:card\" content=\"summary_large_image\" \/>\n<meta name=\"twitter:label1\" content=\"Price\" \/>\n\t<meta name=\"twitter:data1\" content=\"60,27&nbsp;&euro;\" \/>\n\t<meta name=\"twitter:label2\" content=\"Availability\" \/>\n\t<meta name=\"twitter:data2\" content=\"On backorder\" \/>\n<script type=\"application\/ld+json\" class=\"yoast-schema-graph\">{\"@context\":\"https:\\\/\\\/schema.org\",\"@graph\":[{\"@type\":\"WebPage\",\"@id\":\"https:\\\/\\\/eheating.lt\\\/produktas\\\/utepo-utp3-vmc01-poe\\\/\",\"url\":\"https:\\\/\\\/eheating.lt\\\/produktas\\\/utepo-utp3-vmc01-poe\\\/\",\"name\":\"UTEPO UTP3-VMC01-POE\",\"isPartOf\":{\"@id\":\"https:\\\/\\\/eheating.lt\\\/#website\"},\"primaryImageOfPage\":{\"@id\":\"https:\\\/\\\/eheating.lt\\\/produktas\\\/utepo-utp3-vmc01-poe\\\/#primaryimage\"},\"image\":{\"@id\":\"https:\\\/\\\/eheating.lt\\\/produktas\\\/utepo-utp3-vmc01-poe\\\/#primaryimage\"},\"thumbnailUrl\":\"https:\\\/\\\/eheating.lt\\\/wp-content\\\/uploads\\\/2023\\\/10\\\/UTEPO-UTP3-VMC01-POE.png\",\"datePublished\":\"2023-11-13T20:00:26+00:00\",\"dateModified\":\"2024-10-18T14:05:27+00:00\",\"description\":\"UTEPO UTP3-VMC01-POE ; PoE optinis konverteris ; Gali konvertuoti ir perduoti Ethernet signal\u0105, maitinim\u0105 per optin\u012f kabel\u012f iki 20km atstumu\",\"breadcrumb\":{\"@id\":\"https:\\\/\\\/eheating.lt\\\/produktas\\\/utepo-utp3-vmc01-poe\\\/#breadcrumb\"},\"inLanguage\":\"en-US\",\"potentialAction\":[{\"@type\":\"ReadAction\",\"target\":[\"https:\\\/\\\/eheating.lt\\\/produktas\\\/utepo-utp3-vmc01-poe\\\/\"]}]},{\"@type\":\"ImageObject\",\"inLanguage\":\"en-US\",\"@id\":\"https:\\\/\\\/eheating.lt\\\/produktas\\\/utepo-utp3-vmc01-poe\\\/#primaryimage\",\"url\":\"https:\\\/\\\/eheating.lt\\\/wp-content\\\/uploads\\\/2023\\\/10\\\/UTEPO-UTP3-VMC01-POE.png\",\"contentUrl\":\"https:\\\/\\\/eheating.lt\\\/wp-content\\\/uploads\\\/2023\\\/10\\\/UTEPO-UTP3-VMC01-POE.png\",\"width\":800,\"height\":800,\"caption\":\"UTEPO UTP3-VMC01-POE\"},{\"@type\":\"BreadcrumbList\",\"@id\":\"https:\\\/\\\/eheating.lt\\\/produktas\\\/utepo-utp3-vmc01-poe\\\/#breadcrumb\",\"itemListElement\":[{\"@type\":\"ListItem\",\"position\":1,\"name\":\"Prad\u017eia\",\"item\":\"https:\\\/\\\/eheating.lt\\\/en\\\/\"},{\"@type\":\"ListItem\",\"position\":2,\"name\":\"Shop\",\"item\":\"https:\\\/\\\/eheating.lt\\\/en\\\/?page_id=5734\"},{\"@type\":\"ListItem\",\"position\":3,\"name\":\"UTEPO UTP3-VMC01-POE\"}]},{\"@type\":\"WebSite\",\"@id\":\"https:\\\/\\\/eheating.lt\\\/#website\",\"url\":\"https:\\\/\\\/eheating.lt\\\/\",\"name\":\"eHeating\",\"description\":\"Elektronika ir \u0161ildymas\",\"potentialAction\":[{\"@type\":\"SearchAction\",\"target\":{\"@type\":\"EntryPoint\",\"urlTemplate\":\"https:\\\/\\\/eheating.lt\\\/?s={search_term_string}\"},\"query-input\":{\"@type\":\"PropertyValueSpecification\",\"valueRequired\":true,\"valueName\":\"search_term_string\"}}],\"inLanguage\":\"en-US\"}]}<\/script>\n<meta property=\"product:price:amount\" content=\"60.27\" \/>\n<meta property=\"product:price:currency\" content=\"EUR\" \/>\n<meta property=\"og:availability\" content=\"backorder\" \/>\n<meta property=\"product:availability\" content=\"available for order\" \/>\n<meta property=\"product:retailer_item_id\" content=\"2b3e2452e354\" \/>\n<meta property=\"product:condition\" content=\"new\" \/>\n<!-- \/ Yoast SEO Premium plugin. -->","yoast_head_json":{"title":"UTEPO UTP3-VMC01-POE","description":"UTEPO UTP3-VMC01-POE ; PoE optinis konverteris ; Gali konvertuoti ir perduoti Ethernet signal\u0105, maitinim\u0105 per optin\u012f kabel\u012f iki 20km atstumu","robots":{"index":"index","follow":"follow","max-snippet":"max-snippet:-1","max-image-preview":"max-image-preview:large","max-video-preview":"max-video-preview:-1"},"canonical":"https:\/\/eheating.lt\/produktas\/utepo-utp3-vmc01-poe\/","og_locale":"en_US","og_type":"article","og_title":"UTEPO UTP3-VMC01-POE","og_description":"UTEPO UTP3-VMC01-POE ; PoE optinis konverteris ; Gali konvertuoti ir perduoti Ethernet signal\u0105, maitinim\u0105 per optin\u012f kabel\u012f iki 20km atstumu","og_url":"https:\/\/eheating.lt\/produktas\/utepo-utp3-vmc01-poe\/","og_site_name":"Elektronika Namams","article_publisher":"https:\/\/www.facebook.com\/ElektronikaNamams","article_modified_time":"2024-10-18T14:05:27+00:00","og_image":[{"width":800,"height":800,"url":"https:\/\/eheating.lt\/wp-content\/uploads\/2023\/10\/UTEPO-UTP3-VMC01-POE.png","type":"image\/png"}],"twitter_card":"summary_large_image","twitter_misc":{"Price":"60,27&nbsp;&euro;","Availability":"On backorder"},"schema":{"@context":"https:\/\/schema.org","@graph":[{"@type":"WebPage","@id":"https:\/\/eheating.lt\/produktas\/utepo-utp3-vmc01-poe\/","url":"https:\/\/eheating.lt\/produktas\/utepo-utp3-vmc01-poe\/","name":"UTEPO UTP3-VMC01-POE","isPartOf":{"@id":"https:\/\/eheating.lt\/#website"},"primaryImageOfPage":{"@id":"https:\/\/eheating.lt\/produktas\/utepo-utp3-vmc01-poe\/#primaryimage"},"image":{"@id":"https:\/\/eheating.lt\/produktas\/utepo-utp3-vmc01-poe\/#primaryimage"},"thumbnailUrl":"https:\/\/eheating.lt\/wp-content\/uploads\/2023\/10\/UTEPO-UTP3-VMC01-POE.png","datePublished":"2023-11-13T20:00:26+00:00","dateModified":"2024-10-18T14:05:27+00:00","description":"UTEPO UTP3-VMC01-POE ; PoE optinis konverteris ; Gali konvertuoti ir perduoti Ethernet signal\u0105, maitinim\u0105 per optin\u012f kabel\u012f iki 20km atstumu","breadcrumb":{"@id":"https:\/\/eheating.lt\/produktas\/utepo-utp3-vmc01-poe\/#breadcrumb"},"inLanguage":"en-US","potentialAction":[{"@type":"ReadAction","target":["https:\/\/eheating.lt\/produktas\/utepo-utp3-vmc01-poe\/"]}]},{"@type":"ImageObject","inLanguage":"en-US","@id":"https:\/\/eheating.lt\/produktas\/utepo-utp3-vmc01-poe\/#primaryimage","url":"https:\/\/eheating.lt\/wp-content\/uploads\/2023\/10\/UTEPO-UTP3-VMC01-POE.png","contentUrl":"https:\/\/eheating.lt\/wp-content\/uploads\/2023\/10\/UTEPO-UTP3-VMC01-POE.png","width":800,"height":800,"caption":"UTEPO UTP3-VMC01-POE"},{"@type":"BreadcrumbList","@id":"https:\/\/eheating.lt\/produktas\/utepo-utp3-vmc01-poe\/#breadcrumb","itemListElement":[{"@type":"ListItem","position":1,"name":"Prad\u017eia","item":"https:\/\/eheating.lt\/en\/"},{"@type":"ListItem","position":2,"name":"Shop","item":"https:\/\/eheating.lt\/en\/?page_id=5734"},{"@type":"ListItem","position":3,"name":"UTEPO UTP3-VMC01-POE"}]},{"@type":"WebSite","@id":"https:\/\/eheating.lt\/#website","url":"https:\/\/eheating.lt\/","name":"eHeating","description":"Elektronika ir \u0161ildymas","potentialAction":[{"@type":"SearchAction","target":{"@type":"EntryPoint","urlTemplate":"https:\/\/eheating.lt\/?s={search_term_string}"},"query-input":{"@type":"PropertyValueSpecification","valueRequired":true,"valueName":"search_term_string"}}],"inLanguage":"en-US"}]},"product_price_amount":"60.27","product_price_currency":"EUR","og_availability":"backorder","product_availability":"available for order","product_retailer_item_id":"2b3e2452e354","product_condition":"new"},"_links":{"self":[{"href":"https:\/\/eheating.lt\/en\/wp-json\/wp\/v2\/product\/22664","targetHints":{"allow":["GET"]}}],"collection":[{"href":"https:\/\/eheating.lt\/en\/wp-json\/wp\/v2\/product"}],"about":[{"href":"https:\/\/eheating.lt\/en\/wp-json\/wp\/v2\/types\/product"}],"replies":[{"embeddable":true,"href":"https:\/\/eheating.lt\/en\/wp-json\/wp\/v2\/comments?post=22664"}],"version-history":[{"count":0,"href":"https:\/\/eheating.lt\/en\/wp-json\/wp\/v2\/product\/22664\/revisions"}],"wp:featuredmedia":[{"embeddable":true,"href":"https:\/\/eheating.lt\/en\/wp-json\/wp\/v2\/media\/28356"}],"wp:attachment":[{"href":"https:\/\/eheating.lt\/en\/wp-json\/wp\/v2\/media?parent=22664"}],"wp:term":[{"taxonomy":"product_brand","embeddable":true,"href":"https:\/\/eheating.lt\/en\/wp-json\/wp\/v2\/product_brand?post=22664"},{"taxonomy":"product_cat","embeddable":true,"href":"https:\/\/eheating.lt\/en\/wp-json\/wp\/v2\/product_cat?post=22664"},{"taxonomy":"product_tag","embeddable":true,"href":"https:\/\/eheating.lt\/en\/wp-json\/wp\/v2\/product_tag?post=22664"}],"curies":[{"name":"wp","href":"https:\/\/api.w.org\/{rel}","templated":true}]}}