{"id":22660,"date":"2023-11-13T22:00:24","date_gmt":"2023-11-13T20:00:24","guid":{"rendered":"https:\/\/eheating.lt\/?post_type=product&#038;p=22660"},"modified":"2024-10-18T17:05:26","modified_gmt":"2024-10-18T14:05:26","slug":"utepo-utp7301epoc","status":"publish","type":"product","link":"https:\/\/eheating.lt\/en\/produktas\/utepo-utp7301epoc\/","title":{"rendered":"UTEPO UTP7301EPOC"},"content":{"rendered":"<table>\n<tbody>\n<tr>\n<td colspan=\"2\" width=\"52%\"><strong>Item<\/strong><\/td>\n<td width=\"47%\"><strong>Description<\/strong><\/td>\n<\/tr>\n<tr>\n<td rowspan=\"4\" width=\"17%\"><strong>Power<\/strong><\/td>\n<td rowspan=\"2\" width=\"35%\">Power Supply<\/td>\n<td rowspan=\"2\" width=\"47%\">PoE power supply or power adapter supply<\/td>\n<\/tr>\n<tr>\n<td width=\"35%\">Voltage Range<\/td>\n<td width=\"47%\">DC 48V\uff5e57V<\/td>\n<\/tr>\n<tr>\n<td width=\"35%\">Consumption<\/td>\n<td width=\"47%\">\uff1c2W<\/td>\n<\/tr>\n<tr>\n<td rowspan=\"8\" width=\"17%\"><strong>Ethernet Port<\/strong><strong><br \/>\n<\/strong><strong>Patameter<\/strong><\/td>\n<td width=\"35%\">Ethernet Port<\/td>\n<td width=\"47%\">EPOC: 0&#8211;100Mbps Ethernet: 10\/100Mbps<br \/>\nTransmission bandwidth changes with transmission distance,please refer to table 1<\/td>\n<\/tr>\n<tr>\n<td rowspan=\"4\" width=\"35%\">Transmission Distance<\/td>\n<td rowspan=\"4\" width=\"47%\">EPOC Coaxial Cable: 0-500m<br \/>\nEPOC Network Cable: 0-400m<\/td>\n<\/tr>\n<tr>\n<td width=\"35%\">Transmission Medium<\/td>\n<td width=\"47%\">75-5 Above Coaxial Cable and Cat5e\/6<\/td>\n<\/tr>\n<tr>\n<td width=\"35%\">PoE Agreement<\/td>\n<td width=\"47%\">Support IEEE802.3af, IEEE802.3at<\/td>\n<\/tr>\n<tr>\n<td width=\"35%\">PoE Power Supply<\/td>\n<td width=\"47%\">Support End-span and Mid-span<\/td>\n<\/tr>\n<tr>\n<td rowspan=\"4\" width=\"17%\"><strong>Ethernet<\/strong><strong><br \/>\n<\/strong><strong>Exchange<\/strong><\/td>\n<td rowspan=\"2\" width=\"35%\">Ethernet Standard<\/td>\n<td rowspan=\"2\" width=\"47%\">IEEE802.3 10BASE-T, IEEE802.3u 100BASE-TX<\/td>\n<\/tr>\n<tr>\n<td rowspan=\"2\" width=\"35%\">Ethernet Delay<\/td>\n<td rowspan=\"2\" width=\"47%\">\uff1c1ms<\/td>\n<\/tr>\n<tr>\n<td rowspan=\"4\" width=\"17%\"><strong>Status<\/strong><\/td>\n<td rowspan=\"4\" width=\"35%\">Indicator LED<\/td>\n<td rowspan=\"4\" width=\"47%\">PoE IN\/OUT Port:<br \/>\nOne indicates PoE power supply or DC power status(RJ45 yellow), one indicates Ethernet signal transmission(RJ45 green);<\/td>\n<\/tr>\n<tr>\n<td rowspan=\"6\" width=\"17%\"><strong>Protection<\/strong><strong><br \/>\n<\/strong><strong>Level<\/strong><\/td>\n<td rowspan=\"4\" width=\"35%\">ESD<\/td>\n<td rowspan=\"4\" width=\"47%\">1a Contact Discharge level 3<br \/>\n1b Air Discharge level 3<br \/>\nPer: IEC61000-4-2<\/td>\n<\/tr>\n<tr>\n<td rowspan=\"2\" width=\"35%\">Communicating Port Anti-thunder Protection<\/td>\n<td rowspan=\"2\" width=\"47%\">Per: IEC61000-4-5 level 3<\/td>\n<\/tr>\n<tr>\n<td rowspan=\"7\" width=\"17%\"><strong>Operation<\/strong><strong><br \/>\n<\/strong><strong>Envioronment<\/strong><\/td>\n<td rowspan=\"3\" width=\"35%\">Working Temperature<\/td>\n<td rowspan=\"3\" width=\"47%\">0\u2103~55\u2103<\/td>\n<\/tr>\n<tr>\n<td rowspan=\"2\" width=\"35%\">Storage Temperature<\/td>\n<td rowspan=\"2\" width=\"47%\">-40\u2103~85\u2103<\/td>\n<\/tr>\n<tr>\n<td rowspan=\"2\" width=\"35%\">Humidity(No-Condensing)<\/td>\n<td rowspan=\"2\" width=\"47%\">0~95%<\/td>\n<\/tr>\n<tr>\n<td rowspan=\"5\" width=\"17%\"><strong>Mechanical<\/strong><\/td>\n<td width=\"35%\">Dimension(L\u00d7W\u00d7H)<\/td>\n<td width=\"47%\">63.2mm\u00d782mm\u00d725mm<\/td>\n<\/tr>\n<tr>\n<td width=\"35%\">Material<\/td>\n<td width=\"47%\">Aluminum<\/td>\n<\/tr>\n<tr>\n<td rowspan=\"2\" width=\"35%\">Color<\/td>\n<td rowspan=\"2\" width=\"47%\">Black<\/td>\n<\/tr>\n<tr>\n<td width=\"35%\">Weight<\/td>\n<td width=\"47%\">IPC:153g; SV:154g<\/td>\n<\/tr>\n<\/tbody>\n<\/table>\n","protected":false},"excerpt":{"rendered":"<ul>\n<li>PoE (EOC) Ethernet prapl\u0117t\u0117jas<\/li>\n<li>Gali perduoti Ethernet signal\u0105, maitinim\u0105 per koaksialin\u012f arba LAN kabel\u012f iki 400m atstumu<\/li>\n<li>Maks. duomen\u0173 sparta 100Mbps<\/li>\n<li>Tinkamas sen\u0173 analogini\u0173 sistem\u0173 atnaujinimui<\/li>\n<\/ul>\n","protected":false},"featured_media":28354,"comment_status":"closed","ping_status":"closed","template":"","meta":[],"product_brand":[],"product_cat":[533,305,536],"product_tag":[],"class_list":{"0":"post-22660","1":"product","2":"type-product","3":"status-publish","4":"has-post-thumbnail","6":"product_cat-ip-vaizdo-stebejimo-sistemos","7":"product_cat-ip-kita-iranga","8":"product_cat-ip-vaizdo-signalo-perdavimas","10":"first","11":"onbackorder","12":"purchasable","13":"product-type-simple"},"yoast_head":"<!-- This site is optimized with the Yoast SEO Premium plugin v21.5 (Yoast SEO v27.3) - https:\/\/yoast.com\/product\/yoast-seo-premium-wordpress\/ -->\n<title>UTEPO UTP7301EPOC<\/title>\n<meta name=\"description\" content=\"UTEPO UTP7301EPOC ; PoE (EOC) Ethernet prapl\u0117t\u0117jas ; Gali perduoti Ethernet signal\u0105, maitinim\u0105 per koaksialin\u012f arba LAN kabel\u012f iki 400m atstumu\" \/>\n<meta name=\"robots\" content=\"index, follow, max-snippet:-1, max-image-preview:large, max-video-preview:-1\" \/>\n<link rel=\"canonical\" href=\"https:\/\/eheating.lt\/produktas\/utepo-utp7301epoc\/\" \/>\n<meta property=\"og:locale\" content=\"en_US\" \/>\n<meta property=\"og:type\" content=\"article\" \/>\n<meta property=\"og:title\" content=\"UTEPO UTP7301EPOC\" \/>\n<meta property=\"og:description\" content=\"UTEPO UTP7301EPOC ; PoE (EOC) Ethernet prapl\u0117t\u0117jas ; Gali perduoti Ethernet signal\u0105, maitinim\u0105 per koaksialin\u012f arba LAN kabel\u012f iki 400m atstumu\" \/>\n<meta property=\"og:url\" content=\"https:\/\/eheating.lt\/produktas\/utepo-utp7301epoc\/\" \/>\n<meta property=\"og:site_name\" content=\"Elektronika Namams\" \/>\n<meta property=\"article:publisher\" content=\"https:\/\/www.facebook.com\/ElektronikaNamams\" \/>\n<meta property=\"article:modified_time\" content=\"2024-10-18T14:05:26+00:00\" \/>\n<meta property=\"og:image\" content=\"https:\/\/eheating.lt\/wp-content\/uploads\/2023\/10\/UTEPO-UTP7301EPOC.png\" \/>\n\t<meta property=\"og:image:width\" content=\"800\" \/>\n\t<meta property=\"og:image:height\" content=\"800\" \/>\n\t<meta property=\"og:image:type\" content=\"image\/png\" \/>\n<meta name=\"twitter:card\" content=\"summary_large_image\" \/>\n<meta name=\"twitter:label1\" content=\"Price\" \/>\n\t<meta name=\"twitter:data1\" content=\"110,10&nbsp;&euro;\" \/>\n\t<meta name=\"twitter:label2\" content=\"Availability\" \/>\n\t<meta name=\"twitter:data2\" content=\"On backorder\" \/>\n<script type=\"application\/ld+json\" class=\"yoast-schema-graph\">{\"@context\":\"https:\\\/\\\/schema.org\",\"@graph\":[{\"@type\":\"WebPage\",\"@id\":\"https:\\\/\\\/eheating.lt\\\/produktas\\\/utepo-utp7301epoc\\\/\",\"url\":\"https:\\\/\\\/eheating.lt\\\/produktas\\\/utepo-utp7301epoc\\\/\",\"name\":\"UTEPO UTP7301EPOC\",\"isPartOf\":{\"@id\":\"https:\\\/\\\/eheating.lt\\\/#website\"},\"primaryImageOfPage\":{\"@id\":\"https:\\\/\\\/eheating.lt\\\/produktas\\\/utepo-utp7301epoc\\\/#primaryimage\"},\"image\":{\"@id\":\"https:\\\/\\\/eheating.lt\\\/produktas\\\/utepo-utp7301epoc\\\/#primaryimage\"},\"thumbnailUrl\":\"https:\\\/\\\/eheating.lt\\\/wp-content\\\/uploads\\\/2023\\\/10\\\/UTEPO-UTP7301EPOC.png\",\"datePublished\":\"2023-11-13T20:00:24+00:00\",\"dateModified\":\"2024-10-18T14:05:26+00:00\",\"description\":\"UTEPO UTP7301EPOC ; PoE (EOC) Ethernet prapl\u0117t\u0117jas ; Gali perduoti Ethernet signal\u0105, maitinim\u0105 per koaksialin\u012f arba LAN kabel\u012f iki 400m atstumu\",\"breadcrumb\":{\"@id\":\"https:\\\/\\\/eheating.lt\\\/produktas\\\/utepo-utp7301epoc\\\/#breadcrumb\"},\"inLanguage\":\"en-US\",\"potentialAction\":[{\"@type\":\"ReadAction\",\"target\":[\"https:\\\/\\\/eheating.lt\\\/produktas\\\/utepo-utp7301epoc\\\/\"]}]},{\"@type\":\"ImageObject\",\"inLanguage\":\"en-US\",\"@id\":\"https:\\\/\\\/eheating.lt\\\/produktas\\\/utepo-utp7301epoc\\\/#primaryimage\",\"url\":\"https:\\\/\\\/eheating.lt\\\/wp-content\\\/uploads\\\/2023\\\/10\\\/UTEPO-UTP7301EPOC.png\",\"contentUrl\":\"https:\\\/\\\/eheating.lt\\\/wp-content\\\/uploads\\\/2023\\\/10\\\/UTEPO-UTP7301EPOC.png\",\"width\":800,\"height\":800,\"caption\":\"UTEPO UTP7301EPOC\"},{\"@type\":\"BreadcrumbList\",\"@id\":\"https:\\\/\\\/eheating.lt\\\/produktas\\\/utepo-utp7301epoc\\\/#breadcrumb\",\"itemListElement\":[{\"@type\":\"ListItem\",\"position\":1,\"name\":\"Prad\u017eia\",\"item\":\"https:\\\/\\\/eheating.lt\\\/en\\\/\"},{\"@type\":\"ListItem\",\"position\":2,\"name\":\"Shop\",\"item\":\"https:\\\/\\\/eheating.lt\\\/en\\\/?page_id=5734\"},{\"@type\":\"ListItem\",\"position\":3,\"name\":\"UTEPO UTP7301EPOC\"}]},{\"@type\":\"WebSite\",\"@id\":\"https:\\\/\\\/eheating.lt\\\/#website\",\"url\":\"https:\\\/\\\/eheating.lt\\\/\",\"name\":\"eHeating\",\"description\":\"Elektronika ir \u0161ildymas\",\"potentialAction\":[{\"@type\":\"SearchAction\",\"target\":{\"@type\":\"EntryPoint\",\"urlTemplate\":\"https:\\\/\\\/eheating.lt\\\/?s={search_term_string}\"},\"query-input\":{\"@type\":\"PropertyValueSpecification\",\"valueRequired\":true,\"valueName\":\"search_term_string\"}}],\"inLanguage\":\"en-US\"}]}<\/script>\n<meta property=\"product:price:amount\" content=\"110.10\" \/>\n<meta property=\"product:price:currency\" content=\"EUR\" \/>\n<meta property=\"og:availability\" content=\"backorder\" \/>\n<meta property=\"product:availability\" content=\"available for order\" \/>\n<meta property=\"product:retailer_item_id\" content=\"fc09d0e6700b\" \/>\n<meta property=\"product:condition\" content=\"new\" \/>\n<!-- \/ Yoast SEO Premium plugin. -->","yoast_head_json":{"title":"UTEPO UTP7301EPOC","description":"UTEPO UTP7301EPOC ; PoE (EOC) Ethernet prapl\u0117t\u0117jas ; Gali perduoti Ethernet signal\u0105, maitinim\u0105 per koaksialin\u012f arba LAN kabel\u012f iki 400m atstumu","robots":{"index":"index","follow":"follow","max-snippet":"max-snippet:-1","max-image-preview":"max-image-preview:large","max-video-preview":"max-video-preview:-1"},"canonical":"https:\/\/eheating.lt\/produktas\/utepo-utp7301epoc\/","og_locale":"en_US","og_type":"article","og_title":"UTEPO UTP7301EPOC","og_description":"UTEPO UTP7301EPOC ; PoE (EOC) Ethernet prapl\u0117t\u0117jas ; Gali perduoti Ethernet signal\u0105, maitinim\u0105 per koaksialin\u012f arba LAN kabel\u012f iki 400m atstumu","og_url":"https:\/\/eheating.lt\/produktas\/utepo-utp7301epoc\/","og_site_name":"Elektronika Namams","article_publisher":"https:\/\/www.facebook.com\/ElektronikaNamams","article_modified_time":"2024-10-18T14:05:26+00:00","og_image":[{"width":800,"height":800,"url":"https:\/\/eheating.lt\/wp-content\/uploads\/2023\/10\/UTEPO-UTP7301EPOC.png","type":"image\/png"}],"twitter_card":"summary_large_image","twitter_misc":{"Price":"110,10&nbsp;&euro;","Availability":"On backorder"},"schema":{"@context":"https:\/\/schema.org","@graph":[{"@type":"WebPage","@id":"https:\/\/eheating.lt\/produktas\/utepo-utp7301epoc\/","url":"https:\/\/eheating.lt\/produktas\/utepo-utp7301epoc\/","name":"UTEPO UTP7301EPOC","isPartOf":{"@id":"https:\/\/eheating.lt\/#website"},"primaryImageOfPage":{"@id":"https:\/\/eheating.lt\/produktas\/utepo-utp7301epoc\/#primaryimage"},"image":{"@id":"https:\/\/eheating.lt\/produktas\/utepo-utp7301epoc\/#primaryimage"},"thumbnailUrl":"https:\/\/eheating.lt\/wp-content\/uploads\/2023\/10\/UTEPO-UTP7301EPOC.png","datePublished":"2023-11-13T20:00:24+00:00","dateModified":"2024-10-18T14:05:26+00:00","description":"UTEPO UTP7301EPOC ; PoE (EOC) Ethernet prapl\u0117t\u0117jas ; Gali perduoti Ethernet signal\u0105, maitinim\u0105 per koaksialin\u012f arba LAN kabel\u012f iki 400m atstumu","breadcrumb":{"@id":"https:\/\/eheating.lt\/produktas\/utepo-utp7301epoc\/#breadcrumb"},"inLanguage":"en-US","potentialAction":[{"@type":"ReadAction","target":["https:\/\/eheating.lt\/produktas\/utepo-utp7301epoc\/"]}]},{"@type":"ImageObject","inLanguage":"en-US","@id":"https:\/\/eheating.lt\/produktas\/utepo-utp7301epoc\/#primaryimage","url":"https:\/\/eheating.lt\/wp-content\/uploads\/2023\/10\/UTEPO-UTP7301EPOC.png","contentUrl":"https:\/\/eheating.lt\/wp-content\/uploads\/2023\/10\/UTEPO-UTP7301EPOC.png","width":800,"height":800,"caption":"UTEPO UTP7301EPOC"},{"@type":"BreadcrumbList","@id":"https:\/\/eheating.lt\/produktas\/utepo-utp7301epoc\/#breadcrumb","itemListElement":[{"@type":"ListItem","position":1,"name":"Prad\u017eia","item":"https:\/\/eheating.lt\/en\/"},{"@type":"ListItem","position":2,"name":"Shop","item":"https:\/\/eheating.lt\/en\/?page_id=5734"},{"@type":"ListItem","position":3,"name":"UTEPO UTP7301EPOC"}]},{"@type":"WebSite","@id":"https:\/\/eheating.lt\/#website","url":"https:\/\/eheating.lt\/","name":"eHeating","description":"Elektronika ir \u0161ildymas","potentialAction":[{"@type":"SearchAction","target":{"@type":"EntryPoint","urlTemplate":"https:\/\/eheating.lt\/?s={search_term_string}"},"query-input":{"@type":"PropertyValueSpecification","valueRequired":true,"valueName":"search_term_string"}}],"inLanguage":"en-US"}]},"product_price_amount":"110.10","product_price_currency":"EUR","og_availability":"backorder","product_availability":"available for order","product_retailer_item_id":"fc09d0e6700b","product_condition":"new"},"_links":{"self":[{"href":"https:\/\/eheating.lt\/en\/wp-json\/wp\/v2\/product\/22660","targetHints":{"allow":["GET"]}}],"collection":[{"href":"https:\/\/eheating.lt\/en\/wp-json\/wp\/v2\/product"}],"about":[{"href":"https:\/\/eheating.lt\/en\/wp-json\/wp\/v2\/types\/product"}],"replies":[{"embeddable":true,"href":"https:\/\/eheating.lt\/en\/wp-json\/wp\/v2\/comments?post=22660"}],"version-history":[{"count":0,"href":"https:\/\/eheating.lt\/en\/wp-json\/wp\/v2\/product\/22660\/revisions"}],"wp:featuredmedia":[{"embeddable":true,"href":"https:\/\/eheating.lt\/en\/wp-json\/wp\/v2\/media\/28354"}],"wp:attachment":[{"href":"https:\/\/eheating.lt\/en\/wp-json\/wp\/v2\/media?parent=22660"}],"wp:term":[{"taxonomy":"product_brand","embeddable":true,"href":"https:\/\/eheating.lt\/en\/wp-json\/wp\/v2\/product_brand?post=22660"},{"taxonomy":"product_cat","embeddable":true,"href":"https:\/\/eheating.lt\/en\/wp-json\/wp\/v2\/product_cat?post=22660"},{"taxonomy":"product_tag","embeddable":true,"href":"https:\/\/eheating.lt\/en\/wp-json\/wp\/v2\/product_tag?post=22660"}],"curies":[{"name":"wp","href":"https:\/\/api.w.org\/{rel}","templated":true}]}}