{"id":22584,"date":"2023-11-13T22:13:24","date_gmt":"2023-11-13T20:13:24","guid":{"rendered":"https:\/\/eheating.lt\/?post_type=product&#038;p=22584"},"modified":"2025-03-26T08:33:17","modified_gmt":"2025-03-26T06:33:17","slug":"hikvision-mikrofonas-ds-2fp2020","status":"publish","type":"product","link":"https:\/\/eheating.lt\/en\/produktas\/hikvision-mikrofonas-ds-2fp2020\/","title":{"rendered":"Hikvision mikrofonas DS-2FP2020"},"content":{"rendered":"<hr \/>\n<table>\n<tbody>\n<tr>\n<td>Veikimo plotas<\/td>\n<td>70 sq.m<\/td>\n<\/tr>\n<tr>\n<td>Garso perdavimo atstumas<\/td>\n<td>3000m<\/td>\n<\/tr>\n<tr>\n<td>Jautrumas<\/td>\n<td>-34dB<\/td>\n<\/tr>\n<tr>\n<td>Da\u017enio atsakas<\/td>\n<td>20Hz\uff5e20KHz<\/td>\n<\/tr>\n<tr>\n<td>Kryptingumas<\/td>\n<td>Omnidirectional<\/td>\n<\/tr>\n<tr>\n<td>SNR<\/td>\n<td>60dB\uff081m40 dB audio tone SPL\uff0940dB(10m 40 dB audio tone SPL)1KHz at 1 Pa<\/td>\n<\/tr>\n<tr>\n<td style=\"width: 150px;\">Dinaminis diapazonas<\/td>\n<td>70dB(1KHz at Max dB SPL)<\/td>\n<\/tr>\n<tr>\n<td>Maksimalus garso sl\u0117gis<\/td>\n<td>100dB SPL\uff081KHz\uff0cTHD 1%\uff09<\/td>\n<\/tr>\n<tr>\n<td>I\u0161\u0117jimo var\u017ea<\/td>\n<td>600 ohm unbalanced<\/td>\n<\/tr>\n<tr>\n<td>I\u0161\u0117jimo signalo amplitud\u0117<\/td>\n<td>2.5Vpp\/-25dB<\/td>\n<\/tr>\n<tr>\n<td>Mikrofonai<\/td>\n<td>Capacitor microphone diaphragm<\/td>\n<\/tr>\n<tr>\n<td>Signal\u0173 apdorojimo grandin\u0117s<\/td>\n<td>ANC ambient noise cancellation technology<\/td>\n<\/tr>\n<tr>\n<td>Apsaugin\u0117s grandin\u0117s<\/td>\n<td>30KV Air contact ESD, lightning protection, reverse polarity protection<\/td>\n<\/tr>\n<tr>\n<td>Paj\u0117gumas<\/td>\n<td>Built-in pre-amplifier circuit can directly drive headphones<\/td>\n<\/tr>\n<tr>\n<td>Pajungimas<\/td>\n<td>3 wires (Power, Audio out, GND)<\/td>\n<\/tr>\n<tr>\n<td>Perdavimo kabelis<\/td>\n<td>3-core shielded cable 0.5mm\u00b2 RVVP<\/td>\n<\/tr>\n<tr>\n<td>Maitinimas<\/td>\n<td>DC 12V (9V-15V)<\/td>\n<\/tr>\n<tr>\n<td>Tiekimo srov\u0117<\/td>\n<td>Max 25mA<\/td>\n<\/tr>\n<tr>\n<td>Darbin\u0117 temperat\u016bra<\/td>\n<td>-25\u2103\uff5e70\u2103<\/td>\n<\/tr>\n<tr>\n<td>Montavimas<\/td>\n<td>Fixed Pedestal Mounting<\/td>\n<\/tr>\n<tr>\n<td>Spalva<\/td>\n<td>White\/Blue<\/td>\n<\/tr>\n<tr>\n<td>Korpusas<\/td>\n<td>PVC<\/td>\n<\/tr>\n<tr>\n<td>I\u0161matavimai<\/td>\n<td>\u03a678mm\u00d728mm<\/td>\n<\/tr>\n<tr>\n<td>Svoris<\/td>\n<td>60g<\/td>\n<\/tr>\n<\/tbody>\n<\/table>\n","protected":false},"excerpt":{"rendered":"<ul>\n<li>Didelio jautrumo \u012fvairiakryptis mikrofonas<\/li>\n<li>Garsas fiksuojamas i\u0161 vis\u0173 kryp\u010di\u0173<\/li>\n<\/ul>\n","protected":false},"featured_media":28769,"comment_status":"closed","ping_status":"closed","template":"","meta":[],"product_brand":[],"product_cat":[533,537,305,544,585,318],"product_tag":[],"class_list":{"0":"post-22584","1":"product","2":"type-product","3":"status-publish","4":"has-post-thumbnail","6":"product_cat-ip-vaizdo-stebejimo-sistemos","7":"product_cat-turbo-hd-kita-iranga","8":"product_cat-ip-kita-iranga","9":"product_cat-mikrofonai","10":"product_cat-mikrofonai-turbo-hd","11":"product_cat-turbo-hd-apsauga","13":"first","14":"onbackorder","15":"purchasable","16":"product-type-simple"},"yoast_head":"<!-- This site is optimized with the Yoast SEO Premium plugin v21.5 (Yoast SEO v27.3) - https:\/\/yoast.com\/product\/yoast-seo-premium-wordpress\/ -->\n<title>Hikvision mikrofonas DS-2FP2020<\/title>\n<meta name=\"description\" content=\"Hikvision mikrofonas DS-2FP2020 ; Didelio jautrumo \u012fvairiakryptis mikrofonas ; Garsas fiksuojamas i\u0161 vis\u0173 kryp\u010di\u0173 ; Maitinimas DC 12V (9V-15V)\" \/>\n<meta name=\"robots\" content=\"index, follow, max-snippet:-1, max-image-preview:large, max-video-preview:-1\" \/>\n<link rel=\"canonical\" href=\"https:\/\/eheating.lt\/en\/produktas\/hikvision-mikrofonas-ds-2fp2020\/\" \/>\n<meta property=\"og:locale\" content=\"en_US\" \/>\n<meta property=\"og:type\" content=\"article\" \/>\n<meta property=\"og:title\" content=\"Hikvision mikrofonas DS-2FP2020\" \/>\n<meta property=\"og:description\" content=\"Hikvision mikrofonas DS-2FP2020 ; Didelio jautrumo \u012fvairiakryptis mikrofonas ; Garsas fiksuojamas i\u0161 vis\u0173 kryp\u010di\u0173 ; Maitinimas DC 12V (9V-15V)\" \/>\n<meta property=\"og:url\" content=\"https:\/\/eheating.lt\/en\/produktas\/hikvision-mikrofonas-ds-2fp2020\/\" \/>\n<meta property=\"og:site_name\" content=\"Elektronika Namams\" \/>\n<meta property=\"article:publisher\" content=\"https:\/\/www.facebook.com\/ElektronikaNamams\" \/>\n<meta property=\"article:modified_time\" content=\"2025-03-26T06:33:17+00:00\" \/>\n<meta property=\"og:image\" content=\"https:\/\/eheating.lt\/wp-content\/uploads\/2023\/10\/Hikvision-mikrofonas-DS-2FP2020.png\" \/>\n\t<meta property=\"og:image:width\" content=\"800\" \/>\n\t<meta property=\"og:image:height\" content=\"800\" \/>\n\t<meta property=\"og:image:type\" content=\"image\/png\" \/>\n<meta name=\"twitter:card\" content=\"summary_large_image\" \/>\n<meta name=\"twitter:label1\" content=\"Price\" \/>\n\t<meta name=\"twitter:data1\" content=\"72,32&nbsp;&euro;\" \/>\n\t<meta name=\"twitter:label2\" content=\"Availability\" \/>\n\t<meta name=\"twitter:data2\" content=\"On backorder\" \/>\n<script type=\"application\/ld+json\" class=\"yoast-schema-graph\">{\"@context\":\"https:\\\/\\\/schema.org\",\"@graph\":[{\"@type\":\"WebPage\",\"@id\":\"https:\\\/\\\/eheating.lt\\\/en\\\/produktas\\\/hikvision-mikrofonas-ds-2fp2020\\\/\",\"url\":\"https:\\\/\\\/eheating.lt\\\/en\\\/produktas\\\/hikvision-mikrofonas-ds-2fp2020\\\/\",\"name\":\"Hikvision mikrofonas DS-2FP2020\",\"isPartOf\":{\"@id\":\"https:\\\/\\\/eheating.lt\\\/#website\"},\"primaryImageOfPage\":{\"@id\":\"https:\\\/\\\/eheating.lt\\\/en\\\/produktas\\\/hikvision-mikrofonas-ds-2fp2020\\\/#primaryimage\"},\"image\":{\"@id\":\"https:\\\/\\\/eheating.lt\\\/en\\\/produktas\\\/hikvision-mikrofonas-ds-2fp2020\\\/#primaryimage\"},\"thumbnailUrl\":\"https:\\\/\\\/eheating.lt\\\/wp-content\\\/uploads\\\/2023\\\/10\\\/Hikvision-mikrofonas-DS-2FP2020.png\",\"datePublished\":\"2023-11-13T20:13:24+00:00\",\"dateModified\":\"2025-03-26T06:33:17+00:00\",\"description\":\"Hikvision mikrofonas DS-2FP2020 ; Didelio jautrumo \u012fvairiakryptis mikrofonas ; Garsas fiksuojamas i\u0161 vis\u0173 kryp\u010di\u0173 ; Maitinimas DC 12V (9V-15V)\",\"breadcrumb\":{\"@id\":\"https:\\\/\\\/eheating.lt\\\/en\\\/produktas\\\/hikvision-mikrofonas-ds-2fp2020\\\/#breadcrumb\"},\"inLanguage\":\"en-US\",\"potentialAction\":[{\"@type\":\"ReadAction\",\"target\":[\"https:\\\/\\\/eheating.lt\\\/en\\\/produktas\\\/hikvision-mikrofonas-ds-2fp2020\\\/\"]}]},{\"@type\":\"ImageObject\",\"inLanguage\":\"en-US\",\"@id\":\"https:\\\/\\\/eheating.lt\\\/en\\\/produktas\\\/hikvision-mikrofonas-ds-2fp2020\\\/#primaryimage\",\"url\":\"https:\\\/\\\/eheating.lt\\\/wp-content\\\/uploads\\\/2023\\\/10\\\/Hikvision-mikrofonas-DS-2FP2020.png\",\"contentUrl\":\"https:\\\/\\\/eheating.lt\\\/wp-content\\\/uploads\\\/2023\\\/10\\\/Hikvision-mikrofonas-DS-2FP2020.png\",\"width\":800,\"height\":800,\"caption\":\"Hikvision mikrofonas DS-2FP2020\"},{\"@type\":\"BreadcrumbList\",\"@id\":\"https:\\\/\\\/eheating.lt\\\/en\\\/produktas\\\/hikvision-mikrofonas-ds-2fp2020\\\/#breadcrumb\",\"itemListElement\":[{\"@type\":\"ListItem\",\"position\":1,\"name\":\"Prad\u017eia\",\"item\":\"https:\\\/\\\/eheating.lt\\\/en\\\/\"},{\"@type\":\"ListItem\",\"position\":2,\"name\":\"Shop\",\"item\":\"https:\\\/\\\/eheating.lt\\\/en\\\/?page_id=5734\"},{\"@type\":\"ListItem\",\"position\":3,\"name\":\"Hikvision mikrofonas DS-2FP2020\"}]},{\"@type\":\"WebSite\",\"@id\":\"https:\\\/\\\/eheating.lt\\\/#website\",\"url\":\"https:\\\/\\\/eheating.lt\\\/\",\"name\":\"eHeating\",\"description\":\"Elektronika ir \u0161ildymas\",\"potentialAction\":[{\"@type\":\"SearchAction\",\"target\":{\"@type\":\"EntryPoint\",\"urlTemplate\":\"https:\\\/\\\/eheating.lt\\\/?s={search_term_string}\"},\"query-input\":{\"@type\":\"PropertyValueSpecification\",\"valueRequired\":true,\"valueName\":\"search_term_string\"}}],\"inLanguage\":\"en-US\"}]}<\/script>\n<meta property=\"product:price:amount\" content=\"72.32\" \/>\n<meta property=\"product:price:currency\" content=\"EUR\" \/>\n<meta property=\"og:availability\" content=\"backorder\" \/>\n<meta property=\"product:availability\" content=\"available for order\" \/>\n<meta property=\"product:retailer_item_id\" content=\"e4d08d53351f\" \/>\n<meta property=\"product:condition\" content=\"new\" \/>\n<!-- \/ Yoast SEO Premium plugin. -->","yoast_head_json":{"title":"Hikvision mikrofonas DS-2FP2020","description":"Hikvision mikrofonas DS-2FP2020 ; Didelio jautrumo \u012fvairiakryptis mikrofonas ; Garsas fiksuojamas i\u0161 vis\u0173 kryp\u010di\u0173 ; Maitinimas DC 12V (9V-15V)","robots":{"index":"index","follow":"follow","max-snippet":"max-snippet:-1","max-image-preview":"max-image-preview:large","max-video-preview":"max-video-preview:-1"},"canonical":"https:\/\/eheating.lt\/en\/produktas\/hikvision-mikrofonas-ds-2fp2020\/","og_locale":"en_US","og_type":"article","og_title":"Hikvision mikrofonas DS-2FP2020","og_description":"Hikvision mikrofonas DS-2FP2020 ; Didelio jautrumo \u012fvairiakryptis mikrofonas ; Garsas fiksuojamas i\u0161 vis\u0173 kryp\u010di\u0173 ; Maitinimas DC 12V (9V-15V)","og_url":"https:\/\/eheating.lt\/en\/produktas\/hikvision-mikrofonas-ds-2fp2020\/","og_site_name":"Elektronika Namams","article_publisher":"https:\/\/www.facebook.com\/ElektronikaNamams","article_modified_time":"2025-03-26T06:33:17+00:00","og_image":[{"width":800,"height":800,"url":"https:\/\/eheating.lt\/wp-content\/uploads\/2023\/10\/Hikvision-mikrofonas-DS-2FP2020.png","type":"image\/png"}],"twitter_card":"summary_large_image","twitter_misc":{"Price":"72,32&nbsp;&euro;","Availability":"On backorder"},"schema":{"@context":"https:\/\/schema.org","@graph":[{"@type":"WebPage","@id":"https:\/\/eheating.lt\/en\/produktas\/hikvision-mikrofonas-ds-2fp2020\/","url":"https:\/\/eheating.lt\/en\/produktas\/hikvision-mikrofonas-ds-2fp2020\/","name":"Hikvision mikrofonas DS-2FP2020","isPartOf":{"@id":"https:\/\/eheating.lt\/#website"},"primaryImageOfPage":{"@id":"https:\/\/eheating.lt\/en\/produktas\/hikvision-mikrofonas-ds-2fp2020\/#primaryimage"},"image":{"@id":"https:\/\/eheating.lt\/en\/produktas\/hikvision-mikrofonas-ds-2fp2020\/#primaryimage"},"thumbnailUrl":"https:\/\/eheating.lt\/wp-content\/uploads\/2023\/10\/Hikvision-mikrofonas-DS-2FP2020.png","datePublished":"2023-11-13T20:13:24+00:00","dateModified":"2025-03-26T06:33:17+00:00","description":"Hikvision mikrofonas DS-2FP2020 ; Didelio jautrumo \u012fvairiakryptis mikrofonas ; Garsas fiksuojamas i\u0161 vis\u0173 kryp\u010di\u0173 ; Maitinimas DC 12V (9V-15V)","breadcrumb":{"@id":"https:\/\/eheating.lt\/en\/produktas\/hikvision-mikrofonas-ds-2fp2020\/#breadcrumb"},"inLanguage":"en-US","potentialAction":[{"@type":"ReadAction","target":["https:\/\/eheating.lt\/en\/produktas\/hikvision-mikrofonas-ds-2fp2020\/"]}]},{"@type":"ImageObject","inLanguage":"en-US","@id":"https:\/\/eheating.lt\/en\/produktas\/hikvision-mikrofonas-ds-2fp2020\/#primaryimage","url":"https:\/\/eheating.lt\/wp-content\/uploads\/2023\/10\/Hikvision-mikrofonas-DS-2FP2020.png","contentUrl":"https:\/\/eheating.lt\/wp-content\/uploads\/2023\/10\/Hikvision-mikrofonas-DS-2FP2020.png","width":800,"height":800,"caption":"Hikvision mikrofonas DS-2FP2020"},{"@type":"BreadcrumbList","@id":"https:\/\/eheating.lt\/en\/produktas\/hikvision-mikrofonas-ds-2fp2020\/#breadcrumb","itemListElement":[{"@type":"ListItem","position":1,"name":"Prad\u017eia","item":"https:\/\/eheating.lt\/en\/"},{"@type":"ListItem","position":2,"name":"Shop","item":"https:\/\/eheating.lt\/en\/?page_id=5734"},{"@type":"ListItem","position":3,"name":"Hikvision mikrofonas DS-2FP2020"}]},{"@type":"WebSite","@id":"https:\/\/eheating.lt\/#website","url":"https:\/\/eheating.lt\/","name":"eHeating","description":"Elektronika ir \u0161ildymas","potentialAction":[{"@type":"SearchAction","target":{"@type":"EntryPoint","urlTemplate":"https:\/\/eheating.lt\/?s={search_term_string}"},"query-input":{"@type":"PropertyValueSpecification","valueRequired":true,"valueName":"search_term_string"}}],"inLanguage":"en-US"}]},"product_price_amount":"72.32","product_price_currency":"EUR","og_availability":"backorder","product_availability":"available for order","product_retailer_item_id":"e4d08d53351f","product_condition":"new"},"_links":{"self":[{"href":"https:\/\/eheating.lt\/en\/wp-json\/wp\/v2\/product\/22584","targetHints":{"allow":["GET"]}}],"collection":[{"href":"https:\/\/eheating.lt\/en\/wp-json\/wp\/v2\/product"}],"about":[{"href":"https:\/\/eheating.lt\/en\/wp-json\/wp\/v2\/types\/product"}],"replies":[{"embeddable":true,"href":"https:\/\/eheating.lt\/en\/wp-json\/wp\/v2\/comments?post=22584"}],"version-history":[{"count":1,"href":"https:\/\/eheating.lt\/en\/wp-json\/wp\/v2\/product\/22584\/revisions"}],"predecessor-version":[{"id":38990,"href":"https:\/\/eheating.lt\/en\/wp-json\/wp\/v2\/product\/22584\/revisions\/38990"}],"wp:featuredmedia":[{"embeddable":true,"href":"https:\/\/eheating.lt\/en\/wp-json\/wp\/v2\/media\/28769"}],"wp:attachment":[{"href":"https:\/\/eheating.lt\/en\/wp-json\/wp\/v2\/media?parent=22584"}],"wp:term":[{"taxonomy":"product_brand","embeddable":true,"href":"https:\/\/eheating.lt\/en\/wp-json\/wp\/v2\/product_brand?post=22584"},{"taxonomy":"product_cat","embeddable":true,"href":"https:\/\/eheating.lt\/en\/wp-json\/wp\/v2\/product_cat?post=22584"},{"taxonomy":"product_tag","embeddable":true,"href":"https:\/\/eheating.lt\/en\/wp-json\/wp\/v2\/product_tag?post=22584"}],"curies":[{"name":"wp","href":"https:\/\/api.w.org\/{rel}","templated":true}]}}