{"id":22310,"date":"2023-12-30T19:11:34","date_gmt":"2023-12-30T17:11:34","guid":{"rendered":"https:\/\/eheating.lt\/?post_type=product&#038;p=22310"},"modified":"2024-10-18T17:01:28","modified_gmt":"2024-10-18T14:01:28","slug":"paradox-307usb-sujungimo-sasaja","status":"publish","type":"product","link":"https:\/\/eheating.lt\/en\/produktas\/paradox-307usb-sujungimo-sasaja\/","title":{"rendered":"PARADOX 307USB sujungimo s\u0105saja"},"content":{"rendered":"<hr \/>\n<ul>\n<li><span style=\"font-size: 16px;\">Jungim\u0105sis per USB prievad\u0105 ir per serijin\u012f prievad\u0105 (DB-9)<\/span><\/li>\n<li><span style=\"font-size: 16px;\">Central\u0117 komunikuoja su kompiuteriu iki \u00a060m.<\/span><\/li>\n<li><span style=\"font-size: 16px;\">3 LED busenos indikatorius (PC, Panel and RX\/TX)<\/span><\/li>\n<li><span style=\"font-size: 16px;\">Komunikavimo greitis:<\/span><\/li>\n<li><span style=\"font-size: 16px;\">57.6k baud (MAGELLAN)<\/span><\/li>\n<li><span style=\"font-size: 16px;\">38.4k baud (EVO)<\/span><\/li>\n<li><span style=\"font-size: 16px;\">9.6k baud (MG serijos ir Spectra SP serijos)<\/span><\/li>\n<\/ul>\n","protected":false},"excerpt":{"rendered":"<ul>\n<li>307USB tiesioginio prisijungimo prie PC s\u0105saja<\/li>\n<\/ul>\n","protected":false},"featured_media":31046,"comment_status":"closed","ping_status":"closed","template":"","meta":[],"product_brand":[],"product_cat":[761,859,864],"product_tag":[974],"class_list":{"0":"post-22310","1":"product","2":"type-product","3":"status-publish","4":"has-post-thumbnail","6":"product_cat-security-systems","7":"product_cat-paradox-wired-security-systems","8":"product_cat-paradox-accessories","9":"product_tag-ean","11":"first","12":"instock","13":"purchasable","14":"product-type-simple"},"yoast_head":"<!-- This site is optimized with the Yoast SEO Premium plugin v21.5 (Yoast SEO v27.3) - https:\/\/yoast.com\/product\/yoast-seo-premium-wordpress\/ -->\n<title>PARADOX 307USB sujungimo s\u0105saja<\/title>\n<meta name=\"description\" content=\"Paradox 307USB sujungimo s\u0105saja ; 307USB tiesioginio prisijungimo prie PC s\u0105saja ; Jungim\u0105sis per USB prievad\u0105 ir per serijin\u012f prievad\u0105 (DB-9)\" \/>\n<meta name=\"robots\" content=\"index, follow, max-snippet:-1, max-image-preview:large, max-video-preview:-1\" \/>\n<link rel=\"canonical\" href=\"https:\/\/eheating.lt\/produktas\/paradox-307usb-sujungimo-sasaja\/\" \/>\n<meta property=\"og:locale\" content=\"en_US\" \/>\n<meta property=\"og:type\" content=\"article\" \/>\n<meta property=\"og:title\" content=\"PARADOX 307USB sujungimo s\u0105saja\" \/>\n<meta property=\"og:description\" content=\"Paradox 307USB sujungimo s\u0105saja ; 307USB tiesioginio prisijungimo prie PC s\u0105saja ; Jungim\u0105sis per USB prievad\u0105 ir per serijin\u012f prievad\u0105 (DB-9)\" \/>\n<meta property=\"og:url\" content=\"https:\/\/eheating.lt\/produktas\/paradox-307usb-sujungimo-sasaja\/\" \/>\n<meta property=\"og:site_name\" content=\"Elektronika Namams\" \/>\n<meta property=\"article:publisher\" content=\"https:\/\/www.facebook.com\/ElektronikaNamams\" \/>\n<meta property=\"article:modified_time\" content=\"2024-10-18T14:01:28+00:00\" \/>\n<meta property=\"og:image\" content=\"https:\/\/eheating.lt\/wp-content\/uploads\/2023\/10\/PARADOX-307USB-sujungimo-sasaja.png\" \/>\n\t<meta property=\"og:image:width\" content=\"800\" \/>\n\t<meta property=\"og:image:height\" content=\"800\" \/>\n\t<meta property=\"og:image:type\" content=\"image\/png\" \/>\n<meta name=\"twitter:card\" content=\"summary_large_image\" \/>\n<meta name=\"twitter:label1\" content=\"Price\" \/>\n\t<meta name=\"twitter:data1\" content=\"66,24&nbsp;&euro;\" \/>\n\t<meta name=\"twitter:label2\" content=\"Availability\" \/>\n\t<meta name=\"twitter:data2\" content=\"In stock\" \/>\n<script type=\"application\/ld+json\" class=\"yoast-schema-graph\">{\"@context\":\"https:\\\/\\\/schema.org\",\"@graph\":[{\"@type\":\"WebPage\",\"@id\":\"https:\\\/\\\/eheating.lt\\\/produktas\\\/paradox-307usb-sujungimo-sasaja\\\/\",\"url\":\"https:\\\/\\\/eheating.lt\\\/produktas\\\/paradox-307usb-sujungimo-sasaja\\\/\",\"name\":\"PARADOX 307USB sujungimo s\u0105saja\",\"isPartOf\":{\"@id\":\"https:\\\/\\\/eheating.lt\\\/#website\"},\"primaryImageOfPage\":{\"@id\":\"https:\\\/\\\/eheating.lt\\\/produktas\\\/paradox-307usb-sujungimo-sasaja\\\/#primaryimage\"},\"image\":{\"@id\":\"https:\\\/\\\/eheating.lt\\\/produktas\\\/paradox-307usb-sujungimo-sasaja\\\/#primaryimage\"},\"thumbnailUrl\":\"https:\\\/\\\/eheating.lt\\\/wp-content\\\/uploads\\\/2023\\\/10\\\/PARADOX-307USB-sujungimo-sasaja.png\",\"datePublished\":\"2023-12-30T17:11:34+00:00\",\"dateModified\":\"2024-10-18T14:01:28+00:00\",\"description\":\"Paradox 307USB sujungimo s\u0105saja ; 307USB tiesioginio prisijungimo prie PC s\u0105saja ; Jungim\u0105sis per USB prievad\u0105 ir per serijin\u012f prievad\u0105 (DB-9)\",\"breadcrumb\":{\"@id\":\"https:\\\/\\\/eheating.lt\\\/produktas\\\/paradox-307usb-sujungimo-sasaja\\\/#breadcrumb\"},\"inLanguage\":\"en-US\",\"potentialAction\":[{\"@type\":\"ReadAction\",\"target\":[\"https:\\\/\\\/eheating.lt\\\/produktas\\\/paradox-307usb-sujungimo-sasaja\\\/\"]}]},{\"@type\":\"ImageObject\",\"inLanguage\":\"en-US\",\"@id\":\"https:\\\/\\\/eheating.lt\\\/produktas\\\/paradox-307usb-sujungimo-sasaja\\\/#primaryimage\",\"url\":\"https:\\\/\\\/eheating.lt\\\/wp-content\\\/uploads\\\/2023\\\/10\\\/PARADOX-307USB-sujungimo-sasaja.png\",\"contentUrl\":\"https:\\\/\\\/eheating.lt\\\/wp-content\\\/uploads\\\/2023\\\/10\\\/PARADOX-307USB-sujungimo-sasaja.png\",\"width\":800,\"height\":800,\"caption\":\"PARADOX 307USB\"},{\"@type\":\"BreadcrumbList\",\"@id\":\"https:\\\/\\\/eheating.lt\\\/produktas\\\/paradox-307usb-sujungimo-sasaja\\\/#breadcrumb\",\"itemListElement\":[{\"@type\":\"ListItem\",\"position\":1,\"name\":\"Prad\u017eia\",\"item\":\"https:\\\/\\\/eheating.lt\\\/en\\\/\"},{\"@type\":\"ListItem\",\"position\":2,\"name\":\"Shop\",\"item\":\"https:\\\/\\\/eheating.lt\\\/en\\\/?page_id=5734\"},{\"@type\":\"ListItem\",\"position\":3,\"name\":\"PARADOX 307USB sujungimo s\u0105saja\"}]},{\"@type\":\"WebSite\",\"@id\":\"https:\\\/\\\/eheating.lt\\\/#website\",\"url\":\"https:\\\/\\\/eheating.lt\\\/\",\"name\":\"eHeating\",\"description\":\"Elektronika ir \u0161ildymas\",\"potentialAction\":[{\"@type\":\"SearchAction\",\"target\":{\"@type\":\"EntryPoint\",\"urlTemplate\":\"https:\\\/\\\/eheating.lt\\\/?s={search_term_string}\"},\"query-input\":{\"@type\":\"PropertyValueSpecification\",\"valueRequired\":true,\"valueName\":\"search_term_string\"}}],\"inLanguage\":\"en-US\"}]}<\/script>\n<meta property=\"product:price:amount\" content=\"66.24\" \/>\n<meta property=\"product:price:currency\" content=\"EUR\" \/>\n<meta property=\"og:availability\" content=\"instock\" \/>\n<meta property=\"product:availability\" content=\"instock\" \/>\n<meta property=\"product:retailer_item_id\" content=\"02d8b7decf6d\" \/>\n<meta property=\"product:condition\" content=\"new\" \/>\n<!-- \/ Yoast SEO Premium plugin. -->","yoast_head_json":{"title":"PARADOX 307USB sujungimo s\u0105saja","description":"Paradox 307USB sujungimo s\u0105saja ; 307USB tiesioginio prisijungimo prie PC s\u0105saja ; Jungim\u0105sis per USB prievad\u0105 ir per serijin\u012f prievad\u0105 (DB-9)","robots":{"index":"index","follow":"follow","max-snippet":"max-snippet:-1","max-image-preview":"max-image-preview:large","max-video-preview":"max-video-preview:-1"},"canonical":"https:\/\/eheating.lt\/produktas\/paradox-307usb-sujungimo-sasaja\/","og_locale":"en_US","og_type":"article","og_title":"PARADOX 307USB sujungimo s\u0105saja","og_description":"Paradox 307USB sujungimo s\u0105saja ; 307USB tiesioginio prisijungimo prie PC s\u0105saja ; Jungim\u0105sis per USB prievad\u0105 ir per serijin\u012f prievad\u0105 (DB-9)","og_url":"https:\/\/eheating.lt\/produktas\/paradox-307usb-sujungimo-sasaja\/","og_site_name":"Elektronika Namams","article_publisher":"https:\/\/www.facebook.com\/ElektronikaNamams","article_modified_time":"2024-10-18T14:01:28+00:00","og_image":[{"width":800,"height":800,"url":"https:\/\/eheating.lt\/wp-content\/uploads\/2023\/10\/PARADOX-307USB-sujungimo-sasaja.png","type":"image\/png"}],"twitter_card":"summary_large_image","twitter_misc":{"Price":"66,24&nbsp;&euro;","Availability":"In stock"},"schema":{"@context":"https:\/\/schema.org","@graph":[{"@type":"WebPage","@id":"https:\/\/eheating.lt\/produktas\/paradox-307usb-sujungimo-sasaja\/","url":"https:\/\/eheating.lt\/produktas\/paradox-307usb-sujungimo-sasaja\/","name":"PARADOX 307USB sujungimo s\u0105saja","isPartOf":{"@id":"https:\/\/eheating.lt\/#website"},"primaryImageOfPage":{"@id":"https:\/\/eheating.lt\/produktas\/paradox-307usb-sujungimo-sasaja\/#primaryimage"},"image":{"@id":"https:\/\/eheating.lt\/produktas\/paradox-307usb-sujungimo-sasaja\/#primaryimage"},"thumbnailUrl":"https:\/\/eheating.lt\/wp-content\/uploads\/2023\/10\/PARADOX-307USB-sujungimo-sasaja.png","datePublished":"2023-12-30T17:11:34+00:00","dateModified":"2024-10-18T14:01:28+00:00","description":"Paradox 307USB sujungimo s\u0105saja ; 307USB tiesioginio prisijungimo prie PC s\u0105saja ; Jungim\u0105sis per USB prievad\u0105 ir per serijin\u012f prievad\u0105 (DB-9)","breadcrumb":{"@id":"https:\/\/eheating.lt\/produktas\/paradox-307usb-sujungimo-sasaja\/#breadcrumb"},"inLanguage":"en-US","potentialAction":[{"@type":"ReadAction","target":["https:\/\/eheating.lt\/produktas\/paradox-307usb-sujungimo-sasaja\/"]}]},{"@type":"ImageObject","inLanguage":"en-US","@id":"https:\/\/eheating.lt\/produktas\/paradox-307usb-sujungimo-sasaja\/#primaryimage","url":"https:\/\/eheating.lt\/wp-content\/uploads\/2023\/10\/PARADOX-307USB-sujungimo-sasaja.png","contentUrl":"https:\/\/eheating.lt\/wp-content\/uploads\/2023\/10\/PARADOX-307USB-sujungimo-sasaja.png","width":800,"height":800,"caption":"PARADOX 307USB"},{"@type":"BreadcrumbList","@id":"https:\/\/eheating.lt\/produktas\/paradox-307usb-sujungimo-sasaja\/#breadcrumb","itemListElement":[{"@type":"ListItem","position":1,"name":"Prad\u017eia","item":"https:\/\/eheating.lt\/en\/"},{"@type":"ListItem","position":2,"name":"Shop","item":"https:\/\/eheating.lt\/en\/?page_id=5734"},{"@type":"ListItem","position":3,"name":"PARADOX 307USB sujungimo s\u0105saja"}]},{"@type":"WebSite","@id":"https:\/\/eheating.lt\/#website","url":"https:\/\/eheating.lt\/","name":"eHeating","description":"Elektronika ir \u0161ildymas","potentialAction":[{"@type":"SearchAction","target":{"@type":"EntryPoint","urlTemplate":"https:\/\/eheating.lt\/?s={search_term_string}"},"query-input":{"@type":"PropertyValueSpecification","valueRequired":true,"valueName":"search_term_string"}}],"inLanguage":"en-US"}]},"product_price_amount":"66.24","product_price_currency":"EUR","og_availability":"instock","product_availability":"instock","product_retailer_item_id":"02d8b7decf6d","product_condition":"new"},"_links":{"self":[{"href":"https:\/\/eheating.lt\/en\/wp-json\/wp\/v2\/product\/22310","targetHints":{"allow":["GET"]}}],"collection":[{"href":"https:\/\/eheating.lt\/en\/wp-json\/wp\/v2\/product"}],"about":[{"href":"https:\/\/eheating.lt\/en\/wp-json\/wp\/v2\/types\/product"}],"replies":[{"embeddable":true,"href":"https:\/\/eheating.lt\/en\/wp-json\/wp\/v2\/comments?post=22310"}],"version-history":[{"count":0,"href":"https:\/\/eheating.lt\/en\/wp-json\/wp\/v2\/product\/22310\/revisions"}],"wp:featuredmedia":[{"embeddable":true,"href":"https:\/\/eheating.lt\/en\/wp-json\/wp\/v2\/media\/31046"}],"wp:attachment":[{"href":"https:\/\/eheating.lt\/en\/wp-json\/wp\/v2\/media?parent=22310"}],"wp:term":[{"taxonomy":"product_brand","embeddable":true,"href":"https:\/\/eheating.lt\/en\/wp-json\/wp\/v2\/product_brand?post=22310"},{"taxonomy":"product_cat","embeddable":true,"href":"https:\/\/eheating.lt\/en\/wp-json\/wp\/v2\/product_cat?post=22310"},{"taxonomy":"product_tag","embeddable":true,"href":"https:\/\/eheating.lt\/en\/wp-json\/wp\/v2\/product_tag?post=22310"}],"curies":[{"name":"wp","href":"https:\/\/api.w.org\/{rel}","templated":true}]}}