{"id":22204,"date":"2023-11-13T22:06:42","date_gmt":"2023-11-13T20:06:42","guid":{"rendered":"https:\/\/eheating.lt\/?post_type=product&#038;p=22204"},"modified":"2024-10-18T16:59:56","modified_gmt":"2024-10-18T13:59:56","slug":"hikvision-kronsteinas-ds-1663zj-p","status":"publish","type":"product","link":"https:\/\/eheating.lt\/en\/produktas\/hikvision-kronsteinas-ds-1663zj-p\/","title":{"rendered":"Hikvision kron\u0161teinas DS-1663ZJ-P"},"content":{"rendered":"<p>&nbsp;<\/p>\n<ul class=\"tech-specs-items-description\" data-target=\"Parameters\">\n<li class=\"tech-specs-items-description-list\"><span class=\"tech-specs-items-description__title\">Svoris <\/span><span class=\"tech-specs-items-description__title-details\">380 g (0.84 lb.)<\/span><\/li>\n<li class=\"tech-specs-items-description-list\"><span class=\"tech-specs-items-description__title\">Spalva <\/span><span class=\"tech-specs-items-description__title-details\">Platinum Gray<\/span><\/li>\n<li class=\"tech-specs-items-description-list\"><span class=\"tech-specs-items-description__title\">Med\u017eiaga <\/span><span class=\"tech-specs-items-description__title-details\">Aluminum Alloy<\/span><\/li>\n<li class=\"tech-specs-items-description-list\"><span class=\"tech-specs-items-description__title\">Dydis<\/span><span class=\"tech-specs-items-description__title-details\">\u00d8 116.5 mm \u00d7 57 mm (4.59&#8243; \u00d7 2.24&#8243;)<\/span><\/li>\n<li class=\"tech-specs-items-description-list\"><span class=\"tech-specs-items-description__title\">Apra\u0161ymas <\/span><span class=\"tech-specs-items-description__title-details\">Ceiling Mount for Speed Dome<\/span><\/li>\n<\/ul>\n","protected":false},"excerpt":{"rendered":"<ul>\n<li>Atraminis kron\u0161teinas DS-1663ZJ-P<\/li>\n<\/ul>\n","protected":false},"featured_media":28513,"comment_status":"closed","ping_status":"closed","template":"","meta":[],"product_brand":[],"product_cat":[533,537,305,583,354,318],"product_tag":[],"class_list":{"0":"post-22204","1":"product","2":"type-product","3":"status-publish","4":"has-post-thumbnail","6":"product_cat-ip-vaizdo-stebejimo-sistemos","7":"product_cat-turbo-hd-kita-iranga","8":"product_cat-ip-kita-iranga","9":"product_cat-laikikliai-ir-kronsteinai-turbo-hd","10":"product_cat-laikikliai-ir-kronsteinai","11":"product_cat-turbo-hd-apsauga","13":"first","14":"instock","15":"purchasable","16":"product-type-simple"},"yoast_head":"<!-- This site is optimized with the Yoast SEO Premium plugin v21.5 (Yoast SEO v27.3) - https:\/\/yoast.com\/product\/yoast-seo-premium-wordpress\/ -->\n<title>Hikvision kron\u0161teinas DS-1663ZJ-P<\/title>\n<meta name=\"description\" content=\"Hikvision kron\u0161teinas DS-1663ZJ-P ; Atraminis kron\u0161teinas ; Svoris 380 g ; Spalva - pilka ; Dydis\u00d8 116.5 mm \u00d7 57 mm ; Gamintojas - Hikvision\" \/>\n<meta name=\"robots\" content=\"index, follow, max-snippet:-1, max-image-preview:large, max-video-preview:-1\" \/>\n<link rel=\"canonical\" href=\"https:\/\/eheating.lt\/en\/produktas\/hikvision-kronsteinas-ds-1663zj-p\/\" \/>\n<meta property=\"og:locale\" content=\"en_US\" \/>\n<meta property=\"og:type\" content=\"article\" \/>\n<meta property=\"og:title\" content=\"Hikvision kron\u0161teinas DS-1663ZJ-P\" \/>\n<meta property=\"og:description\" content=\"Hikvision kron\u0161teinas DS-1663ZJ-P ; Atraminis kron\u0161teinas ; Svoris 380 g ; Spalva - pilka ; Dydis\u00d8 116.5 mm \u00d7 57 mm ; Gamintojas - Hikvision\" \/>\n<meta property=\"og:url\" content=\"https:\/\/eheating.lt\/en\/produktas\/hikvision-kronsteinas-ds-1663zj-p\/\" \/>\n<meta property=\"og:site_name\" content=\"Elektronika Namams\" \/>\n<meta property=\"article:publisher\" content=\"https:\/\/www.facebook.com\/ElektronikaNamams\" \/>\n<meta property=\"article:modified_time\" content=\"2024-10-18T13:59:56+00:00\" \/>\n<meta property=\"og:image\" content=\"https:\/\/eheating.lt\/wp-content\/uploads\/2023\/10\/Hikvision-kronsteinas-DS-1663ZJ-P.png\" \/>\n\t<meta property=\"og:image:width\" content=\"800\" \/>\n\t<meta property=\"og:image:height\" content=\"800\" \/>\n\t<meta property=\"og:image:type\" content=\"image\/png\" \/>\n<meta name=\"twitter:card\" content=\"summary_large_image\" \/>\n<meta name=\"twitter:label1\" content=\"Price\" \/>\n\t<meta name=\"twitter:data1\" content=\"22,12&nbsp;&euro;\" \/>\n\t<meta name=\"twitter:label2\" content=\"Availability\" \/>\n\t<meta name=\"twitter:data2\" content=\"In stock\" \/>\n<script type=\"application\/ld+json\" class=\"yoast-schema-graph\">{\"@context\":\"https:\\\/\\\/schema.org\",\"@graph\":[{\"@type\":\"WebPage\",\"@id\":\"https:\\\/\\\/eheating.lt\\\/en\\\/produktas\\\/hikvision-kronsteinas-ds-1663zj-p\\\/\",\"url\":\"https:\\\/\\\/eheating.lt\\\/en\\\/produktas\\\/hikvision-kronsteinas-ds-1663zj-p\\\/\",\"name\":\"Hikvision kron\u0161teinas DS-1663ZJ-P\",\"isPartOf\":{\"@id\":\"https:\\\/\\\/eheating.lt\\\/#website\"},\"primaryImageOfPage\":{\"@id\":\"https:\\\/\\\/eheating.lt\\\/en\\\/produktas\\\/hikvision-kronsteinas-ds-1663zj-p\\\/#primaryimage\"},\"image\":{\"@id\":\"https:\\\/\\\/eheating.lt\\\/en\\\/produktas\\\/hikvision-kronsteinas-ds-1663zj-p\\\/#primaryimage\"},\"thumbnailUrl\":\"https:\\\/\\\/eheating.lt\\\/wp-content\\\/uploads\\\/2023\\\/10\\\/Hikvision-kronsteinas-DS-1663ZJ-P.png\",\"datePublished\":\"2023-11-13T20:06:42+00:00\",\"dateModified\":\"2024-10-18T13:59:56+00:00\",\"description\":\"Hikvision kron\u0161teinas DS-1663ZJ-P ; Atraminis kron\u0161teinas ; Svoris 380 g ; Spalva - pilka ; Dydis\u00d8 116.5 mm \u00d7 57 mm ; Gamintojas - Hikvision\",\"breadcrumb\":{\"@id\":\"https:\\\/\\\/eheating.lt\\\/en\\\/produktas\\\/hikvision-kronsteinas-ds-1663zj-p\\\/#breadcrumb\"},\"inLanguage\":\"en-US\",\"potentialAction\":[{\"@type\":\"ReadAction\",\"target\":[\"https:\\\/\\\/eheating.lt\\\/en\\\/produktas\\\/hikvision-kronsteinas-ds-1663zj-p\\\/\"]}]},{\"@type\":\"ImageObject\",\"inLanguage\":\"en-US\",\"@id\":\"https:\\\/\\\/eheating.lt\\\/en\\\/produktas\\\/hikvision-kronsteinas-ds-1663zj-p\\\/#primaryimage\",\"url\":\"https:\\\/\\\/eheating.lt\\\/wp-content\\\/uploads\\\/2023\\\/10\\\/Hikvision-kronsteinas-DS-1663ZJ-P.png\",\"contentUrl\":\"https:\\\/\\\/eheating.lt\\\/wp-content\\\/uploads\\\/2023\\\/10\\\/Hikvision-kronsteinas-DS-1663ZJ-P.png\",\"width\":800,\"height\":800,\"caption\":\"Hikvision kron\u0161teinas DS-1663ZJ-P\"},{\"@type\":\"BreadcrumbList\",\"@id\":\"https:\\\/\\\/eheating.lt\\\/en\\\/produktas\\\/hikvision-kronsteinas-ds-1663zj-p\\\/#breadcrumb\",\"itemListElement\":[{\"@type\":\"ListItem\",\"position\":1,\"name\":\"Prad\u017eia\",\"item\":\"https:\\\/\\\/eheating.lt\\\/en\\\/\"},{\"@type\":\"ListItem\",\"position\":2,\"name\":\"Shop\",\"item\":\"https:\\\/\\\/eheating.lt\\\/en\\\/?page_id=5734\"},{\"@type\":\"ListItem\",\"position\":3,\"name\":\"Hikvision kron\u0161teinas DS-1663ZJ-P\"}]},{\"@type\":\"WebSite\",\"@id\":\"https:\\\/\\\/eheating.lt\\\/#website\",\"url\":\"https:\\\/\\\/eheating.lt\\\/\",\"name\":\"eHeating\",\"description\":\"Elektronika ir \u0161ildymas\",\"potentialAction\":[{\"@type\":\"SearchAction\",\"target\":{\"@type\":\"EntryPoint\",\"urlTemplate\":\"https:\\\/\\\/eheating.lt\\\/?s={search_term_string}\"},\"query-input\":{\"@type\":\"PropertyValueSpecification\",\"valueRequired\":true,\"valueName\":\"search_term_string\"}}],\"inLanguage\":\"en-US\"}]}<\/script>\n<meta property=\"product:price:amount\" content=\"22.12\" \/>\n<meta property=\"product:price:currency\" content=\"EUR\" \/>\n<meta property=\"og:availability\" content=\"instock\" \/>\n<meta property=\"product:availability\" content=\"instock\" \/>\n<meta property=\"product:retailer_item_id\" content=\"e6caa11624c9\" \/>\n<meta property=\"product:condition\" content=\"new\" \/>\n<!-- \/ Yoast SEO Premium plugin. -->","yoast_head_json":{"title":"Hikvision kron\u0161teinas DS-1663ZJ-P","description":"Hikvision kron\u0161teinas DS-1663ZJ-P ; Atraminis kron\u0161teinas ; Svoris 380 g ; Spalva - pilka ; Dydis\u00d8 116.5 mm \u00d7 57 mm ; Gamintojas - Hikvision","robots":{"index":"index","follow":"follow","max-snippet":"max-snippet:-1","max-image-preview":"max-image-preview:large","max-video-preview":"max-video-preview:-1"},"canonical":"https:\/\/eheating.lt\/en\/produktas\/hikvision-kronsteinas-ds-1663zj-p\/","og_locale":"en_US","og_type":"article","og_title":"Hikvision kron\u0161teinas DS-1663ZJ-P","og_description":"Hikvision kron\u0161teinas DS-1663ZJ-P ; Atraminis kron\u0161teinas ; Svoris 380 g ; Spalva - pilka ; Dydis\u00d8 116.5 mm \u00d7 57 mm ; Gamintojas - Hikvision","og_url":"https:\/\/eheating.lt\/en\/produktas\/hikvision-kronsteinas-ds-1663zj-p\/","og_site_name":"Elektronika Namams","article_publisher":"https:\/\/www.facebook.com\/ElektronikaNamams","article_modified_time":"2024-10-18T13:59:56+00:00","og_image":[{"width":800,"height":800,"url":"https:\/\/eheating.lt\/wp-content\/uploads\/2023\/10\/Hikvision-kronsteinas-DS-1663ZJ-P.png","type":"image\/png"}],"twitter_card":"summary_large_image","twitter_misc":{"Price":"22,12&nbsp;&euro;","Availability":"In stock"},"schema":{"@context":"https:\/\/schema.org","@graph":[{"@type":"WebPage","@id":"https:\/\/eheating.lt\/en\/produktas\/hikvision-kronsteinas-ds-1663zj-p\/","url":"https:\/\/eheating.lt\/en\/produktas\/hikvision-kronsteinas-ds-1663zj-p\/","name":"Hikvision kron\u0161teinas DS-1663ZJ-P","isPartOf":{"@id":"https:\/\/eheating.lt\/#website"},"primaryImageOfPage":{"@id":"https:\/\/eheating.lt\/en\/produktas\/hikvision-kronsteinas-ds-1663zj-p\/#primaryimage"},"image":{"@id":"https:\/\/eheating.lt\/en\/produktas\/hikvision-kronsteinas-ds-1663zj-p\/#primaryimage"},"thumbnailUrl":"https:\/\/eheating.lt\/wp-content\/uploads\/2023\/10\/Hikvision-kronsteinas-DS-1663ZJ-P.png","datePublished":"2023-11-13T20:06:42+00:00","dateModified":"2024-10-18T13:59:56+00:00","description":"Hikvision kron\u0161teinas DS-1663ZJ-P ; Atraminis kron\u0161teinas ; Svoris 380 g ; Spalva - pilka ; Dydis\u00d8 116.5 mm \u00d7 57 mm ; Gamintojas - Hikvision","breadcrumb":{"@id":"https:\/\/eheating.lt\/en\/produktas\/hikvision-kronsteinas-ds-1663zj-p\/#breadcrumb"},"inLanguage":"en-US","potentialAction":[{"@type":"ReadAction","target":["https:\/\/eheating.lt\/en\/produktas\/hikvision-kronsteinas-ds-1663zj-p\/"]}]},{"@type":"ImageObject","inLanguage":"en-US","@id":"https:\/\/eheating.lt\/en\/produktas\/hikvision-kronsteinas-ds-1663zj-p\/#primaryimage","url":"https:\/\/eheating.lt\/wp-content\/uploads\/2023\/10\/Hikvision-kronsteinas-DS-1663ZJ-P.png","contentUrl":"https:\/\/eheating.lt\/wp-content\/uploads\/2023\/10\/Hikvision-kronsteinas-DS-1663ZJ-P.png","width":800,"height":800,"caption":"Hikvision kron\u0161teinas DS-1663ZJ-P"},{"@type":"BreadcrumbList","@id":"https:\/\/eheating.lt\/en\/produktas\/hikvision-kronsteinas-ds-1663zj-p\/#breadcrumb","itemListElement":[{"@type":"ListItem","position":1,"name":"Prad\u017eia","item":"https:\/\/eheating.lt\/en\/"},{"@type":"ListItem","position":2,"name":"Shop","item":"https:\/\/eheating.lt\/en\/?page_id=5734"},{"@type":"ListItem","position":3,"name":"Hikvision kron\u0161teinas DS-1663ZJ-P"}]},{"@type":"WebSite","@id":"https:\/\/eheating.lt\/#website","url":"https:\/\/eheating.lt\/","name":"eHeating","description":"Elektronika ir \u0161ildymas","potentialAction":[{"@type":"SearchAction","target":{"@type":"EntryPoint","urlTemplate":"https:\/\/eheating.lt\/?s={search_term_string}"},"query-input":{"@type":"PropertyValueSpecification","valueRequired":true,"valueName":"search_term_string"}}],"inLanguage":"en-US"}]},"product_price_amount":"22.12","product_price_currency":"EUR","og_availability":"instock","product_availability":"instock","product_retailer_item_id":"e6caa11624c9","product_condition":"new"},"_links":{"self":[{"href":"https:\/\/eheating.lt\/en\/wp-json\/wp\/v2\/product\/22204","targetHints":{"allow":["GET"]}}],"collection":[{"href":"https:\/\/eheating.lt\/en\/wp-json\/wp\/v2\/product"}],"about":[{"href":"https:\/\/eheating.lt\/en\/wp-json\/wp\/v2\/types\/product"}],"replies":[{"embeddable":true,"href":"https:\/\/eheating.lt\/en\/wp-json\/wp\/v2\/comments?post=22204"}],"version-history":[{"count":0,"href":"https:\/\/eheating.lt\/en\/wp-json\/wp\/v2\/product\/22204\/revisions"}],"wp:featuredmedia":[{"embeddable":true,"href":"https:\/\/eheating.lt\/en\/wp-json\/wp\/v2\/media\/28513"}],"wp:attachment":[{"href":"https:\/\/eheating.lt\/en\/wp-json\/wp\/v2\/media?parent=22204"}],"wp:term":[{"taxonomy":"product_brand","embeddable":true,"href":"https:\/\/eheating.lt\/en\/wp-json\/wp\/v2\/product_brand?post=22204"},{"taxonomy":"product_cat","embeddable":true,"href":"https:\/\/eheating.lt\/en\/wp-json\/wp\/v2\/product_cat?post=22204"},{"taxonomy":"product_tag","embeddable":true,"href":"https:\/\/eheating.lt\/en\/wp-json\/wp\/v2\/product_tag?post=22204"}],"curies":[{"name":"wp","href":"https:\/\/api.w.org\/{rel}","templated":true}]}}