{"id":22130,"date":"2023-11-13T21:36:16","date_gmt":"2023-11-13T19:36:16","guid":{"rendered":"https:\/\/eheating.lt\/?post_type=product&#038;p=22130"},"modified":"2024-07-11T18:19:56","modified_gmt":"2024-07-11T15:19:56","slug":"ezviz-cs-cmt-solar-panel-c-saules-kolektorius","status":"publish","type":"product","link":"https:\/\/eheating.lt\/en\/produktas\/ezviz-cs-cmt-solar-panel-c-saules-kolektorius\/","title":{"rendered":"EZVIZ CS-CMT-Solar Panel-C saul\u0117s kolektorius"},"content":{"rendered":"<table class=\"pro_infobox\">\n<tbody>\n<tr class=\"line firstRow\">\n<th class=\"title\" colspan=\"2\" rowspan=\"1\">Specifikacija<\/th>\n<\/tr>\n<tr class=\"lines\">\n<th colspan=\"1\" rowspan=\"1\" width=\"200\">Modelis<\/th>\n<td class=\"tdline3\" colspan=\"1\" rowspan=\"1\">CS-CMT-Solar Panel-C<\/td>\n<\/tr>\n<tr class=\"line\">\n<th class=\"title\" colspan=\"2\" rowspan=\"1\">Veikimo parametrai<\/th>\n<\/tr>\n<tr class=\"lines\">\n<th colspan=\"1\" rowspan=\"1\" width=\"200\">\u012etampa<\/th>\n<td class=\"tdline3\" colspan=\"1\" rowspan=\"1\">6V \u00b1 5%<\/td>\n<\/tr>\n<tr class=\"lines\">\n<th colspan=\"1\" rowspan=\"1\" width=\"200\">Maks. energijos srov\u0117<\/th>\n<td class=\"tdline3\" colspan=\"1\" rowspan=\"1\">1030 mA \u00b1 5%<\/td>\n<\/tr>\n<tr class=\"lines\">\n<th colspan=\"1\" rowspan=\"1\" width=\"200\">Maks. galia<\/th>\n<td class=\"tdline3\" colspan=\"1\" rowspan=\"1\">6.18 W<\/td>\n<\/tr>\n<tr class=\"lines\">\n<th colspan=\"1\" rowspan=\"1\" width=\"200\">Keitimo paj\u0117gumas<\/th>\n<td class=\"tdline3\" colspan=\"1\" rowspan=\"1\">0.216<\/td>\n<\/tr>\n<tr class=\"lines\">\n<th colspan=\"1\" rowspan=\"1\" width=\"200\">Veikimo temperat\u016bra<\/th>\n<td class=\"tdline3\" colspan=\"1\" rowspan=\"1\">-20\u00b0C &#8211; 60\u00b0C (-4\u00b0F &#8211; 140\u00b0F); Humidity 90% or less (non-condensing)<\/td>\n<\/tr>\n<tr class=\"lines\">\n<th colspan=\"1\" rowspan=\"1\" width=\"200\">IP reitingas<\/th>\n<td class=\"tdline3\" colspan=\"1\" rowspan=\"1\">IP65<\/td>\n<\/tr>\n<\/tbody>\n<\/table>\n","protected":false},"excerpt":{"rendered":"<ul>\n<li>IP klas\u0117: IP65<\/li>\n<li>Pritaikyta naudoti lauke<\/li>\n<li>Veikimo s\u0105lygos: atsparumas dr\u0117gmei iki 90%<\/li>\n<li>Matmenys: 292.3 x 194.3 x 6.3<\/li>\n<li>Veikia su visomis EZVIZ akumuliatorin\u0117mis kameromis<\/li>\n<li>Pakuot\u0117je: 4m kabelis ir kron\u0161teinas<\/li>\n<\/ul>\n","protected":false},"featured_media":28056,"comment_status":"closed","ping_status":"closed","template":"","meta":[],"product_brand":[],"product_cat":[458,533],"product_tag":[],"class_list":{"0":"post-22130","1":"product","2":"type-product","3":"status-publish","4":"has-post-thumbnail","6":"product_cat-ezviz-serija","7":"product_cat-ip-vaizdo-stebejimo-sistemos","9":"first","10":"instock","11":"taxable","12":"shipping-taxable","13":"purchasable","14":"product-type-simple"},"yoast_head":"<!-- This site is optimized with the Yoast SEO Premium plugin v21.5 (Yoast SEO v27.3) - https:\/\/yoast.com\/product\/yoast-seo-premium-wordpress\/ -->\n<title>EZVIZ CS-CMT-Solar Panel-C saul\u0117s kolektorius<\/title>\n<meta name=\"description\" content=\"EZVIZ CS-CMT-Solar Panel-C saul\u0117s kolektorius ; Pritaikyta naudoti lauke ; Veikia su visomis EZVIZ akumuliatorin\u0117mis kameromis ; IP65\" \/>\n<meta name=\"robots\" content=\"index, follow, max-snippet:-1, max-image-preview:large, max-video-preview:-1\" \/>\n<link rel=\"canonical\" href=\"https:\/\/eheating.lt\/produktas\/ezviz-cs-cmt-solar-panel-c-saules-kolektorius\/\" \/>\n<meta property=\"og:locale\" content=\"en_US\" \/>\n<meta property=\"og:type\" content=\"article\" \/>\n<meta property=\"og:title\" content=\"EZVIZ CS-CMT-Solar Panel-C saul\u0117s kolektorius\" \/>\n<meta property=\"og:description\" content=\"EZVIZ CS-CMT-Solar Panel-C saul\u0117s kolektorius ; Pritaikyta naudoti lauke ; Veikia su visomis EZVIZ akumuliatorin\u0117mis kameromis ; IP65\" \/>\n<meta property=\"og:url\" content=\"https:\/\/eheating.lt\/produktas\/ezviz-cs-cmt-solar-panel-c-saules-kolektorius\/\" \/>\n<meta property=\"og:site_name\" content=\"Elektronika Namams\" \/>\n<meta property=\"article:publisher\" content=\"https:\/\/www.facebook.com\/ElektronikaNamams\" \/>\n<meta property=\"article:modified_time\" content=\"2024-07-11T15:19:56+00:00\" \/>\n<meta property=\"og:image\" content=\"https:\/\/eheating.lt\/wp-content\/uploads\/2023\/10\/EZVIZ-CS-CMT-Solar-Panel-C-saules-kolektorius.png\" \/>\n\t<meta property=\"og:image:width\" content=\"800\" \/>\n\t<meta property=\"og:image:height\" content=\"800\" \/>\n\t<meta property=\"og:image:type\" content=\"image\/png\" \/>\n<meta name=\"twitter:card\" content=\"summary_large_image\" \/>\n<meta name=\"twitter:label1\" content=\"Price\" \/>\n\t<meta name=\"twitter:data1\" content=\"38,78&nbsp;&euro;\" \/>\n\t<meta name=\"twitter:label2\" content=\"Availability\" \/>\n\t<meta name=\"twitter:data2\" content=\"In stock\" \/>\n<script type=\"application\/ld+json\" class=\"yoast-schema-graph\">{\"@context\":\"https:\\\/\\\/schema.org\",\"@graph\":[{\"@type\":\"WebPage\",\"@id\":\"https:\\\/\\\/eheating.lt\\\/produktas\\\/ezviz-cs-cmt-solar-panel-c-saules-kolektorius\\\/\",\"url\":\"https:\\\/\\\/eheating.lt\\\/produktas\\\/ezviz-cs-cmt-solar-panel-c-saules-kolektorius\\\/\",\"name\":\"EZVIZ CS-CMT-Solar Panel-C saul\u0117s kolektorius\",\"isPartOf\":{\"@id\":\"https:\\\/\\\/eheating.lt\\\/#website\"},\"primaryImageOfPage\":{\"@id\":\"https:\\\/\\\/eheating.lt\\\/produktas\\\/ezviz-cs-cmt-solar-panel-c-saules-kolektorius\\\/#primaryimage\"},\"image\":{\"@id\":\"https:\\\/\\\/eheating.lt\\\/produktas\\\/ezviz-cs-cmt-solar-panel-c-saules-kolektorius\\\/#primaryimage\"},\"thumbnailUrl\":\"https:\\\/\\\/eheating.lt\\\/wp-content\\\/uploads\\\/2023\\\/10\\\/EZVIZ-CS-CMT-Solar-Panel-C-saules-kolektorius.png\",\"datePublished\":\"2023-11-13T19:36:16+00:00\",\"dateModified\":\"2024-07-11T15:19:56+00:00\",\"description\":\"EZVIZ CS-CMT-Solar Panel-C saul\u0117s kolektorius ; Pritaikyta naudoti lauke ; Veikia su visomis EZVIZ akumuliatorin\u0117mis kameromis ; IP65\",\"breadcrumb\":{\"@id\":\"https:\\\/\\\/eheating.lt\\\/produktas\\\/ezviz-cs-cmt-solar-panel-c-saules-kolektorius\\\/#breadcrumb\"},\"inLanguage\":\"en-US\",\"potentialAction\":[{\"@type\":\"ReadAction\",\"target\":[\"https:\\\/\\\/eheating.lt\\\/produktas\\\/ezviz-cs-cmt-solar-panel-c-saules-kolektorius\\\/\"]}]},{\"@type\":\"ImageObject\",\"inLanguage\":\"en-US\",\"@id\":\"https:\\\/\\\/eheating.lt\\\/produktas\\\/ezviz-cs-cmt-solar-panel-c-saules-kolektorius\\\/#primaryimage\",\"url\":\"https:\\\/\\\/eheating.lt\\\/wp-content\\\/uploads\\\/2023\\\/10\\\/EZVIZ-CS-CMT-Solar-Panel-C-saules-kolektorius.png\",\"contentUrl\":\"https:\\\/\\\/eheating.lt\\\/wp-content\\\/uploads\\\/2023\\\/10\\\/EZVIZ-CS-CMT-Solar-Panel-C-saules-kolektorius.png\",\"width\":800,\"height\":800,\"caption\":\"EZVIZ CS-CMT-Solar Panel-C saul\u0117s kolektorius\"},{\"@type\":\"BreadcrumbList\",\"@id\":\"https:\\\/\\\/eheating.lt\\\/produktas\\\/ezviz-cs-cmt-solar-panel-c-saules-kolektorius\\\/#breadcrumb\",\"itemListElement\":[{\"@type\":\"ListItem\",\"position\":1,\"name\":\"Prad\u017eia\",\"item\":\"https:\\\/\\\/eheating.lt\\\/en\\\/\"},{\"@type\":\"ListItem\",\"position\":2,\"name\":\"Shop\",\"item\":\"https:\\\/\\\/eheating.lt\\\/en\\\/?page_id=5734\"},{\"@type\":\"ListItem\",\"position\":3,\"name\":\"EZVIZ CS-CMT-Solar Panel-C saul\u0117s kolektorius\"}]},{\"@type\":\"WebSite\",\"@id\":\"https:\\\/\\\/eheating.lt\\\/#website\",\"url\":\"https:\\\/\\\/eheating.lt\\\/\",\"name\":\"eHeating\",\"description\":\"Elektronika ir \u0161ildymas\",\"potentialAction\":[{\"@type\":\"SearchAction\",\"target\":{\"@type\":\"EntryPoint\",\"urlTemplate\":\"https:\\\/\\\/eheating.lt\\\/?s={search_term_string}\"},\"query-input\":{\"@type\":\"PropertyValueSpecification\",\"valueRequired\":true,\"valueName\":\"search_term_string\"}}],\"inLanguage\":\"en-US\"}]}<\/script>\n<meta property=\"product:price:amount\" content=\"38.78\" \/>\n<meta property=\"product:price:currency\" content=\"EUR\" \/>\n<meta property=\"og:availability\" content=\"instock\" \/>\n<meta property=\"product:availability\" content=\"instock\" \/>\n<meta property=\"product:retailer_item_id\" content=\"a4e5a5fbb09c\" \/>\n<meta property=\"product:condition\" content=\"new\" \/>\n<!-- \/ Yoast SEO Premium plugin. -->","yoast_head_json":{"title":"EZVIZ CS-CMT-Solar Panel-C saul\u0117s kolektorius","description":"EZVIZ CS-CMT-Solar Panel-C saul\u0117s kolektorius ; Pritaikyta naudoti lauke ; Veikia su visomis EZVIZ akumuliatorin\u0117mis kameromis ; IP65","robots":{"index":"index","follow":"follow","max-snippet":"max-snippet:-1","max-image-preview":"max-image-preview:large","max-video-preview":"max-video-preview:-1"},"canonical":"https:\/\/eheating.lt\/produktas\/ezviz-cs-cmt-solar-panel-c-saules-kolektorius\/","og_locale":"en_US","og_type":"article","og_title":"EZVIZ CS-CMT-Solar Panel-C saul\u0117s kolektorius","og_description":"EZVIZ CS-CMT-Solar Panel-C saul\u0117s kolektorius ; Pritaikyta naudoti lauke ; Veikia su visomis EZVIZ akumuliatorin\u0117mis kameromis ; IP65","og_url":"https:\/\/eheating.lt\/produktas\/ezviz-cs-cmt-solar-panel-c-saules-kolektorius\/","og_site_name":"Elektronika Namams","article_publisher":"https:\/\/www.facebook.com\/ElektronikaNamams","article_modified_time":"2024-07-11T15:19:56+00:00","og_image":[{"width":800,"height":800,"url":"https:\/\/eheating.lt\/wp-content\/uploads\/2023\/10\/EZVIZ-CS-CMT-Solar-Panel-C-saules-kolektorius.png","type":"image\/png"}],"twitter_card":"summary_large_image","twitter_misc":{"Price":"38,78&nbsp;&euro;","Availability":"In stock"},"schema":{"@context":"https:\/\/schema.org","@graph":[{"@type":"WebPage","@id":"https:\/\/eheating.lt\/produktas\/ezviz-cs-cmt-solar-panel-c-saules-kolektorius\/","url":"https:\/\/eheating.lt\/produktas\/ezviz-cs-cmt-solar-panel-c-saules-kolektorius\/","name":"EZVIZ CS-CMT-Solar Panel-C saul\u0117s kolektorius","isPartOf":{"@id":"https:\/\/eheating.lt\/#website"},"primaryImageOfPage":{"@id":"https:\/\/eheating.lt\/produktas\/ezviz-cs-cmt-solar-panel-c-saules-kolektorius\/#primaryimage"},"image":{"@id":"https:\/\/eheating.lt\/produktas\/ezviz-cs-cmt-solar-panel-c-saules-kolektorius\/#primaryimage"},"thumbnailUrl":"https:\/\/eheating.lt\/wp-content\/uploads\/2023\/10\/EZVIZ-CS-CMT-Solar-Panel-C-saules-kolektorius.png","datePublished":"2023-11-13T19:36:16+00:00","dateModified":"2024-07-11T15:19:56+00:00","description":"EZVIZ CS-CMT-Solar Panel-C saul\u0117s kolektorius ; Pritaikyta naudoti lauke ; Veikia su visomis EZVIZ akumuliatorin\u0117mis kameromis ; IP65","breadcrumb":{"@id":"https:\/\/eheating.lt\/produktas\/ezviz-cs-cmt-solar-panel-c-saules-kolektorius\/#breadcrumb"},"inLanguage":"en-US","potentialAction":[{"@type":"ReadAction","target":["https:\/\/eheating.lt\/produktas\/ezviz-cs-cmt-solar-panel-c-saules-kolektorius\/"]}]},{"@type":"ImageObject","inLanguage":"en-US","@id":"https:\/\/eheating.lt\/produktas\/ezviz-cs-cmt-solar-panel-c-saules-kolektorius\/#primaryimage","url":"https:\/\/eheating.lt\/wp-content\/uploads\/2023\/10\/EZVIZ-CS-CMT-Solar-Panel-C-saules-kolektorius.png","contentUrl":"https:\/\/eheating.lt\/wp-content\/uploads\/2023\/10\/EZVIZ-CS-CMT-Solar-Panel-C-saules-kolektorius.png","width":800,"height":800,"caption":"EZVIZ CS-CMT-Solar Panel-C saul\u0117s kolektorius"},{"@type":"BreadcrumbList","@id":"https:\/\/eheating.lt\/produktas\/ezviz-cs-cmt-solar-panel-c-saules-kolektorius\/#breadcrumb","itemListElement":[{"@type":"ListItem","position":1,"name":"Prad\u017eia","item":"https:\/\/eheating.lt\/en\/"},{"@type":"ListItem","position":2,"name":"Shop","item":"https:\/\/eheating.lt\/en\/?page_id=5734"},{"@type":"ListItem","position":3,"name":"EZVIZ CS-CMT-Solar Panel-C saul\u0117s kolektorius"}]},{"@type":"WebSite","@id":"https:\/\/eheating.lt\/#website","url":"https:\/\/eheating.lt\/","name":"eHeating","description":"Elektronika ir \u0161ildymas","potentialAction":[{"@type":"SearchAction","target":{"@type":"EntryPoint","urlTemplate":"https:\/\/eheating.lt\/?s={search_term_string}"},"query-input":{"@type":"PropertyValueSpecification","valueRequired":true,"valueName":"search_term_string"}}],"inLanguage":"en-US"}]},"product_price_amount":"38.78","product_price_currency":"EUR","og_availability":"instock","product_availability":"instock","product_retailer_item_id":"a4e5a5fbb09c","product_condition":"new"},"_links":{"self":[{"href":"https:\/\/eheating.lt\/en\/wp-json\/wp\/v2\/product\/22130","targetHints":{"allow":["GET"]}}],"collection":[{"href":"https:\/\/eheating.lt\/en\/wp-json\/wp\/v2\/product"}],"about":[{"href":"https:\/\/eheating.lt\/en\/wp-json\/wp\/v2\/types\/product"}],"replies":[{"embeddable":true,"href":"https:\/\/eheating.lt\/en\/wp-json\/wp\/v2\/comments?post=22130"}],"version-history":[{"count":0,"href":"https:\/\/eheating.lt\/en\/wp-json\/wp\/v2\/product\/22130\/revisions"}],"wp:featuredmedia":[{"embeddable":true,"href":"https:\/\/eheating.lt\/en\/wp-json\/wp\/v2\/media\/28056"}],"wp:attachment":[{"href":"https:\/\/eheating.lt\/en\/wp-json\/wp\/v2\/media?parent=22130"}],"wp:term":[{"taxonomy":"product_brand","embeddable":true,"href":"https:\/\/eheating.lt\/en\/wp-json\/wp\/v2\/product_brand?post=22130"},{"taxonomy":"product_cat","embeddable":true,"href":"https:\/\/eheating.lt\/en\/wp-json\/wp\/v2\/product_cat?post=22130"},{"taxonomy":"product_tag","embeddable":true,"href":"https:\/\/eheating.lt\/en\/wp-json\/wp\/v2\/product_tag?post=22130"}],"curies":[{"name":"wp","href":"https:\/\/api.w.org\/{rel}","templated":true}]}}