{"id":21932,"date":"2023-11-13T21:36:17","date_gmt":"2023-11-13T19:36:17","guid":{"rendered":"https:\/\/eheating.lt\/?post_type=product&#038;p=21932"},"modified":"2024-07-11T18:21:07","modified_gmt":"2024-07-11T15:21:07","slug":"ezviz-cs-db2-belaidis-duru-skambutis-5-mp","status":"publish","type":"product","link":"https:\/\/eheating.lt\/en\/produktas\/ezviz-cs-db2-belaidis-duru-skambutis-5-mp\/","title":{"rendered":"EZVIZ CS-DB2 belaidis dur\u0173 skambutis (5"},"content":{"rendered":"<div class=\"video-container\" style=\"margin-top: 50px;\"><\/div>\n<table>\n<tbody>\n<tr>\n<td>Modelis<\/td>\n<td>CS-DB2-A0-2C3WPB<\/td>\n<\/tr>\n<tr>\n<td>Sensoriai<\/td>\n<td>1\/2.7&#8243; Progressive Scan CMOS (Supports low light sensitivity)<\/td>\n<\/tr>\n<tr>\n<td>L\u0119\u0161iai<\/td>\n<td>2.0 mm @ F2.0, view angle: 176\u00b0 (Diagonal)<\/td>\n<\/tr>\n<tr>\n<td>Dienos\/nakties keitimas<\/td>\n<td>IR-cut filter with auto-switching<\/td>\n<\/tr>\n<tr>\n<td>Maks. rai\u0161ka<\/td>\n<td>2000 \u00d7 1504<\/td>\n<\/tr>\n<tr>\n<td>DNR<\/td>\n<td>2D\/3D DNR<\/td>\n<\/tr>\n<tr>\n<td>Vaizdo suspaudimas<\/td>\n<td>H.265 \/ H.264<\/td>\n<\/tr>\n<tr>\n<td>Vaizdo kadr\u0173 da\u017enis<\/td>\n<td>Max: 15fps; Self-Adaptive during network transmission<\/td>\n<\/tr>\n<tr>\n<td>Jutiklio veikimo kampas<\/td>\n<td>100\u00b0<\/td>\n<\/tr>\n<tr>\n<td>Jutiklio nuotolis<\/td>\n<td>Max. 5 m (16.4 ft)<\/td>\n<\/tr>\n<tr>\n<td>Jautrumas<\/td>\n<td>User adjustable (High, Medium and Low Sensitivity)<\/td>\n<\/tr>\n<tr>\n<td>Garso \u012fvestis<\/td>\n<td>Built-in high sensitivity microphone<\/td>\n<\/tr>\n<tr>\n<td>Garso i\u0161vestis<\/td>\n<td>Built-in high-power speaker<\/td>\n<\/tr>\n<tr>\n<td>Atk\u016brimo mygtukas<\/td>\n<td>Yes<\/td>\n<\/tr>\n<tr>\n<td>Protokolai<\/td>\n<td>EZVIZ Cloud Proprietary Protocol<\/td>\n<\/tr>\n<tr>\n<td>Wi-Fi standartas<\/td>\n<td>IEEE802.11b, 802.11g, 802.11n<\/td>\n<\/tr>\n<tr>\n<td>Da\u017enio diapozonas<\/td>\n<td>2.4 GHz ~ 2.4835 GHz<\/td>\n<\/tr>\n<tr>\n<td>Kanalo bang\u0173 plotis<\/td>\n<td>Supports 20 MHz<\/td>\n<\/tr>\n<tr>\n<td>Saugumas<\/td>\n<td>64\/128-bit WEP, WPA\/WPA2, WPA-PSK\/WPA2-PSK<\/td>\n<\/tr>\n<tr>\n<td>Perdavimo da\u017enis<\/td>\n<td>11b: 11Mbps, 11g :54Mbps, 11n :150Mbps<\/td>\n<\/tr>\n<tr>\n<td>Spalva<\/td>\n<td>Silver<\/td>\n<\/tr>\n<tr>\n<td>Veikimo s\u0105lygos<\/td>\n<td>-20\u00b0C to 50\u00b0C (-4\u00b0F to 122\u00b0F), Humidity 95% or less (non-condensing)<\/td>\n<\/tr>\n<tr>\n<td>Energijos \u0161altinis<\/td>\n<td>DC5V\u00b110% 2A<\/td>\n<\/tr>\n<tr>\n<td>Apsauga<\/td>\n<td>IP65<\/td>\n<\/tr>\n<tr>\n<td>Energijos suvartojimas<\/td>\n<td>Max. 2W<\/td>\n<\/tr>\n<tr>\n<td>Matmenys<\/td>\n<td>150 \u00d7 58 \u00d7 32 mm (5.91 \u00d7 2.28 \u00d7 1.24 inch)<\/td>\n<\/tr>\n<tr>\n<td>Svoris<\/td>\n<td>241.35 g (8.5 oz)<\/td>\n<\/tr>\n<\/tbody>\n<\/table>\n","protected":false},"excerpt":{"rendered":"<ul>\n<li>MP (rai\u0161ka): 5MP<\/li>\n<li>Baterijos talpa: 5200 mAh<\/li>\n<li>\u012emontuotas garsiakalbis: Taip<\/li>\n<li>\u012emontuotas mikrofonas: Taip<\/li>\n<li>Nam\u0173 apsaugos sirena: Taip<\/li>\n<li>Vartotojo sukuriamos garso \u017einut\u0117s: Taip<\/li>\n<li>Veikimo temperat\u016bra: -20\u00b0 C &#8211; +50\u00b0 C<\/li>\n<li>SD kortel\u0117: 256GB (perkama atskirai)<\/li>\n<\/ul>\n","protected":false},"featured_media":28058,"comment_status":"closed","ping_status":"closed","template":"","meta":[],"product_brand":[],"product_cat":[458,534,533],"product_tag":[],"class_list":{"0":"post-21932","1":"product","2":"type-product","3":"status-publish","4":"has-post-thumbnail","6":"product_cat-ezviz-serija","7":"product_cat-ip-kameros","8":"product_cat-ip-vaizdo-stebejimo-sistemos","10":"first","11":"instock","12":"purchasable","13":"product-type-simple"},"yoast_head":"<!-- This site is optimized with the Yoast SEO Premium plugin v21.5 (Yoast SEO v27.3) - https:\/\/yoast.com\/product\/yoast-seo-premium-wordpress\/ -->\n<title>EZVIZ CS-DB2 belaidis dur\u0173 skambutis (5 MP)<\/title>\n<meta name=\"description\" content=\"EZVIZ CS-DB2 belaidis dur\u0173 skambutis ; Baterijos talpa 5200 mAh ; Rai\u0161ka - 5MP ; \u012emontuotas garsiakalbis ir mikrofonas ; SD kortel\u0117 iki 256GB\" \/>\n<meta name=\"robots\" content=\"index, follow, max-snippet:-1, max-image-preview:large, max-video-preview:-1\" \/>\n<link rel=\"canonical\" href=\"https:\/\/eheating.lt\/produktas\/ezviz-cs-db2-belaidis-duru-skambutis-5-mp\/\" \/>\n<meta property=\"og:locale\" content=\"en_US\" \/>\n<meta property=\"og:type\" content=\"article\" \/>\n<meta property=\"og:title\" content=\"EZVIZ CS-DB2 belaidis dur\u0173 skambutis (5 MP)\" \/>\n<meta property=\"og:description\" content=\"EZVIZ CS-DB2 belaidis dur\u0173 skambutis ; Baterijos talpa 5200 mAh ; Rai\u0161ka - 5MP ; \u012emontuotas garsiakalbis ir mikrofonas ; SD kortel\u0117 iki 256GB\" \/>\n<meta property=\"og:url\" content=\"https:\/\/eheating.lt\/produktas\/ezviz-cs-db2-belaidis-duru-skambutis-5-mp\/\" \/>\n<meta property=\"og:site_name\" content=\"Elektronika Namams\" \/>\n<meta property=\"article:publisher\" content=\"https:\/\/www.facebook.com\/ElektronikaNamams\" \/>\n<meta property=\"article:modified_time\" content=\"2024-07-11T15:21:07+00:00\" \/>\n<meta property=\"og:image\" content=\"https:\/\/eheating.lt\/wp-content\/uploads\/2023\/10\/EZVIZ-CS-DB2-belaidis-duru-skambutis.png\" \/>\n\t<meta property=\"og:image:width\" content=\"800\" \/>\n\t<meta property=\"og:image:height\" content=\"800\" \/>\n\t<meta property=\"og:image:type\" content=\"image\/png\" \/>\n<meta name=\"twitter:card\" content=\"summary_large_image\" \/>\n<meta name=\"twitter:label1\" content=\"Price\" \/>\n\t<meta name=\"twitter:data1\" content=\"155,19&nbsp;&euro;\" \/>\n\t<meta name=\"twitter:label2\" content=\"Availability\" \/>\n\t<meta name=\"twitter:data2\" content=\"In stock\" \/>\n<script type=\"application\/ld+json\" class=\"yoast-schema-graph\">{\"@context\":\"https:\\\/\\\/schema.org\",\"@graph\":[{\"@type\":\"WebPage\",\"@id\":\"https:\\\/\\\/eheating.lt\\\/produktas\\\/ezviz-cs-db2-belaidis-duru-skambutis-5-mp\\\/\",\"url\":\"https:\\\/\\\/eheating.lt\\\/produktas\\\/ezviz-cs-db2-belaidis-duru-skambutis-5-mp\\\/\",\"name\":\"EZVIZ CS-DB2 belaidis dur\u0173 skambutis (5 MP)\",\"isPartOf\":{\"@id\":\"https:\\\/\\\/eheating.lt\\\/#website\"},\"primaryImageOfPage\":{\"@id\":\"https:\\\/\\\/eheating.lt\\\/produktas\\\/ezviz-cs-db2-belaidis-duru-skambutis-5-mp\\\/#primaryimage\"},\"image\":{\"@id\":\"https:\\\/\\\/eheating.lt\\\/produktas\\\/ezviz-cs-db2-belaidis-duru-skambutis-5-mp\\\/#primaryimage\"},\"thumbnailUrl\":\"https:\\\/\\\/eheating.lt\\\/wp-content\\\/uploads\\\/2023\\\/10\\\/EZVIZ-CS-DB2-belaidis-duru-skambutis.png\",\"datePublished\":\"2023-11-13T19:36:17+00:00\",\"dateModified\":\"2024-07-11T15:21:07+00:00\",\"description\":\"EZVIZ CS-DB2 belaidis dur\u0173 skambutis ; Baterijos talpa 5200 mAh ; Rai\u0161ka - 5MP ; \u012emontuotas garsiakalbis ir mikrofonas ; SD kortel\u0117 iki 256GB\",\"breadcrumb\":{\"@id\":\"https:\\\/\\\/eheating.lt\\\/produktas\\\/ezviz-cs-db2-belaidis-duru-skambutis-5-mp\\\/#breadcrumb\"},\"inLanguage\":\"en-US\",\"potentialAction\":[{\"@type\":\"ReadAction\",\"target\":[\"https:\\\/\\\/eheating.lt\\\/produktas\\\/ezviz-cs-db2-belaidis-duru-skambutis-5-mp\\\/\"]}]},{\"@type\":\"ImageObject\",\"inLanguage\":\"en-US\",\"@id\":\"https:\\\/\\\/eheating.lt\\\/produktas\\\/ezviz-cs-db2-belaidis-duru-skambutis-5-mp\\\/#primaryimage\",\"url\":\"https:\\\/\\\/eheating.lt\\\/wp-content\\\/uploads\\\/2023\\\/10\\\/EZVIZ-CS-DB2-belaidis-duru-skambutis.png\",\"contentUrl\":\"https:\\\/\\\/eheating.lt\\\/wp-content\\\/uploads\\\/2023\\\/10\\\/EZVIZ-CS-DB2-belaidis-duru-skambutis.png\",\"width\":800,\"height\":800,\"caption\":\"EZVIZ CS-DB2 belaidis dur\u0173 skambutis\"},{\"@type\":\"BreadcrumbList\",\"@id\":\"https:\\\/\\\/eheating.lt\\\/produktas\\\/ezviz-cs-db2-belaidis-duru-skambutis-5-mp\\\/#breadcrumb\",\"itemListElement\":[{\"@type\":\"ListItem\",\"position\":1,\"name\":\"Prad\u017eia\",\"item\":\"https:\\\/\\\/eheating.lt\\\/en\\\/\"},{\"@type\":\"ListItem\",\"position\":2,\"name\":\"Shop\",\"item\":\"https:\\\/\\\/eheating.lt\\\/en\\\/?page_id=5734\"},{\"@type\":\"ListItem\",\"position\":3,\"name\":\"EZVIZ CS-DB2 belaidis dur\u0173 skambutis (5 MP)\"}]},{\"@type\":\"WebSite\",\"@id\":\"https:\\\/\\\/eheating.lt\\\/#website\",\"url\":\"https:\\\/\\\/eheating.lt\\\/\",\"name\":\"eHeating\",\"description\":\"Elektronika ir \u0161ildymas\",\"potentialAction\":[{\"@type\":\"SearchAction\",\"target\":{\"@type\":\"EntryPoint\",\"urlTemplate\":\"https:\\\/\\\/eheating.lt\\\/?s={search_term_string}\"},\"query-input\":{\"@type\":\"PropertyValueSpecification\",\"valueRequired\":true,\"valueName\":\"search_term_string\"}}],\"inLanguage\":\"en-US\"}]}<\/script>\n<meta property=\"product:price:amount\" content=\"155.19\" \/>\n<meta property=\"product:price:currency\" content=\"EUR\" \/>\n<meta property=\"og:availability\" content=\"instock\" \/>\n<meta property=\"product:availability\" content=\"instock\" \/>\n<meta property=\"product:retailer_item_id\" content=\"3c157aacb6ac\" \/>\n<meta property=\"product:condition\" content=\"new\" \/>\n<!-- \/ Yoast SEO Premium plugin. -->","yoast_head_json":{"title":"EZVIZ CS-DB2 belaidis dur\u0173 skambutis (5 MP)","description":"EZVIZ CS-DB2 belaidis dur\u0173 skambutis ; Baterijos talpa 5200 mAh ; Rai\u0161ka - 5MP ; \u012emontuotas garsiakalbis ir mikrofonas ; SD kortel\u0117 iki 256GB","robots":{"index":"index","follow":"follow","max-snippet":"max-snippet:-1","max-image-preview":"max-image-preview:large","max-video-preview":"max-video-preview:-1"},"canonical":"https:\/\/eheating.lt\/produktas\/ezviz-cs-db2-belaidis-duru-skambutis-5-mp\/","og_locale":"en_US","og_type":"article","og_title":"EZVIZ CS-DB2 belaidis dur\u0173 skambutis (5 MP)","og_description":"EZVIZ CS-DB2 belaidis dur\u0173 skambutis ; Baterijos talpa 5200 mAh ; Rai\u0161ka - 5MP ; \u012emontuotas garsiakalbis ir mikrofonas ; SD kortel\u0117 iki 256GB","og_url":"https:\/\/eheating.lt\/produktas\/ezviz-cs-db2-belaidis-duru-skambutis-5-mp\/","og_site_name":"Elektronika Namams","article_publisher":"https:\/\/www.facebook.com\/ElektronikaNamams","article_modified_time":"2024-07-11T15:21:07+00:00","og_image":[{"width":800,"height":800,"url":"https:\/\/eheating.lt\/wp-content\/uploads\/2023\/10\/EZVIZ-CS-DB2-belaidis-duru-skambutis.png","type":"image\/png"}],"twitter_card":"summary_large_image","twitter_misc":{"Price":"155,19&nbsp;&euro;","Availability":"In stock"},"schema":{"@context":"https:\/\/schema.org","@graph":[{"@type":"WebPage","@id":"https:\/\/eheating.lt\/produktas\/ezviz-cs-db2-belaidis-duru-skambutis-5-mp\/","url":"https:\/\/eheating.lt\/produktas\/ezviz-cs-db2-belaidis-duru-skambutis-5-mp\/","name":"EZVIZ CS-DB2 belaidis dur\u0173 skambutis (5 MP)","isPartOf":{"@id":"https:\/\/eheating.lt\/#website"},"primaryImageOfPage":{"@id":"https:\/\/eheating.lt\/produktas\/ezviz-cs-db2-belaidis-duru-skambutis-5-mp\/#primaryimage"},"image":{"@id":"https:\/\/eheating.lt\/produktas\/ezviz-cs-db2-belaidis-duru-skambutis-5-mp\/#primaryimage"},"thumbnailUrl":"https:\/\/eheating.lt\/wp-content\/uploads\/2023\/10\/EZVIZ-CS-DB2-belaidis-duru-skambutis.png","datePublished":"2023-11-13T19:36:17+00:00","dateModified":"2024-07-11T15:21:07+00:00","description":"EZVIZ CS-DB2 belaidis dur\u0173 skambutis ; Baterijos talpa 5200 mAh ; Rai\u0161ka - 5MP ; \u012emontuotas garsiakalbis ir mikrofonas ; SD kortel\u0117 iki 256GB","breadcrumb":{"@id":"https:\/\/eheating.lt\/produktas\/ezviz-cs-db2-belaidis-duru-skambutis-5-mp\/#breadcrumb"},"inLanguage":"en-US","potentialAction":[{"@type":"ReadAction","target":["https:\/\/eheating.lt\/produktas\/ezviz-cs-db2-belaidis-duru-skambutis-5-mp\/"]}]},{"@type":"ImageObject","inLanguage":"en-US","@id":"https:\/\/eheating.lt\/produktas\/ezviz-cs-db2-belaidis-duru-skambutis-5-mp\/#primaryimage","url":"https:\/\/eheating.lt\/wp-content\/uploads\/2023\/10\/EZVIZ-CS-DB2-belaidis-duru-skambutis.png","contentUrl":"https:\/\/eheating.lt\/wp-content\/uploads\/2023\/10\/EZVIZ-CS-DB2-belaidis-duru-skambutis.png","width":800,"height":800,"caption":"EZVIZ CS-DB2 belaidis dur\u0173 skambutis"},{"@type":"BreadcrumbList","@id":"https:\/\/eheating.lt\/produktas\/ezviz-cs-db2-belaidis-duru-skambutis-5-mp\/#breadcrumb","itemListElement":[{"@type":"ListItem","position":1,"name":"Prad\u017eia","item":"https:\/\/eheating.lt\/en\/"},{"@type":"ListItem","position":2,"name":"Shop","item":"https:\/\/eheating.lt\/en\/?page_id=5734"},{"@type":"ListItem","position":3,"name":"EZVIZ CS-DB2 belaidis dur\u0173 skambutis (5 MP)"}]},{"@type":"WebSite","@id":"https:\/\/eheating.lt\/#website","url":"https:\/\/eheating.lt\/","name":"eHeating","description":"Elektronika ir \u0161ildymas","potentialAction":[{"@type":"SearchAction","target":{"@type":"EntryPoint","urlTemplate":"https:\/\/eheating.lt\/?s={search_term_string}"},"query-input":{"@type":"PropertyValueSpecification","valueRequired":true,"valueName":"search_term_string"}}],"inLanguage":"en-US"}]},"product_price_amount":"155.19","product_price_currency":"EUR","og_availability":"instock","product_availability":"instock","product_retailer_item_id":"3c157aacb6ac","product_condition":"new"},"_links":{"self":[{"href":"https:\/\/eheating.lt\/en\/wp-json\/wp\/v2\/product\/21932","targetHints":{"allow":["GET"]}}],"collection":[{"href":"https:\/\/eheating.lt\/en\/wp-json\/wp\/v2\/product"}],"about":[{"href":"https:\/\/eheating.lt\/en\/wp-json\/wp\/v2\/types\/product"}],"replies":[{"embeddable":true,"href":"https:\/\/eheating.lt\/en\/wp-json\/wp\/v2\/comments?post=21932"}],"version-history":[{"count":0,"href":"https:\/\/eheating.lt\/en\/wp-json\/wp\/v2\/product\/21932\/revisions"}],"wp:featuredmedia":[{"embeddable":true,"href":"https:\/\/eheating.lt\/en\/wp-json\/wp\/v2\/media\/28058"}],"wp:attachment":[{"href":"https:\/\/eheating.lt\/en\/wp-json\/wp\/v2\/media?parent=21932"}],"wp:term":[{"taxonomy":"product_brand","embeddable":true,"href":"https:\/\/eheating.lt\/en\/wp-json\/wp\/v2\/product_brand?post=21932"},{"taxonomy":"product_cat","embeddable":true,"href":"https:\/\/eheating.lt\/en\/wp-json\/wp\/v2\/product_cat?post=21932"},{"taxonomy":"product_tag","embeddable":true,"href":"https:\/\/eheating.lt\/en\/wp-json\/wp\/v2\/product_tag?post=21932"}],"curies":[{"name":"wp","href":"https:\/\/api.w.org\/{rel}","templated":true}]}}