{"id":21886,"date":"2023-10-09T23:39:11","date_gmt":"2023-10-09T20:39:11","guid":{"rendered":"https:\/\/eheating.lt\/?post_type=product&#038;p=21886"},"modified":"2024-10-18T16:56:44","modified_gmt":"2024-10-18T13:56:44","slug":"hikvision-keliu-ivesciu-siustuvas-ds-pm1-i16o2-we-ax-pro","status":"publish","type":"product","link":"https:\/\/eheating.lt\/en\/produktas\/hikvision-keliu-ivesciu-siustuvas-ds-pm1-i16o2-we-ax-pro\/","title":{"rendered":"Hikvision keli\u0173 \u012fves\u010di\u0173 si\u0173stuvas DS-PM1-I16O2-WE AX"},"content":{"rendered":"<table>\n<tbody>\n<tr>\n<td>Programin\u0117s funkcijos<\/td>\n<\/tr>\n<tr>\n<td>Atsparumas<\/td>\n<td>1k 2.2k 4.7k 8.2k NO\/NC<\/td>\n<\/tr>\n<tr>\n<td>Serijinis prievadas<\/td>\n<td>1<\/td>\n<\/tr>\n<tr>\n<td>Baterijos prievadas<\/td>\n<td>1, 12 VDC input<\/td>\n<\/tr>\n<tr>\n<td>Apsauga suklastojimui<\/td>\n<td>Front and rear<\/td>\n<\/tr>\n<tr>\n<td>Energijos keitimas<\/td>\n<td>1<\/td>\n<\/tr>\n<tr>\n<td>\u012esp\u0117jamojo signalo \u012fvestis<\/td>\n<td>16<\/td>\n<\/tr>\n<tr>\n<td>\u012esp\u0117jamojo signalo i\u0161vestis<\/td>\n<td>2<\/td>\n<\/tr>\n<tr>\n<td>Galios i\u0161vestis<\/td>\n<td>2 (12 V, total 1A)<\/td>\n<\/tr>\n<tr>\n<td>Elektros funkcijos<\/td>\n<\/tr>\n<tr>\n<td>Baterijos tipas<\/td>\n<td>Compatible with 12V 7 Ah 150 \u00d7 64 \u00d7 94 mm<\/td>\n<\/tr>\n<tr>\n<td>Energijos \u0161altinis<\/td>\n<td>100-240 VAC\uff0c30 W<\/td>\n<\/tr>\n<tr>\n<td>Atsparumas dr\u0117gmei<\/td>\n<td>10% to 90%<\/td>\n<\/tr>\n<tr>\n<td>Atsparumas temperat\u016brai<\/td>\n<td>-10 \u00b0C to 55 \u00b0C<\/td>\n<\/tr>\n<tr>\n<td>Energijos suvartojimas<\/td>\n<td>Battery Supply: Quiescent current (50 mA), Max current (1500 mA), Voltage (13.8 V) 220 V Supply: Quiescent current (45 mA), Max current (300 mA), Voltage (220 V)<\/td>\n<\/tr>\n<tr>\n<td>Baterijos veikimo laikotarpis<\/td>\n<td>Up to 36 hours<\/td>\n<\/tr>\n<tr>\n<td>Belaidis perdavimas<\/td>\n<\/tr>\n<tr>\n<td>RF da\u017enis<\/td>\n<td>868 MHz<\/td>\n<\/tr>\n<tr>\n<td>RF metodas<\/td>\n<td>Two-way communication<\/td>\n<\/tr>\n<tr>\n<td>RF moduliacija<\/td>\n<td>2GFSK<\/td>\n<\/tr>\n<tr>\n<td>RF nuotolis<\/td>\n<td>1100 m<\/td>\n<\/tr>\n<tr>\n<td>Vaizdo nustatymai<\/td>\n<\/tr>\n<tr>\n<td>Indikatoriai<\/td>\n<td>3: Power(Green), Fault(Amber), Signal Strength(Green\/Red)<\/td>\n<\/tr>\n<tr>\n<td>Pagrindinis<\/td>\n<\/tr>\n<tr>\n<td>\u012ediegimo metodas<\/td>\n<td>Wall Mounting<\/td>\n<\/tr>\n<tr>\n<td>Matmenys (W x H x D)<\/td>\n<td>261 x 199 x 86.4 mm<\/td>\n<\/tr>\n<tr>\n<td>Med\u017eiaga<\/td>\n<td>Plastic<\/td>\n<\/tr>\n<tr>\n<td>Spalva<\/td>\n<td>White<\/td>\n<\/tr>\n<\/tbody>\n<\/table>\n","protected":false},"excerpt":{"rendered":"<ul>\n<li>Da\u017enis: 868 Mhz<\/li>\n<li>AES-128 u\u017ekodavimas<\/li>\n<li>16 \u012fvesties prievadai<\/li>\n<li>2 i\u0161vesties prievadai<\/li>\n<li>U\u017etenka vietos 12v 7AH akumuliatoriui (151x65x94mm)<\/li>\n<\/ul>\n","protected":false},"featured_media":30952,"comment_status":"closed","ping_status":"closed","template":"","meta":[],"product_brand":[],"product_cat":[761,781,762,776],"product_tag":[975],"class_list":{"0":"post-21886","1":"product","2":"type-product","3":"status-publish","4":"has-post-thumbnail","6":"product_cat-security-systems","7":"product_cat-ax-pro-accessories","8":"product_cat-wireless-security-systems","9":"product_cat-hikvision-ax-pro-wireless-security-systems","10":"product_tag-ean-en","12":"first","13":"instock","14":"purchasable","15":"product-type-simple"},"yoast_head":"<!-- This site is optimized with the Yoast SEO Premium plugin v21.5 (Yoast SEO v27.3) - https:\/\/yoast.com\/product\/yoast-seo-premium-wordpress\/ -->\n<title>Hikvision keli\u0173 \u012fves\u010di\u0173 si\u0173stuvas DS-PM1-I16O2-WE AX PRO<\/title>\n<meta name=\"description\" content=\"Hikvision DS-PM1-I16O2-WE AX PRO keli\u0173 \u012fves\u010di\u0173 si\u0173stuvas ; Da\u017enis: 868 Mhz ; AES-128 u\u017ekodavimas ; 16 \u012fvesties prievadai ; 2 i\u0161vesties prievadai\" \/>\n<meta name=\"robots\" content=\"index, follow, max-snippet:-1, max-image-preview:large, max-video-preview:-1\" \/>\n<link rel=\"canonical\" href=\"https:\/\/eheating.lt\/produktas\/hikvision-keliu-ivesciu-siustuvas-ds-pm1-i16o2-we-ax-pro\/\" \/>\n<meta property=\"og:locale\" content=\"en_US\" \/>\n<meta property=\"og:type\" content=\"article\" \/>\n<meta property=\"og:title\" content=\"Hikvision keli\u0173 \u012fves\u010di\u0173 si\u0173stuvas DS-PM1-I16O2-WE AX PRO\" \/>\n<meta property=\"og:description\" content=\"Hikvision DS-PM1-I16O2-WE AX PRO keli\u0173 \u012fves\u010di\u0173 si\u0173stuvas ; Da\u017enis: 868 Mhz ; AES-128 u\u017ekodavimas ; 16 \u012fvesties prievadai ; 2 i\u0161vesties prievadai\" \/>\n<meta property=\"og:url\" content=\"https:\/\/eheating.lt\/produktas\/hikvision-keliu-ivesciu-siustuvas-ds-pm1-i16o2-we-ax-pro\/\" \/>\n<meta property=\"og:site_name\" content=\"Elektronika Namams\" \/>\n<meta property=\"article:publisher\" content=\"https:\/\/www.facebook.com\/ElektronikaNamams\" \/>\n<meta property=\"article:modified_time\" content=\"2024-10-18T13:56:44+00:00\" \/>\n<meta property=\"og:image\" content=\"https:\/\/eheating.lt\/wp-content\/uploads\/2023\/12\/Hikvision-keliu-ivesciu-siustuvas-DS-PM1-I16O2-WE-AX-PRO.png\" \/>\n\t<meta property=\"og:image:width\" content=\"800\" \/>\n\t<meta property=\"og:image:height\" content=\"800\" \/>\n\t<meta property=\"og:image:type\" content=\"image\/png\" \/>\n<meta name=\"twitter:card\" content=\"summary_large_image\" \/>\n<meta name=\"twitter:label1\" content=\"Price\" \/>\n\t<meta name=\"twitter:data1\" content=\"142,50&nbsp;&euro;\" \/>\n\t<meta name=\"twitter:label2\" content=\"Availability\" \/>\n\t<meta name=\"twitter:data2\" content=\"In stock\" \/>\n<script type=\"application\/ld+json\" class=\"yoast-schema-graph\">{\"@context\":\"https:\\\/\\\/schema.org\",\"@graph\":[{\"@type\":\"WebPage\",\"@id\":\"https:\\\/\\\/eheating.lt\\\/produktas\\\/hikvision-keliu-ivesciu-siustuvas-ds-pm1-i16o2-we-ax-pro\\\/\",\"url\":\"https:\\\/\\\/eheating.lt\\\/produktas\\\/hikvision-keliu-ivesciu-siustuvas-ds-pm1-i16o2-we-ax-pro\\\/\",\"name\":\"Hikvision keli\u0173 \u012fves\u010di\u0173 si\u0173stuvas DS-PM1-I16O2-WE AX PRO\",\"isPartOf\":{\"@id\":\"https:\\\/\\\/eheating.lt\\\/#website\"},\"primaryImageOfPage\":{\"@id\":\"https:\\\/\\\/eheating.lt\\\/produktas\\\/hikvision-keliu-ivesciu-siustuvas-ds-pm1-i16o2-we-ax-pro\\\/#primaryimage\"},\"image\":{\"@id\":\"https:\\\/\\\/eheating.lt\\\/produktas\\\/hikvision-keliu-ivesciu-siustuvas-ds-pm1-i16o2-we-ax-pro\\\/#primaryimage\"},\"thumbnailUrl\":\"https:\\\/\\\/eheating.lt\\\/wp-content\\\/uploads\\\/2023\\\/12\\\/Hikvision-keliu-ivesciu-siustuvas-DS-PM1-I16O2-WE-AX-PRO.png\",\"datePublished\":\"2023-10-09T20:39:11+00:00\",\"dateModified\":\"2024-10-18T13:56:44+00:00\",\"description\":\"Hikvision DS-PM1-I16O2-WE AX PRO keli\u0173 \u012fves\u010di\u0173 si\u0173stuvas ; Da\u017enis: 868 Mhz ; AES-128 u\u017ekodavimas ; 16 \u012fvesties prievadai ; 2 i\u0161vesties prievadai\",\"breadcrumb\":{\"@id\":\"https:\\\/\\\/eheating.lt\\\/produktas\\\/hikvision-keliu-ivesciu-siustuvas-ds-pm1-i16o2-we-ax-pro\\\/#breadcrumb\"},\"inLanguage\":\"en-US\",\"potentialAction\":[{\"@type\":\"ReadAction\",\"target\":[\"https:\\\/\\\/eheating.lt\\\/produktas\\\/hikvision-keliu-ivesciu-siustuvas-ds-pm1-i16o2-we-ax-pro\\\/\"]}]},{\"@type\":\"ImageObject\",\"inLanguage\":\"en-US\",\"@id\":\"https:\\\/\\\/eheating.lt\\\/produktas\\\/hikvision-keliu-ivesciu-siustuvas-ds-pm1-i16o2-we-ax-pro\\\/#primaryimage\",\"url\":\"https:\\\/\\\/eheating.lt\\\/wp-content\\\/uploads\\\/2023\\\/12\\\/Hikvision-keliu-ivesciu-siustuvas-DS-PM1-I16O2-WE-AX-PRO.png\",\"contentUrl\":\"https:\\\/\\\/eheating.lt\\\/wp-content\\\/uploads\\\/2023\\\/12\\\/Hikvision-keliu-ivesciu-siustuvas-DS-PM1-I16O2-WE-AX-PRO.png\",\"width\":800,\"height\":800},{\"@type\":\"BreadcrumbList\",\"@id\":\"https:\\\/\\\/eheating.lt\\\/produktas\\\/hikvision-keliu-ivesciu-siustuvas-ds-pm1-i16o2-we-ax-pro\\\/#breadcrumb\",\"itemListElement\":[{\"@type\":\"ListItem\",\"position\":1,\"name\":\"Prad\u017eia\",\"item\":\"https:\\\/\\\/eheating.lt\\\/en\\\/\"},{\"@type\":\"ListItem\",\"position\":2,\"name\":\"Shop\",\"item\":\"https:\\\/\\\/eheating.lt\\\/en\\\/?page_id=5734\"},{\"@type\":\"ListItem\",\"position\":3,\"name\":\"Hikvision keli\u0173 \u012fves\u010di\u0173 si\u0173stuvas DS-PM1-I16O2-WE AX PRO\"}]},{\"@type\":\"WebSite\",\"@id\":\"https:\\\/\\\/eheating.lt\\\/#website\",\"url\":\"https:\\\/\\\/eheating.lt\\\/\",\"name\":\"eHeating\",\"description\":\"Elektronika ir \u0161ildymas\",\"potentialAction\":[{\"@type\":\"SearchAction\",\"target\":{\"@type\":\"EntryPoint\",\"urlTemplate\":\"https:\\\/\\\/eheating.lt\\\/?s={search_term_string}\"},\"query-input\":{\"@type\":\"PropertyValueSpecification\",\"valueRequired\":true,\"valueName\":\"search_term_string\"}}],\"inLanguage\":\"en-US\"}]}<\/script>\n<meta property=\"product:price:amount\" content=\"142.50\" \/>\n<meta property=\"product:price:currency\" content=\"EUR\" \/>\n<meta property=\"og:availability\" content=\"instock\" \/>\n<meta property=\"product:availability\" content=\"instock\" \/>\n<meta property=\"product:retailer_item_id\" content=\"d9b019ebf67e\" \/>\n<meta property=\"product:condition\" content=\"new\" \/>\n<!-- \/ Yoast SEO Premium plugin. -->","yoast_head_json":{"title":"Hikvision keli\u0173 \u012fves\u010di\u0173 si\u0173stuvas DS-PM1-I16O2-WE AX PRO","description":"Hikvision DS-PM1-I16O2-WE AX PRO keli\u0173 \u012fves\u010di\u0173 si\u0173stuvas ; Da\u017enis: 868 Mhz ; AES-128 u\u017ekodavimas ; 16 \u012fvesties prievadai ; 2 i\u0161vesties prievadai","robots":{"index":"index","follow":"follow","max-snippet":"max-snippet:-1","max-image-preview":"max-image-preview:large","max-video-preview":"max-video-preview:-1"},"canonical":"https:\/\/eheating.lt\/produktas\/hikvision-keliu-ivesciu-siustuvas-ds-pm1-i16o2-we-ax-pro\/","og_locale":"en_US","og_type":"article","og_title":"Hikvision keli\u0173 \u012fves\u010di\u0173 si\u0173stuvas DS-PM1-I16O2-WE AX PRO","og_description":"Hikvision DS-PM1-I16O2-WE AX PRO keli\u0173 \u012fves\u010di\u0173 si\u0173stuvas ; Da\u017enis: 868 Mhz ; AES-128 u\u017ekodavimas ; 16 \u012fvesties prievadai ; 2 i\u0161vesties prievadai","og_url":"https:\/\/eheating.lt\/produktas\/hikvision-keliu-ivesciu-siustuvas-ds-pm1-i16o2-we-ax-pro\/","og_site_name":"Elektronika Namams","article_publisher":"https:\/\/www.facebook.com\/ElektronikaNamams","article_modified_time":"2024-10-18T13:56:44+00:00","og_image":[{"width":800,"height":800,"url":"https:\/\/eheating.lt\/wp-content\/uploads\/2023\/12\/Hikvision-keliu-ivesciu-siustuvas-DS-PM1-I16O2-WE-AX-PRO.png","type":"image\/png"}],"twitter_card":"summary_large_image","twitter_misc":{"Price":"142,50&nbsp;&euro;","Availability":"In stock"},"schema":{"@context":"https:\/\/schema.org","@graph":[{"@type":"WebPage","@id":"https:\/\/eheating.lt\/produktas\/hikvision-keliu-ivesciu-siustuvas-ds-pm1-i16o2-we-ax-pro\/","url":"https:\/\/eheating.lt\/produktas\/hikvision-keliu-ivesciu-siustuvas-ds-pm1-i16o2-we-ax-pro\/","name":"Hikvision keli\u0173 \u012fves\u010di\u0173 si\u0173stuvas DS-PM1-I16O2-WE AX PRO","isPartOf":{"@id":"https:\/\/eheating.lt\/#website"},"primaryImageOfPage":{"@id":"https:\/\/eheating.lt\/produktas\/hikvision-keliu-ivesciu-siustuvas-ds-pm1-i16o2-we-ax-pro\/#primaryimage"},"image":{"@id":"https:\/\/eheating.lt\/produktas\/hikvision-keliu-ivesciu-siustuvas-ds-pm1-i16o2-we-ax-pro\/#primaryimage"},"thumbnailUrl":"https:\/\/eheating.lt\/wp-content\/uploads\/2023\/12\/Hikvision-keliu-ivesciu-siustuvas-DS-PM1-I16O2-WE-AX-PRO.png","datePublished":"2023-10-09T20:39:11+00:00","dateModified":"2024-10-18T13:56:44+00:00","description":"Hikvision DS-PM1-I16O2-WE AX PRO keli\u0173 \u012fves\u010di\u0173 si\u0173stuvas ; Da\u017enis: 868 Mhz ; AES-128 u\u017ekodavimas ; 16 \u012fvesties prievadai ; 2 i\u0161vesties prievadai","breadcrumb":{"@id":"https:\/\/eheating.lt\/produktas\/hikvision-keliu-ivesciu-siustuvas-ds-pm1-i16o2-we-ax-pro\/#breadcrumb"},"inLanguage":"en-US","potentialAction":[{"@type":"ReadAction","target":["https:\/\/eheating.lt\/produktas\/hikvision-keliu-ivesciu-siustuvas-ds-pm1-i16o2-we-ax-pro\/"]}]},{"@type":"ImageObject","inLanguage":"en-US","@id":"https:\/\/eheating.lt\/produktas\/hikvision-keliu-ivesciu-siustuvas-ds-pm1-i16o2-we-ax-pro\/#primaryimage","url":"https:\/\/eheating.lt\/wp-content\/uploads\/2023\/12\/Hikvision-keliu-ivesciu-siustuvas-DS-PM1-I16O2-WE-AX-PRO.png","contentUrl":"https:\/\/eheating.lt\/wp-content\/uploads\/2023\/12\/Hikvision-keliu-ivesciu-siustuvas-DS-PM1-I16O2-WE-AX-PRO.png","width":800,"height":800},{"@type":"BreadcrumbList","@id":"https:\/\/eheating.lt\/produktas\/hikvision-keliu-ivesciu-siustuvas-ds-pm1-i16o2-we-ax-pro\/#breadcrumb","itemListElement":[{"@type":"ListItem","position":1,"name":"Prad\u017eia","item":"https:\/\/eheating.lt\/en\/"},{"@type":"ListItem","position":2,"name":"Shop","item":"https:\/\/eheating.lt\/en\/?page_id=5734"},{"@type":"ListItem","position":3,"name":"Hikvision keli\u0173 \u012fves\u010di\u0173 si\u0173stuvas DS-PM1-I16O2-WE AX PRO"}]},{"@type":"WebSite","@id":"https:\/\/eheating.lt\/#website","url":"https:\/\/eheating.lt\/","name":"eHeating","description":"Elektronika ir \u0161ildymas","potentialAction":[{"@type":"SearchAction","target":{"@type":"EntryPoint","urlTemplate":"https:\/\/eheating.lt\/?s={search_term_string}"},"query-input":{"@type":"PropertyValueSpecification","valueRequired":true,"valueName":"search_term_string"}}],"inLanguage":"en-US"}]},"product_price_amount":"142.50","product_price_currency":"EUR","og_availability":"instock","product_availability":"instock","product_retailer_item_id":"d9b019ebf67e","product_condition":"new"},"_links":{"self":[{"href":"https:\/\/eheating.lt\/en\/wp-json\/wp\/v2\/product\/21886","targetHints":{"allow":["GET"]}}],"collection":[{"href":"https:\/\/eheating.lt\/en\/wp-json\/wp\/v2\/product"}],"about":[{"href":"https:\/\/eheating.lt\/en\/wp-json\/wp\/v2\/types\/product"}],"replies":[{"embeddable":true,"href":"https:\/\/eheating.lt\/en\/wp-json\/wp\/v2\/comments?post=21886"}],"version-history":[{"count":0,"href":"https:\/\/eheating.lt\/en\/wp-json\/wp\/v2\/product\/21886\/revisions"}],"wp:featuredmedia":[{"embeddable":true,"href":"https:\/\/eheating.lt\/en\/wp-json\/wp\/v2\/media\/30952"}],"wp:attachment":[{"href":"https:\/\/eheating.lt\/en\/wp-json\/wp\/v2\/media?parent=21886"}],"wp:term":[{"taxonomy":"product_brand","embeddable":true,"href":"https:\/\/eheating.lt\/en\/wp-json\/wp\/v2\/product_brand?post=21886"},{"taxonomy":"product_cat","embeddable":true,"href":"https:\/\/eheating.lt\/en\/wp-json\/wp\/v2\/product_cat?post=21886"},{"taxonomy":"product_tag","embeddable":true,"href":"https:\/\/eheating.lt\/en\/wp-json\/wp\/v2\/product_tag?post=21886"}],"curies":[{"name":"wp","href":"https:\/\/api.w.org\/{rel}","templated":true}]}}