{"id":21884,"date":"2023-10-09T23:39:11","date_gmt":"2023-10-09T20:39:11","guid":{"rendered":"https:\/\/eheating.lt\/?post_type=product&#038;p=21884"},"modified":"2024-10-18T16:56:43","modified_gmt":"2024-10-18T13:56:43","slug":"hikvision-belaide-lauko-kamera-ds-pdcm15pf-ir-veikianti-su-ds-pdtt15am-lm-we-ax-pro","status":"publish","type":"product","link":"https:\/\/eheating.lt\/en\/produktas\/hikvision-belaide-lauko-kamera-ds-pdcm15pf-ir-veikianti-su-ds-pdtt15am-lm-we-ax-pro\/","title":{"rendered":"Hikvision belaid\u0117 lauko kamera DS-PDCM15PF-IR veikianti"},"content":{"rendered":"<div class=\"tech-specs-items-description-wrap\">\n<ul class=\"tech-specs-items-description\" data-target=\"Detection Performance\">\n<li class=\"tech-specs-items-description-list\"><span class=\"tech-specs-items-description__title--heading\">Jutiklio funkcijos<\/span><\/li>\n<li class=\"tech-specs-items-description-list\"><span class=\"tech-specs-items-description__title\">Judesio aptikimas<\/span><span class=\"tech-specs-items-description__title-details\">Video Verification<\/span><\/li>\n<\/ul>\n<ul class=\"tech-specs-items-description\" data-target=\"Feature\">\n<li class=\"tech-specs-items-description-list\"><span class=\"tech-specs-items-description__title--heading\">Funkcijos<\/span><\/li>\n<li class=\"tech-specs-items-description-list\"><span class=\"tech-specs-items-description__title\">Skaitmeninis triuk\u0161mo \u0161alinimas<\/span><span class=\"tech-specs-items-description__title-details\">3D<\/span><\/li>\n<li class=\"tech-specs-items-description-list\"><span class=\"tech-specs-items-description__title\">\u017didinio nuotolis<\/span><span class=\"tech-specs-items-description__title-details\">2.0mm@F2.25<\/span><\/li>\n<\/ul>\n<ul class=\"tech-specs-items-description\" data-target=\"Video\">\n<li class=\"tech-specs-items-description-list\"><span class=\"tech-specs-items-description__title--heading\">Vaizdo \u012fra\u0161ymas<\/span><\/li>\n<li class=\"tech-specs-items-description-list\"><span class=\"tech-specs-items-description__title\">\u017didinio nuotolis<\/span><span class=\"tech-specs-items-description__title-details\">137.2\u00b0(H), 80.1\u00b0(V) <\/span><\/li>\n<li class=\"tech-specs-items-description-list\"><span class=\"tech-specs-items-description__title\">Nuotrauk\u0173 tipas<\/span><span class=\"tech-specs-items-description__title-details\">JPEG<\/span><\/li>\n<li class=\"tech-specs-items-description-list\"><span class=\"tech-specs-items-description__title\">Rai\u0161ka<\/span><span class=\"tech-specs-items-description__title-details\">640*480;320*240;160*120<\/span><\/li>\n<li class=\"tech-specs-items-description-list\"><span class=\"tech-specs-items-description__title\">Ap\u0161vietimas<\/span><span class=\"tech-specs-items-description__title-details\">Infrared Light<\/span><\/li>\n<li class=\"tech-specs-items-description-list\"><span class=\"tech-specs-items-description__title\">Ap\u0161vietimo nuootolis<\/span><span class=\"tech-specs-items-description__title-details\">15m<\/span><\/li>\n<li class=\"tech-specs-items-description-list\"><span class=\"tech-specs-items-description__title\">Dienos\/nakties keitimas<\/span><span class=\"tech-specs-items-description__title-details\">Auto<\/span><\/li>\n<\/ul>\n<ul class=\"tech-specs-items-description\" data-target=\"Interface\">\n<li class=\"tech-specs-items-description-list\"><span class=\"tech-specs-items-description__title--heading\">S\u0105sajos<\/span><\/li>\n<li class=\"tech-specs-items-description-list\"><span class=\"tech-specs-items-description__title\">Sujungimo s\u0105saja<\/span><span class=\"tech-specs-items-description__title-details\">1 12-Bit Data Interface <\/span><\/li>\n<\/ul>\n<ul class=\"tech-specs-items-description\" data-target=\"Electrical Characteristics\">\n<li class=\"tech-specs-items-description-list\"><span class=\"tech-specs-items-description__title--heading\">Elektros parametrai<\/span><\/li>\n<li class=\"tech-specs-items-description-list\"><span class=\"tech-specs-items-description__title\">Energijos \u0161altinis<\/span><span class=\"tech-specs-items-description__title-details\">3 VDC<\/span><\/li>\n<li class=\"tech-specs-items-description-list\"><span class=\"tech-specs-items-description__title\">Energijos suvartojimas<\/span><span class=\"tech-specs-items-description__title-details\">1200mA<\/span><\/li>\n<\/ul>\n<ul class=\"tech-specs-items-description\" data-target=\"General\">\n<li class=\"tech-specs-items-description-list\"><span class=\"tech-specs-items-description__title--heading\">Pagrindinis<\/span><\/li>\n<li class=\"tech-specs-items-description-list\"><span class=\"tech-specs-items-description__title\">Veikimo temperat\u016bra<\/span><span class=\"tech-specs-items-description__title-details\">-25 \u00b0C to 60 \u00b0C (-13 \u00b0F to 140 \u00b0F)<\/span><\/li>\n<li class=\"tech-specs-items-description-list\"><span class=\"tech-specs-items-description__title\">Laikymo temperat\u016bra<\/span><span class=\"tech-specs-items-description__title-details\">-25 \u00b0C to 60 \u00b0C (-13 \u00b0F to 140 \u00b0F)<\/span><\/li>\n<li class=\"tech-specs-items-description-list\"><span class=\"tech-specs-items-description__title\">Atsparumas dr\u0117gmei<\/span><span class=\"tech-specs-items-description__title-details\">10% to 90%<\/span><\/li>\n<li class=\"tech-specs-items-description-list\"><span class=\"tech-specs-items-description__title\">IP apsauga<\/span><span class=\"tech-specs-items-description__title-details\">IP66<\/span><\/li>\n<li class=\"tech-specs-items-description-list\"><span class=\"tech-specs-items-description__title\">Matmenys(WxHxD)<\/span><span class=\"tech-specs-items-description__title-details\">74.1mm x 72.35mm x 53mm<\/span><\/li>\n<li class=\"tech-specs-items-description-list\"><span class=\"tech-specs-items-description__title\">Svoris<\/span><span class=\"tech-specs-items-description__title-details\">155g<\/span><\/li>\n<\/ul>\n<\/div>\n","protected":false},"excerpt":{"rendered":"<ul>\n<li>Naudojama lauke<\/li>\n<li>Rai\u0161ka: 640 x 480<\/li>\n<li>Apsauga: IP66<\/li>\n<li>Montuojamas ir veikia tik su lauko judesio jutikliu<\/li>\n<\/ul>\n","protected":false},"featured_media":30950,"comment_status":"closed","ping_status":"closed","template":"","meta":[],"product_brand":[],"product_cat":[279,736,731,732],"product_tag":[974],"class_list":{"0":"post-21884","1":"product","2":"type-product","3":"status-publish","4":"has-post-thumbnail","6":"product_cat-apsaugos-sistemos","7":"product_cat-ax-pro-priedai","8":"product_cat-belaides-apsaugos-sistemos","9":"product_cat-hikvision-ax-pro-belaides-apsaugos-sistemos","10":"product_tag-ean","12":"first","13":"instock","14":"purchasable","15":"product-type-simple"},"yoast_head":"<!-- This site is optimized with the Yoast SEO Premium plugin v21.5 (Yoast SEO v27.4) - https:\/\/yoast.com\/product\/yoast-seo-premium-wordpress\/ -->\n<title>Hikvision DS-PDCM15PF-IR belaid\u0117 lauko kamera<\/title>\n<meta name=\"description\" content=\"Hikvision DS-PDCM15PF-IR belaid\u0117 lauko kamera ; Veikianti su DS-PDTT15AM-LM-WE AX PRO ; Rai\u0161ka: 640 x 480 ; Apsauga: IP66\" \/>\n<meta name=\"robots\" content=\"index, follow, max-snippet:-1, max-image-preview:large, max-video-preview:-1\" \/>\n<link rel=\"canonical\" href=\"https:\/\/eheating.lt\/produktas\/hikvision-belaide-lauko-kamera-ds-pdcm15pf-ir-veikianti-su-ds-pdtt15am-lm-we-ax-pro\/\" \/>\n<meta property=\"og:locale\" content=\"en_US\" \/>\n<meta property=\"og:type\" content=\"article\" \/>\n<meta property=\"og:title\" content=\"Hikvision belaid\u0117 lauko kamera DS-PDCM15PF-IR veikianti su DS-PDTT15AM-LM-WE AX PRO\" \/>\n<meta property=\"og:description\" content=\"Hikvision DS-PDCM15PF-IR belaid\u0117 lauko kamera ; Veikianti su DS-PDTT15AM-LM-WE AX PRO ; Rai\u0161ka: 640 x 480 ; Apsauga: IP66\" \/>\n<meta property=\"og:url\" content=\"https:\/\/eheating.lt\/produktas\/hikvision-belaide-lauko-kamera-ds-pdcm15pf-ir-veikianti-su-ds-pdtt15am-lm-we-ax-pro\/\" \/>\n<meta property=\"og:site_name\" content=\"Elektronika Namams\" \/>\n<meta property=\"article:publisher\" content=\"https:\/\/www.facebook.com\/ElektronikaNamams\" \/>\n<meta property=\"article:modified_time\" content=\"2024-10-18T13:56:43+00:00\" \/>\n<meta property=\"og:image\" content=\"https:\/\/eheating.lt\/wp-content\/uploads\/2023\/12\/Hikvision-belaide-lauko-kamera-DS-PDCM15PF-IR-veikianti-su-DS-PDTT15AM-LM-WE-AX-PRO.png\" \/>\n\t<meta property=\"og:image:width\" content=\"800\" \/>\n\t<meta property=\"og:image:height\" content=\"800\" \/>\n\t<meta property=\"og:image:type\" content=\"image\/png\" \/>\n<meta name=\"twitter:card\" content=\"summary_large_image\" \/>\n<meta name=\"twitter:label1\" content=\"Price\" \/>\n\t<meta name=\"twitter:data1\" content=\"99,73&nbsp;&euro;\" \/>\n\t<meta name=\"twitter:label2\" content=\"Availability\" \/>\n\t<meta name=\"twitter:data2\" content=\"In stock\" \/>\n<script type=\"application\/ld+json\" class=\"yoast-schema-graph\">{\"@context\":\"https:\\\/\\\/schema.org\",\"@graph\":[{\"@type\":\"WebPage\",\"@id\":\"https:\\\/\\\/eheating.lt\\\/produktas\\\/hikvision-belaide-lauko-kamera-ds-pdcm15pf-ir-veikianti-su-ds-pdtt15am-lm-we-ax-pro\\\/\",\"url\":\"https:\\\/\\\/eheating.lt\\\/produktas\\\/hikvision-belaide-lauko-kamera-ds-pdcm15pf-ir-veikianti-su-ds-pdtt15am-lm-we-ax-pro\\\/\",\"name\":\"Hikvision DS-PDCM15PF-IR belaid\u0117 lauko kamera\",\"isPartOf\":{\"@id\":\"https:\\\/\\\/eheating.lt\\\/#website\"},\"primaryImageOfPage\":{\"@id\":\"https:\\\/\\\/eheating.lt\\\/produktas\\\/hikvision-belaide-lauko-kamera-ds-pdcm15pf-ir-veikianti-su-ds-pdtt15am-lm-we-ax-pro\\\/#primaryimage\"},\"image\":{\"@id\":\"https:\\\/\\\/eheating.lt\\\/produktas\\\/hikvision-belaide-lauko-kamera-ds-pdcm15pf-ir-veikianti-su-ds-pdtt15am-lm-we-ax-pro\\\/#primaryimage\"},\"thumbnailUrl\":\"https:\\\/\\\/eheating.lt\\\/wp-content\\\/uploads\\\/2023\\\/12\\\/Hikvision-belaide-lauko-kamera-DS-PDCM15PF-IR-veikianti-su-DS-PDTT15AM-LM-WE-AX-PRO.png\",\"datePublished\":\"2023-10-09T20:39:11+00:00\",\"dateModified\":\"2024-10-18T13:56:43+00:00\",\"description\":\"Hikvision DS-PDCM15PF-IR belaid\u0117 lauko kamera ; Veikianti su DS-PDTT15AM-LM-WE AX PRO ; Rai\u0161ka: 640 x 480 ; Apsauga: IP66\",\"breadcrumb\":{\"@id\":\"https:\\\/\\\/eheating.lt\\\/produktas\\\/hikvision-belaide-lauko-kamera-ds-pdcm15pf-ir-veikianti-su-ds-pdtt15am-lm-we-ax-pro\\\/#breadcrumb\"},\"inLanguage\":\"en-US\",\"potentialAction\":[{\"@type\":\"ReadAction\",\"target\":[\"https:\\\/\\\/eheating.lt\\\/produktas\\\/hikvision-belaide-lauko-kamera-ds-pdcm15pf-ir-veikianti-su-ds-pdtt15am-lm-we-ax-pro\\\/\"]}]},{\"@type\":\"ImageObject\",\"inLanguage\":\"en-US\",\"@id\":\"https:\\\/\\\/eheating.lt\\\/produktas\\\/hikvision-belaide-lauko-kamera-ds-pdcm15pf-ir-veikianti-su-ds-pdtt15am-lm-we-ax-pro\\\/#primaryimage\",\"url\":\"https:\\\/\\\/eheating.lt\\\/wp-content\\\/uploads\\\/2023\\\/12\\\/Hikvision-belaide-lauko-kamera-DS-PDCM15PF-IR-veikianti-su-DS-PDTT15AM-LM-WE-AX-PRO.png\",\"contentUrl\":\"https:\\\/\\\/eheating.lt\\\/wp-content\\\/uploads\\\/2023\\\/12\\\/Hikvision-belaide-lauko-kamera-DS-PDCM15PF-IR-veikianti-su-DS-PDTT15AM-LM-WE-AX-PRO.png\",\"width\":800,\"height\":800},{\"@type\":\"BreadcrumbList\",\"@id\":\"https:\\\/\\\/eheating.lt\\\/produktas\\\/hikvision-belaide-lauko-kamera-ds-pdcm15pf-ir-veikianti-su-ds-pdtt15am-lm-we-ax-pro\\\/#breadcrumb\",\"itemListElement\":[{\"@type\":\"ListItem\",\"position\":1,\"name\":\"Prad\u017eia\",\"item\":\"https:\\\/\\\/eheating.lt\\\/en\\\/\"},{\"@type\":\"ListItem\",\"position\":2,\"name\":\"Shop\",\"item\":\"https:\\\/\\\/eheating.lt\\\/en\\\/?page_id=5734\"},{\"@type\":\"ListItem\",\"position\":3,\"name\":\"Hikvision belaid\u0117 lauko kamera DS-PDCM15PF-IR veikianti su DS-PDTT15AM-LM-WE AX PRO\"}]},{\"@type\":\"WebSite\",\"@id\":\"https:\\\/\\\/eheating.lt\\\/#website\",\"url\":\"https:\\\/\\\/eheating.lt\\\/\",\"name\":\"eHeating\",\"description\":\"Elektronika ir \u0161ildymas\",\"potentialAction\":[{\"@type\":\"SearchAction\",\"target\":{\"@type\":\"EntryPoint\",\"urlTemplate\":\"https:\\\/\\\/eheating.lt\\\/?s={search_term_string}\"},\"query-input\":{\"@type\":\"PropertyValueSpecification\",\"valueRequired\":true,\"valueName\":\"search_term_string\"}}],\"inLanguage\":\"en-US\"}]}<\/script>\n<meta property=\"product:price:amount\" content=\"99.73\" \/>\n<meta property=\"product:price:currency\" content=\"EUR\" \/>\n<meta property=\"og:availability\" content=\"instock\" \/>\n<meta property=\"product:availability\" content=\"instock\" \/>\n<meta property=\"product:retailer_item_id\" content=\"4afb78cc3b9d\" \/>\n<meta property=\"product:condition\" content=\"new\" \/>\n<!-- \/ Yoast SEO Premium plugin. -->","yoast_head_json":{"title":"Hikvision DS-PDCM15PF-IR belaid\u0117 lauko kamera","description":"Hikvision DS-PDCM15PF-IR belaid\u0117 lauko kamera ; Veikianti su DS-PDTT15AM-LM-WE AX PRO ; Rai\u0161ka: 640 x 480 ; Apsauga: IP66","robots":{"index":"index","follow":"follow","max-snippet":"max-snippet:-1","max-image-preview":"max-image-preview:large","max-video-preview":"max-video-preview:-1"},"canonical":"https:\/\/eheating.lt\/produktas\/hikvision-belaide-lauko-kamera-ds-pdcm15pf-ir-veikianti-su-ds-pdtt15am-lm-we-ax-pro\/","og_locale":"en_US","og_type":"article","og_title":"Hikvision belaid\u0117 lauko kamera DS-PDCM15PF-IR veikianti su DS-PDTT15AM-LM-WE AX PRO","og_description":"Hikvision DS-PDCM15PF-IR belaid\u0117 lauko kamera ; Veikianti su DS-PDTT15AM-LM-WE AX PRO ; Rai\u0161ka: 640 x 480 ; Apsauga: IP66","og_url":"https:\/\/eheating.lt\/produktas\/hikvision-belaide-lauko-kamera-ds-pdcm15pf-ir-veikianti-su-ds-pdtt15am-lm-we-ax-pro\/","og_site_name":"Elektronika Namams","article_publisher":"https:\/\/www.facebook.com\/ElektronikaNamams","article_modified_time":"2024-10-18T13:56:43+00:00","og_image":[{"width":800,"height":800,"url":"https:\/\/eheating.lt\/wp-content\/uploads\/2023\/12\/Hikvision-belaide-lauko-kamera-DS-PDCM15PF-IR-veikianti-su-DS-PDTT15AM-LM-WE-AX-PRO.png","type":"image\/png"}],"twitter_card":"summary_large_image","twitter_misc":{"Price":"99,73&nbsp;&euro;","Availability":"In stock"},"schema":{"@context":"https:\/\/schema.org","@graph":[{"@type":"WebPage","@id":"https:\/\/eheating.lt\/produktas\/hikvision-belaide-lauko-kamera-ds-pdcm15pf-ir-veikianti-su-ds-pdtt15am-lm-we-ax-pro\/","url":"https:\/\/eheating.lt\/produktas\/hikvision-belaide-lauko-kamera-ds-pdcm15pf-ir-veikianti-su-ds-pdtt15am-lm-we-ax-pro\/","name":"Hikvision DS-PDCM15PF-IR belaid\u0117 lauko kamera","isPartOf":{"@id":"https:\/\/eheating.lt\/#website"},"primaryImageOfPage":{"@id":"https:\/\/eheating.lt\/produktas\/hikvision-belaide-lauko-kamera-ds-pdcm15pf-ir-veikianti-su-ds-pdtt15am-lm-we-ax-pro\/#primaryimage"},"image":{"@id":"https:\/\/eheating.lt\/produktas\/hikvision-belaide-lauko-kamera-ds-pdcm15pf-ir-veikianti-su-ds-pdtt15am-lm-we-ax-pro\/#primaryimage"},"thumbnailUrl":"https:\/\/eheating.lt\/wp-content\/uploads\/2023\/12\/Hikvision-belaide-lauko-kamera-DS-PDCM15PF-IR-veikianti-su-DS-PDTT15AM-LM-WE-AX-PRO.png","datePublished":"2023-10-09T20:39:11+00:00","dateModified":"2024-10-18T13:56:43+00:00","description":"Hikvision DS-PDCM15PF-IR belaid\u0117 lauko kamera ; Veikianti su DS-PDTT15AM-LM-WE AX PRO ; Rai\u0161ka: 640 x 480 ; Apsauga: IP66","breadcrumb":{"@id":"https:\/\/eheating.lt\/produktas\/hikvision-belaide-lauko-kamera-ds-pdcm15pf-ir-veikianti-su-ds-pdtt15am-lm-we-ax-pro\/#breadcrumb"},"inLanguage":"en-US","potentialAction":[{"@type":"ReadAction","target":["https:\/\/eheating.lt\/produktas\/hikvision-belaide-lauko-kamera-ds-pdcm15pf-ir-veikianti-su-ds-pdtt15am-lm-we-ax-pro\/"]}]},{"@type":"ImageObject","inLanguage":"en-US","@id":"https:\/\/eheating.lt\/produktas\/hikvision-belaide-lauko-kamera-ds-pdcm15pf-ir-veikianti-su-ds-pdtt15am-lm-we-ax-pro\/#primaryimage","url":"https:\/\/eheating.lt\/wp-content\/uploads\/2023\/12\/Hikvision-belaide-lauko-kamera-DS-PDCM15PF-IR-veikianti-su-DS-PDTT15AM-LM-WE-AX-PRO.png","contentUrl":"https:\/\/eheating.lt\/wp-content\/uploads\/2023\/12\/Hikvision-belaide-lauko-kamera-DS-PDCM15PF-IR-veikianti-su-DS-PDTT15AM-LM-WE-AX-PRO.png","width":800,"height":800},{"@type":"BreadcrumbList","@id":"https:\/\/eheating.lt\/produktas\/hikvision-belaide-lauko-kamera-ds-pdcm15pf-ir-veikianti-su-ds-pdtt15am-lm-we-ax-pro\/#breadcrumb","itemListElement":[{"@type":"ListItem","position":1,"name":"Prad\u017eia","item":"https:\/\/eheating.lt\/en\/"},{"@type":"ListItem","position":2,"name":"Shop","item":"https:\/\/eheating.lt\/en\/?page_id=5734"},{"@type":"ListItem","position":3,"name":"Hikvision belaid\u0117 lauko kamera DS-PDCM15PF-IR veikianti su DS-PDTT15AM-LM-WE AX PRO"}]},{"@type":"WebSite","@id":"https:\/\/eheating.lt\/#website","url":"https:\/\/eheating.lt\/","name":"eHeating","description":"Elektronika ir \u0161ildymas","potentialAction":[{"@type":"SearchAction","target":{"@type":"EntryPoint","urlTemplate":"https:\/\/eheating.lt\/?s={search_term_string}"},"query-input":{"@type":"PropertyValueSpecification","valueRequired":true,"valueName":"search_term_string"}}],"inLanguage":"en-US"}]},"product_price_amount":"99.73","product_price_currency":"EUR","og_availability":"instock","product_availability":"instock","product_retailer_item_id":"4afb78cc3b9d","product_condition":"new"},"_links":{"self":[{"href":"https:\/\/eheating.lt\/en\/wp-json\/wp\/v2\/product\/21884","targetHints":{"allow":["GET"]}}],"collection":[{"href":"https:\/\/eheating.lt\/en\/wp-json\/wp\/v2\/product"}],"about":[{"href":"https:\/\/eheating.lt\/en\/wp-json\/wp\/v2\/types\/product"}],"replies":[{"embeddable":true,"href":"https:\/\/eheating.lt\/en\/wp-json\/wp\/v2\/comments?post=21884"}],"version-history":[{"count":0,"href":"https:\/\/eheating.lt\/en\/wp-json\/wp\/v2\/product\/21884\/revisions"}],"wp:featuredmedia":[{"embeddable":true,"href":"https:\/\/eheating.lt\/en\/wp-json\/wp\/v2\/media\/30950"}],"wp:attachment":[{"href":"https:\/\/eheating.lt\/en\/wp-json\/wp\/v2\/media?parent=21884"}],"wp:term":[{"taxonomy":"product_brand","embeddable":true,"href":"https:\/\/eheating.lt\/en\/wp-json\/wp\/v2\/product_brand?post=21884"},{"taxonomy":"product_cat","embeddable":true,"href":"https:\/\/eheating.lt\/en\/wp-json\/wp\/v2\/product_cat?post=21884"},{"taxonomy":"product_tag","embeddable":true,"href":"https:\/\/eheating.lt\/en\/wp-json\/wp\/v2\/product_tag?post=21884"}],"curies":[{"name":"wp","href":"https:\/\/api.w.org\/{rel}","templated":true}]}}