{"id":21876,"date":"2023-10-09T23:39:11","date_gmt":"2023-10-09T20:39:11","guid":{"rendered":"https:\/\/eheating.lt\/?post_type=product&#038;p=21876"},"modified":"2024-10-18T16:56:39","modified_gmt":"2024-10-18T13:56:39","slug":"hikvision-belaidis-lauko-2pir-am-judesio-jutiklis-ds-pdtt15am-lm-we-ax-pro","status":"publish","type":"product","link":"https:\/\/eheating.lt\/en\/produktas\/hikvision-belaidis-lauko-2pir-am-judesio-jutiklis-ds-pdtt15am-lm-we-ax-pro\/","title":{"rendered":"Hikvision belaidis lauko 2PIR AM judesio"},"content":{"rendered":"<div class=\"tech-specs-items-description-wrap\">\n<ul class=\"tech-specs-items-description\" data-target=\"Detection Performance\">\n<li class=\"tech-specs-items-description-list\"><span class=\"tech-specs-items-description__title--heading\">Jutiklio specifikacija<\/span><\/li>\n<li class=\"tech-specs-items-description-list\"><span class=\"tech-specs-items-description__title\">Aptikimo metodas<\/span><span class=\"tech-specs-items-description__title-details\">Passive Infrared;Microwave<\/span><\/li>\n<li class=\"tech-specs-items-description-list\"><span class=\"tech-specs-items-description__title\">Aptikimo veikimo nuotolis<\/span><span class=\"tech-specs-items-description__title-details\">15m<\/span><\/li>\n<li class=\"tech-specs-items-description-list\"><span class=\"tech-specs-items-description__title\">Aptikimo kampas<\/span><span class=\"tech-specs-items-description__title-details\">90\u00b0 @ 180\u00b0 adjustable<\/span><\/li>\n<li class=\"tech-specs-items-description-list\"><span class=\"tech-specs-items-description__title\">Aptikimo zonos<\/span><span class=\"tech-specs-items-description__title-details\">92<\/span><\/li>\n<li class=\"tech-specs-items-description-list\"><span class=\"tech-specs-items-description__title\">Aptikimo greitis<\/span><span class=\"tech-specs-items-description__title-details\">0.3\uff5e2m\/s<\/span><\/li>\n<li class=\"tech-specs-items-description-list\"><span class=\"tech-specs-items-description__title\">Jautrumas<\/span><span class=\"tech-specs-items-description__title-details\">Auto;Low<\/span><\/li>\n<li class=\"tech-specs-items-description-list\"><span class=\"tech-specs-items-description__title\">Baltos \u0161viesos filtravimas<\/span><span class=\"tech-specs-items-description__title-details\">10000lux<\/span><\/li>\n<li class=\"tech-specs-items-description-list\"><span class=\"tech-specs-items-description__title\">Mikrobang\u0173 da\u017enis<\/span><span class=\"tech-specs-items-description__title-details\">24GHz(24.15\uff5e24.25GHz)<\/span><\/li>\n<li class=\"tech-specs-items-description-list\"><span class=\"tech-specs-items-description__title\">Pet atsparumas<\/span><span class=\"tech-specs-items-description__title-details\">40Kg<\/span><\/li>\n<li class=\"tech-specs-items-description-list\"><span class=\"tech-specs-items-description__title\">Skaitmeninis temperat\u016bros kompensavimas<\/span><span class=\"tech-specs-items-description__title-details\">Support<\/span><\/li>\n<li class=\"tech-specs-items-description-list\"><span class=\"tech-specs-items-description__title\">Anti-masking funkcija<\/span><span class=\"tech-specs-items-description__title-details\">Support<\/span><\/li>\n<li class=\"tech-specs-items-description-list\"><span class=\"tech-specs-items-description__title\">Reguliuojamas veikimo diapozonas<\/span><span class=\"tech-specs-items-description__title-details\"><span class=\"tech-specs-items-description__title-details\"><br \/>\n<\/span><\/span><\/p>\n<p class=\"mb-p\" style=\"margin-bottom: 0rem; height: auto;\">Support<\/p>\n<p class=\"mb-p\" style=\"margin-bottom: 0.5em; height: auto;\">Pattern mask included<\/p>\n<p>&nbsp;<\/li>\n<\/ul>\n<ul class=\"tech-specs-items-description\" data-target=\"Feature\">\n<li class=\"tech-specs-items-description-list\"><span class=\"tech-specs-items-description__title--heading\">Funkcijos<\/span><\/li>\n<li class=\"tech-specs-items-description-list\"><span class=\"tech-specs-items-description__title\">Skaitmeninis apdirbimas<\/span><span class=\"tech-specs-items-description__title-details\">Tri-Signal Logic<\/span><\/li>\n<li class=\"tech-specs-items-description-list\"><span class=\"tech-specs-items-description__title\">U\u017edara optika<\/span><span class=\"tech-specs-items-description__title-details\">Support<\/span><\/li>\n<li class=\"tech-specs-items-description-list\"><span class=\"tech-specs-items-description__title\">Suklastojimo apsauga<\/span><span class=\"tech-specs-items-description__title-details\">Front;Rear<\/span><\/li>\n<li class=\"tech-specs-items-description-list\"><span class=\"tech-specs-items-description__title\">Aplinkos temperat\u016bros indikatoriai<\/span><span class=\"tech-specs-items-description__title-details\">Support<\/span><\/li>\n<li class=\"tech-specs-items-description-list\"><span class=\"tech-specs-items-description__title\">Signalo stiprumo indikatorius<\/span><span class=\"tech-specs-items-description__title-details\">Support<\/span><\/li>\n<li class=\"tech-specs-items-description-list\"><span class=\"tech-specs-items-description__title\">Apsauga nuo svyravimo<\/span><span class=\"tech-specs-items-description__title-details\">Support<\/span><\/li>\n<\/ul>\n<ul class=\"tech-specs-items-description\" data-target=\"Interface\">\n<li class=\"tech-specs-items-description-list\"><span class=\"tech-specs-items-description__title--heading\">S\u0105sajos<\/span><\/li>\n<li class=\"tech-specs-items-description-list\"><span class=\"tech-specs-items-description__title\">Galios keitimas<\/span><span class=\"tech-specs-items-description__title-details\">Power Up Enrolling<\/span><\/li>\n<li class=\"tech-specs-items-description-list\"><span class=\"tech-specs-items-description__title\">LED indikatoriai<\/span><span class=\"tech-specs-items-description__title-details\">Green(Top PIR), Red(Microwave), Orange(Bottom PIR), Green+Orange(Mask), Blue(Alarm)<\/span><\/li>\n<\/ul>\n<ul class=\"tech-specs-items-description\" data-target=\"Transmission\">\n<li class=\"tech-specs-items-description-list\"><span class=\"tech-specs-items-description__title--heading\">Perdavimas<\/span><\/li>\n<li class=\"tech-specs-items-description-list\"><span class=\"tech-specs-items-description__title\">Perdavimo technologija<\/span><span class=\"tech-specs-items-description__title-details\">Tri-X Wireless<\/span><\/li>\n<li class=\"tech-specs-items-description-list\"><span class=\"tech-specs-items-description__title\">Perdavimo metodas<\/span><span class=\"tech-specs-items-description__title-details\">Two-Way RF Wireless<\/span><\/li>\n<li class=\"tech-specs-items-description-list\"><span class=\"tech-specs-items-description__title\">Perdavimo da\u017enis<\/span><span class=\"tech-specs-items-description__title-details\">868MHz<\/span><\/li>\n<li class=\"tech-specs-items-description-list\"><span class=\"tech-specs-items-description__title\">Perdavimo saugumas<\/span><span class=\"tech-specs-items-description__title-details\">AES-128 Encryption<\/span><\/li>\n<li class=\"tech-specs-items-description-list\"><span class=\"tech-specs-items-description__title\">Perdavimo nuotolis(atviros erdv\u0117s)<\/span><span class=\"tech-specs-items-description__title-details\">1.6Km<\/span><\/li>\n<li class=\"tech-specs-items-description-list\"><span class=\"tech-specs-items-description__title\">Da\u017eni\u0173 per\u0161okimas<\/span><span class=\"tech-specs-items-description__title-details\">Support<\/span><\/li>\n<li class=\"tech-specs-items-description-list\"><span class=\"tech-specs-items-description__title\">Registracijos metodas<\/span><span class=\"tech-specs-items-description__title-details\">Power up;Remote ID;QR Code<\/span><\/li>\n<\/ul>\n<ul class=\"tech-specs-items-description\" data-target=\"Electrical Characteristics\">\n<li class=\"tech-specs-items-description-list\"><span class=\"tech-specs-items-description__title--heading\">Elektros savyb\u0117s<\/span><\/li>\n<li class=\"tech-specs-items-description-list\"><span class=\"tech-specs-items-description__title\">Standartinis baterijos veikimo laikotarpis<\/span><span class=\"tech-specs-items-description__title-details\"><span class=\"tech-specs-items-description__title-details\"><br \/>\n<\/span><\/span><\/p>\n<p class=\"mb-p\" style=\"margin-bottom: 0rem; height: auto;\">5 years in work status<\/p>\n<p class=\"mb-p\" style=\"margin-bottom: 0rem; height: auto;\">(Standalone\uff1abeing triggered 20 times per day)<\/p>\n<p class=\"mb-p\" style=\"margin-bottom: 0.5em; height: auto;\">(With camera integrated\uff1abeing triggered and completely uploading captures once per day)<\/p>\n<p>&nbsp;<\/li>\n<li class=\"tech-specs-items-description-list\"><span class=\"tech-specs-items-description__title\">Energijos \u0161altinis<\/span><span class=\"tech-specs-items-description__title-details\">Battery Powered<\/span><\/li>\n<li class=\"tech-specs-items-description-list\"><span class=\"tech-specs-items-description__title\">Baterijos tipas<\/span><span class=\"tech-specs-items-description__title-details\">CR123A \u00d7 5<\/span><\/li>\n<li class=\"tech-specs-items-description-list\"><span class=\"tech-specs-items-description__title\">Tipin\u0117 \u012ftampa<\/span><span class=\"tech-specs-items-description__title-details\">3V<\/span><\/li>\n<\/ul>\n<ul class=\"tech-specs-items-description\" data-target=\"General\">\n<li class=\"tech-specs-items-description-list\"><span class=\"tech-specs-items-description__title--heading\">Pagrinidinis<\/span><\/li>\n<li class=\"tech-specs-items-description-list\"><span class=\"tech-specs-items-description__title\">Veikimo temperat\u016bra<\/span><span class=\"tech-specs-items-description__title-details\">-25 \u00b0C to 60 \u00b0C (-13 \u00b0F to 140 \u00b0F)<\/span><\/li>\n<li class=\"tech-specs-items-description-list\"><span class=\"tech-specs-items-description__title\">Laikymo temperat\u016bra<\/span><span class=\"tech-specs-items-description__title-details\">-25 \u00b0C to 60 \u00b0C (-13 \u00b0F to 140 \u00b0F)<\/span><\/li>\n<li class=\"tech-specs-items-description-list\"><span class=\"tech-specs-items-description__title\">Veikimo atsparumas dr\u0117gmei<\/span><span class=\"tech-specs-items-description__title-details\">10% to 90%<\/span><\/li>\n<li class=\"tech-specs-items-description-list\"><span class=\"tech-specs-items-description__title\">IP apsauga<\/span><span class=\"tech-specs-items-description__title-details\">IP65<\/span><\/li>\n<li class=\"tech-specs-items-description-list\"><span class=\"tech-specs-items-description__title\">Matmenys(WxHxD)<\/span><span class=\"tech-specs-items-description__title-details\">75mm \u00d7 202mm \u00d7 73mm<\/span><\/li>\n<li class=\"tech-specs-items-description-list\"><span class=\"tech-specs-items-description__title\">Svoris<\/span><span class=\"tech-specs-items-description__title-details\">600g<\/span><\/li>\n<li class=\"tech-specs-items-description-list\"><span class=\"tech-specs-items-description__title\">Montavimo auk\u0161tis<\/span><span class=\"tech-specs-items-description__title-details\">0.8 to 1.2m<\/span><\/li>\n<li class=\"tech-specs-items-description-list\"><span class=\"tech-specs-items-description__title\">Montavimo metodas<\/span><span class=\"tech-specs-items-description__title-details\">Wall<\/span><\/li>\n<li class=\"tech-specs-items-description-list\"><span class=\"tech-specs-items-description__title\">Pritaikyta veikti<\/span><span class=\"tech-specs-items-description__title-details\">Outdoor<\/span><\/li>\n<\/ul>\n<\/div>\n","protected":false},"excerpt":{"rendered":"<ul>\n<li>Aptikimo atstumas: 15m<\/li>\n<li>Aptikimo kampas: 90\u00b0 &#8211; 180\u00b0 reguliuojamas<\/li>\n<li>Veikimo atstumas iki 1600m (atviroje erdv\u0117je)<\/li>\n<li>Veikia su <a style=\"color: var(--bk-color);\" href=\"https:\/\/bkgrupe.lt\/lt\/hikvision-belaide-lauko-kamera-ds-pdcm15pf-ir-veikianti-su-ds-pdtt15am-lm-we-ax-pro.html\">DS-PDCM15PF-IR<\/a><\/li>\n<li>Naudojant su DS-PDCM15PF-IR\u00a0 veikimo atsumas iki 800m (atviroje erdv\u0117je)<\/li>\n<li>Radio da\u017eni\u0173 suderinanumas ir atsparumas elektromagnetiniam triuk\u0161mui<\/li>\n<li>Baterijos tipas: 5 * CR123A baterija (baterija prid\u0117ta komplekte, lengvai kei\u010diama)<\/li>\n<li>Baterijos veikimo laikas: iki 5 met\u0173<\/li>\n<li>Rekomenduojamas montavimo auk\u0161tis: nuo 0.8 iki 1.2 m<\/li>\n<li>Skirta lauko s\u0105lygoms: IP65<\/li>\n<li>Anti-masking<\/li>\n<\/ul>\n","protected":false},"featured_media":30944,"comment_status":"closed","ping_status":"closed","template":"","meta":[],"product_brand":[],"product_cat":[761,778,762,776],"product_tag":[975],"class_list":{"0":"post-21876","1":"product","2":"type-product","3":"status-publish","4":"has-post-thumbnail","6":"product_cat-security-systems","7":"product_cat-ax-pro-sensors","8":"product_cat-wireless-security-systems","9":"product_cat-hikvision-ax-pro-wireless-security-systems","10":"product_tag-ean-en","12":"first","13":"instock","14":"purchasable","15":"product-type-simple"},"yoast_head":"<!-- This site is optimized with the Yoast SEO Premium plugin v21.5 (Yoast SEO v27.3) - https:\/\/yoast.com\/product\/yoast-seo-premium-wordpress\/ -->\n<title>Hikvision DS-PDTT15AM-LM-WE AX PRO belaidis judesio jutiklis<\/title>\n<meta name=\"description\" content=\"Hikvision DS-PDTT15AM-LM-WE AX PRO belaidis lauko 2PIR AM judesio jutiklis ; Aptikimo atstumas: 15m ; Aptikimo kampas: 90\u00b0 - 180\u00b0 reguliuojamas\" \/>\n<meta name=\"robots\" content=\"index, follow, max-snippet:-1, max-image-preview:large, max-video-preview:-1\" \/>\n<link rel=\"canonical\" href=\"https:\/\/eheating.lt\/produktas\/hikvision-belaidis-lauko-2pir-am-judesio-jutiklis-ds-pdtt15am-lm-we-ax-pro\/\" \/>\n<meta property=\"og:locale\" content=\"en_US\" \/>\n<meta property=\"og:type\" content=\"article\" \/>\n<meta property=\"og:title\" content=\"Hikvision belaidis lauko 2PIR AM judesio jutiklis DS-PDTT15AM-LM-WE AX PRO\" \/>\n<meta property=\"og:description\" content=\"Hikvision DS-PDTT15AM-LM-WE AX PRO belaidis lauko 2PIR AM judesio jutiklis ; Aptikimo atstumas: 15m ; Aptikimo kampas: 90\u00b0 - 180\u00b0 reguliuojamas\" \/>\n<meta property=\"og:url\" content=\"https:\/\/eheating.lt\/produktas\/hikvision-belaidis-lauko-2pir-am-judesio-jutiklis-ds-pdtt15am-lm-we-ax-pro\/\" \/>\n<meta property=\"og:site_name\" content=\"Elektronika Namams\" \/>\n<meta property=\"article:publisher\" content=\"https:\/\/www.facebook.com\/ElektronikaNamams\" \/>\n<meta property=\"article:modified_time\" content=\"2024-10-18T13:56:39+00:00\" \/>\n<meta property=\"og:image\" content=\"https:\/\/eheating.lt\/wp-content\/uploads\/2023\/12\/Hikvision-belaidis-lauko-2PIR-AM-judesio-jutiklis-DS-PDTT15AM-LM-WE-AX-PRO.png\" \/>\n\t<meta property=\"og:image:width\" content=\"800\" \/>\n\t<meta property=\"og:image:height\" content=\"800\" \/>\n\t<meta property=\"og:image:type\" content=\"image\/png\" \/>\n<meta name=\"twitter:card\" content=\"summary_large_image\" \/>\n<meta name=\"twitter:label1\" content=\"Price\" \/>\n\t<meta name=\"twitter:data1\" content=\"218,48&nbsp;&euro;\" \/>\n\t<meta name=\"twitter:label2\" content=\"Availability\" \/>\n\t<meta name=\"twitter:data2\" content=\"In stock\" \/>\n<script type=\"application\/ld+json\" class=\"yoast-schema-graph\">{\"@context\":\"https:\\\/\\\/schema.org\",\"@graph\":[{\"@type\":\"WebPage\",\"@id\":\"https:\\\/\\\/eheating.lt\\\/produktas\\\/hikvision-belaidis-lauko-2pir-am-judesio-jutiklis-ds-pdtt15am-lm-we-ax-pro\\\/\",\"url\":\"https:\\\/\\\/eheating.lt\\\/produktas\\\/hikvision-belaidis-lauko-2pir-am-judesio-jutiklis-ds-pdtt15am-lm-we-ax-pro\\\/\",\"name\":\"Hikvision DS-PDTT15AM-LM-WE AX PRO belaidis judesio jutiklis\",\"isPartOf\":{\"@id\":\"https:\\\/\\\/eheating.lt\\\/#website\"},\"primaryImageOfPage\":{\"@id\":\"https:\\\/\\\/eheating.lt\\\/produktas\\\/hikvision-belaidis-lauko-2pir-am-judesio-jutiklis-ds-pdtt15am-lm-we-ax-pro\\\/#primaryimage\"},\"image\":{\"@id\":\"https:\\\/\\\/eheating.lt\\\/produktas\\\/hikvision-belaidis-lauko-2pir-am-judesio-jutiklis-ds-pdtt15am-lm-we-ax-pro\\\/#primaryimage\"},\"thumbnailUrl\":\"https:\\\/\\\/eheating.lt\\\/wp-content\\\/uploads\\\/2023\\\/12\\\/Hikvision-belaidis-lauko-2PIR-AM-judesio-jutiklis-DS-PDTT15AM-LM-WE-AX-PRO.png\",\"datePublished\":\"2023-10-09T20:39:11+00:00\",\"dateModified\":\"2024-10-18T13:56:39+00:00\",\"description\":\"Hikvision DS-PDTT15AM-LM-WE AX PRO belaidis lauko 2PIR AM judesio jutiklis ; Aptikimo atstumas: 15m ; Aptikimo kampas: 90\u00b0 - 180\u00b0 reguliuojamas\",\"breadcrumb\":{\"@id\":\"https:\\\/\\\/eheating.lt\\\/produktas\\\/hikvision-belaidis-lauko-2pir-am-judesio-jutiklis-ds-pdtt15am-lm-we-ax-pro\\\/#breadcrumb\"},\"inLanguage\":\"en-US\",\"potentialAction\":[{\"@type\":\"ReadAction\",\"target\":[\"https:\\\/\\\/eheating.lt\\\/produktas\\\/hikvision-belaidis-lauko-2pir-am-judesio-jutiklis-ds-pdtt15am-lm-we-ax-pro\\\/\"]}]},{\"@type\":\"ImageObject\",\"inLanguage\":\"en-US\",\"@id\":\"https:\\\/\\\/eheating.lt\\\/produktas\\\/hikvision-belaidis-lauko-2pir-am-judesio-jutiklis-ds-pdtt15am-lm-we-ax-pro\\\/#primaryimage\",\"url\":\"https:\\\/\\\/eheating.lt\\\/wp-content\\\/uploads\\\/2023\\\/12\\\/Hikvision-belaidis-lauko-2PIR-AM-judesio-jutiklis-DS-PDTT15AM-LM-WE-AX-PRO.png\",\"contentUrl\":\"https:\\\/\\\/eheating.lt\\\/wp-content\\\/uploads\\\/2023\\\/12\\\/Hikvision-belaidis-lauko-2PIR-AM-judesio-jutiklis-DS-PDTT15AM-LM-WE-AX-PRO.png\",\"width\":800,\"height\":800},{\"@type\":\"BreadcrumbList\",\"@id\":\"https:\\\/\\\/eheating.lt\\\/produktas\\\/hikvision-belaidis-lauko-2pir-am-judesio-jutiklis-ds-pdtt15am-lm-we-ax-pro\\\/#breadcrumb\",\"itemListElement\":[{\"@type\":\"ListItem\",\"position\":1,\"name\":\"Prad\u017eia\",\"item\":\"https:\\\/\\\/eheating.lt\\\/en\\\/\"},{\"@type\":\"ListItem\",\"position\":2,\"name\":\"Shop\",\"item\":\"https:\\\/\\\/eheating.lt\\\/en\\\/?page_id=5734\"},{\"@type\":\"ListItem\",\"position\":3,\"name\":\"Hikvision belaidis lauko 2PIR AM judesio jutiklis DS-PDTT15AM-LM-WE AX PRO\"}]},{\"@type\":\"WebSite\",\"@id\":\"https:\\\/\\\/eheating.lt\\\/#website\",\"url\":\"https:\\\/\\\/eheating.lt\\\/\",\"name\":\"eHeating\",\"description\":\"Elektronika ir \u0161ildymas\",\"potentialAction\":[{\"@type\":\"SearchAction\",\"target\":{\"@type\":\"EntryPoint\",\"urlTemplate\":\"https:\\\/\\\/eheating.lt\\\/?s={search_term_string}\"},\"query-input\":{\"@type\":\"PropertyValueSpecification\",\"valueRequired\":true,\"valueName\":\"search_term_string\"}}],\"inLanguage\":\"en-US\"}]}<\/script>\n<meta property=\"product:price:amount\" content=\"218.48\" \/>\n<meta property=\"product:price:currency\" content=\"EUR\" \/>\n<meta property=\"og:availability\" content=\"instock\" \/>\n<meta property=\"product:availability\" content=\"instock\" \/>\n<meta property=\"product:retailer_item_id\" content=\"190994748215\" \/>\n<meta property=\"product:condition\" content=\"new\" \/>\n<!-- \/ Yoast SEO Premium plugin. -->","yoast_head_json":{"title":"Hikvision DS-PDTT15AM-LM-WE AX PRO belaidis judesio jutiklis","description":"Hikvision DS-PDTT15AM-LM-WE AX PRO belaidis lauko 2PIR AM judesio jutiklis ; Aptikimo atstumas: 15m ; Aptikimo kampas: 90\u00b0 - 180\u00b0 reguliuojamas","robots":{"index":"index","follow":"follow","max-snippet":"max-snippet:-1","max-image-preview":"max-image-preview:large","max-video-preview":"max-video-preview:-1"},"canonical":"https:\/\/eheating.lt\/produktas\/hikvision-belaidis-lauko-2pir-am-judesio-jutiklis-ds-pdtt15am-lm-we-ax-pro\/","og_locale":"en_US","og_type":"article","og_title":"Hikvision belaidis lauko 2PIR AM judesio jutiklis DS-PDTT15AM-LM-WE AX PRO","og_description":"Hikvision DS-PDTT15AM-LM-WE AX PRO belaidis lauko 2PIR AM judesio jutiklis ; Aptikimo atstumas: 15m ; Aptikimo kampas: 90\u00b0 - 180\u00b0 reguliuojamas","og_url":"https:\/\/eheating.lt\/produktas\/hikvision-belaidis-lauko-2pir-am-judesio-jutiklis-ds-pdtt15am-lm-we-ax-pro\/","og_site_name":"Elektronika Namams","article_publisher":"https:\/\/www.facebook.com\/ElektronikaNamams","article_modified_time":"2024-10-18T13:56:39+00:00","og_image":[{"width":800,"height":800,"url":"https:\/\/eheating.lt\/wp-content\/uploads\/2023\/12\/Hikvision-belaidis-lauko-2PIR-AM-judesio-jutiklis-DS-PDTT15AM-LM-WE-AX-PRO.png","type":"image\/png"}],"twitter_card":"summary_large_image","twitter_misc":{"Price":"218,48&nbsp;&euro;","Availability":"In stock"},"schema":{"@context":"https:\/\/schema.org","@graph":[{"@type":"WebPage","@id":"https:\/\/eheating.lt\/produktas\/hikvision-belaidis-lauko-2pir-am-judesio-jutiklis-ds-pdtt15am-lm-we-ax-pro\/","url":"https:\/\/eheating.lt\/produktas\/hikvision-belaidis-lauko-2pir-am-judesio-jutiklis-ds-pdtt15am-lm-we-ax-pro\/","name":"Hikvision DS-PDTT15AM-LM-WE AX PRO belaidis judesio jutiklis","isPartOf":{"@id":"https:\/\/eheating.lt\/#website"},"primaryImageOfPage":{"@id":"https:\/\/eheating.lt\/produktas\/hikvision-belaidis-lauko-2pir-am-judesio-jutiklis-ds-pdtt15am-lm-we-ax-pro\/#primaryimage"},"image":{"@id":"https:\/\/eheating.lt\/produktas\/hikvision-belaidis-lauko-2pir-am-judesio-jutiklis-ds-pdtt15am-lm-we-ax-pro\/#primaryimage"},"thumbnailUrl":"https:\/\/eheating.lt\/wp-content\/uploads\/2023\/12\/Hikvision-belaidis-lauko-2PIR-AM-judesio-jutiklis-DS-PDTT15AM-LM-WE-AX-PRO.png","datePublished":"2023-10-09T20:39:11+00:00","dateModified":"2024-10-18T13:56:39+00:00","description":"Hikvision DS-PDTT15AM-LM-WE AX PRO belaidis lauko 2PIR AM judesio jutiklis ; Aptikimo atstumas: 15m ; Aptikimo kampas: 90\u00b0 - 180\u00b0 reguliuojamas","breadcrumb":{"@id":"https:\/\/eheating.lt\/produktas\/hikvision-belaidis-lauko-2pir-am-judesio-jutiklis-ds-pdtt15am-lm-we-ax-pro\/#breadcrumb"},"inLanguage":"en-US","potentialAction":[{"@type":"ReadAction","target":["https:\/\/eheating.lt\/produktas\/hikvision-belaidis-lauko-2pir-am-judesio-jutiklis-ds-pdtt15am-lm-we-ax-pro\/"]}]},{"@type":"ImageObject","inLanguage":"en-US","@id":"https:\/\/eheating.lt\/produktas\/hikvision-belaidis-lauko-2pir-am-judesio-jutiklis-ds-pdtt15am-lm-we-ax-pro\/#primaryimage","url":"https:\/\/eheating.lt\/wp-content\/uploads\/2023\/12\/Hikvision-belaidis-lauko-2PIR-AM-judesio-jutiklis-DS-PDTT15AM-LM-WE-AX-PRO.png","contentUrl":"https:\/\/eheating.lt\/wp-content\/uploads\/2023\/12\/Hikvision-belaidis-lauko-2PIR-AM-judesio-jutiklis-DS-PDTT15AM-LM-WE-AX-PRO.png","width":800,"height":800},{"@type":"BreadcrumbList","@id":"https:\/\/eheating.lt\/produktas\/hikvision-belaidis-lauko-2pir-am-judesio-jutiklis-ds-pdtt15am-lm-we-ax-pro\/#breadcrumb","itemListElement":[{"@type":"ListItem","position":1,"name":"Prad\u017eia","item":"https:\/\/eheating.lt\/en\/"},{"@type":"ListItem","position":2,"name":"Shop","item":"https:\/\/eheating.lt\/en\/?page_id=5734"},{"@type":"ListItem","position":3,"name":"Hikvision belaidis lauko 2PIR AM judesio jutiklis DS-PDTT15AM-LM-WE AX PRO"}]},{"@type":"WebSite","@id":"https:\/\/eheating.lt\/#website","url":"https:\/\/eheating.lt\/","name":"eHeating","description":"Elektronika ir \u0161ildymas","potentialAction":[{"@type":"SearchAction","target":{"@type":"EntryPoint","urlTemplate":"https:\/\/eheating.lt\/?s={search_term_string}"},"query-input":{"@type":"PropertyValueSpecification","valueRequired":true,"valueName":"search_term_string"}}],"inLanguage":"en-US"}]},"product_price_amount":"218.48","product_price_currency":"EUR","og_availability":"instock","product_availability":"instock","product_retailer_item_id":"190994748215","product_condition":"new"},"_links":{"self":[{"href":"https:\/\/eheating.lt\/en\/wp-json\/wp\/v2\/product\/21876","targetHints":{"allow":["GET"]}}],"collection":[{"href":"https:\/\/eheating.lt\/en\/wp-json\/wp\/v2\/product"}],"about":[{"href":"https:\/\/eheating.lt\/en\/wp-json\/wp\/v2\/types\/product"}],"replies":[{"embeddable":true,"href":"https:\/\/eheating.lt\/en\/wp-json\/wp\/v2\/comments?post=21876"}],"version-history":[{"count":0,"href":"https:\/\/eheating.lt\/en\/wp-json\/wp\/v2\/product\/21876\/revisions"}],"wp:featuredmedia":[{"embeddable":true,"href":"https:\/\/eheating.lt\/en\/wp-json\/wp\/v2\/media\/30944"}],"wp:attachment":[{"href":"https:\/\/eheating.lt\/en\/wp-json\/wp\/v2\/media?parent=21876"}],"wp:term":[{"taxonomy":"product_brand","embeddable":true,"href":"https:\/\/eheating.lt\/en\/wp-json\/wp\/v2\/product_brand?post=21876"},{"taxonomy":"product_cat","embeddable":true,"href":"https:\/\/eheating.lt\/en\/wp-json\/wp\/v2\/product_cat?post=21876"},{"taxonomy":"product_tag","embeddable":true,"href":"https:\/\/eheating.lt\/en\/wp-json\/wp\/v2\/product_tag?post=21876"}],"curies":[{"name":"wp","href":"https:\/\/api.w.org\/{rel}","templated":true}]}}