{"id":21728,"date":"2023-11-13T22:11:22","date_gmt":"2023-11-13T20:11:22","guid":{"rendered":"https:\/\/eheating.lt\/?post_type=product&#038;p=21728"},"modified":"2024-07-11T18:22:49","modified_gmt":"2024-07-11T15:22:49","slug":"hikvision-dsd60cb-vaizdo-reklamos-valdymo-irenginys","status":"publish","type":"product","link":"https:\/\/eheating.lt\/en\/produktas\/hikvision-dsd60cb-vaizdo-reklamos-valdymo-irenginys\/","title":{"rendered":"Hikvision DSD60CB vaizdo-reklamos valdymo \u012frenginys"},"content":{"rendered":"<div class=\"tech-specs-items-description-wrap\">\n<ul class=\"tech-specs-items-description\" data-target=\"Dimension\">\n<li class=\"tech-specs-items-description-list\"><span class=\"tech-specs-items-description__title--heading\">Matmenys<\/span><\/li>\n<li class=\"tech-specs-items-description-list\"><span class=\"tech-specs-items-description__title\">Be pakuot\u0117s<\/span><span class=\"tech-specs-items-description__title-details\">145 mm x 145 mm x 31.89 mm (5.7&#8243; x 5.7&#8243; x 1.3&#8243;)<\/span><\/li>\n<li class=\"tech-specs-items-description-list\"><span class=\"tech-specs-items-description__title\">Su pakuote<\/span><span class=\"tech-specs-items-description__title-details\">188 mm x 176 mm x 101 mm (7.4&#8243; x 6.9&#8243; x 4.0&#8243;)<\/span><\/li>\n<\/ul>\n<ul class=\"tech-specs-items-description\" data-target=\"Weight\">\n<li class=\"tech-specs-items-description-list\"><span class=\"tech-specs-items-description__title--heading\">Svoris<\/span><\/li>\n<li class=\"tech-specs-items-description-list\"><span class=\"tech-specs-items-description__title\">Svoris neto<\/span><span class=\"tech-specs-items-description__title-details\">0.6 kg (1.3 lb.)<\/span><\/li>\n<li class=\"tech-specs-items-description-list\"><span class=\"tech-specs-items-description__title\">Bendras svoris<\/span><span class=\"tech-specs-items-description__title-details\">0.65 kg (1.4 lb.)<\/span><\/li>\n<\/ul>\n<ul class=\"tech-specs-items-description\" data-target=\"Interface\">\n<li class=\"tech-specs-items-description-list\"><span class=\"tech-specs-items-description__title--heading\">S\u0105sajos<\/span><\/li>\n<li class=\"tech-specs-items-description-list\"><span class=\"tech-specs-items-description__title\">HDMI i\u0161vestis<\/span><span class=\"tech-specs-items-description__title-details\">1-ch<\/span><\/li>\n<li class=\"tech-specs-items-description-list\"><span class=\"tech-specs-items-description__title\">AUDIO \u012fvestis<\/span><span class=\"tech-specs-items-description__title-details\">1-ch<\/span><\/li>\n<li class=\"tech-specs-items-description-list\"><span class=\"tech-specs-items-description__title\">AUDIO i\u0161vestis<\/span><span class=\"tech-specs-items-description__title-details\">1-ch<\/span><\/li>\n<li class=\"tech-specs-items-description-list\"><span class=\"tech-specs-items-description__title\">LAN<\/span><span class=\"tech-specs-items-description__title-details\">1<\/span><\/li>\n<li class=\"tech-specs-items-description-list\"><span class=\"tech-specs-items-description__title\">USB<\/span><span class=\"tech-specs-items-description__title-details\">2 x USB 2.0 interface<\/span><\/li>\n<li class=\"tech-specs-items-description-list\"><span class=\"tech-specs-items-description__title\">TF kortel\u0117s s\u0105saja<\/span><span class=\"tech-specs-items-description__title-details\">1<\/span><\/li>\n<\/ul>\n<ul class=\"tech-specs-items-description\" data-target=\"Built-in system\">\n<li class=\"tech-specs-items-description-list\"><span class=\"tech-specs-items-description__title--heading\">Vidin\u0117 sistema<\/span><\/li>\n<li class=\"tech-specs-items-description-list\"><span class=\"tech-specs-items-description__title\">Operacin\u0117 sistema<\/span><span class=\"tech-specs-items-description__title-details\">Android 6.0.1<\/span><\/li>\n<li class=\"tech-specs-items-description-list\"><span class=\"tech-specs-items-description__title\">CPU<\/span><span class=\"tech-specs-items-description__title-details\">4-core Cortex-A17<\/span><\/li>\n<li class=\"tech-specs-items-description-list\"><span class=\"tech-specs-items-description__title\">Chip<\/span><span class=\"tech-specs-items-description__title-details\">RK 3288<\/span><\/li>\n<li class=\"tech-specs-items-description-list\"><span class=\"tech-specs-items-description__title\">GPU<\/span><span class=\"tech-specs-items-description__title-details\">Mali T764<\/span><\/li>\n<li class=\"tech-specs-items-description-list\"><span class=\"tech-specs-items-description__title\">Operacin\u0117 atmintis<\/span><span class=\"tech-specs-items-description__title-details\">2 GB<\/span><\/li>\n<li class=\"tech-specs-items-description-list\"><span class=\"tech-specs-items-description__title\">Vidin\u0117 atmintis<\/span><span class=\"tech-specs-items-description__title-details\">8 GB (EMMC), TF Card 32 GB<\/span><\/li>\n<\/ul>\n<ul class=\"tech-specs-items-description\" data-target=\"DS-D60C-B\">\n<li class=\"tech-specs-items-description-list\"><span class=\"tech-specs-items-description__title--heading\">DS-D60C-B<\/span><\/li>\n<li class=\"tech-specs-items-description-list\"><span class=\"tech-specs-items-description__title\">Rai\u0161ka<\/span><span class=\"tech-specs-items-description__title-details\"><span class=\"tech-specs-items-description__title-details\"><br \/>\n<\/span><\/span><\/p>\n<p class=\"mb-p\" style=\"margin-bottom: 0rem; height: auto;\">1920x1080p@30Hz, 1920x1080p@50Hz, 1920x1080p@60Hz,<\/p>\n<p class=\"mb-p\" style=\"margin-bottom: 0rem; height: auto;\">1280x720p@30Hz, 1280x720p@50Hz, 1280x720p@60Hz,<\/p>\n<p class=\"mb-p\" style=\"margin-bottom: 0rem; height: auto;\">3840x2160p@30Hz, 3840x2160p@50Hz, 3840x2160p@50Hz (YCbCr420),<\/p>\n<p class=\"mb-p\" style=\"margin-bottom: 0.5em; height: auto;\">3840x2160p@60Hz, 3840x2160p@50Hz (YCbCr420)<\/p>\n<p>&nbsp;<\/li>\n<li class=\"tech-specs-items-description-list\"><span class=\"tech-specs-items-description__title\">Med\u017eiaga<\/span><span class=\"tech-specs-items-description__title-details\"><span class=\"tech-specs-items-description__title-details\"><br \/>\n<\/span><\/span><\/p>\n<p class=\"mb-p\" style=\"margin-bottom: 0rem; height: auto;\">DAT, MPG, VOB, TS, AVI, MKV, MP4, MOV, 3GP, FLV, WEBM, WMV, ASF,<\/p>\n<p class=\"mb-p\" style=\"margin-bottom: 0rem; height: auto;\">MP1, MP2, MP3, WMA, WAV, OGG, OGA, FLAC, ACC, M4A, XMF,<\/p>\n<p class=\"mb-p\" style=\"margin-bottom: 0.5em; height: auto;\">MXMF, RTTTL, RTX, OTA, IMY, JPG, JPEG, BMP, GIF, PNG<\/p>\n<p>&nbsp;<\/li>\n<li class=\"tech-specs-items-description-list\"><span class=\"tech-specs-items-description__title\">Aido at\u0161aukimas<\/span><span class=\"tech-specs-items-description__title-details\">No<\/span><\/li>\n<li class=\"tech-specs-items-description-list\"><span class=\"tech-specs-items-description__title\">Galia<\/span><span class=\"tech-specs-items-description__title-details\">12 VAC, 2 A<\/span><\/li>\n<li class=\"tech-specs-items-description-list\"><span class=\"tech-specs-items-description__title\">Energijos suvartojimas veikimo metu<\/span><span class=\"tech-specs-items-description__title-details\">\u2264 20 W<\/span><\/li>\n<li class=\"tech-specs-items-description-list\"><span class=\"tech-specs-items-description__title\">Energijos suvartojimas ramyb\u0117s b\u016bsenoje<\/span><span class=\"tech-specs-items-description__title-details\">\u2264 1 W<\/span><\/li>\n<li class=\"tech-specs-items-description-list\"><span class=\"tech-specs-items-description__title\">Darbin\u0117 temperat\u016bra <\/span><span class=\"tech-specs-items-description__title-details\">0 \u00b0C to 50 \u00b0C (32 \u00b0F to 122 \u00b0F)<\/span><\/li>\n<li class=\"tech-specs-items-description-list\"><span class=\"tech-specs-items-description__title\">Darbinis atsparumas dr\u0117gmei<\/span><span class=\"tech-specs-items-description__title-details\">10 % to 90 %<\/span><\/li>\n<li class=\"tech-specs-items-description-list\"><span class=\"tech-specs-items-description__title\">Laidinis tinklas<\/span><span class=\"tech-specs-items-description__title-details\">1000 M\/100 M self-adaptive<\/span><\/li>\n<li class=\"tech-specs-items-description-list\"><span class=\"tech-specs-items-description__title\">Belaidis tinklas<\/span><span class=\"tech-specs-items-description__title-details\">Wi-Fi 802.11b\/g\/n<\/span><\/li>\n<li class=\"tech-specs-items-description-list\"><span class=\"tech-specs-items-description__title\">Bluetooth<\/span><span class=\"tech-specs-items-description__title-details\">Bluetooth 4.0<\/span><\/li>\n<li class=\"tech-specs-items-description-list\"><span class=\"tech-specs-items-description__title\">Priedai<\/span><span class=\"tech-specs-items-description__title-details\">Power Adaptor, Battery, Remote Control, CD-ROM<\/span><\/li>\n<\/ul>\n<\/div>\n","protected":false},"excerpt":{"rendered":"<ul>\n<li>1 HDMI \u012fvestis<\/li>\n<li>Garso \u012fvestis\/i\u0161vestis<\/li>\n<li>2 USB prievadai<\/li>\n<li>Vidin\u0117 atmintis 8GB<\/li>\n<\/ul>\n","protected":false},"featured_media":28741,"comment_status":"closed","ping_status":"closed","template":"","meta":[],"product_brand":[],"product_cat":[533,305,542],"product_tag":[],"class_list":{"0":"post-21728","1":"product","2":"type-product","3":"status-publish","4":"has-post-thumbnail","6":"product_cat-ip-vaizdo-stebejimo-sistemos","7":"product_cat-ip-kita-iranga","8":"product_cat-kiti-priedai","10":"first","11":"outofstock","12":"purchasable","13":"product-type-simple"},"yoast_head":"<!-- This site is optimized with the Yoast SEO Premium plugin v21.5 (Yoast SEO v27.3) - https:\/\/yoast.com\/product\/yoast-seo-premium-wordpress\/ -->\n<title>Hikvision DSD60CB vaizdo-reklamos valdymo \u012frenginys<\/title>\n<meta name=\"description\" content=\"Hikvision DSD60CB vaizdo-reklamos valdymo \u012frenginys ; 1 HDMI \u012fvestis ; Garso \u012fvestis\/i\u0161vestis ; 2 USB prievadai ;Vidin\u0117 atmintis 8GB\" \/>\n<meta name=\"robots\" content=\"index, follow, max-snippet:-1, max-image-preview:large, max-video-preview:-1\" \/>\n<link rel=\"canonical\" href=\"https:\/\/eheating.lt\/produktas\/hikvision-dsd60cb-vaizdo-reklamos-valdymo-irenginys\/\" \/>\n<meta property=\"og:locale\" content=\"en_US\" \/>\n<meta property=\"og:type\" content=\"article\" \/>\n<meta property=\"og:title\" content=\"Hikvision DSD60CB vaizdo-reklamos valdymo \u012frenginys\" \/>\n<meta property=\"og:description\" content=\"Hikvision DSD60CB vaizdo-reklamos valdymo \u012frenginys ; 1 HDMI \u012fvestis ; Garso \u012fvestis\/i\u0161vestis ; 2 USB prievadai ;Vidin\u0117 atmintis 8GB\" \/>\n<meta property=\"og:url\" content=\"https:\/\/eheating.lt\/produktas\/hikvision-dsd60cb-vaizdo-reklamos-valdymo-irenginys\/\" \/>\n<meta property=\"og:site_name\" content=\"Elektronika Namams\" \/>\n<meta property=\"article:publisher\" content=\"https:\/\/www.facebook.com\/ElektronikaNamams\" \/>\n<meta property=\"article:modified_time\" content=\"2024-07-11T15:22:49+00:00\" \/>\n<meta property=\"og:image\" content=\"https:\/\/eheating.lt\/wp-content\/uploads\/2023\/10\/Hikvision-DSD60CB-vaizdo-reklamos-valdymo-irenginys.png\" \/>\n\t<meta property=\"og:image:width\" content=\"800\" \/>\n\t<meta property=\"og:image:height\" content=\"800\" \/>\n\t<meta property=\"og:image:type\" content=\"image\/png\" \/>\n<meta name=\"twitter:card\" content=\"summary_large_image\" \/>\n<meta name=\"twitter:label1\" content=\"Price\" \/>\n\t<meta name=\"twitter:data1\" content=\"333,78&nbsp;&euro;\" \/>\n\t<meta name=\"twitter:label2\" content=\"Availability\" \/>\n\t<meta name=\"twitter:data2\" content=\"Out of stock\" \/>\n<script type=\"application\/ld+json\" class=\"yoast-schema-graph\">{\"@context\":\"https:\\\/\\\/schema.org\",\"@graph\":[{\"@type\":\"WebPage\",\"@id\":\"https:\\\/\\\/eheating.lt\\\/produktas\\\/hikvision-dsd60cb-vaizdo-reklamos-valdymo-irenginys\\\/\",\"url\":\"https:\\\/\\\/eheating.lt\\\/produktas\\\/hikvision-dsd60cb-vaizdo-reklamos-valdymo-irenginys\\\/\",\"name\":\"Hikvision DSD60CB vaizdo-reklamos valdymo \u012frenginys\",\"isPartOf\":{\"@id\":\"https:\\\/\\\/eheating.lt\\\/#website\"},\"primaryImageOfPage\":{\"@id\":\"https:\\\/\\\/eheating.lt\\\/produktas\\\/hikvision-dsd60cb-vaizdo-reklamos-valdymo-irenginys\\\/#primaryimage\"},\"image\":{\"@id\":\"https:\\\/\\\/eheating.lt\\\/produktas\\\/hikvision-dsd60cb-vaizdo-reklamos-valdymo-irenginys\\\/#primaryimage\"},\"thumbnailUrl\":\"https:\\\/\\\/eheating.lt\\\/wp-content\\\/uploads\\\/2023\\\/10\\\/Hikvision-DSD60CB-vaizdo-reklamos-valdymo-irenginys.png\",\"datePublished\":\"2023-11-13T20:11:22+00:00\",\"dateModified\":\"2024-07-11T15:22:49+00:00\",\"description\":\"Hikvision DSD60CB vaizdo-reklamos valdymo \u012frenginys ; 1 HDMI \u012fvestis ; Garso \u012fvestis\\\/i\u0161vestis ; 2 USB prievadai ;Vidin\u0117 atmintis 8GB\",\"breadcrumb\":{\"@id\":\"https:\\\/\\\/eheating.lt\\\/produktas\\\/hikvision-dsd60cb-vaizdo-reklamos-valdymo-irenginys\\\/#breadcrumb\"},\"inLanguage\":\"en-US\",\"potentialAction\":[{\"@type\":\"ReadAction\",\"target\":[\"https:\\\/\\\/eheating.lt\\\/produktas\\\/hikvision-dsd60cb-vaizdo-reklamos-valdymo-irenginys\\\/\"]}]},{\"@type\":\"ImageObject\",\"inLanguage\":\"en-US\",\"@id\":\"https:\\\/\\\/eheating.lt\\\/produktas\\\/hikvision-dsd60cb-vaizdo-reklamos-valdymo-irenginys\\\/#primaryimage\",\"url\":\"https:\\\/\\\/eheating.lt\\\/wp-content\\\/uploads\\\/2023\\\/10\\\/Hikvision-DSD60CB-vaizdo-reklamos-valdymo-irenginys.png\",\"contentUrl\":\"https:\\\/\\\/eheating.lt\\\/wp-content\\\/uploads\\\/2023\\\/10\\\/Hikvision-DSD60CB-vaizdo-reklamos-valdymo-irenginys.png\",\"width\":800,\"height\":800,\"caption\":\"Hikvision DSD60CB vaizdo-reklamos valdymo \u012frenginys\"},{\"@type\":\"BreadcrumbList\",\"@id\":\"https:\\\/\\\/eheating.lt\\\/produktas\\\/hikvision-dsd60cb-vaizdo-reklamos-valdymo-irenginys\\\/#breadcrumb\",\"itemListElement\":[{\"@type\":\"ListItem\",\"position\":1,\"name\":\"Prad\u017eia\",\"item\":\"https:\\\/\\\/eheating.lt\\\/en\\\/\"},{\"@type\":\"ListItem\",\"position\":2,\"name\":\"Shop\",\"item\":\"https:\\\/\\\/eheating.lt\\\/en\\\/?page_id=5734\"},{\"@type\":\"ListItem\",\"position\":3,\"name\":\"Hikvision DSD60CB vaizdo-reklamos valdymo \u012frenginys\"}]},{\"@type\":\"WebSite\",\"@id\":\"https:\\\/\\\/eheating.lt\\\/#website\",\"url\":\"https:\\\/\\\/eheating.lt\\\/\",\"name\":\"eHeating\",\"description\":\"Elektronika ir \u0161ildymas\",\"potentialAction\":[{\"@type\":\"SearchAction\",\"target\":{\"@type\":\"EntryPoint\",\"urlTemplate\":\"https:\\\/\\\/eheating.lt\\\/?s={search_term_string}\"},\"query-input\":{\"@type\":\"PropertyValueSpecification\",\"valueRequired\":true,\"valueName\":\"search_term_string\"}}],\"inLanguage\":\"en-US\"}]}<\/script>\n<meta property=\"product:price:amount\" content=\"333.78\" \/>\n<meta property=\"product:price:currency\" content=\"EUR\" \/>\n<meta property=\"og:availability\" content=\"out of stock\" \/>\n<meta property=\"product:availability\" content=\"out of stock\" \/>\n<meta property=\"product:retailer_item_id\" content=\"f808f1faa5c0\" \/>\n<meta property=\"product:condition\" content=\"new\" \/>\n<!-- \/ Yoast SEO Premium plugin. -->","yoast_head_json":{"title":"Hikvision DSD60CB vaizdo-reklamos valdymo \u012frenginys","description":"Hikvision DSD60CB vaizdo-reklamos valdymo \u012frenginys ; 1 HDMI \u012fvestis ; Garso \u012fvestis\/i\u0161vestis ; 2 USB prievadai ;Vidin\u0117 atmintis 8GB","robots":{"index":"index","follow":"follow","max-snippet":"max-snippet:-1","max-image-preview":"max-image-preview:large","max-video-preview":"max-video-preview:-1"},"canonical":"https:\/\/eheating.lt\/produktas\/hikvision-dsd60cb-vaizdo-reklamos-valdymo-irenginys\/","og_locale":"en_US","og_type":"article","og_title":"Hikvision DSD60CB vaizdo-reklamos valdymo \u012frenginys","og_description":"Hikvision DSD60CB vaizdo-reklamos valdymo \u012frenginys ; 1 HDMI \u012fvestis ; Garso \u012fvestis\/i\u0161vestis ; 2 USB prievadai ;Vidin\u0117 atmintis 8GB","og_url":"https:\/\/eheating.lt\/produktas\/hikvision-dsd60cb-vaizdo-reklamos-valdymo-irenginys\/","og_site_name":"Elektronika Namams","article_publisher":"https:\/\/www.facebook.com\/ElektronikaNamams","article_modified_time":"2024-07-11T15:22:49+00:00","og_image":[{"width":800,"height":800,"url":"https:\/\/eheating.lt\/wp-content\/uploads\/2023\/10\/Hikvision-DSD60CB-vaizdo-reklamos-valdymo-irenginys.png","type":"image\/png"}],"twitter_card":"summary_large_image","twitter_misc":{"Price":"333,78&nbsp;&euro;","Availability":"Out of stock"},"schema":{"@context":"https:\/\/schema.org","@graph":[{"@type":"WebPage","@id":"https:\/\/eheating.lt\/produktas\/hikvision-dsd60cb-vaizdo-reklamos-valdymo-irenginys\/","url":"https:\/\/eheating.lt\/produktas\/hikvision-dsd60cb-vaizdo-reklamos-valdymo-irenginys\/","name":"Hikvision DSD60CB vaizdo-reklamos valdymo \u012frenginys","isPartOf":{"@id":"https:\/\/eheating.lt\/#website"},"primaryImageOfPage":{"@id":"https:\/\/eheating.lt\/produktas\/hikvision-dsd60cb-vaizdo-reklamos-valdymo-irenginys\/#primaryimage"},"image":{"@id":"https:\/\/eheating.lt\/produktas\/hikvision-dsd60cb-vaizdo-reklamos-valdymo-irenginys\/#primaryimage"},"thumbnailUrl":"https:\/\/eheating.lt\/wp-content\/uploads\/2023\/10\/Hikvision-DSD60CB-vaizdo-reklamos-valdymo-irenginys.png","datePublished":"2023-11-13T20:11:22+00:00","dateModified":"2024-07-11T15:22:49+00:00","description":"Hikvision DSD60CB vaizdo-reklamos valdymo \u012frenginys ; 1 HDMI \u012fvestis ; Garso \u012fvestis\/i\u0161vestis ; 2 USB prievadai ;Vidin\u0117 atmintis 8GB","breadcrumb":{"@id":"https:\/\/eheating.lt\/produktas\/hikvision-dsd60cb-vaizdo-reklamos-valdymo-irenginys\/#breadcrumb"},"inLanguage":"en-US","potentialAction":[{"@type":"ReadAction","target":["https:\/\/eheating.lt\/produktas\/hikvision-dsd60cb-vaizdo-reklamos-valdymo-irenginys\/"]}]},{"@type":"ImageObject","inLanguage":"en-US","@id":"https:\/\/eheating.lt\/produktas\/hikvision-dsd60cb-vaizdo-reklamos-valdymo-irenginys\/#primaryimage","url":"https:\/\/eheating.lt\/wp-content\/uploads\/2023\/10\/Hikvision-DSD60CB-vaizdo-reklamos-valdymo-irenginys.png","contentUrl":"https:\/\/eheating.lt\/wp-content\/uploads\/2023\/10\/Hikvision-DSD60CB-vaizdo-reklamos-valdymo-irenginys.png","width":800,"height":800,"caption":"Hikvision DSD60CB vaizdo-reklamos valdymo \u012frenginys"},{"@type":"BreadcrumbList","@id":"https:\/\/eheating.lt\/produktas\/hikvision-dsd60cb-vaizdo-reklamos-valdymo-irenginys\/#breadcrumb","itemListElement":[{"@type":"ListItem","position":1,"name":"Prad\u017eia","item":"https:\/\/eheating.lt\/en\/"},{"@type":"ListItem","position":2,"name":"Shop","item":"https:\/\/eheating.lt\/en\/?page_id=5734"},{"@type":"ListItem","position":3,"name":"Hikvision DSD60CB vaizdo-reklamos valdymo \u012frenginys"}]},{"@type":"WebSite","@id":"https:\/\/eheating.lt\/#website","url":"https:\/\/eheating.lt\/","name":"eHeating","description":"Elektronika ir \u0161ildymas","potentialAction":[{"@type":"SearchAction","target":{"@type":"EntryPoint","urlTemplate":"https:\/\/eheating.lt\/?s={search_term_string}"},"query-input":{"@type":"PropertyValueSpecification","valueRequired":true,"valueName":"search_term_string"}}],"inLanguage":"en-US"}]},"product_price_amount":"333.78","product_price_currency":"EUR","og_availability":"out of stock","product_availability":"out of stock","product_retailer_item_id":"f808f1faa5c0","product_condition":"new"},"_links":{"self":[{"href":"https:\/\/eheating.lt\/en\/wp-json\/wp\/v2\/product\/21728","targetHints":{"allow":["GET"]}}],"collection":[{"href":"https:\/\/eheating.lt\/en\/wp-json\/wp\/v2\/product"}],"about":[{"href":"https:\/\/eheating.lt\/en\/wp-json\/wp\/v2\/types\/product"}],"replies":[{"embeddable":true,"href":"https:\/\/eheating.lt\/en\/wp-json\/wp\/v2\/comments?post=21728"}],"version-history":[{"count":0,"href":"https:\/\/eheating.lt\/en\/wp-json\/wp\/v2\/product\/21728\/revisions"}],"wp:featuredmedia":[{"embeddable":true,"href":"https:\/\/eheating.lt\/en\/wp-json\/wp\/v2\/media\/28741"}],"wp:attachment":[{"href":"https:\/\/eheating.lt\/en\/wp-json\/wp\/v2\/media?parent=21728"}],"wp:term":[{"taxonomy":"product_brand","embeddable":true,"href":"https:\/\/eheating.lt\/en\/wp-json\/wp\/v2\/product_brand?post=21728"},{"taxonomy":"product_cat","embeddable":true,"href":"https:\/\/eheating.lt\/en\/wp-json\/wp\/v2\/product_cat?post=21728"},{"taxonomy":"product_tag","embeddable":true,"href":"https:\/\/eheating.lt\/en\/wp-json\/wp\/v2\/product_tag?post=21728"}],"curies":[{"name":"wp","href":"https:\/\/api.w.org\/{rel}","templated":true}]}}