{"id":21628,"date":"2023-12-28T15:21:49","date_gmt":"2023-12-28T13:21:49","guid":{"rendered":"https:\/\/eheating.lt\/?post_type=product&#038;p=21628"},"modified":"2024-10-18T16:53:56","modified_gmt":"2024-10-18T13:53:56","slug":"hikvision-telefonspyne-ds-kv1101-me2-pavirsiaus","status":"publish","type":"product","link":"https:\/\/eheating.lt\/en\/produktas\/hikvision-telefonspyne-ds-kv1101-me2-pavirsiaus\/","title":{"rendered":"Hikvision telefonspyn\u0117 DS-KV1101-ME2\/pavir\u0161iaus"},"content":{"rendered":"<div class=\"tech-specs-items-description-wrap\">\n<ul class=\"tech-specs-items-description\" data-target=\"System parameters\">\n<li class=\"tech-specs-items-description-list\"><span class=\"tech-specs-items-description__title--heading\">Sistemos nustatymai<\/span><\/li>\n<li class=\"tech-specs-items-description-list\"><span class=\"tech-specs-items-description__title\">Operacin\u0117 sistema<\/span><span class=\"tech-specs-items-description__title-details\">Embedded Analog operation system<\/span><\/li>\n<li class=\"tech-specs-items-description-list\"><span class=\"tech-specs-items-description__title\">ROM<\/span><span class=\"tech-specs-items-description__title-details\">\/<\/span><\/li>\n<li class=\"tech-specs-items-description-list\"><span class=\"tech-specs-items-description__title\">RAM<\/span><span class=\"tech-specs-items-description__title-details\">\/<\/span><\/li>\n<li class=\"tech-specs-items-description-list\"><span class=\"tech-specs-items-description__title\">CPU<\/span><span class=\"tech-specs-items-description__title-details\"><span class=\"tech-specs-items-description__title-details\"><br \/>\n<\/span><\/span><\/p>\n<p class=\"mb-p\" style=\"margin-bottom: 0rem; height: auto;\">\/<\/p>\n<p>&nbsp;<\/li>\n<\/ul>\n<ul class=\"tech-specs-items-description\" data-target=\"Display parameters\">\n<li class=\"tech-specs-items-description-list\"><span class=\"tech-specs-items-description__title--heading\">Ekrano sistema<\/span><\/li>\n<li class=\"tech-specs-items-description-list\"><span class=\"tech-specs-items-description__title\">Ekrano dydis<\/span><span class=\"tech-specs-items-description__title-details\">\/<\/span><\/li>\n<li class=\"tech-specs-items-description-list\"><span class=\"tech-specs-items-description__title\">Veikimo metodas<\/span><span class=\"tech-specs-items-description__title-details\">\/<\/span><\/li>\n<li class=\"tech-specs-items-description-list\"><span class=\"tech-specs-items-description__title\">Tipas<\/span><span class=\"tech-specs-items-description__title-details\">\/<\/span><\/li>\n<li class=\"tech-specs-items-description-list\"><span class=\"tech-specs-items-description__title\">Rai\u0161ka<\/span><span class=\"tech-specs-items-description__title-details\">\/<\/span><\/li>\n<\/ul>\n<ul class=\"tech-specs-items-description\" data-target=\"Video parameters\">\n<li class=\"tech-specs-items-description-list\"><span class=\"tech-specs-items-description__title--heading\">Vaizdo nustatymai<\/span><\/li>\n<li class=\"tech-specs-items-description-list\"><span class=\"tech-specs-items-description__title\">Pagalbin\u0117 \u0161viesa<\/span><span class=\"tech-specs-items-description__title-details\">White light supplement<\/span><\/li>\n<li class=\"tech-specs-items-description-list\"><span class=\"tech-specs-items-description__title\">Vaizdo standartai<\/span><span class=\"tech-specs-items-description__title-details\">\/<\/span><\/li>\n<li class=\"tech-specs-items-description-list\"><span class=\"tech-specs-items-description__title\">L\u0119\u0161iai<\/span><span class=\"tech-specs-items-description__title-details\">Low Illumination 2 MP HD IR Camera<\/span><\/li>\n<li class=\"tech-specs-items-description-list\"><span class=\"tech-specs-items-description__title\">FOV<\/span><span class=\"tech-specs-items-description__title-details\">Horizontal: 100\u00b0, Vertical: 69\u00b0<\/span><\/li>\n<li class=\"tech-specs-items-description-list\"><span class=\"tech-specs-items-description__title\">WDR<\/span><span class=\"tech-specs-items-description__title-details\"><span class=\"tech-specs-items-description__title-details\"><br \/>\n<\/span><\/span><\/p>\n<p class=\"mb-p\" style=\"margin-bottom: 0rem; height: auto;\">Support<\/p>\n<p>&nbsp;<\/li>\n<li class=\"tech-specs-items-description-list\"><span class=\"tech-specs-items-description__title\">Rai\u0161ka<\/span><span class=\"tech-specs-items-description__title-details\"><span class=\"tech-specs-items-description__title-details\"><br \/>\n<\/span><\/span><\/p>\n<p class=\"mb-p\" style=\"margin-bottom: 0rem; height: auto;\">Main stream : 1920 \u00d7 1080<\/p>\n<p class=\"mb-p\" style=\"margin-bottom: 0.5em; height: auto;\">Sub stream : 720 \u00d7 480<\/p>\n<p>&nbsp;<\/li>\n<\/ul>\n<ul class=\"tech-specs-items-description\" data-target=\"Audio parameters\">\n<li class=\"tech-specs-items-description-list\"><span class=\"tech-specs-items-description__title--heading\">Garso nustatymai<\/span><\/li>\n<li class=\"tech-specs-items-description-list\"><span class=\"tech-specs-items-description__title\">Garso \u012fvestis<\/span><span class=\"tech-specs-items-description__title-details\">Built-in omnidirectional microphone<\/span><\/li>\n<li class=\"tech-specs-items-description-list\"><span class=\"tech-specs-items-description__title\">Garso suspaudimo standartai<\/span><span class=\"tech-specs-items-description__title-details\">\/<\/span><\/li>\n<li class=\"tech-specs-items-description-list\"><span class=\"tech-specs-items-description__title\">Garso i\u0161vestis<\/span><span class=\"tech-specs-items-description__title-details\"><span class=\"tech-specs-items-description__title-details\"><br \/>\n<\/span><\/span><\/p>\n<p class=\"mb-p\" style=\"margin-bottom: 0rem; height: auto;\">Built-in loudspeaker (More than 85 dB within 20 cm)<\/p>\n<p>&nbsp;<\/li>\n<li class=\"tech-specs-items-description-list\"><span class=\"tech-specs-items-description__title\">Garso suspaudimo bit\u0173 greitis<\/span><span class=\"tech-specs-items-description__title-details\">\/<\/span><\/li>\n<li class=\"tech-specs-items-description-list\"><span class=\"tech-specs-items-description__title\">Garso kokyb\u0117<\/span><span class=\"tech-specs-items-description__title-details\">\/<\/span><\/li>\n<li class=\"tech-specs-items-description-list\"><span class=\"tech-specs-items-description__title\">Vaizdo koregavimas<\/span><span class=\"tech-specs-items-description__title-details\">Adjustable with screwdriver<\/span><\/li>\n<\/ul>\n<ul class=\"tech-specs-items-description\" data-target=\"Capacity\">\n<li class=\"tech-specs-items-description-list\"><span class=\"tech-specs-items-description__title--heading\">Talpa<\/span><\/li>\n<li class=\"tech-specs-items-description-list\"><span class=\"tech-specs-items-description__title\">Pir\u0161to atspaud\u0173 talpa<\/span><span class=\"tech-specs-items-description__title-details\">\/<\/span><\/li>\n<li class=\"tech-specs-items-description-list\"><span class=\"tech-specs-items-description__title\">Naudotoj\u0173 talpa<\/span><span class=\"tech-specs-items-description__title-details\">\/<\/span><\/li>\n<li class=\"tech-specs-items-description-list\"><span class=\"tech-specs-items-description__title\">Veid\u0173 talpa<\/span><span class=\"tech-specs-items-description__title-details\">\/<\/span><\/li>\n<li class=\"tech-specs-items-description-list\"><span class=\"tech-specs-items-description__title\">Prijungt\u0173 stoteli\u0173 talpa<\/span><span class=\"tech-specs-items-description__title-details\">\/<\/span><\/li>\n<li class=\"tech-specs-items-description-list\"><span class=\"tech-specs-items-description__title\">\u012evyki\u0173 talpa<\/span><span class=\"tech-specs-items-description__title-details\">\/<\/span><\/li>\n<\/ul>\n<ul class=\"tech-specs-items-description\" data-target=\"Network parameters\">\n<li class=\"tech-specs-items-description-list\"><span class=\"tech-specs-items-description__title--heading\">Tinklo talpa<\/span><\/li>\n<li class=\"tech-specs-items-description-list\"><span class=\"tech-specs-items-description__title\">Sujungimo protokolai<\/span><span class=\"tech-specs-items-description__title-details\"><span class=\"tech-specs-items-description__title-details\"><br \/>\n<\/span><\/span><\/p>\n<p class=\"mb-p\" style=\"margin-bottom: 0rem; height: auto;\">\/<\/p>\n<p>&nbsp;<\/li>\n<li class=\"tech-specs-items-description-list\"><span class=\"tech-specs-items-description__title\">Belaidis tinklas<\/span><span class=\"tech-specs-items-description__title-details\">\/<\/span><\/li>\n<li class=\"tech-specs-items-description-list\"><span class=\"tech-specs-items-description__title\">Wi-Fi<\/span><span class=\"tech-specs-items-description__title-details\">\/<\/span><\/li>\n<li class=\"tech-specs-items-description-list\"><span class=\"tech-specs-items-description__title\">Bluetooth<\/span><span class=\"tech-specs-items-description__title-details\">\/<\/span><\/li>\n<li class=\"tech-specs-items-description-list\"><span class=\"tech-specs-items-description__title\">3G\/4G<\/span><span class=\"tech-specs-items-description__title-details\">\/<\/span><\/li>\n<\/ul>\n<ul class=\"tech-specs-items-description\" data-target=\"Device interfaces\">\n<li class=\"tech-specs-items-description-list\"><span class=\"tech-specs-items-description__title--heading\">\u012erenginio s\u0105saja<\/span><\/li>\n<li class=\"tech-specs-items-description-list\"><span class=\"tech-specs-items-description__title\">\u012esp\u0117jamojo signalo s\u0105saja<\/span><span class=\"tech-specs-items-description__title-details\">4<\/span><\/li>\n<li class=\"tech-specs-items-description-list\"><span class=\"tech-specs-items-description__title\">Tinklo s\u0105saja<\/span><span class=\"tech-specs-items-description__title-details\">\/<\/span><\/li>\n<li class=\"tech-specs-items-description-list\"><span class=\"tech-specs-items-description__title\">TAMPER<\/span><span class=\"tech-specs-items-description__title-details\">1<\/span><\/li>\n<li class=\"tech-specs-items-description-list\"><span class=\"tech-specs-items-description__title\">I\u0161jungimo mygtukas<\/span><span class=\"tech-specs-items-description__title-details\">2<\/span><\/li>\n<li class=\"tech-specs-items-description-list\"><span class=\"tech-specs-items-description__title\">RS-485<\/span><span class=\"tech-specs-items-description__title-details\">\/<\/span><\/li>\n<li class=\"tech-specs-items-description-list\"><span class=\"tech-specs-items-description__title\">USB<\/span><span class=\"tech-specs-items-description__title-details\">\/<\/span><\/li>\n<li class=\"tech-specs-items-description-list\"><span class=\"tech-specs-items-description__title\">Wiegand<\/span><span class=\"tech-specs-items-description__title-details\">\/<\/span><\/li>\n<li class=\"tech-specs-items-description-list\"><span class=\"tech-specs-items-description__title\">TF kortel\u0117s<\/span><span class=\"tech-specs-items-description__title-details\">\/<\/span><\/li>\n<li class=\"tech-specs-items-description-list\"><span class=\"tech-specs-items-description__title\">\u012esp\u0117jamojo signalo i\u0161vestis<\/span><span class=\"tech-specs-items-description__title-details\">\/<\/span><\/li>\n<li class=\"tech-specs-items-description-list\"><span class=\"tech-specs-items-description__title\">U\u017erakto kontrol\u0117<\/span><span class=\"tech-specs-items-description__title-details\">2, locking time can be adjusted via DIP switch ( Max. 7 s)<\/span><\/li>\n<li class=\"tech-specs-items-description-list\"><span class=\"tech-specs-items-description__title\">Dur\u0173 kontakto \u012fvestis<\/span><span class=\"tech-specs-items-description__title-details\">2<\/span><\/li>\n<li class=\"tech-specs-items-description-list\"><span class=\"tech-specs-items-description__title\">Energijos s\u0105saja<\/span><span class=\"tech-specs-items-description__title-details\">\/<\/span><\/li>\n<li class=\"tech-specs-items-description-list\"><span class=\"tech-specs-items-description__title\">DIP keitiklis<\/span><span class=\"tech-specs-items-description__title-details\">4<\/span><\/li>\n<\/ul>\n<ul class=\"tech-specs-items-description\" data-target=\"General\">\n<li class=\"tech-specs-items-description-list\"><span class=\"tech-specs-items-description__title--heading\">Pagrindinis<\/span><\/li>\n<li class=\"tech-specs-items-description-list\"><span class=\"tech-specs-items-description__title\">Mygtukai<\/span><span class=\"tech-specs-items-description__title-details\">1<\/span><\/li>\n<li class=\"tech-specs-items-description-list\"><span class=\"tech-specs-items-description__title\">\u012ediegimas<\/span><span class=\"tech-specs-items-description__title-details\">Surface mounting with protective shield<\/span><\/li>\n<li class=\"tech-specs-items-description-list\"><span class=\"tech-specs-items-description__title\">Indikatoriai<\/span><span class=\"tech-specs-items-description__title-details\">\/<\/span><\/li>\n<li class=\"tech-specs-items-description-list\"><span class=\"tech-specs-items-description__title\">Svoris<\/span><span class=\"tech-specs-items-description__title-details\"><span class=\"tech-specs-items-description__title-details\"><br \/>\n<\/span><\/span><\/p>\n<p class=\"mb-p\" style=\"margin-bottom: 0rem; height: auto;\">With package: 498.3 g<\/p>\n<p class=\"mb-p\" style=\"margin-bottom: 0.5em; height: auto;\">Without package: 345.2 g<\/p>\n<p>&nbsp;<\/li>\n<li class=\"tech-specs-items-description-list\"><span class=\"tech-specs-items-description__title\">Apsaugos lygis<\/span><span class=\"tech-specs-items-description__title-details\">IP65, IK7<\/span><\/li>\n<li class=\"tech-specs-items-description-list\"><span class=\"tech-specs-items-description__title\">Darbin\u0117 temperat\u016bra<\/span><span class=\"tech-specs-items-description__title-details\"><span class=\"tech-specs-items-description__title-details\"><br \/>\n<\/span><\/span><\/p>\n<p class=\"mb-p\" style=\"margin-bottom: 0rem; height: auto;\">-30 \u00b0C to +60 \u00b0C (-22 \u00b0F to 140 \u00b0F)<\/p>\n<p>&nbsp;<\/li>\n<li class=\"tech-specs-items-description-list\"><span class=\"tech-specs-items-description__title\">Darbinis atsparumas dr\u0117gmei<\/span><span class=\"tech-specs-items-description__title-details\"><span class=\"tech-specs-items-description__title-details\"><br \/>\n<\/span><\/span><\/p>\n<p class=\"mb-p\" style=\"margin-bottom: 0rem; height: auto;\">10% to 90%<\/p>\n<p>&nbsp;<\/li>\n<li class=\"tech-specs-items-description-list\"><span class=\"tech-specs-items-description__title\">Matmenys<\/span><span class=\"tech-specs-items-description__title-details\">150 mm \u00d7 82 mm \u00d7 23.5 mm (5.91&#8243; \u00d7 3.23&#8243; \u00d7 0.93&#8243;)<\/span><\/li>\n<li class=\"tech-specs-items-description-list\"><span class=\"tech-specs-items-description__title\">Baterija<\/span><span class=\"tech-specs-items-description__title-details\">\/<\/span><\/li>\n<li class=\"tech-specs-items-description-list\"><span class=\"tech-specs-items-description__title\">Energijos \u0161altinis<\/span><span class=\"tech-specs-items-description__title-details\">48 VDC, 0.5 A<\/span><\/li>\n<li class=\"tech-specs-items-description-list\"><span class=\"tech-specs-items-description__title\">Aplinkos s\u0105lygos<\/span><span class=\"tech-specs-items-description__title-details\">Outdoor<\/span><\/li>\n<li class=\"tech-specs-items-description-list\"><span class=\"tech-specs-items-description__title\">Energijos suvartojimas<\/span><span class=\"tech-specs-items-description__title-details\">\u2264 12 W<\/span><\/li>\n<\/ul>\n<\/div>\n","protected":false},"excerpt":{"rendered":"<ul>\n<li>2 laid\u0173 sistema<\/li>\n<li>2MP HD spalvotai filmuojanti kamera<\/li>\n<li>IP65<\/li>\n<li>IK7<\/li>\n<li>2 r\u0117liniai u\u017eraktai<\/li>\n<\/ul>\n","protected":false},"featured_media":30641,"comment_status":"closed","ping_status":"closed","template":"","meta":[],"product_brand":[],"product_cat":[772,771],"product_tag":[],"class_list":{"0":"post-21628","1":"product","2":"type-product","3":"status-publish","4":"has-post-thumbnail","6":"product_cat-hikvision-access-control","7":"product_cat-access-control-systems","9":"first","10":"onbackorder","11":"purchasable","12":"product-type-simple"},"yoast_head":"<!-- This site is optimized with the Yoast SEO Premium plugin v21.5 (Yoast SEO v27.3) - https:\/\/yoast.com\/product\/yoast-seo-premium-wordpress\/ -->\n<title>Hikvision telefonspyn\u0117 DS-KV1101-ME2\/pavir\u0161iaus<\/title>\n<meta name=\"description\" content=\"Hikvision DS-KV1101-ME2\/pavir\u0161iaus telefonspyn\u0117 ; 2 laid\u0173 sistema ; 2MP HD spalvotai filmuojanti kamera ; IP65 ; IK7 ; 2 r\u0117liniai u\u017eraktai\" \/>\n<meta name=\"robots\" content=\"index, follow, max-snippet:-1, max-image-preview:large, max-video-preview:-1\" \/>\n<link rel=\"canonical\" href=\"https:\/\/eheating.lt\/en\/produktas\/hikvision-telefonspyne-ds-kv1101-me2-pavirsiaus\/\" \/>\n<meta property=\"og:locale\" content=\"en_US\" \/>\n<meta property=\"og:type\" content=\"article\" \/>\n<meta property=\"og:title\" content=\"Hikvision telefonspyn\u0117 DS-KV1101-ME2\/pavir\u0161iaus\" \/>\n<meta property=\"og:description\" content=\"Hikvision DS-KV1101-ME2\/pavir\u0161iaus telefonspyn\u0117 ; 2 laid\u0173 sistema ; 2MP HD spalvotai filmuojanti kamera ; IP65 ; IK7 ; 2 r\u0117liniai u\u017eraktai\" \/>\n<meta property=\"og:url\" content=\"https:\/\/eheating.lt\/en\/produktas\/hikvision-telefonspyne-ds-kv1101-me2-pavirsiaus\/\" \/>\n<meta property=\"og:site_name\" content=\"Elektronika Namams\" \/>\n<meta property=\"article:publisher\" content=\"https:\/\/www.facebook.com\/ElektronikaNamams\" \/>\n<meta property=\"article:modified_time\" content=\"2024-10-18T13:53:56+00:00\" \/>\n<meta property=\"og:image\" content=\"https:\/\/eheating.lt\/wp-content\/uploads\/2023\/10\/Hikvision-telefonspyne-DS-KV1101-ME2pavirsiaus.png\" \/>\n\t<meta property=\"og:image:width\" content=\"800\" \/>\n\t<meta property=\"og:image:height\" content=\"800\" \/>\n\t<meta property=\"og:image:type\" content=\"image\/png\" \/>\n<meta name=\"twitter:card\" content=\"summary_large_image\" \/>\n<meta name=\"twitter:label1\" content=\"Price\" \/>\n\t<meta name=\"twitter:data1\" content=\"158,68&nbsp;&euro;\" \/>\n\t<meta name=\"twitter:label2\" content=\"Availability\" \/>\n\t<meta name=\"twitter:data2\" content=\"On backorder\" \/>\n<script type=\"application\/ld+json\" class=\"yoast-schema-graph\">{\"@context\":\"https:\\\/\\\/schema.org\",\"@graph\":[{\"@type\":\"WebPage\",\"@id\":\"https:\\\/\\\/eheating.lt\\\/en\\\/produktas\\\/hikvision-telefonspyne-ds-kv1101-me2-pavirsiaus\\\/\",\"url\":\"https:\\\/\\\/eheating.lt\\\/en\\\/produktas\\\/hikvision-telefonspyne-ds-kv1101-me2-pavirsiaus\\\/\",\"name\":\"Hikvision telefonspyn\u0117 DS-KV1101-ME2\\\/pavir\u0161iaus\",\"isPartOf\":{\"@id\":\"https:\\\/\\\/eheating.lt\\\/#website\"},\"primaryImageOfPage\":{\"@id\":\"https:\\\/\\\/eheating.lt\\\/en\\\/produktas\\\/hikvision-telefonspyne-ds-kv1101-me2-pavirsiaus\\\/#primaryimage\"},\"image\":{\"@id\":\"https:\\\/\\\/eheating.lt\\\/en\\\/produktas\\\/hikvision-telefonspyne-ds-kv1101-me2-pavirsiaus\\\/#primaryimage\"},\"thumbnailUrl\":\"https:\\\/\\\/eheating.lt\\\/wp-content\\\/uploads\\\/2023\\\/10\\\/Hikvision-telefonspyne-DS-KV1101-ME2pavirsiaus.png\",\"datePublished\":\"2023-12-28T13:21:49+00:00\",\"dateModified\":\"2024-10-18T13:53:56+00:00\",\"description\":\"Hikvision DS-KV1101-ME2\\\/pavir\u0161iaus telefonspyn\u0117 ; 2 laid\u0173 sistema ; 2MP HD spalvotai filmuojanti kamera ; IP65 ; IK7 ; 2 r\u0117liniai u\u017eraktai\",\"breadcrumb\":{\"@id\":\"https:\\\/\\\/eheating.lt\\\/en\\\/produktas\\\/hikvision-telefonspyne-ds-kv1101-me2-pavirsiaus\\\/#breadcrumb\"},\"inLanguage\":\"en-US\",\"potentialAction\":[{\"@type\":\"ReadAction\",\"target\":[\"https:\\\/\\\/eheating.lt\\\/en\\\/produktas\\\/hikvision-telefonspyne-ds-kv1101-me2-pavirsiaus\\\/\"]}]},{\"@type\":\"ImageObject\",\"inLanguage\":\"en-US\",\"@id\":\"https:\\\/\\\/eheating.lt\\\/en\\\/produktas\\\/hikvision-telefonspyne-ds-kv1101-me2-pavirsiaus\\\/#primaryimage\",\"url\":\"https:\\\/\\\/eheating.lt\\\/wp-content\\\/uploads\\\/2023\\\/10\\\/Hikvision-telefonspyne-DS-KV1101-ME2pavirsiaus.png\",\"contentUrl\":\"https:\\\/\\\/eheating.lt\\\/wp-content\\\/uploads\\\/2023\\\/10\\\/Hikvision-telefonspyne-DS-KV1101-ME2pavirsiaus.png\",\"width\":800,\"height\":800,\"caption\":\"Hikvision DS-KV1101-ME2\\\/pavir\u0161iaus\"},{\"@type\":\"BreadcrumbList\",\"@id\":\"https:\\\/\\\/eheating.lt\\\/en\\\/produktas\\\/hikvision-telefonspyne-ds-kv1101-me2-pavirsiaus\\\/#breadcrumb\",\"itemListElement\":[{\"@type\":\"ListItem\",\"position\":1,\"name\":\"Prad\u017eia\",\"item\":\"https:\\\/\\\/eheating.lt\\\/en\\\/\"},{\"@type\":\"ListItem\",\"position\":2,\"name\":\"Shop\",\"item\":\"https:\\\/\\\/eheating.lt\\\/en\\\/?page_id=5734\"},{\"@type\":\"ListItem\",\"position\":3,\"name\":\"Hikvision telefonspyn\u0117 DS-KV1101-ME2\\\/pavir\u0161iaus\"}]},{\"@type\":\"WebSite\",\"@id\":\"https:\\\/\\\/eheating.lt\\\/#website\",\"url\":\"https:\\\/\\\/eheating.lt\\\/\",\"name\":\"eHeating\",\"description\":\"Elektronika ir \u0161ildymas\",\"potentialAction\":[{\"@type\":\"SearchAction\",\"target\":{\"@type\":\"EntryPoint\",\"urlTemplate\":\"https:\\\/\\\/eheating.lt\\\/?s={search_term_string}\"},\"query-input\":{\"@type\":\"PropertyValueSpecification\",\"valueRequired\":true,\"valueName\":\"search_term_string\"}}],\"inLanguage\":\"en-US\"}]}<\/script>\n<meta property=\"product:price:amount\" content=\"158.68\" \/>\n<meta property=\"product:price:currency\" content=\"EUR\" \/>\n<meta property=\"og:availability\" content=\"backorder\" \/>\n<meta property=\"product:availability\" content=\"available for order\" \/>\n<meta property=\"product:retailer_item_id\" content=\"54eccef25f2d\" \/>\n<meta property=\"product:condition\" content=\"new\" \/>\n<!-- \/ Yoast SEO Premium plugin. -->","yoast_head_json":{"title":"Hikvision telefonspyn\u0117 DS-KV1101-ME2\/pavir\u0161iaus","description":"Hikvision DS-KV1101-ME2\/pavir\u0161iaus telefonspyn\u0117 ; 2 laid\u0173 sistema ; 2MP HD spalvotai filmuojanti kamera ; IP65 ; IK7 ; 2 r\u0117liniai u\u017eraktai","robots":{"index":"index","follow":"follow","max-snippet":"max-snippet:-1","max-image-preview":"max-image-preview:large","max-video-preview":"max-video-preview:-1"},"canonical":"https:\/\/eheating.lt\/en\/produktas\/hikvision-telefonspyne-ds-kv1101-me2-pavirsiaus\/","og_locale":"en_US","og_type":"article","og_title":"Hikvision telefonspyn\u0117 DS-KV1101-ME2\/pavir\u0161iaus","og_description":"Hikvision DS-KV1101-ME2\/pavir\u0161iaus telefonspyn\u0117 ; 2 laid\u0173 sistema ; 2MP HD spalvotai filmuojanti kamera ; IP65 ; IK7 ; 2 r\u0117liniai u\u017eraktai","og_url":"https:\/\/eheating.lt\/en\/produktas\/hikvision-telefonspyne-ds-kv1101-me2-pavirsiaus\/","og_site_name":"Elektronika Namams","article_publisher":"https:\/\/www.facebook.com\/ElektronikaNamams","article_modified_time":"2024-10-18T13:53:56+00:00","og_image":[{"width":800,"height":800,"url":"https:\/\/eheating.lt\/wp-content\/uploads\/2023\/10\/Hikvision-telefonspyne-DS-KV1101-ME2pavirsiaus.png","type":"image\/png"}],"twitter_card":"summary_large_image","twitter_misc":{"Price":"158,68&nbsp;&euro;","Availability":"On backorder"},"schema":{"@context":"https:\/\/schema.org","@graph":[{"@type":"WebPage","@id":"https:\/\/eheating.lt\/en\/produktas\/hikvision-telefonspyne-ds-kv1101-me2-pavirsiaus\/","url":"https:\/\/eheating.lt\/en\/produktas\/hikvision-telefonspyne-ds-kv1101-me2-pavirsiaus\/","name":"Hikvision telefonspyn\u0117 DS-KV1101-ME2\/pavir\u0161iaus","isPartOf":{"@id":"https:\/\/eheating.lt\/#website"},"primaryImageOfPage":{"@id":"https:\/\/eheating.lt\/en\/produktas\/hikvision-telefonspyne-ds-kv1101-me2-pavirsiaus\/#primaryimage"},"image":{"@id":"https:\/\/eheating.lt\/en\/produktas\/hikvision-telefonspyne-ds-kv1101-me2-pavirsiaus\/#primaryimage"},"thumbnailUrl":"https:\/\/eheating.lt\/wp-content\/uploads\/2023\/10\/Hikvision-telefonspyne-DS-KV1101-ME2pavirsiaus.png","datePublished":"2023-12-28T13:21:49+00:00","dateModified":"2024-10-18T13:53:56+00:00","description":"Hikvision DS-KV1101-ME2\/pavir\u0161iaus telefonspyn\u0117 ; 2 laid\u0173 sistema ; 2MP HD spalvotai filmuojanti kamera ; IP65 ; IK7 ; 2 r\u0117liniai u\u017eraktai","breadcrumb":{"@id":"https:\/\/eheating.lt\/en\/produktas\/hikvision-telefonspyne-ds-kv1101-me2-pavirsiaus\/#breadcrumb"},"inLanguage":"en-US","potentialAction":[{"@type":"ReadAction","target":["https:\/\/eheating.lt\/en\/produktas\/hikvision-telefonspyne-ds-kv1101-me2-pavirsiaus\/"]}]},{"@type":"ImageObject","inLanguage":"en-US","@id":"https:\/\/eheating.lt\/en\/produktas\/hikvision-telefonspyne-ds-kv1101-me2-pavirsiaus\/#primaryimage","url":"https:\/\/eheating.lt\/wp-content\/uploads\/2023\/10\/Hikvision-telefonspyne-DS-KV1101-ME2pavirsiaus.png","contentUrl":"https:\/\/eheating.lt\/wp-content\/uploads\/2023\/10\/Hikvision-telefonspyne-DS-KV1101-ME2pavirsiaus.png","width":800,"height":800,"caption":"Hikvision DS-KV1101-ME2\/pavir\u0161iaus"},{"@type":"BreadcrumbList","@id":"https:\/\/eheating.lt\/en\/produktas\/hikvision-telefonspyne-ds-kv1101-me2-pavirsiaus\/#breadcrumb","itemListElement":[{"@type":"ListItem","position":1,"name":"Prad\u017eia","item":"https:\/\/eheating.lt\/en\/"},{"@type":"ListItem","position":2,"name":"Shop","item":"https:\/\/eheating.lt\/en\/?page_id=5734"},{"@type":"ListItem","position":3,"name":"Hikvision telefonspyn\u0117 DS-KV1101-ME2\/pavir\u0161iaus"}]},{"@type":"WebSite","@id":"https:\/\/eheating.lt\/#website","url":"https:\/\/eheating.lt\/","name":"eHeating","description":"Elektronika ir \u0161ildymas","potentialAction":[{"@type":"SearchAction","target":{"@type":"EntryPoint","urlTemplate":"https:\/\/eheating.lt\/?s={search_term_string}"},"query-input":{"@type":"PropertyValueSpecification","valueRequired":true,"valueName":"search_term_string"}}],"inLanguage":"en-US"}]},"product_price_amount":"158.68","product_price_currency":"EUR","og_availability":"backorder","product_availability":"available for order","product_retailer_item_id":"54eccef25f2d","product_condition":"new"},"_links":{"self":[{"href":"https:\/\/eheating.lt\/en\/wp-json\/wp\/v2\/product\/21628","targetHints":{"allow":["GET"]}}],"collection":[{"href":"https:\/\/eheating.lt\/en\/wp-json\/wp\/v2\/product"}],"about":[{"href":"https:\/\/eheating.lt\/en\/wp-json\/wp\/v2\/types\/product"}],"replies":[{"embeddable":true,"href":"https:\/\/eheating.lt\/en\/wp-json\/wp\/v2\/comments?post=21628"}],"version-history":[{"count":0,"href":"https:\/\/eheating.lt\/en\/wp-json\/wp\/v2\/product\/21628\/revisions"}],"wp:featuredmedia":[{"embeddable":true,"href":"https:\/\/eheating.lt\/en\/wp-json\/wp\/v2\/media\/30641"}],"wp:attachment":[{"href":"https:\/\/eheating.lt\/en\/wp-json\/wp\/v2\/media?parent=21628"}],"wp:term":[{"taxonomy":"product_brand","embeddable":true,"href":"https:\/\/eheating.lt\/en\/wp-json\/wp\/v2\/product_brand?post=21628"},{"taxonomy":"product_cat","embeddable":true,"href":"https:\/\/eheating.lt\/en\/wp-json\/wp\/v2\/product_cat?post=21628"},{"taxonomy":"product_tag","embeddable":true,"href":"https:\/\/eheating.lt\/en\/wp-json\/wp\/v2\/product_tag?post=21628"}],"curies":[{"name":"wp","href":"https:\/\/api.w.org\/{rel}","templated":true}]}}