{"id":21528,"date":"2023-10-09T23:34:22","date_gmt":"2023-10-09T20:34:22","guid":{"rendered":"https:\/\/eheating.lt\/?post_type=product&#038;p=21528"},"modified":"2024-10-18T16:52:49","modified_gmt":"2024-10-18T13:52:49","slug":"hikvision-bevielis-korteliu-skaitytuvas-ds-pt1-we-ax-pro","status":"publish","type":"product","link":"https:\/\/eheating.lt\/en\/produktas\/hikvision-bevielis-korteliu-skaitytuvas-ds-pt1-we-ax-pro\/","title":{"rendered":"Hikvision bevielis korteli\u0173 skaitytuvas DS-PT1-WE AX"},"content":{"rendered":"<div class=\"tech-specs-items-description-wrap\">\n<ul class=\"tech-specs-items-description\" data-target=\"Hardware features\">\n<li class=\"tech-specs-items-description-list\"><span class=\"tech-specs-items-description__title--heading\">Aparatin\u0117s \u012frangos funkcijos<\/span><\/li>\n<li class=\"tech-specs-items-description-list\"><span class=\"tech-specs-items-description__title\">Keitiklis<\/span><span class=\"tech-specs-items-description__title-details\">Power on\/off<\/span><\/li>\n<li class=\"tech-specs-items-description-list\"><span class=\"tech-specs-items-description__title\">Indikatoriai<\/span><span class=\"tech-specs-items-description__title-details\">5, area(blue), fault(orange), arm(blue), disarm(green), alarm(red), signal(red\/green)<\/span><\/li>\n<\/ul>\n<ul class=\"tech-specs-items-description\" data-target=\"RF transmission\">\n<li class=\"tech-specs-items-description-list\"><span class=\"tech-specs-items-description__title--heading\">RF perdavimas<\/span><\/li>\n<li class=\"tech-specs-items-description-list\"><span class=\"tech-specs-items-description__title\">RF moduliacija<\/span><span class=\"tech-specs-items-description__title-details\">2GFSK<\/span><\/li>\n<li class=\"tech-specs-items-description-list\"><span class=\"tech-specs-items-description__title\">RF da\u017enis<\/span><span class=\"tech-specs-items-description__title-details\">868 MHz<\/span><\/li>\n<li class=\"tech-specs-items-description-list\"><span class=\"tech-specs-items-description__title\">RF nuotolis<\/span><span class=\"tech-specs-items-description__title-details\">1200m(open area)<\/span><\/li>\n<\/ul>\n<ul class=\"tech-specs-items-description\" data-target=\"Electrical characteristics\">\n<li class=\"tech-specs-items-description-list\"><span class=\"tech-specs-items-description__title--heading\">Elektros charakteristika<\/span><\/li>\n<li class=\"tech-specs-items-description-list\"><span class=\"tech-specs-items-description__title\">Baterijos tipas<\/span><span class=\"tech-specs-items-description__title-details\">Three AA batteries<\/span><\/li>\n<li class=\"tech-specs-items-description-list\"><span class=\"tech-specs-items-description__title\">Baterijos gyvavimo laikotarpis<\/span><span class=\"tech-specs-items-description__title-details\">2 years (swipe tag 10 times per day )<\/span><\/li>\n<li class=\"tech-specs-items-description-list\"><span class=\"tech-specs-items-description__title\">Energijos suvartojimas<\/span><span class=\"tech-specs-items-description__title-details\"><span class=\"tech-specs-items-description__title-details\"><br \/>\n<\/span><\/span><\/p>\n<p class=\"mb-p\" style=\"margin-bottom: 0rem; height: auto;\">Quiescent current: 110 uA<\/p>\n<p class=\"mb-p\" style=\"margin-bottom: 0rem; height: auto;\">Max current: 292mA<\/p>\n<p class=\"mb-p\" style=\"margin-bottom: 0.5em; height: auto;\">Voltage: 1.5 VDC<\/p>\n<p>&nbsp;<\/li>\n<\/ul>\n<ul class=\"tech-specs-items-description\" data-target=\"General\">\n<li class=\"tech-specs-items-description-list\"><span class=\"tech-specs-items-description__title--heading\">Pagrindinis<\/span><\/li>\n<li class=\"tech-specs-items-description-list\"><span class=\"tech-specs-items-description__title\">Veikimo temperat\u016bra<\/span><span class=\"tech-specs-items-description__title-details\">-10\u00b0C to +55\u00b0C (-4\u00b0F to +122\u00b0F)<\/span><\/li>\n<li class=\"tech-specs-items-description-list\"><span class=\"tech-specs-items-description__title\">Atsparumas dr\u0117gmei veikimo metu<\/span><span class=\"tech-specs-items-description__title-details\">10% to 90% (no condensing)<\/span><\/li>\n<li class=\"tech-specs-items-description-list\"><span class=\"tech-specs-items-description__title\">Matmenys (WxHxD)<\/span><span class=\"tech-specs-items-description__title-details\">75*124*21 mm<\/span><\/li>\n<li class=\"tech-specs-items-description-list\"><span class=\"tech-specs-items-description__title\">Svoris<\/span><span class=\"tech-specs-items-description__title-details\">176g (with battery)<\/span><\/li>\n<li class=\"tech-specs-items-description-list\"><span class=\"tech-specs-items-description__title\">Spalva<\/span><span class=\"tech-specs-items-description__title-details\">white<\/span><\/li>\n<li class=\"tech-specs-items-description-list\"><span class=\"tech-specs-items-description__title\">\u012ediegimo b\u016bdas<\/span><span class=\"tech-specs-items-description__title-details\">Wall mounting<\/span><\/li>\n<\/ul>\n<\/div>\n","protected":false},"excerpt":{"rendered":"<ul>\n<li>Veikimo atstumas: 1200m (atviroje erdv\u0117je)<\/li>\n<li>Radio da\u017eni\u0173 suderinanumas ir atsparumas elektromagnetiniam triuk\u0161mui<\/li>\n<li>Baterijos tipas: 3 * AA baterijos (baterijos prid\u0117tos komplekte, lengvai kei\u010diamos)<\/li>\n<li>Baterijos veikimo laikas: iki 2 met\u0173<\/li>\n<li>Darbuotojo kortel\u0117s atsi\u017eym\u0117jimo funkcija<\/li>\n<\/ul>\n","protected":false},"featured_media":30934,"comment_status":"closed","ping_status":"closed","template":"","meta":[],"product_brand":[],"product_cat":[279,736,731,732],"product_tag":[975],"class_list":{"0":"post-21528","1":"product","2":"type-product","3":"status-publish","4":"has-post-thumbnail","6":"product_cat-apsaugos-sistemos","7":"product_cat-ax-pro-priedai","8":"product_cat-belaides-apsaugos-sistemos","9":"product_cat-hikvision-ax-pro-belaides-apsaugos-sistemos","10":"product_tag-ean-en","12":"first","13":"onbackorder","14":"purchasable","15":"product-type-simple"},"yoast_head":"<!-- This site is optimized with the Yoast SEO Premium plugin v21.5 (Yoast SEO v27.3) - https:\/\/yoast.com\/product\/yoast-seo-premium-wordpress\/ -->\n<title>Hikvision bevielis korteli\u0173 skaitytuvas DS-PT1-WE AX PRO<\/title>\n<meta name=\"description\" content=\"Hikvision DS-PT1-WE AX PRO bevielis korteli\u0173 skaitytuvas ; Veikimo atstumas: 1200m (atviroje erdv\u0117je) ; Darbuotojo kortel\u0117s atsi\u017eym\u0117jimo funkcija\" \/>\n<meta name=\"robots\" content=\"index, follow, max-snippet:-1, max-image-preview:large, max-video-preview:-1\" \/>\n<link rel=\"canonical\" href=\"https:\/\/eheating.lt\/produktas\/hikvision-bevielis-korteliu-skaitytuvas-ds-pt1-we-ax-pro\/\" \/>\n<meta property=\"og:locale\" content=\"en_US\" \/>\n<meta property=\"og:type\" content=\"article\" \/>\n<meta property=\"og:title\" content=\"Hikvision bevielis korteli\u0173 skaitytuvas DS-PT1-WE AX PRO\" \/>\n<meta property=\"og:description\" content=\"Hikvision DS-PT1-WE AX PRO bevielis korteli\u0173 skaitytuvas ; Veikimo atstumas: 1200m (atviroje erdv\u0117je) ; Darbuotojo kortel\u0117s atsi\u017eym\u0117jimo funkcija\" \/>\n<meta property=\"og:url\" content=\"https:\/\/eheating.lt\/produktas\/hikvision-bevielis-korteliu-skaitytuvas-ds-pt1-we-ax-pro\/\" \/>\n<meta property=\"og:site_name\" content=\"Elektronika Namams\" \/>\n<meta property=\"article:publisher\" content=\"https:\/\/www.facebook.com\/ElektronikaNamams\" \/>\n<meta property=\"article:modified_time\" content=\"2024-10-18T13:52:49+00:00\" \/>\n<meta property=\"og:image\" content=\"https:\/\/eheating.lt\/wp-content\/uploads\/2023\/12\/Hikvision-bevielis-korteliu-skaitytuvas-DS-PT1-WE-AX-PRO.png\" \/>\n\t<meta property=\"og:image:width\" content=\"800\" \/>\n\t<meta property=\"og:image:height\" content=\"800\" \/>\n\t<meta property=\"og:image:type\" content=\"image\/png\" \/>\n<meta name=\"twitter:card\" content=\"summary_large_image\" \/>\n<meta name=\"twitter:label1\" content=\"Price\" \/>\n\t<meta name=\"twitter:data1\" content=\"52,23&nbsp;&euro;\" \/>\n\t<meta name=\"twitter:label2\" content=\"Availability\" \/>\n\t<meta name=\"twitter:data2\" content=\"On backorder\" \/>\n<script type=\"application\/ld+json\" class=\"yoast-schema-graph\">{\"@context\":\"https:\\\/\\\/schema.org\",\"@graph\":[{\"@type\":\"WebPage\",\"@id\":\"https:\\\/\\\/eheating.lt\\\/produktas\\\/hikvision-bevielis-korteliu-skaitytuvas-ds-pt1-we-ax-pro\\\/\",\"url\":\"https:\\\/\\\/eheating.lt\\\/produktas\\\/hikvision-bevielis-korteliu-skaitytuvas-ds-pt1-we-ax-pro\\\/\",\"name\":\"Hikvision bevielis korteli\u0173 skaitytuvas DS-PT1-WE AX PRO\",\"isPartOf\":{\"@id\":\"https:\\\/\\\/eheating.lt\\\/#website\"},\"primaryImageOfPage\":{\"@id\":\"https:\\\/\\\/eheating.lt\\\/produktas\\\/hikvision-bevielis-korteliu-skaitytuvas-ds-pt1-we-ax-pro\\\/#primaryimage\"},\"image\":{\"@id\":\"https:\\\/\\\/eheating.lt\\\/produktas\\\/hikvision-bevielis-korteliu-skaitytuvas-ds-pt1-we-ax-pro\\\/#primaryimage\"},\"thumbnailUrl\":\"https:\\\/\\\/eheating.lt\\\/wp-content\\\/uploads\\\/2023\\\/12\\\/Hikvision-bevielis-korteliu-skaitytuvas-DS-PT1-WE-AX-PRO.png\",\"datePublished\":\"2023-10-09T20:34:22+00:00\",\"dateModified\":\"2024-10-18T13:52:49+00:00\",\"description\":\"Hikvision DS-PT1-WE AX PRO bevielis korteli\u0173 skaitytuvas ; Veikimo atstumas: 1200m (atviroje erdv\u0117je) ; Darbuotojo kortel\u0117s atsi\u017eym\u0117jimo funkcija\",\"breadcrumb\":{\"@id\":\"https:\\\/\\\/eheating.lt\\\/produktas\\\/hikvision-bevielis-korteliu-skaitytuvas-ds-pt1-we-ax-pro\\\/#breadcrumb\"},\"inLanguage\":\"en-US\",\"potentialAction\":[{\"@type\":\"ReadAction\",\"target\":[\"https:\\\/\\\/eheating.lt\\\/produktas\\\/hikvision-bevielis-korteliu-skaitytuvas-ds-pt1-we-ax-pro\\\/\"]}]},{\"@type\":\"ImageObject\",\"inLanguage\":\"en-US\",\"@id\":\"https:\\\/\\\/eheating.lt\\\/produktas\\\/hikvision-bevielis-korteliu-skaitytuvas-ds-pt1-we-ax-pro\\\/#primaryimage\",\"url\":\"https:\\\/\\\/eheating.lt\\\/wp-content\\\/uploads\\\/2023\\\/12\\\/Hikvision-bevielis-korteliu-skaitytuvas-DS-PT1-WE-AX-PRO.png\",\"contentUrl\":\"https:\\\/\\\/eheating.lt\\\/wp-content\\\/uploads\\\/2023\\\/12\\\/Hikvision-bevielis-korteliu-skaitytuvas-DS-PT1-WE-AX-PRO.png\",\"width\":800,\"height\":800},{\"@type\":\"BreadcrumbList\",\"@id\":\"https:\\\/\\\/eheating.lt\\\/produktas\\\/hikvision-bevielis-korteliu-skaitytuvas-ds-pt1-we-ax-pro\\\/#breadcrumb\",\"itemListElement\":[{\"@type\":\"ListItem\",\"position\":1,\"name\":\"Prad\u017eia\",\"item\":\"https:\\\/\\\/eheating.lt\\\/en\\\/\"},{\"@type\":\"ListItem\",\"position\":2,\"name\":\"Shop\",\"item\":\"https:\\\/\\\/eheating.lt\\\/en\\\/?page_id=5734\"},{\"@type\":\"ListItem\",\"position\":3,\"name\":\"Hikvision bevielis korteli\u0173 skaitytuvas DS-PT1-WE AX PRO\"}]},{\"@type\":\"WebSite\",\"@id\":\"https:\\\/\\\/eheating.lt\\\/#website\",\"url\":\"https:\\\/\\\/eheating.lt\\\/\",\"name\":\"eHeating\",\"description\":\"Elektronika ir \u0161ildymas\",\"potentialAction\":[{\"@type\":\"SearchAction\",\"target\":{\"@type\":\"EntryPoint\",\"urlTemplate\":\"https:\\\/\\\/eheating.lt\\\/?s={search_term_string}\"},\"query-input\":{\"@type\":\"PropertyValueSpecification\",\"valueRequired\":true,\"valueName\":\"search_term_string\"}}],\"inLanguage\":\"en-US\"}]}<\/script>\n<meta property=\"product:price:amount\" content=\"52.23\" \/>\n<meta property=\"product:price:currency\" content=\"EUR\" \/>\n<meta property=\"og:availability\" content=\"backorder\" \/>\n<meta property=\"product:availability\" content=\"available for order\" \/>\n<meta property=\"product:retailer_item_id\" content=\"3a831c8df558\" \/>\n<meta property=\"product:condition\" content=\"new\" \/>\n<!-- \/ Yoast SEO Premium plugin. -->","yoast_head_json":{"title":"Hikvision bevielis korteli\u0173 skaitytuvas DS-PT1-WE AX PRO","description":"Hikvision DS-PT1-WE AX PRO bevielis korteli\u0173 skaitytuvas ; Veikimo atstumas: 1200m (atviroje erdv\u0117je) ; Darbuotojo kortel\u0117s atsi\u017eym\u0117jimo funkcija","robots":{"index":"index","follow":"follow","max-snippet":"max-snippet:-1","max-image-preview":"max-image-preview:large","max-video-preview":"max-video-preview:-1"},"canonical":"https:\/\/eheating.lt\/produktas\/hikvision-bevielis-korteliu-skaitytuvas-ds-pt1-we-ax-pro\/","og_locale":"en_US","og_type":"article","og_title":"Hikvision bevielis korteli\u0173 skaitytuvas DS-PT1-WE AX PRO","og_description":"Hikvision DS-PT1-WE AX PRO bevielis korteli\u0173 skaitytuvas ; Veikimo atstumas: 1200m (atviroje erdv\u0117je) ; Darbuotojo kortel\u0117s atsi\u017eym\u0117jimo funkcija","og_url":"https:\/\/eheating.lt\/produktas\/hikvision-bevielis-korteliu-skaitytuvas-ds-pt1-we-ax-pro\/","og_site_name":"Elektronika Namams","article_publisher":"https:\/\/www.facebook.com\/ElektronikaNamams","article_modified_time":"2024-10-18T13:52:49+00:00","og_image":[{"width":800,"height":800,"url":"https:\/\/eheating.lt\/wp-content\/uploads\/2023\/12\/Hikvision-bevielis-korteliu-skaitytuvas-DS-PT1-WE-AX-PRO.png","type":"image\/png"}],"twitter_card":"summary_large_image","twitter_misc":{"Price":"52,23&nbsp;&euro;","Availability":"On backorder"},"schema":{"@context":"https:\/\/schema.org","@graph":[{"@type":"WebPage","@id":"https:\/\/eheating.lt\/produktas\/hikvision-bevielis-korteliu-skaitytuvas-ds-pt1-we-ax-pro\/","url":"https:\/\/eheating.lt\/produktas\/hikvision-bevielis-korteliu-skaitytuvas-ds-pt1-we-ax-pro\/","name":"Hikvision bevielis korteli\u0173 skaitytuvas DS-PT1-WE AX PRO","isPartOf":{"@id":"https:\/\/eheating.lt\/#website"},"primaryImageOfPage":{"@id":"https:\/\/eheating.lt\/produktas\/hikvision-bevielis-korteliu-skaitytuvas-ds-pt1-we-ax-pro\/#primaryimage"},"image":{"@id":"https:\/\/eheating.lt\/produktas\/hikvision-bevielis-korteliu-skaitytuvas-ds-pt1-we-ax-pro\/#primaryimage"},"thumbnailUrl":"https:\/\/eheating.lt\/wp-content\/uploads\/2023\/12\/Hikvision-bevielis-korteliu-skaitytuvas-DS-PT1-WE-AX-PRO.png","datePublished":"2023-10-09T20:34:22+00:00","dateModified":"2024-10-18T13:52:49+00:00","description":"Hikvision DS-PT1-WE AX PRO bevielis korteli\u0173 skaitytuvas ; Veikimo atstumas: 1200m (atviroje erdv\u0117je) ; Darbuotojo kortel\u0117s atsi\u017eym\u0117jimo funkcija","breadcrumb":{"@id":"https:\/\/eheating.lt\/produktas\/hikvision-bevielis-korteliu-skaitytuvas-ds-pt1-we-ax-pro\/#breadcrumb"},"inLanguage":"en-US","potentialAction":[{"@type":"ReadAction","target":["https:\/\/eheating.lt\/produktas\/hikvision-bevielis-korteliu-skaitytuvas-ds-pt1-we-ax-pro\/"]}]},{"@type":"ImageObject","inLanguage":"en-US","@id":"https:\/\/eheating.lt\/produktas\/hikvision-bevielis-korteliu-skaitytuvas-ds-pt1-we-ax-pro\/#primaryimage","url":"https:\/\/eheating.lt\/wp-content\/uploads\/2023\/12\/Hikvision-bevielis-korteliu-skaitytuvas-DS-PT1-WE-AX-PRO.png","contentUrl":"https:\/\/eheating.lt\/wp-content\/uploads\/2023\/12\/Hikvision-bevielis-korteliu-skaitytuvas-DS-PT1-WE-AX-PRO.png","width":800,"height":800},{"@type":"BreadcrumbList","@id":"https:\/\/eheating.lt\/produktas\/hikvision-bevielis-korteliu-skaitytuvas-ds-pt1-we-ax-pro\/#breadcrumb","itemListElement":[{"@type":"ListItem","position":1,"name":"Prad\u017eia","item":"https:\/\/eheating.lt\/en\/"},{"@type":"ListItem","position":2,"name":"Shop","item":"https:\/\/eheating.lt\/en\/?page_id=5734"},{"@type":"ListItem","position":3,"name":"Hikvision bevielis korteli\u0173 skaitytuvas DS-PT1-WE AX PRO"}]},{"@type":"WebSite","@id":"https:\/\/eheating.lt\/#website","url":"https:\/\/eheating.lt\/","name":"eHeating","description":"Elektronika ir \u0161ildymas","potentialAction":[{"@type":"SearchAction","target":{"@type":"EntryPoint","urlTemplate":"https:\/\/eheating.lt\/?s={search_term_string}"},"query-input":{"@type":"PropertyValueSpecification","valueRequired":true,"valueName":"search_term_string"}}],"inLanguage":"en-US"}]},"product_price_amount":"52.23","product_price_currency":"EUR","og_availability":"backorder","product_availability":"available for order","product_retailer_item_id":"3a831c8df558","product_condition":"new"},"_links":{"self":[{"href":"https:\/\/eheating.lt\/en\/wp-json\/wp\/v2\/product\/21528","targetHints":{"allow":["GET"]}}],"collection":[{"href":"https:\/\/eheating.lt\/en\/wp-json\/wp\/v2\/product"}],"about":[{"href":"https:\/\/eheating.lt\/en\/wp-json\/wp\/v2\/types\/product"}],"replies":[{"embeddable":true,"href":"https:\/\/eheating.lt\/en\/wp-json\/wp\/v2\/comments?post=21528"}],"version-history":[{"count":0,"href":"https:\/\/eheating.lt\/en\/wp-json\/wp\/v2\/product\/21528\/revisions"}],"wp:featuredmedia":[{"embeddable":true,"href":"https:\/\/eheating.lt\/en\/wp-json\/wp\/v2\/media\/30934"}],"wp:attachment":[{"href":"https:\/\/eheating.lt\/en\/wp-json\/wp\/v2\/media?parent=21528"}],"wp:term":[{"taxonomy":"product_brand","embeddable":true,"href":"https:\/\/eheating.lt\/en\/wp-json\/wp\/v2\/product_brand?post=21528"},{"taxonomy":"product_cat","embeddable":true,"href":"https:\/\/eheating.lt\/en\/wp-json\/wp\/v2\/product_cat?post=21528"},{"taxonomy":"product_tag","embeddable":true,"href":"https:\/\/eheating.lt\/en\/wp-json\/wp\/v2\/product_tag?post=21528"}],"curies":[{"name":"wp","href":"https:\/\/api.w.org\/{rel}","templated":true}]}}