{"id":21416,"date":"2023-11-13T21:36:18","date_gmt":"2023-11-13T19:36:18","guid":{"rendered":"https:\/\/eheating.lt\/?post_type=product&#038;p=21416"},"modified":"2024-07-11T18:23:51","modified_gmt":"2024-07-11T15:23:51","slug":"ezviz-cs-c1c-vidaus-kamera-1080p-h-265","status":"publish","type":"product","link":"https:\/\/eheating.lt\/en\/produktas\/ezviz-cs-c1c-vidaus-kamera-1080p-h-265\/","title":{"rendered":"EZVIZ CS-C1C vidaus kamera (1080P, H.265)"},"content":{"rendered":"<table>\n<thead>\n<tr>\n<th colspan=\"2\" rowspan=\"1\">Ypatyb\u0117s<\/th>\n<\/tr>\n<tr>\n<th colspan=\"1\" rowspan=\"1\">Pagrindin\u0117s funkcijos:<\/th>\n<td colspan=\"1\" rowspan=\"1\"><strong>Judesio aptikimas<\/strong><\/td>\n<\/tr>\n<tr>\n<th colspan=\"1\" rowspan=\"1\">\u012emontuotas mikrofonas:<\/th>\n<td colspan=\"1\" rowspan=\"1\"><strong>yra<\/strong><\/td>\n<\/tr>\n<tr>\n<th colspan=\"1\" rowspan=\"1\">\u012emontuotas garsiakalbis:<\/th>\n<td colspan=\"1\" rowspan=\"1\"><strong>yra<\/strong><\/td>\n<\/tr>\n<tr>\n<th colspan=\"1\" rowspan=\"1\">Privatumo\/miego r\u0117\u017eimas:<\/th>\n<td colspan=\"1\" rowspan=\"1\"><strong>yra<\/strong><\/td>\n<\/tr>\n<tr>\n<th colspan=\"1\" rowspan=\"1\">Darbin\u0117 temperat\u016bra:<\/th>\n<td colspan=\"1\" rowspan=\"1\"><strong>Nuo -10\u00b0C iki +45\u00b0C<\/strong><\/td>\n<\/tr>\n<\/thead>\n<tbody>\n<tr>\n<th colspan=\"2\" rowspan=\"1\">Specifikacija<\/th>\n<\/tr>\n<tr>\n<th colspan=\"1\" rowspan=\"1\" width=\"200\">Modelis<\/th>\n<td colspan=\"1\" rowspan=\"1\">CS-C1C-B (1080P)<\/td>\n<\/tr>\n<tr>\n<th colspan=\"1\" rowspan=\"1\" width=\"200\">Versija<\/th>\n<td colspan=\"1\" rowspan=\"1\">E0-1E2WF<\/td>\n<\/tr>\n<tr>\n<th colspan=\"2\" rowspan=\"1\">Kamera<\/th>\n<\/tr>\n<tr>\n<th colspan=\"1\" rowspan=\"1\" width=\"200\">Sensorius<\/th>\n<td colspan=\"1\" rowspan=\"1\">1\/3&#8243; Progressive Scan CMOS<\/td>\n<\/tr>\n<tr>\n<th colspan=\"1\" rowspan=\"1\" width=\"200\">U\u017erakto greitis<\/th>\n<td colspan=\"1\" rowspan=\"1\">Self-adaptive shutter<\/td>\n<\/tr>\n<tr>\n<th colspan=\"1\" rowspan=\"1\" width=\"200\">L\u0119\u0161iai<\/th>\n<td colspan=\"1\" rowspan=\"1\">2.8 mm, view angle: 108\u00b0 (Diagonal), 91\u00b0 (Horizontal), 50\u00b0 (Vertical)<\/td>\n<\/tr>\n<tr>\n<th colspan=\"1\" rowspan=\"1\" width=\"200\">Minimalus ap\u0161vietimas<\/th>\n<td colspan=\"1\" rowspan=\"1\">0.5 Lux @(F2.2, AGC ON), 0 Lux with IR<\/td>\n<\/tr>\n<tr>\n<th colspan=\"1\" rowspan=\"1\" width=\"200\">L\u0119\u0161i\u0173 montavimas<\/th>\n<td colspan=\"1\" rowspan=\"1\">M12<\/td>\n<\/tr>\n<tr>\n<th colspan=\"1\" rowspan=\"1\" width=\"200\">Diena &amp; naktis<\/th>\n<td colspan=\"1\" rowspan=\"1\">IR-cut filter with auto-switching<\/td>\n<\/tr>\n<tr>\n<th colspan=\"1\" rowspan=\"1\" width=\"200\">DNR<\/th>\n<td colspan=\"1\" rowspan=\"1\">3D DNR<\/td>\n<\/tr>\n<tr>\n<th colspan=\"1\" rowspan=\"1\" width=\"200\">Naktinis matymas<\/th>\n<td colspan=\"1\" rowspan=\"1\">12 m<\/td>\n<\/tr>\n<tr>\n<th colspan=\"2\" rowspan=\"1\">Vaizdo \u012fra\u0161ymas &amp; Garsas<\/th>\n<\/tr>\n<tr>\n<th colspan=\"1\" rowspan=\"1\" width=\"200\">Maks. rai\u0161ka<\/th>\n<td colspan=\"1\" rowspan=\"1\">1920 \u00d7 1080<\/td>\n<\/tr>\n<tr>\n<th colspan=\"1\" rowspan=\"1\" width=\"200\">Kadr\u0173 da\u017enis<\/th>\n<td colspan=\"1\" rowspan=\"1\">Max: 25 fps; Self-Adaptive during network transmission<\/td>\n<\/tr>\n<tr>\n<th colspan=\"1\" rowspan=\"1\" width=\"200\">Vaizdo suspaudimas<\/th>\n<td colspan=\"1\" rowspan=\"1\">H.265<\/td>\n<\/tr>\n<tr>\n<th colspan=\"1\" rowspan=\"1\" width=\"200\">H.265 tipas<\/th>\n<td colspan=\"1\" rowspan=\"1\">Main Profile<\/td>\n<\/tr>\n<tr>\n<th colspan=\"1\" rowspan=\"1\" width=\"200\">Vaizdo bit\u0173 da\u017enis<\/th>\n<td colspan=\"1\" rowspan=\"1\">Ultra-HD; Hi-Def; Fluent. Adaptive bit rate.<\/td>\n<\/tr>\n<tr>\n<th colspan=\"1\" rowspan=\"1\" width=\"200\">Garso bit\u0173 da\u017enis<\/th>\n<td colspan=\"1\" rowspan=\"1\">Self-Adaptive<\/td>\n<\/tr>\n<tr>\n<th colspan=\"1\" rowspan=\"1\" width=\"200\">Maks. bit\u0173 greitis<\/th>\n<td colspan=\"1\" rowspan=\"1\">1 Mbps<\/td>\n<\/tr>\n<tr>\n<th colspan=\"2\" rowspan=\"1\">Funkcijos<\/th>\n<\/tr>\n<tr>\n<th colspan=\"1\" rowspan=\"1\" width=\"200\">I\u0161man\u016bs \u012fsp\u0117jamieji signalai<\/th>\n<td colspan=\"1\" rowspan=\"1\">Motion detection<\/td>\n<\/tr>\n<tr>\n<th colspan=\"1\" rowspan=\"1\" width=\"200\">Dvipusis bendravimas<\/th>\n<td colspan=\"1\" rowspan=\"1\">Supports<\/td>\n<\/tr>\n<tr>\n<th colspan=\"1\" rowspan=\"1\" width=\"200\">Pagrindin\u0117s funkcijos<\/th>\n<td colspan=\"1\" rowspan=\"1\">Anti-Flicker, Dual-Stream, Heart Beat, Mirror Image, Password Protection, Watermark<\/td>\n<\/tr>\n<tr>\n<th colspan=\"2\" rowspan=\"1\">Tinklas<\/th>\n<\/tr>\n<tr>\n<th colspan=\"1\" rowspan=\"1\" width=\"200\">Standartai<\/th>\n<td colspan=\"1\" rowspan=\"1\">IEEE802.11b, 802.11g, 802.11n<\/td>\n<\/tr>\n<tr>\n<th colspan=\"1\" rowspan=\"1\" width=\"200\">Da\u017eni\u0173 diapozonas<\/th>\n<td colspan=\"1\" rowspan=\"1\">2.4 GHz ~ 2.4835 GHz<\/td>\n<\/tr>\n<tr>\n<th colspan=\"1\" rowspan=\"1\" width=\"200\">Kanal\u0173 plotis<\/th>\n<td colspan=\"1\" rowspan=\"1\">Supports 20 MHz<\/td>\n<\/tr>\n<tr>\n<th colspan=\"1\" rowspan=\"1\" width=\"200\">Saugumas<\/th>\n<td colspan=\"1\" rowspan=\"1\">64\/128-bit WEP, WPA\/WPA2, WPA-PSK\/WPA2-PSK<\/td>\n<\/tr>\n<tr>\n<th colspan=\"1\" rowspan=\"1\" width=\"200\">Perdavimo greitis<\/th>\n<td colspan=\"1\" rowspan=\"1\">11b: 11 Mbps, 11g: 54 Mbps, 11n: 72 Mbps<\/td>\n<\/tr>\n<tr>\n<th colspan=\"1\" rowspan=\"1\" width=\"200\">Wi-Fi Poravimas<\/th>\n<td colspan=\"1\" rowspan=\"1\">AP pairing<\/td>\n<\/tr>\n<tr>\n<th colspan=\"1\" rowspan=\"1\" width=\"200\">Protokolai<\/th>\n<td colspan=\"1\" rowspan=\"1\">EZVIZ cloud proprietary protocol<\/td>\n<\/tr>\n<tr>\n<th colspan=\"1\" rowspan=\"1\" width=\"200\">S\u0105saj\u0173 protokolai<\/th>\n<td colspan=\"1\" rowspan=\"1\">EZVIZ cloud proprietary protocol<\/td>\n<\/tr>\n<tr>\n<th colspan=\"2\" rowspan=\"1\">Saugykla<\/th>\n<\/tr>\n<tr>\n<th colspan=\"1\" rowspan=\"1\" width=\"200\">Vidin\u0117 saugykla<\/th>\n<td colspan=\"1\" rowspan=\"1\">MicroSD card slot (Max. 256 GB)<\/td>\n<\/tr>\n<tr>\n<th colspan=\"1\" rowspan=\"1\" width=\"200\">Saugykla debesyse<\/th>\n<td colspan=\"1\" rowspan=\"1\">EZVIZ Cloud Storage<\/td>\n<\/tr>\n<tr>\n<th colspan=\"2\" rowspan=\"1\">Pagrindinis<\/th>\n<\/tr>\n<tr>\n<th colspan=\"1\" rowspan=\"1\" width=\"200\">Veikimo s\u0105lygos<\/th>\n<td colspan=\"1\" rowspan=\"1\">-10 \u00baC ~ 45 \u00baC (14 \u00b0F ~ 113 \u00b0F ), Humidity 95% or less (non-condensing)<\/td>\n<\/tr>\n<tr>\n<th colspan=\"1\" rowspan=\"1\" width=\"200\">Energijos \u0161altinis<\/th>\n<td colspan=\"1\" rowspan=\"1\">DC 5V \/ 1A<\/td>\n<\/tr>\n<tr>\n<th colspan=\"1\" rowspan=\"1\" width=\"200\">Energijos suvartojimas<\/th>\n<td colspan=\"1\" rowspan=\"1\">MAX. 3.0 W<\/td>\n<\/tr>\n<tr>\n<th colspan=\"1\" rowspan=\"1\" width=\"200\">Matmenys<\/th>\n<td colspan=\"1\" rowspan=\"1\">63 \u00d7 63 \u00d7 103 mm (2.48 \u00d7 2.48 \u00d7 4.06 inch)<\/td>\n<\/tr>\n<tr>\n<th colspan=\"1\" rowspan=\"1\" width=\"200\">Pakuot\u0117s matmenys<\/th>\n<td colspan=\"1\" rowspan=\"1\">91.5 \u00d7 87.5 \u00d7 149 mm (3.60 \u00d7 3.44 \u00d7 5.87 inch)<\/td>\n<\/tr>\n<tr>\n<th colspan=\"1\" rowspan=\"1\" width=\"200\">Grynasis svoris<\/th>\n<td colspan=\"1\" rowspan=\"1\">83 g (2.93 oz)<\/td>\n<\/tr>\n<tr>\n<th colspan=\"1\" rowspan=\"1\" width=\"200\">Svoris (su pakuote)<\/th>\n<td colspan=\"1\" rowspan=\"1\">310 g (10.93 oz)<\/td>\n<\/tr>\n<tr>\n<th colspan=\"2\" rowspan=\"1\">Pakuot\u0117je<\/th>\n<\/tr>\n<tr>\n<th colspan=\"1\" rowspan=\"7\" width=\"200\">Pakuot\u0117je<\/th>\n<td colspan=\"1\" rowspan=\"1\">&#8211; C1C-B kamera<\/td>\n<\/tr>\n<tr>\n<td colspan=\"1\" rowspan=\"1\">&#8211; USB kabelis<\/td>\n<\/tr>\n<tr>\n<td colspan=\"1\" rowspan=\"1\">&#8211; 3-metr\u0173 energijos \u0161altinio adapteris<\/td>\n<\/tr>\n<tr>\n<td colspan=\"1\" rowspan=\"1\">&#8211; Lipdukas<\/td>\n<\/tr>\n<tr>\n<td colspan=\"1\" rowspan=\"1\">&#8211; Metalin\u0117 plok\u0161t\u0117<\/td>\n<\/tr>\n<tr>\n<td colspan=\"1\" rowspan=\"1\">&#8211; Reguliavimo informacija<\/td>\n<\/tr>\n<tr>\n<td colspan=\"1\" rowspan=\"1\">&#8211; Greito paleidimo vadovas<\/td>\n<\/tr>\n<tr>\n<th colspan=\"2\" rowspan=\"1\">Sertifikatai<\/th>\n<\/tr>\n<tr>\n<th colspan=\"1\" rowspan=\"1\" width=\"200\">Sertifikatai:<\/th>\n<td colspan=\"1\" rowspan=\"1\">FCC \/ UL \/ CE \/ RoHS \/ WEEE \/ REACH<\/td>\n<\/tr>\n<\/tbody>\n<\/table>\n<p>&gt;<\/p>\n","protected":false},"excerpt":{"rendered":"<ul>\n<li>MP (rai\u0161ka): 2MP (1920 x 1080)<\/li>\n<li>Objektyvas: 2.8mm<\/li>\n<li>IR nuotolis: iki 12m<\/li>\n<li>Wifi palaikymas: 2.4 GHz<\/li>\n<li>IP klas\u0117: IP20<\/li>\n<li>Pritaikyta naudoti: vidaus s\u0105lygomis<\/li>\n<li>SD kortel\u0117: 256GB (perkama atskirai)<\/li>\n<li>Vaizdo suspaudimas: H.265<\/li>\n<li>Informacijos perdavimas: Wi-Fi<\/li>\n<li>Laikiklis\/baz\u0117 (perkama atskirai): n\u0117ra<\/li>\n<\/ul>\n","protected":false},"featured_media":28060,"comment_status":"closed","ping_status":"closed","template":"","meta":[],"product_brand":[],"product_cat":[458,534,533],"product_tag":[],"class_list":{"0":"post-21416","1":"product","2":"type-product","3":"status-publish","4":"has-post-thumbnail","6":"product_cat-ezviz-serija","7":"product_cat-ip-kameros","8":"product_cat-ip-vaizdo-stebejimo-sistemos","10":"first","11":"instock","12":"taxable","13":"shipping-taxable","14":"purchasable","15":"product-type-simple"},"yoast_head":"<!-- This site is optimized with the Yoast SEO Premium plugin v21.5 (Yoast SEO v27.3) - https:\/\/yoast.com\/product\/yoast-seo-premium-wordpress\/ -->\n<title>EZVIZ CS-C1C vidaus kamera (1080P, H.265)<\/title>\n<meta name=\"description\" content=\"EZVIZ CS-C1C vidaus kamera ; IR nuotolis iki 12m ; Rai\u0161ka - 4MP ; Wifi palaikymas 2.4 GHz ; SD kortel\u0117 iki 256GB ; Objektyvas 2.8mm\" \/>\n<meta name=\"robots\" content=\"index, follow, max-snippet:-1, max-image-preview:large, max-video-preview:-1\" \/>\n<link rel=\"canonical\" href=\"https:\/\/eheating.lt\/produktas\/ezviz-cs-c1c-vidaus-kamera-1080p-h-265\/\" \/>\n<meta property=\"og:locale\" content=\"en_US\" \/>\n<meta property=\"og:type\" content=\"article\" \/>\n<meta property=\"og:title\" content=\"EZVIZ CS-C1C vidaus kamera (1080P, H.265)\" \/>\n<meta property=\"og:description\" content=\"EZVIZ CS-C1C vidaus kamera ; IR nuotolis iki 12m ; Rai\u0161ka - 4MP ; Wifi palaikymas 2.4 GHz ; SD kortel\u0117 iki 256GB ; Objektyvas 2.8mm\" \/>\n<meta property=\"og:url\" content=\"https:\/\/eheating.lt\/produktas\/ezviz-cs-c1c-vidaus-kamera-1080p-h-265\/\" \/>\n<meta property=\"og:site_name\" content=\"Elektronika Namams\" \/>\n<meta property=\"article:publisher\" content=\"https:\/\/www.facebook.com\/ElektronikaNamams\" \/>\n<meta property=\"article:modified_time\" content=\"2024-07-11T15:23:51+00:00\" \/>\n<meta property=\"og:image\" content=\"https:\/\/eheating.lt\/wp-content\/uploads\/2023\/10\/EZVIZ-CS-C1C-vidaus-kamera.png\" \/>\n\t<meta property=\"og:image:width\" content=\"800\" \/>\n\t<meta property=\"og:image:height\" content=\"800\" \/>\n\t<meta property=\"og:image:type\" content=\"image\/png\" \/>\n<meta name=\"twitter:card\" content=\"summary_large_image\" \/>\n<meta name=\"twitter:label1\" content=\"Price\" \/>\n\t<meta name=\"twitter:data1\" content=\"48,49&nbsp;&euro;\" \/>\n\t<meta name=\"twitter:label2\" content=\"Availability\" \/>\n\t<meta name=\"twitter:data2\" content=\"In stock\" \/>\n<script type=\"application\/ld+json\" class=\"yoast-schema-graph\">{\"@context\":\"https:\\\/\\\/schema.org\",\"@graph\":[{\"@type\":\"WebPage\",\"@id\":\"https:\\\/\\\/eheating.lt\\\/produktas\\\/ezviz-cs-c1c-vidaus-kamera-1080p-h-265\\\/\",\"url\":\"https:\\\/\\\/eheating.lt\\\/produktas\\\/ezviz-cs-c1c-vidaus-kamera-1080p-h-265\\\/\",\"name\":\"EZVIZ CS-C1C vidaus kamera (1080P, H.265)\",\"isPartOf\":{\"@id\":\"https:\\\/\\\/eheating.lt\\\/#website\"},\"primaryImageOfPage\":{\"@id\":\"https:\\\/\\\/eheating.lt\\\/produktas\\\/ezviz-cs-c1c-vidaus-kamera-1080p-h-265\\\/#primaryimage\"},\"image\":{\"@id\":\"https:\\\/\\\/eheating.lt\\\/produktas\\\/ezviz-cs-c1c-vidaus-kamera-1080p-h-265\\\/#primaryimage\"},\"thumbnailUrl\":\"https:\\\/\\\/eheating.lt\\\/wp-content\\\/uploads\\\/2023\\\/10\\\/EZVIZ-CS-C1C-vidaus-kamera.png\",\"datePublished\":\"2023-11-13T19:36:18+00:00\",\"dateModified\":\"2024-07-11T15:23:51+00:00\",\"description\":\"EZVIZ CS-C1C vidaus kamera ; IR nuotolis iki 12m ; Rai\u0161ka - 4MP ; Wifi palaikymas 2.4 GHz ; SD kortel\u0117 iki 256GB ; Objektyvas 2.8mm\",\"breadcrumb\":{\"@id\":\"https:\\\/\\\/eheating.lt\\\/produktas\\\/ezviz-cs-c1c-vidaus-kamera-1080p-h-265\\\/#breadcrumb\"},\"inLanguage\":\"en-US\",\"potentialAction\":[{\"@type\":\"ReadAction\",\"target\":[\"https:\\\/\\\/eheating.lt\\\/produktas\\\/ezviz-cs-c1c-vidaus-kamera-1080p-h-265\\\/\"]}]},{\"@type\":\"ImageObject\",\"inLanguage\":\"en-US\",\"@id\":\"https:\\\/\\\/eheating.lt\\\/produktas\\\/ezviz-cs-c1c-vidaus-kamera-1080p-h-265\\\/#primaryimage\",\"url\":\"https:\\\/\\\/eheating.lt\\\/wp-content\\\/uploads\\\/2023\\\/10\\\/EZVIZ-CS-C1C-vidaus-kamera.png\",\"contentUrl\":\"https:\\\/\\\/eheating.lt\\\/wp-content\\\/uploads\\\/2023\\\/10\\\/EZVIZ-CS-C1C-vidaus-kamera.png\",\"width\":800,\"height\":800,\"caption\":\"EZVIZ CS-C1C vidaus kamera\"},{\"@type\":\"BreadcrumbList\",\"@id\":\"https:\\\/\\\/eheating.lt\\\/produktas\\\/ezviz-cs-c1c-vidaus-kamera-1080p-h-265\\\/#breadcrumb\",\"itemListElement\":[{\"@type\":\"ListItem\",\"position\":1,\"name\":\"Prad\u017eia\",\"item\":\"https:\\\/\\\/eheating.lt\\\/en\\\/\"},{\"@type\":\"ListItem\",\"position\":2,\"name\":\"Shop\",\"item\":\"https:\\\/\\\/eheating.lt\\\/en\\\/?page_id=5734\"},{\"@type\":\"ListItem\",\"position\":3,\"name\":\"EZVIZ CS-C1C vidaus kamera (1080P, H.265)\"}]},{\"@type\":\"WebSite\",\"@id\":\"https:\\\/\\\/eheating.lt\\\/#website\",\"url\":\"https:\\\/\\\/eheating.lt\\\/\",\"name\":\"eHeating\",\"description\":\"Elektronika ir \u0161ildymas\",\"potentialAction\":[{\"@type\":\"SearchAction\",\"target\":{\"@type\":\"EntryPoint\",\"urlTemplate\":\"https:\\\/\\\/eheating.lt\\\/?s={search_term_string}\"},\"query-input\":{\"@type\":\"PropertyValueSpecification\",\"valueRequired\":true,\"valueName\":\"search_term_string\"}}],\"inLanguage\":\"en-US\"}]}<\/script>\n<meta property=\"product:price:amount\" content=\"48.49\" \/>\n<meta property=\"product:price:currency\" content=\"EUR\" \/>\n<meta property=\"og:availability\" content=\"instock\" \/>\n<meta property=\"product:availability\" content=\"instock\" \/>\n<meta property=\"product:retailer_item_id\" content=\"18b7a544f02d\" \/>\n<meta property=\"product:condition\" content=\"new\" \/>\n<!-- \/ Yoast SEO Premium plugin. -->","yoast_head_json":{"title":"EZVIZ CS-C1C vidaus kamera (1080P, H.265)","description":"EZVIZ CS-C1C vidaus kamera ; IR nuotolis iki 12m ; Rai\u0161ka - 4MP ; Wifi palaikymas 2.4 GHz ; SD kortel\u0117 iki 256GB ; Objektyvas 2.8mm","robots":{"index":"index","follow":"follow","max-snippet":"max-snippet:-1","max-image-preview":"max-image-preview:large","max-video-preview":"max-video-preview:-1"},"canonical":"https:\/\/eheating.lt\/produktas\/ezviz-cs-c1c-vidaus-kamera-1080p-h-265\/","og_locale":"en_US","og_type":"article","og_title":"EZVIZ CS-C1C vidaus kamera (1080P, H.265)","og_description":"EZVIZ CS-C1C vidaus kamera ; IR nuotolis iki 12m ; Rai\u0161ka - 4MP ; Wifi palaikymas 2.4 GHz ; SD kortel\u0117 iki 256GB ; Objektyvas 2.8mm","og_url":"https:\/\/eheating.lt\/produktas\/ezviz-cs-c1c-vidaus-kamera-1080p-h-265\/","og_site_name":"Elektronika Namams","article_publisher":"https:\/\/www.facebook.com\/ElektronikaNamams","article_modified_time":"2024-07-11T15:23:51+00:00","og_image":[{"width":800,"height":800,"url":"https:\/\/eheating.lt\/wp-content\/uploads\/2023\/10\/EZVIZ-CS-C1C-vidaus-kamera.png","type":"image\/png"}],"twitter_card":"summary_large_image","twitter_misc":{"Price":"48,49&nbsp;&euro;","Availability":"In stock"},"schema":{"@context":"https:\/\/schema.org","@graph":[{"@type":"WebPage","@id":"https:\/\/eheating.lt\/produktas\/ezviz-cs-c1c-vidaus-kamera-1080p-h-265\/","url":"https:\/\/eheating.lt\/produktas\/ezviz-cs-c1c-vidaus-kamera-1080p-h-265\/","name":"EZVIZ CS-C1C vidaus kamera (1080P, H.265)","isPartOf":{"@id":"https:\/\/eheating.lt\/#website"},"primaryImageOfPage":{"@id":"https:\/\/eheating.lt\/produktas\/ezviz-cs-c1c-vidaus-kamera-1080p-h-265\/#primaryimage"},"image":{"@id":"https:\/\/eheating.lt\/produktas\/ezviz-cs-c1c-vidaus-kamera-1080p-h-265\/#primaryimage"},"thumbnailUrl":"https:\/\/eheating.lt\/wp-content\/uploads\/2023\/10\/EZVIZ-CS-C1C-vidaus-kamera.png","datePublished":"2023-11-13T19:36:18+00:00","dateModified":"2024-07-11T15:23:51+00:00","description":"EZVIZ CS-C1C vidaus kamera ; IR nuotolis iki 12m ; Rai\u0161ka - 4MP ; Wifi palaikymas 2.4 GHz ; SD kortel\u0117 iki 256GB ; Objektyvas 2.8mm","breadcrumb":{"@id":"https:\/\/eheating.lt\/produktas\/ezviz-cs-c1c-vidaus-kamera-1080p-h-265\/#breadcrumb"},"inLanguage":"en-US","potentialAction":[{"@type":"ReadAction","target":["https:\/\/eheating.lt\/produktas\/ezviz-cs-c1c-vidaus-kamera-1080p-h-265\/"]}]},{"@type":"ImageObject","inLanguage":"en-US","@id":"https:\/\/eheating.lt\/produktas\/ezviz-cs-c1c-vidaus-kamera-1080p-h-265\/#primaryimage","url":"https:\/\/eheating.lt\/wp-content\/uploads\/2023\/10\/EZVIZ-CS-C1C-vidaus-kamera.png","contentUrl":"https:\/\/eheating.lt\/wp-content\/uploads\/2023\/10\/EZVIZ-CS-C1C-vidaus-kamera.png","width":800,"height":800,"caption":"EZVIZ CS-C1C vidaus kamera"},{"@type":"BreadcrumbList","@id":"https:\/\/eheating.lt\/produktas\/ezviz-cs-c1c-vidaus-kamera-1080p-h-265\/#breadcrumb","itemListElement":[{"@type":"ListItem","position":1,"name":"Prad\u017eia","item":"https:\/\/eheating.lt\/en\/"},{"@type":"ListItem","position":2,"name":"Shop","item":"https:\/\/eheating.lt\/en\/?page_id=5734"},{"@type":"ListItem","position":3,"name":"EZVIZ CS-C1C vidaus kamera (1080P, H.265)"}]},{"@type":"WebSite","@id":"https:\/\/eheating.lt\/#website","url":"https:\/\/eheating.lt\/","name":"eHeating","description":"Elektronika ir \u0161ildymas","potentialAction":[{"@type":"SearchAction","target":{"@type":"EntryPoint","urlTemplate":"https:\/\/eheating.lt\/?s={search_term_string}"},"query-input":{"@type":"PropertyValueSpecification","valueRequired":true,"valueName":"search_term_string"}}],"inLanguage":"en-US"}]},"product_price_amount":"48.49","product_price_currency":"EUR","og_availability":"instock","product_availability":"instock","product_retailer_item_id":"18b7a544f02d","product_condition":"new"},"_links":{"self":[{"href":"https:\/\/eheating.lt\/en\/wp-json\/wp\/v2\/product\/21416","targetHints":{"allow":["GET"]}}],"collection":[{"href":"https:\/\/eheating.lt\/en\/wp-json\/wp\/v2\/product"}],"about":[{"href":"https:\/\/eheating.lt\/en\/wp-json\/wp\/v2\/types\/product"}],"replies":[{"embeddable":true,"href":"https:\/\/eheating.lt\/en\/wp-json\/wp\/v2\/comments?post=21416"}],"version-history":[{"count":0,"href":"https:\/\/eheating.lt\/en\/wp-json\/wp\/v2\/product\/21416\/revisions"}],"wp:featuredmedia":[{"embeddable":true,"href":"https:\/\/eheating.lt\/en\/wp-json\/wp\/v2\/media\/28060"}],"wp:attachment":[{"href":"https:\/\/eheating.lt\/en\/wp-json\/wp\/v2\/media?parent=21416"}],"wp:term":[{"taxonomy":"product_brand","embeddable":true,"href":"https:\/\/eheating.lt\/en\/wp-json\/wp\/v2\/product_brand?post=21416"},{"taxonomy":"product_cat","embeddable":true,"href":"https:\/\/eheating.lt\/en\/wp-json\/wp\/v2\/product_cat?post=21416"},{"taxonomy":"product_tag","embeddable":true,"href":"https:\/\/eheating.lt\/en\/wp-json\/wp\/v2\/product_tag?post=21416"}],"curies":[{"name":"wp","href":"https:\/\/api.w.org\/{rel}","templated":true}]}}