{"id":21302,"date":"2023-11-13T21:36:19","date_gmt":"2023-11-13T19:36:19","guid":{"rendered":"https:\/\/eheating.lt\/?post_type=product&#038;p=21302"},"modified":"2024-10-18T16:50:24","modified_gmt":"2024-10-18T13:50:24","slug":"ezviz-cs-cmt-bracket-wallmount-sienine-baze","status":"publish","type":"product","link":"https:\/\/eheating.lt\/en\/produktas\/ezviz-cs-cmt-bracket-wallmount-sienine-baze\/","title":{"rendered":"Ezviz CS-CMT-BRACKET-WallMount sienin\u0117 baz\u0117"},"content":{"rendered":"","protected":false},"excerpt":{"rendered":"<ul>\n<li>Skirta EZVIZ DOME PT kameroms<\/li>\n<li>Montuojama prie sienos<\/li>\n<\/ul>\n","protected":false},"featured_media":28062,"comment_status":"closed","ping_status":"closed","template":"","meta":[],"product_brand":[],"product_cat":[458,534,533],"product_tag":[],"class_list":{"0":"post-21302","1":"product","2":"type-product","3":"status-publish","4":"has-post-thumbnail","6":"product_cat-ezviz-serija","7":"product_cat-ip-kameros","8":"product_cat-ip-vaizdo-stebejimo-sistemos","10":"first","11":"instock","12":"purchasable","13":"product-type-simple"},"yoast_head":"<!-- This site is optimized with the Yoast SEO Premium plugin v21.5 (Yoast SEO v27.3) - https:\/\/yoast.com\/product\/yoast-seo-premium-wordpress\/ -->\n<title>Ezviz CS-CMT-BRACKET-WallMount sienin\u0117 baz\u0117<\/title>\n<meta name=\"description\" content=\"Ezviz CS-CMT-BRACKET-WallMount sienin\u0117 baz\u0117 ; Skirta EZVIZ DOME PT kameroms ; Montuojama prie sienos ; Spalva - balta\" \/>\n<meta name=\"robots\" content=\"index, follow, max-snippet:-1, max-image-preview:large, max-video-preview:-1\" \/>\n<link rel=\"canonical\" href=\"https:\/\/eheating.lt\/produktas\/ezviz-cs-cmt-bracket-wallmount-sienine-baze\/\" \/>\n<meta property=\"og:locale\" content=\"en_US\" \/>\n<meta property=\"og:type\" content=\"article\" \/>\n<meta property=\"og:title\" content=\"Ezviz CS-CMT-BRACKET-WallMount sienin\u0117 baz\u0117\" \/>\n<meta property=\"og:description\" content=\"Ezviz CS-CMT-BRACKET-WallMount sienin\u0117 baz\u0117 ; Skirta EZVIZ DOME PT kameroms ; Montuojama prie sienos ; Spalva - balta\" \/>\n<meta property=\"og:url\" content=\"https:\/\/eheating.lt\/produktas\/ezviz-cs-cmt-bracket-wallmount-sienine-baze\/\" \/>\n<meta property=\"og:site_name\" content=\"Elektronika Namams\" \/>\n<meta property=\"article:publisher\" content=\"https:\/\/www.facebook.com\/ElektronikaNamams\" \/>\n<meta property=\"article:modified_time\" content=\"2024-10-18T13:50:24+00:00\" \/>\n<meta property=\"og:image\" content=\"https:\/\/eheating.lt\/wp-content\/uploads\/2023\/10\/Ezviz-CS-CMT-BRACKET-WallMount-sienine-baze-.png\" \/>\n\t<meta property=\"og:image:width\" content=\"800\" \/>\n\t<meta property=\"og:image:height\" content=\"800\" \/>\n\t<meta property=\"og:image:type\" content=\"image\/png\" \/>\n<meta name=\"twitter:card\" content=\"summary_large_image\" \/>\n<meta name=\"twitter:label1\" content=\"Price\" \/>\n\t<meta name=\"twitter:data1\" content=\"9,69&nbsp;&euro;\" \/>\n\t<meta name=\"twitter:label2\" content=\"Availability\" \/>\n\t<meta name=\"twitter:data2\" content=\"In stock\" \/>\n<script type=\"application\/ld+json\" class=\"yoast-schema-graph\">{\"@context\":\"https:\\\/\\\/schema.org\",\"@graph\":[{\"@type\":\"WebPage\",\"@id\":\"https:\\\/\\\/eheating.lt\\\/produktas\\\/ezviz-cs-cmt-bracket-wallmount-sienine-baze\\\/\",\"url\":\"https:\\\/\\\/eheating.lt\\\/produktas\\\/ezviz-cs-cmt-bracket-wallmount-sienine-baze\\\/\",\"name\":\"Ezviz CS-CMT-BRACKET-WallMount sienin\u0117 baz\u0117\",\"isPartOf\":{\"@id\":\"https:\\\/\\\/eheating.lt\\\/#website\"},\"primaryImageOfPage\":{\"@id\":\"https:\\\/\\\/eheating.lt\\\/produktas\\\/ezviz-cs-cmt-bracket-wallmount-sienine-baze\\\/#primaryimage\"},\"image\":{\"@id\":\"https:\\\/\\\/eheating.lt\\\/produktas\\\/ezviz-cs-cmt-bracket-wallmount-sienine-baze\\\/#primaryimage\"},\"thumbnailUrl\":\"https:\\\/\\\/eheating.lt\\\/wp-content\\\/uploads\\\/2023\\\/10\\\/Ezviz-CS-CMT-BRACKET-WallMount-sienine-baze-.png\",\"datePublished\":\"2023-11-13T19:36:19+00:00\",\"dateModified\":\"2024-10-18T13:50:24+00:00\",\"description\":\"Ezviz CS-CMT-BRACKET-WallMount sienin\u0117 baz\u0117 ; Skirta EZVIZ DOME PT kameroms ; Montuojama prie sienos ; Spalva - balta\",\"breadcrumb\":{\"@id\":\"https:\\\/\\\/eheating.lt\\\/produktas\\\/ezviz-cs-cmt-bracket-wallmount-sienine-baze\\\/#breadcrumb\"},\"inLanguage\":\"en-US\",\"potentialAction\":[{\"@type\":\"ReadAction\",\"target\":[\"https:\\\/\\\/eheating.lt\\\/produktas\\\/ezviz-cs-cmt-bracket-wallmount-sienine-baze\\\/\"]}]},{\"@type\":\"ImageObject\",\"inLanguage\":\"en-US\",\"@id\":\"https:\\\/\\\/eheating.lt\\\/produktas\\\/ezviz-cs-cmt-bracket-wallmount-sienine-baze\\\/#primaryimage\",\"url\":\"https:\\\/\\\/eheating.lt\\\/wp-content\\\/uploads\\\/2023\\\/10\\\/Ezviz-CS-CMT-BRACKET-WallMount-sienine-baze-.png\",\"contentUrl\":\"https:\\\/\\\/eheating.lt\\\/wp-content\\\/uploads\\\/2023\\\/10\\\/Ezviz-CS-CMT-BRACKET-WallMount-sienine-baze-.png\",\"width\":800,\"height\":800,\"caption\":\"Ezviz CS-CMT-BRACKET-WallMount sienin\u0117 baz\u0117\"},{\"@type\":\"BreadcrumbList\",\"@id\":\"https:\\\/\\\/eheating.lt\\\/produktas\\\/ezviz-cs-cmt-bracket-wallmount-sienine-baze\\\/#breadcrumb\",\"itemListElement\":[{\"@type\":\"ListItem\",\"position\":1,\"name\":\"Prad\u017eia\",\"item\":\"https:\\\/\\\/eheating.lt\\\/en\\\/\"},{\"@type\":\"ListItem\",\"position\":2,\"name\":\"Shop\",\"item\":\"https:\\\/\\\/eheating.lt\\\/en\\\/?page_id=5734\"},{\"@type\":\"ListItem\",\"position\":3,\"name\":\"Ezviz CS-CMT-BRACKET-WallMount sienin\u0117 baz\u0117\"}]},{\"@type\":\"WebSite\",\"@id\":\"https:\\\/\\\/eheating.lt\\\/#website\",\"url\":\"https:\\\/\\\/eheating.lt\\\/\",\"name\":\"eHeating\",\"description\":\"Elektronika ir \u0161ildymas\",\"potentialAction\":[{\"@type\":\"SearchAction\",\"target\":{\"@type\":\"EntryPoint\",\"urlTemplate\":\"https:\\\/\\\/eheating.lt\\\/?s={search_term_string}\"},\"query-input\":{\"@type\":\"PropertyValueSpecification\",\"valueRequired\":true,\"valueName\":\"search_term_string\"}}],\"inLanguage\":\"en-US\"}]}<\/script>\n<meta property=\"product:price:amount\" content=\"9.69\" \/>\n<meta property=\"product:price:currency\" content=\"EUR\" \/>\n<meta property=\"og:availability\" content=\"instock\" \/>\n<meta property=\"product:availability\" content=\"instock\" \/>\n<meta property=\"product:retailer_item_id\" content=\"c00ebfa88c5d\" \/>\n<meta property=\"product:condition\" content=\"new\" \/>\n<!-- \/ Yoast SEO Premium plugin. -->","yoast_head_json":{"title":"Ezviz CS-CMT-BRACKET-WallMount sienin\u0117 baz\u0117","description":"Ezviz CS-CMT-BRACKET-WallMount sienin\u0117 baz\u0117 ; Skirta EZVIZ DOME PT kameroms ; Montuojama prie sienos ; Spalva - balta","robots":{"index":"index","follow":"follow","max-snippet":"max-snippet:-1","max-image-preview":"max-image-preview:large","max-video-preview":"max-video-preview:-1"},"canonical":"https:\/\/eheating.lt\/produktas\/ezviz-cs-cmt-bracket-wallmount-sienine-baze\/","og_locale":"en_US","og_type":"article","og_title":"Ezviz CS-CMT-BRACKET-WallMount sienin\u0117 baz\u0117","og_description":"Ezviz CS-CMT-BRACKET-WallMount sienin\u0117 baz\u0117 ; Skirta EZVIZ DOME PT kameroms ; Montuojama prie sienos ; Spalva - balta","og_url":"https:\/\/eheating.lt\/produktas\/ezviz-cs-cmt-bracket-wallmount-sienine-baze\/","og_site_name":"Elektronika Namams","article_publisher":"https:\/\/www.facebook.com\/ElektronikaNamams","article_modified_time":"2024-10-18T13:50:24+00:00","og_image":[{"width":800,"height":800,"url":"https:\/\/eheating.lt\/wp-content\/uploads\/2023\/10\/Ezviz-CS-CMT-BRACKET-WallMount-sienine-baze-.png","type":"image\/png"}],"twitter_card":"summary_large_image","twitter_misc":{"Price":"9,69&nbsp;&euro;","Availability":"In stock"},"schema":{"@context":"https:\/\/schema.org","@graph":[{"@type":"WebPage","@id":"https:\/\/eheating.lt\/produktas\/ezviz-cs-cmt-bracket-wallmount-sienine-baze\/","url":"https:\/\/eheating.lt\/produktas\/ezviz-cs-cmt-bracket-wallmount-sienine-baze\/","name":"Ezviz CS-CMT-BRACKET-WallMount sienin\u0117 baz\u0117","isPartOf":{"@id":"https:\/\/eheating.lt\/#website"},"primaryImageOfPage":{"@id":"https:\/\/eheating.lt\/produktas\/ezviz-cs-cmt-bracket-wallmount-sienine-baze\/#primaryimage"},"image":{"@id":"https:\/\/eheating.lt\/produktas\/ezviz-cs-cmt-bracket-wallmount-sienine-baze\/#primaryimage"},"thumbnailUrl":"https:\/\/eheating.lt\/wp-content\/uploads\/2023\/10\/Ezviz-CS-CMT-BRACKET-WallMount-sienine-baze-.png","datePublished":"2023-11-13T19:36:19+00:00","dateModified":"2024-10-18T13:50:24+00:00","description":"Ezviz CS-CMT-BRACKET-WallMount sienin\u0117 baz\u0117 ; Skirta EZVIZ DOME PT kameroms ; Montuojama prie sienos ; Spalva - balta","breadcrumb":{"@id":"https:\/\/eheating.lt\/produktas\/ezviz-cs-cmt-bracket-wallmount-sienine-baze\/#breadcrumb"},"inLanguage":"en-US","potentialAction":[{"@type":"ReadAction","target":["https:\/\/eheating.lt\/produktas\/ezviz-cs-cmt-bracket-wallmount-sienine-baze\/"]}]},{"@type":"ImageObject","inLanguage":"en-US","@id":"https:\/\/eheating.lt\/produktas\/ezviz-cs-cmt-bracket-wallmount-sienine-baze\/#primaryimage","url":"https:\/\/eheating.lt\/wp-content\/uploads\/2023\/10\/Ezviz-CS-CMT-BRACKET-WallMount-sienine-baze-.png","contentUrl":"https:\/\/eheating.lt\/wp-content\/uploads\/2023\/10\/Ezviz-CS-CMT-BRACKET-WallMount-sienine-baze-.png","width":800,"height":800,"caption":"Ezviz CS-CMT-BRACKET-WallMount sienin\u0117 baz\u0117"},{"@type":"BreadcrumbList","@id":"https:\/\/eheating.lt\/produktas\/ezviz-cs-cmt-bracket-wallmount-sienine-baze\/#breadcrumb","itemListElement":[{"@type":"ListItem","position":1,"name":"Prad\u017eia","item":"https:\/\/eheating.lt\/en\/"},{"@type":"ListItem","position":2,"name":"Shop","item":"https:\/\/eheating.lt\/en\/?page_id=5734"},{"@type":"ListItem","position":3,"name":"Ezviz CS-CMT-BRACKET-WallMount sienin\u0117 baz\u0117"}]},{"@type":"WebSite","@id":"https:\/\/eheating.lt\/#website","url":"https:\/\/eheating.lt\/","name":"eHeating","description":"Elektronika ir \u0161ildymas","potentialAction":[{"@type":"SearchAction","target":{"@type":"EntryPoint","urlTemplate":"https:\/\/eheating.lt\/?s={search_term_string}"},"query-input":{"@type":"PropertyValueSpecification","valueRequired":true,"valueName":"search_term_string"}}],"inLanguage":"en-US"}]},"product_price_amount":"9.69","product_price_currency":"EUR","og_availability":"instock","product_availability":"instock","product_retailer_item_id":"c00ebfa88c5d","product_condition":"new"},"_links":{"self":[{"href":"https:\/\/eheating.lt\/en\/wp-json\/wp\/v2\/product\/21302","targetHints":{"allow":["GET"]}}],"collection":[{"href":"https:\/\/eheating.lt\/en\/wp-json\/wp\/v2\/product"}],"about":[{"href":"https:\/\/eheating.lt\/en\/wp-json\/wp\/v2\/types\/product"}],"replies":[{"embeddable":true,"href":"https:\/\/eheating.lt\/en\/wp-json\/wp\/v2\/comments?post=21302"}],"version-history":[{"count":0,"href":"https:\/\/eheating.lt\/en\/wp-json\/wp\/v2\/product\/21302\/revisions"}],"wp:featuredmedia":[{"embeddable":true,"href":"https:\/\/eheating.lt\/en\/wp-json\/wp\/v2\/media\/28062"}],"wp:attachment":[{"href":"https:\/\/eheating.lt\/en\/wp-json\/wp\/v2\/media?parent=21302"}],"wp:term":[{"taxonomy":"product_brand","embeddable":true,"href":"https:\/\/eheating.lt\/en\/wp-json\/wp\/v2\/product_brand?post=21302"},{"taxonomy":"product_cat","embeddable":true,"href":"https:\/\/eheating.lt\/en\/wp-json\/wp\/v2\/product_cat?post=21302"},{"taxonomy":"product_tag","embeddable":true,"href":"https:\/\/eheating.lt\/en\/wp-json\/wp\/v2\/product_tag?post=21302"}],"curies":[{"name":"wp","href":"https:\/\/api.w.org\/{rel}","templated":true}]}}