{"id":21172,"date":"2023-10-09T23:28:19","date_gmt":"2023-10-09T20:28:19","guid":{"rendered":"https:\/\/eheating.lt\/?post_type=product&#038;p=21172"},"modified":"2024-10-18T16:48:38","modified_gmt":"2024-10-18T13:48:38","slug":"hikvision-belaidis-judesio-jutiklis-su-pir-kamera-ds-pdpc12p-eg2-we-ax-pro","status":"publish","type":"product","link":"https:\/\/eheating.lt\/en\/produktas\/hikvision-belaidis-judesio-jutiklis-su-pir-kamera-ds-pdpc12p-eg2-we-ax-pro\/","title":{"rendered":"Hikvision belaidis judesio jutiklis su PIR-kamera"},"content":{"rendered":"<div class=\"video-container\" style=\"margin-top: 50px;\"><\/div>\n<div class=\"tech-specs-items-description-wrap\">\n<ul class=\"tech-specs-items-description\" data-target=\"Detection Performance\">\n<li class=\"tech-specs-items-description-list\"><span class=\"tech-specs-items-description__title--heading\">Aptikimo efektyvumas<\/span><\/li>\n<li class=\"tech-specs-items-description-list\"><span class=\"tech-specs-items-description__title\">Aptikimo metodas<\/span><span class=\"tech-specs-items-description__title-details\">Passive Infrared;Video Verification<\/span><\/li>\n<li class=\"tech-specs-items-description-list\"><span class=\"tech-specs-items-description__title\">Aptikimo nuotolis<\/span><span class=\"tech-specs-items-description__title-details\">12m<\/span><\/li>\n<li class=\"tech-specs-items-description-list\"><span class=\"tech-specs-items-description__title\">Aptikimo kampas<\/span><span class=\"tech-specs-items-description__title-details\">85.9\u00b0<\/span><\/li>\n<li class=\"tech-specs-items-description-list\"><span class=\"tech-specs-items-description__title\">Aptikimo zonos<\/span><span class=\"tech-specs-items-description__title-details\">52<\/span><\/li>\n<li class=\"tech-specs-items-description-list\"><span class=\"tech-specs-items-description__title\">Aptikimo greitis<\/span><span class=\"tech-specs-items-description__title-details\">0.3\uff5e2m\/s<\/span><\/li>\n<li class=\"tech-specs-items-description-list\"><span class=\"tech-specs-items-description__title\">Jautrumas<\/span><span class=\"tech-specs-items-description__title-details\">High;Auto;Pet<\/span><\/li>\n<li class=\"tech-specs-items-description-list\"><span class=\"tech-specs-items-description__title\">Atsparumas gyvunams<\/span><span class=\"tech-specs-items-description__title-details\">30Kg<\/span><\/li>\n<li class=\"tech-specs-items-description-list\"><span class=\"tech-specs-items-description__title\">Baltos \u0161viesos filtras<\/span><span class=\"tech-specs-items-description__title-details\">6500lux<\/span><\/li>\n<li class=\"tech-specs-items-description-list\"><span class=\"tech-specs-items-description__title\">Skaitmeninis temperat\u016bros kompensavimas<\/span><span class=\"tech-specs-items-description__title-details\">Support<\/span><\/li>\n<li class=\"tech-specs-items-description-list\"><span class=\"tech-specs-items-description__title\">Creep zonos apsauga<\/span><span class=\"tech-specs-items-description__title-details\">Support<\/span><\/li>\n<\/ul>\n<ul class=\"tech-specs-items-description\" data-target=\"Feature\">\n<li class=\"tech-specs-items-description-list\"><span class=\"tech-specs-items-description__title--heading\">funkcijos<\/span><\/li>\n<li class=\"tech-specs-items-description-list\"><span class=\"tech-specs-items-description__title\">Skaitmeninis apdorojimas<\/span><span class=\"tech-specs-items-description__title-details\">Support<\/span><\/li>\n<li class=\"tech-specs-items-description-list\"><span class=\"tech-specs-items-description__title\">U\u017edara optika<\/span><span class=\"tech-specs-items-description__title-details\">Support<\/span><\/li>\n<li class=\"tech-specs-items-description-list\"><span class=\"tech-specs-items-description__title\">Suklastojimo apsauga<\/span><span class=\"tech-specs-items-description__title-details\">Front;Rear<\/span><\/li>\n<li class=\"tech-specs-items-description-list\"><span class=\"tech-specs-items-description__title\">Aplinkos temperat\u016bros indikatorius<\/span><span class=\"tech-specs-items-description__title-details\">Support<\/span><\/li>\n<li class=\"tech-specs-items-description-list\"><span class=\"tech-specs-items-description__title\">Signalo stiprumo indikatorius<\/span><span class=\"tech-specs-items-description__title-details\">Support<\/span><\/li>\n<\/ul>\n<ul class=\"tech-specs-items-description\" data-target=\"Video\">\n<li class=\"tech-specs-items-description-list\"><span class=\"tech-specs-items-description__title--heading\">Vaizdo \u012fra\u0161ai<\/span><\/li>\n<li class=\"tech-specs-items-description-list\"><span class=\"tech-specs-items-description__title\">Matymo kampas<\/span><span class=\"tech-specs-items-description__title-details\">88\u00b0(H), 68\u00b0(V)<\/span><\/li>\n<li class=\"tech-specs-items-description-list\"><span class=\"tech-specs-items-description__title\">Nuotrauk\u0173 tipas<\/span><span class=\"tech-specs-items-description__title-details\">JPEG<\/span><\/li>\n<li class=\"tech-specs-items-description-list\"><span class=\"tech-specs-items-description__title\">Rai\u0161ka<\/span><span class=\"tech-specs-items-description__title-details\">160*120;320*240;640*480<\/span><\/li>\n<li class=\"tech-specs-items-description-list\"><span class=\"tech-specs-items-description__title\">U\u017epildymo \u0161viesa<\/span><span class=\"tech-specs-items-description__title-details\">Infrared Light<\/span><\/li>\n<li class=\"tech-specs-items-description-list\"><span class=\"tech-specs-items-description__title\">U\u017epildymo nuotolis<\/span><span class=\"tech-specs-items-description__title-details\">12m<\/span><\/li>\n<li class=\"tech-specs-items-description-list\"><span class=\"tech-specs-items-description__title\">Dienos\/nakties jungiklis<\/span><span class=\"tech-specs-items-description__title-details\">Color\/Black &amp; White<\/span><\/li>\n<\/ul>\n<ul class=\"tech-specs-items-description\" data-target=\"Interface\">\n<li class=\"tech-specs-items-description-list\"><span class=\"tech-specs-items-description__title--heading\">S\u0105saja<\/span><\/li>\n<li class=\"tech-specs-items-description-list\"><span class=\"tech-specs-items-description__title\">Energijos jungiklis<\/span><span class=\"tech-specs-items-description__title-details\">Power Up Enrolling<\/span><\/li>\n<li class=\"tech-specs-items-description-list\"><span class=\"tech-specs-items-description__title\">LED indikatorius<\/span><span class=\"tech-specs-items-description__title-details\">Blue(Alarm)<\/span><\/li>\n<\/ul>\n<ul class=\"tech-specs-items-description\" data-target=\"Transmission\">\n<li class=\"tech-specs-items-description-list\"><span class=\"tech-specs-items-description__title--heading\">Perdavimas<\/span><\/li>\n<li class=\"tech-specs-items-description-list\"><span class=\"tech-specs-items-description__title\">Perdavimo technologija<\/span><span class=\"tech-specs-items-description__title-details\">CAM-X Wireless<\/span><\/li>\n<li class=\"tech-specs-items-description-list\"><span class=\"tech-specs-items-description__title\">Perdavimo metodas<\/span><span class=\"tech-specs-items-description__title-details\">Two-Way RF Wireless<\/span><\/li>\n<li class=\"tech-specs-items-description-list\"><span class=\"tech-specs-items-description__title\">Perdavimo da\u017enis<\/span><span class=\"tech-specs-items-description__title-details\">868MHz<\/span><\/li>\n<li class=\"tech-specs-items-description-list\"><span class=\"tech-specs-items-description__title\">Perdavimo apsauga<\/span><span class=\"tech-specs-items-description__title-details\">AES-128 Encryption<\/span><\/li>\n<li class=\"tech-specs-items-description-list\"><span class=\"tech-specs-items-description__title\">Perdavimo nuotolis<\/span><span class=\"tech-specs-items-description__title-details\">800m<\/span><\/li>\n<li class=\"tech-specs-items-description-list\"><span class=\"tech-specs-items-description__title\">Registracijos metodai<\/span><span class=\"tech-specs-items-description__title-details\">Power up;Remote ID;QR Code<\/span><\/li>\n<\/ul>\n<ul class=\"tech-specs-items-description\" data-target=\"Electrical Characteristics\">\n<li class=\"tech-specs-items-description-list\"><span class=\"tech-specs-items-description__title--heading\">Elektros charakteristika<\/span><\/li>\n<li class=\"tech-specs-items-description-list\"><span class=\"tech-specs-items-description__title\">Standartinis baterijos gyvavimo periodas<\/span><span class=\"tech-specs-items-description__title-details\">6 years in work status (being triggered every week and completely uploading captures twice)<\/span><\/li>\n<li class=\"tech-specs-items-description-list\"><span class=\"tech-specs-items-description__title\">Energijos \u0161altinis<\/span><span class=\"tech-specs-items-description__title-details\">Battery Powered<\/span><\/li>\n<li class=\"tech-specs-items-description-list\"><span class=\"tech-specs-items-description__title\">Baterijos tipas<\/span><span class=\"tech-specs-items-description__title-details\">CR123A \u00d7 3<\/span><\/li>\n<li class=\"tech-specs-items-description-list\"><span class=\"tech-specs-items-description__title\">Tipin\u0117 \u012ftampa<\/span><span class=\"tech-specs-items-description__title-details\">3V<\/span><\/li>\n<\/ul>\n<ul class=\"tech-specs-items-description\" data-target=\"General\">\n<li class=\"tech-specs-items-description-list\"><span class=\"tech-specs-items-description__title--heading\">Pagrindinis<\/span><\/li>\n<li class=\"tech-specs-items-description-list\"><span class=\"tech-specs-items-description__title\">Veikimo temperat\u016bra<\/span><span class=\"tech-specs-items-description__title-details\">-10 \u00b0C to 55 \u00b0C (14 \u00b0F to 131 \u00b0F)<\/span><\/li>\n<li class=\"tech-specs-items-description-list\"><span class=\"tech-specs-items-description__title\">Laikymo temperat\u016bra<\/span><span class=\"tech-specs-items-description__title-details\">-20 \u00b0C to 60 \u00b0C (-4 \u00b0F to 140 \u00b0F)<\/span><\/li>\n<li class=\"tech-specs-items-description-list\"><span class=\"tech-specs-items-description__title\">Atsparumas dr\u0117gmei<\/span><span class=\"tech-specs-items-description__title-details\">10% to 90%<\/span><\/li>\n<li class=\"tech-specs-items-description-list\"><span class=\"tech-specs-items-description__title\">Matmenys(WxHxD)<\/span><span class=\"tech-specs-items-description__title-details\">72.2mm \u00d7 120.5mm \u00d7 56.7mm<\/span><\/li>\n<li class=\"tech-specs-items-description-list\"><span class=\"tech-specs-items-description__title\">Svoris<\/span><span class=\"tech-specs-items-description__title-details\">210g<\/span><\/li>\n<li class=\"tech-specs-items-description-list\"><span class=\"tech-specs-items-description__title\">Montavimo auk\u0161tis<\/span><span class=\"tech-specs-items-description__title-details\">1.8 to 2.4m<\/span><\/li>\n<li class=\"tech-specs-items-description-list\"><span class=\"tech-specs-items-description__title\">Montavimo metodas<\/span><span class=\"tech-specs-items-description__title-details\">Wall<\/span><\/li>\n<li class=\"tech-specs-items-description-list\"><span class=\"tech-specs-items-description__title\">Pritaikytas<\/span><span class=\"tech-specs-items-description__title-details\">Indoor<\/span><\/li>\n<li class=\"tech-specs-items-description-list\"><span class=\"tech-specs-items-description__title\">Baz\u0117<\/span><span class=\"tech-specs-items-description__title-details\">Optional Wall &amp; Ceiling Accessory<\/span><\/li>\n<\/ul>\n<\/div>\n","protected":false},"excerpt":{"rendered":"<ul>\n<li>Aptikimo atstumas: 12m<\/li>\n<li>Aptikimo kampas: 85,9\u00b0<\/li>\n<li>Veikimo atstumas iki 800m (atviroje erdv\u0117je)<\/li>\n<li>Nefiksuoja gyv\u016bn\u0173 iki 30kg<\/li>\n<li>Radio da\u017eni\u0173 suderinanumas ir atsparumas elektromagnetiniam triuk\u0161mui<\/li>\n<li>Baterijos tipas: 3 * CR123A baterija (baterija prid\u0117ta komplekte, lengvai kei\u010diama)<\/li>\n<li>Baterijos veikimo laikas: iki 6 met\u0173<\/li>\n<li>Rekomenduojamas montavimo auk\u0161tis: nuo 1,8 iki 2,4 m<\/li>\n<li>Didelis integruotas atminties buferis, nuotrauk\u0173 saugojimui<\/li>\n<li>Poliarizuojantis IR l\u0119\u0161io dizainas suteikiantis geresn\u012f naktin\u012f ap\u0161vietim\u0105.<\/li>\n<li>Laikiklis\/baz\u0117 (perkama atskirai)<\/li>\n<\/ul>\n","protected":false},"featured_media":30914,"comment_status":"closed","ping_status":"closed","template":"","meta":[],"product_brand":[],"product_cat":[279,735,731,732],"product_tag":[974],"class_list":{"0":"post-21172","1":"product","2":"type-product","3":"status-publish","4":"has-post-thumbnail","6":"product_cat-apsaugos-sistemos","7":"product_cat-ax-pro-davikliai","8":"product_cat-belaides-apsaugos-sistemos","9":"product_cat-hikvision-ax-pro-belaides-apsaugos-sistemos","10":"product_tag-ean","12":"first","13":"onbackorder","14":"purchasable","15":"product-type-simple"},"yoast_head":"<!-- This site is optimized with the Yoast SEO Premium plugin v21.5 (Yoast SEO v27.3) - https:\/\/yoast.com\/product\/yoast-seo-premium-wordpress\/ -->\n<title>Hikvision DS-PDPC12P-EG2-WE AX PRO belaidis jutiklis<\/title>\n<meta name=\"description\" content=\"Hikvision DS-PDPC12P-EG2-WE AX PRO belaidis judesio jutiklis su PIR-kamera ; Aptikimo atstumas: 12m ; Aptikimo kampas: 85,9\u00b0 ; Veikimo atstumas iki 800m\" \/>\n<meta name=\"robots\" content=\"index, follow, max-snippet:-1, max-image-preview:large, max-video-preview:-1\" \/>\n<link rel=\"canonical\" href=\"https:\/\/eheating.lt\/en\/produktas\/hikvision-belaidis-judesio-jutiklis-su-pir-kamera-ds-pdpc12p-eg2-we-ax-pro\/\" \/>\n<meta property=\"og:locale\" content=\"en_US\" \/>\n<meta property=\"og:type\" content=\"article\" \/>\n<meta property=\"og:title\" content=\"Hikvision belaidis judesio jutiklis su PIR-kamera DS-PDPC12P-EG2-WE AX PRO\" \/>\n<meta property=\"og:description\" content=\"Hikvision DS-PDPC12P-EG2-WE AX PRO belaidis judesio jutiklis su PIR-kamera ; Aptikimo atstumas: 12m ; Aptikimo kampas: 85,9\u00b0 ; Veikimo atstumas iki 800m\" \/>\n<meta property=\"og:url\" content=\"https:\/\/eheating.lt\/en\/produktas\/hikvision-belaidis-judesio-jutiklis-su-pir-kamera-ds-pdpc12p-eg2-we-ax-pro\/\" \/>\n<meta property=\"og:site_name\" content=\"Elektronika Namams\" \/>\n<meta property=\"article:publisher\" content=\"https:\/\/www.facebook.com\/ElektronikaNamams\" \/>\n<meta property=\"article:modified_time\" content=\"2024-10-18T13:48:38+00:00\" \/>\n<meta property=\"og:image\" content=\"https:\/\/eheating.lt\/wp-content\/uploads\/2023\/12\/Hikvision-belaidis-judesio-jutiklis-su-PIR-kamera-DS-PDPC12P-EG2-WE-AX-PRO.png\" \/>\n\t<meta property=\"og:image:width\" content=\"800\" \/>\n\t<meta property=\"og:image:height\" content=\"800\" \/>\n\t<meta property=\"og:image:type\" content=\"image\/png\" \/>\n<meta name=\"twitter:card\" content=\"summary_large_image\" \/>\n<meta name=\"twitter:label1\" content=\"Price\" \/>\n\t<meta name=\"twitter:data1\" content=\"111,14&nbsp;&euro;\" \/>\n\t<meta name=\"twitter:label2\" content=\"Availability\" \/>\n\t<meta name=\"twitter:data2\" content=\"On backorder\" \/>\n<script type=\"application\/ld+json\" class=\"yoast-schema-graph\">{\"@context\":\"https:\\\/\\\/schema.org\",\"@graph\":[{\"@type\":\"WebPage\",\"@id\":\"https:\\\/\\\/eheating.lt\\\/en\\\/produktas\\\/hikvision-belaidis-judesio-jutiklis-su-pir-kamera-ds-pdpc12p-eg2-we-ax-pro\\\/\",\"url\":\"https:\\\/\\\/eheating.lt\\\/en\\\/produktas\\\/hikvision-belaidis-judesio-jutiklis-su-pir-kamera-ds-pdpc12p-eg2-we-ax-pro\\\/\",\"name\":\"Hikvision DS-PDPC12P-EG2-WE AX PRO belaidis jutiklis\",\"isPartOf\":{\"@id\":\"https:\\\/\\\/eheating.lt\\\/#website\"},\"primaryImageOfPage\":{\"@id\":\"https:\\\/\\\/eheating.lt\\\/en\\\/produktas\\\/hikvision-belaidis-judesio-jutiklis-su-pir-kamera-ds-pdpc12p-eg2-we-ax-pro\\\/#primaryimage\"},\"image\":{\"@id\":\"https:\\\/\\\/eheating.lt\\\/en\\\/produktas\\\/hikvision-belaidis-judesio-jutiklis-su-pir-kamera-ds-pdpc12p-eg2-we-ax-pro\\\/#primaryimage\"},\"thumbnailUrl\":\"https:\\\/\\\/eheating.lt\\\/wp-content\\\/uploads\\\/2023\\\/12\\\/Hikvision-belaidis-judesio-jutiklis-su-PIR-kamera-DS-PDPC12P-EG2-WE-AX-PRO.png\",\"datePublished\":\"2023-10-09T20:28:19+00:00\",\"dateModified\":\"2024-10-18T13:48:38+00:00\",\"description\":\"Hikvision DS-PDPC12P-EG2-WE AX PRO belaidis judesio jutiklis su PIR-kamera ; Aptikimo atstumas: 12m ; Aptikimo kampas: 85,9\u00b0 ; Veikimo atstumas iki 800m\",\"breadcrumb\":{\"@id\":\"https:\\\/\\\/eheating.lt\\\/en\\\/produktas\\\/hikvision-belaidis-judesio-jutiklis-su-pir-kamera-ds-pdpc12p-eg2-we-ax-pro\\\/#breadcrumb\"},\"inLanguage\":\"en-US\",\"potentialAction\":[{\"@type\":\"ReadAction\",\"target\":[\"https:\\\/\\\/eheating.lt\\\/en\\\/produktas\\\/hikvision-belaidis-judesio-jutiklis-su-pir-kamera-ds-pdpc12p-eg2-we-ax-pro\\\/\"]}]},{\"@type\":\"ImageObject\",\"inLanguage\":\"en-US\",\"@id\":\"https:\\\/\\\/eheating.lt\\\/en\\\/produktas\\\/hikvision-belaidis-judesio-jutiklis-su-pir-kamera-ds-pdpc12p-eg2-we-ax-pro\\\/#primaryimage\",\"url\":\"https:\\\/\\\/eheating.lt\\\/wp-content\\\/uploads\\\/2023\\\/12\\\/Hikvision-belaidis-judesio-jutiklis-su-PIR-kamera-DS-PDPC12P-EG2-WE-AX-PRO.png\",\"contentUrl\":\"https:\\\/\\\/eheating.lt\\\/wp-content\\\/uploads\\\/2023\\\/12\\\/Hikvision-belaidis-judesio-jutiklis-su-PIR-kamera-DS-PDPC12P-EG2-WE-AX-PRO.png\",\"width\":800,\"height\":800},{\"@type\":\"BreadcrumbList\",\"@id\":\"https:\\\/\\\/eheating.lt\\\/en\\\/produktas\\\/hikvision-belaidis-judesio-jutiklis-su-pir-kamera-ds-pdpc12p-eg2-we-ax-pro\\\/#breadcrumb\",\"itemListElement\":[{\"@type\":\"ListItem\",\"position\":1,\"name\":\"Prad\u017eia\",\"item\":\"https:\\\/\\\/eheating.lt\\\/en\\\/\"},{\"@type\":\"ListItem\",\"position\":2,\"name\":\"Shop\",\"item\":\"https:\\\/\\\/eheating.lt\\\/en\\\/?page_id=5734\"},{\"@type\":\"ListItem\",\"position\":3,\"name\":\"Hikvision belaidis judesio jutiklis su PIR-kamera DS-PDPC12P-EG2-WE AX PRO\"}]},{\"@type\":\"WebSite\",\"@id\":\"https:\\\/\\\/eheating.lt\\\/#website\",\"url\":\"https:\\\/\\\/eheating.lt\\\/\",\"name\":\"eHeating\",\"description\":\"Elektronika ir \u0161ildymas\",\"potentialAction\":[{\"@type\":\"SearchAction\",\"target\":{\"@type\":\"EntryPoint\",\"urlTemplate\":\"https:\\\/\\\/eheating.lt\\\/?s={search_term_string}\"},\"query-input\":{\"@type\":\"PropertyValueSpecification\",\"valueRequired\":true,\"valueName\":\"search_term_string\"}}],\"inLanguage\":\"en-US\"}]}<\/script>\n<meta property=\"product:price:amount\" content=\"111.14\" \/>\n<meta property=\"product:price:currency\" content=\"EUR\" \/>\n<meta property=\"og:availability\" content=\"backorder\" \/>\n<meta property=\"product:availability\" content=\"available for order\" \/>\n<meta property=\"product:retailer_item_id\" content=\"49732460cbfa\" \/>\n<meta property=\"product:condition\" content=\"new\" \/>\n<!-- \/ Yoast SEO Premium plugin. -->","yoast_head_json":{"title":"Hikvision DS-PDPC12P-EG2-WE AX PRO belaidis jutiklis","description":"Hikvision DS-PDPC12P-EG2-WE AX PRO belaidis judesio jutiklis su PIR-kamera ; Aptikimo atstumas: 12m ; Aptikimo kampas: 85,9\u00b0 ; Veikimo atstumas iki 800m","robots":{"index":"index","follow":"follow","max-snippet":"max-snippet:-1","max-image-preview":"max-image-preview:large","max-video-preview":"max-video-preview:-1"},"canonical":"https:\/\/eheating.lt\/en\/produktas\/hikvision-belaidis-judesio-jutiklis-su-pir-kamera-ds-pdpc12p-eg2-we-ax-pro\/","og_locale":"en_US","og_type":"article","og_title":"Hikvision belaidis judesio jutiklis su PIR-kamera DS-PDPC12P-EG2-WE AX PRO","og_description":"Hikvision DS-PDPC12P-EG2-WE AX PRO belaidis judesio jutiklis su PIR-kamera ; Aptikimo atstumas: 12m ; Aptikimo kampas: 85,9\u00b0 ; Veikimo atstumas iki 800m","og_url":"https:\/\/eheating.lt\/en\/produktas\/hikvision-belaidis-judesio-jutiklis-su-pir-kamera-ds-pdpc12p-eg2-we-ax-pro\/","og_site_name":"Elektronika Namams","article_publisher":"https:\/\/www.facebook.com\/ElektronikaNamams","article_modified_time":"2024-10-18T13:48:38+00:00","og_image":[{"width":800,"height":800,"url":"https:\/\/eheating.lt\/wp-content\/uploads\/2023\/12\/Hikvision-belaidis-judesio-jutiklis-su-PIR-kamera-DS-PDPC12P-EG2-WE-AX-PRO.png","type":"image\/png"}],"twitter_card":"summary_large_image","twitter_misc":{"Price":"111,14&nbsp;&euro;","Availability":"On backorder"},"schema":{"@context":"https:\/\/schema.org","@graph":[{"@type":"WebPage","@id":"https:\/\/eheating.lt\/en\/produktas\/hikvision-belaidis-judesio-jutiklis-su-pir-kamera-ds-pdpc12p-eg2-we-ax-pro\/","url":"https:\/\/eheating.lt\/en\/produktas\/hikvision-belaidis-judesio-jutiklis-su-pir-kamera-ds-pdpc12p-eg2-we-ax-pro\/","name":"Hikvision DS-PDPC12P-EG2-WE AX PRO belaidis jutiklis","isPartOf":{"@id":"https:\/\/eheating.lt\/#website"},"primaryImageOfPage":{"@id":"https:\/\/eheating.lt\/en\/produktas\/hikvision-belaidis-judesio-jutiklis-su-pir-kamera-ds-pdpc12p-eg2-we-ax-pro\/#primaryimage"},"image":{"@id":"https:\/\/eheating.lt\/en\/produktas\/hikvision-belaidis-judesio-jutiklis-su-pir-kamera-ds-pdpc12p-eg2-we-ax-pro\/#primaryimage"},"thumbnailUrl":"https:\/\/eheating.lt\/wp-content\/uploads\/2023\/12\/Hikvision-belaidis-judesio-jutiklis-su-PIR-kamera-DS-PDPC12P-EG2-WE-AX-PRO.png","datePublished":"2023-10-09T20:28:19+00:00","dateModified":"2024-10-18T13:48:38+00:00","description":"Hikvision DS-PDPC12P-EG2-WE AX PRO belaidis judesio jutiklis su PIR-kamera ; Aptikimo atstumas: 12m ; Aptikimo kampas: 85,9\u00b0 ; Veikimo atstumas iki 800m","breadcrumb":{"@id":"https:\/\/eheating.lt\/en\/produktas\/hikvision-belaidis-judesio-jutiklis-su-pir-kamera-ds-pdpc12p-eg2-we-ax-pro\/#breadcrumb"},"inLanguage":"en-US","potentialAction":[{"@type":"ReadAction","target":["https:\/\/eheating.lt\/en\/produktas\/hikvision-belaidis-judesio-jutiklis-su-pir-kamera-ds-pdpc12p-eg2-we-ax-pro\/"]}]},{"@type":"ImageObject","inLanguage":"en-US","@id":"https:\/\/eheating.lt\/en\/produktas\/hikvision-belaidis-judesio-jutiklis-su-pir-kamera-ds-pdpc12p-eg2-we-ax-pro\/#primaryimage","url":"https:\/\/eheating.lt\/wp-content\/uploads\/2023\/12\/Hikvision-belaidis-judesio-jutiklis-su-PIR-kamera-DS-PDPC12P-EG2-WE-AX-PRO.png","contentUrl":"https:\/\/eheating.lt\/wp-content\/uploads\/2023\/12\/Hikvision-belaidis-judesio-jutiklis-su-PIR-kamera-DS-PDPC12P-EG2-WE-AX-PRO.png","width":800,"height":800},{"@type":"BreadcrumbList","@id":"https:\/\/eheating.lt\/en\/produktas\/hikvision-belaidis-judesio-jutiklis-su-pir-kamera-ds-pdpc12p-eg2-we-ax-pro\/#breadcrumb","itemListElement":[{"@type":"ListItem","position":1,"name":"Prad\u017eia","item":"https:\/\/eheating.lt\/en\/"},{"@type":"ListItem","position":2,"name":"Shop","item":"https:\/\/eheating.lt\/en\/?page_id=5734"},{"@type":"ListItem","position":3,"name":"Hikvision belaidis judesio jutiklis su PIR-kamera DS-PDPC12P-EG2-WE AX PRO"}]},{"@type":"WebSite","@id":"https:\/\/eheating.lt\/#website","url":"https:\/\/eheating.lt\/","name":"eHeating","description":"Elektronika ir \u0161ildymas","potentialAction":[{"@type":"SearchAction","target":{"@type":"EntryPoint","urlTemplate":"https:\/\/eheating.lt\/?s={search_term_string}"},"query-input":{"@type":"PropertyValueSpecification","valueRequired":true,"valueName":"search_term_string"}}],"inLanguage":"en-US"}]},"product_price_amount":"111.14","product_price_currency":"EUR","og_availability":"backorder","product_availability":"available for order","product_retailer_item_id":"49732460cbfa","product_condition":"new"},"_links":{"self":[{"href":"https:\/\/eheating.lt\/en\/wp-json\/wp\/v2\/product\/21172","targetHints":{"allow":["GET"]}}],"collection":[{"href":"https:\/\/eheating.lt\/en\/wp-json\/wp\/v2\/product"}],"about":[{"href":"https:\/\/eheating.lt\/en\/wp-json\/wp\/v2\/types\/product"}],"replies":[{"embeddable":true,"href":"https:\/\/eheating.lt\/en\/wp-json\/wp\/v2\/comments?post=21172"}],"version-history":[{"count":0,"href":"https:\/\/eheating.lt\/en\/wp-json\/wp\/v2\/product\/21172\/revisions"}],"wp:featuredmedia":[{"embeddable":true,"href":"https:\/\/eheating.lt\/en\/wp-json\/wp\/v2\/media\/30914"}],"wp:attachment":[{"href":"https:\/\/eheating.lt\/en\/wp-json\/wp\/v2\/media?parent=21172"}],"wp:term":[{"taxonomy":"product_brand","embeddable":true,"href":"https:\/\/eheating.lt\/en\/wp-json\/wp\/v2\/product_brand?post=21172"},{"taxonomy":"product_cat","embeddable":true,"href":"https:\/\/eheating.lt\/en\/wp-json\/wp\/v2\/product_cat?post=21172"},{"taxonomy":"product_tag","embeddable":true,"href":"https:\/\/eheating.lt\/en\/wp-json\/wp\/v2\/product_tag?post=21172"}],"curies":[{"name":"wp","href":"https:\/\/api.w.org\/{rel}","templated":true}]}}