{"id":21114,"date":"2023-11-13T21:36:20","date_gmt":"2023-11-13T19:36:20","guid":{"rendered":"https:\/\/eheating.lt\/?post_type=product&#038;p=21114"},"modified":"2024-10-18T16:47:49","modified_gmt":"2024-10-18T13:47:49","slug":"ezviz-cs-cv310-c0-6b22wfr-c3x-lauko-kryptine-kamera","status":"publish","type":"product","link":"https:\/\/eheating.lt\/en\/produktas\/ezviz-cs-cv310-c0-6b22wfr-c3x-lauko-kryptine-kamera\/","title":{"rendered":"EZVIZ CS-CV310-C0-6B22WFR C3X lauko kryptin\u0117 kamera"},"content":{"rendered":"<div class=\"video-container\" style=\"margin-top: 50px;\"><\/div>\n<table>\n<thead>\n<tr>\n<th colspan=\"2\" rowspan=\"1\">Ypatyb\u0117s<\/th>\n<\/tr>\n<tr>\n<th colspan=\"1\" rowspan=\"1\">Pagrindin\u0117s funkcijos:<\/th>\n<td colspan=\"1\" rowspan=\"1\"><strong>\u017dmoni\u0173 ir automobili\u0173 aptikimas <\/strong><\/td>\n<\/tr>\n<tr>\n<th colspan=\"1\" rowspan=\"1\">Integruotas mikrofonas:<\/th>\n<td colspan=\"1\" rowspan=\"1\"><strong>yra<\/strong><\/td>\n<\/tr>\n<tr>\n<th colspan=\"1\" rowspan=\"1\">Integruotas garsiakalbis:<\/th>\n<td colspan=\"1\" rowspan=\"1\"><strong>yra<\/strong><\/td>\n<\/tr>\n<tr>\n<th colspan=\"1\" rowspan=\"1\">Nam\u0173 apsaugos sirena:<\/th>\n<td colspan=\"1\" rowspan=\"1\"><strong>yra<\/strong><\/td>\n<\/tr>\n<tr>\n<th colspan=\"1\" rowspan=\"1\">Nam\u0173 apsaugos blykst\u0117:<\/th>\n<td colspan=\"1\" rowspan=\"1\"><strong>yra<\/strong><\/td>\n<\/tr>\n<tr>\n<th colspan=\"1\" rowspan=\"1\">Vartotojo nustatomos individualios garso \u017einut\u0117s:<\/th>\n<td colspan=\"1\" rowspan=\"1\"><strong>yra<\/strong><\/td>\n<\/tr>\n<tr>\n<th colspan=\"1\" rowspan=\"1\">Individualiai nustatoma suveikomo zona:<\/th>\n<td colspan=\"1\" rowspan=\"1\"><strong>yra<\/strong><\/td>\n<\/tr>\n<tr>\n<th colspan=\"1\" rowspan=\"1\">Darbin\u0117 temperat\u016bra:<\/th>\n<td colspan=\"1\" rowspan=\"1\"><strong>Nuo -30\u00b0C iki +60\u00b0C<\/strong><\/td>\n<\/tr>\n<\/thead>\n<tbody>\n<tr>\n<th colspan=\"3\" rowspan=\"1\">Model Parameters<\/th>\n<\/tr>\n<tr>\n<th colspan=\"1\" rowspan=\"3\" width=\"200\">Model<\/th>\n<td colspan=\"2\" rowspan=\"1\">CS-CV310-C0-6B22WFR (EU)<\/td>\n<\/tr>\n<tr>\n<td colspan=\"2\" rowspan=\"1\">CS-CV310-C1-6B22WFR (Americas)<\/td>\n<\/tr>\n<tr>\n<td colspan=\"2\" rowspan=\"1\">CS-CV310-C3-6B22WFR (APAC)<\/td>\n<\/tr>\n<tr>\n<th colspan=\"3\" rowspan=\"1\">Camera<\/th>\n<\/tr>\n<tr>\n<th colspan=\"1\" rowspan=\"1\" width=\"200\">Image Sensor<\/th>\n<td colspan=\"2\" rowspan=\"1\">1\/2.7&#8243; Progressive Scan CMOS<\/td>\n<\/tr>\n<tr>\n<th colspan=\"1\" rowspan=\"1\" width=\"200\">Shutter Speed<\/th>\n<td colspan=\"2\" rowspan=\"1\">Self-adaptive shutter<\/td>\n<\/tr>\n<tr>\n<th colspan=\"1\" rowspan=\"1\" width=\"200\">Lens<\/th>\n<td colspan=\"2\" rowspan=\"1\">4 mm @ F1.6, view angle: 89\u00b0 (Horizontal), 106\u00b0 (Diagonal)<\/td>\n<\/tr>\n<tr>\n<th colspan=\"1\" rowspan=\"1\" width=\"200\">Min. Illumination<\/th>\n<td colspan=\"2\" rowspan=\"1\">color night vision, 0.005 lux<\/td>\n<\/tr>\n<tr>\n<th colspan=\"1\" rowspan=\"1\" width=\"200\">Lens Mount<\/th>\n<td colspan=\"2\" rowspan=\"1\">M8<\/td>\n<\/tr>\n<tr>\n<th colspan=\"1\" rowspan=\"1\" width=\"200\">DNR<\/th>\n<td colspan=\"2\" rowspan=\"1\">3D DNR<\/td>\n<\/tr>\n<tr>\n<th colspan=\"1\" rowspan=\"1\" width=\"200\">WDR<\/th>\n<td colspan=\"2\" rowspan=\"1\">Digital WDR<\/td>\n<\/tr>\n<tr>\n<th colspan=\"3\" rowspan=\"1\">Compression<\/th>\n<\/tr>\n<tr>\n<th colspan=\"1\" rowspan=\"1\" width=\"200\">Video Compression<\/th>\n<td colspan=\"2\" rowspan=\"1\">H.264 \/ H.265<\/td>\n<\/tr>\n<tr>\n<th colspan=\"1\" rowspan=\"1\" width=\"200\">Video Bit Rate<\/th>\n<td colspan=\"2\" rowspan=\"1\">Ultra-HD; HD; Standard. Adaptive bit rate.<\/td>\n<\/tr>\n<tr>\n<th colspan=\"3\" rowspan=\"1\">Image<\/th>\n<\/tr>\n<tr>\n<th colspan=\"1\" rowspan=\"1\" width=\"200\">Max. Resolution<\/th>\n<td colspan=\"2\" rowspan=\"1\">1920 \u00d7 1080<\/td>\n<\/tr>\n<tr>\n<th colspan=\"1\" rowspan=\"1\" width=\"200\">Frame Rate<\/th>\n<td colspan=\"2\" rowspan=\"1\">50Hz: 25fps; Self-Adaptive during network transmission<\/td>\n<\/tr>\n<tr>\n<th colspan=\"1\" rowspan=\"1\" width=\"200\">BLC<\/th>\n<td colspan=\"2\" rowspan=\"1\">Supports<\/td>\n<\/tr>\n<tr>\n<th colspan=\"3\" rowspan=\"1\">Interface<\/th>\n<\/tr>\n<tr>\n<th colspan=\"1\" rowspan=\"1\" width=\"200\">Storage<\/th>\n<td colspan=\"2\" rowspan=\"1\">MicroSD card slot (Max. 256 GB)<\/td>\n<\/tr>\n<tr>\n<th colspan=\"1\" rowspan=\"1\" width=\"200\">Wired Network<\/th>\n<td colspan=\"2\" rowspan=\"1\">RJ45 X 1 (10M\/100M self-adaptive Ethernet port)<\/td>\n<\/tr>\n<tr>\n<th colspan=\"3\" rowspan=\"1\">Network<\/th>\n<\/tr>\n<tr>\n<th colspan=\"1\" rowspan=\"1\" width=\"200\">Smart Alarm<\/th>\n<td colspan=\"2\" rowspan=\"1\">Motion detection, human shape detection, vehicle shape detection<\/td>\n<\/tr>\n<tr>\n<th colspan=\"1\" rowspan=\"1\" width=\"200\">Setup Motion Detection Area<\/th>\n<td colspan=\"2\" rowspan=\"1\">Supports<\/td>\n<\/tr>\n<tr>\n<th colspan=\"1\" rowspan=\"1\" width=\"200\">Wi-Fi Pairing<\/th>\n<td colspan=\"2\" rowspan=\"1\">AP paring<\/td>\n<\/tr>\n<tr>\n<th colspan=\"1\" rowspan=\"1\" width=\"200\">Protocol<\/th>\n<td colspan=\"2\" rowspan=\"1\">EZVIZ cloud proprietary protocol<\/td>\n<\/tr>\n<tr>\n<th colspan=\"1\" rowspan=\"1\" width=\"200\">Interface Protocol<\/th>\n<td colspan=\"2\" rowspan=\"1\">EZVIZ cloud proprietary protocol<\/td>\n<\/tr>\n<tr>\n<th colspan=\"3\" rowspan=\"1\">Wi-Fi<\/th>\n<\/tr>\n<tr>\n<th colspan=\"1\" rowspan=\"1\" width=\"200\">Standard<\/th>\n<td colspan=\"2\" rowspan=\"1\">IEEE802.11b\/g\/n<\/td>\n<\/tr>\n<tr>\n<th colspan=\"1\" rowspan=\"1\" width=\"200\">Frequency Range<\/th>\n<td colspan=\"2\" rowspan=\"1\">2.4 GHz ~ 2.4835 GHz<\/td>\n<\/tr>\n<tr>\n<th colspan=\"1\" rowspan=\"1\" width=\"200\">Channel Bandwidth<\/th>\n<td colspan=\"2\" rowspan=\"1\">Supports 20 MHz<\/td>\n<\/tr>\n<tr>\n<th colspan=\"1\" rowspan=\"1\" width=\"200\">Security<\/th>\n<td colspan=\"2\" rowspan=\"1\">64 \/ 128-bit WEP, WPA \/ WPA2, WPA-PSK \/ WPA2-PSK<\/td>\n<\/tr>\n<tr>\n<th colspan=\"1\" rowspan=\"1\" width=\"200\">Transmission Rate<\/th>\n<td colspan=\"2\" rowspan=\"1\">11b: 11 Mbps, 11g: 54 Mbps, 11n: 144 Mbps<\/td>\n<\/tr>\n<tr>\n<th colspan=\"3\" rowspan=\"1\">General<\/th>\n<\/tr>\n<tr>\n<th colspan=\"1\" rowspan=\"1\" width=\"200\">Power Supply<\/th>\n<td colspan=\"2\" rowspan=\"1\">DC 12V\u00b110%<\/td>\n<\/tr>\n<tr>\n<th colspan=\"1\" rowspan=\"1\" width=\"200\">Power Consumption<\/th>\n<td colspan=\"2\" rowspan=\"1\">Max. 12W<\/td>\n<\/tr>\n<tr>\n<th colspan=\"1\" rowspan=\"1\" width=\"200\">IR Range<\/th>\n<td colspan=\"2\" rowspan=\"1\">Max. 30 meters (98.43 feet)<\/td>\n<\/tr>\n<tr>\n<th colspan=\"1\" rowspan=\"1\" width=\"200\">IP Grade<\/th>\n<td colspan=\"2\" rowspan=\"1\">IP67<\/td>\n<\/tr>\n<tr>\n<th colspan=\"1\" rowspan=\"1\" width=\"200\">Dimensions<\/th>\n<td colspan=\"2\" rowspan=\"1\">72 x 72 x 150 mm (2.83 x 2.83 x 5.9 inch)<\/td>\n<\/tr>\n<tr>\n<th colspan=\"1\" rowspan=\"1\" width=\"200\">Packaging Dimensions<\/th>\n<td colspan=\"2\" rowspan=\"1\">253.5 x 111.5 x 93.5 mm (9.98 x 4.39 x 3.68 inch)<\/td>\n<\/tr>\n<tr>\n<th colspan=\"1\" rowspan=\"1\" width=\"200\">Weight<\/th>\n<td colspan=\"2\" rowspan=\"1\">425g (0.94 lb)<\/td>\n<\/tr>\n<tr>\n<th colspan=\"3\" rowspan=\"1\">Package Contents<\/th>\n<\/tr>\n<tr>\n<th colspan=\"1\" rowspan=\"1\" width=\"200\">Package Contents<\/th>\n<td colspan=\"2\" rowspan=\"1\">C3X Camera; Drill Template; Screw Kit; Waterproof Kit; Power Adapter 1.5 m (4.9 ft.); Quick Start Guide<\/td>\n<\/tr>\n<tr>\n<th colspan=\"3\" rowspan=\"1\">Operating Environment<\/th>\n<\/tr>\n<tr>\n<th colspan=\"1\" rowspan=\"1\" width=\"200\">Temperature<\/th>\n<td colspan=\"2\" rowspan=\"1\">-30\u00b0C to 60\u00b0C (-22\u00b0F to 140\u00b0F )<\/td>\n<\/tr>\n<tr>\n<th colspan=\"1\" rowspan=\"1\" width=\"200\">Humidity<\/th>\n<td colspan=\"2\" rowspan=\"1\">95% or less (non-condensing)<\/td>\n<\/tr>\n<tr>\n<th colspan=\"3\" rowspan=\"1\">Certificates<\/th>\n<\/tr>\n<tr>\n<th colspan=\"1\" rowspan=\"1\" width=\"200\">Certificates<\/th>\n<td colspan=\"2\" rowspan=\"1\">UL \/ FCC \/ CE \/ WEEE \/ REACH \/ RoHS<\/td>\n<\/tr>\n<\/tbody>\n<\/table>\n","protected":false},"excerpt":{"rendered":"<ul>\n<li>MP (rai\u0161ka): 2MP (1920&#215;1080)<\/li>\n<li>Objektyvas: 2.8mm<\/li>\n<li>IR nuotolis: IR iki 30m<\/li>\n<li>Wifi palaikymas: 2.4 GHz<\/li>\n<li>IP klas\u0117: IP67<\/li>\n<li>Tinkama naudoti: lauko s\u0105lygomis<\/li>\n<li>SD kortel\u0117: 256GB (perkama atskirai)<\/li>\n<li>Vaizdo suspaudimas: H.265 ir H.264<\/li>\n<li>Informacijos perdavimas: Wi-Fi arba kabeliu<\/li>\n<li>Laikiklis\/baz\u0117 (perkama atskirai): n\u0117ra<\/li>\n<\/ul>\n","protected":false},"featured_media":28064,"comment_status":"closed","ping_status":"closed","template":"","meta":[],"product_brand":[],"product_cat":[458,534,533],"product_tag":[],"class_list":{"0":"post-21114","1":"product","2":"type-product","3":"status-publish","4":"has-post-thumbnail","6":"product_cat-ezviz-serija","7":"product_cat-ip-kameros","8":"product_cat-ip-vaizdo-stebejimo-sistemos","10":"first","11":"instock","12":"purchasable","13":"product-type-simple"},"yoast_head":"<!-- This site is optimized with the Yoast SEO Premium plugin v21.5 (Yoast SEO v27.3) - https:\/\/yoast.com\/product\/yoast-seo-premium-wordpress\/ -->\n<title>EZVIZ CS-CV310-C0-6B22WFR C3X lauko kryptin\u0117 kamera<\/title>\n<meta name=\"description\" content=\"EZVIZ CS-CV310-C0-6B22WFR C3X lauko kryptin\u0117 kamera ; IR nuotolis IR iki 30m ; Rai\u0161ka - 2MP ; Wifi palaikymas 2.4 GHz ; SD kortel\u0117 iki 256GB\" \/>\n<meta name=\"robots\" content=\"index, follow, max-snippet:-1, max-image-preview:large, max-video-preview:-1\" \/>\n<link rel=\"canonical\" href=\"https:\/\/eheating.lt\/produktas\/ezviz-cs-cv310-c0-6b22wfr-c3x-lauko-kryptine-kamera\/\" \/>\n<meta property=\"og:locale\" content=\"en_US\" \/>\n<meta property=\"og:type\" content=\"article\" \/>\n<meta property=\"og:title\" content=\"EZVIZ CS-CV310-C0-6B22WFR C3X lauko kryptin\u0117 kamera\" \/>\n<meta property=\"og:description\" content=\"EZVIZ CS-CV310-C0-6B22WFR C3X lauko kryptin\u0117 kamera ; IR nuotolis IR iki 30m ; Rai\u0161ka - 2MP ; Wifi palaikymas 2.4 GHz ; SD kortel\u0117 iki 256GB\" \/>\n<meta property=\"og:url\" content=\"https:\/\/eheating.lt\/produktas\/ezviz-cs-cv310-c0-6b22wfr-c3x-lauko-kryptine-kamera\/\" \/>\n<meta property=\"og:site_name\" content=\"Elektronika Namams\" \/>\n<meta property=\"article:publisher\" content=\"https:\/\/www.facebook.com\/ElektronikaNamams\" \/>\n<meta property=\"article:modified_time\" content=\"2024-10-18T13:47:49+00:00\" \/>\n<meta property=\"og:image\" content=\"https:\/\/eheating.lt\/wp-content\/uploads\/2023\/10\/EZVIZ-CS-CV310-C0-6B22WFR-C3X-lauko-kryptine-kamera.png\" \/>\n\t<meta property=\"og:image:width\" content=\"800\" \/>\n\t<meta property=\"og:image:height\" content=\"800\" \/>\n\t<meta property=\"og:image:type\" content=\"image\/png\" \/>\n<meta name=\"twitter:card\" content=\"summary_large_image\" \/>\n<meta name=\"twitter:label1\" content=\"Price\" \/>\n\t<meta name=\"twitter:data1\" content=\"155,19&nbsp;&euro;\" \/>\n\t<meta name=\"twitter:label2\" content=\"Availability\" \/>\n\t<meta name=\"twitter:data2\" content=\"In stock\" \/>\n<script type=\"application\/ld+json\" class=\"yoast-schema-graph\">{\"@context\":\"https:\\\/\\\/schema.org\",\"@graph\":[{\"@type\":\"WebPage\",\"@id\":\"https:\\\/\\\/eheating.lt\\\/produktas\\\/ezviz-cs-cv310-c0-6b22wfr-c3x-lauko-kryptine-kamera\\\/\",\"url\":\"https:\\\/\\\/eheating.lt\\\/produktas\\\/ezviz-cs-cv310-c0-6b22wfr-c3x-lauko-kryptine-kamera\\\/\",\"name\":\"EZVIZ CS-CV310-C0-6B22WFR C3X lauko kryptin\u0117 kamera\",\"isPartOf\":{\"@id\":\"https:\\\/\\\/eheating.lt\\\/#website\"},\"primaryImageOfPage\":{\"@id\":\"https:\\\/\\\/eheating.lt\\\/produktas\\\/ezviz-cs-cv310-c0-6b22wfr-c3x-lauko-kryptine-kamera\\\/#primaryimage\"},\"image\":{\"@id\":\"https:\\\/\\\/eheating.lt\\\/produktas\\\/ezviz-cs-cv310-c0-6b22wfr-c3x-lauko-kryptine-kamera\\\/#primaryimage\"},\"thumbnailUrl\":\"https:\\\/\\\/eheating.lt\\\/wp-content\\\/uploads\\\/2023\\\/10\\\/EZVIZ-CS-CV310-C0-6B22WFR-C3X-lauko-kryptine-kamera.png\",\"datePublished\":\"2023-11-13T19:36:20+00:00\",\"dateModified\":\"2024-10-18T13:47:49+00:00\",\"description\":\"EZVIZ CS-CV310-C0-6B22WFR C3X lauko kryptin\u0117 kamera ; IR nuotolis IR iki 30m ; Rai\u0161ka - 2MP ; Wifi palaikymas 2.4 GHz ; SD kortel\u0117 iki 256GB\",\"breadcrumb\":{\"@id\":\"https:\\\/\\\/eheating.lt\\\/produktas\\\/ezviz-cs-cv310-c0-6b22wfr-c3x-lauko-kryptine-kamera\\\/#breadcrumb\"},\"inLanguage\":\"en-US\",\"potentialAction\":[{\"@type\":\"ReadAction\",\"target\":[\"https:\\\/\\\/eheating.lt\\\/produktas\\\/ezviz-cs-cv310-c0-6b22wfr-c3x-lauko-kryptine-kamera\\\/\"]}]},{\"@type\":\"ImageObject\",\"inLanguage\":\"en-US\",\"@id\":\"https:\\\/\\\/eheating.lt\\\/produktas\\\/ezviz-cs-cv310-c0-6b22wfr-c3x-lauko-kryptine-kamera\\\/#primaryimage\",\"url\":\"https:\\\/\\\/eheating.lt\\\/wp-content\\\/uploads\\\/2023\\\/10\\\/EZVIZ-CS-CV310-C0-6B22WFR-C3X-lauko-kryptine-kamera.png\",\"contentUrl\":\"https:\\\/\\\/eheating.lt\\\/wp-content\\\/uploads\\\/2023\\\/10\\\/EZVIZ-CS-CV310-C0-6B22WFR-C3X-lauko-kryptine-kamera.png\",\"width\":800,\"height\":800,\"caption\":\"EZVIZ CS-CV310-C0-6B22WFR C3X lauko kryptin\u0117 kamera\"},{\"@type\":\"BreadcrumbList\",\"@id\":\"https:\\\/\\\/eheating.lt\\\/produktas\\\/ezviz-cs-cv310-c0-6b22wfr-c3x-lauko-kryptine-kamera\\\/#breadcrumb\",\"itemListElement\":[{\"@type\":\"ListItem\",\"position\":1,\"name\":\"Prad\u017eia\",\"item\":\"https:\\\/\\\/eheating.lt\\\/en\\\/\"},{\"@type\":\"ListItem\",\"position\":2,\"name\":\"Shop\",\"item\":\"https:\\\/\\\/eheating.lt\\\/en\\\/?page_id=5734\"},{\"@type\":\"ListItem\",\"position\":3,\"name\":\"EZVIZ CS-CV310-C0-6B22WFR C3X lauko kryptin\u0117 kamera\"}]},{\"@type\":\"WebSite\",\"@id\":\"https:\\\/\\\/eheating.lt\\\/#website\",\"url\":\"https:\\\/\\\/eheating.lt\\\/\",\"name\":\"eHeating\",\"description\":\"Elektronika ir \u0161ildymas\",\"potentialAction\":[{\"@type\":\"SearchAction\",\"target\":{\"@type\":\"EntryPoint\",\"urlTemplate\":\"https:\\\/\\\/eheating.lt\\\/?s={search_term_string}\"},\"query-input\":{\"@type\":\"PropertyValueSpecification\",\"valueRequired\":true,\"valueName\":\"search_term_string\"}}],\"inLanguage\":\"en-US\"}]}<\/script>\n<meta property=\"product:price:amount\" content=\"155.19\" \/>\n<meta property=\"product:price:currency\" content=\"EUR\" \/>\n<meta property=\"og:availability\" content=\"instock\" \/>\n<meta property=\"product:availability\" content=\"instock\" \/>\n<meta property=\"product:retailer_item_id\" content=\"d7e244a3e9cb\" \/>\n<meta property=\"product:condition\" content=\"new\" \/>\n<!-- \/ Yoast SEO Premium plugin. -->","yoast_head_json":{"title":"EZVIZ CS-CV310-C0-6B22WFR C3X lauko kryptin\u0117 kamera","description":"EZVIZ CS-CV310-C0-6B22WFR C3X lauko kryptin\u0117 kamera ; IR nuotolis IR iki 30m ; Rai\u0161ka - 2MP ; Wifi palaikymas 2.4 GHz ; SD kortel\u0117 iki 256GB","robots":{"index":"index","follow":"follow","max-snippet":"max-snippet:-1","max-image-preview":"max-image-preview:large","max-video-preview":"max-video-preview:-1"},"canonical":"https:\/\/eheating.lt\/produktas\/ezviz-cs-cv310-c0-6b22wfr-c3x-lauko-kryptine-kamera\/","og_locale":"en_US","og_type":"article","og_title":"EZVIZ CS-CV310-C0-6B22WFR C3X lauko kryptin\u0117 kamera","og_description":"EZVIZ CS-CV310-C0-6B22WFR C3X lauko kryptin\u0117 kamera ; IR nuotolis IR iki 30m ; Rai\u0161ka - 2MP ; Wifi palaikymas 2.4 GHz ; SD kortel\u0117 iki 256GB","og_url":"https:\/\/eheating.lt\/produktas\/ezviz-cs-cv310-c0-6b22wfr-c3x-lauko-kryptine-kamera\/","og_site_name":"Elektronika Namams","article_publisher":"https:\/\/www.facebook.com\/ElektronikaNamams","article_modified_time":"2024-10-18T13:47:49+00:00","og_image":[{"width":800,"height":800,"url":"https:\/\/eheating.lt\/wp-content\/uploads\/2023\/10\/EZVIZ-CS-CV310-C0-6B22WFR-C3X-lauko-kryptine-kamera.png","type":"image\/png"}],"twitter_card":"summary_large_image","twitter_misc":{"Price":"155,19&nbsp;&euro;","Availability":"In stock"},"schema":{"@context":"https:\/\/schema.org","@graph":[{"@type":"WebPage","@id":"https:\/\/eheating.lt\/produktas\/ezviz-cs-cv310-c0-6b22wfr-c3x-lauko-kryptine-kamera\/","url":"https:\/\/eheating.lt\/produktas\/ezviz-cs-cv310-c0-6b22wfr-c3x-lauko-kryptine-kamera\/","name":"EZVIZ CS-CV310-C0-6B22WFR C3X lauko kryptin\u0117 kamera","isPartOf":{"@id":"https:\/\/eheating.lt\/#website"},"primaryImageOfPage":{"@id":"https:\/\/eheating.lt\/produktas\/ezviz-cs-cv310-c0-6b22wfr-c3x-lauko-kryptine-kamera\/#primaryimage"},"image":{"@id":"https:\/\/eheating.lt\/produktas\/ezviz-cs-cv310-c0-6b22wfr-c3x-lauko-kryptine-kamera\/#primaryimage"},"thumbnailUrl":"https:\/\/eheating.lt\/wp-content\/uploads\/2023\/10\/EZVIZ-CS-CV310-C0-6B22WFR-C3X-lauko-kryptine-kamera.png","datePublished":"2023-11-13T19:36:20+00:00","dateModified":"2024-10-18T13:47:49+00:00","description":"EZVIZ CS-CV310-C0-6B22WFR C3X lauko kryptin\u0117 kamera ; IR nuotolis IR iki 30m ; Rai\u0161ka - 2MP ; Wifi palaikymas 2.4 GHz ; SD kortel\u0117 iki 256GB","breadcrumb":{"@id":"https:\/\/eheating.lt\/produktas\/ezviz-cs-cv310-c0-6b22wfr-c3x-lauko-kryptine-kamera\/#breadcrumb"},"inLanguage":"en-US","potentialAction":[{"@type":"ReadAction","target":["https:\/\/eheating.lt\/produktas\/ezviz-cs-cv310-c0-6b22wfr-c3x-lauko-kryptine-kamera\/"]}]},{"@type":"ImageObject","inLanguage":"en-US","@id":"https:\/\/eheating.lt\/produktas\/ezviz-cs-cv310-c0-6b22wfr-c3x-lauko-kryptine-kamera\/#primaryimage","url":"https:\/\/eheating.lt\/wp-content\/uploads\/2023\/10\/EZVIZ-CS-CV310-C0-6B22WFR-C3X-lauko-kryptine-kamera.png","contentUrl":"https:\/\/eheating.lt\/wp-content\/uploads\/2023\/10\/EZVIZ-CS-CV310-C0-6B22WFR-C3X-lauko-kryptine-kamera.png","width":800,"height":800,"caption":"EZVIZ CS-CV310-C0-6B22WFR C3X lauko kryptin\u0117 kamera"},{"@type":"BreadcrumbList","@id":"https:\/\/eheating.lt\/produktas\/ezviz-cs-cv310-c0-6b22wfr-c3x-lauko-kryptine-kamera\/#breadcrumb","itemListElement":[{"@type":"ListItem","position":1,"name":"Prad\u017eia","item":"https:\/\/eheating.lt\/en\/"},{"@type":"ListItem","position":2,"name":"Shop","item":"https:\/\/eheating.lt\/en\/?page_id=5734"},{"@type":"ListItem","position":3,"name":"EZVIZ CS-CV310-C0-6B22WFR C3X lauko kryptin\u0117 kamera"}]},{"@type":"WebSite","@id":"https:\/\/eheating.lt\/#website","url":"https:\/\/eheating.lt\/","name":"eHeating","description":"Elektronika ir \u0161ildymas","potentialAction":[{"@type":"SearchAction","target":{"@type":"EntryPoint","urlTemplate":"https:\/\/eheating.lt\/?s={search_term_string}"},"query-input":{"@type":"PropertyValueSpecification","valueRequired":true,"valueName":"search_term_string"}}],"inLanguage":"en-US"}]},"product_price_amount":"155.19","product_price_currency":"EUR","og_availability":"instock","product_availability":"instock","product_retailer_item_id":"d7e244a3e9cb","product_condition":"new"},"_links":{"self":[{"href":"https:\/\/eheating.lt\/en\/wp-json\/wp\/v2\/product\/21114","targetHints":{"allow":["GET"]}}],"collection":[{"href":"https:\/\/eheating.lt\/en\/wp-json\/wp\/v2\/product"}],"about":[{"href":"https:\/\/eheating.lt\/en\/wp-json\/wp\/v2\/types\/product"}],"replies":[{"embeddable":true,"href":"https:\/\/eheating.lt\/en\/wp-json\/wp\/v2\/comments?post=21114"}],"version-history":[{"count":0,"href":"https:\/\/eheating.lt\/en\/wp-json\/wp\/v2\/product\/21114\/revisions"}],"wp:featuredmedia":[{"embeddable":true,"href":"https:\/\/eheating.lt\/en\/wp-json\/wp\/v2\/media\/28064"}],"wp:attachment":[{"href":"https:\/\/eheating.lt\/en\/wp-json\/wp\/v2\/media?parent=21114"}],"wp:term":[{"taxonomy":"product_brand","embeddable":true,"href":"https:\/\/eheating.lt\/en\/wp-json\/wp\/v2\/product_brand?post=21114"},{"taxonomy":"product_cat","embeddable":true,"href":"https:\/\/eheating.lt\/en\/wp-json\/wp\/v2\/product_cat?post=21114"},{"taxonomy":"product_tag","embeddable":true,"href":"https:\/\/eheating.lt\/en\/wp-json\/wp\/v2\/product_tag?post=21114"}],"curies":[{"name":"wp","href":"https:\/\/api.w.org\/{rel}","templated":true}]}}