{"id":21054,"date":"2023-11-13T22:07:17","date_gmt":"2023-11-13T20:07:17","guid":{"rendered":"https:\/\/eheating.lt\/?post_type=product&#038;p=21054"},"modified":"2024-10-18T16:46:36","modified_gmt":"2024-10-18T13:46:36","slug":"montavimo-baze-hikvision-ds-1280zj-xs","status":"publish","type":"product","link":"https:\/\/eheating.lt\/en\/produktas\/montavimo-baze-hikvision-ds-1280zj-xs\/","title":{"rendered":"Montavimo baz\u0117 Hikvision DS-1280ZJ-XS"},"content":{"rendered":"<table style=\"width: 850px;\" border=\"0\">\n<colgroup>\n<col \/>\n<col \/> <\/colgroup>\n<tbody>\n<tr>\n<td class=\"xl65\">Spalva<\/td>\n<td class=\"xl65\">Balta<\/td>\n<\/tr>\n<tr>\n<td class=\"xl65\">Med\u017eiaga<\/td>\n<td class=\"xl65\">Aliuminio lydinys<\/td>\n<\/tr>\n<tr>\n<td class=\"xl65\">Matmenys<\/td>\n<td class=\"xl66\">\u03a6100&#215;43.2 x129mm<\/td>\n<\/tr>\n<tr>\n<td class=\"xl65\">Svoris<\/td>\n<td class=\"xl65\">320 g<\/td>\n<\/tr>\n<tr>\n<td class=\"xl65\">Maksimali keliamoji galia<\/td>\n<td class=\"xl65\">4.5 kg<\/td>\n<\/tr>\n<tr>\n<td class=\"xl65\">Montavimas<\/td>\n<td class=\"xl65\">Ant lygaus pavir\u0161iaus<\/td>\n<\/tr>\n<\/tbody>\n<\/table>\n","protected":false},"excerpt":{"rendered":"<ul>\n<li>Jungiamoji d\u0117\u017eut\u0117 kupolin\u0117ms kameroms<\/li>\n<li>Aliuminio lydinys<\/li>\n<li>Su anga kabeliams<\/li>\n<\/ul>\n","protected":false},"featured_media":28583,"comment_status":"closed","ping_status":"closed","template":"","meta":[],"product_brand":[],"product_cat":[801,848,824,827,851,837],"product_tag":[],"class_list":{"0":"post-21054","1":"product","2":"type-product","3":"status-publish","4":"has-post-thumbnail","6":"product_cat-ip-video-surveillance-systems","7":"product_cat-turbo-hd-other-equipment","8":"product_cat-ip-other-equipment","9":"product_cat-brackets","10":"product_cat-brackets-turbo-hd","11":"product_cat-turbo-hd-video-surveillance","13":"first","14":"instock","15":"purchasable","16":"product-type-simple"},"yoast_head":"<!-- This site is optimized with the Yoast SEO Premium plugin v21.5 (Yoast SEO v27.3) - https:\/\/yoast.com\/product\/yoast-seo-premium-wordpress\/ -->\n<title>Montavimo baz\u0117 Hikvision DS-1280ZJ-XS<\/title>\n<meta name=\"description\" content=\"Montavimo baz\u0117 Hikvision DS-1280ZJ-XS ; Jungiamoji d\u0117\u017eut\u0117 kupolin\u0117ms kameroms ; Aliuminio lydinys ; Su anga kabeliams ; Spalva - balta\" \/>\n<meta name=\"robots\" content=\"index, follow, max-snippet:-1, max-image-preview:large, max-video-preview:-1\" \/>\n<link rel=\"canonical\" href=\"https:\/\/eheating.lt\/produktas\/montavimo-baze-hikvision-ds-1280zj-xs\/\" \/>\n<meta property=\"og:locale\" content=\"en_US\" \/>\n<meta property=\"og:type\" content=\"article\" \/>\n<meta property=\"og:title\" content=\"Montavimo baz\u0117 Hikvision DS-1280ZJ-XS\" \/>\n<meta property=\"og:description\" content=\"Montavimo baz\u0117 Hikvision DS-1280ZJ-XS ; Jungiamoji d\u0117\u017eut\u0117 kupolin\u0117ms kameroms ; Aliuminio lydinys ; Su anga kabeliams ; Spalva - balta\" \/>\n<meta property=\"og:url\" content=\"https:\/\/eheating.lt\/produktas\/montavimo-baze-hikvision-ds-1280zj-xs\/\" \/>\n<meta property=\"og:site_name\" content=\"Elektronika Namams\" \/>\n<meta property=\"article:publisher\" content=\"https:\/\/www.facebook.com\/ElektronikaNamams\" \/>\n<meta property=\"article:modified_time\" content=\"2024-10-18T13:46:36+00:00\" \/>\n<meta property=\"og:image\" content=\"https:\/\/eheating.lt\/wp-content\/uploads\/2023\/10\/Montavimo-baze-Hikvision-DS-1280ZJ-XS.png\" \/>\n\t<meta property=\"og:image:width\" content=\"800\" \/>\n\t<meta property=\"og:image:height\" content=\"800\" \/>\n\t<meta property=\"og:image:type\" content=\"image\/png\" \/>\n<meta name=\"twitter:card\" content=\"summary_large_image\" \/>\n<meta name=\"twitter:label1\" content=\"Price\" \/>\n\t<meta name=\"twitter:data1\" content=\"20,50&nbsp;&euro;\" \/>\n\t<meta name=\"twitter:label2\" content=\"Availability\" \/>\n\t<meta name=\"twitter:data2\" content=\"In stock\" \/>\n<script type=\"application\/ld+json\" class=\"yoast-schema-graph\">{\"@context\":\"https:\\\/\\\/schema.org\",\"@graph\":[{\"@type\":\"WebPage\",\"@id\":\"https:\\\/\\\/eheating.lt\\\/produktas\\\/montavimo-baze-hikvision-ds-1280zj-xs\\\/\",\"url\":\"https:\\\/\\\/eheating.lt\\\/produktas\\\/montavimo-baze-hikvision-ds-1280zj-xs\\\/\",\"name\":\"Montavimo baz\u0117 Hikvision DS-1280ZJ-XS\",\"isPartOf\":{\"@id\":\"https:\\\/\\\/eheating.lt\\\/#website\"},\"primaryImageOfPage\":{\"@id\":\"https:\\\/\\\/eheating.lt\\\/produktas\\\/montavimo-baze-hikvision-ds-1280zj-xs\\\/#primaryimage\"},\"image\":{\"@id\":\"https:\\\/\\\/eheating.lt\\\/produktas\\\/montavimo-baze-hikvision-ds-1280zj-xs\\\/#primaryimage\"},\"thumbnailUrl\":\"https:\\\/\\\/eheating.lt\\\/wp-content\\\/uploads\\\/2023\\\/10\\\/Montavimo-baze-Hikvision-DS-1280ZJ-XS.png\",\"datePublished\":\"2023-11-13T20:07:17+00:00\",\"dateModified\":\"2024-10-18T13:46:36+00:00\",\"description\":\"Montavimo baz\u0117 Hikvision DS-1280ZJ-XS ; Jungiamoji d\u0117\u017eut\u0117 kupolin\u0117ms kameroms ; Aliuminio lydinys ; Su anga kabeliams ; Spalva - balta\",\"breadcrumb\":{\"@id\":\"https:\\\/\\\/eheating.lt\\\/produktas\\\/montavimo-baze-hikvision-ds-1280zj-xs\\\/#breadcrumb\"},\"inLanguage\":\"en-US\",\"potentialAction\":[{\"@type\":\"ReadAction\",\"target\":[\"https:\\\/\\\/eheating.lt\\\/produktas\\\/montavimo-baze-hikvision-ds-1280zj-xs\\\/\"]}]},{\"@type\":\"ImageObject\",\"inLanguage\":\"en-US\",\"@id\":\"https:\\\/\\\/eheating.lt\\\/produktas\\\/montavimo-baze-hikvision-ds-1280zj-xs\\\/#primaryimage\",\"url\":\"https:\\\/\\\/eheating.lt\\\/wp-content\\\/uploads\\\/2023\\\/10\\\/Montavimo-baze-Hikvision-DS-1280ZJ-XS.png\",\"contentUrl\":\"https:\\\/\\\/eheating.lt\\\/wp-content\\\/uploads\\\/2023\\\/10\\\/Montavimo-baze-Hikvision-DS-1280ZJ-XS.png\",\"width\":800,\"height\":800,\"caption\":\"Montavimo baz\u0117 Hikvision DS-1280ZJ-XS\"},{\"@type\":\"BreadcrumbList\",\"@id\":\"https:\\\/\\\/eheating.lt\\\/produktas\\\/montavimo-baze-hikvision-ds-1280zj-xs\\\/#breadcrumb\",\"itemListElement\":[{\"@type\":\"ListItem\",\"position\":1,\"name\":\"Prad\u017eia\",\"item\":\"https:\\\/\\\/eheating.lt\\\/en\\\/\"},{\"@type\":\"ListItem\",\"position\":2,\"name\":\"Shop\",\"item\":\"https:\\\/\\\/eheating.lt\\\/en\\\/?page_id=5734\"},{\"@type\":\"ListItem\",\"position\":3,\"name\":\"Montavimo baz\u0117 Hikvision DS-1280ZJ-XS\"}]},{\"@type\":\"WebSite\",\"@id\":\"https:\\\/\\\/eheating.lt\\\/#website\",\"url\":\"https:\\\/\\\/eheating.lt\\\/\",\"name\":\"eHeating\",\"description\":\"Elektronika ir \u0161ildymas\",\"potentialAction\":[{\"@type\":\"SearchAction\",\"target\":{\"@type\":\"EntryPoint\",\"urlTemplate\":\"https:\\\/\\\/eheating.lt\\\/?s={search_term_string}\"},\"query-input\":{\"@type\":\"PropertyValueSpecification\",\"valueRequired\":true,\"valueName\":\"search_term_string\"}}],\"inLanguage\":\"en-US\"}]}<\/script>\n<meta property=\"product:price:amount\" content=\"20.50\" \/>\n<meta property=\"product:price:currency\" content=\"EUR\" \/>\n<meta property=\"og:availability\" content=\"instock\" \/>\n<meta property=\"product:availability\" content=\"instock\" \/>\n<meta property=\"product:retailer_item_id\" content=\"bbb9e242f6e6\" \/>\n<meta property=\"product:condition\" content=\"new\" \/>\n<!-- \/ Yoast SEO Premium plugin. -->","yoast_head_json":{"title":"Montavimo baz\u0117 Hikvision DS-1280ZJ-XS","description":"Montavimo baz\u0117 Hikvision DS-1280ZJ-XS ; Jungiamoji d\u0117\u017eut\u0117 kupolin\u0117ms kameroms ; Aliuminio lydinys ; Su anga kabeliams ; Spalva - balta","robots":{"index":"index","follow":"follow","max-snippet":"max-snippet:-1","max-image-preview":"max-image-preview:large","max-video-preview":"max-video-preview:-1"},"canonical":"https:\/\/eheating.lt\/produktas\/montavimo-baze-hikvision-ds-1280zj-xs\/","og_locale":"en_US","og_type":"article","og_title":"Montavimo baz\u0117 Hikvision DS-1280ZJ-XS","og_description":"Montavimo baz\u0117 Hikvision DS-1280ZJ-XS ; Jungiamoji d\u0117\u017eut\u0117 kupolin\u0117ms kameroms ; Aliuminio lydinys ; Su anga kabeliams ; Spalva - balta","og_url":"https:\/\/eheating.lt\/produktas\/montavimo-baze-hikvision-ds-1280zj-xs\/","og_site_name":"Elektronika Namams","article_publisher":"https:\/\/www.facebook.com\/ElektronikaNamams","article_modified_time":"2024-10-18T13:46:36+00:00","og_image":[{"width":800,"height":800,"url":"https:\/\/eheating.lt\/wp-content\/uploads\/2023\/10\/Montavimo-baze-Hikvision-DS-1280ZJ-XS.png","type":"image\/png"}],"twitter_card":"summary_large_image","twitter_misc":{"Price":"20,50&nbsp;&euro;","Availability":"In stock"},"schema":{"@context":"https:\/\/schema.org","@graph":[{"@type":"WebPage","@id":"https:\/\/eheating.lt\/produktas\/montavimo-baze-hikvision-ds-1280zj-xs\/","url":"https:\/\/eheating.lt\/produktas\/montavimo-baze-hikvision-ds-1280zj-xs\/","name":"Montavimo baz\u0117 Hikvision DS-1280ZJ-XS","isPartOf":{"@id":"https:\/\/eheating.lt\/#website"},"primaryImageOfPage":{"@id":"https:\/\/eheating.lt\/produktas\/montavimo-baze-hikvision-ds-1280zj-xs\/#primaryimage"},"image":{"@id":"https:\/\/eheating.lt\/produktas\/montavimo-baze-hikvision-ds-1280zj-xs\/#primaryimage"},"thumbnailUrl":"https:\/\/eheating.lt\/wp-content\/uploads\/2023\/10\/Montavimo-baze-Hikvision-DS-1280ZJ-XS.png","datePublished":"2023-11-13T20:07:17+00:00","dateModified":"2024-10-18T13:46:36+00:00","description":"Montavimo baz\u0117 Hikvision DS-1280ZJ-XS ; Jungiamoji d\u0117\u017eut\u0117 kupolin\u0117ms kameroms ; Aliuminio lydinys ; Su anga kabeliams ; Spalva - balta","breadcrumb":{"@id":"https:\/\/eheating.lt\/produktas\/montavimo-baze-hikvision-ds-1280zj-xs\/#breadcrumb"},"inLanguage":"en-US","potentialAction":[{"@type":"ReadAction","target":["https:\/\/eheating.lt\/produktas\/montavimo-baze-hikvision-ds-1280zj-xs\/"]}]},{"@type":"ImageObject","inLanguage":"en-US","@id":"https:\/\/eheating.lt\/produktas\/montavimo-baze-hikvision-ds-1280zj-xs\/#primaryimage","url":"https:\/\/eheating.lt\/wp-content\/uploads\/2023\/10\/Montavimo-baze-Hikvision-DS-1280ZJ-XS.png","contentUrl":"https:\/\/eheating.lt\/wp-content\/uploads\/2023\/10\/Montavimo-baze-Hikvision-DS-1280ZJ-XS.png","width":800,"height":800,"caption":"Montavimo baz\u0117 Hikvision DS-1280ZJ-XS"},{"@type":"BreadcrumbList","@id":"https:\/\/eheating.lt\/produktas\/montavimo-baze-hikvision-ds-1280zj-xs\/#breadcrumb","itemListElement":[{"@type":"ListItem","position":1,"name":"Prad\u017eia","item":"https:\/\/eheating.lt\/en\/"},{"@type":"ListItem","position":2,"name":"Shop","item":"https:\/\/eheating.lt\/en\/?page_id=5734"},{"@type":"ListItem","position":3,"name":"Montavimo baz\u0117 Hikvision DS-1280ZJ-XS"}]},{"@type":"WebSite","@id":"https:\/\/eheating.lt\/#website","url":"https:\/\/eheating.lt\/","name":"eHeating","description":"Elektronika ir \u0161ildymas","potentialAction":[{"@type":"SearchAction","target":{"@type":"EntryPoint","urlTemplate":"https:\/\/eheating.lt\/?s={search_term_string}"},"query-input":{"@type":"PropertyValueSpecification","valueRequired":true,"valueName":"search_term_string"}}],"inLanguage":"en-US"}]},"product_price_amount":"20.50","product_price_currency":"EUR","og_availability":"instock","product_availability":"instock","product_retailer_item_id":"bbb9e242f6e6","product_condition":"new"},"_links":{"self":[{"href":"https:\/\/eheating.lt\/en\/wp-json\/wp\/v2\/product\/21054","targetHints":{"allow":["GET"]}}],"collection":[{"href":"https:\/\/eheating.lt\/en\/wp-json\/wp\/v2\/product"}],"about":[{"href":"https:\/\/eheating.lt\/en\/wp-json\/wp\/v2\/types\/product"}],"replies":[{"embeddable":true,"href":"https:\/\/eheating.lt\/en\/wp-json\/wp\/v2\/comments?post=21054"}],"version-history":[{"count":0,"href":"https:\/\/eheating.lt\/en\/wp-json\/wp\/v2\/product\/21054\/revisions"}],"wp:featuredmedia":[{"embeddable":true,"href":"https:\/\/eheating.lt\/en\/wp-json\/wp\/v2\/media\/28583"}],"wp:attachment":[{"href":"https:\/\/eheating.lt\/en\/wp-json\/wp\/v2\/media?parent=21054"}],"wp:term":[{"taxonomy":"product_brand","embeddable":true,"href":"https:\/\/eheating.lt\/en\/wp-json\/wp\/v2\/product_brand?post=21054"},{"taxonomy":"product_cat","embeddable":true,"href":"https:\/\/eheating.lt\/en\/wp-json\/wp\/v2\/product_cat?post=21054"},{"taxonomy":"product_tag","embeddable":true,"href":"https:\/\/eheating.lt\/en\/wp-json\/wp\/v2\/product_tag?post=21054"}],"curies":[{"name":"wp","href":"https:\/\/api.w.org\/{rel}","templated":true}]}}