{"id":21044,"date":"2023-11-13T22:07:12","date_gmt":"2023-11-13T20:07:12","guid":{"rendered":"https:\/\/eheating.lt\/?post_type=product&#038;p=21044"},"modified":"2024-10-18T16:46:23","modified_gmt":"2024-10-18T13:46:23","slug":"montavimo-baze-hikvision-ds-1280zj-dm46","status":"publish","type":"product","link":"https:\/\/eheating.lt\/en\/produktas\/montavimo-baze-hikvision-ds-1280zj-dm46\/","title":{"rendered":"Montavimo baz\u0117 Hikvision DS-1280ZJ-DM46"},"content":{"rendered":"<table style=\"width: 850px;\" border=\"0\">\n<colgroup>\n<col \/>\n<col \/> <\/colgroup>\n<tbody>\n<tr>\n<td class=\"xl65\">Spalva<\/td>\n<td class=\"xl65\">Balta<\/td>\n<\/tr>\n<tr>\n<td class=\"xl65\">Med\u017eiaga<\/td>\n<td class=\"xl65\">Aliuminio lydinys<\/td>\n<\/tr>\n<tr>\n<td class=\"xl65\">Matmenys<\/td>\n<td class=\"xl66\">\u00d8 120 mm \u00d7 37.2 mm<\/td>\n<\/tr>\n<tr>\n<td class=\"xl65\">Svoris<\/td>\n<td class=\"xl65\">Apytiksliai 250 g<\/td>\n<\/tr>\n<tr>\n<td class=\"xl65\">Maksimali keliamoji galia<\/td>\n<td class=\"xl65\">4,5 kg<\/td>\n<\/tr>\n<tr>\n<td class=\"xl65\">Montavimas<\/td>\n<td class=\"xl65\">Ant lygaus pavir\u0161iaus<\/td>\n<\/tr>\n<\/tbody>\n<\/table>\n","protected":false},"excerpt":{"rendered":"<ul>\n<li>Jungiamoji d\u0117\u017eut\u0117 kupolin\u0117ms kameroms<\/li>\n<li>Aliuminio lydinys<\/li>\n<li>Su anga kabeliams<\/li>\n<\/ul>\n","protected":false},"featured_media":28573,"comment_status":"closed","ping_status":"closed","template":"","meta":[],"product_brand":[],"product_cat":[533,537,305,583,354,318],"product_tag":[],"class_list":{"0":"post-21044","1":"product","2":"type-product","3":"status-publish","4":"has-post-thumbnail","6":"product_cat-ip-vaizdo-stebejimo-sistemos","7":"product_cat-turbo-hd-kita-iranga","8":"product_cat-ip-kita-iranga","9":"product_cat-laikikliai-ir-kronsteinai-turbo-hd","10":"product_cat-laikikliai-ir-kronsteinai","11":"product_cat-turbo-hd-apsauga","13":"first","14":"instock","15":"purchasable","16":"product-type-simple"},"yoast_head":"<!-- This site is optimized with the Yoast SEO Premium plugin v21.5 (Yoast SEO v27.3) - https:\/\/yoast.com\/product\/yoast-seo-premium-wordpress\/ -->\n<title>Montavimo baz\u0117 Hikvision DS-1280ZJ-DM46<\/title>\n<meta name=\"description\" content=\"Montavimo baz\u0117 Hikvision DS-1280ZJ-DM46 ; Jungiamoji d\u0117\u017eut\u0117 kupolin\u0117ms kameroms ; Aliuminio lydinys ; Spalva balta ; Su anga kabeliams\" \/>\n<meta name=\"robots\" content=\"index, follow, max-snippet:-1, max-image-preview:large, max-video-preview:-1\" \/>\n<link rel=\"canonical\" href=\"https:\/\/eheating.lt\/produktas\/montavimo-baze-hikvision-ds-1280zj-dm46\/\" \/>\n<meta property=\"og:locale\" content=\"en_US\" \/>\n<meta property=\"og:type\" content=\"article\" \/>\n<meta property=\"og:title\" content=\"Montavimo baz\u0117 Hikvision DS-1280ZJ-DM46\" \/>\n<meta property=\"og:description\" content=\"Montavimo baz\u0117 Hikvision DS-1280ZJ-DM46 ; Jungiamoji d\u0117\u017eut\u0117 kupolin\u0117ms kameroms ; Aliuminio lydinys ; Spalva balta ; Su anga kabeliams\" \/>\n<meta property=\"og:url\" content=\"https:\/\/eheating.lt\/produktas\/montavimo-baze-hikvision-ds-1280zj-dm46\/\" \/>\n<meta property=\"og:site_name\" content=\"Elektronika Namams\" \/>\n<meta property=\"article:publisher\" content=\"https:\/\/www.facebook.com\/ElektronikaNamams\" \/>\n<meta property=\"article:modified_time\" content=\"2024-10-18T13:46:23+00:00\" \/>\n<meta property=\"og:image\" content=\"https:\/\/eheating.lt\/wp-content\/uploads\/2023\/10\/Montavimo-baze-Hikvision-DS-1280ZJ-DM46.png\" \/>\n\t<meta property=\"og:image:width\" content=\"800\" \/>\n\t<meta property=\"og:image:height\" content=\"800\" \/>\n\t<meta property=\"og:image:type\" content=\"image\/png\" \/>\n<meta name=\"twitter:card\" content=\"summary_large_image\" \/>\n<meta name=\"twitter:label1\" content=\"Price\" \/>\n\t<meta name=\"twitter:data1\" content=\"23,98&nbsp;&euro;\" \/>\n\t<meta name=\"twitter:label2\" content=\"Availability\" \/>\n\t<meta name=\"twitter:data2\" content=\"In stock\" \/>\n<script type=\"application\/ld+json\" class=\"yoast-schema-graph\">{\"@context\":\"https:\\\/\\\/schema.org\",\"@graph\":[{\"@type\":\"WebPage\",\"@id\":\"https:\\\/\\\/eheating.lt\\\/produktas\\\/montavimo-baze-hikvision-ds-1280zj-dm46\\\/\",\"url\":\"https:\\\/\\\/eheating.lt\\\/produktas\\\/montavimo-baze-hikvision-ds-1280zj-dm46\\\/\",\"name\":\"Montavimo baz\u0117 Hikvision DS-1280ZJ-DM46\",\"isPartOf\":{\"@id\":\"https:\\\/\\\/eheating.lt\\\/#website\"},\"primaryImageOfPage\":{\"@id\":\"https:\\\/\\\/eheating.lt\\\/produktas\\\/montavimo-baze-hikvision-ds-1280zj-dm46\\\/#primaryimage\"},\"image\":{\"@id\":\"https:\\\/\\\/eheating.lt\\\/produktas\\\/montavimo-baze-hikvision-ds-1280zj-dm46\\\/#primaryimage\"},\"thumbnailUrl\":\"https:\\\/\\\/eheating.lt\\\/wp-content\\\/uploads\\\/2023\\\/10\\\/Montavimo-baze-Hikvision-DS-1280ZJ-DM46.png\",\"datePublished\":\"2023-11-13T20:07:12+00:00\",\"dateModified\":\"2024-10-18T13:46:23+00:00\",\"description\":\"Montavimo baz\u0117 Hikvision DS-1280ZJ-DM46 ; Jungiamoji d\u0117\u017eut\u0117 kupolin\u0117ms kameroms ; Aliuminio lydinys ; Spalva balta ; Su anga kabeliams\",\"breadcrumb\":{\"@id\":\"https:\\\/\\\/eheating.lt\\\/produktas\\\/montavimo-baze-hikvision-ds-1280zj-dm46\\\/#breadcrumb\"},\"inLanguage\":\"en-US\",\"potentialAction\":[{\"@type\":\"ReadAction\",\"target\":[\"https:\\\/\\\/eheating.lt\\\/produktas\\\/montavimo-baze-hikvision-ds-1280zj-dm46\\\/\"]}]},{\"@type\":\"ImageObject\",\"inLanguage\":\"en-US\",\"@id\":\"https:\\\/\\\/eheating.lt\\\/produktas\\\/montavimo-baze-hikvision-ds-1280zj-dm46\\\/#primaryimage\",\"url\":\"https:\\\/\\\/eheating.lt\\\/wp-content\\\/uploads\\\/2023\\\/10\\\/Montavimo-baze-Hikvision-DS-1280ZJ-DM46.png\",\"contentUrl\":\"https:\\\/\\\/eheating.lt\\\/wp-content\\\/uploads\\\/2023\\\/10\\\/Montavimo-baze-Hikvision-DS-1280ZJ-DM46.png\",\"width\":800,\"height\":800,\"caption\":\"Montavimo baz\u0117 Hikvision DS-1280ZJ-DM46\"},{\"@type\":\"BreadcrumbList\",\"@id\":\"https:\\\/\\\/eheating.lt\\\/produktas\\\/montavimo-baze-hikvision-ds-1280zj-dm46\\\/#breadcrumb\",\"itemListElement\":[{\"@type\":\"ListItem\",\"position\":1,\"name\":\"Prad\u017eia\",\"item\":\"https:\\\/\\\/eheating.lt\\\/en\\\/\"},{\"@type\":\"ListItem\",\"position\":2,\"name\":\"Shop\",\"item\":\"https:\\\/\\\/eheating.lt\\\/en\\\/?page_id=5734\"},{\"@type\":\"ListItem\",\"position\":3,\"name\":\"Montavimo baz\u0117 Hikvision DS-1280ZJ-DM46\"}]},{\"@type\":\"WebSite\",\"@id\":\"https:\\\/\\\/eheating.lt\\\/#website\",\"url\":\"https:\\\/\\\/eheating.lt\\\/\",\"name\":\"eHeating\",\"description\":\"Elektronika ir \u0161ildymas\",\"potentialAction\":[{\"@type\":\"SearchAction\",\"target\":{\"@type\":\"EntryPoint\",\"urlTemplate\":\"https:\\\/\\\/eheating.lt\\\/?s={search_term_string}\"},\"query-input\":{\"@type\":\"PropertyValueSpecification\",\"valueRequired\":true,\"valueName\":\"search_term_string\"}}],\"inLanguage\":\"en-US\"}]}<\/script>\n<meta property=\"product:price:amount\" content=\"23.98\" \/>\n<meta property=\"product:price:currency\" content=\"EUR\" \/>\n<meta property=\"og:availability\" content=\"instock\" \/>\n<meta property=\"product:availability\" content=\"instock\" \/>\n<meta property=\"product:retailer_item_id\" content=\"c81e28f79659\" \/>\n<meta property=\"product:condition\" content=\"new\" \/>\n<!-- \/ Yoast SEO Premium plugin. -->","yoast_head_json":{"title":"Montavimo baz\u0117 Hikvision DS-1280ZJ-DM46","description":"Montavimo baz\u0117 Hikvision DS-1280ZJ-DM46 ; Jungiamoji d\u0117\u017eut\u0117 kupolin\u0117ms kameroms ; Aliuminio lydinys ; Spalva balta ; Su anga kabeliams","robots":{"index":"index","follow":"follow","max-snippet":"max-snippet:-1","max-image-preview":"max-image-preview:large","max-video-preview":"max-video-preview:-1"},"canonical":"https:\/\/eheating.lt\/produktas\/montavimo-baze-hikvision-ds-1280zj-dm46\/","og_locale":"en_US","og_type":"article","og_title":"Montavimo baz\u0117 Hikvision DS-1280ZJ-DM46","og_description":"Montavimo baz\u0117 Hikvision DS-1280ZJ-DM46 ; Jungiamoji d\u0117\u017eut\u0117 kupolin\u0117ms kameroms ; Aliuminio lydinys ; Spalva balta ; Su anga kabeliams","og_url":"https:\/\/eheating.lt\/produktas\/montavimo-baze-hikvision-ds-1280zj-dm46\/","og_site_name":"Elektronika Namams","article_publisher":"https:\/\/www.facebook.com\/ElektronikaNamams","article_modified_time":"2024-10-18T13:46:23+00:00","og_image":[{"width":800,"height":800,"url":"https:\/\/eheating.lt\/wp-content\/uploads\/2023\/10\/Montavimo-baze-Hikvision-DS-1280ZJ-DM46.png","type":"image\/png"}],"twitter_card":"summary_large_image","twitter_misc":{"Price":"23,98&nbsp;&euro;","Availability":"In stock"},"schema":{"@context":"https:\/\/schema.org","@graph":[{"@type":"WebPage","@id":"https:\/\/eheating.lt\/produktas\/montavimo-baze-hikvision-ds-1280zj-dm46\/","url":"https:\/\/eheating.lt\/produktas\/montavimo-baze-hikvision-ds-1280zj-dm46\/","name":"Montavimo baz\u0117 Hikvision DS-1280ZJ-DM46","isPartOf":{"@id":"https:\/\/eheating.lt\/#website"},"primaryImageOfPage":{"@id":"https:\/\/eheating.lt\/produktas\/montavimo-baze-hikvision-ds-1280zj-dm46\/#primaryimage"},"image":{"@id":"https:\/\/eheating.lt\/produktas\/montavimo-baze-hikvision-ds-1280zj-dm46\/#primaryimage"},"thumbnailUrl":"https:\/\/eheating.lt\/wp-content\/uploads\/2023\/10\/Montavimo-baze-Hikvision-DS-1280ZJ-DM46.png","datePublished":"2023-11-13T20:07:12+00:00","dateModified":"2024-10-18T13:46:23+00:00","description":"Montavimo baz\u0117 Hikvision DS-1280ZJ-DM46 ; Jungiamoji d\u0117\u017eut\u0117 kupolin\u0117ms kameroms ; Aliuminio lydinys ; Spalva balta ; Su anga kabeliams","breadcrumb":{"@id":"https:\/\/eheating.lt\/produktas\/montavimo-baze-hikvision-ds-1280zj-dm46\/#breadcrumb"},"inLanguage":"en-US","potentialAction":[{"@type":"ReadAction","target":["https:\/\/eheating.lt\/produktas\/montavimo-baze-hikvision-ds-1280zj-dm46\/"]}]},{"@type":"ImageObject","inLanguage":"en-US","@id":"https:\/\/eheating.lt\/produktas\/montavimo-baze-hikvision-ds-1280zj-dm46\/#primaryimage","url":"https:\/\/eheating.lt\/wp-content\/uploads\/2023\/10\/Montavimo-baze-Hikvision-DS-1280ZJ-DM46.png","contentUrl":"https:\/\/eheating.lt\/wp-content\/uploads\/2023\/10\/Montavimo-baze-Hikvision-DS-1280ZJ-DM46.png","width":800,"height":800,"caption":"Montavimo baz\u0117 Hikvision DS-1280ZJ-DM46"},{"@type":"BreadcrumbList","@id":"https:\/\/eheating.lt\/produktas\/montavimo-baze-hikvision-ds-1280zj-dm46\/#breadcrumb","itemListElement":[{"@type":"ListItem","position":1,"name":"Prad\u017eia","item":"https:\/\/eheating.lt\/en\/"},{"@type":"ListItem","position":2,"name":"Shop","item":"https:\/\/eheating.lt\/en\/?page_id=5734"},{"@type":"ListItem","position":3,"name":"Montavimo baz\u0117 Hikvision DS-1280ZJ-DM46"}]},{"@type":"WebSite","@id":"https:\/\/eheating.lt\/#website","url":"https:\/\/eheating.lt\/","name":"eHeating","description":"Elektronika ir \u0161ildymas","potentialAction":[{"@type":"SearchAction","target":{"@type":"EntryPoint","urlTemplate":"https:\/\/eheating.lt\/?s={search_term_string}"},"query-input":{"@type":"PropertyValueSpecification","valueRequired":true,"valueName":"search_term_string"}}],"inLanguage":"en-US"}]},"product_price_amount":"23.98","product_price_currency":"EUR","og_availability":"instock","product_availability":"instock","product_retailer_item_id":"c81e28f79659","product_condition":"new"},"_links":{"self":[{"href":"https:\/\/eheating.lt\/en\/wp-json\/wp\/v2\/product\/21044","targetHints":{"allow":["GET"]}}],"collection":[{"href":"https:\/\/eheating.lt\/en\/wp-json\/wp\/v2\/product"}],"about":[{"href":"https:\/\/eheating.lt\/en\/wp-json\/wp\/v2\/types\/product"}],"replies":[{"embeddable":true,"href":"https:\/\/eheating.lt\/en\/wp-json\/wp\/v2\/comments?post=21044"}],"version-history":[{"count":0,"href":"https:\/\/eheating.lt\/en\/wp-json\/wp\/v2\/product\/21044\/revisions"}],"wp:featuredmedia":[{"embeddable":true,"href":"https:\/\/eheating.lt\/en\/wp-json\/wp\/v2\/media\/28573"}],"wp:attachment":[{"href":"https:\/\/eheating.lt\/en\/wp-json\/wp\/v2\/media?parent=21044"}],"wp:term":[{"taxonomy":"product_brand","embeddable":true,"href":"https:\/\/eheating.lt\/en\/wp-json\/wp\/v2\/product_brand?post=21044"},{"taxonomy":"product_cat","embeddable":true,"href":"https:\/\/eheating.lt\/en\/wp-json\/wp\/v2\/product_cat?post=21044"},{"taxonomy":"product_tag","embeddable":true,"href":"https:\/\/eheating.lt\/en\/wp-json\/wp\/v2\/product_tag?post=21044"}],"curies":[{"name":"wp","href":"https:\/\/api.w.org\/{rel}","templated":true}]}}