{"id":21018,"date":"2023-12-28T15:21:55","date_gmt":"2023-12-28T13:21:55","guid":{"rendered":"https:\/\/eheating.lt\/?post_type=product&#038;p=21018"},"modified":"2024-10-18T16:45:50","modified_gmt":"2024-10-18T13:45:50","slug":"pirstu-antspaudu-skaitytuvas-hikvision-ds-kab671f","status":"publish","type":"product","link":"https:\/\/eheating.lt\/en\/produktas\/pirstu-antspaudu-skaitytuvas-hikvision-ds-kab671f\/","title":{"rendered":"Pir\u0161t\u0173 antspaud\u0173 skaitytuvas Hikvision DS-KAB671F"},"content":{"rendered":"<table border=\"0\">\n<colgroup>\n<col \/>\n<col \/> <\/colgroup>\n<tbody>\n<tr>\n<td>Korpusas<\/td>\n<td>Plienas PC + plastikas<\/td>\n<\/tr>\n<tr>\n<td>Jungtis<\/td>\n<td>USB 2.0<\/td>\n<\/tr>\n<tr>\n<td>Maitinimas<\/td>\n<td>5 VDC\/500 mA<\/td>\n<\/tr>\n<tr>\n<td>Darbin\u0117 temperat\u016bra<\/td>\n<td>Nuo -30 \u00b0C iki 60 \u00b0C<\/td>\n<\/tr>\n<tr>\n<td>Darbin\u0117 dr\u0117gm\u0117<\/td>\n<td>Nuo 0 iki 90% (be kondensato)<\/td>\n<\/tr>\n<tr>\n<td>Svoris<\/td>\n<td>100g<\/td>\n<\/tr>\n<\/tbody>\n<\/table>\n","protected":false},"excerpt":{"rendered":"<ul>\n<li>Suderinamumas su DS-K1T671 ir DS-K1T607<\/li>\n<li>Korpusas plienas su plastiku<\/li>\n<li>Darbin\u0117 temperat\u016bra nuo -30 \u00b0C iki 60 \u00b0C<\/li>\n<li>Jungtis USB 2.0<\/li>\n<\/ul>\n","protected":false},"featured_media":30647,"comment_status":"closed","ping_status":"closed","template":"","meta":[],"product_brand":[],"product_cat":[348,328],"product_tag":[],"class_list":{"0":"post-21018","1":"product","2":"type-product","3":"status-publish","4":"has-post-thumbnail","6":"product_cat-hikvision-ieigos-kontrole","7":"product_cat-ieigos-kontroles-sistemos","9":"first","10":"onbackorder","11":"purchasable","12":"product-type-simple"},"yoast_head":"<!-- This site is optimized with the Yoast SEO Premium plugin v21.5 (Yoast SEO v27.3) - https:\/\/yoast.com\/product\/yoast-seo-premium-wordpress\/ -->\n<title>Pir\u0161t\u0173 antspaud\u0173 skaitytuvas Hikvision DS-KAB671F<\/title>\n<meta name=\"description\" content=\"Hikvision DS-KAB671F pir\u0161t\u0173 antspaud\u0173 skaitytuvas ; Suderinamumas su DS-K1T671 ir DS-K1T607 ; Darbin\u0117 temperat\u016bra nuo -30 \u00b0C iki 60 \u00b0C ; Jungtis USB 2.0\" \/>\n<meta name=\"robots\" content=\"index, follow, max-snippet:-1, max-image-preview:large, max-video-preview:-1\" \/>\n<link rel=\"canonical\" href=\"https:\/\/eheating.lt\/en\/produktas\/pirstu-antspaudu-skaitytuvas-hikvision-ds-kab671f\/\" \/>\n<meta property=\"og:locale\" content=\"en_US\" \/>\n<meta property=\"og:type\" content=\"article\" \/>\n<meta property=\"og:title\" content=\"Pir\u0161t\u0173 antspaud\u0173 skaitytuvas Hikvision DS-KAB671F\" \/>\n<meta property=\"og:description\" content=\"Hikvision DS-KAB671F pir\u0161t\u0173 antspaud\u0173 skaitytuvas ; Suderinamumas su DS-K1T671 ir DS-K1T607 ; Darbin\u0117 temperat\u016bra nuo -30 \u00b0C iki 60 \u00b0C ; Jungtis USB 2.0\" \/>\n<meta property=\"og:url\" content=\"https:\/\/eheating.lt\/en\/produktas\/pirstu-antspaudu-skaitytuvas-hikvision-ds-kab671f\/\" \/>\n<meta property=\"og:site_name\" content=\"Elektronika Namams\" \/>\n<meta property=\"article:publisher\" content=\"https:\/\/www.facebook.com\/ElektronikaNamams\" \/>\n<meta property=\"article:modified_time\" content=\"2024-10-18T13:45:50+00:00\" \/>\n<meta property=\"og:image\" content=\"https:\/\/eheating.lt\/wp-content\/uploads\/2023\/10\/Hikvision-pirstu-atspaudu-skaitytuvas-DS-KAB671F.png\" \/>\n\t<meta property=\"og:image:width\" content=\"800\" \/>\n\t<meta property=\"og:image:height\" content=\"800\" \/>\n\t<meta property=\"og:image:type\" content=\"image\/png\" \/>\n<meta name=\"twitter:card\" content=\"summary_large_image\" \/>\n<meta name=\"twitter:label1\" content=\"Price\" \/>\n\t<meta name=\"twitter:data1\" content=\"154,76&nbsp;&euro;\" \/>\n\t<meta name=\"twitter:label2\" content=\"Availability\" \/>\n\t<meta name=\"twitter:data2\" content=\"On backorder\" \/>\n<script type=\"application\/ld+json\" class=\"yoast-schema-graph\">{\"@context\":\"https:\\\/\\\/schema.org\",\"@graph\":[{\"@type\":\"WebPage\",\"@id\":\"https:\\\/\\\/eheating.lt\\\/en\\\/produktas\\\/pirstu-antspaudu-skaitytuvas-hikvision-ds-kab671f\\\/\",\"url\":\"https:\\\/\\\/eheating.lt\\\/en\\\/produktas\\\/pirstu-antspaudu-skaitytuvas-hikvision-ds-kab671f\\\/\",\"name\":\"Pir\u0161t\u0173 antspaud\u0173 skaitytuvas Hikvision DS-KAB671F\",\"isPartOf\":{\"@id\":\"https:\\\/\\\/eheating.lt\\\/#website\"},\"primaryImageOfPage\":{\"@id\":\"https:\\\/\\\/eheating.lt\\\/en\\\/produktas\\\/pirstu-antspaudu-skaitytuvas-hikvision-ds-kab671f\\\/#primaryimage\"},\"image\":{\"@id\":\"https:\\\/\\\/eheating.lt\\\/en\\\/produktas\\\/pirstu-antspaudu-skaitytuvas-hikvision-ds-kab671f\\\/#primaryimage\"},\"thumbnailUrl\":\"https:\\\/\\\/eheating.lt\\\/wp-content\\\/uploads\\\/2023\\\/10\\\/Hikvision-pirstu-atspaudu-skaitytuvas-DS-KAB671F.png\",\"datePublished\":\"2023-12-28T13:21:55+00:00\",\"dateModified\":\"2024-10-18T13:45:50+00:00\",\"description\":\"Hikvision DS-KAB671F pir\u0161t\u0173 antspaud\u0173 skaitytuvas ; Suderinamumas su DS-K1T671 ir DS-K1T607 ; Darbin\u0117 temperat\u016bra nuo -30 \u00b0C iki 60 \u00b0C ; Jungtis USB 2.0\",\"breadcrumb\":{\"@id\":\"https:\\\/\\\/eheating.lt\\\/en\\\/produktas\\\/pirstu-antspaudu-skaitytuvas-hikvision-ds-kab671f\\\/#breadcrumb\"},\"inLanguage\":\"en-US\",\"potentialAction\":[{\"@type\":\"ReadAction\",\"target\":[\"https:\\\/\\\/eheating.lt\\\/en\\\/produktas\\\/pirstu-antspaudu-skaitytuvas-hikvision-ds-kab671f\\\/\"]}]},{\"@type\":\"ImageObject\",\"inLanguage\":\"en-US\",\"@id\":\"https:\\\/\\\/eheating.lt\\\/en\\\/produktas\\\/pirstu-antspaudu-skaitytuvas-hikvision-ds-kab671f\\\/#primaryimage\",\"url\":\"https:\\\/\\\/eheating.lt\\\/wp-content\\\/uploads\\\/2023\\\/10\\\/Hikvision-pirstu-atspaudu-skaitytuvas-DS-KAB671F.png\",\"contentUrl\":\"https:\\\/\\\/eheating.lt\\\/wp-content\\\/uploads\\\/2023\\\/10\\\/Hikvision-pirstu-atspaudu-skaitytuvas-DS-KAB671F.png\",\"width\":800,\"height\":800,\"caption\":\"Hikvision DS-KAB671F\"},{\"@type\":\"BreadcrumbList\",\"@id\":\"https:\\\/\\\/eheating.lt\\\/en\\\/produktas\\\/pirstu-antspaudu-skaitytuvas-hikvision-ds-kab671f\\\/#breadcrumb\",\"itemListElement\":[{\"@type\":\"ListItem\",\"position\":1,\"name\":\"Prad\u017eia\",\"item\":\"https:\\\/\\\/eheating.lt\\\/en\\\/\"},{\"@type\":\"ListItem\",\"position\":2,\"name\":\"Shop\",\"item\":\"https:\\\/\\\/eheating.lt\\\/en\\\/?page_id=5734\"},{\"@type\":\"ListItem\",\"position\":3,\"name\":\"Pir\u0161t\u0173 antspaud\u0173 skaitytuvas Hikvision DS-KAB671F\"}]},{\"@type\":\"WebSite\",\"@id\":\"https:\\\/\\\/eheating.lt\\\/#website\",\"url\":\"https:\\\/\\\/eheating.lt\\\/\",\"name\":\"eHeating\",\"description\":\"Elektronika ir \u0161ildymas\",\"potentialAction\":[{\"@type\":\"SearchAction\",\"target\":{\"@type\":\"EntryPoint\",\"urlTemplate\":\"https:\\\/\\\/eheating.lt\\\/?s={search_term_string}\"},\"query-input\":{\"@type\":\"PropertyValueSpecification\",\"valueRequired\":true,\"valueName\":\"search_term_string\"}}],\"inLanguage\":\"en-US\"}]}<\/script>\n<meta property=\"product:price:amount\" content=\"154.76\" \/>\n<meta property=\"product:price:currency\" content=\"EUR\" \/>\n<meta property=\"og:availability\" content=\"backorder\" \/>\n<meta property=\"product:availability\" content=\"available for order\" \/>\n<meta property=\"product:retailer_item_id\" content=\"c46f8036d6b9\" \/>\n<meta property=\"product:condition\" content=\"new\" \/>\n<!-- \/ Yoast SEO Premium plugin. -->","yoast_head_json":{"title":"Pir\u0161t\u0173 antspaud\u0173 skaitytuvas Hikvision DS-KAB671F","description":"Hikvision DS-KAB671F pir\u0161t\u0173 antspaud\u0173 skaitytuvas ; Suderinamumas su DS-K1T671 ir DS-K1T607 ; Darbin\u0117 temperat\u016bra nuo -30 \u00b0C iki 60 \u00b0C ; Jungtis USB 2.0","robots":{"index":"index","follow":"follow","max-snippet":"max-snippet:-1","max-image-preview":"max-image-preview:large","max-video-preview":"max-video-preview:-1"},"canonical":"https:\/\/eheating.lt\/en\/produktas\/pirstu-antspaudu-skaitytuvas-hikvision-ds-kab671f\/","og_locale":"en_US","og_type":"article","og_title":"Pir\u0161t\u0173 antspaud\u0173 skaitytuvas Hikvision DS-KAB671F","og_description":"Hikvision DS-KAB671F pir\u0161t\u0173 antspaud\u0173 skaitytuvas ; Suderinamumas su DS-K1T671 ir DS-K1T607 ; Darbin\u0117 temperat\u016bra nuo -30 \u00b0C iki 60 \u00b0C ; Jungtis USB 2.0","og_url":"https:\/\/eheating.lt\/en\/produktas\/pirstu-antspaudu-skaitytuvas-hikvision-ds-kab671f\/","og_site_name":"Elektronika Namams","article_publisher":"https:\/\/www.facebook.com\/ElektronikaNamams","article_modified_time":"2024-10-18T13:45:50+00:00","og_image":[{"width":800,"height":800,"url":"https:\/\/eheating.lt\/wp-content\/uploads\/2023\/10\/Hikvision-pirstu-atspaudu-skaitytuvas-DS-KAB671F.png","type":"image\/png"}],"twitter_card":"summary_large_image","twitter_misc":{"Price":"154,76&nbsp;&euro;","Availability":"On backorder"},"schema":{"@context":"https:\/\/schema.org","@graph":[{"@type":"WebPage","@id":"https:\/\/eheating.lt\/en\/produktas\/pirstu-antspaudu-skaitytuvas-hikvision-ds-kab671f\/","url":"https:\/\/eheating.lt\/en\/produktas\/pirstu-antspaudu-skaitytuvas-hikvision-ds-kab671f\/","name":"Pir\u0161t\u0173 antspaud\u0173 skaitytuvas Hikvision DS-KAB671F","isPartOf":{"@id":"https:\/\/eheating.lt\/#website"},"primaryImageOfPage":{"@id":"https:\/\/eheating.lt\/en\/produktas\/pirstu-antspaudu-skaitytuvas-hikvision-ds-kab671f\/#primaryimage"},"image":{"@id":"https:\/\/eheating.lt\/en\/produktas\/pirstu-antspaudu-skaitytuvas-hikvision-ds-kab671f\/#primaryimage"},"thumbnailUrl":"https:\/\/eheating.lt\/wp-content\/uploads\/2023\/10\/Hikvision-pirstu-atspaudu-skaitytuvas-DS-KAB671F.png","datePublished":"2023-12-28T13:21:55+00:00","dateModified":"2024-10-18T13:45:50+00:00","description":"Hikvision DS-KAB671F pir\u0161t\u0173 antspaud\u0173 skaitytuvas ; Suderinamumas su DS-K1T671 ir DS-K1T607 ; Darbin\u0117 temperat\u016bra nuo -30 \u00b0C iki 60 \u00b0C ; Jungtis USB 2.0","breadcrumb":{"@id":"https:\/\/eheating.lt\/en\/produktas\/pirstu-antspaudu-skaitytuvas-hikvision-ds-kab671f\/#breadcrumb"},"inLanguage":"en-US","potentialAction":[{"@type":"ReadAction","target":["https:\/\/eheating.lt\/en\/produktas\/pirstu-antspaudu-skaitytuvas-hikvision-ds-kab671f\/"]}]},{"@type":"ImageObject","inLanguage":"en-US","@id":"https:\/\/eheating.lt\/en\/produktas\/pirstu-antspaudu-skaitytuvas-hikvision-ds-kab671f\/#primaryimage","url":"https:\/\/eheating.lt\/wp-content\/uploads\/2023\/10\/Hikvision-pirstu-atspaudu-skaitytuvas-DS-KAB671F.png","contentUrl":"https:\/\/eheating.lt\/wp-content\/uploads\/2023\/10\/Hikvision-pirstu-atspaudu-skaitytuvas-DS-KAB671F.png","width":800,"height":800,"caption":"Hikvision DS-KAB671F"},{"@type":"BreadcrumbList","@id":"https:\/\/eheating.lt\/en\/produktas\/pirstu-antspaudu-skaitytuvas-hikvision-ds-kab671f\/#breadcrumb","itemListElement":[{"@type":"ListItem","position":1,"name":"Prad\u017eia","item":"https:\/\/eheating.lt\/en\/"},{"@type":"ListItem","position":2,"name":"Shop","item":"https:\/\/eheating.lt\/en\/?page_id=5734"},{"@type":"ListItem","position":3,"name":"Pir\u0161t\u0173 antspaud\u0173 skaitytuvas Hikvision DS-KAB671F"}]},{"@type":"WebSite","@id":"https:\/\/eheating.lt\/#website","url":"https:\/\/eheating.lt\/","name":"eHeating","description":"Elektronika ir \u0161ildymas","potentialAction":[{"@type":"SearchAction","target":{"@type":"EntryPoint","urlTemplate":"https:\/\/eheating.lt\/?s={search_term_string}"},"query-input":{"@type":"PropertyValueSpecification","valueRequired":true,"valueName":"search_term_string"}}],"inLanguage":"en-US"}]},"product_price_amount":"154.76","product_price_currency":"EUR","og_availability":"backorder","product_availability":"available for order","product_retailer_item_id":"c46f8036d6b9","product_condition":"new"},"_links":{"self":[{"href":"https:\/\/eheating.lt\/en\/wp-json\/wp\/v2\/product\/21018","targetHints":{"allow":["GET"]}}],"collection":[{"href":"https:\/\/eheating.lt\/en\/wp-json\/wp\/v2\/product"}],"about":[{"href":"https:\/\/eheating.lt\/en\/wp-json\/wp\/v2\/types\/product"}],"replies":[{"embeddable":true,"href":"https:\/\/eheating.lt\/en\/wp-json\/wp\/v2\/comments?post=21018"}],"version-history":[{"count":0,"href":"https:\/\/eheating.lt\/en\/wp-json\/wp\/v2\/product\/21018\/revisions"}],"wp:featuredmedia":[{"embeddable":true,"href":"https:\/\/eheating.lt\/en\/wp-json\/wp\/v2\/media\/30647"}],"wp:attachment":[{"href":"https:\/\/eheating.lt\/en\/wp-json\/wp\/v2\/media?parent=21018"}],"wp:term":[{"taxonomy":"product_brand","embeddable":true,"href":"https:\/\/eheating.lt\/en\/wp-json\/wp\/v2\/product_brand?post=21018"},{"taxonomy":"product_cat","embeddable":true,"href":"https:\/\/eheating.lt\/en\/wp-json\/wp\/v2\/product_cat?post=21018"},{"taxonomy":"product_tag","embeddable":true,"href":"https:\/\/eheating.lt\/en\/wp-json\/wp\/v2\/product_tag?post=21018"}],"curies":[{"name":"wp","href":"https:\/\/api.w.org\/{rel}","templated":true}]}}