{"id":21006,"date":"2023-12-18T22:18:51","date_gmt":"2023-12-18T20:18:51","guid":{"rendered":"https:\/\/eheating.lt\/?post_type=product&#038;p=21006"},"modified":"2024-10-18T16:45:39","modified_gmt":"2024-10-18T13:45:39","slug":"hikvision-ds-kh6320-wte1-baltas","status":"publish","type":"product","link":"https:\/\/eheating.lt\/en\/produktas\/hikvision-ds-kh6320-wte1-baltas\/","title":{"rendered":"Hikvision DS-KH6320-WTE1 (baltas)"},"content":{"rendered":"<div class=\"tab-prgs\" style=\"display: block;\">\n<div class=\"parameter\">\n<div class=\"doc\">\n<div class=\"parameter-table\">\n<table>\n<tbody>\n<tr>\n<td class=\"td1\">Operacin\u0117 sistema:<\/td>\n<td class=\"td2\"><\/td>\n<td>Embedded Linux Operation System<\/td>\n<\/tr>\n<tr>\n<td class=\"td1\">Laikinoji atmintis:<\/td>\n<td class=\"td2\"><\/td>\n<td>32MB<\/td>\n<\/tr>\n<tr>\n<td class=\"td1\">Atmintis:<\/td>\n<td class=\"td2\"><\/td>\n<td>128MB<\/td>\n<\/tr>\n<tr>\n<td class=\"td1\">Ekranas:<\/td>\n<td class=\"td2\"><\/td>\n<td>7-Inch Colorful TFT LCD<\/td>\n<\/tr>\n<tr>\n<td class=\"td1\">Rezoliucija:<\/td>\n<td class=\"td2\"><\/td>\n<td>1024 \u00d7 600<\/td>\n<\/tr>\n<tr>\n<td class=\"td1\">Veikimo principas:<\/td>\n<td class=\"td2\"><\/td>\n<td>Capacitive touch screen<\/td>\n<\/tr>\n<tr>\n<td class=\"td1\">Audio \u012f\u0117jimas:<\/td>\n<td class=\"td2\"><\/td>\n<td>Built-in Omnidirectional Microphone<\/td>\n<\/tr>\n<tr>\n<td class=\"td1\">Audio \u012f\u0161\u0117jimas:<\/td>\n<td class=\"td2\"><\/td>\n<td>Built-in Loudspeaker<\/td>\n<\/tr>\n<tr>\n<td class=\"td1\">Audio kompresijos standartas:<\/td>\n<td class=\"td2\"><\/td>\n<td>G.711 U<\/td>\n<\/tr>\n<tr>\n<td class=\"td1\">Audio kompresijos greitis:<\/td>\n<td class=\"td2\"><\/td>\n<td>64 Kbps<\/td>\n<\/tr>\n<tr>\n<td class=\"td1\">Audio kokyb\u0117:<\/td>\n<td class=\"td2\"><\/td>\n<td>Noise Suppression and Echo Cancellation<\/td>\n<\/tr>\n<tr>\n<td class=\"td1\">Bevielis tinklas:<\/td>\n<td class=\"td2\"><\/td>\n<td>10\/100 Mbps self-adaptive network<\/td>\n<\/tr>\n<tr>\n<td class=\"td1\">Bevielis tinklas:<\/td>\n<td class=\"td2\"><\/td>\n<td>Wi-Fi 802.11b\/g\/n<\/td>\n<\/tr>\n<tr>\n<td class=\"td1\">Tinklo protokolas:<\/td>\n<td class=\"td2\"><\/td>\n<td>TCP\/IP, SIP, RTSP<\/td>\n<\/tr>\n<tr>\n<td class=\"td1\">Tinklo s\u0105saja:<\/td>\n<td class=\"td2\"><\/td>\n<td>1 RJ-45 10\/100 Mbps self-adaptive<\/td>\n<\/tr>\n<tr>\n<td class=\"td1\">Reliniai i\u0161\u0117jimai:<\/td>\n<td class=\"td2\"><\/td>\n<td>2<\/td>\n<\/tr>\n<tr>\n<td class=\"td1\">Aliarminiai \u012f\u0117jimai:<\/td>\n<td class=\"td2\"><\/td>\n<td>8-ch alarm inputs<\/td>\n<\/tr>\n<tr>\n<td class=\"td1\">RS-485:<\/td>\n<td class=\"td2\"><\/td>\n<td>1<\/td>\n<\/tr>\n<tr>\n<td class=\"td1\">TF kortel\u0117 (micro SD kortel\u0117):<\/td>\n<td class=\"td2\"><\/td>\n<td>Max to 32 G, SD 2.0 or lower version<\/td>\n<\/tr>\n<tr>\n<td class=\"td1\">Maitinimas:<\/td>\n<td class=\"td2\"><\/td>\n<td>IEEE802.3af standard PoE, 12 VDC\/1A<\/td>\n<\/tr>\n<tr>\n<td class=\"td1\">Suvartojimas:<\/td>\n<td class=\"td2\"><\/td>\n<td>\u22646W<\/td>\n<\/tr>\n<tr>\n<td class=\"td1\">Dr\u0117gnumas:<\/td>\n<td class=\"td2\"><\/td>\n<td>10% to 90%<\/td>\n<\/tr>\n<tr>\n<td class=\"td1\">Darbo temperat\u016bra:<\/td>\n<td class=\"td2\"><\/td>\n<td>-10\u00b0 C to + 55\u00b0 C (14\u00b0 F to 131\u00b0 F)<\/td>\n<\/tr>\n<tr>\n<td class=\"td1\">I\u0161matavimai:<\/td>\n<td class=\"td2\"><\/td>\n<td>200 mm \u00d7 140 mm \u00d7 15.1 mm (7.9&#8243; \u00d75.5&#8243; \u00d7 0.6&#8243;)<\/td>\n<\/tr>\n<\/tbody>\n<\/table>\n<\/div>\n<\/div>\n<\/div>\n<\/div>\n","protected":false},"excerpt":{"rendered":"<ul>\n<li>UI V2.0: paprasta vartotojo s\u0105saja<\/li>\n<li>7 coli\u0173 lietimui jautrus spalvotas, skiriamoji geba 1024 \u00d7 600 ta\u0161k\u0173<\/li>\n<li>PoE<\/li>\n<li>Prane\u0161imus ir nuotraukas saugo TF kortel\u0117je<\/li>\n<li>Rodo tiesiogin\u012f telefonspyni\u0173 ar prijungt\u0173 kamer\u0173 vaizd\u0105<\/li>\n<li>Bevielis ry\u0161ys<\/li>\n<li>Baltos spalvos r\u0117melis<\/li>\n<\/ul>\n","protected":false},"featured_media":29658,"comment_status":"closed","ping_status":"closed","template":"","meta":[],"product_brand":[],"product_cat":[867,870,865],"product_tag":[975],"class_list":{"0":"post-21006","1":"product","2":"type-product","3":"status-publish","4":"has-post-thumbnail","6":"product_cat-ip-video-intercoms","7":"product_cat-intercom-monitors","8":"product_cat-video-intercoms","9":"product_tag-ean-en","11":"first","12":"onbackorder","13":"purchasable","14":"product-type-simple"},"yoast_head":"<!-- This site is optimized with the Yoast SEO Premium plugin v21.5 (Yoast SEO v27.3) - https:\/\/yoast.com\/product\/yoast-seo-premium-wordpress\/ -->\n<title>Hikvision DS-KH6320-WTE1 (baltas)<\/title>\n<meta name=\"description\" content=\"Hikvision DS-KH6320-WTE1 (baltas) IP telefonspyn\u0117s monitorius ; 7 coli\u0173 lietimui jautrus spalvotas, skiriamoji geba 1024 \u00d7 600 ta\u0161k\u0173 ; PoE ; Wi-Fi\" \/>\n<meta name=\"robots\" content=\"index, follow, max-snippet:-1, max-image-preview:large, max-video-preview:-1\" \/>\n<link rel=\"canonical\" href=\"https:\/\/eheating.lt\/en\/produktas\/hikvision-ds-kh6320-wte1-baltas\/\" \/>\n<meta property=\"og:locale\" content=\"en_US\" \/>\n<meta property=\"og:type\" content=\"article\" \/>\n<meta property=\"og:title\" content=\"Hikvision DS-KH6320-WTE1 (baltas)\" \/>\n<meta property=\"og:description\" content=\"Hikvision DS-KH6320-WTE1 (baltas) IP telefonspyn\u0117s monitorius ; 7 coli\u0173 lietimui jautrus spalvotas, skiriamoji geba 1024 \u00d7 600 ta\u0161k\u0173 ; PoE ; Wi-Fi\" \/>\n<meta property=\"og:url\" content=\"https:\/\/eheating.lt\/en\/produktas\/hikvision-ds-kh6320-wte1-baltas\/\" \/>\n<meta property=\"og:site_name\" content=\"Elektronika Namams\" \/>\n<meta property=\"article:publisher\" content=\"https:\/\/www.facebook.com\/ElektronikaNamams\" \/>\n<meta property=\"article:modified_time\" content=\"2024-10-18T13:45:39+00:00\" \/>\n<meta property=\"og:image\" content=\"https:\/\/eheating.lt\/wp-content\/uploads\/2023\/10\/Hikvision-DS-KH6320-WTE1-baltas.png\" \/>\n\t<meta property=\"og:image:width\" content=\"800\" \/>\n\t<meta property=\"og:image:height\" content=\"800\" \/>\n\t<meta property=\"og:image:type\" content=\"image\/png\" \/>\n<meta name=\"twitter:card\" content=\"summary_large_image\" \/>\n<meta name=\"twitter:label1\" content=\"Price\" \/>\n\t<meta name=\"twitter:data1\" content=\"227,92&nbsp;&euro;\" \/>\n\t<meta name=\"twitter:label2\" content=\"Availability\" \/>\n\t<meta name=\"twitter:data2\" content=\"On backorder\" \/>\n<script type=\"application\/ld+json\" class=\"yoast-schema-graph\">{\"@context\":\"https:\\\/\\\/schema.org\",\"@graph\":[{\"@type\":\"WebPage\",\"@id\":\"https:\\\/\\\/eheating.lt\\\/en\\\/produktas\\\/hikvision-ds-kh6320-wte1-baltas\\\/\",\"url\":\"https:\\\/\\\/eheating.lt\\\/en\\\/produktas\\\/hikvision-ds-kh6320-wte1-baltas\\\/\",\"name\":\"Hikvision DS-KH6320-WTE1 (baltas)\",\"isPartOf\":{\"@id\":\"https:\\\/\\\/eheating.lt\\\/#website\"},\"primaryImageOfPage\":{\"@id\":\"https:\\\/\\\/eheating.lt\\\/en\\\/produktas\\\/hikvision-ds-kh6320-wte1-baltas\\\/#primaryimage\"},\"image\":{\"@id\":\"https:\\\/\\\/eheating.lt\\\/en\\\/produktas\\\/hikvision-ds-kh6320-wte1-baltas\\\/#primaryimage\"},\"thumbnailUrl\":\"https:\\\/\\\/eheating.lt\\\/wp-content\\\/uploads\\\/2023\\\/10\\\/Hikvision-DS-KH6320-WTE1-baltas.png\",\"datePublished\":\"2023-12-18T20:18:51+00:00\",\"dateModified\":\"2024-10-18T13:45:39+00:00\",\"description\":\"Hikvision DS-KH6320-WTE1 (baltas) IP telefonspyn\u0117s monitorius ; 7 coli\u0173 lietimui jautrus spalvotas, skiriamoji geba 1024 \u00d7 600 ta\u0161k\u0173 ; PoE ; Wi-Fi\",\"breadcrumb\":{\"@id\":\"https:\\\/\\\/eheating.lt\\\/en\\\/produktas\\\/hikvision-ds-kh6320-wte1-baltas\\\/#breadcrumb\"},\"inLanguage\":\"en-US\",\"potentialAction\":[{\"@type\":\"ReadAction\",\"target\":[\"https:\\\/\\\/eheating.lt\\\/en\\\/produktas\\\/hikvision-ds-kh6320-wte1-baltas\\\/\"]}]},{\"@type\":\"ImageObject\",\"inLanguage\":\"en-US\",\"@id\":\"https:\\\/\\\/eheating.lt\\\/en\\\/produktas\\\/hikvision-ds-kh6320-wte1-baltas\\\/#primaryimage\",\"url\":\"https:\\\/\\\/eheating.lt\\\/wp-content\\\/uploads\\\/2023\\\/10\\\/Hikvision-DS-KH6320-WTE1-baltas.png\",\"contentUrl\":\"https:\\\/\\\/eheating.lt\\\/wp-content\\\/uploads\\\/2023\\\/10\\\/Hikvision-DS-KH6320-WTE1-baltas.png\",\"width\":800,\"height\":800,\"caption\":\"Hikvision DS-KH6320-WTE1 (baltas)\"},{\"@type\":\"BreadcrumbList\",\"@id\":\"https:\\\/\\\/eheating.lt\\\/en\\\/produktas\\\/hikvision-ds-kh6320-wte1-baltas\\\/#breadcrumb\",\"itemListElement\":[{\"@type\":\"ListItem\",\"position\":1,\"name\":\"Prad\u017eia\",\"item\":\"https:\\\/\\\/eheating.lt\\\/en\\\/\"},{\"@type\":\"ListItem\",\"position\":2,\"name\":\"Shop\",\"item\":\"https:\\\/\\\/eheating.lt\\\/en\\\/?page_id=5734\"},{\"@type\":\"ListItem\",\"position\":3,\"name\":\"Hikvision DS-KH6320-WTE1 (baltas)\"}]},{\"@type\":\"WebSite\",\"@id\":\"https:\\\/\\\/eheating.lt\\\/#website\",\"url\":\"https:\\\/\\\/eheating.lt\\\/\",\"name\":\"eHeating\",\"description\":\"Elektronika ir \u0161ildymas\",\"potentialAction\":[{\"@type\":\"SearchAction\",\"target\":{\"@type\":\"EntryPoint\",\"urlTemplate\":\"https:\\\/\\\/eheating.lt\\\/?s={search_term_string}\"},\"query-input\":{\"@type\":\"PropertyValueSpecification\",\"valueRequired\":true,\"valueName\":\"search_term_string\"}}],\"inLanguage\":\"en-US\"}]}<\/script>\n<meta property=\"product:price:amount\" content=\"227.92\" \/>\n<meta property=\"product:price:currency\" content=\"EUR\" \/>\n<meta property=\"og:availability\" content=\"backorder\" \/>\n<meta property=\"product:availability\" content=\"available for order\" \/>\n<meta property=\"product:retailer_item_id\" content=\"572e9e95fbe3\" \/>\n<meta property=\"product:condition\" content=\"new\" \/>\n<!-- \/ Yoast SEO Premium plugin. -->","yoast_head_json":{"title":"Hikvision DS-KH6320-WTE1 (baltas)","description":"Hikvision DS-KH6320-WTE1 (baltas) IP telefonspyn\u0117s monitorius ; 7 coli\u0173 lietimui jautrus spalvotas, skiriamoji geba 1024 \u00d7 600 ta\u0161k\u0173 ; PoE ; Wi-Fi","robots":{"index":"index","follow":"follow","max-snippet":"max-snippet:-1","max-image-preview":"max-image-preview:large","max-video-preview":"max-video-preview:-1"},"canonical":"https:\/\/eheating.lt\/en\/produktas\/hikvision-ds-kh6320-wte1-baltas\/","og_locale":"en_US","og_type":"article","og_title":"Hikvision DS-KH6320-WTE1 (baltas)","og_description":"Hikvision DS-KH6320-WTE1 (baltas) IP telefonspyn\u0117s monitorius ; 7 coli\u0173 lietimui jautrus spalvotas, skiriamoji geba 1024 \u00d7 600 ta\u0161k\u0173 ; PoE ; Wi-Fi","og_url":"https:\/\/eheating.lt\/en\/produktas\/hikvision-ds-kh6320-wte1-baltas\/","og_site_name":"Elektronika Namams","article_publisher":"https:\/\/www.facebook.com\/ElektronikaNamams","article_modified_time":"2024-10-18T13:45:39+00:00","og_image":[{"width":800,"height":800,"url":"https:\/\/eheating.lt\/wp-content\/uploads\/2023\/10\/Hikvision-DS-KH6320-WTE1-baltas.png","type":"image\/png"}],"twitter_card":"summary_large_image","twitter_misc":{"Price":"227,92&nbsp;&euro;","Availability":"On backorder"},"schema":{"@context":"https:\/\/schema.org","@graph":[{"@type":"WebPage","@id":"https:\/\/eheating.lt\/en\/produktas\/hikvision-ds-kh6320-wte1-baltas\/","url":"https:\/\/eheating.lt\/en\/produktas\/hikvision-ds-kh6320-wte1-baltas\/","name":"Hikvision DS-KH6320-WTE1 (baltas)","isPartOf":{"@id":"https:\/\/eheating.lt\/#website"},"primaryImageOfPage":{"@id":"https:\/\/eheating.lt\/en\/produktas\/hikvision-ds-kh6320-wte1-baltas\/#primaryimage"},"image":{"@id":"https:\/\/eheating.lt\/en\/produktas\/hikvision-ds-kh6320-wte1-baltas\/#primaryimage"},"thumbnailUrl":"https:\/\/eheating.lt\/wp-content\/uploads\/2023\/10\/Hikvision-DS-KH6320-WTE1-baltas.png","datePublished":"2023-12-18T20:18:51+00:00","dateModified":"2024-10-18T13:45:39+00:00","description":"Hikvision DS-KH6320-WTE1 (baltas) IP telefonspyn\u0117s monitorius ; 7 coli\u0173 lietimui jautrus spalvotas, skiriamoji geba 1024 \u00d7 600 ta\u0161k\u0173 ; PoE ; Wi-Fi","breadcrumb":{"@id":"https:\/\/eheating.lt\/en\/produktas\/hikvision-ds-kh6320-wte1-baltas\/#breadcrumb"},"inLanguage":"en-US","potentialAction":[{"@type":"ReadAction","target":["https:\/\/eheating.lt\/en\/produktas\/hikvision-ds-kh6320-wte1-baltas\/"]}]},{"@type":"ImageObject","inLanguage":"en-US","@id":"https:\/\/eheating.lt\/en\/produktas\/hikvision-ds-kh6320-wte1-baltas\/#primaryimage","url":"https:\/\/eheating.lt\/wp-content\/uploads\/2023\/10\/Hikvision-DS-KH6320-WTE1-baltas.png","contentUrl":"https:\/\/eheating.lt\/wp-content\/uploads\/2023\/10\/Hikvision-DS-KH6320-WTE1-baltas.png","width":800,"height":800,"caption":"Hikvision DS-KH6320-WTE1 (baltas)"},{"@type":"BreadcrumbList","@id":"https:\/\/eheating.lt\/en\/produktas\/hikvision-ds-kh6320-wte1-baltas\/#breadcrumb","itemListElement":[{"@type":"ListItem","position":1,"name":"Prad\u017eia","item":"https:\/\/eheating.lt\/en\/"},{"@type":"ListItem","position":2,"name":"Shop","item":"https:\/\/eheating.lt\/en\/?page_id=5734"},{"@type":"ListItem","position":3,"name":"Hikvision DS-KH6320-WTE1 (baltas)"}]},{"@type":"WebSite","@id":"https:\/\/eheating.lt\/#website","url":"https:\/\/eheating.lt\/","name":"eHeating","description":"Elektronika ir \u0161ildymas","potentialAction":[{"@type":"SearchAction","target":{"@type":"EntryPoint","urlTemplate":"https:\/\/eheating.lt\/?s={search_term_string}"},"query-input":{"@type":"PropertyValueSpecification","valueRequired":true,"valueName":"search_term_string"}}],"inLanguage":"en-US"}]},"product_price_amount":"227.92","product_price_currency":"EUR","og_availability":"backorder","product_availability":"available for order","product_retailer_item_id":"572e9e95fbe3","product_condition":"new"},"_links":{"self":[{"href":"https:\/\/eheating.lt\/en\/wp-json\/wp\/v2\/product\/21006","targetHints":{"allow":["GET"]}}],"collection":[{"href":"https:\/\/eheating.lt\/en\/wp-json\/wp\/v2\/product"}],"about":[{"href":"https:\/\/eheating.lt\/en\/wp-json\/wp\/v2\/types\/product"}],"replies":[{"embeddable":true,"href":"https:\/\/eheating.lt\/en\/wp-json\/wp\/v2\/comments?post=21006"}],"version-history":[{"count":0,"href":"https:\/\/eheating.lt\/en\/wp-json\/wp\/v2\/product\/21006\/revisions"}],"wp:featuredmedia":[{"embeddable":true,"href":"https:\/\/eheating.lt\/en\/wp-json\/wp\/v2\/media\/29658"}],"wp:attachment":[{"href":"https:\/\/eheating.lt\/en\/wp-json\/wp\/v2\/media?parent=21006"}],"wp:term":[{"taxonomy":"product_brand","embeddable":true,"href":"https:\/\/eheating.lt\/en\/wp-json\/wp\/v2\/product_brand?post=21006"},{"taxonomy":"product_cat","embeddable":true,"href":"https:\/\/eheating.lt\/en\/wp-json\/wp\/v2\/product_cat?post=21006"},{"taxonomy":"product_tag","embeddable":true,"href":"https:\/\/eheating.lt\/en\/wp-json\/wp\/v2\/product_tag?post=21006"}],"curies":[{"name":"wp","href":"https:\/\/api.w.org\/{rel}","templated":true}]}}