{"id":20976,"date":"2023-12-28T15:22:00","date_gmt":"2023-12-28T13:22:00","guid":{"rendered":"https:\/\/eheating.lt\/?post_type=product&#038;p=20976"},"modified":"2024-10-18T16:45:07","modified_gmt":"2024-10-18T13:45:07","slug":"hikvision-ieigos-kontroleris-ds-k2601t","status":"publish","type":"product","link":"https:\/\/eheating.lt\/en\/produktas\/hikvision-ieigos-kontroleris-ds-k2601t\/","title":{"rendered":"Hikvision \u012feigos kontroleris DS-K2601T"},"content":{"rendered":"<table>\n<tbody>\n<tr>\n<td><strong>Veikimo \u012ftampa<\/strong><\/td>\n<td>DC 12V\/1A<\/td>\n<\/tr>\n<tr>\n<td><strong>Srov\u0117<\/strong><\/td>\n<td>\u226450W<\/td>\n<\/tr>\n<tr>\n<td><strong>Procesorius<\/strong><\/td>\n<td>32-bit<\/td>\n<\/tr>\n<tr>\n<td><strong>Paj\u0117gumas<\/strong><\/td>\n<td>16M<\/td>\n<\/tr>\n<tr>\n<td><strong>Uplink ry\u0161io s\u0105saja<\/strong><\/td>\n<td>TCP\/IP Network Interface and RS-485 Interface<\/td>\n<\/tr>\n<tr>\n<td><strong>Downlink ry\u0161io s\u0105saja\u00a0<\/strong><\/td>\n<td>RS-485 and Wiegand<\/p>\n<p>(w26\/w34)<\/td>\n<\/tr>\n<tr>\n<td><strong>Atmintis<\/strong><\/td>\n<td>cards information:<\/p>\n<p>100,000(200,000 expandable)<\/p>\n<p>access control events: 300,000 (600,000 expandable)<\/td>\n<\/tr>\n<tr>\n<td><strong>LED Indikacija<\/strong><\/td>\n<td>Power Supply Status, Communication Status, Working Status<\/td>\n<\/tr>\n<tr>\n<td><strong>\u012emontuota laikrodis<\/strong><\/td>\n<td>Yes<\/td>\n<\/tr>\n<tr>\n<td><strong>\u012eeigos korteli\u0173 skaitymas\u00a0<\/strong><\/td>\n<td>2 Card Readers (RS485 Interface) and<\/p>\n<p>2 Card Readers (Wiegand Interface) Connectable<\/td>\n<\/tr>\n<tr>\n<td><strong>\u012evesties s\u0105saja<\/strong><\/td>\n<td>Alarm Input\u00d74,<\/p>\n<p>Door Magnetic\u00d71,<\/p>\n<p>Door Switch\u00d71,<\/p>\n<p>Case Input\u00d72, Tamper-proof\u00d71<\/td>\n<\/tr>\n<tr>\n<td><strong>I\u0161vesties s\u0105saja<\/strong><\/td>\n<td>Door Switch Relay\u00d71, Alarm Relay\u00d71<\/td>\n<\/tr>\n<tr>\n<td><strong>Darbo temperat\u016bra<\/strong><\/td>\n<td>-20\u00b0C to +65\u00b0C<\/p>\n<p>(-4\u00b0F to +149\u00b0F)<\/td>\n<\/tr>\n<\/tbody>\n<\/table>\n","protected":false},"excerpt":{"rendered":"<ul>\n<li>1 dur\u0173 \u012fwigos kontroleris<\/li>\n<li>\u012eeigos kontroleris DS-K2600, veikia su TCP\/IP ir RS485 ry\u0161io s\u0105sajomis<\/li>\n<li>2 X Wiegand<\/li>\n<li>Ry\u0161io duomenys \u0161ifruojami<\/li>\n<li>ISAPI<\/li>\n<li>OSDP<\/li>\n<\/ul>\n","protected":false},"featured_media":30657,"comment_status":"closed","ping_status":"closed","template":"","meta":[],"product_brand":[],"product_cat":[772,771],"product_tag":[975],"class_list":{"0":"post-20976","1":"product","2":"type-product","3":"status-publish","4":"has-post-thumbnail","6":"product_cat-hikvision-access-control","7":"product_cat-access-control-systems","8":"product_tag-ean-en","10":"first","11":"instock","12":"purchasable","13":"product-type-simple"},"yoast_head":"<!-- This site is optimized with the Yoast SEO Premium plugin v21.5 (Yoast SEO v27.3) - https:\/\/yoast.com\/product\/yoast-seo-premium-wordpress\/ -->\n<title>Hikvision \u012feigos kontroleris DS-K2601T<\/title>\n<meta name=\"description\" content=\"Hikvision DS-K2601T kontroleris ; \u012eeigos kontroleris DS-K2600, veikia su TCP\/IP ir RS485 ry\u0161io s\u0105sajomis ; 1 dur\u0173 \u012fwigos kontroleris ; 2 X Wiegand\" \/>\n<meta name=\"robots\" content=\"index, follow, max-snippet:-1, max-image-preview:large, max-video-preview:-1\" \/>\n<link rel=\"canonical\" href=\"https:\/\/eheating.lt\/en\/produktas\/hikvision-ieigos-kontroleris-ds-k2601t\/\" \/>\n<meta property=\"og:locale\" content=\"en_US\" \/>\n<meta property=\"og:type\" content=\"article\" \/>\n<meta property=\"og:title\" content=\"Hikvision \u012feigos kontroleris DS-K2601T\" \/>\n<meta property=\"og:description\" content=\"Hikvision DS-K2601T kontroleris ; \u012eeigos kontroleris DS-K2600, veikia su TCP\/IP ir RS485 ry\u0161io s\u0105sajomis ; 1 dur\u0173 \u012fwigos kontroleris ; 2 X Wiegand\" \/>\n<meta property=\"og:url\" content=\"https:\/\/eheating.lt\/en\/produktas\/hikvision-ieigos-kontroleris-ds-k2601t\/\" \/>\n<meta property=\"og:site_name\" content=\"Elektronika Namams\" \/>\n<meta property=\"article:publisher\" content=\"https:\/\/www.facebook.com\/ElektronikaNamams\" \/>\n<meta property=\"article:modified_time\" content=\"2024-10-18T13:45:07+00:00\" \/>\n<meta property=\"og:image\" content=\"https:\/\/eheating.lt\/wp-content\/uploads\/2023\/10\/Hikvision-ieigos-kontroleris-DS-K2601T.png\" \/>\n\t<meta property=\"og:image:width\" content=\"800\" \/>\n\t<meta property=\"og:image:height\" content=\"800\" \/>\n\t<meta property=\"og:image:type\" content=\"image\/png\" \/>\n<meta name=\"twitter:card\" content=\"summary_large_image\" \/>\n<meta name=\"twitter:label1\" content=\"Price\" \/>\n\t<meta name=\"twitter:data1\" content=\"385,78&nbsp;&euro;\" \/>\n\t<meta name=\"twitter:label2\" content=\"Availability\" \/>\n\t<meta name=\"twitter:data2\" content=\"In stock\" \/>\n<script type=\"application\/ld+json\" class=\"yoast-schema-graph\">{\"@context\":\"https:\\\/\\\/schema.org\",\"@graph\":[{\"@type\":\"WebPage\",\"@id\":\"https:\\\/\\\/eheating.lt\\\/en\\\/produktas\\\/hikvision-ieigos-kontroleris-ds-k2601t\\\/\",\"url\":\"https:\\\/\\\/eheating.lt\\\/en\\\/produktas\\\/hikvision-ieigos-kontroleris-ds-k2601t\\\/\",\"name\":\"Hikvision \u012feigos kontroleris DS-K2601T\",\"isPartOf\":{\"@id\":\"https:\\\/\\\/eheating.lt\\\/#website\"},\"primaryImageOfPage\":{\"@id\":\"https:\\\/\\\/eheating.lt\\\/en\\\/produktas\\\/hikvision-ieigos-kontroleris-ds-k2601t\\\/#primaryimage\"},\"image\":{\"@id\":\"https:\\\/\\\/eheating.lt\\\/en\\\/produktas\\\/hikvision-ieigos-kontroleris-ds-k2601t\\\/#primaryimage\"},\"thumbnailUrl\":\"https:\\\/\\\/eheating.lt\\\/wp-content\\\/uploads\\\/2023\\\/10\\\/Hikvision-ieigos-kontroleris-DS-K2601T.png\",\"datePublished\":\"2023-12-28T13:22:00+00:00\",\"dateModified\":\"2024-10-18T13:45:07+00:00\",\"description\":\"Hikvision DS-K2601T kontroleris ; \u012eeigos kontroleris DS-K2600, veikia su TCP\\\/IP ir RS485 ry\u0161io s\u0105sajomis ; 1 dur\u0173 \u012fwigos kontroleris ; 2 X Wiegand\",\"breadcrumb\":{\"@id\":\"https:\\\/\\\/eheating.lt\\\/en\\\/produktas\\\/hikvision-ieigos-kontroleris-ds-k2601t\\\/#breadcrumb\"},\"inLanguage\":\"en-US\",\"potentialAction\":[{\"@type\":\"ReadAction\",\"target\":[\"https:\\\/\\\/eheating.lt\\\/en\\\/produktas\\\/hikvision-ieigos-kontroleris-ds-k2601t\\\/\"]}]},{\"@type\":\"ImageObject\",\"inLanguage\":\"en-US\",\"@id\":\"https:\\\/\\\/eheating.lt\\\/en\\\/produktas\\\/hikvision-ieigos-kontroleris-ds-k2601t\\\/#primaryimage\",\"url\":\"https:\\\/\\\/eheating.lt\\\/wp-content\\\/uploads\\\/2023\\\/10\\\/Hikvision-ieigos-kontroleris-DS-K2601T.png\",\"contentUrl\":\"https:\\\/\\\/eheating.lt\\\/wp-content\\\/uploads\\\/2023\\\/10\\\/Hikvision-ieigos-kontroleris-DS-K2601T.png\",\"width\":800,\"height\":800,\"caption\":\"Hikvision DS-K2601T\"},{\"@type\":\"BreadcrumbList\",\"@id\":\"https:\\\/\\\/eheating.lt\\\/en\\\/produktas\\\/hikvision-ieigos-kontroleris-ds-k2601t\\\/#breadcrumb\",\"itemListElement\":[{\"@type\":\"ListItem\",\"position\":1,\"name\":\"Prad\u017eia\",\"item\":\"https:\\\/\\\/eheating.lt\\\/en\\\/\"},{\"@type\":\"ListItem\",\"position\":2,\"name\":\"Shop\",\"item\":\"https:\\\/\\\/eheating.lt\\\/en\\\/?page_id=5734\"},{\"@type\":\"ListItem\",\"position\":3,\"name\":\"Hikvision \u012feigos kontroleris DS-K2601T\"}]},{\"@type\":\"WebSite\",\"@id\":\"https:\\\/\\\/eheating.lt\\\/#website\",\"url\":\"https:\\\/\\\/eheating.lt\\\/\",\"name\":\"eHeating\",\"description\":\"Elektronika ir \u0161ildymas\",\"potentialAction\":[{\"@type\":\"SearchAction\",\"target\":{\"@type\":\"EntryPoint\",\"urlTemplate\":\"https:\\\/\\\/eheating.lt\\\/?s={search_term_string}\"},\"query-input\":{\"@type\":\"PropertyValueSpecification\",\"valueRequired\":true,\"valueName\":\"search_term_string\"}}],\"inLanguage\":\"en-US\"}]}<\/script>\n<meta property=\"product:price:amount\" content=\"385.78\" \/>\n<meta property=\"product:price:currency\" content=\"EUR\" \/>\n<meta property=\"og:availability\" content=\"instock\" \/>\n<meta property=\"product:availability\" content=\"instock\" \/>\n<meta property=\"product:retailer_item_id\" content=\"8b5054109f5c\" \/>\n<meta property=\"product:condition\" content=\"new\" \/>\n<!-- \/ Yoast SEO Premium plugin. -->","yoast_head_json":{"title":"Hikvision \u012feigos kontroleris DS-K2601T","description":"Hikvision DS-K2601T kontroleris ; \u012eeigos kontroleris DS-K2600, veikia su TCP\/IP ir RS485 ry\u0161io s\u0105sajomis ; 1 dur\u0173 \u012fwigos kontroleris ; 2 X Wiegand","robots":{"index":"index","follow":"follow","max-snippet":"max-snippet:-1","max-image-preview":"max-image-preview:large","max-video-preview":"max-video-preview:-1"},"canonical":"https:\/\/eheating.lt\/en\/produktas\/hikvision-ieigos-kontroleris-ds-k2601t\/","og_locale":"en_US","og_type":"article","og_title":"Hikvision \u012feigos kontroleris DS-K2601T","og_description":"Hikvision DS-K2601T kontroleris ; \u012eeigos kontroleris DS-K2600, veikia su TCP\/IP ir RS485 ry\u0161io s\u0105sajomis ; 1 dur\u0173 \u012fwigos kontroleris ; 2 X Wiegand","og_url":"https:\/\/eheating.lt\/en\/produktas\/hikvision-ieigos-kontroleris-ds-k2601t\/","og_site_name":"Elektronika Namams","article_publisher":"https:\/\/www.facebook.com\/ElektronikaNamams","article_modified_time":"2024-10-18T13:45:07+00:00","og_image":[{"width":800,"height":800,"url":"https:\/\/eheating.lt\/wp-content\/uploads\/2023\/10\/Hikvision-ieigos-kontroleris-DS-K2601T.png","type":"image\/png"}],"twitter_card":"summary_large_image","twitter_misc":{"Price":"385,78&nbsp;&euro;","Availability":"In stock"},"schema":{"@context":"https:\/\/schema.org","@graph":[{"@type":"WebPage","@id":"https:\/\/eheating.lt\/en\/produktas\/hikvision-ieigos-kontroleris-ds-k2601t\/","url":"https:\/\/eheating.lt\/en\/produktas\/hikvision-ieigos-kontroleris-ds-k2601t\/","name":"Hikvision \u012feigos kontroleris DS-K2601T","isPartOf":{"@id":"https:\/\/eheating.lt\/#website"},"primaryImageOfPage":{"@id":"https:\/\/eheating.lt\/en\/produktas\/hikvision-ieigos-kontroleris-ds-k2601t\/#primaryimage"},"image":{"@id":"https:\/\/eheating.lt\/en\/produktas\/hikvision-ieigos-kontroleris-ds-k2601t\/#primaryimage"},"thumbnailUrl":"https:\/\/eheating.lt\/wp-content\/uploads\/2023\/10\/Hikvision-ieigos-kontroleris-DS-K2601T.png","datePublished":"2023-12-28T13:22:00+00:00","dateModified":"2024-10-18T13:45:07+00:00","description":"Hikvision DS-K2601T kontroleris ; \u012eeigos kontroleris DS-K2600, veikia su TCP\/IP ir RS485 ry\u0161io s\u0105sajomis ; 1 dur\u0173 \u012fwigos kontroleris ; 2 X Wiegand","breadcrumb":{"@id":"https:\/\/eheating.lt\/en\/produktas\/hikvision-ieigos-kontroleris-ds-k2601t\/#breadcrumb"},"inLanguage":"en-US","potentialAction":[{"@type":"ReadAction","target":["https:\/\/eheating.lt\/en\/produktas\/hikvision-ieigos-kontroleris-ds-k2601t\/"]}]},{"@type":"ImageObject","inLanguage":"en-US","@id":"https:\/\/eheating.lt\/en\/produktas\/hikvision-ieigos-kontroleris-ds-k2601t\/#primaryimage","url":"https:\/\/eheating.lt\/wp-content\/uploads\/2023\/10\/Hikvision-ieigos-kontroleris-DS-K2601T.png","contentUrl":"https:\/\/eheating.lt\/wp-content\/uploads\/2023\/10\/Hikvision-ieigos-kontroleris-DS-K2601T.png","width":800,"height":800,"caption":"Hikvision DS-K2601T"},{"@type":"BreadcrumbList","@id":"https:\/\/eheating.lt\/en\/produktas\/hikvision-ieigos-kontroleris-ds-k2601t\/#breadcrumb","itemListElement":[{"@type":"ListItem","position":1,"name":"Prad\u017eia","item":"https:\/\/eheating.lt\/en\/"},{"@type":"ListItem","position":2,"name":"Shop","item":"https:\/\/eheating.lt\/en\/?page_id=5734"},{"@type":"ListItem","position":3,"name":"Hikvision \u012feigos kontroleris DS-K2601T"}]},{"@type":"WebSite","@id":"https:\/\/eheating.lt\/#website","url":"https:\/\/eheating.lt\/","name":"eHeating","description":"Elektronika ir \u0161ildymas","potentialAction":[{"@type":"SearchAction","target":{"@type":"EntryPoint","urlTemplate":"https:\/\/eheating.lt\/?s={search_term_string}"},"query-input":{"@type":"PropertyValueSpecification","valueRequired":true,"valueName":"search_term_string"}}],"inLanguage":"en-US"}]},"product_price_amount":"385.78","product_price_currency":"EUR","og_availability":"instock","product_availability":"instock","product_retailer_item_id":"8b5054109f5c","product_condition":"new"},"_links":{"self":[{"href":"https:\/\/eheating.lt\/en\/wp-json\/wp\/v2\/product\/20976","targetHints":{"allow":["GET"]}}],"collection":[{"href":"https:\/\/eheating.lt\/en\/wp-json\/wp\/v2\/product"}],"about":[{"href":"https:\/\/eheating.lt\/en\/wp-json\/wp\/v2\/types\/product"}],"replies":[{"embeddable":true,"href":"https:\/\/eheating.lt\/en\/wp-json\/wp\/v2\/comments?post=20976"}],"version-history":[{"count":0,"href":"https:\/\/eheating.lt\/en\/wp-json\/wp\/v2\/product\/20976\/revisions"}],"wp:featuredmedia":[{"embeddable":true,"href":"https:\/\/eheating.lt\/en\/wp-json\/wp\/v2\/media\/30657"}],"wp:attachment":[{"href":"https:\/\/eheating.lt\/en\/wp-json\/wp\/v2\/media?parent=20976"}],"wp:term":[{"taxonomy":"product_brand","embeddable":true,"href":"https:\/\/eheating.lt\/en\/wp-json\/wp\/v2\/product_brand?post=20976"},{"taxonomy":"product_cat","embeddable":true,"href":"https:\/\/eheating.lt\/en\/wp-json\/wp\/v2\/product_cat?post=20976"},{"taxonomy":"product_tag","embeddable":true,"href":"https:\/\/eheating.lt\/en\/wp-json\/wp\/v2\/product_tag?post=20976"}],"curies":[{"name":"wp","href":"https:\/\/api.w.org\/{rel}","templated":true}]}}