{"id":20970,"date":"2023-12-28T15:21:57","date_gmt":"2023-12-28T13:21:57","guid":{"rendered":"https:\/\/eheating.lt\/?post_type=product&#038;p=20970"},"modified":"2024-10-18T16:44:56","modified_gmt":"2024-10-18T13:44:56","slug":"hikvision-ieigos-kontroleris-ds-k2604t","status":"publish","type":"product","link":"https:\/\/eheating.lt\/en\/produktas\/hikvision-ieigos-kontroleris-ds-k2604t\/","title":{"rendered":"Hikvision \u012feigos kontroleris DS-K2604T"},"content":{"rendered":"<hr \/>\n<table>\n<tbody>\n<tr>\n<td><strong>Uplink Communication Interface<br \/>\n<\/strong><\/td>\n<td>TCP\/IP, RS-485<\/td>\n<\/tr>\n<tr>\n<td><strong>Downlink Communication Interface<\/strong><\/td>\n<td>RS-485, Wiegand(W26\/W34)<\/td>\n<\/tr>\n<tr>\n<td><strong>Accessible Card Reader<\/strong><\/td>\n<td>\n<p class=\"mb-p\">DS-K2604:<\/p>\n<p class=\"mb-p\">8 Card Readers (RS485 Interface);<\/p>\n<p class=\"mb-p\">4 Card Readers (Wiegand Interface)<\/p>\n<\/td>\n<\/tr>\n<tr>\n<td><strong>Built-In Clock<\/strong><\/td>\n<td>Yes<\/td>\n<\/tr>\n<tr>\n<td><strong>General<\/strong><\/td>\n<td>&nbsp;<\/td>\n<\/tr>\n<tr>\n<td><strong>Working Temperature<\/strong><\/td>\n<td>-20\u00b0C to +65\u00b0C (-4\u00b0F to +149\u00b0F)<\/td>\n<\/tr>\n<tr>\n<td><strong>Power Dissipation(With Load)<\/strong><\/td>\n<td>DS-K2604: \u2264100W<\/td>\n<\/tr>\n<tr>\n<td><strong>Power Dissipation (Without Load)<\/strong><\/td>\n<td>\u22644W<strong><br \/>\n<\/strong><\/td>\n<\/tr>\n<tr>\n<td><strong>LED Indicator<\/strong><\/td>\n<td>Power Supply Status, Communication Status, Working Status<\/td>\n<\/tr>\n<tr>\n<td><strong>Dimensions (L\u00d7W\u00d7H)<\/strong><\/td>\n<td>370mm x 345mm x 90 mm (14.6\u201d x 13.6\u201d x 3.5&#8243;)<\/td>\n<\/tr>\n<tr>\n<td><strong>Processor<\/strong><\/td>\n<td>32-bit<\/td>\n<\/tr>\n<tr>\n<td><strong><span class=\"tech-specs-items-description__title\">Storage<\/span><\/strong><\/td>\n<td>\n<p class=\"mb-p\">Cards: 100,000<\/p>\n<p class=\"mb-p\">Access Control Events: 300,000<\/p>\n<\/td>\n<\/tr>\n<tr>\n<td><strong>Input Interface<\/strong><\/td>\n<td>\n<p class=\"mb-p\">DS-K2604:<\/p>\n<p class=\"mb-p\">Alarm Input \u00d7 4, Door Sensor \u00d7 4, Exit Button \u00d7 4, Case Input\u00d78, Tamper Alarm \u00d7 1<\/p>\n<p class=\"mb-p\">\n<\/td>\n<\/tr>\n<tr>\n<td><strong>Output Interface<\/strong><\/td>\n<td>\n<p class=\"mb-p\">DS-K2604:<\/p>\n<p class=\"mb-p\">Lock Relay \u00d7 4, Alarm Relay \u00d7 4<\/p>\n<\/td>\n<\/tr>\n<\/tbody>\n<\/table>\n<p>&nbsp;<\/p>\n<p>&nbsp;<\/p>\n<p>&nbsp;<\/p>\n<p><span class=\"tech-specs-items-description__title\" style=\"box-sizing: border-box; color: #000000; font-weight: 600; display: inline-block; width: 241.591px; text-transform: capitalize; font-family: OpenSans, 'Helvetica Neue', 'PingFang SC', 'Hiragino Sans GB', 'Microsoft YaHei', 'WenQuanYi Micro Hei', sans-serif; font-size: 16px;\">\u00a0<\/span><\/p>\n","protected":false},"excerpt":{"rendered":"<ul>\n<li>Ehome 5.0, ISAPI, OSDP standarts<\/li>\n<li>Keturi\u0173 dur\u0173 \u012feigos kontroleris<\/li>\n<li>DS-K2600 serijos kontroleriai yra sukurti su \u00a0TCP\/IP ir RS485 ry\u0161io s\u0105saja<\/li>\n<li>Duomenys yra \u0161ifruojami siekant maksimalaus saugumo<\/li>\n<\/ul>\n","protected":false},"featured_media":30653,"comment_status":"closed","ping_status":"closed","template":"","meta":[],"product_brand":[],"product_cat":[348,328],"product_tag":[975],"class_list":{"0":"post-20970","1":"product","2":"type-product","3":"status-publish","4":"has-post-thumbnail","6":"product_cat-hikvision-ieigos-kontrole","7":"product_cat-ieigos-kontroles-sistemos","8":"product_tag-ean-en","10":"first","11":"instock","12":"purchasable","13":"product-type-simple"},"yoast_head":"<!-- This site is optimized with the Yoast SEO Premium plugin v21.5 (Yoast SEO v27.3) - https:\/\/yoast.com\/product\/yoast-seo-premium-wordpress\/ -->\n<title>Hikvision \u012feigos kontroleris DS-K2604T<\/title>\n<meta name=\"description\" content=\"Hikvision DS-K2604T kontroleris ; Ehome 5.0, ISAPI, OSDP standarts ; Keturi\u0173 dur\u0173 \u012feigos kontroleris ; Duomenys yra \u0161ifruojami siekant maksimalaus saugumo\" \/>\n<meta name=\"robots\" content=\"index, follow, max-snippet:-1, max-image-preview:large, max-video-preview:-1\" \/>\n<link rel=\"canonical\" href=\"https:\/\/eheating.lt\/produktas\/hikvision-ieigos-kontroleris-ds-k2604t\/\" \/>\n<meta property=\"og:locale\" content=\"en_US\" \/>\n<meta property=\"og:type\" content=\"article\" \/>\n<meta property=\"og:title\" content=\"Hikvision \u012feigos kontroleris DS-K2604T\" \/>\n<meta property=\"og:description\" content=\"Hikvision DS-K2604T kontroleris ; Ehome 5.0, ISAPI, OSDP standarts ; Keturi\u0173 dur\u0173 \u012feigos kontroleris ; Duomenys yra \u0161ifruojami siekant maksimalaus saugumo\" \/>\n<meta property=\"og:url\" content=\"https:\/\/eheating.lt\/produktas\/hikvision-ieigos-kontroleris-ds-k2604t\/\" \/>\n<meta property=\"og:site_name\" content=\"Elektronika Namams\" \/>\n<meta property=\"article:publisher\" content=\"https:\/\/www.facebook.com\/ElektronikaNamams\" \/>\n<meta property=\"article:modified_time\" content=\"2024-10-18T13:44:56+00:00\" \/>\n<meta property=\"og:image\" content=\"https:\/\/eheating.lt\/wp-content\/uploads\/2023\/10\/Hikvision-ieigos-kontroleris-DS-K2604T.png\" \/>\n\t<meta property=\"og:image:width\" content=\"800\" \/>\n\t<meta property=\"og:image:height\" content=\"800\" \/>\n\t<meta property=\"og:image:type\" content=\"image\/png\" \/>\n<meta name=\"twitter:card\" content=\"summary_large_image\" \/>\n<meta name=\"twitter:label1\" content=\"Price\" \/>\n\t<meta name=\"twitter:data1\" content=\"529,92&nbsp;&euro;\" \/>\n\t<meta name=\"twitter:label2\" content=\"Availability\" \/>\n\t<meta name=\"twitter:data2\" content=\"In stock\" \/>\n<script type=\"application\/ld+json\" class=\"yoast-schema-graph\">{\"@context\":\"https:\\\/\\\/schema.org\",\"@graph\":[{\"@type\":\"WebPage\",\"@id\":\"https:\\\/\\\/eheating.lt\\\/produktas\\\/hikvision-ieigos-kontroleris-ds-k2604t\\\/\",\"url\":\"https:\\\/\\\/eheating.lt\\\/produktas\\\/hikvision-ieigos-kontroleris-ds-k2604t\\\/\",\"name\":\"Hikvision \u012feigos kontroleris DS-K2604T\",\"isPartOf\":{\"@id\":\"https:\\\/\\\/eheating.lt\\\/#website\"},\"primaryImageOfPage\":{\"@id\":\"https:\\\/\\\/eheating.lt\\\/produktas\\\/hikvision-ieigos-kontroleris-ds-k2604t\\\/#primaryimage\"},\"image\":{\"@id\":\"https:\\\/\\\/eheating.lt\\\/produktas\\\/hikvision-ieigos-kontroleris-ds-k2604t\\\/#primaryimage\"},\"thumbnailUrl\":\"https:\\\/\\\/eheating.lt\\\/wp-content\\\/uploads\\\/2023\\\/10\\\/Hikvision-ieigos-kontroleris-DS-K2604T.png\",\"datePublished\":\"2023-12-28T13:21:57+00:00\",\"dateModified\":\"2024-10-18T13:44:56+00:00\",\"description\":\"Hikvision DS-K2604T kontroleris ; Ehome 5.0, ISAPI, OSDP standarts ; Keturi\u0173 dur\u0173 \u012feigos kontroleris ; Duomenys yra \u0161ifruojami siekant maksimalaus saugumo\",\"breadcrumb\":{\"@id\":\"https:\\\/\\\/eheating.lt\\\/produktas\\\/hikvision-ieigos-kontroleris-ds-k2604t\\\/#breadcrumb\"},\"inLanguage\":\"en-US\",\"potentialAction\":[{\"@type\":\"ReadAction\",\"target\":[\"https:\\\/\\\/eheating.lt\\\/produktas\\\/hikvision-ieigos-kontroleris-ds-k2604t\\\/\"]}]},{\"@type\":\"ImageObject\",\"inLanguage\":\"en-US\",\"@id\":\"https:\\\/\\\/eheating.lt\\\/produktas\\\/hikvision-ieigos-kontroleris-ds-k2604t\\\/#primaryimage\",\"url\":\"https:\\\/\\\/eheating.lt\\\/wp-content\\\/uploads\\\/2023\\\/10\\\/Hikvision-ieigos-kontroleris-DS-K2604T.png\",\"contentUrl\":\"https:\\\/\\\/eheating.lt\\\/wp-content\\\/uploads\\\/2023\\\/10\\\/Hikvision-ieigos-kontroleris-DS-K2604T.png\",\"width\":800,\"height\":800,\"caption\":\"Hikvision DS-K2604T\"},{\"@type\":\"BreadcrumbList\",\"@id\":\"https:\\\/\\\/eheating.lt\\\/produktas\\\/hikvision-ieigos-kontroleris-ds-k2604t\\\/#breadcrumb\",\"itemListElement\":[{\"@type\":\"ListItem\",\"position\":1,\"name\":\"Prad\u017eia\",\"item\":\"https:\\\/\\\/eheating.lt\\\/en\\\/\"},{\"@type\":\"ListItem\",\"position\":2,\"name\":\"Shop\",\"item\":\"https:\\\/\\\/eheating.lt\\\/en\\\/?page_id=5734\"},{\"@type\":\"ListItem\",\"position\":3,\"name\":\"Hikvision \u012feigos kontroleris DS-K2604T\"}]},{\"@type\":\"WebSite\",\"@id\":\"https:\\\/\\\/eheating.lt\\\/#website\",\"url\":\"https:\\\/\\\/eheating.lt\\\/\",\"name\":\"eHeating\",\"description\":\"Elektronika ir \u0161ildymas\",\"potentialAction\":[{\"@type\":\"SearchAction\",\"target\":{\"@type\":\"EntryPoint\",\"urlTemplate\":\"https:\\\/\\\/eheating.lt\\\/?s={search_term_string}\"},\"query-input\":{\"@type\":\"PropertyValueSpecification\",\"valueRequired\":true,\"valueName\":\"search_term_string\"}}],\"inLanguage\":\"en-US\"}]}<\/script>\n<meta property=\"product:price:amount\" content=\"529.92\" \/>\n<meta property=\"product:price:currency\" content=\"EUR\" \/>\n<meta property=\"og:availability\" content=\"instock\" \/>\n<meta property=\"product:availability\" content=\"instock\" \/>\n<meta property=\"product:retailer_item_id\" content=\"50835e6b300d\" \/>\n<meta property=\"product:condition\" content=\"new\" \/>\n<!-- \/ Yoast SEO Premium plugin. -->","yoast_head_json":{"title":"Hikvision \u012feigos kontroleris DS-K2604T","description":"Hikvision DS-K2604T kontroleris ; Ehome 5.0, ISAPI, OSDP standarts ; Keturi\u0173 dur\u0173 \u012feigos kontroleris ; Duomenys yra \u0161ifruojami siekant maksimalaus saugumo","robots":{"index":"index","follow":"follow","max-snippet":"max-snippet:-1","max-image-preview":"max-image-preview:large","max-video-preview":"max-video-preview:-1"},"canonical":"https:\/\/eheating.lt\/produktas\/hikvision-ieigos-kontroleris-ds-k2604t\/","og_locale":"en_US","og_type":"article","og_title":"Hikvision \u012feigos kontroleris DS-K2604T","og_description":"Hikvision DS-K2604T kontroleris ; Ehome 5.0, ISAPI, OSDP standarts ; Keturi\u0173 dur\u0173 \u012feigos kontroleris ; Duomenys yra \u0161ifruojami siekant maksimalaus saugumo","og_url":"https:\/\/eheating.lt\/produktas\/hikvision-ieigos-kontroleris-ds-k2604t\/","og_site_name":"Elektronika Namams","article_publisher":"https:\/\/www.facebook.com\/ElektronikaNamams","article_modified_time":"2024-10-18T13:44:56+00:00","og_image":[{"width":800,"height":800,"url":"https:\/\/eheating.lt\/wp-content\/uploads\/2023\/10\/Hikvision-ieigos-kontroleris-DS-K2604T.png","type":"image\/png"}],"twitter_card":"summary_large_image","twitter_misc":{"Price":"529,92&nbsp;&euro;","Availability":"In stock"},"schema":{"@context":"https:\/\/schema.org","@graph":[{"@type":"WebPage","@id":"https:\/\/eheating.lt\/produktas\/hikvision-ieigos-kontroleris-ds-k2604t\/","url":"https:\/\/eheating.lt\/produktas\/hikvision-ieigos-kontroleris-ds-k2604t\/","name":"Hikvision \u012feigos kontroleris DS-K2604T","isPartOf":{"@id":"https:\/\/eheating.lt\/#website"},"primaryImageOfPage":{"@id":"https:\/\/eheating.lt\/produktas\/hikvision-ieigos-kontroleris-ds-k2604t\/#primaryimage"},"image":{"@id":"https:\/\/eheating.lt\/produktas\/hikvision-ieigos-kontroleris-ds-k2604t\/#primaryimage"},"thumbnailUrl":"https:\/\/eheating.lt\/wp-content\/uploads\/2023\/10\/Hikvision-ieigos-kontroleris-DS-K2604T.png","datePublished":"2023-12-28T13:21:57+00:00","dateModified":"2024-10-18T13:44:56+00:00","description":"Hikvision DS-K2604T kontroleris ; Ehome 5.0, ISAPI, OSDP standarts ; Keturi\u0173 dur\u0173 \u012feigos kontroleris ; Duomenys yra \u0161ifruojami siekant maksimalaus saugumo","breadcrumb":{"@id":"https:\/\/eheating.lt\/produktas\/hikvision-ieigos-kontroleris-ds-k2604t\/#breadcrumb"},"inLanguage":"en-US","potentialAction":[{"@type":"ReadAction","target":["https:\/\/eheating.lt\/produktas\/hikvision-ieigos-kontroleris-ds-k2604t\/"]}]},{"@type":"ImageObject","inLanguage":"en-US","@id":"https:\/\/eheating.lt\/produktas\/hikvision-ieigos-kontroleris-ds-k2604t\/#primaryimage","url":"https:\/\/eheating.lt\/wp-content\/uploads\/2023\/10\/Hikvision-ieigos-kontroleris-DS-K2604T.png","contentUrl":"https:\/\/eheating.lt\/wp-content\/uploads\/2023\/10\/Hikvision-ieigos-kontroleris-DS-K2604T.png","width":800,"height":800,"caption":"Hikvision DS-K2604T"},{"@type":"BreadcrumbList","@id":"https:\/\/eheating.lt\/produktas\/hikvision-ieigos-kontroleris-ds-k2604t\/#breadcrumb","itemListElement":[{"@type":"ListItem","position":1,"name":"Prad\u017eia","item":"https:\/\/eheating.lt\/en\/"},{"@type":"ListItem","position":2,"name":"Shop","item":"https:\/\/eheating.lt\/en\/?page_id=5734"},{"@type":"ListItem","position":3,"name":"Hikvision \u012feigos kontroleris DS-K2604T"}]},{"@type":"WebSite","@id":"https:\/\/eheating.lt\/#website","url":"https:\/\/eheating.lt\/","name":"eHeating","description":"Elektronika ir \u0161ildymas","potentialAction":[{"@type":"SearchAction","target":{"@type":"EntryPoint","urlTemplate":"https:\/\/eheating.lt\/?s={search_term_string}"},"query-input":{"@type":"PropertyValueSpecification","valueRequired":true,"valueName":"search_term_string"}}],"inLanguage":"en-US"}]},"product_price_amount":"529.92","product_price_currency":"EUR","og_availability":"instock","product_availability":"instock","product_retailer_item_id":"50835e6b300d","product_condition":"new"},"_links":{"self":[{"href":"https:\/\/eheating.lt\/en\/wp-json\/wp\/v2\/product\/20970","targetHints":{"allow":["GET"]}}],"collection":[{"href":"https:\/\/eheating.lt\/en\/wp-json\/wp\/v2\/product"}],"about":[{"href":"https:\/\/eheating.lt\/en\/wp-json\/wp\/v2\/types\/product"}],"replies":[{"embeddable":true,"href":"https:\/\/eheating.lt\/en\/wp-json\/wp\/v2\/comments?post=20970"}],"version-history":[{"count":0,"href":"https:\/\/eheating.lt\/en\/wp-json\/wp\/v2\/product\/20970\/revisions"}],"wp:featuredmedia":[{"embeddable":true,"href":"https:\/\/eheating.lt\/en\/wp-json\/wp\/v2\/media\/30653"}],"wp:attachment":[{"href":"https:\/\/eheating.lt\/en\/wp-json\/wp\/v2\/media?parent=20970"}],"wp:term":[{"taxonomy":"product_brand","embeddable":true,"href":"https:\/\/eheating.lt\/en\/wp-json\/wp\/v2\/product_brand?post=20970"},{"taxonomy":"product_cat","embeddable":true,"href":"https:\/\/eheating.lt\/en\/wp-json\/wp\/v2\/product_cat?post=20970"},{"taxonomy":"product_tag","embeddable":true,"href":"https:\/\/eheating.lt\/en\/wp-json\/wp\/v2\/product_tag?post=20970"}],"curies":[{"name":"wp","href":"https:\/\/api.w.org\/{rel}","templated":true}]}}