{"id":20918,"date":"2023-11-17T23:46:23","date_gmt":"2023-11-17T21:46:23","guid":{"rendered":"https:\/\/eheating.lt\/?post_type=product&#038;p=20918"},"modified":"2024-10-18T16:43:46","modified_gmt":"2024-10-18T13:43:46","slug":"4-kanalu-dvr-hikvision-ids-7204huhi-m1-s","status":"publish","type":"product","link":"https:\/\/eheating.lt\/en\/produktas\/4-kanalu-dvr-hikvision-ids-7204huhi-m1-s\/","title":{"rendered":"4 kanal\u0173 DVR Hikvision iDS-7204HUHI-M1\/S"},"content":{"rendered":"<table border=\"0\">\n<colgroup>\n<col \/>\n<col \/> <\/colgroup>\n<tbody>\n<tr>\n<td>Veid\u0173 atpa\u017einimas<\/td>\n<td>1 kanalas (HD analogin\u0117 kamera)<\/td>\n<\/tr>\n<tr>\n<td>\u017dmogaus \/ transporto priemon\u0117s analiz\u0117 klaidingo aliarmo suma\u017einimas<\/td>\n<td>Iki 4 kanal\u0173<\/td>\n<\/tr>\n<tr>\n<td>Vaizdo \u012fra\u0161\u0173 glaudinimas<\/td>\n<td>H.265 Pro+\/H.265 Pro\/H.265\/H.264+\/H.264<\/td>\n<\/tr>\n<tr>\n<td>Kodavimo skiriamoji geba<\/td>\n<td>Pagrindinis srautas:<br \/>\n8 MP @ 8kps \/ 5 MP @ 12kps \/ 4 MP @ 15kps \/ 3 MP @ 18kps<br \/>\n1080p \/ 720p \/ WD1 \/ 4CIF \/ VGA \/ CIF @ 25 kps (P) \/ 30 kps (N)<br \/>\n*: 8 MP @ 8 kps galimi tik 1 kanalui<br \/>\nTarpinis srautas:<br \/>\nWD1\/4CIF\/CIF@25kps (P)\/30kps (N)<\/td>\n<\/tr>\n<tr>\n<td>Vaizdo \u012fra\u0161o perdavimo sparta<\/td>\n<td>Nuo 32 Kbps iki 10 Mbps<\/td>\n<\/tr>\n<tr>\n<td>Dvigubas srautas<\/td>\n<td>Taip<\/td>\n<\/tr>\n<tr>\n<td>Srauto tipas<\/td>\n<td>Vaizdas, vaizdas ir garsas<\/td>\n<\/tr>\n<tr>\n<td>Garso suspaudimas<\/td>\n<td>G.711u<\/td>\n<\/tr>\n<tr>\n<td>Garso srautas<\/td>\n<td>64 Kbps<\/td>\n<\/tr>\n<tr>\n<td>IP kamer\u0173 \u012f\u0117jimai<\/td>\n<td>2 kanalas (iki 6 kanal\u0173)<br \/>\nIP patobulintas re\u017eimas \u012fjungtas:<br \/>\n4-kanalai (iki 8 kanal\u0173), kuri\u0173 kiekvienas iki 4 Mbps<br \/>\nIki 8 MP skiriamoji geba<br \/>\nPalaiko H.265 + \/ H.265 \/ H.264 + \/ H.264 IP kameras<\/td>\n<\/tr>\n<tr>\n<td>Analoginiai video i\u0117jimai<\/td>\n<td>4 kanalai, BNC s\u0105saja (1,0 Vp-p, 75 \u03a9), palaikanti koaksitrono jungt\u012f<\/td>\n<\/tr>\n<tr>\n<td>HTVI i\u0117jimai<\/td>\n<td>8 MP,5 MP, 4 MP, 3 MP, 1080p30, 1080p@25kps, 720p@60kps, 720p@50kps, 720p@30kps, 720p@25kps<br \/>\n*: 8 MP \u012fvesties signalas galimas tik 1 kanalui<\/td>\n<\/tr>\n<tr>\n<td>AHD i\u0117jimas<\/td>\n<td>5 MP, 4 MP, 1080p@25kps, 1080p@30kps, 720p@25kps, 720p@30kps<\/td>\n<\/tr>\n<tr>\n<td>HDCVI i\u0117jimas<\/td>\n<td>4 MP, 1080p@25kps, 1080p@30kps, 720p@25kps, 720p@30kps<\/td>\n<\/tr>\n<tr>\n<td>CVBS i\u0117jimas<\/td>\n<td>PAL\/NTSC<\/td>\n<\/tr>\n<tr>\n<td>CVBS i\u0161\u0117jimas<\/td>\n<td>1 kanalas, BNC (1.0 Vp-p, 75 \u03a9), rai\u0161ka: PAL: 704 \u00d7 576, NTSC: 704 \u00d7 480<\/td>\n<\/tr>\n<tr>\n<td>VGA i\u0161\u0117jimas<\/td>\n<td>1 kanalas, 1920 \u00d7 1080\/60Hz, 1280 \u00d7 1024\/60Hz, 1280 \u00d7 720\/60Hz, 1024 \u00d7 768\/60Hz<br \/>\nHDMI\/VGA vienalaik\u0117 i\u0161vesti<\/td>\n<\/tr>\n<tr>\n<td>HDMI i\u0161\u0117jimas<\/td>\n<td>1 kanalas, 2K (2560 \u00d7 1440)\/60Hz,1920 \u00d7 1080\/60Hz, 1280 \u00d7 1024\/60Hz, 1280 \u00d7 720\/60Hz, 1024 \u00d7 768\/60Hz<br \/>\nHDMI\/VGA vienalaik\u0117 i\u0161vestis<\/td>\n<\/tr>\n<tr>\n<td>Audio i\u0117jimas<\/td>\n<td>1 kanalas, RCA (2.0 Vp-p, 1 K\u03a9)<br \/>\n4 kanalai per koaksialin\u012f kabel\u012f<\/td>\n<\/tr>\n<tr>\n<td>Audio i\u0161\u0117jimas<\/td>\n<td>1 kanalas, RCA (Linear, 1 K\u03a9)<\/td>\n<\/tr>\n<tr>\n<td>Dvipusis audio<\/td>\n<td>1 kanalas, RCA (2.0 Vp-p, 1 K\u03a9) (naudojant pirm\u0105 audio i\u0117jim\u0105)<\/td>\n<\/tr>\n<tr>\n<td>Sinchroninis atk\u016brimas<\/td>\n<td>4 kanalai<\/td>\n<\/tr>\n<tr>\n<td>Nuotoliniai prisijungimai<\/td>\n<td>32<\/td>\n<\/tr>\n<tr>\n<td>Tinklo protokolai<\/td>\n<td>TCP\/IP, PPPoE, DHCP, Hik-Connect, DNS, DDNS, NTP, SADP, NFS, iSCSI, UPnP\u2122, HTTPS, ONVIF<\/td>\n<\/tr>\n<tr>\n<td>Tinklo jungtis<\/td>\n<td>1, RJ45 10M \/ 100M savaime pritaikoma eterneto s\u0105saja<\/td>\n<\/tr>\n<tr>\n<td>SATA<\/td>\n<td>1 SATA s\u0105saja, iki 10 TB talpos kiekviename diske<\/td>\n<\/tr>\n<tr>\n<td>Nuoseklioji jungtis<\/td>\n<td>RS-485 (pusiau dupleksinis)<\/td>\n<\/tr>\n<tr>\n<td>USB jungtis<\/td>\n<td>2 \u00d7 USB 2.0<\/td>\n<\/tr>\n<tr>\n<td>Maitinimas<\/td>\n<td>12 VDC, 1.5A<\/td>\n<\/tr>\n<tr>\n<td>Energijos vartojimas (be kietojo disko)<\/td>\n<td>\u2264 10 W<\/td>\n<\/tr>\n<tr>\n<td>Darbin\u0117 temperat\u016bra<\/td>\n<td>Nuo -10 \u00b0C iki 55 \u00b0C<\/td>\n<\/tr>\n<tr>\n<td>Darbin\u0117 dr\u0117gm\u0117<\/td>\n<td>Nuo 10% iki 90%<\/td>\n<\/tr>\n<tr>\n<td>Matmenys<\/td>\n<td>315 \u00d7 242 \u00d7 45 mm<\/td>\n<\/tr>\n<tr>\n<td>Svoris<\/td>\n<td>\u2264 1.16 kg<\/td>\n<\/tr>\n<\/tbody>\n<\/table>\n","protected":false},"excerpt":{"rendered":"<ul>\n<li>4 analogin\u0117s BNC jungtys<\/li>\n<li>1 SATA s\u0105saja, iki 10 TB<\/li>\n<li>Iki 8 IP kamer\u0173<\/li>\n<li>HDTVI i\u0117jimas iki 8MP<\/li>\n<li>Audio per koaksialin\u012f kabel\u012f<\/li>\n<li>\u201eAcuSense\u201c technologija<\/li>\n<li>Veido atpa\u017einimas<\/li>\n<li>Klaidingo pavojaus signalo suma\u017einimas klasifikuojant \u017emones ir transporto priemones<\/li>\n<li>Garsas 1 i\u0117jimas \/ 1 i\u0161\u0117jimas<\/li>\n<li>5 signalai \u012fvedami adaptyviai (HDTVI \/ AHD \/ CVI \/ CVBS \/ IP)<\/li>\n<li>Vaizdo \u012fra\u0161\u0173 glaudinimas H.265 Pro + \/ H.265 Pro \/ H.265 \/ H.264 + \/ H.264<\/li>\n<\/ul>\n","protected":false},"featured_media":29017,"comment_status":"closed","ping_status":"closed","template":"","meta":[],"product_brand":[],"product_cat":[321,318,320],"product_tag":[],"class_list":{"0":"post-20918","1":"product","2":"type-product","3":"status-publish","4":"has-post-thumbnail","6":"product_cat-4-kanalu-dvr","7":"product_cat-turbo-hd-apsauga","8":"product_cat-turbo-hd-vaizdo-irasymo-irenginiai","10":"first","11":"onbackorder","12":"purchasable","13":"product-type-simple"},"yoast_head":"<!-- This site is optimized with the Yoast SEO Premium plugin v21.5 (Yoast SEO v27.3) - https:\/\/yoast.com\/product\/yoast-seo-premium-wordpress\/ -->\n<title>4 kanal\u0173 DVR Hikvision iDS-7204HUHI-M1\/S<\/title>\n<meta name=\"description\" content=\"4 kanal\u0173 DVR Hikvision iDS-7204HUHI-M1\/S vaizdo \u012fra\u0161ymo \u012frenginys ; 4 analogin\u0117s BNC jungtys ; HDTVI i\u0117jimas iki 8MP ; Audio per koaksialin\u012f kabel\u012f\" \/>\n<meta name=\"robots\" content=\"index, follow, max-snippet:-1, max-image-preview:large, max-video-preview:-1\" \/>\n<link rel=\"canonical\" href=\"https:\/\/eheating.lt\/en\/produktas\/4-kanalu-dvr-hikvision-ids-7204huhi-m1-s\/\" \/>\n<meta property=\"og:locale\" content=\"en_US\" \/>\n<meta property=\"og:type\" content=\"article\" \/>\n<meta property=\"og:title\" content=\"4 kanal\u0173 DVR Hikvision iDS-7204HUHI-M1\/S\" \/>\n<meta property=\"og:description\" content=\"4 kanal\u0173 DVR Hikvision iDS-7204HUHI-M1\/S vaizdo \u012fra\u0161ymo \u012frenginys ; 4 analogin\u0117s BNC jungtys ; HDTVI i\u0117jimas iki 8MP ; Audio per koaksialin\u012f kabel\u012f\" \/>\n<meta property=\"og:url\" content=\"https:\/\/eheating.lt\/en\/produktas\/4-kanalu-dvr-hikvision-ids-7204huhi-m1-s\/\" \/>\n<meta property=\"og:site_name\" content=\"Elektronika Namams\" \/>\n<meta property=\"article:publisher\" content=\"https:\/\/www.facebook.com\/ElektronikaNamams\" \/>\n<meta property=\"article:modified_time\" content=\"2024-10-18T13:43:46+00:00\" \/>\n<meta property=\"og:image\" content=\"https:\/\/eheating.lt\/wp-content\/uploads\/2023\/10\/4-kanalu-DVR-Hikvision-iDS-7204HUHI-M1S.png\" \/>\n\t<meta property=\"og:image:width\" content=\"800\" \/>\n\t<meta property=\"og:image:height\" content=\"800\" \/>\n\t<meta property=\"og:image:type\" content=\"image\/png\" \/>\n<meta name=\"twitter:card\" content=\"summary_large_image\" \/>\n<meta name=\"twitter:label1\" content=\"Price\" \/>\n\t<meta name=\"twitter:data1\" content=\"231,10&nbsp;&euro;\" \/>\n\t<meta name=\"twitter:label2\" content=\"Availability\" \/>\n\t<meta name=\"twitter:data2\" content=\"On backorder\" \/>\n<script type=\"application\/ld+json\" class=\"yoast-schema-graph\">{\"@context\":\"https:\\\/\\\/schema.org\",\"@graph\":[{\"@type\":\"WebPage\",\"@id\":\"https:\\\/\\\/eheating.lt\\\/en\\\/produktas\\\/4-kanalu-dvr-hikvision-ids-7204huhi-m1-s\\\/\",\"url\":\"https:\\\/\\\/eheating.lt\\\/en\\\/produktas\\\/4-kanalu-dvr-hikvision-ids-7204huhi-m1-s\\\/\",\"name\":\"4 kanal\u0173 DVR Hikvision iDS-7204HUHI-M1\\\/S\",\"isPartOf\":{\"@id\":\"https:\\\/\\\/eheating.lt\\\/#website\"},\"primaryImageOfPage\":{\"@id\":\"https:\\\/\\\/eheating.lt\\\/en\\\/produktas\\\/4-kanalu-dvr-hikvision-ids-7204huhi-m1-s\\\/#primaryimage\"},\"image\":{\"@id\":\"https:\\\/\\\/eheating.lt\\\/en\\\/produktas\\\/4-kanalu-dvr-hikvision-ids-7204huhi-m1-s\\\/#primaryimage\"},\"thumbnailUrl\":\"https:\\\/\\\/eheating.lt\\\/wp-content\\\/uploads\\\/2023\\\/10\\\/4-kanalu-DVR-Hikvision-iDS-7204HUHI-M1S.png\",\"datePublished\":\"2023-11-17T21:46:23+00:00\",\"dateModified\":\"2024-10-18T13:43:46+00:00\",\"description\":\"4 kanal\u0173 DVR Hikvision iDS-7204HUHI-M1\\\/S vaizdo \u012fra\u0161ymo \u012frenginys ; 4 analogin\u0117s BNC jungtys ; HDTVI i\u0117jimas iki 8MP ; Audio per koaksialin\u012f kabel\u012f\",\"breadcrumb\":{\"@id\":\"https:\\\/\\\/eheating.lt\\\/en\\\/produktas\\\/4-kanalu-dvr-hikvision-ids-7204huhi-m1-s\\\/#breadcrumb\"},\"inLanguage\":\"en-US\",\"potentialAction\":[{\"@type\":\"ReadAction\",\"target\":[\"https:\\\/\\\/eheating.lt\\\/en\\\/produktas\\\/4-kanalu-dvr-hikvision-ids-7204huhi-m1-s\\\/\"]}]},{\"@type\":\"ImageObject\",\"inLanguage\":\"en-US\",\"@id\":\"https:\\\/\\\/eheating.lt\\\/en\\\/produktas\\\/4-kanalu-dvr-hikvision-ids-7204huhi-m1-s\\\/#primaryimage\",\"url\":\"https:\\\/\\\/eheating.lt\\\/wp-content\\\/uploads\\\/2023\\\/10\\\/4-kanalu-DVR-Hikvision-iDS-7204HUHI-M1S.png\",\"contentUrl\":\"https:\\\/\\\/eheating.lt\\\/wp-content\\\/uploads\\\/2023\\\/10\\\/4-kanalu-DVR-Hikvision-iDS-7204HUHI-M1S.png\",\"width\":800,\"height\":800,\"caption\":\"4 kanal\u0173 DVR Hikvision iDS-7204HUHI-M1\\\/S\"},{\"@type\":\"BreadcrumbList\",\"@id\":\"https:\\\/\\\/eheating.lt\\\/en\\\/produktas\\\/4-kanalu-dvr-hikvision-ids-7204huhi-m1-s\\\/#breadcrumb\",\"itemListElement\":[{\"@type\":\"ListItem\",\"position\":1,\"name\":\"Prad\u017eia\",\"item\":\"https:\\\/\\\/eheating.lt\\\/en\\\/\"},{\"@type\":\"ListItem\",\"position\":2,\"name\":\"Shop\",\"item\":\"https:\\\/\\\/eheating.lt\\\/en\\\/?page_id=5734\"},{\"@type\":\"ListItem\",\"position\":3,\"name\":\"4 kanal\u0173 DVR Hikvision iDS-7204HUHI-M1\\\/S\"}]},{\"@type\":\"WebSite\",\"@id\":\"https:\\\/\\\/eheating.lt\\\/#website\",\"url\":\"https:\\\/\\\/eheating.lt\\\/\",\"name\":\"eHeating\",\"description\":\"Elektronika ir \u0161ildymas\",\"potentialAction\":[{\"@type\":\"SearchAction\",\"target\":{\"@type\":\"EntryPoint\",\"urlTemplate\":\"https:\\\/\\\/eheating.lt\\\/?s={search_term_string}\"},\"query-input\":{\"@type\":\"PropertyValueSpecification\",\"valueRequired\":true,\"valueName\":\"search_term_string\"}}],\"inLanguage\":\"en-US\"}]}<\/script>\n<meta property=\"product:price:amount\" content=\"231.10\" \/>\n<meta property=\"product:price:currency\" content=\"EUR\" \/>\n<meta property=\"og:availability\" content=\"backorder\" \/>\n<meta property=\"product:availability\" content=\"available for order\" \/>\n<meta property=\"product:retailer_item_id\" content=\"669f5e7a9801\" \/>\n<meta property=\"product:condition\" content=\"new\" \/>\n<!-- \/ Yoast SEO Premium plugin. -->","yoast_head_json":{"title":"4 kanal\u0173 DVR Hikvision iDS-7204HUHI-M1\/S","description":"4 kanal\u0173 DVR Hikvision iDS-7204HUHI-M1\/S vaizdo \u012fra\u0161ymo \u012frenginys ; 4 analogin\u0117s BNC jungtys ; HDTVI i\u0117jimas iki 8MP ; Audio per koaksialin\u012f kabel\u012f","robots":{"index":"index","follow":"follow","max-snippet":"max-snippet:-1","max-image-preview":"max-image-preview:large","max-video-preview":"max-video-preview:-1"},"canonical":"https:\/\/eheating.lt\/en\/produktas\/4-kanalu-dvr-hikvision-ids-7204huhi-m1-s\/","og_locale":"en_US","og_type":"article","og_title":"4 kanal\u0173 DVR Hikvision iDS-7204HUHI-M1\/S","og_description":"4 kanal\u0173 DVR Hikvision iDS-7204HUHI-M1\/S vaizdo \u012fra\u0161ymo \u012frenginys ; 4 analogin\u0117s BNC jungtys ; HDTVI i\u0117jimas iki 8MP ; Audio per koaksialin\u012f kabel\u012f","og_url":"https:\/\/eheating.lt\/en\/produktas\/4-kanalu-dvr-hikvision-ids-7204huhi-m1-s\/","og_site_name":"Elektronika Namams","article_publisher":"https:\/\/www.facebook.com\/ElektronikaNamams","article_modified_time":"2024-10-18T13:43:46+00:00","og_image":[{"width":800,"height":800,"url":"https:\/\/eheating.lt\/wp-content\/uploads\/2023\/10\/4-kanalu-DVR-Hikvision-iDS-7204HUHI-M1S.png","type":"image\/png"}],"twitter_card":"summary_large_image","twitter_misc":{"Price":"231,10&nbsp;&euro;","Availability":"On backorder"},"schema":{"@context":"https:\/\/schema.org","@graph":[{"@type":"WebPage","@id":"https:\/\/eheating.lt\/en\/produktas\/4-kanalu-dvr-hikvision-ids-7204huhi-m1-s\/","url":"https:\/\/eheating.lt\/en\/produktas\/4-kanalu-dvr-hikvision-ids-7204huhi-m1-s\/","name":"4 kanal\u0173 DVR Hikvision iDS-7204HUHI-M1\/S","isPartOf":{"@id":"https:\/\/eheating.lt\/#website"},"primaryImageOfPage":{"@id":"https:\/\/eheating.lt\/en\/produktas\/4-kanalu-dvr-hikvision-ids-7204huhi-m1-s\/#primaryimage"},"image":{"@id":"https:\/\/eheating.lt\/en\/produktas\/4-kanalu-dvr-hikvision-ids-7204huhi-m1-s\/#primaryimage"},"thumbnailUrl":"https:\/\/eheating.lt\/wp-content\/uploads\/2023\/10\/4-kanalu-DVR-Hikvision-iDS-7204HUHI-M1S.png","datePublished":"2023-11-17T21:46:23+00:00","dateModified":"2024-10-18T13:43:46+00:00","description":"4 kanal\u0173 DVR Hikvision iDS-7204HUHI-M1\/S vaizdo \u012fra\u0161ymo \u012frenginys ; 4 analogin\u0117s BNC jungtys ; HDTVI i\u0117jimas iki 8MP ; Audio per koaksialin\u012f kabel\u012f","breadcrumb":{"@id":"https:\/\/eheating.lt\/en\/produktas\/4-kanalu-dvr-hikvision-ids-7204huhi-m1-s\/#breadcrumb"},"inLanguage":"en-US","potentialAction":[{"@type":"ReadAction","target":["https:\/\/eheating.lt\/en\/produktas\/4-kanalu-dvr-hikvision-ids-7204huhi-m1-s\/"]}]},{"@type":"ImageObject","inLanguage":"en-US","@id":"https:\/\/eheating.lt\/en\/produktas\/4-kanalu-dvr-hikvision-ids-7204huhi-m1-s\/#primaryimage","url":"https:\/\/eheating.lt\/wp-content\/uploads\/2023\/10\/4-kanalu-DVR-Hikvision-iDS-7204HUHI-M1S.png","contentUrl":"https:\/\/eheating.lt\/wp-content\/uploads\/2023\/10\/4-kanalu-DVR-Hikvision-iDS-7204HUHI-M1S.png","width":800,"height":800,"caption":"4 kanal\u0173 DVR Hikvision iDS-7204HUHI-M1\/S"},{"@type":"BreadcrumbList","@id":"https:\/\/eheating.lt\/en\/produktas\/4-kanalu-dvr-hikvision-ids-7204huhi-m1-s\/#breadcrumb","itemListElement":[{"@type":"ListItem","position":1,"name":"Prad\u017eia","item":"https:\/\/eheating.lt\/en\/"},{"@type":"ListItem","position":2,"name":"Shop","item":"https:\/\/eheating.lt\/en\/?page_id=5734"},{"@type":"ListItem","position":3,"name":"4 kanal\u0173 DVR Hikvision iDS-7204HUHI-M1\/S"}]},{"@type":"WebSite","@id":"https:\/\/eheating.lt\/#website","url":"https:\/\/eheating.lt\/","name":"eHeating","description":"Elektronika ir \u0161ildymas","potentialAction":[{"@type":"SearchAction","target":{"@type":"EntryPoint","urlTemplate":"https:\/\/eheating.lt\/?s={search_term_string}"},"query-input":{"@type":"PropertyValueSpecification","valueRequired":true,"valueName":"search_term_string"}}],"inLanguage":"en-US"}]},"product_price_amount":"231.10","product_price_currency":"EUR","og_availability":"backorder","product_availability":"available for order","product_retailer_item_id":"669f5e7a9801","product_condition":"new"},"_links":{"self":[{"href":"https:\/\/eheating.lt\/en\/wp-json\/wp\/v2\/product\/20918","targetHints":{"allow":["GET"]}}],"collection":[{"href":"https:\/\/eheating.lt\/en\/wp-json\/wp\/v2\/product"}],"about":[{"href":"https:\/\/eheating.lt\/en\/wp-json\/wp\/v2\/types\/product"}],"replies":[{"embeddable":true,"href":"https:\/\/eheating.lt\/en\/wp-json\/wp\/v2\/comments?post=20918"}],"version-history":[{"count":0,"href":"https:\/\/eheating.lt\/en\/wp-json\/wp\/v2\/product\/20918\/revisions"}],"wp:featuredmedia":[{"embeddable":true,"href":"https:\/\/eheating.lt\/en\/wp-json\/wp\/v2\/media\/29017"}],"wp:attachment":[{"href":"https:\/\/eheating.lt\/en\/wp-json\/wp\/v2\/media?parent=20918"}],"wp:term":[{"taxonomy":"product_brand","embeddable":true,"href":"https:\/\/eheating.lt\/en\/wp-json\/wp\/v2\/product_brand?post=20918"},{"taxonomy":"product_cat","embeddable":true,"href":"https:\/\/eheating.lt\/en\/wp-json\/wp\/v2\/product_cat?post=20918"},{"taxonomy":"product_tag","embeddable":true,"href":"https:\/\/eheating.lt\/en\/wp-json\/wp\/v2\/product_tag?post=20918"}],"curies":[{"name":"wp","href":"https:\/\/api.w.org\/{rel}","templated":true}]}}