{"id":20822,"date":"2023-11-13T22:02:18","date_gmt":"2023-11-13T20:02:18","guid":{"rendered":"https:\/\/eheating.lt\/?post_type=product&#038;p=20822"},"modified":"2024-10-18T16:42:25","modified_gmt":"2024-10-18T13:42:25","slug":"kietasis-diskas-wd-purple-30purz","status":"publish","type":"product","link":"https:\/\/eheating.lt\/en\/produktas\/kietasis-diskas-wd-purple-30purz\/","title":{"rendered":"Kietasis diskas WD Purple 30PURZ"},"content":{"rendered":"","protected":false},"excerpt":{"rendered":"<ul>\n<li>Kietasis diskas 3TB, skirtas DVR\/NVR vaizdo \u012fra\u0161ymo \u012frenginiams<\/li>\n<li>SATA 6Gb s<\/li>\n<li>5400 rpm<\/li>\n<li>64MB<\/li>\n<\/ul>\n","protected":false},"featured_media":28434,"comment_status":"closed","ping_status":"closed","template":"","meta":[],"product_brand":[],"product_cat":[533,581,404,537,305,318],"product_tag":[],"class_list":{"0":"post-20822","1":"product","2":"type-product","3":"status-publish","4":"has-post-thumbnail","6":"product_cat-ip-vaizdo-stebejimo-sistemos","7":"product_cat-kietieji-diskai-irasymo-irenginiams-turbo-hd","8":"product_cat-kietieji-diskai-irasymo-irenginiams","9":"product_cat-turbo-hd-kita-iranga","10":"product_cat-ip-kita-iranga","11":"product_cat-turbo-hd-apsauga","13":"first","14":"onbackorder","15":"purchasable","16":"product-type-simple"},"yoast_head":"<!-- This site is optimized with the Yoast SEO Premium plugin v21.5 (Yoast SEO v27.3) - https:\/\/yoast.com\/product\/yoast-seo-premium-wordpress\/ -->\n<title>Kietasis diskas WD Purple 30PURZ<\/title>\n<meta name=\"description\" content=\"Kietasis diskas WD Purple 30PURZ ; Kietasis diskas 3TB, skirtas DVR\/NVR vaizdo \u012fra\u0161ymo \u012frenginiams ; SATA 6Gb s ; 5400 rpm ; 64MB\" \/>\n<meta name=\"robots\" content=\"index, follow, max-snippet:-1, max-image-preview:large, max-video-preview:-1\" \/>\n<link rel=\"canonical\" href=\"https:\/\/eheating.lt\/en\/produktas\/kietasis-diskas-wd-purple-30purz\/\" \/>\n<meta property=\"og:locale\" content=\"en_US\" \/>\n<meta property=\"og:type\" content=\"article\" \/>\n<meta property=\"og:title\" content=\"Kietasis diskas WD Purple 30PURZ\" \/>\n<meta property=\"og:description\" content=\"Kietasis diskas WD Purple 30PURZ ; Kietasis diskas 3TB, skirtas DVR\/NVR vaizdo \u012fra\u0161ymo \u012frenginiams ; SATA 6Gb s ; 5400 rpm ; 64MB\" \/>\n<meta property=\"og:url\" content=\"https:\/\/eheating.lt\/en\/produktas\/kietasis-diskas-wd-purple-30purz\/\" \/>\n<meta property=\"og:site_name\" content=\"Elektronika Namams\" \/>\n<meta property=\"article:publisher\" content=\"https:\/\/www.facebook.com\/ElektronikaNamams\" \/>\n<meta property=\"article:modified_time\" content=\"2024-10-18T13:42:25+00:00\" \/>\n<meta property=\"og:image\" content=\"https:\/\/eheating.lt\/wp-content\/uploads\/2023\/10\/Kietasis-diskas-WD-Purple-30PURZ.png\" \/>\n\t<meta property=\"og:image:width\" content=\"800\" \/>\n\t<meta property=\"og:image:height\" content=\"800\" \/>\n\t<meta property=\"og:image:type\" content=\"image\/png\" \/>\n<meta name=\"twitter:card\" content=\"summary_large_image\" \/>\n<meta name=\"twitter:label1\" content=\"Price\" \/>\n\t<meta name=\"twitter:data1\" content=\"119,23&nbsp;&euro;\" \/>\n\t<meta name=\"twitter:label2\" content=\"Availability\" \/>\n\t<meta name=\"twitter:data2\" content=\"On backorder\" \/>\n<script type=\"application\/ld+json\" class=\"yoast-schema-graph\">{\"@context\":\"https:\\\/\\\/schema.org\",\"@graph\":[{\"@type\":\"WebPage\",\"@id\":\"https:\\\/\\\/eheating.lt\\\/en\\\/produktas\\\/kietasis-diskas-wd-purple-30purz\\\/\",\"url\":\"https:\\\/\\\/eheating.lt\\\/en\\\/produktas\\\/kietasis-diskas-wd-purple-30purz\\\/\",\"name\":\"Kietasis diskas WD Purple 30PURZ\",\"isPartOf\":{\"@id\":\"https:\\\/\\\/eheating.lt\\\/#website\"},\"primaryImageOfPage\":{\"@id\":\"https:\\\/\\\/eheating.lt\\\/en\\\/produktas\\\/kietasis-diskas-wd-purple-30purz\\\/#primaryimage\"},\"image\":{\"@id\":\"https:\\\/\\\/eheating.lt\\\/en\\\/produktas\\\/kietasis-diskas-wd-purple-30purz\\\/#primaryimage\"},\"thumbnailUrl\":\"https:\\\/\\\/eheating.lt\\\/wp-content\\\/uploads\\\/2023\\\/10\\\/Kietasis-diskas-WD-Purple-30PURZ.png\",\"datePublished\":\"2023-11-13T20:02:18+00:00\",\"dateModified\":\"2024-10-18T13:42:25+00:00\",\"description\":\"Kietasis diskas WD Purple 30PURZ ; Kietasis diskas 3TB, skirtas DVR\\\/NVR vaizdo \u012fra\u0161ymo \u012frenginiams ; SATA 6Gb s ; 5400 rpm ; 64MB\",\"breadcrumb\":{\"@id\":\"https:\\\/\\\/eheating.lt\\\/en\\\/produktas\\\/kietasis-diskas-wd-purple-30purz\\\/#breadcrumb\"},\"inLanguage\":\"en-US\",\"potentialAction\":[{\"@type\":\"ReadAction\",\"target\":[\"https:\\\/\\\/eheating.lt\\\/en\\\/produktas\\\/kietasis-diskas-wd-purple-30purz\\\/\"]}]},{\"@type\":\"ImageObject\",\"inLanguage\":\"en-US\",\"@id\":\"https:\\\/\\\/eheating.lt\\\/en\\\/produktas\\\/kietasis-diskas-wd-purple-30purz\\\/#primaryimage\",\"url\":\"https:\\\/\\\/eheating.lt\\\/wp-content\\\/uploads\\\/2023\\\/10\\\/Kietasis-diskas-WD-Purple-30PURZ.png\",\"contentUrl\":\"https:\\\/\\\/eheating.lt\\\/wp-content\\\/uploads\\\/2023\\\/10\\\/Kietasis-diskas-WD-Purple-30PURZ.png\",\"width\":800,\"height\":800,\"caption\":\"Kietasis diskas WD Purple 30PURZ\"},{\"@type\":\"BreadcrumbList\",\"@id\":\"https:\\\/\\\/eheating.lt\\\/en\\\/produktas\\\/kietasis-diskas-wd-purple-30purz\\\/#breadcrumb\",\"itemListElement\":[{\"@type\":\"ListItem\",\"position\":1,\"name\":\"Prad\u017eia\",\"item\":\"https:\\\/\\\/eheating.lt\\\/en\\\/\"},{\"@type\":\"ListItem\",\"position\":2,\"name\":\"Shop\",\"item\":\"https:\\\/\\\/eheating.lt\\\/en\\\/?page_id=5734\"},{\"@type\":\"ListItem\",\"position\":3,\"name\":\"Kietasis diskas WD Purple 30PURZ\"}]},{\"@type\":\"WebSite\",\"@id\":\"https:\\\/\\\/eheating.lt\\\/#website\",\"url\":\"https:\\\/\\\/eheating.lt\\\/\",\"name\":\"eHeating\",\"description\":\"Elektronika ir \u0161ildymas\",\"potentialAction\":[{\"@type\":\"SearchAction\",\"target\":{\"@type\":\"EntryPoint\",\"urlTemplate\":\"https:\\\/\\\/eheating.lt\\\/?s={search_term_string}\"},\"query-input\":{\"@type\":\"PropertyValueSpecification\",\"valueRequired\":true,\"valueName\":\"search_term_string\"}}],\"inLanguage\":\"en-US\"}]}<\/script>\n<meta property=\"product:price:amount\" content=\"119.23\" \/>\n<meta property=\"product:price:currency\" content=\"EUR\" \/>\n<meta property=\"og:availability\" content=\"backorder\" \/>\n<meta property=\"product:availability\" content=\"available for order\" \/>\n<meta property=\"product:retailer_item_id\" content=\"eccb0d842a37\" \/>\n<meta property=\"product:condition\" content=\"new\" \/>\n<!-- \/ Yoast SEO Premium plugin. -->","yoast_head_json":{"title":"Kietasis diskas WD Purple 30PURZ","description":"Kietasis diskas WD Purple 30PURZ ; Kietasis diskas 3TB, skirtas DVR\/NVR vaizdo \u012fra\u0161ymo \u012frenginiams ; SATA 6Gb s ; 5400 rpm ; 64MB","robots":{"index":"index","follow":"follow","max-snippet":"max-snippet:-1","max-image-preview":"max-image-preview:large","max-video-preview":"max-video-preview:-1"},"canonical":"https:\/\/eheating.lt\/en\/produktas\/kietasis-diskas-wd-purple-30purz\/","og_locale":"en_US","og_type":"article","og_title":"Kietasis diskas WD Purple 30PURZ","og_description":"Kietasis diskas WD Purple 30PURZ ; Kietasis diskas 3TB, skirtas DVR\/NVR vaizdo \u012fra\u0161ymo \u012frenginiams ; SATA 6Gb s ; 5400 rpm ; 64MB","og_url":"https:\/\/eheating.lt\/en\/produktas\/kietasis-diskas-wd-purple-30purz\/","og_site_name":"Elektronika Namams","article_publisher":"https:\/\/www.facebook.com\/ElektronikaNamams","article_modified_time":"2024-10-18T13:42:25+00:00","og_image":[{"width":800,"height":800,"url":"https:\/\/eheating.lt\/wp-content\/uploads\/2023\/10\/Kietasis-diskas-WD-Purple-30PURZ.png","type":"image\/png"}],"twitter_card":"summary_large_image","twitter_misc":{"Price":"119,23&nbsp;&euro;","Availability":"On backorder"},"schema":{"@context":"https:\/\/schema.org","@graph":[{"@type":"WebPage","@id":"https:\/\/eheating.lt\/en\/produktas\/kietasis-diskas-wd-purple-30purz\/","url":"https:\/\/eheating.lt\/en\/produktas\/kietasis-diskas-wd-purple-30purz\/","name":"Kietasis diskas WD Purple 30PURZ","isPartOf":{"@id":"https:\/\/eheating.lt\/#website"},"primaryImageOfPage":{"@id":"https:\/\/eheating.lt\/en\/produktas\/kietasis-diskas-wd-purple-30purz\/#primaryimage"},"image":{"@id":"https:\/\/eheating.lt\/en\/produktas\/kietasis-diskas-wd-purple-30purz\/#primaryimage"},"thumbnailUrl":"https:\/\/eheating.lt\/wp-content\/uploads\/2023\/10\/Kietasis-diskas-WD-Purple-30PURZ.png","datePublished":"2023-11-13T20:02:18+00:00","dateModified":"2024-10-18T13:42:25+00:00","description":"Kietasis diskas WD Purple 30PURZ ; Kietasis diskas 3TB, skirtas DVR\/NVR vaizdo \u012fra\u0161ymo \u012frenginiams ; SATA 6Gb s ; 5400 rpm ; 64MB","breadcrumb":{"@id":"https:\/\/eheating.lt\/en\/produktas\/kietasis-diskas-wd-purple-30purz\/#breadcrumb"},"inLanguage":"en-US","potentialAction":[{"@type":"ReadAction","target":["https:\/\/eheating.lt\/en\/produktas\/kietasis-diskas-wd-purple-30purz\/"]}]},{"@type":"ImageObject","inLanguage":"en-US","@id":"https:\/\/eheating.lt\/en\/produktas\/kietasis-diskas-wd-purple-30purz\/#primaryimage","url":"https:\/\/eheating.lt\/wp-content\/uploads\/2023\/10\/Kietasis-diskas-WD-Purple-30PURZ.png","contentUrl":"https:\/\/eheating.lt\/wp-content\/uploads\/2023\/10\/Kietasis-diskas-WD-Purple-30PURZ.png","width":800,"height":800,"caption":"Kietasis diskas WD Purple 30PURZ"},{"@type":"BreadcrumbList","@id":"https:\/\/eheating.lt\/en\/produktas\/kietasis-diskas-wd-purple-30purz\/#breadcrumb","itemListElement":[{"@type":"ListItem","position":1,"name":"Prad\u017eia","item":"https:\/\/eheating.lt\/en\/"},{"@type":"ListItem","position":2,"name":"Shop","item":"https:\/\/eheating.lt\/en\/?page_id=5734"},{"@type":"ListItem","position":3,"name":"Kietasis diskas WD Purple 30PURZ"}]},{"@type":"WebSite","@id":"https:\/\/eheating.lt\/#website","url":"https:\/\/eheating.lt\/","name":"eHeating","description":"Elektronika ir \u0161ildymas","potentialAction":[{"@type":"SearchAction","target":{"@type":"EntryPoint","urlTemplate":"https:\/\/eheating.lt\/?s={search_term_string}"},"query-input":{"@type":"PropertyValueSpecification","valueRequired":true,"valueName":"search_term_string"}}],"inLanguage":"en-US"}]},"product_price_amount":"119.23","product_price_currency":"EUR","og_availability":"backorder","product_availability":"available for order","product_retailer_item_id":"eccb0d842a37","product_condition":"new"},"_links":{"self":[{"href":"https:\/\/eheating.lt\/en\/wp-json\/wp\/v2\/product\/20822","targetHints":{"allow":["GET"]}}],"collection":[{"href":"https:\/\/eheating.lt\/en\/wp-json\/wp\/v2\/product"}],"about":[{"href":"https:\/\/eheating.lt\/en\/wp-json\/wp\/v2\/types\/product"}],"replies":[{"embeddable":true,"href":"https:\/\/eheating.lt\/en\/wp-json\/wp\/v2\/comments?post=20822"}],"version-history":[{"count":0,"href":"https:\/\/eheating.lt\/en\/wp-json\/wp\/v2\/product\/20822\/revisions"}],"wp:featuredmedia":[{"embeddable":true,"href":"https:\/\/eheating.lt\/en\/wp-json\/wp\/v2\/media\/28434"}],"wp:attachment":[{"href":"https:\/\/eheating.lt\/en\/wp-json\/wp\/v2\/media?parent=20822"}],"wp:term":[{"taxonomy":"product_brand","embeddable":true,"href":"https:\/\/eheating.lt\/en\/wp-json\/wp\/v2\/product_brand?post=20822"},{"taxonomy":"product_cat","embeddable":true,"href":"https:\/\/eheating.lt\/en\/wp-json\/wp\/v2\/product_cat?post=20822"},{"taxonomy":"product_tag","embeddable":true,"href":"https:\/\/eheating.lt\/en\/wp-json\/wp\/v2\/product_tag?post=20822"}],"curies":[{"name":"wp","href":"https:\/\/api.w.org\/{rel}","templated":true}]}}