{"id":20606,"date":"2023-12-28T11:11:44","date_gmt":"2023-12-28T09:11:44","guid":{"rendered":"https:\/\/eheating.lt\/?post_type=product&#038;p=20606"},"modified":"2024-10-18T16:39:36","modified_gmt":"2024-10-18T13:39:36","slug":"ragelis-cyfral-smart-d-juodas","status":"publish","type":"product","link":"https:\/\/eheating.lt\/en\/produktas\/ragelis-cyfral-smart-d-juodas\/","title":{"rendered":"Ragelis CYFRAL SMART-D juodas"},"content":{"rendered":"","protected":false},"excerpt":{"rendered":"<ul>\n<li>Skaitmeninis ragelis, naudojamas su CC-2000<\/li>\n<li>Veikia su 2 laid\u0173 sistemomis<\/li>\n<li>Du mygtukai (atrakinimo ir i\u0161\u0117jimo reguliavimo)<\/li>\n<li>Galimyb\u0117 reguliuoti gars\u0105 (2 pakopos) ir i\u0161jungti<\/li>\n<li>Juodas<\/li>\n<\/ul>\n","protected":false},"featured_media":29802,"comment_status":"closed","ping_status":"closed","template":"","meta":[],"product_brand":[],"product_cat":[357,359,356],"product_tag":[975],"class_list":{"0":"post-20606","1":"product","2":"type-product","3":"status-publish","4":"has-post-thumbnail","6":"product_cat-audio-telefonspynes","7":"product_cat-rageliai","8":"product_cat-vaizdo-telefonspynes","9":"product_tag-ean-en","11":"first","12":"onbackorder","13":"purchasable","14":"product-type-simple"},"yoast_head":"<!-- This site is optimized with the Yoast SEO Premium plugin v21.5 (Yoast SEO v27.3) - https:\/\/yoast.com\/product\/yoast-seo-premium-wordpress\/ -->\n<title>Ragelis CYFRAL SMART-D juodas<\/title>\n<meta name=\"robots\" content=\"index, follow, max-snippet:-1, max-image-preview:large, max-video-preview:-1\" \/>\n<link rel=\"canonical\" href=\"https:\/\/eheating.lt\/en\/produktas\/ragelis-cyfral-smart-d-juodas\/\" \/>\n<meta property=\"og:locale\" content=\"en_US\" \/>\n<meta property=\"og:type\" content=\"article\" \/>\n<meta property=\"og:title\" content=\"Ragelis CYFRAL SMART-D juodas\" \/>\n<meta property=\"og:description\" content=\"Skaitmeninis ragelis, naudojamas su CC-2000  Veikia su 2 laid\u0173 sistemomis  Du mygtukai (atrakinimo ir i\u0161\u0117jimo reguliavimo)  Galimyb\u0117 reguliuoti gars\u0105 (2 pakopos) ir i\u0161jungti  Juodas\" \/>\n<meta property=\"og:url\" content=\"https:\/\/eheating.lt\/en\/produktas\/ragelis-cyfral-smart-d-juodas\/\" \/>\n<meta property=\"og:site_name\" content=\"Elektronika Namams\" \/>\n<meta property=\"article:publisher\" content=\"https:\/\/www.facebook.com\/ElektronikaNamams\" \/>\n<meta property=\"article:modified_time\" content=\"2024-10-18T13:39:36+00:00\" \/>\n<meta property=\"og:image\" content=\"https:\/\/eheating.lt\/wp-content\/uploads\/2023\/10\/Ragelis-CYFRAL-SMART-D-juodas.png\" \/>\n\t<meta property=\"og:image:width\" content=\"800\" \/>\n\t<meta property=\"og:image:height\" content=\"800\" \/>\n\t<meta property=\"og:image:type\" content=\"image\/png\" \/>\n<meta name=\"twitter:card\" content=\"summary_large_image\" \/>\n<meta name=\"twitter:label1\" content=\"Price\" \/>\n\t<meta name=\"twitter:data1\" content=\"28,04&nbsp;&euro;\" \/>\n\t<meta name=\"twitter:label2\" content=\"Availability\" \/>\n\t<meta name=\"twitter:data2\" content=\"On backorder\" \/>\n<script type=\"application\/ld+json\" class=\"yoast-schema-graph\">{\"@context\":\"https:\\\/\\\/schema.org\",\"@graph\":[{\"@type\":\"WebPage\",\"@id\":\"https:\\\/\\\/eheating.lt\\\/en\\\/produktas\\\/ragelis-cyfral-smart-d-juodas\\\/\",\"url\":\"https:\\\/\\\/eheating.lt\\\/en\\\/produktas\\\/ragelis-cyfral-smart-d-juodas\\\/\",\"name\":\"Ragelis CYFRAL SMART-D juodas\",\"isPartOf\":{\"@id\":\"https:\\\/\\\/eheating.lt\\\/#website\"},\"primaryImageOfPage\":{\"@id\":\"https:\\\/\\\/eheating.lt\\\/en\\\/produktas\\\/ragelis-cyfral-smart-d-juodas\\\/#primaryimage\"},\"image\":{\"@id\":\"https:\\\/\\\/eheating.lt\\\/en\\\/produktas\\\/ragelis-cyfral-smart-d-juodas\\\/#primaryimage\"},\"thumbnailUrl\":\"https:\\\/\\\/eheating.lt\\\/wp-content\\\/uploads\\\/2023\\\/10\\\/Ragelis-CYFRAL-SMART-D-juodas.png\",\"datePublished\":\"2023-12-28T09:11:44+00:00\",\"dateModified\":\"2024-10-18T13:39:36+00:00\",\"breadcrumb\":{\"@id\":\"https:\\\/\\\/eheating.lt\\\/en\\\/produktas\\\/ragelis-cyfral-smart-d-juodas\\\/#breadcrumb\"},\"inLanguage\":\"en-US\",\"potentialAction\":[{\"@type\":\"ReadAction\",\"target\":[\"https:\\\/\\\/eheating.lt\\\/en\\\/produktas\\\/ragelis-cyfral-smart-d-juodas\\\/\"]}]},{\"@type\":\"ImageObject\",\"inLanguage\":\"en-US\",\"@id\":\"https:\\\/\\\/eheating.lt\\\/en\\\/produktas\\\/ragelis-cyfral-smart-d-juodas\\\/#primaryimage\",\"url\":\"https:\\\/\\\/eheating.lt\\\/wp-content\\\/uploads\\\/2023\\\/10\\\/Ragelis-CYFRAL-SMART-D-juodas.png\",\"contentUrl\":\"https:\\\/\\\/eheating.lt\\\/wp-content\\\/uploads\\\/2023\\\/10\\\/Ragelis-CYFRAL-SMART-D-juodas.png\",\"width\":800,\"height\":800,\"caption\":\"CYFRAL SMART-D juodas\"},{\"@type\":\"BreadcrumbList\",\"@id\":\"https:\\\/\\\/eheating.lt\\\/en\\\/produktas\\\/ragelis-cyfral-smart-d-juodas\\\/#breadcrumb\",\"itemListElement\":[{\"@type\":\"ListItem\",\"position\":1,\"name\":\"Prad\u017eia\",\"item\":\"https:\\\/\\\/eheating.lt\\\/en\\\/\"},{\"@type\":\"ListItem\",\"position\":2,\"name\":\"Shop\",\"item\":\"https:\\\/\\\/eheating.lt\\\/en\\\/?page_id=5734\"},{\"@type\":\"ListItem\",\"position\":3,\"name\":\"Ragelis CYFRAL SMART-D juodas\"}]},{\"@type\":\"WebSite\",\"@id\":\"https:\\\/\\\/eheating.lt\\\/#website\",\"url\":\"https:\\\/\\\/eheating.lt\\\/\",\"name\":\"eHeating\",\"description\":\"Elektronika ir \u0161ildymas\",\"potentialAction\":[{\"@type\":\"SearchAction\",\"target\":{\"@type\":\"EntryPoint\",\"urlTemplate\":\"https:\\\/\\\/eheating.lt\\\/?s={search_term_string}\"},\"query-input\":{\"@type\":\"PropertyValueSpecification\",\"valueRequired\":true,\"valueName\":\"search_term_string\"}}],\"inLanguage\":\"en-US\"}]}<\/script>\n<meta property=\"product:price:amount\" content=\"28.04\" \/>\n<meta property=\"product:price:currency\" content=\"EUR\" \/>\n<meta property=\"og:availability\" content=\"backorder\" \/>\n<meta property=\"product:availability\" content=\"available for order\" \/>\n<meta property=\"product:retailer_item_id\" content=\"934acecd1dc7\" \/>\n<meta property=\"product:condition\" content=\"new\" \/>\n<!-- \/ Yoast SEO Premium plugin. -->","yoast_head_json":{"title":"Ragelis CYFRAL SMART-D juodas","robots":{"index":"index","follow":"follow","max-snippet":"max-snippet:-1","max-image-preview":"max-image-preview:large","max-video-preview":"max-video-preview:-1"},"canonical":"https:\/\/eheating.lt\/en\/produktas\/ragelis-cyfral-smart-d-juodas\/","og_locale":"en_US","og_type":"article","og_title":"Ragelis CYFRAL SMART-D juodas","og_description":"Skaitmeninis ragelis, naudojamas su CC-2000  Veikia su 2 laid\u0173 sistemomis  Du mygtukai (atrakinimo ir i\u0161\u0117jimo reguliavimo)  Galimyb\u0117 reguliuoti gars\u0105 (2 pakopos) ir i\u0161jungti  Juodas","og_url":"https:\/\/eheating.lt\/en\/produktas\/ragelis-cyfral-smart-d-juodas\/","og_site_name":"Elektronika Namams","article_publisher":"https:\/\/www.facebook.com\/ElektronikaNamams","article_modified_time":"2024-10-18T13:39:36+00:00","og_image":[{"width":800,"height":800,"url":"https:\/\/eheating.lt\/wp-content\/uploads\/2023\/10\/Ragelis-CYFRAL-SMART-D-juodas.png","type":"image\/png"}],"twitter_card":"summary_large_image","twitter_misc":{"Price":"28,04&nbsp;&euro;","Availability":"On backorder"},"schema":{"@context":"https:\/\/schema.org","@graph":[{"@type":"WebPage","@id":"https:\/\/eheating.lt\/en\/produktas\/ragelis-cyfral-smart-d-juodas\/","url":"https:\/\/eheating.lt\/en\/produktas\/ragelis-cyfral-smart-d-juodas\/","name":"Ragelis CYFRAL SMART-D juodas","isPartOf":{"@id":"https:\/\/eheating.lt\/#website"},"primaryImageOfPage":{"@id":"https:\/\/eheating.lt\/en\/produktas\/ragelis-cyfral-smart-d-juodas\/#primaryimage"},"image":{"@id":"https:\/\/eheating.lt\/en\/produktas\/ragelis-cyfral-smart-d-juodas\/#primaryimage"},"thumbnailUrl":"https:\/\/eheating.lt\/wp-content\/uploads\/2023\/10\/Ragelis-CYFRAL-SMART-D-juodas.png","datePublished":"2023-12-28T09:11:44+00:00","dateModified":"2024-10-18T13:39:36+00:00","breadcrumb":{"@id":"https:\/\/eheating.lt\/en\/produktas\/ragelis-cyfral-smart-d-juodas\/#breadcrumb"},"inLanguage":"en-US","potentialAction":[{"@type":"ReadAction","target":["https:\/\/eheating.lt\/en\/produktas\/ragelis-cyfral-smart-d-juodas\/"]}]},{"@type":"ImageObject","inLanguage":"en-US","@id":"https:\/\/eheating.lt\/en\/produktas\/ragelis-cyfral-smart-d-juodas\/#primaryimage","url":"https:\/\/eheating.lt\/wp-content\/uploads\/2023\/10\/Ragelis-CYFRAL-SMART-D-juodas.png","contentUrl":"https:\/\/eheating.lt\/wp-content\/uploads\/2023\/10\/Ragelis-CYFRAL-SMART-D-juodas.png","width":800,"height":800,"caption":"CYFRAL SMART-D juodas"},{"@type":"BreadcrumbList","@id":"https:\/\/eheating.lt\/en\/produktas\/ragelis-cyfral-smart-d-juodas\/#breadcrumb","itemListElement":[{"@type":"ListItem","position":1,"name":"Prad\u017eia","item":"https:\/\/eheating.lt\/en\/"},{"@type":"ListItem","position":2,"name":"Shop","item":"https:\/\/eheating.lt\/en\/?page_id=5734"},{"@type":"ListItem","position":3,"name":"Ragelis CYFRAL SMART-D juodas"}]},{"@type":"WebSite","@id":"https:\/\/eheating.lt\/#website","url":"https:\/\/eheating.lt\/","name":"eHeating","description":"Elektronika ir \u0161ildymas","potentialAction":[{"@type":"SearchAction","target":{"@type":"EntryPoint","urlTemplate":"https:\/\/eheating.lt\/?s={search_term_string}"},"query-input":{"@type":"PropertyValueSpecification","valueRequired":true,"valueName":"search_term_string"}}],"inLanguage":"en-US"}]},"product_price_amount":"28.04","product_price_currency":"EUR","og_availability":"backorder","product_availability":"available for order","product_retailer_item_id":"934acecd1dc7","product_condition":"new"},"_links":{"self":[{"href":"https:\/\/eheating.lt\/en\/wp-json\/wp\/v2\/product\/20606","targetHints":{"allow":["GET"]}}],"collection":[{"href":"https:\/\/eheating.lt\/en\/wp-json\/wp\/v2\/product"}],"about":[{"href":"https:\/\/eheating.lt\/en\/wp-json\/wp\/v2\/types\/product"}],"replies":[{"embeddable":true,"href":"https:\/\/eheating.lt\/en\/wp-json\/wp\/v2\/comments?post=20606"}],"version-history":[{"count":0,"href":"https:\/\/eheating.lt\/en\/wp-json\/wp\/v2\/product\/20606\/revisions"}],"wp:featuredmedia":[{"embeddable":true,"href":"https:\/\/eheating.lt\/en\/wp-json\/wp\/v2\/media\/29802"}],"wp:attachment":[{"href":"https:\/\/eheating.lt\/en\/wp-json\/wp\/v2\/media?parent=20606"}],"wp:term":[{"taxonomy":"product_brand","embeddable":true,"href":"https:\/\/eheating.lt\/en\/wp-json\/wp\/v2\/product_brand?post=20606"},{"taxonomy":"product_cat","embeddable":true,"href":"https:\/\/eheating.lt\/en\/wp-json\/wp\/v2\/product_cat?post=20606"},{"taxonomy":"product_tag","embeddable":true,"href":"https:\/\/eheating.lt\/en\/wp-json\/wp\/v2\/product_tag?post=20606"}],"curies":[{"name":"wp","href":"https:\/\/api.w.org\/{rel}","templated":true}]}}