{"id":20560,"date":"2023-12-28T11:13:11","date_gmt":"2023-12-28T09:13:11","guid":{"rendered":"https:\/\/eheating.lt\/?post_type=product&#038;p=20560"},"modified":"2024-10-18T16:39:09","modified_gmt":"2024-10-18T13:39:09","slug":"dr-1-virstinkinio-montavimo-stogelis-telefonspynei-dd-5100","status":"publish","type":"product","link":"https:\/\/eheating.lt\/en\/produktas\/dr-1-virstinkinio-montavimo-stogelis-telefonspynei-dd-5100\/","title":{"rendered":"DR-1 vir\u0161tinkinio montavimo stogelis telefonspynei DD-5100"},"content":{"rendered":"","protected":false},"excerpt":{"rendered":"<ul>\n<li>Skirta DD-5100 telefonspyn\u0117ms.<\/li>\n<li>Apsaugo nuo lietaus.<\/li>\n<li>Padeda i\u0161vengti tiesioginio montavimo \u012f tink\u0105<\/li>\n<\/ul>\n","protected":false},"featured_media":29740,"comment_status":"closed","ping_status":"closed","template":"","meta":[],"product_brand":[],"product_cat":[873,868,865],"product_tag":[],"class_list":{"0":"post-20560","1":"product","2":"type-product","3":"status-publish","4":"has-post-thumbnail","6":"product_cat-audio-intercoms","7":"product_cat-door-stations","8":"product_cat-video-intercoms","10":"first","11":"instock","12":"purchasable","13":"product-type-simple"},"yoast_head":"<!-- This site is optimized with the Yoast SEO Premium plugin v21.5 (Yoast SEO v27.4) - https:\/\/yoast.com\/product\/yoast-seo-premium-wordpress\/ -->\n<title>DR-1 vir\u0161tinkinio montavimo stogelis telefonspynei DD-5100<\/title>\n<meta name=\"robots\" content=\"index, follow, max-snippet:-1, max-image-preview:large, max-video-preview:-1\" \/>\n<link rel=\"canonical\" href=\"https:\/\/eheating.lt\/en\/produktas\/dr-1-virstinkinio-montavimo-stogelis-telefonspynei-dd-5100\/\" \/>\n<meta property=\"og:locale\" content=\"en_US\" \/>\n<meta property=\"og:type\" content=\"article\" \/>\n<meta property=\"og:title\" content=\"DR-1 vir\u0161tinkinio montavimo stogelis telefonspynei DD-5100\" \/>\n<meta property=\"og:description\" content=\"Skirta DD-5100 telefonspyn\u0117ms.  Apsaugo nuo lietaus.  Padeda i\u0161vengti tiesioginio montavimo \u012f tink\u0105\" \/>\n<meta property=\"og:url\" content=\"https:\/\/eheating.lt\/en\/produktas\/dr-1-virstinkinio-montavimo-stogelis-telefonspynei-dd-5100\/\" \/>\n<meta property=\"og:site_name\" content=\"Elektronika Namams\" \/>\n<meta property=\"article:publisher\" content=\"https:\/\/www.facebook.com\/ElektronikaNamams\" \/>\n<meta property=\"article:modified_time\" content=\"2024-10-18T13:39:09+00:00\" \/>\n<meta property=\"og:image\" content=\"https:\/\/eheating.lt\/wp-content\/uploads\/2023\/10\/DR-1-virstinkinio-montavimo-stogelis.png\" \/>\n\t<meta property=\"og:image:width\" content=\"800\" \/>\n\t<meta property=\"og:image:height\" content=\"800\" \/>\n\t<meta property=\"og:image:type\" content=\"image\/png\" \/>\n<meta name=\"twitter:card\" content=\"summary_large_image\" \/>\n<meta name=\"twitter:label1\" content=\"Price\" \/>\n\t<meta name=\"twitter:data1\" content=\"32,51&nbsp;&euro;\" \/>\n\t<meta name=\"twitter:label2\" content=\"Availability\" \/>\n\t<meta name=\"twitter:data2\" content=\"In stock\" \/>\n<script type=\"application\/ld+json\" class=\"yoast-schema-graph\">{\"@context\":\"https:\\\/\\\/schema.org\",\"@graph\":[{\"@type\":\"WebPage\",\"@id\":\"https:\\\/\\\/eheating.lt\\\/en\\\/produktas\\\/dr-1-virstinkinio-montavimo-stogelis-telefonspynei-dd-5100\\\/\",\"url\":\"https:\\\/\\\/eheating.lt\\\/en\\\/produktas\\\/dr-1-virstinkinio-montavimo-stogelis-telefonspynei-dd-5100\\\/\",\"name\":\"DR-1 vir\u0161tinkinio montavimo stogelis telefonspynei DD-5100\",\"isPartOf\":{\"@id\":\"https:\\\/\\\/eheating.lt\\\/#website\"},\"primaryImageOfPage\":{\"@id\":\"https:\\\/\\\/eheating.lt\\\/en\\\/produktas\\\/dr-1-virstinkinio-montavimo-stogelis-telefonspynei-dd-5100\\\/#primaryimage\"},\"image\":{\"@id\":\"https:\\\/\\\/eheating.lt\\\/en\\\/produktas\\\/dr-1-virstinkinio-montavimo-stogelis-telefonspynei-dd-5100\\\/#primaryimage\"},\"thumbnailUrl\":\"https:\\\/\\\/eheating.lt\\\/wp-content\\\/uploads\\\/2023\\\/10\\\/DR-1-virstinkinio-montavimo-stogelis.png\",\"datePublished\":\"2023-12-28T09:13:11+00:00\",\"dateModified\":\"2024-10-18T13:39:09+00:00\",\"breadcrumb\":{\"@id\":\"https:\\\/\\\/eheating.lt\\\/en\\\/produktas\\\/dr-1-virstinkinio-montavimo-stogelis-telefonspynei-dd-5100\\\/#breadcrumb\"},\"inLanguage\":\"en-US\",\"potentialAction\":[{\"@type\":\"ReadAction\",\"target\":[\"https:\\\/\\\/eheating.lt\\\/en\\\/produktas\\\/dr-1-virstinkinio-montavimo-stogelis-telefonspynei-dd-5100\\\/\"]}]},{\"@type\":\"ImageObject\",\"inLanguage\":\"en-US\",\"@id\":\"https:\\\/\\\/eheating.lt\\\/en\\\/produktas\\\/dr-1-virstinkinio-montavimo-stogelis-telefonspynei-dd-5100\\\/#primaryimage\",\"url\":\"https:\\\/\\\/eheating.lt\\\/wp-content\\\/uploads\\\/2023\\\/10\\\/DR-1-virstinkinio-montavimo-stogelis.png\",\"contentUrl\":\"https:\\\/\\\/eheating.lt\\\/wp-content\\\/uploads\\\/2023\\\/10\\\/DR-1-virstinkinio-montavimo-stogelis.png\",\"width\":800,\"height\":800,\"caption\":\"DR-1 vir\u0161tinkinio montavimo stogelis\"},{\"@type\":\"BreadcrumbList\",\"@id\":\"https:\\\/\\\/eheating.lt\\\/en\\\/produktas\\\/dr-1-virstinkinio-montavimo-stogelis-telefonspynei-dd-5100\\\/#breadcrumb\",\"itemListElement\":[{\"@type\":\"ListItem\",\"position\":1,\"name\":\"Prad\u017eia\",\"item\":\"https:\\\/\\\/eheating.lt\\\/en\\\/\"},{\"@type\":\"ListItem\",\"position\":2,\"name\":\"Shop\",\"item\":\"https:\\\/\\\/eheating.lt\\\/en\\\/?page_id=5734\"},{\"@type\":\"ListItem\",\"position\":3,\"name\":\"DR-1 vir\u0161tinkinio montavimo stogelis telefonspynei DD-5100\"}]},{\"@type\":\"WebSite\",\"@id\":\"https:\\\/\\\/eheating.lt\\\/#website\",\"url\":\"https:\\\/\\\/eheating.lt\\\/\",\"name\":\"eHeating\",\"description\":\"Elektronika ir \u0161ildymas\",\"potentialAction\":[{\"@type\":\"SearchAction\",\"target\":{\"@type\":\"EntryPoint\",\"urlTemplate\":\"https:\\\/\\\/eheating.lt\\\/?s={search_term_string}\"},\"query-input\":{\"@type\":\"PropertyValueSpecification\",\"valueRequired\":true,\"valueName\":\"search_term_string\"}}],\"inLanguage\":\"en-US\"}]}<\/script>\n<meta property=\"product:price:amount\" content=\"32.51\" \/>\n<meta property=\"product:price:currency\" content=\"EUR\" \/>\n<meta property=\"og:availability\" content=\"instock\" \/>\n<meta property=\"product:availability\" content=\"instock\" \/>\n<meta property=\"product:retailer_item_id\" content=\"a1790e2e56c2\" \/>\n<meta property=\"product:condition\" content=\"new\" \/>\n<!-- \/ Yoast SEO Premium plugin. -->","yoast_head_json":{"title":"DR-1 vir\u0161tinkinio montavimo stogelis telefonspynei DD-5100","robots":{"index":"index","follow":"follow","max-snippet":"max-snippet:-1","max-image-preview":"max-image-preview:large","max-video-preview":"max-video-preview:-1"},"canonical":"https:\/\/eheating.lt\/en\/produktas\/dr-1-virstinkinio-montavimo-stogelis-telefonspynei-dd-5100\/","og_locale":"en_US","og_type":"article","og_title":"DR-1 vir\u0161tinkinio montavimo stogelis telefonspynei DD-5100","og_description":"Skirta DD-5100 telefonspyn\u0117ms.  Apsaugo nuo lietaus.  Padeda i\u0161vengti tiesioginio montavimo \u012f tink\u0105","og_url":"https:\/\/eheating.lt\/en\/produktas\/dr-1-virstinkinio-montavimo-stogelis-telefonspynei-dd-5100\/","og_site_name":"Elektronika Namams","article_publisher":"https:\/\/www.facebook.com\/ElektronikaNamams","article_modified_time":"2024-10-18T13:39:09+00:00","og_image":[{"width":800,"height":800,"url":"https:\/\/eheating.lt\/wp-content\/uploads\/2023\/10\/DR-1-virstinkinio-montavimo-stogelis.png","type":"image\/png"}],"twitter_card":"summary_large_image","twitter_misc":{"Price":"32,51&nbsp;&euro;","Availability":"In stock"},"schema":{"@context":"https:\/\/schema.org","@graph":[{"@type":"WebPage","@id":"https:\/\/eheating.lt\/en\/produktas\/dr-1-virstinkinio-montavimo-stogelis-telefonspynei-dd-5100\/","url":"https:\/\/eheating.lt\/en\/produktas\/dr-1-virstinkinio-montavimo-stogelis-telefonspynei-dd-5100\/","name":"DR-1 vir\u0161tinkinio montavimo stogelis telefonspynei DD-5100","isPartOf":{"@id":"https:\/\/eheating.lt\/#website"},"primaryImageOfPage":{"@id":"https:\/\/eheating.lt\/en\/produktas\/dr-1-virstinkinio-montavimo-stogelis-telefonspynei-dd-5100\/#primaryimage"},"image":{"@id":"https:\/\/eheating.lt\/en\/produktas\/dr-1-virstinkinio-montavimo-stogelis-telefonspynei-dd-5100\/#primaryimage"},"thumbnailUrl":"https:\/\/eheating.lt\/wp-content\/uploads\/2023\/10\/DR-1-virstinkinio-montavimo-stogelis.png","datePublished":"2023-12-28T09:13:11+00:00","dateModified":"2024-10-18T13:39:09+00:00","breadcrumb":{"@id":"https:\/\/eheating.lt\/en\/produktas\/dr-1-virstinkinio-montavimo-stogelis-telefonspynei-dd-5100\/#breadcrumb"},"inLanguage":"en-US","potentialAction":[{"@type":"ReadAction","target":["https:\/\/eheating.lt\/en\/produktas\/dr-1-virstinkinio-montavimo-stogelis-telefonspynei-dd-5100\/"]}]},{"@type":"ImageObject","inLanguage":"en-US","@id":"https:\/\/eheating.lt\/en\/produktas\/dr-1-virstinkinio-montavimo-stogelis-telefonspynei-dd-5100\/#primaryimage","url":"https:\/\/eheating.lt\/wp-content\/uploads\/2023\/10\/DR-1-virstinkinio-montavimo-stogelis.png","contentUrl":"https:\/\/eheating.lt\/wp-content\/uploads\/2023\/10\/DR-1-virstinkinio-montavimo-stogelis.png","width":800,"height":800,"caption":"DR-1 vir\u0161tinkinio montavimo stogelis"},{"@type":"BreadcrumbList","@id":"https:\/\/eheating.lt\/en\/produktas\/dr-1-virstinkinio-montavimo-stogelis-telefonspynei-dd-5100\/#breadcrumb","itemListElement":[{"@type":"ListItem","position":1,"name":"Prad\u017eia","item":"https:\/\/eheating.lt\/en\/"},{"@type":"ListItem","position":2,"name":"Shop","item":"https:\/\/eheating.lt\/en\/?page_id=5734"},{"@type":"ListItem","position":3,"name":"DR-1 vir\u0161tinkinio montavimo stogelis telefonspynei DD-5100"}]},{"@type":"WebSite","@id":"https:\/\/eheating.lt\/#website","url":"https:\/\/eheating.lt\/","name":"eHeating","description":"Elektronika ir \u0161ildymas","potentialAction":[{"@type":"SearchAction","target":{"@type":"EntryPoint","urlTemplate":"https:\/\/eheating.lt\/?s={search_term_string}"},"query-input":{"@type":"PropertyValueSpecification","valueRequired":true,"valueName":"search_term_string"}}],"inLanguage":"en-US"}]},"product_price_amount":"32.51","product_price_currency":"EUR","og_availability":"instock","product_availability":"instock","product_retailer_item_id":"a1790e2e56c2","product_condition":"new"},"_links":{"self":[{"href":"https:\/\/eheating.lt\/en\/wp-json\/wp\/v2\/product\/20560","targetHints":{"allow":["GET"]}}],"collection":[{"href":"https:\/\/eheating.lt\/en\/wp-json\/wp\/v2\/product"}],"about":[{"href":"https:\/\/eheating.lt\/en\/wp-json\/wp\/v2\/types\/product"}],"replies":[{"embeddable":true,"href":"https:\/\/eheating.lt\/en\/wp-json\/wp\/v2\/comments?post=20560"}],"version-history":[{"count":0,"href":"https:\/\/eheating.lt\/en\/wp-json\/wp\/v2\/product\/20560\/revisions"}],"wp:featuredmedia":[{"embeddable":true,"href":"https:\/\/eheating.lt\/en\/wp-json\/wp\/v2\/media\/29740"}],"wp:attachment":[{"href":"https:\/\/eheating.lt\/en\/wp-json\/wp\/v2\/media?parent=20560"}],"wp:term":[{"taxonomy":"product_brand","embeddable":true,"href":"https:\/\/eheating.lt\/en\/wp-json\/wp\/v2\/product_brand?post=20560"},{"taxonomy":"product_cat","embeddable":true,"href":"https:\/\/eheating.lt\/en\/wp-json\/wp\/v2\/product_cat?post=20560"},{"taxonomy":"product_tag","embeddable":true,"href":"https:\/\/eheating.lt\/en\/wp-json\/wp\/v2\/product_tag?post=20560"}],"curies":[{"name":"wp","href":"https:\/\/api.w.org\/{rel}","templated":true}]}}