{"id":20500,"date":"2023-11-17T23:49:11","date_gmt":"2023-11-17T21:49:11","guid":{"rendered":"https:\/\/eheating.lt\/?post_type=product&#038;p=20500"},"modified":"2024-10-18T16:38:26","modified_gmt":"2024-10-18T13:38:26","slug":"hikvision-16-kanalu-dvr-ids-7216hqhi-m1-sc","status":"publish","type":"product","link":"https:\/\/eheating.lt\/en\/produktas\/hikvision-16-kanalu-dvr-ids-7216hqhi-m1-sc\/","title":{"rendered":"Hikvision 16 kanal\u0173 DVR iDS-7216HQHI-M1\/S(C)"},"content":{"rendered":"<ul class=\"tech-specs-items-description\" data-target=\"Recording\">\n<li class=\"tech-specs-items-description-list\"><span class=\"tech-specs-items-description__title--heading\">\u012era\u0161ymas<\/span><\/li>\n<li class=\"tech-specs-items-description-list\"><span class=\"tech-specs-items-description__title\">Vaizdo suspaudimas<\/span><span class=\"tech-specs-items-description__title-details\">H.265 Pro+\/H.265 Pro\/H.265\/H.264+\/H.264<\/span><\/li>\n<li class=\"tech-specs-items-description-list\"><span class=\"tech-specs-items-description__title\">U\u017ekodavimo rai\u0161ka<\/span><span class=\"tech-specs-items-description__title-details\">4MP<\/span><\/li>\n<li class=\"tech-specs-items-description-list\"><span class=\"tech-specs-items-description__title\">Vaizdo bit\u0173 greitis<\/span><span class=\"tech-specs-items-description__title-details\">32 Kbps to 6 Mbps<\/span><\/li>\n<li class=\"tech-specs-items-description-list\"><span class=\"tech-specs-items-description__title\">Dvibugas srautas<\/span><span class=\"tech-specs-items-description__title-details\">Support<\/span><\/li>\n<li class=\"tech-specs-items-description-list\"><span class=\"tech-specs-items-description__title\">Srauto tipas<\/span><span class=\"tech-specs-items-description__title-details\">Video, Video &amp; Audio<\/span><\/li>\n<li class=\"tech-specs-items-description-list\"><span class=\"tech-specs-items-description__title\">Garso suspaudimas<\/span><span class=\"tech-specs-items-description__title-details\">G.711u<\/span><\/li>\n<li class=\"tech-specs-items-description-list\"><span class=\"tech-specs-items-description__title\">Garso bit\u0173 greitis<\/span><span class=\"tech-specs-items-description__title-details\">64 Kbps<\/span><\/li>\n<\/ul>\n<ul class=\"tech-specs-items-description\" data-target=\"Video and Audio\">\n<li class=\"tech-specs-items-description-list\"><span class=\"tech-specs-items-description__title--heading\">Vaizdas ir garsas<\/span><\/li>\n<li class=\"tech-specs-items-description-list\"><span class=\"tech-specs-items-description__title\">IP vaizdo \u012fra\u0161\u0173 \u012fvestis<\/span><span class=\"tech-specs-items-description__title-details\">8-ch (up to 24-ch);Up to 6 MP resolution;Support H.265+\/H.265\/H.264+\/H.264 IP cameras<\/span><\/li>\n<li class=\"tech-specs-items-description-list\"><span class=\"tech-specs-items-description__title\">Analogin\u0117 vaizdo \u012fra\u0161\u0173 \u012fvestis<\/span><span class=\"tech-specs-items-description__title-details\">16-ch;BNC interface (1.0 Vp-p, 75 \u03a9), supporting coaxitron connection<\/span><\/li>\n<li class=\"tech-specs-items-description-list\"><span class=\"tech-specs-items-description__title\">HDMI i\u0161vestis<\/span><span class=\"tech-specs-items-description__title-details\">Yes<\/span><\/li>\n<li class=\"tech-specs-items-description-list\"><span class=\"tech-specs-items-description__title\">CVBS \u012fvestis<\/span><span class=\"tech-specs-items-description__title-details\">PAL\/NTSC<\/span><\/li>\n<li class=\"tech-specs-items-description-list\"><span class=\"tech-specs-items-description__title\">CVBS i\u0161vestis<\/span><span class=\"tech-specs-items-description__title-details\"><span class=\"tech-specs-items-description__title-details\"><br \/>\n<\/span><\/span><\/p>\n<p class=\"mb-p\" style=\"margin-bottom: 0rem; height: auto;\">1-ch, BNC (1.0 Vp-p, 75 \u03a9),<\/p>\n<p class=\"mb-p\" style=\"margin-bottom: 0.5em; height: auto;\">resolution: PAL: 704 \u00d7 576, NTSC: 704 \u00d7 480<\/p>\n<p>&nbsp;<\/li>\n<li class=\"tech-specs-items-description-list\"><span class=\"tech-specs-items-description__title\">Sinchroninis atk\u016brimas<\/span><span class=\"tech-specs-items-description__title-details\">16-ch<\/span><\/li>\n<li class=\"tech-specs-items-description-list\"><span class=\"tech-specs-items-description__title\">AHD \u012fvestis<\/span><span class=\"tech-specs-items-description__title-details\">4 MP, 1080p@25 fps, 1080p@30 fps, 720p@25 fps, 720p@30 fps<\/span><\/li>\n<li class=\"tech-specs-items-description-list\"><span class=\"tech-specs-items-description__title\">HDCVI \u012fvestis<\/span><span class=\"tech-specs-items-description__title-details\">4 MP, 1080p@25 fps, 1080p@30 fps, 720p@25 fps, 720p@30 fps<\/span><\/li>\n<li class=\"tech-specs-items-description-list\"><span class=\"tech-specs-items-description__title\">Garso i\u0161vestis<\/span><span class=\"tech-specs-items-description__title-details\">1-ch, RCA (Linear, 1 K\u03a9)<\/span><\/li>\n<li class=\"tech-specs-items-description-list\"><span class=\"tech-specs-items-description__title\">Garso \u012fvestis<\/span><span class=\"tech-specs-items-description__title-details\">1-ch, RCA (2.0 Vp-p, 1 K\u03a9)<\/span><\/li>\n<li class=\"tech-specs-items-description-list\"><span class=\"tech-specs-items-description__title\">Dvipusis greitis<\/span><span class=\"tech-specs-items-description__title-details\">1-ch, RCA (2.0 Vp-p, 1 K\u03a9) (using the first audio input)<\/span><\/li>\n<\/ul>\n<ul class=\"tech-specs-items-description\" data-target=\"Decoding\">\n<li class=\"tech-specs-items-description-list\"><span class=\"tech-specs-items-description__title--heading\">I\u0161kodavimas<\/span><\/li>\n<li class=\"tech-specs-items-description-list\"><span class=\"tech-specs-items-description__title\">\u012era\u0161ymo rai\u0161ka<\/span><span class=\"tech-specs-items-description__title-details\"><span class=\"tech-specs-items-description__title-details\"><br \/>\n<\/span><\/span><\/p>\n<p class=\"mb-p\" style=\"margin-bottom: 0rem; height: auto;\">Main stream:<\/p>\n<p class=\"mb-p\" style=\"margin-bottom: 0rem; height: auto;\">When 1080p lite mode not enabled:<\/p>\n<p class=\"mb-p\" style=\"margin-bottom: 0rem; height: auto;\">For 4 MP stream access:<\/p>\n<p class=\"mb-p\" style=\"margin-bottom: 0rem; height: auto;\">4 MP lite@15 fps; 1080p lite\/720p\/WD1\/4CIF\/VGA\/CIF@25 fps (P)\/30 fps (N)<\/p>\n<p class=\"mb-p\" style=\"margin-bottom: 0rem; height: auto;\">For 3 MP stream access: 3 MP\/1080p\/720p\/VGA\/WD1\/4CIF\/CIF@15 fps<\/p>\n<p class=\"mb-p\" style=\"margin-bottom: 0rem; height: auto;\">For 1080p stream access:<\/p>\n<p class=\"mb-p\" style=\"margin-bottom: 0rem; height: auto;\">1080p\/720p@15 fps; VGA\/WD1\/4CIF\/CIF@25 fps (P)\/30 fps (N)<\/p>\n<p class=\"mb-p\" style=\"margin-bottom: 0rem; height: auto;\">For 720p stream access: 720p\/VGA\/WD1\/4CIF\/CIF@25 fps (P)\/30 fps (N)<\/p>\n<p class=\"mb-p\" style=\"margin-bottom: 0rem; height: auto;\">When 1080p Lite mode enabled:<\/p>\n<p class=\"mb-p\" style=\"margin-bottom: 0rem; height: auto;\">4 MP lite\/3 MP@15 fps; 1080p lite\/720p lite\/VGA\/WD1\/4CIF\/CIF@25 fps (P)\/30 fps (N)<\/p>\n<p class=\"mb-p\" style=\"margin-bottom: 0rem; height: auto;\">Sub-stream:<\/p>\n<p class=\"mb-p\" style=\"margin-bottom: 0.5em; height: auto;\">WD1\/4CIF@12 fps; CIF@25 fps (P)\/30 fps (N)<\/p>\n<p>&nbsp;<\/li>\n<\/ul>\n<ul class=\"tech-specs-items-description\" data-target=\"Network\">\n<li class=\"tech-specs-items-description-list\"><span class=\"tech-specs-items-description__title--heading\">Internetas<\/span><\/li>\n<li class=\"tech-specs-items-description-list\"><span class=\"tech-specs-items-description__title\">Protokolai<\/span><span class=\"tech-specs-items-description__title-details\">TCP\/IP, PPPoE, DHCP, Hik-Connect, DNS, DDNS, NTP, SADP, NFS, iSCSI, UPnP\u2122, HTTPS, ONVIF<\/span><\/li>\n<li class=\"tech-specs-items-description-list\"><span class=\"tech-specs-items-description__title\">Nuotolinis prisijungimas<\/span><span class=\"tech-specs-items-description__title-details\">128<\/span><\/li>\n<li class=\"tech-specs-items-description-list\"><span class=\"tech-specs-items-description__title\">Tinklo s\u0105saja<\/span><span class=\"tech-specs-items-description__title-details\">1\u00d7Gigabit<\/span><\/li>\n<\/ul>\n<ul class=\"tech-specs-items-description\" data-target=\"Auxiliary Interface\">\n<li class=\"tech-specs-items-description-list\"><span class=\"tech-specs-items-description__title--heading\">S\u0105sajos<\/span><\/li>\n<li class=\"tech-specs-items-description-list\"><span class=\"tech-specs-items-description__title\">SATA<\/span><span class=\"tech-specs-items-description__title-details\">1 SATA jungtis<\/span><\/li>\n<li class=\"tech-specs-items-description-list\"><span class=\"tech-specs-items-description__title\">Talpa<\/span><span class=\"tech-specs-items-description__title-details\">Up to 10 TB capacity for each disk<\/span><\/li>\n<li class=\"tech-specs-items-description-list\"><span class=\"tech-specs-items-description__title\">Serijin\u0117 s\u0105saja<\/span><span class=\"tech-specs-items-description__title-details\">RS-485 (half-duplex)<\/span><\/li>\n<li class=\"tech-specs-items-description-list\"><span class=\"tech-specs-items-description__title\">USB s\u0105saja<\/span><span class=\"tech-specs-items-description__title-details\"><span class=\"tech-specs-items-description__title-details\"><br \/>\n<\/span><\/span><\/p>\n<p class=\"mb-p\" style=\"margin-bottom: 0rem; height: auto;\">1 \u00d7 USB 2.0\uff1b<\/p>\n<p class=\"mb-p\" style=\"margin-bottom: 0.5em; height: auto;\">1 \u00d7 USB 3.0<\/p>\n<p>&nbsp;<\/li>\n<li class=\"tech-specs-items-description-list\"><span class=\"tech-specs-items-description__title\">Isp\u0117jamojo signalo \u012fvestis\/i\u0161vestis<\/span><span class=\"tech-specs-items-description__title-details\">No<\/span><\/li>\n<\/ul>\n<ul class=\"tech-specs-items-description\" data-target=\"General\">\n<li class=\"tech-specs-items-description-list\"><span class=\"tech-specs-items-description__title--heading\">Pagrindinis<\/span><\/li>\n<li class=\"tech-specs-items-description-list\"><span class=\"tech-specs-items-description__title\">Maitinimas<\/span><span class=\"tech-specs-items-description__title-details\">12 VDC<\/span><\/li>\n<li class=\"tech-specs-items-description-list\"><span class=\"tech-specs-items-description__title\">Energijos sunaudojimas<\/span><span class=\"tech-specs-items-description__title-details\">\u2264 24 W<\/span><\/li>\n<li class=\"tech-specs-items-description-list\"><span class=\"tech-specs-items-description__title\">Darbin\u0117 temperat\u016bra<\/span><span class=\"tech-specs-items-description__title-details\">-10 \u00b0C to +55 \u00b0C (+14 \u00b0F to +131 \u00b0F)<\/span><\/li>\n<li class=\"tech-specs-items-description-list\"><span class=\"tech-specs-items-description__title\">Atsparumas dr\u0117gmei<\/span><span class=\"tech-specs-items-description__title-details\">\u2264 24 W<\/span><\/li>\n<li class=\"tech-specs-items-description-list\"><span class=\"tech-specs-items-description__title\">Korpusas<\/span><span class=\"tech-specs-items-description__title-details\">1U(315mm)<\/span><\/li>\n<li class=\"tech-specs-items-description-list\"><span class=\"tech-specs-items-description__title\">Dydis<\/span><span class=\"tech-specs-items-description__title-details\">315 \u00d7 242 \u00d7 45 mm (12.4 \u00d7 9.5 \u00d7 1.8 inch)<\/span><\/li>\n<li class=\"tech-specs-items-description-list\"><span class=\"tech-specs-items-description__title-details\">\u2264 2 kg (4.4 lb)<\/span><\/li>\n<\/ul>\n","protected":false},"excerpt":{"rendered":"<ul>\n<li>16 kanal\u0173 ir 1 HDD 1U AcuSense DVR<\/li>\n<li>Pateikiama detali informacija ir veido atpa\u017einimo funkcija<\/li>\n<li>Klaiding\u0173 suveikim\u0173 i\u0161skyrimas remiantis giliojo mokymosi algoritmais<\/li>\n<li>Efektyvi H.265 pro+ suspaudimo technologija<\/li>\n<li>Kodavimo galimyb\u0117 iki 1080p @ 15 fps<\/li>\n<li>5 signal\u0173 adaptyvi \u012fvestis (HDTVI\/AHD\/CVI\/CVBS\/IP)<\/li>\n<li>Iki 24 tinklo kamer\u0173 gali b\u016bti prijungta<\/li>\n<\/ul>\n","protected":false},"featured_media":29057,"comment_status":"closed","ping_status":"closed","template":"","meta":[],"product_brand":[],"product_cat":[322,318,320],"product_tag":[],"class_list":{"0":"post-20500","1":"product","2":"type-product","3":"status-publish","4":"has-post-thumbnail","6":"product_cat-16-kanalu-dvr","7":"product_cat-turbo-hd-apsauga","8":"product_cat-turbo-hd-vaizdo-irasymo-irenginiai","10":"first","11":"instock","12":"purchasable","13":"product-type-simple"},"yoast_head":"<!-- This site is optimized with the Yoast SEO Premium plugin v21.5 (Yoast SEO v27.3) - https:\/\/yoast.com\/product\/yoast-seo-premium-wordpress\/ -->\n<title>Hikvision 16 kanal\u0173 DVR iDS-7216HQHI-M1\/S(C)<\/title>\n<meta name=\"description\" content=\"Hikvision 16 kanal\u0173 DVR iDS-7216HQHI-M1\/S(C) vaizdo \u012fra\u0161ymo \u012frenginys ; Kodavimo galimyb\u0117 iki 1080p @ 15 fps ; Iki 24 tinklo kamer\u0173 gali b\u016bti prijungta\" \/>\n<meta name=\"robots\" content=\"index, follow, max-snippet:-1, max-image-preview:large, max-video-preview:-1\" \/>\n<link rel=\"canonical\" href=\"https:\/\/eheating.lt\/produktas\/hikvision-16-kanalu-dvr-ids-7216hqhi-m1-sc\/\" \/>\n<meta property=\"og:locale\" content=\"en_US\" \/>\n<meta property=\"og:type\" content=\"article\" \/>\n<meta property=\"og:title\" content=\"Hikvision 16 kanal\u0173 DVR iDS-7216HQHI-M1\/S(C)\" \/>\n<meta property=\"og:description\" content=\"Hikvision 16 kanal\u0173 DVR iDS-7216HQHI-M1\/S(C) vaizdo \u012fra\u0161ymo \u012frenginys ; Kodavimo galimyb\u0117 iki 1080p @ 15 fps ; Iki 24 tinklo kamer\u0173 gali b\u016bti prijungta\" \/>\n<meta property=\"og:url\" content=\"https:\/\/eheating.lt\/produktas\/hikvision-16-kanalu-dvr-ids-7216hqhi-m1-sc\/\" \/>\n<meta property=\"og:site_name\" content=\"Elektronika Namams\" \/>\n<meta property=\"article:publisher\" content=\"https:\/\/www.facebook.com\/ElektronikaNamams\" \/>\n<meta property=\"article:modified_time\" content=\"2024-10-18T13:38:26+00:00\" \/>\n<meta property=\"og:image\" content=\"https:\/\/eheating.lt\/wp-content\/uploads\/2023\/10\/Hikvision-16-kanalu-DVR-iDS-7216HQHI-M1SC.png\" \/>\n\t<meta property=\"og:image:width\" content=\"800\" \/>\n\t<meta property=\"og:image:height\" content=\"800\" \/>\n\t<meta property=\"og:image:type\" content=\"image\/png\" \/>\n<meta name=\"twitter:card\" content=\"summary_large_image\" \/>\n<meta name=\"twitter:label1\" content=\"Price\" \/>\n\t<meta name=\"twitter:data1\" content=\"395,82&nbsp;&euro;\" \/>\n\t<meta name=\"twitter:label2\" content=\"Availability\" \/>\n\t<meta name=\"twitter:data2\" content=\"In stock\" \/>\n<script type=\"application\/ld+json\" class=\"yoast-schema-graph\">{\"@context\":\"https:\\\/\\\/schema.org\",\"@graph\":[{\"@type\":\"WebPage\",\"@id\":\"https:\\\/\\\/eheating.lt\\\/produktas\\\/hikvision-16-kanalu-dvr-ids-7216hqhi-m1-sc\\\/\",\"url\":\"https:\\\/\\\/eheating.lt\\\/produktas\\\/hikvision-16-kanalu-dvr-ids-7216hqhi-m1-sc\\\/\",\"name\":\"Hikvision 16 kanal\u0173 DVR iDS-7216HQHI-M1\\\/S(C)\",\"isPartOf\":{\"@id\":\"https:\\\/\\\/eheating.lt\\\/#website\"},\"primaryImageOfPage\":{\"@id\":\"https:\\\/\\\/eheating.lt\\\/produktas\\\/hikvision-16-kanalu-dvr-ids-7216hqhi-m1-sc\\\/#primaryimage\"},\"image\":{\"@id\":\"https:\\\/\\\/eheating.lt\\\/produktas\\\/hikvision-16-kanalu-dvr-ids-7216hqhi-m1-sc\\\/#primaryimage\"},\"thumbnailUrl\":\"https:\\\/\\\/eheating.lt\\\/wp-content\\\/uploads\\\/2023\\\/10\\\/Hikvision-16-kanalu-DVR-iDS-7216HQHI-M1SC.png\",\"datePublished\":\"2023-11-17T21:49:11+00:00\",\"dateModified\":\"2024-10-18T13:38:26+00:00\",\"description\":\"Hikvision 16 kanal\u0173 DVR iDS-7216HQHI-M1\\\/S(C) vaizdo \u012fra\u0161ymo \u012frenginys ; Kodavimo galimyb\u0117 iki 1080p @ 15 fps ; Iki 24 tinklo kamer\u0173 gali b\u016bti prijungta\",\"breadcrumb\":{\"@id\":\"https:\\\/\\\/eheating.lt\\\/produktas\\\/hikvision-16-kanalu-dvr-ids-7216hqhi-m1-sc\\\/#breadcrumb\"},\"inLanguage\":\"en-US\",\"potentialAction\":[{\"@type\":\"ReadAction\",\"target\":[\"https:\\\/\\\/eheating.lt\\\/produktas\\\/hikvision-16-kanalu-dvr-ids-7216hqhi-m1-sc\\\/\"]}]},{\"@type\":\"ImageObject\",\"inLanguage\":\"en-US\",\"@id\":\"https:\\\/\\\/eheating.lt\\\/produktas\\\/hikvision-16-kanalu-dvr-ids-7216hqhi-m1-sc\\\/#primaryimage\",\"url\":\"https:\\\/\\\/eheating.lt\\\/wp-content\\\/uploads\\\/2023\\\/10\\\/Hikvision-16-kanalu-DVR-iDS-7216HQHI-M1SC.png\",\"contentUrl\":\"https:\\\/\\\/eheating.lt\\\/wp-content\\\/uploads\\\/2023\\\/10\\\/Hikvision-16-kanalu-DVR-iDS-7216HQHI-M1SC.png\",\"width\":800,\"height\":800,\"caption\":\"Hikvision 16 kanal\u0173 DVR iDS-7216HQHI-M1\\\/S(C)\"},{\"@type\":\"BreadcrumbList\",\"@id\":\"https:\\\/\\\/eheating.lt\\\/produktas\\\/hikvision-16-kanalu-dvr-ids-7216hqhi-m1-sc\\\/#breadcrumb\",\"itemListElement\":[{\"@type\":\"ListItem\",\"position\":1,\"name\":\"Prad\u017eia\",\"item\":\"https:\\\/\\\/eheating.lt\\\/en\\\/\"},{\"@type\":\"ListItem\",\"position\":2,\"name\":\"Shop\",\"item\":\"https:\\\/\\\/eheating.lt\\\/en\\\/?page_id=5734\"},{\"@type\":\"ListItem\",\"position\":3,\"name\":\"Hikvision 16 kanal\u0173 DVR iDS-7216HQHI-M1\\\/S(C)\"}]},{\"@type\":\"WebSite\",\"@id\":\"https:\\\/\\\/eheating.lt\\\/#website\",\"url\":\"https:\\\/\\\/eheating.lt\\\/\",\"name\":\"eHeating\",\"description\":\"Elektronika ir \u0161ildymas\",\"potentialAction\":[{\"@type\":\"SearchAction\",\"target\":{\"@type\":\"EntryPoint\",\"urlTemplate\":\"https:\\\/\\\/eheating.lt\\\/?s={search_term_string}\"},\"query-input\":{\"@type\":\"PropertyValueSpecification\",\"valueRequired\":true,\"valueName\":\"search_term_string\"}}],\"inLanguage\":\"en-US\"}]}<\/script>\n<meta property=\"product:price:amount\" content=\"395.82\" \/>\n<meta property=\"product:price:currency\" content=\"EUR\" \/>\n<meta property=\"og:availability\" content=\"instock\" \/>\n<meta property=\"product:availability\" content=\"instock\" \/>\n<meta property=\"product:retailer_item_id\" content=\"d14075a890f8\" \/>\n<meta property=\"product:condition\" content=\"new\" \/>\n<!-- \/ Yoast SEO Premium plugin. -->","yoast_head_json":{"title":"Hikvision 16 kanal\u0173 DVR iDS-7216HQHI-M1\/S(C)","description":"Hikvision 16 kanal\u0173 DVR iDS-7216HQHI-M1\/S(C) vaizdo \u012fra\u0161ymo \u012frenginys ; Kodavimo galimyb\u0117 iki 1080p @ 15 fps ; Iki 24 tinklo kamer\u0173 gali b\u016bti prijungta","robots":{"index":"index","follow":"follow","max-snippet":"max-snippet:-1","max-image-preview":"max-image-preview:large","max-video-preview":"max-video-preview:-1"},"canonical":"https:\/\/eheating.lt\/produktas\/hikvision-16-kanalu-dvr-ids-7216hqhi-m1-sc\/","og_locale":"en_US","og_type":"article","og_title":"Hikvision 16 kanal\u0173 DVR iDS-7216HQHI-M1\/S(C)","og_description":"Hikvision 16 kanal\u0173 DVR iDS-7216HQHI-M1\/S(C) vaizdo \u012fra\u0161ymo \u012frenginys ; Kodavimo galimyb\u0117 iki 1080p @ 15 fps ; Iki 24 tinklo kamer\u0173 gali b\u016bti prijungta","og_url":"https:\/\/eheating.lt\/produktas\/hikvision-16-kanalu-dvr-ids-7216hqhi-m1-sc\/","og_site_name":"Elektronika Namams","article_publisher":"https:\/\/www.facebook.com\/ElektronikaNamams","article_modified_time":"2024-10-18T13:38:26+00:00","og_image":[{"width":800,"height":800,"url":"https:\/\/eheating.lt\/wp-content\/uploads\/2023\/10\/Hikvision-16-kanalu-DVR-iDS-7216HQHI-M1SC.png","type":"image\/png"}],"twitter_card":"summary_large_image","twitter_misc":{"Price":"395,82&nbsp;&euro;","Availability":"In stock"},"schema":{"@context":"https:\/\/schema.org","@graph":[{"@type":"WebPage","@id":"https:\/\/eheating.lt\/produktas\/hikvision-16-kanalu-dvr-ids-7216hqhi-m1-sc\/","url":"https:\/\/eheating.lt\/produktas\/hikvision-16-kanalu-dvr-ids-7216hqhi-m1-sc\/","name":"Hikvision 16 kanal\u0173 DVR iDS-7216HQHI-M1\/S(C)","isPartOf":{"@id":"https:\/\/eheating.lt\/#website"},"primaryImageOfPage":{"@id":"https:\/\/eheating.lt\/produktas\/hikvision-16-kanalu-dvr-ids-7216hqhi-m1-sc\/#primaryimage"},"image":{"@id":"https:\/\/eheating.lt\/produktas\/hikvision-16-kanalu-dvr-ids-7216hqhi-m1-sc\/#primaryimage"},"thumbnailUrl":"https:\/\/eheating.lt\/wp-content\/uploads\/2023\/10\/Hikvision-16-kanalu-DVR-iDS-7216HQHI-M1SC.png","datePublished":"2023-11-17T21:49:11+00:00","dateModified":"2024-10-18T13:38:26+00:00","description":"Hikvision 16 kanal\u0173 DVR iDS-7216HQHI-M1\/S(C) vaizdo \u012fra\u0161ymo \u012frenginys ; Kodavimo galimyb\u0117 iki 1080p @ 15 fps ; Iki 24 tinklo kamer\u0173 gali b\u016bti prijungta","breadcrumb":{"@id":"https:\/\/eheating.lt\/produktas\/hikvision-16-kanalu-dvr-ids-7216hqhi-m1-sc\/#breadcrumb"},"inLanguage":"en-US","potentialAction":[{"@type":"ReadAction","target":["https:\/\/eheating.lt\/produktas\/hikvision-16-kanalu-dvr-ids-7216hqhi-m1-sc\/"]}]},{"@type":"ImageObject","inLanguage":"en-US","@id":"https:\/\/eheating.lt\/produktas\/hikvision-16-kanalu-dvr-ids-7216hqhi-m1-sc\/#primaryimage","url":"https:\/\/eheating.lt\/wp-content\/uploads\/2023\/10\/Hikvision-16-kanalu-DVR-iDS-7216HQHI-M1SC.png","contentUrl":"https:\/\/eheating.lt\/wp-content\/uploads\/2023\/10\/Hikvision-16-kanalu-DVR-iDS-7216HQHI-M1SC.png","width":800,"height":800,"caption":"Hikvision 16 kanal\u0173 DVR iDS-7216HQHI-M1\/S(C)"},{"@type":"BreadcrumbList","@id":"https:\/\/eheating.lt\/produktas\/hikvision-16-kanalu-dvr-ids-7216hqhi-m1-sc\/#breadcrumb","itemListElement":[{"@type":"ListItem","position":1,"name":"Prad\u017eia","item":"https:\/\/eheating.lt\/en\/"},{"@type":"ListItem","position":2,"name":"Shop","item":"https:\/\/eheating.lt\/en\/?page_id=5734"},{"@type":"ListItem","position":3,"name":"Hikvision 16 kanal\u0173 DVR iDS-7216HQHI-M1\/S(C)"}]},{"@type":"WebSite","@id":"https:\/\/eheating.lt\/#website","url":"https:\/\/eheating.lt\/","name":"eHeating","description":"Elektronika ir \u0161ildymas","potentialAction":[{"@type":"SearchAction","target":{"@type":"EntryPoint","urlTemplate":"https:\/\/eheating.lt\/?s={search_term_string}"},"query-input":{"@type":"PropertyValueSpecification","valueRequired":true,"valueName":"search_term_string"}}],"inLanguage":"en-US"}]},"product_price_amount":"395.82","product_price_currency":"EUR","og_availability":"instock","product_availability":"instock","product_retailer_item_id":"d14075a890f8","product_condition":"new"},"_links":{"self":[{"href":"https:\/\/eheating.lt\/en\/wp-json\/wp\/v2\/product\/20500","targetHints":{"allow":["GET"]}}],"collection":[{"href":"https:\/\/eheating.lt\/en\/wp-json\/wp\/v2\/product"}],"about":[{"href":"https:\/\/eheating.lt\/en\/wp-json\/wp\/v2\/types\/product"}],"replies":[{"embeddable":true,"href":"https:\/\/eheating.lt\/en\/wp-json\/wp\/v2\/comments?post=20500"}],"version-history":[{"count":0,"href":"https:\/\/eheating.lt\/en\/wp-json\/wp\/v2\/product\/20500\/revisions"}],"wp:featuredmedia":[{"embeddable":true,"href":"https:\/\/eheating.lt\/en\/wp-json\/wp\/v2\/media\/29057"}],"wp:attachment":[{"href":"https:\/\/eheating.lt\/en\/wp-json\/wp\/v2\/media?parent=20500"}],"wp:term":[{"taxonomy":"product_brand","embeddable":true,"href":"https:\/\/eheating.lt\/en\/wp-json\/wp\/v2\/product_brand?post=20500"},{"taxonomy":"product_cat","embeddable":true,"href":"https:\/\/eheating.lt\/en\/wp-json\/wp\/v2\/product_cat?post=20500"},{"taxonomy":"product_tag","embeddable":true,"href":"https:\/\/eheating.lt\/en\/wp-json\/wp\/v2\/product_tag?post=20500"}],"curies":[{"name":"wp","href":"https:\/\/api.w.org\/{rel}","templated":true}]}}