{"id":20314,"date":"2023-12-30T19:11:37","date_gmt":"2023-12-30T17:11:37","guid":{"rendered":"https:\/\/eheating.lt\/?post_type=product&#038;p=20314"},"modified":"2024-10-18T16:36:38","modified_gmt":"2024-10-18T13:36:38","slug":"centrale-paradox-digiplex-evo192","status":"publish","type":"product","link":"https:\/\/eheating.lt\/en\/produktas\/centrale-paradox-digiplex-evo192\/","title":{"rendered":"Central\u0117 PARADOX DIGIPLEX EVO192"},"content":{"rendered":"<hr \/>\n<ul>\n<li><span style=\"font-size: 16px;\">Plie\u010diama iki\u00a0192 zon\u0173<\/span><\/li>\n<li><span style=\"font-size: 16px;\">Integruojama su pra\u0117jimo kontrole<\/span><\/li>\n<li><span style=\"font-size: 16px;\">Palaiko GSM modul\u012f PCS100 IP modul\u012f IP100, balso modul\u012f VDMP3<\/span><\/li>\n<li><span style=\"font-size: 16px;\">Programin\u0117s \u012frangos atnaujinimo galimyb\u0117 i\u0161 kompiuterio per 307USB jungt\u012f arba naudojant WinLoad programin\u0119 \u012frang\u0105<\/span><\/li>\n<li><span style=\"font-size: 16px;\">5 PGM, ple\u010diama iki 250, PGM1 gali b\u016bti naudojamas kaip \u012f\u0117jimas dvilaid\u017eiams prie\u0161gaisriniams jutikliams<\/span><\/li>\n<li><span style=\"font-size: 16px;\">Keturi\u0173 laid\u0173 duomen\u0173 perdavimo jungtis<\/span><\/li>\n<li><span style=\"font-size: 16px;\">8\u00a0sri\u010di\u0173<\/span><\/li>\n<li><span style=\"font-size: 16px;\">999 vartotoj\u0173 kodai<\/span><\/li>\n<li><span style=\"font-size: 16px;\">2048\u00a0\u012fvyki\u0173 buferis\u00a0<\/span><\/li>\n<\/ul>\n<table>\n<tbody>\n<tr>\n<td style=\"background-color: white;\"><span class=\"AW10\"><strong>Savyb\u0117s<\/strong><\/span><\/td>\n<td style=\"background-color: white;\"><span class=\"AW10\"><strong>EVO192<\/strong><\/span><\/td>\n<\/tr>\n<tr>\n<td>Maks. zon\u0173<\/td>\n<td>192<\/td>\n<\/tr>\n<tr>\n<td>PGM<\/td>\n<td>250 (5 on board)<\/td>\n<\/tr>\n<tr>\n<td>Multibus<\/td>\n<td><img decoding=\"async\" src=\"https:\/\/paradox.com\/images\/misc\/check_gray.gif\" alt=\"\" \/><\/td>\n<\/tr>\n<tr>\n<td>Vartotoj\u0173 kodai<\/td>\n<td>999<\/td>\n<\/tr>\n<tr>\n<td>Sritys<\/td>\n<td>8<\/td>\n<\/tr>\n<tr>\n<td>\u012evyki\u0173 buferis<\/td>\n<td>2048<\/td>\n<\/tr>\n<tr>\n<td>I\u0161pl\u0117timo moduliai<\/td>\n<td>254<\/td>\n<\/tr>\n<\/tbody>\n<\/table>\n","protected":false},"excerpt":{"rendered":"<ul>\n<li>8 Zon\u0173 central\u0117 (ple\u010diama iki 192)<\/li>\n<li>5 PGM i\u0161vestys<\/li>\n<\/ul>\n","protected":false},"featured_media":31050,"comment_status":"closed","ping_status":"closed","template":"","meta":[],"product_brand":[],"product_cat":[761,860,858,859],"product_tag":[975],"class_list":{"0":"post-20314","1":"product","2":"type-product","3":"status-publish","4":"has-post-thumbnail","6":"product_cat-security-systems","7":"product_cat-paradox-control-panels","8":"product_cat-wired-security-systems","9":"product_cat-paradox-wired-security-systems","10":"product_tag-ean-en","12":"first","13":"instock","14":"purchasable","15":"product-type-simple"},"yoast_head":"<!-- This site is optimized with the Yoast SEO Premium plugin v21.5 (Yoast SEO v27.3) - https:\/\/yoast.com\/product\/yoast-seo-premium-wordpress\/ -->\n<title>Central\u0117 PARADOX DIGIPLEX EVO192<\/title>\n<meta name=\"description\" content=\"Paradox EVO192 central\u0117 ; 8 Zon\u0173 central\u0117 (ple\u010diama iki 192) ; 5 PGM i\u0161vestys ; Palaiko GSM modul\u012f PCS100 IP modul\u012f IP100, balso modul\u012f VDMP3\" \/>\n<meta name=\"robots\" content=\"index, follow, max-snippet:-1, max-image-preview:large, max-video-preview:-1\" \/>\n<link rel=\"canonical\" href=\"https:\/\/eheating.lt\/en\/produktas\/centrale-paradox-digiplex-evo192\/\" \/>\n<meta property=\"og:locale\" content=\"en_US\" \/>\n<meta property=\"og:type\" content=\"article\" \/>\n<meta property=\"og:title\" content=\"Central\u0117 PARADOX DIGIPLEX EVO192\" \/>\n<meta property=\"og:description\" content=\"Paradox EVO192 central\u0117 ; 8 Zon\u0173 central\u0117 (ple\u010diama iki 192) ; 5 PGM i\u0161vestys ; Palaiko GSM modul\u012f PCS100 IP modul\u012f IP100, balso modul\u012f VDMP3\" \/>\n<meta property=\"og:url\" content=\"https:\/\/eheating.lt\/en\/produktas\/centrale-paradox-digiplex-evo192\/\" \/>\n<meta property=\"og:site_name\" content=\"Elektronika Namams\" \/>\n<meta property=\"article:publisher\" content=\"https:\/\/www.facebook.com\/ElektronikaNamams\" \/>\n<meta property=\"article:modified_time\" content=\"2024-10-18T13:36:38+00:00\" \/>\n<meta property=\"og:image\" content=\"https:\/\/eheating.lt\/wp-content\/uploads\/2023\/10\/Centrale-PARADOX-DIGIPLEX-EVO192.png\" \/>\n\t<meta property=\"og:image:width\" content=\"800\" \/>\n\t<meta property=\"og:image:height\" content=\"800\" \/>\n\t<meta property=\"og:image:type\" content=\"image\/png\" \/>\n<meta name=\"twitter:card\" content=\"summary_large_image\" \/>\n<meta name=\"twitter:label1\" content=\"Price\" \/>\n\t<meta name=\"twitter:data1\" content=\"98,12&nbsp;&euro;\" \/>\n\t<meta name=\"twitter:label2\" content=\"Availability\" \/>\n\t<meta name=\"twitter:data2\" content=\"In stock\" \/>\n<script type=\"application\/ld+json\" class=\"yoast-schema-graph\">{\"@context\":\"https:\\\/\\\/schema.org\",\"@graph\":[{\"@type\":\"WebPage\",\"@id\":\"https:\\\/\\\/eheating.lt\\\/en\\\/produktas\\\/centrale-paradox-digiplex-evo192\\\/\",\"url\":\"https:\\\/\\\/eheating.lt\\\/en\\\/produktas\\\/centrale-paradox-digiplex-evo192\\\/\",\"name\":\"Central\u0117 PARADOX DIGIPLEX EVO192\",\"isPartOf\":{\"@id\":\"https:\\\/\\\/eheating.lt\\\/#website\"},\"primaryImageOfPage\":{\"@id\":\"https:\\\/\\\/eheating.lt\\\/en\\\/produktas\\\/centrale-paradox-digiplex-evo192\\\/#primaryimage\"},\"image\":{\"@id\":\"https:\\\/\\\/eheating.lt\\\/en\\\/produktas\\\/centrale-paradox-digiplex-evo192\\\/#primaryimage\"},\"thumbnailUrl\":\"https:\\\/\\\/eheating.lt\\\/wp-content\\\/uploads\\\/2023\\\/10\\\/Centrale-PARADOX-DIGIPLEX-EVO192.png\",\"datePublished\":\"2023-12-30T17:11:37+00:00\",\"dateModified\":\"2024-10-18T13:36:38+00:00\",\"description\":\"Paradox EVO192 central\u0117 ; 8 Zon\u0173 central\u0117 (ple\u010diama iki 192) ; 5 PGM i\u0161vestys ; Palaiko GSM modul\u012f PCS100 IP modul\u012f IP100, balso modul\u012f VDMP3\",\"breadcrumb\":{\"@id\":\"https:\\\/\\\/eheating.lt\\\/en\\\/produktas\\\/centrale-paradox-digiplex-evo192\\\/#breadcrumb\"},\"inLanguage\":\"en-US\",\"potentialAction\":[{\"@type\":\"ReadAction\",\"target\":[\"https:\\\/\\\/eheating.lt\\\/en\\\/produktas\\\/centrale-paradox-digiplex-evo192\\\/\"]}]},{\"@type\":\"ImageObject\",\"inLanguage\":\"en-US\",\"@id\":\"https:\\\/\\\/eheating.lt\\\/en\\\/produktas\\\/centrale-paradox-digiplex-evo192\\\/#primaryimage\",\"url\":\"https:\\\/\\\/eheating.lt\\\/wp-content\\\/uploads\\\/2023\\\/10\\\/Centrale-PARADOX-DIGIPLEX-EVO192.png\",\"contentUrl\":\"https:\\\/\\\/eheating.lt\\\/wp-content\\\/uploads\\\/2023\\\/10\\\/Centrale-PARADOX-DIGIPLEX-EVO192.png\",\"width\":800,\"height\":800,\"caption\":\"PARADOX DIGIPLEX EVO192\"},{\"@type\":\"BreadcrumbList\",\"@id\":\"https:\\\/\\\/eheating.lt\\\/en\\\/produktas\\\/centrale-paradox-digiplex-evo192\\\/#breadcrumb\",\"itemListElement\":[{\"@type\":\"ListItem\",\"position\":1,\"name\":\"Prad\u017eia\",\"item\":\"https:\\\/\\\/eheating.lt\\\/en\\\/\"},{\"@type\":\"ListItem\",\"position\":2,\"name\":\"Shop\",\"item\":\"https:\\\/\\\/eheating.lt\\\/en\\\/?page_id=5734\"},{\"@type\":\"ListItem\",\"position\":3,\"name\":\"Central\u0117 PARADOX DIGIPLEX EVO192\"}]},{\"@type\":\"WebSite\",\"@id\":\"https:\\\/\\\/eheating.lt\\\/#website\",\"url\":\"https:\\\/\\\/eheating.lt\\\/\",\"name\":\"eHeating\",\"description\":\"Elektronika ir \u0161ildymas\",\"potentialAction\":[{\"@type\":\"SearchAction\",\"target\":{\"@type\":\"EntryPoint\",\"urlTemplate\":\"https:\\\/\\\/eheating.lt\\\/?s={search_term_string}\"},\"query-input\":{\"@type\":\"PropertyValueSpecification\",\"valueRequired\":true,\"valueName\":\"search_term_string\"}}],\"inLanguage\":\"en-US\"}]}<\/script>\n<meta property=\"product:price:amount\" content=\"98.12\" \/>\n<meta property=\"product:price:currency\" content=\"EUR\" \/>\n<meta property=\"og:availability\" content=\"instock\" \/>\n<meta property=\"product:availability\" content=\"instock\" \/>\n<meta property=\"product:retailer_item_id\" content=\"09274d84bd00\" \/>\n<meta property=\"product:condition\" content=\"new\" \/>\n<!-- \/ Yoast SEO Premium plugin. -->","yoast_head_json":{"title":"Central\u0117 PARADOX DIGIPLEX EVO192","description":"Paradox EVO192 central\u0117 ; 8 Zon\u0173 central\u0117 (ple\u010diama iki 192) ; 5 PGM i\u0161vestys ; Palaiko GSM modul\u012f PCS100 IP modul\u012f IP100, balso modul\u012f VDMP3","robots":{"index":"index","follow":"follow","max-snippet":"max-snippet:-1","max-image-preview":"max-image-preview:large","max-video-preview":"max-video-preview:-1"},"canonical":"https:\/\/eheating.lt\/en\/produktas\/centrale-paradox-digiplex-evo192\/","og_locale":"en_US","og_type":"article","og_title":"Central\u0117 PARADOX DIGIPLEX EVO192","og_description":"Paradox EVO192 central\u0117 ; 8 Zon\u0173 central\u0117 (ple\u010diama iki 192) ; 5 PGM i\u0161vestys ; Palaiko GSM modul\u012f PCS100 IP modul\u012f IP100, balso modul\u012f VDMP3","og_url":"https:\/\/eheating.lt\/en\/produktas\/centrale-paradox-digiplex-evo192\/","og_site_name":"Elektronika Namams","article_publisher":"https:\/\/www.facebook.com\/ElektronikaNamams","article_modified_time":"2024-10-18T13:36:38+00:00","og_image":[{"width":800,"height":800,"url":"https:\/\/eheating.lt\/wp-content\/uploads\/2023\/10\/Centrale-PARADOX-DIGIPLEX-EVO192.png","type":"image\/png"}],"twitter_card":"summary_large_image","twitter_misc":{"Price":"98,12&nbsp;&euro;","Availability":"In stock"},"schema":{"@context":"https:\/\/schema.org","@graph":[{"@type":"WebPage","@id":"https:\/\/eheating.lt\/en\/produktas\/centrale-paradox-digiplex-evo192\/","url":"https:\/\/eheating.lt\/en\/produktas\/centrale-paradox-digiplex-evo192\/","name":"Central\u0117 PARADOX DIGIPLEX EVO192","isPartOf":{"@id":"https:\/\/eheating.lt\/#website"},"primaryImageOfPage":{"@id":"https:\/\/eheating.lt\/en\/produktas\/centrale-paradox-digiplex-evo192\/#primaryimage"},"image":{"@id":"https:\/\/eheating.lt\/en\/produktas\/centrale-paradox-digiplex-evo192\/#primaryimage"},"thumbnailUrl":"https:\/\/eheating.lt\/wp-content\/uploads\/2023\/10\/Centrale-PARADOX-DIGIPLEX-EVO192.png","datePublished":"2023-12-30T17:11:37+00:00","dateModified":"2024-10-18T13:36:38+00:00","description":"Paradox EVO192 central\u0117 ; 8 Zon\u0173 central\u0117 (ple\u010diama iki 192) ; 5 PGM i\u0161vestys ; Palaiko GSM modul\u012f PCS100 IP modul\u012f IP100, balso modul\u012f VDMP3","breadcrumb":{"@id":"https:\/\/eheating.lt\/en\/produktas\/centrale-paradox-digiplex-evo192\/#breadcrumb"},"inLanguage":"en-US","potentialAction":[{"@type":"ReadAction","target":["https:\/\/eheating.lt\/en\/produktas\/centrale-paradox-digiplex-evo192\/"]}]},{"@type":"ImageObject","inLanguage":"en-US","@id":"https:\/\/eheating.lt\/en\/produktas\/centrale-paradox-digiplex-evo192\/#primaryimage","url":"https:\/\/eheating.lt\/wp-content\/uploads\/2023\/10\/Centrale-PARADOX-DIGIPLEX-EVO192.png","contentUrl":"https:\/\/eheating.lt\/wp-content\/uploads\/2023\/10\/Centrale-PARADOX-DIGIPLEX-EVO192.png","width":800,"height":800,"caption":"PARADOX DIGIPLEX EVO192"},{"@type":"BreadcrumbList","@id":"https:\/\/eheating.lt\/en\/produktas\/centrale-paradox-digiplex-evo192\/#breadcrumb","itemListElement":[{"@type":"ListItem","position":1,"name":"Prad\u017eia","item":"https:\/\/eheating.lt\/en\/"},{"@type":"ListItem","position":2,"name":"Shop","item":"https:\/\/eheating.lt\/en\/?page_id=5734"},{"@type":"ListItem","position":3,"name":"Central\u0117 PARADOX DIGIPLEX EVO192"}]},{"@type":"WebSite","@id":"https:\/\/eheating.lt\/#website","url":"https:\/\/eheating.lt\/","name":"eHeating","description":"Elektronika ir \u0161ildymas","potentialAction":[{"@type":"SearchAction","target":{"@type":"EntryPoint","urlTemplate":"https:\/\/eheating.lt\/?s={search_term_string}"},"query-input":{"@type":"PropertyValueSpecification","valueRequired":true,"valueName":"search_term_string"}}],"inLanguage":"en-US"}]},"product_price_amount":"98.12","product_price_currency":"EUR","og_availability":"instock","product_availability":"instock","product_retailer_item_id":"09274d84bd00","product_condition":"new"},"_links":{"self":[{"href":"https:\/\/eheating.lt\/en\/wp-json\/wp\/v2\/product\/20314","targetHints":{"allow":["GET"]}}],"collection":[{"href":"https:\/\/eheating.lt\/en\/wp-json\/wp\/v2\/product"}],"about":[{"href":"https:\/\/eheating.lt\/en\/wp-json\/wp\/v2\/types\/product"}],"replies":[{"embeddable":true,"href":"https:\/\/eheating.lt\/en\/wp-json\/wp\/v2\/comments?post=20314"}],"version-history":[{"count":0,"href":"https:\/\/eheating.lt\/en\/wp-json\/wp\/v2\/product\/20314\/revisions"}],"wp:featuredmedia":[{"embeddable":true,"href":"https:\/\/eheating.lt\/en\/wp-json\/wp\/v2\/media\/31050"}],"wp:attachment":[{"href":"https:\/\/eheating.lt\/en\/wp-json\/wp\/v2\/media?parent=20314"}],"wp:term":[{"taxonomy":"product_brand","embeddable":true,"href":"https:\/\/eheating.lt\/en\/wp-json\/wp\/v2\/product_brand?post=20314"},{"taxonomy":"product_cat","embeddable":true,"href":"https:\/\/eheating.lt\/en\/wp-json\/wp\/v2\/product_cat?post=20314"},{"taxonomy":"product_tag","embeddable":true,"href":"https:\/\/eheating.lt\/en\/wp-json\/wp\/v2\/product_tag?post=20314"}],"curies":[{"name":"wp","href":"https:\/\/api.w.org\/{rel}","templated":true}]}}