{"id":19802,"date":"2023-11-13T21:58:48","date_gmt":"2023-11-13T19:58:48","guid":{"rendered":"https:\/\/eheating.lt\/?post_type=product&#038;p=19802"},"modified":"2024-10-18T17:34:20","modified_gmt":"2024-10-18T14:34:20","slug":"hikvision-ds-d5050uc-c-sp-50-monitorius","status":"publish","type":"product","link":"https:\/\/eheating.lt\/en\/produktas\/hikvision-ds-d5050uc-c-sp-50-monitorius\/","title":{"rendered":"Hikvision DS-D5050UC-C SP 50&#8243; monitorius"},"content":{"rendered":"","protected":false},"excerpt":{"rendered":"<ul>\n<li>HDMI<\/li>\n<li>VGA<\/li>\n<li>Audio in, integruotas garsiakalbis<\/li>\n<\/ul>\n","protected":false},"featured_media":28332,"comment_status":"closed","ping_status":"closed","template":"","meta":[],"product_brand":[],"product_cat":[801,848,824,852,829,837],"product_tag":[],"class_list":{"0":"post-19802","1":"product","2":"type-product","3":"status-publish","4":"has-post-thumbnail","6":"product_cat-ip-video-surveillance-systems","7":"product_cat-turbo-hd-other-equipment","8":"product_cat-ip-other-equipment","9":"product_cat-monitors-turbo-hd","10":"product_cat-monitors","11":"product_cat-turbo-hd-video-surveillance","13":"first","14":"onbackorder","15":"purchasable","16":"product-type-simple"},"yoast_head":"<!-- This site is optimized with the Yoast SEO Premium plugin v21.5 (Yoast SEO v27.3) - https:\/\/yoast.com\/product\/yoast-seo-premium-wordpress\/ -->\n<title>Hikvision DS-D5050UC-C SP 50&quot; monitorius<\/title>\n<meta name=\"description\" content=\"Hikvision DS-D5050UC-C SP 50&quot; monitorius ; HDMI ; VGA ; Audio in, integruotas garsiakalbis ; Monitoriaus \u012fstri\u017eain\u0117 50 coli\u0173\" \/>\n<meta name=\"robots\" content=\"index, follow, max-snippet:-1, max-image-preview:large, max-video-preview:-1\" \/>\n<link rel=\"canonical\" href=\"https:\/\/eheating.lt\/produktas\/hikvision-ds-d5050uc-c-sp-50-monitorius\/\" \/>\n<meta property=\"og:locale\" content=\"en_US\" \/>\n<meta property=\"og:type\" content=\"article\" \/>\n<meta property=\"og:title\" content=\"Hikvision DS-D5050UC-C SP 50&quot; monitorius\" \/>\n<meta property=\"og:description\" content=\"Hikvision DS-D5050UC-C SP 50&quot; monitorius ; HDMI ; VGA ; Audio in, integruotas garsiakalbis ; Monitoriaus \u012fstri\u017eain\u0117 50 coli\u0173\" \/>\n<meta property=\"og:url\" content=\"https:\/\/eheating.lt\/produktas\/hikvision-ds-d5050uc-c-sp-50-monitorius\/\" \/>\n<meta property=\"og:site_name\" content=\"Elektronika Namams\" \/>\n<meta property=\"article:publisher\" content=\"https:\/\/www.facebook.com\/ElektronikaNamams\" \/>\n<meta property=\"article:modified_time\" content=\"2024-10-18T14:34:20+00:00\" \/>\n<meta property=\"og:image\" content=\"https:\/\/eheating.lt\/wp-content\/uploads\/2023\/10\/Hikvision-DS-D5050UC-C-SP-50-monitorius.png\" \/>\n\t<meta property=\"og:image:width\" content=\"800\" \/>\n\t<meta property=\"og:image:height\" content=\"800\" \/>\n\t<meta property=\"og:image:type\" content=\"image\/png\" \/>\n<meta name=\"twitter:card\" content=\"summary_large_image\" \/>\n<meta name=\"twitter:label1\" content=\"Price\" \/>\n\t<meta name=\"twitter:data1\" content=\"1227,17&nbsp;&euro;\" \/>\n\t<meta name=\"twitter:label2\" content=\"Availability\" \/>\n\t<meta name=\"twitter:data2\" content=\"On backorder\" \/>\n<script type=\"application\/ld+json\" class=\"yoast-schema-graph\">{\"@context\":\"https:\\\/\\\/schema.org\",\"@graph\":[{\"@type\":\"WebPage\",\"@id\":\"https:\\\/\\\/eheating.lt\\\/produktas\\\/hikvision-ds-d5050uc-c-sp-50-monitorius\\\/\",\"url\":\"https:\\\/\\\/eheating.lt\\\/produktas\\\/hikvision-ds-d5050uc-c-sp-50-monitorius\\\/\",\"name\":\"Hikvision DS-D5050UC-C SP 50\\\" monitorius\",\"isPartOf\":{\"@id\":\"https:\\\/\\\/eheating.lt\\\/#website\"},\"primaryImageOfPage\":{\"@id\":\"https:\\\/\\\/eheating.lt\\\/produktas\\\/hikvision-ds-d5050uc-c-sp-50-monitorius\\\/#primaryimage\"},\"image\":{\"@id\":\"https:\\\/\\\/eheating.lt\\\/produktas\\\/hikvision-ds-d5050uc-c-sp-50-monitorius\\\/#primaryimage\"},\"thumbnailUrl\":\"https:\\\/\\\/eheating.lt\\\/wp-content\\\/uploads\\\/2023\\\/10\\\/Hikvision-DS-D5050UC-C-SP-50-monitorius.png\",\"datePublished\":\"2023-11-13T19:58:48+00:00\",\"dateModified\":\"2024-10-18T14:34:20+00:00\",\"description\":\"Hikvision DS-D5050UC-C SP 50\\\" monitorius ; HDMI ; VGA ; Audio in, integruotas garsiakalbis ; Monitoriaus \u012fstri\u017eain\u0117 50 coli\u0173\",\"breadcrumb\":{\"@id\":\"https:\\\/\\\/eheating.lt\\\/produktas\\\/hikvision-ds-d5050uc-c-sp-50-monitorius\\\/#breadcrumb\"},\"inLanguage\":\"en-US\",\"potentialAction\":[{\"@type\":\"ReadAction\",\"target\":[\"https:\\\/\\\/eheating.lt\\\/produktas\\\/hikvision-ds-d5050uc-c-sp-50-monitorius\\\/\"]}]},{\"@type\":\"ImageObject\",\"inLanguage\":\"en-US\",\"@id\":\"https:\\\/\\\/eheating.lt\\\/produktas\\\/hikvision-ds-d5050uc-c-sp-50-monitorius\\\/#primaryimage\",\"url\":\"https:\\\/\\\/eheating.lt\\\/wp-content\\\/uploads\\\/2023\\\/10\\\/Hikvision-DS-D5050UC-C-SP-50-monitorius.png\",\"contentUrl\":\"https:\\\/\\\/eheating.lt\\\/wp-content\\\/uploads\\\/2023\\\/10\\\/Hikvision-DS-D5050UC-C-SP-50-monitorius.png\",\"width\":800,\"height\":800,\"caption\":\"Hikvision DS-D5050UC-C SP 50\\\" monitorius\"},{\"@type\":\"BreadcrumbList\",\"@id\":\"https:\\\/\\\/eheating.lt\\\/produktas\\\/hikvision-ds-d5050uc-c-sp-50-monitorius\\\/#breadcrumb\",\"itemListElement\":[{\"@type\":\"ListItem\",\"position\":1,\"name\":\"Prad\u017eia\",\"item\":\"https:\\\/\\\/eheating.lt\\\/en\\\/\"},{\"@type\":\"ListItem\",\"position\":2,\"name\":\"Shop\",\"item\":\"https:\\\/\\\/eheating.lt\\\/en\\\/?page_id=5734\"},{\"@type\":\"ListItem\",\"position\":3,\"name\":\"Hikvision DS-D5050UC-C SP 50&#8243; monitorius\"}]},{\"@type\":\"WebSite\",\"@id\":\"https:\\\/\\\/eheating.lt\\\/#website\",\"url\":\"https:\\\/\\\/eheating.lt\\\/\",\"name\":\"eHeating\",\"description\":\"Elektronika ir \u0161ildymas\",\"potentialAction\":[{\"@type\":\"SearchAction\",\"target\":{\"@type\":\"EntryPoint\",\"urlTemplate\":\"https:\\\/\\\/eheating.lt\\\/?s={search_term_string}\"},\"query-input\":{\"@type\":\"PropertyValueSpecification\",\"valueRequired\":true,\"valueName\":\"search_term_string\"}}],\"inLanguage\":\"en-US\"}]}<\/script>\n<meta property=\"product:price:amount\" content=\"1227.17\" \/>\n<meta property=\"product:price:currency\" content=\"EUR\" \/>\n<meta property=\"og:availability\" content=\"backorder\" \/>\n<meta property=\"product:availability\" content=\"available for order\" \/>\n<meta property=\"product:retailer_item_id\" content=\"70fb66da5049\" \/>\n<meta property=\"product:condition\" content=\"new\" \/>\n<!-- \/ Yoast SEO Premium plugin. -->","yoast_head_json":{"title":"Hikvision DS-D5050UC-C SP 50\" monitorius","description":"Hikvision DS-D5050UC-C SP 50\" monitorius ; HDMI ; VGA ; Audio in, integruotas garsiakalbis ; Monitoriaus \u012fstri\u017eain\u0117 50 coli\u0173","robots":{"index":"index","follow":"follow","max-snippet":"max-snippet:-1","max-image-preview":"max-image-preview:large","max-video-preview":"max-video-preview:-1"},"canonical":"https:\/\/eheating.lt\/produktas\/hikvision-ds-d5050uc-c-sp-50-monitorius\/","og_locale":"en_US","og_type":"article","og_title":"Hikvision DS-D5050UC-C SP 50\" monitorius","og_description":"Hikvision DS-D5050UC-C SP 50\" monitorius ; HDMI ; VGA ; Audio in, integruotas garsiakalbis ; Monitoriaus \u012fstri\u017eain\u0117 50 coli\u0173","og_url":"https:\/\/eheating.lt\/produktas\/hikvision-ds-d5050uc-c-sp-50-monitorius\/","og_site_name":"Elektronika Namams","article_publisher":"https:\/\/www.facebook.com\/ElektronikaNamams","article_modified_time":"2024-10-18T14:34:20+00:00","og_image":[{"width":800,"height":800,"url":"https:\/\/eheating.lt\/wp-content\/uploads\/2023\/10\/Hikvision-DS-D5050UC-C-SP-50-monitorius.png","type":"image\/png"}],"twitter_card":"summary_large_image","twitter_misc":{"Price":"1227,17&nbsp;&euro;","Availability":"On backorder"},"schema":{"@context":"https:\/\/schema.org","@graph":[{"@type":"WebPage","@id":"https:\/\/eheating.lt\/produktas\/hikvision-ds-d5050uc-c-sp-50-monitorius\/","url":"https:\/\/eheating.lt\/produktas\/hikvision-ds-d5050uc-c-sp-50-monitorius\/","name":"Hikvision DS-D5050UC-C SP 50\" monitorius","isPartOf":{"@id":"https:\/\/eheating.lt\/#website"},"primaryImageOfPage":{"@id":"https:\/\/eheating.lt\/produktas\/hikvision-ds-d5050uc-c-sp-50-monitorius\/#primaryimage"},"image":{"@id":"https:\/\/eheating.lt\/produktas\/hikvision-ds-d5050uc-c-sp-50-monitorius\/#primaryimage"},"thumbnailUrl":"https:\/\/eheating.lt\/wp-content\/uploads\/2023\/10\/Hikvision-DS-D5050UC-C-SP-50-monitorius.png","datePublished":"2023-11-13T19:58:48+00:00","dateModified":"2024-10-18T14:34:20+00:00","description":"Hikvision DS-D5050UC-C SP 50\" monitorius ; HDMI ; VGA ; Audio in, integruotas garsiakalbis ; Monitoriaus \u012fstri\u017eain\u0117 50 coli\u0173","breadcrumb":{"@id":"https:\/\/eheating.lt\/produktas\/hikvision-ds-d5050uc-c-sp-50-monitorius\/#breadcrumb"},"inLanguage":"en-US","potentialAction":[{"@type":"ReadAction","target":["https:\/\/eheating.lt\/produktas\/hikvision-ds-d5050uc-c-sp-50-monitorius\/"]}]},{"@type":"ImageObject","inLanguage":"en-US","@id":"https:\/\/eheating.lt\/produktas\/hikvision-ds-d5050uc-c-sp-50-monitorius\/#primaryimage","url":"https:\/\/eheating.lt\/wp-content\/uploads\/2023\/10\/Hikvision-DS-D5050UC-C-SP-50-monitorius.png","contentUrl":"https:\/\/eheating.lt\/wp-content\/uploads\/2023\/10\/Hikvision-DS-D5050UC-C-SP-50-monitorius.png","width":800,"height":800,"caption":"Hikvision DS-D5050UC-C SP 50\" monitorius"},{"@type":"BreadcrumbList","@id":"https:\/\/eheating.lt\/produktas\/hikvision-ds-d5050uc-c-sp-50-monitorius\/#breadcrumb","itemListElement":[{"@type":"ListItem","position":1,"name":"Prad\u017eia","item":"https:\/\/eheating.lt\/en\/"},{"@type":"ListItem","position":2,"name":"Shop","item":"https:\/\/eheating.lt\/en\/?page_id=5734"},{"@type":"ListItem","position":3,"name":"Hikvision DS-D5050UC-C SP 50&#8243; monitorius"}]},{"@type":"WebSite","@id":"https:\/\/eheating.lt\/#website","url":"https:\/\/eheating.lt\/","name":"eHeating","description":"Elektronika ir \u0161ildymas","potentialAction":[{"@type":"SearchAction","target":{"@type":"EntryPoint","urlTemplate":"https:\/\/eheating.lt\/?s={search_term_string}"},"query-input":{"@type":"PropertyValueSpecification","valueRequired":true,"valueName":"search_term_string"}}],"inLanguage":"en-US"}]},"product_price_amount":"1227.17","product_price_currency":"EUR","og_availability":"backorder","product_availability":"available for order","product_retailer_item_id":"70fb66da5049","product_condition":"new"},"_links":{"self":[{"href":"https:\/\/eheating.lt\/en\/wp-json\/wp\/v2\/product\/19802","targetHints":{"allow":["GET"]}}],"collection":[{"href":"https:\/\/eheating.lt\/en\/wp-json\/wp\/v2\/product"}],"about":[{"href":"https:\/\/eheating.lt\/en\/wp-json\/wp\/v2\/types\/product"}],"replies":[{"embeddable":true,"href":"https:\/\/eheating.lt\/en\/wp-json\/wp\/v2\/comments?post=19802"}],"version-history":[{"count":0,"href":"https:\/\/eheating.lt\/en\/wp-json\/wp\/v2\/product\/19802\/revisions"}],"wp:featuredmedia":[{"embeddable":true,"href":"https:\/\/eheating.lt\/en\/wp-json\/wp\/v2\/media\/28332"}],"wp:attachment":[{"href":"https:\/\/eheating.lt\/en\/wp-json\/wp\/v2\/media?parent=19802"}],"wp:term":[{"taxonomy":"product_brand","embeddable":true,"href":"https:\/\/eheating.lt\/en\/wp-json\/wp\/v2\/product_brand?post=19802"},{"taxonomy":"product_cat","embeddable":true,"href":"https:\/\/eheating.lt\/en\/wp-json\/wp\/v2\/product_cat?post=19802"},{"taxonomy":"product_tag","embeddable":true,"href":"https:\/\/eheating.lt\/en\/wp-json\/wp\/v2\/product_tag?post=19802"}],"curies":[{"name":"wp","href":"https:\/\/api.w.org\/{rel}","templated":true}]}}