{"id":19714,"date":"2023-11-13T21:53:18","date_gmt":"2023-11-13T19:53:18","guid":{"rendered":"https:\/\/eheating.lt\/?post_type=product&#038;p=19714"},"modified":"2024-07-11T18:40:32","modified_gmt":"2024-07-11T15:40:32","slug":"hikvision-nvr-ds-7932ni-i4-16p","status":"publish","type":"product","link":"https:\/\/eheating.lt\/en\/produktas\/hikvision-nvr-ds-7932ni-i4-16p\/","title":{"rendered":"Hikvision NVR DS-7932NI-I4\/16P"},"content":{"rendered":"<ul class=\"tech-specs-items-description\" data-target=\"Video and Audio\">\n<li class=\"tech-specs-items-description-list\"><span class=\"tech-specs-items-description__title--heading\">Vaizdas ir garsas<\/span><\/li>\n<li class=\"tech-specs-items-description-list\"><span class=\"tech-specs-items-description__title\">IP vaizdo \u012fra\u0161\u0173 \u012fvestis<\/span><span class=\"tech-specs-items-description__title-details\">32-ch<\/span><\/li>\n<li class=\"tech-specs-items-description-list\"><span class=\"tech-specs-items-description__title\">HDMI i\u0161vestis<\/span><span class=\"tech-specs-items-description__title-details\">4K (3840 \u00d7 2160)\/60Hz, 4K (3840 \u00d7 2160)\/30Hz, 1920 \u00d7 1080p\/60Hz, 1600 \u00d7 1200\/60Hz, 1280 \u00d7 1024\/60Hz, 1280 \u00d7 720\/60Hz, 1024 \u00d7 768\/60Hz<\/span><\/li>\n<li class=\"tech-specs-items-description-list\"><span class=\"tech-specs-items-description__title\">VGA i\u0161vestis<\/span><span class=\"tech-specs-items-description__title-details\">HDMI,VGA<\/span><\/li>\n<li class=\"tech-specs-items-description-list\"><span class=\"tech-specs-items-description__title\">CVBS i\u0161vestis<\/span><span class=\"tech-specs-items-description__title-details\">1-ch, BNC (1.0 Vp-p, 75 \u03a9), resolution: PAL: 704 \u00d7 576, NTSC: 704 \u00d7 480<\/span><\/li>\n<li class=\"tech-specs-items-description-list\"><span class=\"tech-specs-items-description__title\">\u012eeinantis pralaidumas<\/span><span class=\"tech-specs-items-description__title-details\">320 Mbps\/256 Mbps <\/span><\/li>\n<li class=\"tech-specs-items-description-list\"><span class=\"tech-specs-items-description__title\">Garso i\u0161vestis<\/span><span class=\"tech-specs-items-description__title-details\">1-ch, RCA (Linear, 1 K\u03a9) <\/span><\/li>\n<li class=\"tech-specs-items-description-list\"><span class=\"tech-specs-items-description__title\">Dvipusis greitis<\/span><span class=\"tech-specs-items-description__title-details\">1-ch, RCA (2.0 Vp-p, 1 k \u03a9)<\/span><\/li>\n<\/ul>\n<ul class=\"tech-specs-items-description\" data-target=\"Decoding\">\n<li class=\"tech-specs-items-description-list\"><span class=\"tech-specs-items-description__title--heading\">I\u0161kodavimas<\/span><\/li>\n<li class=\"tech-specs-items-description-list\"><span class=\"tech-specs-items-description__title\">Vaizdo i\u0161kodavimo formatas<\/span><span class=\"tech-specs-items-description__title-details\">H.265+,H.265,H.264+,H.264<\/span><\/li>\n<li class=\"tech-specs-items-description-list\"><span class=\"tech-specs-items-description__title\">I\u0161kodavimo paj\u0117gumas<\/span><span class=\"tech-specs-items-description__title-details\">16-ch@1080p<\/span><\/li>\n<li class=\"tech-specs-items-description-list\"><span class=\"tech-specs-items-description__title\">Sinchroninis atk\u016brimas<\/span><span class=\"tech-specs-items-description__title-details\">16-ch<\/span><\/li>\n<li class=\"tech-specs-items-description-list\"><span class=\"tech-specs-items-description__title\">\u012era\u0161ymo rai\u0161ka<\/span><span class=\"tech-specs-items-description__title-details\">12 MP\/8 MP\/6 MP\/5 MP\/4 MP\/3 MP\/1080p\/UXGA\/720p\/VGA\/4CIF \/DCIF\/ 2CIF\/CIF\/QCIF <\/span><\/li>\n<\/ul>\n<ul class=\"tech-specs-items-description\" data-target=\"Network\">\n<li class=\"tech-specs-items-description-list\"><span class=\"tech-specs-items-description__title--heading\">Internetas<\/span><\/li>\n<li class=\"tech-specs-items-description-list\"><span class=\"tech-specs-items-description__title\">Protokolai<\/span><span class=\"tech-specs-items-description__title-details\">TCP\/IP, DHCP, Hik-Connect, DNS, DDNS, NTP, SADP, SMTP, NFS, iSCSI, UPnP\u2122, HTTPS<\/span><\/li>\n<li class=\"tech-specs-items-description-list\"><span class=\"tech-specs-items-description__title\">Nuotolinis prisijungimas<\/span><span class=\"tech-specs-items-description__title-details\">128<\/span><\/li>\n<li class=\"tech-specs-items-description-list\"><span class=\"tech-specs-items-description__title\">Tinklo s\u0105saja<\/span><span class=\"tech-specs-items-description__title-details\">1 RJ-45 10\/100\/1000 Mbps self-adaptive Ethernet interface<\/span><\/li>\n<\/ul>\n<ul class=\"tech-specs-items-description\" data-target=\"PoE\">\n<li class=\"tech-specs-items-description-list\"><span class=\"tech-specs-items-description__title--heading\">PoE<\/span><\/li>\n<li class=\"tech-specs-items-description-list\"><span class=\"tech-specs-items-description__title\">S\u0105saja<\/span><span class=\"tech-specs-items-description__title-details\">16 RJ-45 10\/100 Mbps self-adaptive Ethernet interfaces<\/span><\/li>\n<li class=\"tech-specs-items-description-list\"><span class=\"tech-specs-items-description__title\">Sistemos parametrai<\/span><span class=\"tech-specs-items-description__title-details\">\u2264200W<\/span><\/li>\n<li class=\"tech-specs-items-description-list\"><span class=\"tech-specs-items-description__title\">Standartas<\/span><span class=\"tech-specs-items-description__title-details\">IEEE 802.3 af\/at<\/span><\/li>\n<\/ul>\n<ul class=\"tech-specs-items-description\" data-target=\"RAID\">\n<li class=\"tech-specs-items-description-list\"><span class=\"tech-specs-items-description__title--heading\">RAID<\/span><\/li>\n<li class=\"tech-specs-items-description-list\"><span class=\"tech-specs-items-description__title\">RAID Type<\/span><span class=\"tech-specs-items-description__title-details\">No<\/span><\/li>\n<\/ul>\n<ul class=\"tech-specs-items-description\" data-target=\"Auxiliary Interface\">\n<li class=\"tech-specs-items-description-list\"><span class=\"tech-specs-items-description__title--heading\">S\u0105sajos<\/span><\/li>\n<li class=\"tech-specs-items-description-list\"><span class=\"tech-specs-items-description__title\">SATA<\/span><span class=\"tech-specs-items-description__title-details\">4<\/span><\/li>\n<li class=\"tech-specs-items-description-list\"><span class=\"tech-specs-items-description__title\">Talpa<\/span><span class=\"tech-specs-items-description__title-details\">Up to 8TB capacity for each HDD<\/span><\/li>\n<li class=\"tech-specs-items-description-list\"><span class=\"tech-specs-items-description__title\">Serijin\u0117 s\u0105saja<\/span><span class=\"tech-specs-items-description__title-details\">1 RS-485 (half-duplex), 1 RS-232 <\/span><\/li>\n<li class=\"tech-specs-items-description-list\"><span class=\"tech-specs-items-description__title\">USB s\u0105saja<\/span><span class=\"tech-specs-items-description__title-details\">Front panel: 2 \u00d7 USB 2.0; Rear panel: 1 \u00d7 USB 3.0<\/span><\/li>\n<li class=\"tech-specs-items-description-list\"><span class=\"tech-specs-items-description__title\">Isp\u0117jamojo signalo \u012fvestis\/i\u0161vestis<\/span><span class=\"tech-specs-items-description__title-details\">16\/8<\/span><\/li>\n<\/ul>\n<ul class=\"tech-specs-items-description\" data-target=\"General\">\n<li class=\"tech-specs-items-description-list\"><span class=\"tech-specs-items-description__title--heading\">Pagrindinis<\/span><\/li>\n<li class=\"tech-specs-items-description-list\"><span class=\"tech-specs-items-description__title\">Maitinimas<\/span><span class=\"tech-specs-items-description__title-details\">100 to 240 VAC \u2264300 W <\/span><\/li>\n<li class=\"tech-specs-items-description-list\"><span class=\"tech-specs-items-description__title\">Energijos sunaudojimas<\/span><span class=\"tech-specs-items-description__title-details\">\u226420 W (without enabling PoE)<\/span><\/li>\n<li class=\"tech-specs-items-description-list\"><span class=\"tech-specs-items-description__title\">Darbin\u0117 temperat\u016bra<\/span><span class=\"tech-specs-items-description__title-details\">-10 \u00b0C to 55 \u00b0C (14 \u00b0F to 131 \u00b0F)<\/span><\/li>\n<li class=\"tech-specs-items-description-list\"><span class=\"tech-specs-items-description__title\">Atsparumas dr\u0117gmei<\/span><span class=\"tech-specs-items-description__title-details\">10 to 90 %<\/span><\/li>\n<li class=\"tech-specs-items-description-list\"><span class=\"tech-specs-items-description__title\">Dydis<\/span><span class=\"tech-specs-items-description__title-details\">445 \u00d7 400 \u00d771 mm ( 17.5&#8243;\u00d7 15.7&#8243; \u00d7 2.8&#8243;)<\/span><\/li>\n<li class=\"tech-specs-items-description-list\"><span class=\"tech-specs-items-description__title\">Svoris<\/span><span class=\"tech-specs-items-description__title-details\">\u2264 5 kg (11 lb)<\/span><\/li>\n<\/ul>\n","protected":false},"excerpt":{"rendered":"<ul>\n<li>32 kanal\u0173 NVR<\/li>\n<li>Iki 2-ch @ 12 MP\/16-ch @ 1080p dekodavimas<\/li>\n<li>Iki 320 Mbps \u012feinantis pralaidumas<\/li>\n<li>4 HDDs nepertraukiamam vaizdo \u012fra\u0161ymui<\/li>\n<li>16 PoE prievad\u0173<\/li>\n<li>Palaiko ANPR ir fisheye kameras<\/li>\n<li>Pa\u017eangi srautinio perdavimo technologija u\u017etikrina skland\u0173 tiesiogin\u012f vaizd\u0105 ir savaimin\u012f duomen\u0173 taisym\u0105 prastomis tinklo s\u0105lygomis<\/li>\n<li>Palaiko dviej\u0173 sraut\u0173 \u012fra\u0161ym\u0105<\/li>\n<\/ul>\n","protected":false},"featured_media":28294,"comment_status":"closed","ping_status":"closed","template":"","meta":[],"product_brand":[],"product_cat":[487,533,440],"product_tag":[],"class_list":{"0":"post-19714","1":"product","2":"type-product","3":"status-publish","4":"has-post-thumbnail","6":"product_cat-32-kanalu-nvr","7":"product_cat-ip-vaizdo-stebejimo-sistemos","8":"product_cat-ip-vaizdo-irasymo-irenginiai","10":"first","11":"instock","12":"taxable","13":"shipping-taxable","14":"purchasable","15":"product-type-simple"},"yoast_head":"<!-- This site is optimized with the Yoast SEO Premium plugin v21.5 (Yoast SEO v27.3) - https:\/\/yoast.com\/product\/yoast-seo-premium-wordpress\/ -->\n<title>Hikvision NVR DS-7932NI-I4\/16P<\/title>\n<meta name=\"description\" content=\"Hikvision NVR DS-7932NI-I4\/16P ; Iki 32-ch IP kamer\u0173 kanal\u0173 ; 16 PoE prievad\u0173 ; Palaiko ANPR ir fisheye kameras ; Iki 320 Mbps \u012feinantis pralaidumas\" \/>\n<meta name=\"robots\" content=\"index, follow, max-snippet:-1, max-image-preview:large, max-video-preview:-1\" \/>\n<link rel=\"canonical\" href=\"https:\/\/eheating.lt\/produktas\/hikvision-nvr-ds-7932ni-i4-16p\/\" \/>\n<meta property=\"og:locale\" content=\"en_US\" \/>\n<meta property=\"og:type\" content=\"article\" \/>\n<meta property=\"og:title\" content=\"Hikvision NVR DS-7932NI-I4\/16P\" \/>\n<meta property=\"og:description\" content=\"Hikvision NVR DS-7932NI-I4\/16P ; Iki 32-ch IP kamer\u0173 kanal\u0173 ; 16 PoE prievad\u0173 ; Palaiko ANPR ir fisheye kameras ; Iki 320 Mbps \u012feinantis pralaidumas\" \/>\n<meta property=\"og:url\" content=\"https:\/\/eheating.lt\/produktas\/hikvision-nvr-ds-7932ni-i4-16p\/\" \/>\n<meta property=\"og:site_name\" content=\"Elektronika Namams\" \/>\n<meta property=\"article:publisher\" content=\"https:\/\/www.facebook.com\/ElektronikaNamams\" \/>\n<meta property=\"article:modified_time\" content=\"2024-07-11T15:40:32+00:00\" \/>\n<meta property=\"og:image\" content=\"https:\/\/eheating.lt\/wp-content\/uploads\/2023\/10\/Hikvision-NVR-DS-7932NI-I416P.png\" \/>\n\t<meta property=\"og:image:width\" content=\"800\" \/>\n\t<meta property=\"og:image:height\" content=\"800\" \/>\n\t<meta property=\"og:image:type\" content=\"image\/png\" \/>\n<meta name=\"twitter:card\" content=\"summary_large_image\" \/>\n<meta name=\"twitter:label1\" content=\"Price\" \/>\n\t<meta name=\"twitter:data1\" content=\"1691,51&nbsp;&euro;\" \/>\n\t<meta name=\"twitter:label2\" content=\"Availability\" \/>\n\t<meta name=\"twitter:data2\" content=\"In stock\" \/>\n<script type=\"application\/ld+json\" class=\"yoast-schema-graph\">{\"@context\":\"https:\\\/\\\/schema.org\",\"@graph\":[{\"@type\":\"WebPage\",\"@id\":\"https:\\\/\\\/eheating.lt\\\/produktas\\\/hikvision-nvr-ds-7932ni-i4-16p\\\/\",\"url\":\"https:\\\/\\\/eheating.lt\\\/produktas\\\/hikvision-nvr-ds-7932ni-i4-16p\\\/\",\"name\":\"Hikvision NVR DS-7932NI-I4\\\/16P\",\"isPartOf\":{\"@id\":\"https:\\\/\\\/eheating.lt\\\/#website\"},\"primaryImageOfPage\":{\"@id\":\"https:\\\/\\\/eheating.lt\\\/produktas\\\/hikvision-nvr-ds-7932ni-i4-16p\\\/#primaryimage\"},\"image\":{\"@id\":\"https:\\\/\\\/eheating.lt\\\/produktas\\\/hikvision-nvr-ds-7932ni-i4-16p\\\/#primaryimage\"},\"thumbnailUrl\":\"https:\\\/\\\/eheating.lt\\\/wp-content\\\/uploads\\\/2023\\\/10\\\/Hikvision-NVR-DS-7932NI-I416P.png\",\"datePublished\":\"2023-11-13T19:53:18+00:00\",\"dateModified\":\"2024-07-11T15:40:32+00:00\",\"description\":\"Hikvision NVR DS-7932NI-I4\\\/16P ; Iki 32-ch IP kamer\u0173 kanal\u0173 ; 16 PoE prievad\u0173 ; Palaiko ANPR ir fisheye kameras ; Iki 320 Mbps \u012feinantis pralaidumas\",\"breadcrumb\":{\"@id\":\"https:\\\/\\\/eheating.lt\\\/produktas\\\/hikvision-nvr-ds-7932ni-i4-16p\\\/#breadcrumb\"},\"inLanguage\":\"en-US\",\"potentialAction\":[{\"@type\":\"ReadAction\",\"target\":[\"https:\\\/\\\/eheating.lt\\\/produktas\\\/hikvision-nvr-ds-7932ni-i4-16p\\\/\"]}]},{\"@type\":\"ImageObject\",\"inLanguage\":\"en-US\",\"@id\":\"https:\\\/\\\/eheating.lt\\\/produktas\\\/hikvision-nvr-ds-7932ni-i4-16p\\\/#primaryimage\",\"url\":\"https:\\\/\\\/eheating.lt\\\/wp-content\\\/uploads\\\/2023\\\/10\\\/Hikvision-NVR-DS-7932NI-I416P.png\",\"contentUrl\":\"https:\\\/\\\/eheating.lt\\\/wp-content\\\/uploads\\\/2023\\\/10\\\/Hikvision-NVR-DS-7932NI-I416P.png\",\"width\":800,\"height\":800,\"caption\":\"Hikvision NVR DS-7932NI-I4\\\/16P\"},{\"@type\":\"BreadcrumbList\",\"@id\":\"https:\\\/\\\/eheating.lt\\\/produktas\\\/hikvision-nvr-ds-7932ni-i4-16p\\\/#breadcrumb\",\"itemListElement\":[{\"@type\":\"ListItem\",\"position\":1,\"name\":\"Prad\u017eia\",\"item\":\"https:\\\/\\\/eheating.lt\\\/en\\\/\"},{\"@type\":\"ListItem\",\"position\":2,\"name\":\"Shop\",\"item\":\"https:\\\/\\\/eheating.lt\\\/en\\\/?page_id=5734\"},{\"@type\":\"ListItem\",\"position\":3,\"name\":\"Hikvision NVR DS-7932NI-I4\\\/16P\"}]},{\"@type\":\"WebSite\",\"@id\":\"https:\\\/\\\/eheating.lt\\\/#website\",\"url\":\"https:\\\/\\\/eheating.lt\\\/\",\"name\":\"eHeating\",\"description\":\"Elektronika ir \u0161ildymas\",\"potentialAction\":[{\"@type\":\"SearchAction\",\"target\":{\"@type\":\"EntryPoint\",\"urlTemplate\":\"https:\\\/\\\/eheating.lt\\\/?s={search_term_string}\"},\"query-input\":{\"@type\":\"PropertyValueSpecification\",\"valueRequired\":true,\"valueName\":\"search_term_string\"}}],\"inLanguage\":\"en-US\"}]}<\/script>\n<meta property=\"product:price:amount\" content=\"1691.51\" \/>\n<meta property=\"product:price:currency\" content=\"EUR\" \/>\n<meta property=\"og:availability\" content=\"instock\" \/>\n<meta property=\"product:availability\" content=\"instock\" \/>\n<meta property=\"product:retailer_item_id\" content=\"40447df3b285\" \/>\n<meta property=\"product:condition\" content=\"new\" \/>\n<!-- \/ Yoast SEO Premium plugin. -->","yoast_head_json":{"title":"Hikvision NVR DS-7932NI-I4\/16P","description":"Hikvision NVR DS-7932NI-I4\/16P ; Iki 32-ch IP kamer\u0173 kanal\u0173 ; 16 PoE prievad\u0173 ; Palaiko ANPR ir fisheye kameras ; Iki 320 Mbps \u012feinantis pralaidumas","robots":{"index":"index","follow":"follow","max-snippet":"max-snippet:-1","max-image-preview":"max-image-preview:large","max-video-preview":"max-video-preview:-1"},"canonical":"https:\/\/eheating.lt\/produktas\/hikvision-nvr-ds-7932ni-i4-16p\/","og_locale":"en_US","og_type":"article","og_title":"Hikvision NVR DS-7932NI-I4\/16P","og_description":"Hikvision NVR DS-7932NI-I4\/16P ; Iki 32-ch IP kamer\u0173 kanal\u0173 ; 16 PoE prievad\u0173 ; Palaiko ANPR ir fisheye kameras ; Iki 320 Mbps \u012feinantis pralaidumas","og_url":"https:\/\/eheating.lt\/produktas\/hikvision-nvr-ds-7932ni-i4-16p\/","og_site_name":"Elektronika Namams","article_publisher":"https:\/\/www.facebook.com\/ElektronikaNamams","article_modified_time":"2024-07-11T15:40:32+00:00","og_image":[{"width":800,"height":800,"url":"https:\/\/eheating.lt\/wp-content\/uploads\/2023\/10\/Hikvision-NVR-DS-7932NI-I416P.png","type":"image\/png"}],"twitter_card":"summary_large_image","twitter_misc":{"Price":"1691,51&nbsp;&euro;","Availability":"In stock"},"schema":{"@context":"https:\/\/schema.org","@graph":[{"@type":"WebPage","@id":"https:\/\/eheating.lt\/produktas\/hikvision-nvr-ds-7932ni-i4-16p\/","url":"https:\/\/eheating.lt\/produktas\/hikvision-nvr-ds-7932ni-i4-16p\/","name":"Hikvision NVR DS-7932NI-I4\/16P","isPartOf":{"@id":"https:\/\/eheating.lt\/#website"},"primaryImageOfPage":{"@id":"https:\/\/eheating.lt\/produktas\/hikvision-nvr-ds-7932ni-i4-16p\/#primaryimage"},"image":{"@id":"https:\/\/eheating.lt\/produktas\/hikvision-nvr-ds-7932ni-i4-16p\/#primaryimage"},"thumbnailUrl":"https:\/\/eheating.lt\/wp-content\/uploads\/2023\/10\/Hikvision-NVR-DS-7932NI-I416P.png","datePublished":"2023-11-13T19:53:18+00:00","dateModified":"2024-07-11T15:40:32+00:00","description":"Hikvision NVR DS-7932NI-I4\/16P ; Iki 32-ch IP kamer\u0173 kanal\u0173 ; 16 PoE prievad\u0173 ; Palaiko ANPR ir fisheye kameras ; Iki 320 Mbps \u012feinantis pralaidumas","breadcrumb":{"@id":"https:\/\/eheating.lt\/produktas\/hikvision-nvr-ds-7932ni-i4-16p\/#breadcrumb"},"inLanguage":"en-US","potentialAction":[{"@type":"ReadAction","target":["https:\/\/eheating.lt\/produktas\/hikvision-nvr-ds-7932ni-i4-16p\/"]}]},{"@type":"ImageObject","inLanguage":"en-US","@id":"https:\/\/eheating.lt\/produktas\/hikvision-nvr-ds-7932ni-i4-16p\/#primaryimage","url":"https:\/\/eheating.lt\/wp-content\/uploads\/2023\/10\/Hikvision-NVR-DS-7932NI-I416P.png","contentUrl":"https:\/\/eheating.lt\/wp-content\/uploads\/2023\/10\/Hikvision-NVR-DS-7932NI-I416P.png","width":800,"height":800,"caption":"Hikvision NVR DS-7932NI-I4\/16P"},{"@type":"BreadcrumbList","@id":"https:\/\/eheating.lt\/produktas\/hikvision-nvr-ds-7932ni-i4-16p\/#breadcrumb","itemListElement":[{"@type":"ListItem","position":1,"name":"Prad\u017eia","item":"https:\/\/eheating.lt\/en\/"},{"@type":"ListItem","position":2,"name":"Shop","item":"https:\/\/eheating.lt\/en\/?page_id=5734"},{"@type":"ListItem","position":3,"name":"Hikvision NVR DS-7932NI-I4\/16P"}]},{"@type":"WebSite","@id":"https:\/\/eheating.lt\/#website","url":"https:\/\/eheating.lt\/","name":"eHeating","description":"Elektronika ir \u0161ildymas","potentialAction":[{"@type":"SearchAction","target":{"@type":"EntryPoint","urlTemplate":"https:\/\/eheating.lt\/?s={search_term_string}"},"query-input":{"@type":"PropertyValueSpecification","valueRequired":true,"valueName":"search_term_string"}}],"inLanguage":"en-US"}]},"product_price_amount":"1691.51","product_price_currency":"EUR","og_availability":"instock","product_availability":"instock","product_retailer_item_id":"40447df3b285","product_condition":"new"},"_links":{"self":[{"href":"https:\/\/eheating.lt\/en\/wp-json\/wp\/v2\/product\/19714","targetHints":{"allow":["GET"]}}],"collection":[{"href":"https:\/\/eheating.lt\/en\/wp-json\/wp\/v2\/product"}],"about":[{"href":"https:\/\/eheating.lt\/en\/wp-json\/wp\/v2\/types\/product"}],"replies":[{"embeddable":true,"href":"https:\/\/eheating.lt\/en\/wp-json\/wp\/v2\/comments?post=19714"}],"version-history":[{"count":0,"href":"https:\/\/eheating.lt\/en\/wp-json\/wp\/v2\/product\/19714\/revisions"}],"wp:featuredmedia":[{"embeddable":true,"href":"https:\/\/eheating.lt\/en\/wp-json\/wp\/v2\/media\/28294"}],"wp:attachment":[{"href":"https:\/\/eheating.lt\/en\/wp-json\/wp\/v2\/media?parent=19714"}],"wp:term":[{"taxonomy":"product_brand","embeddable":true,"href":"https:\/\/eheating.lt\/en\/wp-json\/wp\/v2\/product_brand?post=19714"},{"taxonomy":"product_cat","embeddable":true,"href":"https:\/\/eheating.lt\/en\/wp-json\/wp\/v2\/product_cat?post=19714"},{"taxonomy":"product_tag","embeddable":true,"href":"https:\/\/eheating.lt\/en\/wp-json\/wp\/v2\/product_tag?post=19714"}],"curies":[{"name":"wp","href":"https:\/\/api.w.org\/{rel}","templated":true}]}}