{"id":19660,"date":"2023-11-13T21:48:54","date_gmt":"2023-11-13T19:48:54","guid":{"rendered":"https:\/\/eheating.lt\/?post_type=product&#038;p=19660"},"modified":"2024-10-18T17:32:48","modified_gmt":"2024-10-18T14:32:48","slug":"hikvision-nvr-ds-7604nxi-k1-alarm41","status":"publish","type":"product","link":"https:\/\/eheating.lt\/en\/produktas\/hikvision-nvr-ds-7604nxi-k1-alarm41\/","title":{"rendered":"Hikvision NVR DS-7604NXI-K1\/Alarm4+1"},"content":{"rendered":"<ul class=\"tech-specs-items-description\" data-target=\"Intelligent Analytics\">\n<li class=\"tech-specs-items-description-list\"><span class=\"tech-specs-items-description__title--heading\">I\u0161manioji analiz\u0117<\/span><\/li>\n<li class=\"tech-specs-items-description-list\"><span class=\"tech-specs-items-description__title\">AI pagal \u012frengin\u012f<\/span><span class=\"tech-specs-items-description__title-details\">Facial recognition, perimeter protection, motion detection 2.0<\/span><\/li>\n<li class=\"tech-specs-items-description-list\"><span class=\"tech-specs-items-description__title\">AI pagal kamer\u0105<\/span><span class=\"tech-specs-items-description__title-details\">Facial recognition, perimeter protection, throwing objects from building, motion detection2.0, ANPR, VCA<\/span><\/li>\n<\/ul>\n<ul class=\"tech-specs-items-description\" data-target=\"Facial Recognition\">\n<li class=\"tech-specs-items-description-list\"><span class=\"tech-specs-items-description__title--heading\">Veido atpa\u017einimas<\/span><\/li>\n<li class=\"tech-specs-items-description-list\"><span class=\"tech-specs-items-description__title\">Face Attributes<\/span><span class=\"tech-specs-items-description__title-details\">N\/A<\/span><\/li>\n<li class=\"tech-specs-items-description-list\"><span class=\"tech-specs-items-description__title\">Veido aptikimas ir analiz\u0117<\/span><span class=\"tech-specs-items-description__title-details\">Face picture comparison, human face capture, face picture search<\/span><\/li>\n<li class=\"tech-specs-items-description-list\"><span class=\"tech-specs-items-description__title\">Veido paveiksl\u0173 biblioteka<\/span><span class=\"tech-specs-items-description__title-details\">Up to 16 face picture libraries, with up to 5,000 face pictures in total (each picture \u2264 1MB, total capacity \u2264 73MB);Up to 16 face picture libraries, with up to 20,000 face pictures in total (each picture \u2264 4 MB, total capacity \u2264 1 GB)<\/span><\/li>\n<li class=\"tech-specs-items-description-list\"><span class=\"tech-specs-items-description__title\">Veido aptikimas ir analiz\u0117s na\u0161umas<\/span><span class=\"tech-specs-items-description__title-details\">1-ch, 4 MP;1-ch, 8 MP<\/span><\/li>\n<li class=\"tech-specs-items-description-list\"><span class=\"tech-specs-items-description__title\">Face Picture Comparison (Captured from Camera)<\/span><span class=\"tech-specs-items-description__title-details\">2-ch<\/span><\/li>\n<\/ul>\n<ul class=\"tech-specs-items-description\" data-target=\"Motion Detection 2.0\">\n<li class=\"tech-specs-items-description-list\"><span class=\"tech-specs-items-description__title--heading\">Judesio aptikimas 2.0<\/span><\/li>\n<li class=\"tech-specs-items-description-list\"><span class=\"tech-specs-items-description__title\">Pagal \u012frengin\u012f<\/span><span class=\"tech-specs-items-description__title-details\">All channels, 4 MP (when enhanced SVC mode is enabled, up to 8 MP) video analysis for human and vehicle recognition to reduce false alarm<\/span><\/li>\n<li class=\"tech-specs-items-description-list\"><span class=\"tech-specs-items-description__title\">Pagal kamer\u0105<\/span><span class=\"tech-specs-items-description__title-details\">All channels<\/span><\/li>\n<\/ul>\n<ul class=\"tech-specs-items-description\" data-target=\"Perimeter Protection\">\n<li class=\"tech-specs-items-description-list\"><span class=\"tech-specs-items-description__title--heading\">Perimetro apsauga<\/span><\/li>\n<li class=\"tech-specs-items-description-list\"><span class=\"tech-specs-items-description__title\">Pagal \u012frengin\u012f<\/span><span class=\"tech-specs-items-description__title-details\">1-ch, 4 MP (HD network camera, H.264\/H.265) video analysis for human and vehicle recognition to reduce false alarm<\/span><\/li>\n<li class=\"tech-specs-items-description-list\"><span class=\"tech-specs-items-description__title\">Pagal kamer\u0105<\/span><span class=\"tech-specs-items-description__title-details\">All channels<\/span><\/li>\n<\/ul>\n<ul class=\"tech-specs-items-description\" data-target=\"Video and Audio\">\n<li class=\"tech-specs-items-description-list\"><span class=\"tech-specs-items-description__title--heading\">Vaizdas ir garsas<\/span><\/li>\n<li class=\"tech-specs-items-description-list\"><span class=\"tech-specs-items-description__title\">IP vaizdo \u012fra\u0161\u0173 \u012fvestis<\/span><span class=\"tech-specs-items-description__title-details\">4-ch<\/span><\/li>\n<li class=\"tech-specs-items-description-list\"><span class=\"tech-specs-items-description__title\">\u012eeinantis pralaidumas<\/span><span class=\"tech-specs-items-description__title-details\">40 Mbps<\/span><\/li>\n<li class=\"tech-specs-items-description-list\"><span class=\"tech-specs-items-description__title\">I\u0161einantis pralaidumas<\/span><span class=\"tech-specs-items-description__title-details\">80 Mbps<\/span><\/li>\n<li class=\"tech-specs-items-description-list\"><span class=\"tech-specs-items-description__title\">HDMI i\u0161vestis<\/span><span class=\"tech-specs-items-description__title-details\">1-ch, 4K (3840 \u00d7 2160)\/30 Hz, 2K (2560 \u00d7 1440)\/60 Hz, 1920 \u00d7 1080\/60 Hz, 1600 \u00d7 1200\/60 Hz, 1280 \u00d7 1024\/60 Hz, 1280 \u00d7 720\/60 Hz, 1024 \u00d7 768\/60 Hz<\/span><\/li>\n<li class=\"tech-specs-items-description-list\"><span class=\"tech-specs-items-description__title\">VGA i\u0161vestis<\/span><span class=\"tech-specs-items-description__title-details\">1-ch, 1920 \u00d7 1080\/60 Hz, 1280 \u00d7 1024\/60 Hz, 1280 \u00d7 720\/60 Hz<\/span><\/li>\n<li class=\"tech-specs-items-description-list\"><span class=\"tech-specs-items-description__title\">Vaizdo i\u0161vesties re\u017eimas<\/span><span class=\"tech-specs-items-description__title-details\">HDMI1\/VGA simultaneous output<\/span><\/li>\n<li class=\"tech-specs-items-description-list\"><span class=\"tech-specs-items-description__title\">CVBS i\u0161vestis<\/span><span class=\"tech-specs-items-description__title-details\">N\/A<\/span><\/li>\n<li class=\"tech-specs-items-description-list\"><span class=\"tech-specs-items-description__title\">Garso i\u0161vestis<\/span><span class=\"tech-specs-items-description__title-details\">1-ch, RCA (Linear, 1 K\u03a9)<\/span><\/li>\n<li class=\"tech-specs-items-description-list\"><span class=\"tech-specs-items-description__title\">Dvipusis greitis<\/span><span class=\"tech-specs-items-description__title-details\">1-ch, RCA (2.0 Vp-p, 1 K\u03a9, using the audio input)<\/span><\/li>\n<\/ul>\n<ul class=\"tech-specs-items-description\" data-target=\"Decoding\">\n<li class=\"tech-specs-items-description-list\"><span class=\"tech-specs-items-description__title--heading\">I\u0161kodavimas<\/span><\/li>\n<li class=\"tech-specs-items-description-list\"><span class=\"tech-specs-items-description__title\">Vaizdo i\u0161kodavimo formatas<\/span><span class=\"tech-specs-items-description__title-details\">H.265\/H.265+\/H.264+\/H.264<\/span><\/li>\n<li class=\"tech-specs-items-description-list\"><span class=\"tech-specs-items-description__title\">\u012era\u0161ymo rai\u0161ka<\/span><span class=\"tech-specs-items-description__title-details\">12 MP\/8 MP\/6 MP\/5 MP\/4 MP\/3 MP\/1080p\/UXGA\/720p\/VGA\/4CIF\/DCIF\/2CIF\/CIF\/QCIF<\/span><\/li>\n<li class=\"tech-specs-items-description-list\"><span class=\"tech-specs-items-description__title\">Sinchroninis atk\u016brimas<\/span><span class=\"tech-specs-items-description__title-details\">4-ch<\/span><\/li>\n<li class=\"tech-specs-items-description-list\"><span class=\"tech-specs-items-description__title\">I\u0161kodavimo paj\u0117gumas<\/span><span class=\"tech-specs-items-description__title-details\"><span class=\"tech-specs-items-description__title-details\"><br \/>\n<\/span><\/span><\/p>\n<p class=\"mb-p\" style=\"margin-bottom: 0rem; height: auto;\">AI on: 1-ch@12 MP (30 fps)\/1-ch@8 MP (30 fps)\/3-ch@4 MP (30 fps)\/6-ch@1080p (30 fps)<\/p>\n<p class=\"mb-p\" style=\"margin-bottom: 0.5em; height: auto;\">AI off: 1-ch@12 MP (30 fps)\/2-ch@8 MP (30 fps)\/4-ch@4 MP (30 fps)\/8-ch@1080p (30 fps)<\/p>\n<p>&nbsp;<\/li>\n<li class=\"tech-specs-items-description-list\"><span class=\"tech-specs-items-description__title\">Srauto tipas<\/span><span class=\"tech-specs-items-description__title-details\">Video, Video &amp; Audio <\/span><\/li>\n<li class=\"tech-specs-items-description-list\"><span class=\"tech-specs-items-description__title\">Garso suspaudimas<\/span><span class=\"tech-specs-items-description__title-details\">G.711ulaw\/G.711alaw\/G.722\/G.726\/AAC <\/span><\/li>\n<\/ul>\n<ul class=\"tech-specs-items-description\" data-target=\"Network\">\n<li class=\"tech-specs-items-description-list\"><span class=\"tech-specs-items-description__title--heading\">Internetas<\/span><\/li>\n<li class=\"tech-specs-items-description-list\"><span class=\"tech-specs-items-description__title\">Nuotolinis prisijungimas<\/span><span class=\"tech-specs-items-description__title-details\">128<\/span><\/li>\n<li class=\"tech-specs-items-description-list\"><span class=\"tech-specs-items-description__title\">API<\/span><span class=\"tech-specs-items-description__title-details\">ONVIF (profile S\/G); SDK; ISAPI<\/span><\/li>\n<li class=\"tech-specs-items-description-list\"><span class=\"tech-specs-items-description__title\">Suderinama nar\u0161ykl\u0117<\/span><span class=\"tech-specs-items-description__title-details\">IE11, Chrome V57, Firefox V52, Safari V12, Edge V89, or above version<\/span><\/li>\n<li class=\"tech-specs-items-description-list\"><span class=\"tech-specs-items-description__title\">Protokolai<\/span><span class=\"tech-specs-items-description__title-details\">TCP\/IP, DHCP, IPv4, IPv6, DNS, DDNS, NTP, RTSP, SADP, SMTP, SNMP, NFS, iSCSI, ISUP, UPnP\u2122, HTTP, HTTPS<\/span><\/li>\n<li class=\"tech-specs-items-description-list\"><span class=\"tech-specs-items-description__title\">Tinklo s\u0105saja<\/span><span class=\"tech-specs-items-description__title-details\">1 RJ-45 10\/100\/1000 Mbps self-adaptive Ethernet interface<\/span><\/li>\n<\/ul>\n<ul class=\"tech-specs-items-description\" data-target=\"PoE\">\n<li class=\"tech-specs-items-description-list\"><span class=\"tech-specs-items-description__title--heading\">PoE<\/span><\/li>\n<li class=\"tech-specs-items-description-list\"><span class=\"tech-specs-items-description__title\">S\u0105saja<\/span><span class=\"tech-specs-items-description__title-details\">4, RJ-45 10\/100 Mbps self-adaptive Ethernet interface<\/span><\/li>\n<li class=\"tech-specs-items-description-list\"><span class=\"tech-specs-items-description__title\">Sistemos parametrai<\/span><span class=\"tech-specs-items-description__title-details\">\u2264 50 W<\/span><\/li>\n<li class=\"tech-specs-items-description-list\"><span class=\"tech-specs-items-description__title\">Standartas<\/span><span class=\"tech-specs-items-description__title-details\">IEEE 802.3af\/at<\/span><\/li>\n<\/ul>\n<ul class=\"tech-specs-items-description\" data-target=\"Auxiliary Interface\">\n<li class=\"tech-specs-items-description-list\"><span class=\"tech-specs-items-description__title--heading\">S\u0105sajos<\/span><\/li>\n<li class=\"tech-specs-items-description-list\"><span class=\"tech-specs-items-description__title\">SATA<\/span><span class=\"tech-specs-items-description__title-details\">1 SATA interface<\/span><\/li>\n<li class=\"tech-specs-items-description-list\"><span class=\"tech-specs-items-description__title\">Talpa<\/span><span class=\"tech-specs-items-description__title-details\">Up to 10 TB capacity for each HDD<\/span><\/li>\n<li class=\"tech-specs-items-description-list\"><span class=\"tech-specs-items-description__title\">USB s\u0105saja<\/span><span class=\"tech-specs-items-description__title-details\">Front panel: 1 \u00d7 USB 2.0; Rear panel: 1 \u00d7 USB 2.0<\/span><\/li>\n<li class=\"tech-specs-items-description-list\"><span class=\"tech-specs-items-description__title\">Isp\u0117jamojo signalo \u012fvestis\/i\u0161vestis<\/span><span class=\"tech-specs-items-description__title-details\">N\/A (4\/1 is optional)<\/span><\/li>\n<\/ul>\n<ul class=\"tech-specs-items-description\" data-target=\"General\">\n<li class=\"tech-specs-items-description-list\"><span class=\"tech-specs-items-description__title--heading\">Pagrindinis<\/span><\/li>\n<li class=\"tech-specs-items-description-list\"><span class=\"tech-specs-items-description__title\">GUI kalba<\/span><span class=\"tech-specs-items-description__title-details\">English, Russian, Bulgarian, Hungarian, Greek, German, Italian, Czech, Slovak, French, Polish, Dutch, Portuguese, Spanish, Romanian, Turkish, Japanese, Danish, Swedish Language, Norwegian, Finnish, Korean, Traditional Chinese, Thai, Estonian, Vietnamese, Croatian, Slovenian, Serbian, Latvian, Lithuanian, Uzbek, Kazakh, Arabic, Ukrainian, Kyrgyz , Brazilian Portuguese, Indonesian<\/span><\/li>\n<li class=\"tech-specs-items-description-list\"><span class=\"tech-specs-items-description__title\">Maitinimas<\/span><span class=\"tech-specs-items-description__title-details\">48 VDC, 1.35 A<\/span><\/li>\n<li class=\"tech-specs-items-description-list\"><span class=\"tech-specs-items-description__title\">Energijos sunaudojimas<\/span><span class=\"tech-specs-items-description__title-details\">\u2264 10 W (without HDD and PoE off)<\/span><\/li>\n<li class=\"tech-specs-items-description-list\"><span class=\"tech-specs-items-description__title\">Darbin\u0117 temperat\u016bra<\/span><span class=\"tech-specs-items-description__title-details\">-10 \u00b0C to 55 \u00b0C (14 \u00b0F to 131 \u00b0F)<\/span><\/li>\n<li class=\"tech-specs-items-description-list\"><span class=\"tech-specs-items-description__title\">Atsparumas dr\u0117gmei<\/span><span class=\"tech-specs-items-description__title-details\">10% to 90%<\/span><\/li>\n<li class=\"tech-specs-items-description-list\"><span class=\"tech-specs-items-description__title\">Dydis<\/span><span class=\"tech-specs-items-description__title-details\">320 mm \u00d7 240 mm \u00d7 48 mm (12.6&#8243;\u00d7 9.4&#8243; \u00d7 1.9&#8243;) <\/span><\/li>\n<li class=\"tech-specs-items-description-list\"><span class=\"tech-specs-items-description__title\">Svoris<\/span><span class=\"tech-specs-items-description__title-details\">\u2264 1 kg (without HDD, 2.2 lb.)<\/span><\/li>\n<\/ul>\n<ul class=\"tech-specs-items-description\" data-target=\"Certification\">\n<li class=\"tech-specs-items-description-list\"><span class=\"tech-specs-items-description__title--heading\">Sertifikatai<\/span><\/li>\n<li class=\"tech-specs-items-description-list\"><span class=\"tech-specs-items-description__title\">CE<\/span><span class=\"tech-specs-items-description__title-details\">EN 55032: 2015, EN 61000-3-2, EN 61000-3-3, EN 50130-4, EN 55035: 2017<\/span><\/li>\n<li class=\"tech-specs-items-description-list\"><span class=\"tech-specs-items-description__title\">Sertifikatai<\/span><span class=\"tech-specs-items-description__title-details\">CE, FCC, IC, CB, KC, UL, Rohs, Reach, WEEE, RCM, UKCA, LOA, BIS;CE, CB, KC, Reach, WEEE, RCM, UKCA, LOA<\/span><\/li>\n<\/ul>\n","protected":false},"excerpt":{"rendered":"<ul>\n<li>Iki 4-ch IP kamer\u0173 kanal\u0173, plug &amp; play, 4 PoE prievadai<\/li>\n<li>H.265+\/H.265\/H.264+\/H.264 vaizdo formatai<\/li>\n<li>Iki 1-ch@12 MP or 2-ch@8 MP or 4-ch@4 MP or 8-ch@1080p dekodavimas<\/li>\n<li>Iki 40 Mbps \u012feinantis pralaidumas<\/li>\n<li>Acusesne technologija<\/li>\n<\/ul>\n","protected":false},"featured_media":28158,"comment_status":"closed","ping_status":"closed","template":"","meta":[],"product_brand":[],"product_cat":[486,533,440],"product_tag":[],"class_list":{"0":"post-19660","1":"product","2":"type-product","3":"status-publish","4":"has-post-thumbnail","6":"product_cat-4-kanalu-nvr","7":"product_cat-ip-vaizdo-stebejimo-sistemos","8":"product_cat-ip-vaizdo-irasymo-irenginiai","10":"first","11":"instock","12":"purchasable","13":"product-type-simple"},"yoast_head":"<!-- This site is optimized with the Yoast SEO Premium plugin v21.5 (Yoast SEO v27.3) - https:\/\/yoast.com\/product\/yoast-seo-premium-wordpress\/ -->\n<title>Hikvision NVR DS-7604NXI-K1\/Alarm4+1<\/title>\n<meta name=\"description\" content=\"Hikvision NVR DS-7604NXI-K1\/Alarm4+1 ; Iki 40 Mbps \u012feinantis pralaidumas ; 4 PoE prievadai ; Acusesne technologija ; Plug &amp; play\" \/>\n<meta name=\"robots\" content=\"index, follow, max-snippet:-1, max-image-preview:large, max-video-preview:-1\" \/>\n<link rel=\"canonical\" href=\"https:\/\/eheating.lt\/produktas\/hikvision-nvr-ds-7604nxi-k1-alarm41\/\" \/>\n<meta property=\"og:locale\" content=\"en_US\" \/>\n<meta property=\"og:type\" content=\"article\" \/>\n<meta property=\"og:title\" content=\"Hikvision NVR DS-7604NXI-K1\/Alarm4+1\" \/>\n<meta property=\"og:description\" content=\"Hikvision NVR DS-7604NXI-K1\/Alarm4+1 ; Iki 40 Mbps \u012feinantis pralaidumas ; 4 PoE prievadai ; Acusesne technologija ; Plug &amp; play\" \/>\n<meta property=\"og:url\" content=\"https:\/\/eheating.lt\/produktas\/hikvision-nvr-ds-7604nxi-k1-alarm41\/\" \/>\n<meta property=\"og:site_name\" content=\"Elektronika Namams\" \/>\n<meta property=\"article:publisher\" content=\"https:\/\/www.facebook.com\/ElektronikaNamams\" \/>\n<meta property=\"article:modified_time\" content=\"2024-10-18T14:32:48+00:00\" \/>\n<meta property=\"og:image\" content=\"https:\/\/eheating.lt\/wp-content\/uploads\/2023\/10\/Hikvision-NVR-DS-7604NXI-K1Alarm41.png\" \/>\n\t<meta property=\"og:image:width\" content=\"800\" \/>\n\t<meta property=\"og:image:height\" content=\"800\" \/>\n\t<meta property=\"og:image:type\" content=\"image\/png\" \/>\n<meta name=\"twitter:card\" content=\"summary_large_image\" \/>\n<meta name=\"twitter:label1\" content=\"Price\" \/>\n\t<meta name=\"twitter:data1\" content=\"198,64&nbsp;&euro;\" \/>\n\t<meta name=\"twitter:label2\" content=\"Availability\" \/>\n\t<meta name=\"twitter:data2\" content=\"In stock\" \/>\n<script type=\"application\/ld+json\" class=\"yoast-schema-graph\">{\"@context\":\"https:\\\/\\\/schema.org\",\"@graph\":[{\"@type\":\"WebPage\",\"@id\":\"https:\\\/\\\/eheating.lt\\\/produktas\\\/hikvision-nvr-ds-7604nxi-k1-alarm41\\\/\",\"url\":\"https:\\\/\\\/eheating.lt\\\/produktas\\\/hikvision-nvr-ds-7604nxi-k1-alarm41\\\/\",\"name\":\"Hikvision NVR DS-7604NXI-K1\\\/Alarm4+1\",\"isPartOf\":{\"@id\":\"https:\\\/\\\/eheating.lt\\\/#website\"},\"primaryImageOfPage\":{\"@id\":\"https:\\\/\\\/eheating.lt\\\/produktas\\\/hikvision-nvr-ds-7604nxi-k1-alarm41\\\/#primaryimage\"},\"image\":{\"@id\":\"https:\\\/\\\/eheating.lt\\\/produktas\\\/hikvision-nvr-ds-7604nxi-k1-alarm41\\\/#primaryimage\"},\"thumbnailUrl\":\"https:\\\/\\\/eheating.lt\\\/wp-content\\\/uploads\\\/2023\\\/10\\\/Hikvision-NVR-DS-7604NXI-K1Alarm41.png\",\"datePublished\":\"2023-11-13T19:48:54+00:00\",\"dateModified\":\"2024-10-18T14:32:48+00:00\",\"description\":\"Hikvision NVR DS-7604NXI-K1\\\/Alarm4+1 ; Iki 40 Mbps \u012feinantis pralaidumas ; 4 PoE prievadai ; Acusesne technologija ; Plug & play\",\"breadcrumb\":{\"@id\":\"https:\\\/\\\/eheating.lt\\\/produktas\\\/hikvision-nvr-ds-7604nxi-k1-alarm41\\\/#breadcrumb\"},\"inLanguage\":\"en-US\",\"potentialAction\":[{\"@type\":\"ReadAction\",\"target\":[\"https:\\\/\\\/eheating.lt\\\/produktas\\\/hikvision-nvr-ds-7604nxi-k1-alarm41\\\/\"]}]},{\"@type\":\"ImageObject\",\"inLanguage\":\"en-US\",\"@id\":\"https:\\\/\\\/eheating.lt\\\/produktas\\\/hikvision-nvr-ds-7604nxi-k1-alarm41\\\/#primaryimage\",\"url\":\"https:\\\/\\\/eheating.lt\\\/wp-content\\\/uploads\\\/2023\\\/10\\\/Hikvision-NVR-DS-7604NXI-K1Alarm41.png\",\"contentUrl\":\"https:\\\/\\\/eheating.lt\\\/wp-content\\\/uploads\\\/2023\\\/10\\\/Hikvision-NVR-DS-7604NXI-K1Alarm41.png\",\"width\":800,\"height\":800,\"caption\":\"Hikvision NVR DS-7604NXI-K1\\\/Alarm4+1\"},{\"@type\":\"BreadcrumbList\",\"@id\":\"https:\\\/\\\/eheating.lt\\\/produktas\\\/hikvision-nvr-ds-7604nxi-k1-alarm41\\\/#breadcrumb\",\"itemListElement\":[{\"@type\":\"ListItem\",\"position\":1,\"name\":\"Prad\u017eia\",\"item\":\"https:\\\/\\\/eheating.lt\\\/en\\\/\"},{\"@type\":\"ListItem\",\"position\":2,\"name\":\"Shop\",\"item\":\"https:\\\/\\\/eheating.lt\\\/en\\\/?page_id=5734\"},{\"@type\":\"ListItem\",\"position\":3,\"name\":\"Hikvision NVR DS-7604NXI-K1\\\/Alarm4+1\"}]},{\"@type\":\"WebSite\",\"@id\":\"https:\\\/\\\/eheating.lt\\\/#website\",\"url\":\"https:\\\/\\\/eheating.lt\\\/\",\"name\":\"eHeating\",\"description\":\"Elektronika ir \u0161ildymas\",\"potentialAction\":[{\"@type\":\"SearchAction\",\"target\":{\"@type\":\"EntryPoint\",\"urlTemplate\":\"https:\\\/\\\/eheating.lt\\\/?s={search_term_string}\"},\"query-input\":{\"@type\":\"PropertyValueSpecification\",\"valueRequired\":true,\"valueName\":\"search_term_string\"}}],\"inLanguage\":\"en-US\"}]}<\/script>\n<meta property=\"product:price:amount\" content=\"198.64\" \/>\n<meta property=\"product:price:currency\" content=\"EUR\" \/>\n<meta property=\"og:availability\" content=\"instock\" \/>\n<meta property=\"product:availability\" content=\"instock\" \/>\n<meta property=\"product:retailer_item_id\" content=\"2332e3700c8e\" \/>\n<meta property=\"product:condition\" content=\"new\" \/>\n<!-- \/ Yoast SEO Premium plugin. -->","yoast_head_json":{"title":"Hikvision NVR DS-7604NXI-K1\/Alarm4+1","description":"Hikvision NVR DS-7604NXI-K1\/Alarm4+1 ; Iki 40 Mbps \u012feinantis pralaidumas ; 4 PoE prievadai ; Acusesne technologija ; Plug & play","robots":{"index":"index","follow":"follow","max-snippet":"max-snippet:-1","max-image-preview":"max-image-preview:large","max-video-preview":"max-video-preview:-1"},"canonical":"https:\/\/eheating.lt\/produktas\/hikvision-nvr-ds-7604nxi-k1-alarm41\/","og_locale":"en_US","og_type":"article","og_title":"Hikvision NVR DS-7604NXI-K1\/Alarm4+1","og_description":"Hikvision NVR DS-7604NXI-K1\/Alarm4+1 ; Iki 40 Mbps \u012feinantis pralaidumas ; 4 PoE prievadai ; Acusesne technologija ; Plug & play","og_url":"https:\/\/eheating.lt\/produktas\/hikvision-nvr-ds-7604nxi-k1-alarm41\/","og_site_name":"Elektronika Namams","article_publisher":"https:\/\/www.facebook.com\/ElektronikaNamams","article_modified_time":"2024-10-18T14:32:48+00:00","og_image":[{"width":800,"height":800,"url":"https:\/\/eheating.lt\/wp-content\/uploads\/2023\/10\/Hikvision-NVR-DS-7604NXI-K1Alarm41.png","type":"image\/png"}],"twitter_card":"summary_large_image","twitter_misc":{"Price":"198,64&nbsp;&euro;","Availability":"In stock"},"schema":{"@context":"https:\/\/schema.org","@graph":[{"@type":"WebPage","@id":"https:\/\/eheating.lt\/produktas\/hikvision-nvr-ds-7604nxi-k1-alarm41\/","url":"https:\/\/eheating.lt\/produktas\/hikvision-nvr-ds-7604nxi-k1-alarm41\/","name":"Hikvision NVR DS-7604NXI-K1\/Alarm4+1","isPartOf":{"@id":"https:\/\/eheating.lt\/#website"},"primaryImageOfPage":{"@id":"https:\/\/eheating.lt\/produktas\/hikvision-nvr-ds-7604nxi-k1-alarm41\/#primaryimage"},"image":{"@id":"https:\/\/eheating.lt\/produktas\/hikvision-nvr-ds-7604nxi-k1-alarm41\/#primaryimage"},"thumbnailUrl":"https:\/\/eheating.lt\/wp-content\/uploads\/2023\/10\/Hikvision-NVR-DS-7604NXI-K1Alarm41.png","datePublished":"2023-11-13T19:48:54+00:00","dateModified":"2024-10-18T14:32:48+00:00","description":"Hikvision NVR DS-7604NXI-K1\/Alarm4+1 ; Iki 40 Mbps \u012feinantis pralaidumas ; 4 PoE prievadai ; Acusesne technologija ; Plug & play","breadcrumb":{"@id":"https:\/\/eheating.lt\/produktas\/hikvision-nvr-ds-7604nxi-k1-alarm41\/#breadcrumb"},"inLanguage":"en-US","potentialAction":[{"@type":"ReadAction","target":["https:\/\/eheating.lt\/produktas\/hikvision-nvr-ds-7604nxi-k1-alarm41\/"]}]},{"@type":"ImageObject","inLanguage":"en-US","@id":"https:\/\/eheating.lt\/produktas\/hikvision-nvr-ds-7604nxi-k1-alarm41\/#primaryimage","url":"https:\/\/eheating.lt\/wp-content\/uploads\/2023\/10\/Hikvision-NVR-DS-7604NXI-K1Alarm41.png","contentUrl":"https:\/\/eheating.lt\/wp-content\/uploads\/2023\/10\/Hikvision-NVR-DS-7604NXI-K1Alarm41.png","width":800,"height":800,"caption":"Hikvision NVR DS-7604NXI-K1\/Alarm4+1"},{"@type":"BreadcrumbList","@id":"https:\/\/eheating.lt\/produktas\/hikvision-nvr-ds-7604nxi-k1-alarm41\/#breadcrumb","itemListElement":[{"@type":"ListItem","position":1,"name":"Prad\u017eia","item":"https:\/\/eheating.lt\/en\/"},{"@type":"ListItem","position":2,"name":"Shop","item":"https:\/\/eheating.lt\/en\/?page_id=5734"},{"@type":"ListItem","position":3,"name":"Hikvision NVR DS-7604NXI-K1\/Alarm4+1"}]},{"@type":"WebSite","@id":"https:\/\/eheating.lt\/#website","url":"https:\/\/eheating.lt\/","name":"eHeating","description":"Elektronika ir \u0161ildymas","potentialAction":[{"@type":"SearchAction","target":{"@type":"EntryPoint","urlTemplate":"https:\/\/eheating.lt\/?s={search_term_string}"},"query-input":{"@type":"PropertyValueSpecification","valueRequired":true,"valueName":"search_term_string"}}],"inLanguage":"en-US"}]},"product_price_amount":"198.64","product_price_currency":"EUR","og_availability":"instock","product_availability":"instock","product_retailer_item_id":"2332e3700c8e","product_condition":"new"},"_links":{"self":[{"href":"https:\/\/eheating.lt\/en\/wp-json\/wp\/v2\/product\/19660","targetHints":{"allow":["GET"]}}],"collection":[{"href":"https:\/\/eheating.lt\/en\/wp-json\/wp\/v2\/product"}],"about":[{"href":"https:\/\/eheating.lt\/en\/wp-json\/wp\/v2\/types\/product"}],"replies":[{"embeddable":true,"href":"https:\/\/eheating.lt\/en\/wp-json\/wp\/v2\/comments?post=19660"}],"version-history":[{"count":0,"href":"https:\/\/eheating.lt\/en\/wp-json\/wp\/v2\/product\/19660\/revisions"}],"wp:featuredmedia":[{"embeddable":true,"href":"https:\/\/eheating.lt\/en\/wp-json\/wp\/v2\/media\/28158"}],"wp:attachment":[{"href":"https:\/\/eheating.lt\/en\/wp-json\/wp\/v2\/media?parent=19660"}],"wp:term":[{"taxonomy":"product_brand","embeddable":true,"href":"https:\/\/eheating.lt\/en\/wp-json\/wp\/v2\/product_brand?post=19660"},{"taxonomy":"product_cat","embeddable":true,"href":"https:\/\/eheating.lt\/en\/wp-json\/wp\/v2\/product_cat?post=19660"},{"taxonomy":"product_tag","embeddable":true,"href":"https:\/\/eheating.lt\/en\/wp-json\/wp\/v2\/product_tag?post=19660"}],"curies":[{"name":"wp","href":"https:\/\/api.w.org\/{rel}","templated":true}]}}