{"id":19620,"date":"2023-11-13T21:36:24","date_gmt":"2023-11-13T19:36:24","guid":{"rendered":"https:\/\/eheating.lt\/?post_type=product&#038;p=19620"},"modified":"2024-07-11T18:41:50","modified_gmt":"2024-07-11T15:41:50","slug":"ezviz-cs-hp7-telefonspynes-komplektas","status":"publish","type":"product","link":"https:\/\/eheating.lt\/en\/produktas\/ezviz-cs-hp7-telefonspynes-komplektas\/","title":{"rendered":"EZVIZ CS-HP7 telefonspyn\u0117s komplektas"},"content":{"rendered":"<ul class=\"tech-specs-items-description\" data-target=\"General\">\n<li class=\"tech-specs-items-description-list\"><span class=\"tech-specs-items-description__title--heading\">Pagrindinis<\/span><\/li>\n<li class=\"tech-specs-items-description-list\"><span class=\"tech-specs-items-description__title\">Modelis<\/span><span class=\"tech-specs-items-description__title-details\">CS-HP7-R100-1W2TFC<\/span><\/li>\n<\/ul>\n<ul class=\"tech-specs-items-description\" data-target=\"General\">\n<li class=\"tech-specs-items-description-list\"><span class=\"tech-specs-items-description__title--heading\">Outdoor Doorbell<\/span><\/li>\n<li class=\"tech-specs-items-description-list\"><span class=\"tech-specs-items-description__title\">Sensorius<\/span><span class=\"tech-specs-items-description__title-details\">1\/2.7&#8243; ProgressiveScan CMOS (Supports low light sensitivity)<\/span><\/li>\n<li class=\"tech-specs-items-description-list\"><span class=\"tech-specs-items-description__title\">L\u0119\u0161is<\/span><span class=\"tech-specs-items-description__title-details\">2.0 mm @ F2.2,viewingangle: 162\u00b0 (Diagonal)<\/span><\/li>\n<li class=\"tech-specs-items-description-list\"><span class=\"tech-specs-items-description__title\">Day &amp; Night<\/span><span class=\"tech-specs-items-description__title-details\">IR-cut filter withauto-switching, 850 nm infrared light \u00d7 2 (max. 6m)<\/span><\/li>\n<li class=\"tech-specs-items-description-list\"><span class=\"tech-specs-items-description__title\">Maks. rezoliucija<\/span><span class=\"tech-specs-items-description__title-details\">2048 \u00d7 1296<\/span><\/li>\n<li class=\"tech-specs-items-description-list\"><span class=\"tech-specs-items-description__title\">DNR<\/span><span class=\"tech-specs-items-description__title-details\">2D \/ 3D DNR<\/span><\/li>\n<li class=\"tech-specs-items-description-list\"><span class=\"tech-specs-items-description__title\">Vaizdo suspaudimas<\/span><span class=\"tech-specs-items-description__title-details\">H.265 \/ H.264<\/span><\/li>\n<li class=\"tech-specs-items-description-list\"><span class=\"tech-specs-items-description__title\">Kadr\u0173 da\u017enis<\/span><span class=\"tech-specs-items-description__title-details\">Max: 15fps; Self-Adaptiveduring network transmission<\/span><\/li>\n<\/ul>\n<ul class=\"tech-specs-items-description\" data-target=\"General\">\n<li class=\"tech-specs-items-description-list\"><span class=\"tech-specs-items-description__title--heading\">Ry\u0161ys ir funkcija<\/span><\/li>\n<li class=\"tech-specs-items-description-list\"><span class=\"tech-specs-items-description__title\">Prisijungimo b\u016bdas<\/span><span class=\"tech-specs-items-description__title-details\">Wired connection (2-Wired,capable with 4-Wired), digital signal transmission<\/span><\/li>\n<li class=\"tech-specs-items-description-list\"><span class=\"tech-specs-items-description__title\">Perdavimo atstumas<\/span><span class=\"tech-specs-items-description__title-details\">\u03a6 2 x 0.75mm\u00b2 , max. 50m \u03a62 x 1.5mm\u00b2 , max. 100m Twisted pair, max. 120m<\/span><\/li>\n<li class=\"tech-specs-items-description-list\"><span class=\"tech-specs-items-description__title\">Dur\u0173 atidarymas<\/span><span class=\"tech-specs-items-description__title-details\">Support 2 wiring ports.1-10m distance. The intercom panel provides a \u201cdry\u201d-contact connection,without an electric current, to connect to the button for automatedgate, gate breaking capacity: 12V \/ 2A<\/span><\/li>\n<li class=\"tech-specs-items-description-list\"><span class=\"tech-specs-items-description__title\">Atrakinimas (elektrin\u0117 atrakinimo plok\u0161t\u0117)<\/span><span class=\"tech-specs-items-description__title-details\">Support 2 wiring ports.1-10m distance. The electric strike plate or lock that you order musthave a mechanical memory; the power supply to the electric strike plateor lock must not exceed 12V \/ 1.1A, otherwise should do as usermanual.<\/span><\/li>\n<li class=\"tech-specs-items-description-list\"><span class=\"tech-specs-items-description__title\">Dur\u0173 atidarymo metodai<\/span><span class=\"tech-specs-items-description__title-details\">1.RFID badge unlock (Badges\u00d7 3 pcs) 2.App remote unlock 3.Indoor display unlock<\/span><\/li>\n<\/ul>\n<ul class=\"tech-specs-items-description\" data-target=\"General\">\n<li class=\"tech-specs-items-description-list\"><span class=\"tech-specs-items-description__title--heading\">Lauko dur\u0173 skambu\u010dio s\u0105saja<\/span><\/li>\n<li class=\"tech-specs-items-description-list\"><span class=\"tech-specs-items-description__title\">Garso \u012fvestis<\/span><span class=\"tech-specs-items-description__title-details\">Built-in high-sensitivitymicrophone<\/span><\/li>\n<li class=\"tech-specs-items-description-list\"><span class=\"tech-specs-items-description__title\">Garso i\u0161vestis<\/span><span class=\"tech-specs-items-description__title-details\">Built-in high-powerspeaker<\/span><\/li>\n<li class=\"tech-specs-items-description-list\"><span class=\"tech-specs-items-description__title\">Dur\u0173 skambu\u010dio mygtukas<\/span><span class=\"tech-specs-items-description__title-details\">Yes. The light can be seton or off.<\/span><\/li>\n<li class=\"tech-specs-items-description-list\"><span class=\"tech-specs-items-description__title\">Vardo kortel\u0117<\/span><span class=\"tech-specs-items-description__title-details\">Three handwritten namecards in total (one already on the intercom panel). The light can beset on or off.<\/span><\/li>\n<li class=\"tech-specs-items-description-list\"><span class=\"tech-specs-items-description__title\">Terminalas<\/span><span class=\"tech-specs-items-description__title-details\">Two wiring ports to connectscreen. Two wiring ports to connect gate. Two wiring ports to connectelectric strike plate.<\/span><\/li>\n<\/ul>\n<ul class=\"tech-specs-items-description\" data-target=\"General\">\n<li class=\"tech-specs-items-description-list\"><span class=\"tech-specs-items-description__title--heading\">Funkcijos<\/span><\/li>\n<li class=\"tech-specs-items-description-list\"><span class=\"tech-specs-items-description__title\">I\u0161manusis signalas<\/span><span class=\"tech-specs-items-description__title-details\">Smart human motiondetection, Lingering Detection<\/span><\/li>\n<li class=\"tech-specs-items-description-list\"><span class=\"tech-specs-items-description__title\">Tamper Signalizacija<\/span><span class=\"tech-specs-items-description__title-details\">Supports<\/span><\/li>\n<li class=\"tech-specs-items-description-list\"><span class=\"tech-specs-items-description__title\">Vaizdo domofonas<\/span><span class=\"tech-specs-items-description__title-details\">Long-distance video two-waytalk<\/span><\/li>\n<\/ul>\n<ul class=\"tech-specs-items-description\" data-target=\"General\">\n<li class=\"tech-specs-items-description-list\"><span class=\"tech-specs-items-description__title--heading\">Pagrindinis<\/span><\/li>\n<li class=\"tech-specs-items-description-list\"><span class=\"tech-specs-items-description__title\">Veikimo s\u0105lygos<\/span><span class=\"tech-specs-items-description__title-details\">-30\u00b0C to 60\u00b0C , Humidity95% or less (non-condensing)<\/span><\/li>\n<li class=\"tech-specs-items-description-list\"><span class=\"tech-specs-items-description__title\">IP klas\u0117<\/span><span class=\"tech-specs-items-description__title-details\">Waterproof, with shieldcover<\/span><\/li>\n<li class=\"tech-specs-items-description-list\"><span class=\"tech-specs-items-description__title\">Dydis<\/span><span class=\"tech-specs-items-description__title-details\">161 \u00d7 87 \u00d7 20 mm (6.34 \u00d73.42 \u00d7 0.79 inch)<\/span><\/li>\n<\/ul>\n<ul class=\"tech-specs-items-description\" data-target=\"General\">\n<li class=\"tech-specs-items-description-list\"><span class=\"tech-specs-items-description__title--heading\">Vidinis ekranas<\/span><\/li>\n<li class=\"tech-specs-items-description-list\"><span class=\"tech-specs-items-description__title\">Ekrano dydis<\/span><span class=\"tech-specs-items-description__title-details\">7\u201d touch screen<\/span><\/li>\n<li class=\"tech-specs-items-description-list\"><span class=\"tech-specs-items-description__title\">Rezoliucija<\/span><span class=\"tech-specs-items-description__title-details\">1024 \u00d7 600<\/span><\/li>\n<\/ul>\n<ul class=\"tech-specs-items-description\" data-target=\"General\">\n<li class=\"tech-specs-items-description-list\"><span class=\"tech-specs-items-description__title--heading\">S\u0105saja<\/span><\/li>\n<li class=\"tech-specs-items-description-list\"><span class=\"tech-specs-items-description__title\">Garso \u012fvestis<\/span><span class=\"tech-specs-items-description__title-details\">Built-in high-sensitivitymicrophone<\/span><\/li>\n<li class=\"tech-specs-items-description-list\"><span class=\"tech-specs-items-description__title\">Garso i\u0161vestis<\/span><span class=\"tech-specs-items-description__title-details\">Built-in high-powerspeaker<\/span><\/li>\n<li class=\"tech-specs-items-description-list\"><span class=\"tech-specs-items-description__title\">Mygtukas<\/span><span class=\"tech-specs-items-description__title-details\">Screen On \/ Off Button<\/span><\/li>\n<li class=\"tech-specs-items-description-list\"><span class=\"tech-specs-items-description__title\">Terminalas<\/span><span class=\"tech-specs-items-description__title-details\">Two wiring ports to connect1st outdoor doorbell. Two wiring ports to connect 2nd outdoor doorbell.Two wiring ports to connect extra interior screen (not included in thekit)<\/span><\/li>\n<li class=\"tech-specs-items-description-list\"><span class=\"tech-specs-items-description__title\">Saugykla<\/span><span class=\"tech-specs-items-description__title-details\">Supports microSD card up to512 GB Supports EZVIZ Cloud storage<\/span><\/li>\n<\/ul>\n<ul class=\"tech-specs-items-description\" data-target=\"General\">\n<li class=\"tech-specs-items-description-list\"><span class=\"tech-specs-items-description__title--heading\">Tinklo parametrai<\/span><\/li>\n<li class=\"tech-specs-items-description-list\"><span class=\"tech-specs-items-description__title\">Protokolai<\/span><span class=\"tech-specs-items-description__title-details\">EZVIZ Cloud ProprietaryProtocol<\/span><\/li>\n<li class=\"tech-specs-items-description-list\"><span class=\"tech-specs-items-description__title\">S\u0105sajos protokolas<\/span><span class=\"tech-specs-items-description__title-details\">EZVIZ Coud ProprietaryProtocol<\/span><\/li>\n<li class=\"tech-specs-items-description-list\"><span class=\"tech-specs-items-description__title\">Protokolai<\/span><span class=\"tech-specs-items-description__title-details\">EZVIZ Connect Protocol<\/span><\/li>\n<\/ul>\n<ul class=\"tech-specs-items-description\" data-target=\"General\">\n<li class=\"tech-specs-items-description-list\"><span class=\"tech-specs-items-description__title--heading\">Wi-Fi parametrai<\/span><\/li>\n<li class=\"tech-specs-items-description-list\"><span class=\"tech-specs-items-description__title\">Wi-Fi standartas<\/span><span class=\"tech-specs-items-description__title-details\">IEEE802.11b, 802.11g,802.11n, 802.11ac<\/span><\/li>\n<li class=\"tech-specs-items-description-list\"><span class=\"tech-specs-items-description__title\">Da\u017enio diapazonas<\/span><span class=\"tech-specs-items-description__title-details\">2.4G: 2.4 GHz ~ 2.4835 GHz5G: 5.15 GHz ~ 5.25 GHz<\/span><\/li>\n<li class=\"tech-specs-items-description-list\"><span class=\"tech-specs-items-description__title\">Kanalo da\u017eni\u0173 juostos plotis<\/span><span class=\"tech-specs-items-description__title-details\">Supports 20MHz<\/span><\/li>\n<li class=\"tech-specs-items-description-list\"><span class=\"tech-specs-items-description__title\">Saugumas<\/span><span class=\"tech-specs-items-description__title-details\">64 \/ 128-bit WEP,WPA \/WPA2, WPA-PSK \/ WPA2-PSK<\/span><\/li>\n<li class=\"tech-specs-items-description-list\"><span class=\"tech-specs-items-description__title\">Perdavimo greitis<\/span><span class=\"tech-specs-items-description__title-details\">11b: 11Mbps, 11g: 54Mbps,11n: 150Mbps, 11ac: 433.3Mbps<\/span><\/li>\n<\/ul>\n<ul class=\"tech-specs-items-description\" data-target=\"General\">\n<li class=\"tech-specs-items-description-list\"><span class=\"tech-specs-items-description__title--heading\">Funkcijos<\/span><\/li>\n<li class=\"tech-specs-items-description-list\"><span class=\"tech-specs-items-description__title\">Keli skamb\u0117jimo tonai<\/span><span class=\"tech-specs-items-description__title-details\">Up to 20 ringtones<\/span><\/li>\n<li class=\"tech-specs-items-description-list\"><span class=\"tech-specs-items-description__title\">Funkcijos<\/span><span class=\"tech-specs-items-description__title-details\">Live view, playback,two-way talk, video call<\/span><\/li>\n<\/ul>\n<ul class=\"tech-specs-items-description\" data-target=\"General\">\n<li class=\"tech-specs-items-description-list\"><span class=\"tech-specs-items-description__title--heading\">Pagrindinis<\/span><\/li>\n<li class=\"tech-specs-items-description-list\"><span class=\"tech-specs-items-description__title\">Veikimo s\u0105lygos<\/span><span class=\"tech-specs-items-description__title-details\">-10\u00b0C to 45\u00b0C, humidity 95%or less (non-condensing)<\/span><\/li>\n<li class=\"tech-specs-items-description-list\"><span class=\"tech-specs-items-description__title\">Svoris<\/span><span class=\"tech-specs-items-description__title-details\">Net weight: 855 g (30.16oz) With package: 1825 g (64.37 oz)<\/span><\/li>\n<li class=\"tech-specs-items-description-list\"><span class=\"tech-specs-items-description__title\">Dydis<\/span><span class=\"tech-specs-items-description__title-details\">180 \u00d7 111 \u00d7 15 mm (7.09 \u00d74.37 \u00d7 0.59 inch)<\/span><\/li>\n<li class=\"tech-specs-items-description-list\"><span class=\"tech-specs-items-description__title\">Maitinimas<\/span><span class=\"tech-specs-items-description__title-details\">DC 24V \/ 1.5A power supply,adaptor (100- 240Vac)<\/span><\/li>\n<li class=\"tech-specs-items-description-list\"><span class=\"tech-specs-items-description__title\">Energijos sunaudojimas<\/span><span class=\"tech-specs-items-description__title-details\">8W, Max. 24W<\/span><\/li>\n<\/ul>\n<ul class=\"tech-specs-items-description\" data-target=\"General\">\n<li class=\"tech-specs-items-description-list\"><span class=\"tech-specs-items-description__title--heading\">D\u0117\u017eut\u0117je<\/span><\/li>\n<li class=\"tech-specs-items-description-list\"><span class=\"tech-specs-items-description__title\">D\u0117\u017eut\u0117je<\/span><span class=\"tech-specs-items-description__title-details\">&#8211; Monitor- Wall Bracket forMonitor- Power Adapter forMonitor- Drill Template forMonitor- Intercom Panel- Drill Template forIntercom Panel- Screwdriver- Badges (\u00d73)- Screw Kit (\u00d72)- Name Card (\u00d72)- Wires and WireConnectors- Regulatory Information(\u00d72)- Quick Start Guide<\/span><\/li>\n<\/ul>\n<ul class=\"tech-specs-items-description\" data-target=\"General\">\n<li class=\"tech-specs-items-description-list\"><span class=\"tech-specs-items-description__title--heading\">Sertifikatai<\/span><\/li>\n<li class=\"tech-specs-items-description-list\"><span class=\"tech-specs-items-description__title\">Sertifikatai<\/span><span class=\"tech-specs-items-description__title-details\">CE \/ REACH \/ WEEE \/RoHS<\/span><\/li>\n<\/ul>\n","protected":false},"excerpt":{"rendered":"<ul>\n<li>Lietimui jautrus ekranas<\/li>\n<li>Two-Way Talk<\/li>\n<li>3 MP rai\u0161ka<\/li>\n<li>SD kortel\u0117: 256GB (perkama atskirai)<\/li>\n<li>4600mAh kraunama li\u010dio baterija<\/li>\n<li>7\u2019 spalvotas ekranas<\/li>\n<li>IR ap\u0161vietimas iki 5 m<\/li>\n<li>Vaizdo suspaudimas: H.264\/H.265<\/li>\n<li>Darbin\u0117 temperat\u016bra: nuo -30\u00b0C iki 60\u00b0<\/li>\n<li>Apsaugos klas\u0117: IP65<\/li>\n<li>Tik Wi-Fi<\/li>\n<\/ul>\n","protected":false},"featured_media":28074,"comment_status":"closed","ping_status":"closed","template":"","meta":[],"product_brand":[],"product_cat":[458,534,533],"product_tag":[],"class_list":{"0":"post-19620","1":"product","2":"type-product","3":"status-publish","4":"has-post-thumbnail","6":"product_cat-ezviz-serija","7":"product_cat-ip-kameros","8":"product_cat-ip-vaizdo-stebejimo-sistemos","10":"first","11":"instock","12":"taxable","13":"shipping-taxable","14":"purchasable","15":"product-type-simple"},"yoast_head":"<!-- This site is optimized with the Yoast SEO Premium plugin v21.5 (Yoast SEO v27.3) - https:\/\/yoast.com\/product\/yoast-seo-premium-wordpress\/ -->\n<title>EZVIZ CS-HP7 telefonspyn\u0117s komplektas<\/title>\n<meta name=\"description\" content=\"EZVIZ CS-HP7 telefonspyn\u0117s komplektas ; 4600mAh kraunama li\u010dio baterija ; Rai\u0161ka - 3MP ; SD kortel\u0117 iki 256GB ; IR ap\u0161vietimas iki 5 m ; Wi-Fi ry\u0161ys\" \/>\n<meta name=\"robots\" content=\"index, follow, max-snippet:-1, max-image-preview:large, max-video-preview:-1\" \/>\n<link rel=\"canonical\" href=\"https:\/\/eheating.lt\/produktas\/ezviz-cs-hp7-telefonspynes-komplektas\/\" \/>\n<meta property=\"og:locale\" content=\"en_US\" \/>\n<meta property=\"og:type\" content=\"article\" \/>\n<meta property=\"og:title\" content=\"EZVIZ CS-HP7 telefonspyn\u0117s komplektas\" \/>\n<meta property=\"og:description\" content=\"EZVIZ CS-HP7 telefonspyn\u0117s komplektas ; 4600mAh kraunama li\u010dio baterija ; Rai\u0161ka - 3MP ; SD kortel\u0117 iki 256GB ; IR ap\u0161vietimas iki 5 m ; Wi-Fi ry\u0161ys\" \/>\n<meta property=\"og:url\" content=\"https:\/\/eheating.lt\/produktas\/ezviz-cs-hp7-telefonspynes-komplektas\/\" \/>\n<meta property=\"og:site_name\" content=\"Elektronika Namams\" \/>\n<meta property=\"article:publisher\" content=\"https:\/\/www.facebook.com\/ElektronikaNamams\" \/>\n<meta property=\"article:modified_time\" content=\"2024-07-11T15:41:50+00:00\" \/>\n<meta property=\"og:image\" content=\"https:\/\/eheating.lt\/wp-content\/uploads\/2023\/10\/EZVIZ-CS-HP7-telefonspynes-komplektas.png\" \/>\n\t<meta property=\"og:image:width\" content=\"800\" \/>\n\t<meta property=\"og:image:height\" content=\"800\" \/>\n\t<meta property=\"og:image:type\" content=\"image\/png\" \/>\n<meta name=\"twitter:card\" content=\"summary_large_image\" \/>\n<meta name=\"twitter:label1\" content=\"Price\" \/>\n\t<meta name=\"twitter:data1\" content=\"252,18&nbsp;&euro;\" \/>\n\t<meta name=\"twitter:label2\" content=\"Availability\" \/>\n\t<meta name=\"twitter:data2\" content=\"In stock\" \/>\n<script type=\"application\/ld+json\" class=\"yoast-schema-graph\">{\"@context\":\"https:\\\/\\\/schema.org\",\"@graph\":[{\"@type\":\"WebPage\",\"@id\":\"https:\\\/\\\/eheating.lt\\\/produktas\\\/ezviz-cs-hp7-telefonspynes-komplektas\\\/\",\"url\":\"https:\\\/\\\/eheating.lt\\\/produktas\\\/ezviz-cs-hp7-telefonspynes-komplektas\\\/\",\"name\":\"EZVIZ CS-HP7 telefonspyn\u0117s komplektas\",\"isPartOf\":{\"@id\":\"https:\\\/\\\/eheating.lt\\\/#website\"},\"primaryImageOfPage\":{\"@id\":\"https:\\\/\\\/eheating.lt\\\/produktas\\\/ezviz-cs-hp7-telefonspynes-komplektas\\\/#primaryimage\"},\"image\":{\"@id\":\"https:\\\/\\\/eheating.lt\\\/produktas\\\/ezviz-cs-hp7-telefonspynes-komplektas\\\/#primaryimage\"},\"thumbnailUrl\":\"https:\\\/\\\/eheating.lt\\\/wp-content\\\/uploads\\\/2023\\\/10\\\/EZVIZ-CS-HP7-telefonspynes-komplektas.png\",\"datePublished\":\"2023-11-13T19:36:24+00:00\",\"dateModified\":\"2024-07-11T15:41:50+00:00\",\"description\":\"EZVIZ CS-HP7 telefonspyn\u0117s komplektas ; 4600mAh kraunama li\u010dio baterija ; Rai\u0161ka - 3MP ; SD kortel\u0117 iki 256GB ; IR ap\u0161vietimas iki 5 m ; Wi-Fi ry\u0161ys\",\"breadcrumb\":{\"@id\":\"https:\\\/\\\/eheating.lt\\\/produktas\\\/ezviz-cs-hp7-telefonspynes-komplektas\\\/#breadcrumb\"},\"inLanguage\":\"en-US\",\"potentialAction\":[{\"@type\":\"ReadAction\",\"target\":[\"https:\\\/\\\/eheating.lt\\\/produktas\\\/ezviz-cs-hp7-telefonspynes-komplektas\\\/\"]}]},{\"@type\":\"ImageObject\",\"inLanguage\":\"en-US\",\"@id\":\"https:\\\/\\\/eheating.lt\\\/produktas\\\/ezviz-cs-hp7-telefonspynes-komplektas\\\/#primaryimage\",\"url\":\"https:\\\/\\\/eheating.lt\\\/wp-content\\\/uploads\\\/2023\\\/10\\\/EZVIZ-CS-HP7-telefonspynes-komplektas.png\",\"contentUrl\":\"https:\\\/\\\/eheating.lt\\\/wp-content\\\/uploads\\\/2023\\\/10\\\/EZVIZ-CS-HP7-telefonspynes-komplektas.png\",\"width\":800,\"height\":800,\"caption\":\"EZVIZ CS-HP7 telefonspyn\u0117s komplektas\"},{\"@type\":\"BreadcrumbList\",\"@id\":\"https:\\\/\\\/eheating.lt\\\/produktas\\\/ezviz-cs-hp7-telefonspynes-komplektas\\\/#breadcrumb\",\"itemListElement\":[{\"@type\":\"ListItem\",\"position\":1,\"name\":\"Prad\u017eia\",\"item\":\"https:\\\/\\\/eheating.lt\\\/en\\\/\"},{\"@type\":\"ListItem\",\"position\":2,\"name\":\"Shop\",\"item\":\"https:\\\/\\\/eheating.lt\\\/en\\\/?page_id=5734\"},{\"@type\":\"ListItem\",\"position\":3,\"name\":\"EZVIZ CS-HP7 telefonspyn\u0117s komplektas\"}]},{\"@type\":\"WebSite\",\"@id\":\"https:\\\/\\\/eheating.lt\\\/#website\",\"url\":\"https:\\\/\\\/eheating.lt\\\/\",\"name\":\"eHeating\",\"description\":\"Elektronika ir \u0161ildymas\",\"potentialAction\":[{\"@type\":\"SearchAction\",\"target\":{\"@type\":\"EntryPoint\",\"urlTemplate\":\"https:\\\/\\\/eheating.lt\\\/?s={search_term_string}\"},\"query-input\":{\"@type\":\"PropertyValueSpecification\",\"valueRequired\":true,\"valueName\":\"search_term_string\"}}],\"inLanguage\":\"en-US\"}]}<\/script>\n<meta property=\"product:price:amount\" content=\"252.18\" \/>\n<meta property=\"product:price:currency\" content=\"EUR\" \/>\n<meta property=\"og:availability\" content=\"instock\" \/>\n<meta property=\"product:availability\" content=\"instock\" \/>\n<meta property=\"product:retailer_item_id\" content=\"2617084b8257\" \/>\n<meta property=\"product:condition\" content=\"new\" \/>\n<!-- \/ Yoast SEO Premium plugin. -->","yoast_head_json":{"title":"EZVIZ CS-HP7 telefonspyn\u0117s komplektas","description":"EZVIZ CS-HP7 telefonspyn\u0117s komplektas ; 4600mAh kraunama li\u010dio baterija ; Rai\u0161ka - 3MP ; SD kortel\u0117 iki 256GB ; IR ap\u0161vietimas iki 5 m ; Wi-Fi ry\u0161ys","robots":{"index":"index","follow":"follow","max-snippet":"max-snippet:-1","max-image-preview":"max-image-preview:large","max-video-preview":"max-video-preview:-1"},"canonical":"https:\/\/eheating.lt\/produktas\/ezviz-cs-hp7-telefonspynes-komplektas\/","og_locale":"en_US","og_type":"article","og_title":"EZVIZ CS-HP7 telefonspyn\u0117s komplektas","og_description":"EZVIZ CS-HP7 telefonspyn\u0117s komplektas ; 4600mAh kraunama li\u010dio baterija ; Rai\u0161ka - 3MP ; SD kortel\u0117 iki 256GB ; IR ap\u0161vietimas iki 5 m ; Wi-Fi ry\u0161ys","og_url":"https:\/\/eheating.lt\/produktas\/ezviz-cs-hp7-telefonspynes-komplektas\/","og_site_name":"Elektronika Namams","article_publisher":"https:\/\/www.facebook.com\/ElektronikaNamams","article_modified_time":"2024-07-11T15:41:50+00:00","og_image":[{"width":800,"height":800,"url":"https:\/\/eheating.lt\/wp-content\/uploads\/2023\/10\/EZVIZ-CS-HP7-telefonspynes-komplektas.png","type":"image\/png"}],"twitter_card":"summary_large_image","twitter_misc":{"Price":"252,18&nbsp;&euro;","Availability":"In stock"},"schema":{"@context":"https:\/\/schema.org","@graph":[{"@type":"WebPage","@id":"https:\/\/eheating.lt\/produktas\/ezviz-cs-hp7-telefonspynes-komplektas\/","url":"https:\/\/eheating.lt\/produktas\/ezviz-cs-hp7-telefonspynes-komplektas\/","name":"EZVIZ CS-HP7 telefonspyn\u0117s komplektas","isPartOf":{"@id":"https:\/\/eheating.lt\/#website"},"primaryImageOfPage":{"@id":"https:\/\/eheating.lt\/produktas\/ezviz-cs-hp7-telefonspynes-komplektas\/#primaryimage"},"image":{"@id":"https:\/\/eheating.lt\/produktas\/ezviz-cs-hp7-telefonspynes-komplektas\/#primaryimage"},"thumbnailUrl":"https:\/\/eheating.lt\/wp-content\/uploads\/2023\/10\/EZVIZ-CS-HP7-telefonspynes-komplektas.png","datePublished":"2023-11-13T19:36:24+00:00","dateModified":"2024-07-11T15:41:50+00:00","description":"EZVIZ CS-HP7 telefonspyn\u0117s komplektas ; 4600mAh kraunama li\u010dio baterija ; Rai\u0161ka - 3MP ; SD kortel\u0117 iki 256GB ; IR ap\u0161vietimas iki 5 m ; Wi-Fi ry\u0161ys","breadcrumb":{"@id":"https:\/\/eheating.lt\/produktas\/ezviz-cs-hp7-telefonspynes-komplektas\/#breadcrumb"},"inLanguage":"en-US","potentialAction":[{"@type":"ReadAction","target":["https:\/\/eheating.lt\/produktas\/ezviz-cs-hp7-telefonspynes-komplektas\/"]}]},{"@type":"ImageObject","inLanguage":"en-US","@id":"https:\/\/eheating.lt\/produktas\/ezviz-cs-hp7-telefonspynes-komplektas\/#primaryimage","url":"https:\/\/eheating.lt\/wp-content\/uploads\/2023\/10\/EZVIZ-CS-HP7-telefonspynes-komplektas.png","contentUrl":"https:\/\/eheating.lt\/wp-content\/uploads\/2023\/10\/EZVIZ-CS-HP7-telefonspynes-komplektas.png","width":800,"height":800,"caption":"EZVIZ CS-HP7 telefonspyn\u0117s komplektas"},{"@type":"BreadcrumbList","@id":"https:\/\/eheating.lt\/produktas\/ezviz-cs-hp7-telefonspynes-komplektas\/#breadcrumb","itemListElement":[{"@type":"ListItem","position":1,"name":"Prad\u017eia","item":"https:\/\/eheating.lt\/en\/"},{"@type":"ListItem","position":2,"name":"Shop","item":"https:\/\/eheating.lt\/en\/?page_id=5734"},{"@type":"ListItem","position":3,"name":"EZVIZ CS-HP7 telefonspyn\u0117s komplektas"}]},{"@type":"WebSite","@id":"https:\/\/eheating.lt\/#website","url":"https:\/\/eheating.lt\/","name":"eHeating","description":"Elektronika ir \u0161ildymas","potentialAction":[{"@type":"SearchAction","target":{"@type":"EntryPoint","urlTemplate":"https:\/\/eheating.lt\/?s={search_term_string}"},"query-input":{"@type":"PropertyValueSpecification","valueRequired":true,"valueName":"search_term_string"}}],"inLanguage":"en-US"}]},"product_price_amount":"252.18","product_price_currency":"EUR","og_availability":"instock","product_availability":"instock","product_retailer_item_id":"2617084b8257","product_condition":"new"},"_links":{"self":[{"href":"https:\/\/eheating.lt\/en\/wp-json\/wp\/v2\/product\/19620","targetHints":{"allow":["GET"]}}],"collection":[{"href":"https:\/\/eheating.lt\/en\/wp-json\/wp\/v2\/product"}],"about":[{"href":"https:\/\/eheating.lt\/en\/wp-json\/wp\/v2\/types\/product"}],"replies":[{"embeddable":true,"href":"https:\/\/eheating.lt\/en\/wp-json\/wp\/v2\/comments?post=19620"}],"version-history":[{"count":0,"href":"https:\/\/eheating.lt\/en\/wp-json\/wp\/v2\/product\/19620\/revisions"}],"wp:featuredmedia":[{"embeddable":true,"href":"https:\/\/eheating.lt\/en\/wp-json\/wp\/v2\/media\/28074"}],"wp:attachment":[{"href":"https:\/\/eheating.lt\/en\/wp-json\/wp\/v2\/media?parent=19620"}],"wp:term":[{"taxonomy":"product_brand","embeddable":true,"href":"https:\/\/eheating.lt\/en\/wp-json\/wp\/v2\/product_brand?post=19620"},{"taxonomy":"product_cat","embeddable":true,"href":"https:\/\/eheating.lt\/en\/wp-json\/wp\/v2\/product_cat?post=19620"},{"taxonomy":"product_tag","embeddable":true,"href":"https:\/\/eheating.lt\/en\/wp-json\/wp\/v2\/product_tag?post=19620"}],"curies":[{"name":"wp","href":"https:\/\/api.w.org\/{rel}","templated":true}]}}