{"id":19542,"date":"2023-11-13T21:36:25","date_gmt":"2023-11-13T19:36:25","guid":{"rendered":"https:\/\/eheating.lt\/?post_type=product&#038;p=19542"},"modified":"2024-10-18T17:29:51","modified_gmt":"2024-10-18T14:29:51","slug":"ezviz-cs-eb8-4g-valdoma-lauko-kamera","status":"publish","type":"product","link":"https:\/\/eheating.lt\/en\/produktas\/ezviz-cs-eb8-4g-valdoma-lauko-kamera\/","title":{"rendered":"EZVIZ CS-EB8 4G valdoma lauko kamera"},"content":{"rendered":"<ul>\n<li><span class=\"tech-specs-items-description__title--heading\">Kamera<\/span><\/li>\n<\/ul>\n<ul class=\"tech-specs-items-description\" data-target=\"table\">\n<li class=\"tech-specs-items-description-list\"><span class=\"tech-specs-items-description__title\">Sensorius<\/span><span class=\"tech-specs-items-description__title-details\">1\/2.8\u201d 3-Megapixel Progressive Scan CMOS Sensor<\/span><\/li>\n<li class=\"tech-specs-items-description-list\"><span class=\"tech-specs-items-description__title\">Minimalus ap\u0161vietimas<\/span><span class=\"tech-specs-items-description__title-details\">0.01 Lux @(F1.6, AGC ON), 0 Lux with IR<\/span><\/li>\n<li class=\"tech-specs-items-description-list\"><span class=\"tech-specs-items-description__title\">U\u017erakto greitis<\/span><span class=\"tech-specs-items-description__title-details\">Self-adaptive shutter<\/span><\/li>\n<li class=\"tech-specs-items-description-list\"><span class=\"tech-specs-items-description__title\">L\u0119\u0161is<\/span><span class=\"tech-specs-items-description__title-details\">Viewing angle: 100\u00b0 (Diagonal), 83\u00b0 (Horizontal), 44\u00b0 (Vertical)<\/span><\/li>\n<li class=\"tech-specs-items-description-list\"><span class=\"tech-specs-items-description__title\">PT kampas<\/span><span class=\"tech-specs-items-description__title-details\">Pan: 340, Tilt: 65\u00b0<\/span><\/li>\n<li class=\"tech-specs-items-description-list\"><span class=\"tech-specs-items-description__title\">Diena\/Naktis<\/span><span class=\"tech-specs-items-description__title-details\">IR-cut filter with auto switch<\/span><\/li>\n<li class=\"tech-specs-items-description-list\"><span class=\"tech-specs-items-description__title\">DNR<\/span><span class=\"tech-specs-items-description__title-details\">3D DNR<\/span><\/li>\n<li class=\"tech-specs-items-description-list\"><span class=\"tech-specs-items-description__title\">Naktinio matymo atstumas<\/span><span class=\"tech-specs-items-description__title-details\">IR 15 m\uff0cColor Night Vision 15 m<\/span><\/li>\n<\/ul>\n<ul class=\"tech-specs-items-description\" data-target=\"Lens\">\n<li class=\"tech-specs-items-description-list\"><span class=\"tech-specs-items-description__title--heading\">Vaizdas ir garsas<\/span><\/li>\n<li class=\"tech-specs-items-description-list\"><span class=\"tech-specs-items-description__title\">Maksimali rai\u0161ka<\/span><span class=\"tech-specs-items-description__title-details\">2304 x 1296<\/span><\/li>\n<li class=\"tech-specs-items-description-list\"><span class=\"tech-specs-items-description__title\">Kadr\u0173 da\u017enis<\/span><span class=\"tech-specs-items-description__title-details\">Max. 15fps; Self-Adaptive during network transmission<\/span><\/li>\n<li class=\"tech-specs-items-description-list\"><span class=\"tech-specs-items-description__title\">Vaizdo suspaudimas<\/span><span class=\"tech-specs-items-description__title-details\">H.265 \/ H.264<\/span><\/li>\n<li class=\"tech-specs-items-description-list\"><span class=\"tech-specs-items-description__title\">Vaizdo bit\u0173 greitis<\/span><span class=\"tech-specs-items-description__title-details\">Quad-HD;Full- HD; Hi-Def. Adaptive bit rate.<\/span><\/li>\n<li class=\"tech-specs-items-description-list\"><span class=\"tech-specs-items-description__title\">Garso bit\u0173 greitis<\/span><span class=\"tech-specs-items-description__title-details\">Self-Adaptive<\/span><\/li>\n<li class=\"tech-specs-items-description-list\"><span class=\"tech-specs-items-description__title\">Maks. bit\u0173 greitis<\/span><span class=\"tech-specs-items-description__title-details\">1.5 Mbps<\/span><\/li>\n<\/ul>\n<ul class=\"tech-specs-items-description\" data-target=\"Lens\">\n<li class=\"tech-specs-items-description-list\"><span class=\"tech-specs-items-description__title--heading\">Tinklas<\/span><\/li>\n<li class=\"tech-specs-items-description-list\"><span class=\"tech-specs-items-description__title\">Da\u017eni\u0173 juostos<\/span><span class=\"tech-specs-items-description__title-details\">LTE FDD: B1\/B3\/B7\/B8\/B20\/B28 LTE TDD: B38\/B40<\/span><\/li>\n<\/ul>\n<ul class=\"tech-specs-items-description\" data-target=\"Lens\">\n<li class=\"tech-specs-items-description-list\"><span class=\"tech-specs-items-description__title--heading\">Funkcijos<\/span><\/li>\n<li class=\"tech-specs-items-description-list\"><span class=\"tech-specs-items-description__title\">I\u0161manusis signalas<\/span><span class=\"tech-specs-items-description__title-details\">Smart human motion detection<\/span><\/li>\n<li class=\"tech-specs-items-description-list\"><span class=\"tech-specs-items-description__title\">GPS<\/span><span class=\"tech-specs-items-description__title-details\">Supports<\/span><\/li>\n<li class=\"tech-specs-items-description-list\"><span class=\"tech-specs-items-description__title\">Abipusis bendravimas Two-way talk<\/span><span class=\"tech-specs-items-description__title-details\">Supports<\/span><\/li>\n<li class=\"tech-specs-items-description-list\"><span class=\"tech-specs-items-description__title\">Pagrindin\u0117s funkcijos<\/span><span class=\"tech-specs-items-description__title-details\">Anti-Flicker, Heart Beat, Password Protection, Watermark<\/span><\/li>\n<\/ul>\n<ul class=\"tech-specs-items-description\" data-target=\"Lens\">\n<li class=\"tech-specs-items-description-list\"><span class=\"tech-specs-items-description__title--heading\">Saugykla<\/span><\/li>\n<li class=\"tech-specs-items-description-list\"><span class=\"tech-specs-items-description__title\">Vidin\u0117 saugykla<\/span><span class=\"tech-specs-items-description__title-details\">Supports microSD Card (Up to 512G)<\/span><\/li>\n<li class=\"tech-specs-items-description-list\"><span class=\"tech-specs-items-description__title\">Debes\u0173 saugykla<\/span><span class=\"tech-specs-items-description__title-details\">EZVIZ cloud storage<\/span><\/li>\n<\/ul>\n<ul class=\"tech-specs-items-description\" data-target=\"Lens\">\n<li class=\"tech-specs-items-description-list\"><span class=\"tech-specs-items-description__title--heading\">Pagrindinis<\/span><\/li>\n<li class=\"tech-specs-items-description-list\"><span class=\"tech-specs-items-description__title\">Darbo s\u0105lygos<\/span><span class=\"tech-specs-items-description__title-details\">-20 \u00b0C to 50 \u00b0C (-4 \u00b0F to 122 \u00b0F ), humidity 95% or less (Non-condensing)<\/span><\/li>\n<li class=\"tech-specs-items-description-list\"><span class=\"tech-specs-items-description__title\">IP klas\u0117<\/span><span class=\"tech-specs-items-description__title-details\">IP65<\/span><\/li>\n<li class=\"tech-specs-items-description-list\"><span class=\"tech-specs-items-description__title\">Maitinimas<\/span><span class=\"tech-specs-items-description__title-details\">DC 5V\/2A (Adapter needs to be purchased separately)<\/span><\/li>\n<li class=\"tech-specs-items-description-list\"><span class=\"tech-specs-items-description__title\">Baterijos talpa<\/span><span class=\"tech-specs-items-description__title-details\">10400 mAh<\/span><\/li>\n<li class=\"tech-specs-items-description-list\"><span class=\"tech-specs-items-description__title\">Energijos sunaudojimas<\/span><span class=\"tech-specs-items-description__title-details\">Max. 10W<\/span><\/li>\n<li class=\"tech-specs-items-description-list\"><span class=\"tech-specs-items-description__title\">Produkto dydis<\/span><span class=\"tech-specs-items-description__title-details\">183 \u00d7 116 \u00d7 166 mm (7.20 \u00d7 4.57 \u00d7 6.52 inch)<\/span><\/li>\n<li class=\"tech-specs-items-description-list\"><span class=\"tech-specs-items-description__title\">Pakuot\u0117s dydis<\/span><span class=\"tech-specs-items-description__title-details\">216 \u00d7 145 \u00d7 203 mm (8.50 \u00d7 5.71 \u00d7 7.99 inch)<\/span><\/li>\n<li class=\"tech-specs-items-description-list\"><span class=\"tech-specs-items-description__title\">Svoris<\/span><span class=\"tech-specs-items-description__title-details\">Net weight: 835 g (26.8 Oz) With package: 1072 g (34.4 Oz)<\/span><\/li>\n<\/ul>\n<ul class=\"tech-specs-items-description\" data-target=\"Lens\">\n<li class=\"tech-specs-items-description-list\"><span class=\"tech-specs-items-description__title--heading\">D\u0117\u017eut\u0117je<\/span><\/li>\n<li class=\"tech-specs-items-description-list\"><span class=\"tech-specs-items-description__title\">D\u0117\u017eut\u0117je<\/span><span class=\"tech-specs-items-description__title-details\">&#8211; EB8 4G Camera &#8211; Drilling Template &#8211; Type C Cable &#8211; SIM Card Adapter &#8211; Screw Kit &#8211; Quick Installation Guide &#8211; Regulatory Information &#8211; Quick Start Guide<\/span><\/li>\n<\/ul>\n<ul class=\"tech-specs-items-description\" data-target=\"Lens\">\n<li class=\"tech-specs-items-description-list\"><span class=\"tech-specs-items-description__title--heading\">Sertifikatai<\/span><\/li>\n<li class=\"tech-specs-items-description-list\"><span class=\"tech-specs-items-description__title\">Sertifikatai<\/span><span class=\"tech-specs-items-description__title-details\">CE \/ WEEE \/ RoHS \/ UKCA\/ REACH<\/span><\/li>\n<\/ul>\n","protected":false},"excerpt":{"rendered":"<ul>\n<li>MP (rai\u0161ka): 3MP (2304 \u00d7 1296)<\/li>\n<li>Objektyvas: 4mm<\/li>\n<li>Akumuliatoriaus talpa: 10400mAh<\/li>\n<li>IR nuotolis: iki 15m<\/li>\n<li>Spalvotas naktinis matymas: iki 15m<\/li>\n<li>IP klas\u0117: IP65<\/li>\n<li>Pritaikyta naudoti: lauko s\u0105lygomis<\/li>\n<li>SD kortel\u0117: 512GB (perkama atskirai)<\/li>\n<li>Vaizdo suspaudimas: H.264\/H.265<\/li>\n<li>Informacijos perdavimas: Sim kortel\u0117<\/li>\n<li>Laikiklis\/baz\u0117: komplekte<\/li>\n<li>Veikia su saul\u0117s panele<\/li>\n<li>Jungtis:\u00a0Type-C<\/li>\n<li>Kadr\u0173 skai\u010dius per sekund\u0119: 15<\/li>\n<\/ul>\n","protected":false},"featured_media":28078,"comment_status":"closed","ping_status":"closed","template":"","meta":[],"product_brand":[],"product_cat":[458,534,533],"product_tag":[],"class_list":{"0":"post-19542","1":"product","2":"type-product","3":"status-publish","4":"has-post-thumbnail","6":"product_cat-ezviz-serija","7":"product_cat-ip-kameros","8":"product_cat-ip-vaizdo-stebejimo-sistemos","10":"first","11":"instock","12":"purchasable","13":"product-type-simple"},"yoast_head":"<!-- This site is optimized with the Yoast SEO Premium plugin v21.5 (Yoast SEO v27.3) - https:\/\/yoast.com\/product\/yoast-seo-premium-wordpress\/ -->\n<title>EZVIZ CS-EB8 4G valdoma lauko kamera<\/title>\n<meta name=\"description\" content=\"EZVIZ CS-EB8 4G valdoma lauko kamera ; Akumuliatoriaus talpa 10400mAh ; Rai\u0161ka - 4MP ; IR nuotolis iki 15m ; SD kortel\u0117 iki 512GB ; Veikia su SIM kortele\" \/>\n<meta name=\"robots\" content=\"index, follow, max-snippet:-1, max-image-preview:large, max-video-preview:-1\" \/>\n<link rel=\"canonical\" href=\"https:\/\/eheating.lt\/produktas\/ezviz-cs-eb8-4g-valdoma-lauko-kamera\/\" \/>\n<meta property=\"og:locale\" content=\"en_US\" \/>\n<meta property=\"og:type\" content=\"article\" \/>\n<meta property=\"og:title\" content=\"EZVIZ CS-EB8 4G valdoma lauko kamera\" \/>\n<meta property=\"og:description\" content=\"EZVIZ CS-EB8 4G valdoma lauko kamera ; Akumuliatoriaus talpa 10400mAh ; Rai\u0161ka - 4MP ; IR nuotolis iki 15m ; SD kortel\u0117 iki 512GB ; Veikia su SIM kortele\" \/>\n<meta property=\"og:url\" content=\"https:\/\/eheating.lt\/produktas\/ezviz-cs-eb8-4g-valdoma-lauko-kamera\/\" \/>\n<meta property=\"og:site_name\" content=\"Elektronika Namams\" \/>\n<meta property=\"article:publisher\" content=\"https:\/\/www.facebook.com\/ElektronikaNamams\" \/>\n<meta property=\"article:modified_time\" content=\"2024-10-18T14:29:51+00:00\" \/>\n<meta property=\"og:image\" content=\"https:\/\/eheating.lt\/wp-content\/uploads\/2023\/10\/EZVIZ-CS-EB8-4G-valdoma-lauko-kamera.png\" \/>\n\t<meta property=\"og:image:width\" content=\"800\" \/>\n\t<meta property=\"og:image:height\" content=\"800\" \/>\n\t<meta property=\"og:image:type\" content=\"image\/png\" \/>\n<meta name=\"twitter:card\" content=\"summary_large_image\" \/>\n<meta name=\"twitter:label1\" content=\"Price\" \/>\n\t<meta name=\"twitter:data1\" content=\"271,57&nbsp;&euro;\" \/>\n\t<meta name=\"twitter:label2\" content=\"Availability\" \/>\n\t<meta name=\"twitter:data2\" content=\"In stock\" \/>\n<script type=\"application\/ld+json\" class=\"yoast-schema-graph\">{\"@context\":\"https:\\\/\\\/schema.org\",\"@graph\":[{\"@type\":\"WebPage\",\"@id\":\"https:\\\/\\\/eheating.lt\\\/produktas\\\/ezviz-cs-eb8-4g-valdoma-lauko-kamera\\\/\",\"url\":\"https:\\\/\\\/eheating.lt\\\/produktas\\\/ezviz-cs-eb8-4g-valdoma-lauko-kamera\\\/\",\"name\":\"EZVIZ CS-EB8 4G valdoma lauko kamera\",\"isPartOf\":{\"@id\":\"https:\\\/\\\/eheating.lt\\\/#website\"},\"primaryImageOfPage\":{\"@id\":\"https:\\\/\\\/eheating.lt\\\/produktas\\\/ezviz-cs-eb8-4g-valdoma-lauko-kamera\\\/#primaryimage\"},\"image\":{\"@id\":\"https:\\\/\\\/eheating.lt\\\/produktas\\\/ezviz-cs-eb8-4g-valdoma-lauko-kamera\\\/#primaryimage\"},\"thumbnailUrl\":\"https:\\\/\\\/eheating.lt\\\/wp-content\\\/uploads\\\/2023\\\/10\\\/EZVIZ-CS-EB8-4G-valdoma-lauko-kamera.png\",\"datePublished\":\"2023-11-13T19:36:25+00:00\",\"dateModified\":\"2024-10-18T14:29:51+00:00\",\"description\":\"EZVIZ CS-EB8 4G valdoma lauko kamera ; Akumuliatoriaus talpa 10400mAh ; Rai\u0161ka - 4MP ; IR nuotolis iki 15m ; SD kortel\u0117 iki 512GB ; Veikia su SIM kortele\",\"breadcrumb\":{\"@id\":\"https:\\\/\\\/eheating.lt\\\/produktas\\\/ezviz-cs-eb8-4g-valdoma-lauko-kamera\\\/#breadcrumb\"},\"inLanguage\":\"en-US\",\"potentialAction\":[{\"@type\":\"ReadAction\",\"target\":[\"https:\\\/\\\/eheating.lt\\\/produktas\\\/ezviz-cs-eb8-4g-valdoma-lauko-kamera\\\/\"]}]},{\"@type\":\"ImageObject\",\"inLanguage\":\"en-US\",\"@id\":\"https:\\\/\\\/eheating.lt\\\/produktas\\\/ezviz-cs-eb8-4g-valdoma-lauko-kamera\\\/#primaryimage\",\"url\":\"https:\\\/\\\/eheating.lt\\\/wp-content\\\/uploads\\\/2023\\\/10\\\/EZVIZ-CS-EB8-4G-valdoma-lauko-kamera.png\",\"contentUrl\":\"https:\\\/\\\/eheating.lt\\\/wp-content\\\/uploads\\\/2023\\\/10\\\/EZVIZ-CS-EB8-4G-valdoma-lauko-kamera.png\",\"width\":800,\"height\":800,\"caption\":\"EZVIZ CS-EB8 4G valdoma lauko kamera\"},{\"@type\":\"BreadcrumbList\",\"@id\":\"https:\\\/\\\/eheating.lt\\\/produktas\\\/ezviz-cs-eb8-4g-valdoma-lauko-kamera\\\/#breadcrumb\",\"itemListElement\":[{\"@type\":\"ListItem\",\"position\":1,\"name\":\"Prad\u017eia\",\"item\":\"https:\\\/\\\/eheating.lt\\\/en\\\/\"},{\"@type\":\"ListItem\",\"position\":2,\"name\":\"Shop\",\"item\":\"https:\\\/\\\/eheating.lt\\\/en\\\/?page_id=5734\"},{\"@type\":\"ListItem\",\"position\":3,\"name\":\"EZVIZ CS-EB8 4G valdoma lauko kamera\"}]},{\"@type\":\"WebSite\",\"@id\":\"https:\\\/\\\/eheating.lt\\\/#website\",\"url\":\"https:\\\/\\\/eheating.lt\\\/\",\"name\":\"eHeating\",\"description\":\"Elektronika ir \u0161ildymas\",\"potentialAction\":[{\"@type\":\"SearchAction\",\"target\":{\"@type\":\"EntryPoint\",\"urlTemplate\":\"https:\\\/\\\/eheating.lt\\\/?s={search_term_string}\"},\"query-input\":{\"@type\":\"PropertyValueSpecification\",\"valueRequired\":true,\"valueName\":\"search_term_string\"}}],\"inLanguage\":\"en-US\"}]}<\/script>\n<meta property=\"product:price:amount\" content=\"271.57\" \/>\n<meta property=\"product:price:currency\" content=\"EUR\" \/>\n<meta property=\"og:availability\" content=\"instock\" \/>\n<meta property=\"product:availability\" content=\"instock\" \/>\n<meta property=\"product:retailer_item_id\" content=\"d5a53bb558be\" \/>\n<meta property=\"product:condition\" content=\"new\" \/>\n<!-- \/ Yoast SEO Premium plugin. -->","yoast_head_json":{"title":"EZVIZ CS-EB8 4G valdoma lauko kamera","description":"EZVIZ CS-EB8 4G valdoma lauko kamera ; Akumuliatoriaus talpa 10400mAh ; Rai\u0161ka - 4MP ; IR nuotolis iki 15m ; SD kortel\u0117 iki 512GB ; Veikia su SIM kortele","robots":{"index":"index","follow":"follow","max-snippet":"max-snippet:-1","max-image-preview":"max-image-preview:large","max-video-preview":"max-video-preview:-1"},"canonical":"https:\/\/eheating.lt\/produktas\/ezviz-cs-eb8-4g-valdoma-lauko-kamera\/","og_locale":"en_US","og_type":"article","og_title":"EZVIZ CS-EB8 4G valdoma lauko kamera","og_description":"EZVIZ CS-EB8 4G valdoma lauko kamera ; Akumuliatoriaus talpa 10400mAh ; Rai\u0161ka - 4MP ; IR nuotolis iki 15m ; SD kortel\u0117 iki 512GB ; Veikia su SIM kortele","og_url":"https:\/\/eheating.lt\/produktas\/ezviz-cs-eb8-4g-valdoma-lauko-kamera\/","og_site_name":"Elektronika Namams","article_publisher":"https:\/\/www.facebook.com\/ElektronikaNamams","article_modified_time":"2024-10-18T14:29:51+00:00","og_image":[{"width":800,"height":800,"url":"https:\/\/eheating.lt\/wp-content\/uploads\/2023\/10\/EZVIZ-CS-EB8-4G-valdoma-lauko-kamera.png","type":"image\/png"}],"twitter_card":"summary_large_image","twitter_misc":{"Price":"271,57&nbsp;&euro;","Availability":"In stock"},"schema":{"@context":"https:\/\/schema.org","@graph":[{"@type":"WebPage","@id":"https:\/\/eheating.lt\/produktas\/ezviz-cs-eb8-4g-valdoma-lauko-kamera\/","url":"https:\/\/eheating.lt\/produktas\/ezviz-cs-eb8-4g-valdoma-lauko-kamera\/","name":"EZVIZ CS-EB8 4G valdoma lauko kamera","isPartOf":{"@id":"https:\/\/eheating.lt\/#website"},"primaryImageOfPage":{"@id":"https:\/\/eheating.lt\/produktas\/ezviz-cs-eb8-4g-valdoma-lauko-kamera\/#primaryimage"},"image":{"@id":"https:\/\/eheating.lt\/produktas\/ezviz-cs-eb8-4g-valdoma-lauko-kamera\/#primaryimage"},"thumbnailUrl":"https:\/\/eheating.lt\/wp-content\/uploads\/2023\/10\/EZVIZ-CS-EB8-4G-valdoma-lauko-kamera.png","datePublished":"2023-11-13T19:36:25+00:00","dateModified":"2024-10-18T14:29:51+00:00","description":"EZVIZ CS-EB8 4G valdoma lauko kamera ; Akumuliatoriaus talpa 10400mAh ; Rai\u0161ka - 4MP ; IR nuotolis iki 15m ; SD kortel\u0117 iki 512GB ; Veikia su SIM kortele","breadcrumb":{"@id":"https:\/\/eheating.lt\/produktas\/ezviz-cs-eb8-4g-valdoma-lauko-kamera\/#breadcrumb"},"inLanguage":"en-US","potentialAction":[{"@type":"ReadAction","target":["https:\/\/eheating.lt\/produktas\/ezviz-cs-eb8-4g-valdoma-lauko-kamera\/"]}]},{"@type":"ImageObject","inLanguage":"en-US","@id":"https:\/\/eheating.lt\/produktas\/ezviz-cs-eb8-4g-valdoma-lauko-kamera\/#primaryimage","url":"https:\/\/eheating.lt\/wp-content\/uploads\/2023\/10\/EZVIZ-CS-EB8-4G-valdoma-lauko-kamera.png","contentUrl":"https:\/\/eheating.lt\/wp-content\/uploads\/2023\/10\/EZVIZ-CS-EB8-4G-valdoma-lauko-kamera.png","width":800,"height":800,"caption":"EZVIZ CS-EB8 4G valdoma lauko kamera"},{"@type":"BreadcrumbList","@id":"https:\/\/eheating.lt\/produktas\/ezviz-cs-eb8-4g-valdoma-lauko-kamera\/#breadcrumb","itemListElement":[{"@type":"ListItem","position":1,"name":"Prad\u017eia","item":"https:\/\/eheating.lt\/en\/"},{"@type":"ListItem","position":2,"name":"Shop","item":"https:\/\/eheating.lt\/en\/?page_id=5734"},{"@type":"ListItem","position":3,"name":"EZVIZ CS-EB8 4G valdoma lauko kamera"}]},{"@type":"WebSite","@id":"https:\/\/eheating.lt\/#website","url":"https:\/\/eheating.lt\/","name":"eHeating","description":"Elektronika ir \u0161ildymas","potentialAction":[{"@type":"SearchAction","target":{"@type":"EntryPoint","urlTemplate":"https:\/\/eheating.lt\/?s={search_term_string}"},"query-input":{"@type":"PropertyValueSpecification","valueRequired":true,"valueName":"search_term_string"}}],"inLanguage":"en-US"}]},"product_price_amount":"271.57","product_price_currency":"EUR","og_availability":"instock","product_availability":"instock","product_retailer_item_id":"d5a53bb558be","product_condition":"new"},"_links":{"self":[{"href":"https:\/\/eheating.lt\/en\/wp-json\/wp\/v2\/product\/19542","targetHints":{"allow":["GET"]}}],"collection":[{"href":"https:\/\/eheating.lt\/en\/wp-json\/wp\/v2\/product"}],"about":[{"href":"https:\/\/eheating.lt\/en\/wp-json\/wp\/v2\/types\/product"}],"replies":[{"embeddable":true,"href":"https:\/\/eheating.lt\/en\/wp-json\/wp\/v2\/comments?post=19542"}],"version-history":[{"count":0,"href":"https:\/\/eheating.lt\/en\/wp-json\/wp\/v2\/product\/19542\/revisions"}],"wp:featuredmedia":[{"embeddable":true,"href":"https:\/\/eheating.lt\/en\/wp-json\/wp\/v2\/media\/28078"}],"wp:attachment":[{"href":"https:\/\/eheating.lt\/en\/wp-json\/wp\/v2\/media?parent=19542"}],"wp:term":[{"taxonomy":"product_brand","embeddable":true,"href":"https:\/\/eheating.lt\/en\/wp-json\/wp\/v2\/product_brand?post=19542"},{"taxonomy":"product_cat","embeddable":true,"href":"https:\/\/eheating.lt\/en\/wp-json\/wp\/v2\/product_cat?post=19542"},{"taxonomy":"product_tag","embeddable":true,"href":"https:\/\/eheating.lt\/en\/wp-json\/wp\/v2\/product_tag?post=19542"}],"curies":[{"name":"wp","href":"https:\/\/api.w.org\/{rel}","templated":true}]}}