{"id":19530,"date":"2023-11-13T22:02:20","date_gmt":"2023-11-13T20:02:20","guid":{"rendered":"https:\/\/eheating.lt\/?post_type=product&#038;p=19530"},"modified":"2024-10-18T17:29:24","modified_gmt":"2024-10-18T14:29:24","slug":"kietasis-diskas-wd-purple-wd22purz","status":"publish","type":"product","link":"https:\/\/eheating.lt\/en\/produktas\/kietasis-diskas-wd-purple-wd22purz\/","title":{"rendered":"Kietasis diskas WD Purple WD22PURZ"},"content":{"rendered":"<ul class=\"tech-specs-items-description\" data-target=\"Specifikacijos\">\n<li class=\"tech-specs-items-description-list\"><span class=\"tech-specs-items-description__title--heading\">Specifikacijos<\/span><\/li>\n<li class=\"tech-specs-items-description-list\"><span class=\"tech-specs-items-description__title\">Talpa<\/span><span class=\"tech-specs-items-description__title-details\">2TB<\/span><\/li>\n<li class=\"tech-specs-items-description-list\"><span class=\"tech-specs-items-description__title\">Modelio numeris<\/span><span class=\"tech-specs-items-description__title-details\">WD22PURZ<\/span><\/li>\n<li class=\"tech-specs-items-description-list\"><span class=\"tech-specs-items-description__title\">S\u0105saja<\/span><span class=\"tech-specs-items-description__title-details\">SATA 6 Gb\/s<\/span><\/li>\n<li class=\"tech-specs-items-description-list\"><span class=\"tech-specs-items-description__title\">Maks. nuolatinis perdavimo greitis OD (MB\/s)<\/span><span class=\"tech-specs-items-description__title-details\">175MB\/s<\/span><\/li>\n<li class=\"tech-specs-items-description-list\"><span class=\"tech-specs-items-description__title\">Cache (MB)<\/span><span class=\"tech-specs-items-description__title-details\">256<\/span><\/li>\n<li class=\"tech-specs-items-description-list\"><span class=\"tech-specs-items-description__title\">Pripildymo\/i\u0161krovimo ciklai<\/span><span class=\"tech-specs-items-description__title-details\">300,000<\/span><\/li>\n<li class=\"tech-specs-items-description-list\"><span class=\"tech-specs-items-description__title\">Vidutinis energijos sunaudojimas darbo re\u017eime (W)<\/span><span class=\"tech-specs-items-description__title-details\">8 W<\/span><\/li>\n<li class=\"tech-specs-items-description-list\"><span class=\"tech-specs-items-description__title\">Auk\u0161tis (mm\/in, max)<\/span><span class=\"tech-specs-items-description__title-details\">26.11 mm\/1.028 in<\/span><\/li>\n<li class=\"tech-specs-items-description-list\"><span class=\"tech-specs-items-description__title\">Plotis (mm\/in, max)<\/span><span class=\"tech-specs-items-description__title-details\">101.85 mm\/4.01 in<\/span><\/li>\n<li class=\"tech-specs-items-description-list\"><span class=\"tech-specs-items-description__title\">Svoris (g\/lb, typical)<\/span><span class=\"tech-specs-items-description__title-details\">600 g\/1.32 lb<\/span><\/li>\n<\/ul>\n","protected":false},"excerpt":{"rendered":"<ul>\n<li>Kietasis diskas 2TB, skirtas DVR\/NVR vaizdo \u012fra\u0161ymo \u012frenginiams<\/li>\n<li>SATA 6Gb s<\/li>\n<li>5400 rpm<\/li>\n<li>256MB cache<\/li>\n<\/ul>\n","protected":false},"featured_media":28442,"comment_status":"closed","ping_status":"closed","template":"","meta":[],"product_brand":[],"product_cat":[533,581,404,537,305,318],"product_tag":[],"class_list":{"0":"post-19530","1":"product","2":"type-product","3":"status-publish","4":"has-post-thumbnail","6":"product_cat-ip-vaizdo-stebejimo-sistemos","7":"product_cat-kietieji-diskai-irasymo-irenginiams-turbo-hd","8":"product_cat-kietieji-diskai-irasymo-irenginiams","9":"product_cat-turbo-hd-kita-iranga","10":"product_cat-ip-kita-iranga","11":"product_cat-turbo-hd-apsauga","13":"first","14":"onbackorder","15":"purchasable","16":"product-type-simple"},"yoast_head":"<!-- This site is optimized with the Yoast SEO Premium plugin v21.5 (Yoast SEO v27.3) - https:\/\/yoast.com\/product\/yoast-seo-premium-wordpress\/ -->\n<title>Kietasis diskas WD Purple WD22PURZ<\/title>\n<meta name=\"description\" content=\"Kietasis diskas WD Purple WD22PURZ ; Kietasis diskas 2TB skirtas DVR\/NVR \u012frenginiams ; SATA 6Gb s ; 5400 rpm ; 256MB cache\" \/>\n<meta name=\"robots\" content=\"index, follow, max-snippet:-1, max-image-preview:large, max-video-preview:-1\" \/>\n<link rel=\"canonical\" href=\"https:\/\/eheating.lt\/produktas\/kietasis-diskas-wd-purple-wd22purz\/\" \/>\n<meta property=\"og:locale\" content=\"en_US\" \/>\n<meta property=\"og:type\" content=\"article\" \/>\n<meta property=\"og:title\" content=\"Kietasis diskas WD Purple WD22PURZ\" \/>\n<meta property=\"og:description\" content=\"Kietasis diskas WD Purple WD22PURZ ; Kietasis diskas 2TB skirtas DVR\/NVR \u012frenginiams ; SATA 6Gb s ; 5400 rpm ; 256MB cache\" \/>\n<meta property=\"og:url\" content=\"https:\/\/eheating.lt\/produktas\/kietasis-diskas-wd-purple-wd22purz\/\" \/>\n<meta property=\"og:site_name\" content=\"Elektronika Namams\" \/>\n<meta property=\"article:publisher\" content=\"https:\/\/www.facebook.com\/ElektronikaNamams\" \/>\n<meta property=\"article:modified_time\" content=\"2024-10-18T14:29:24+00:00\" \/>\n<meta property=\"og:image\" content=\"https:\/\/eheating.lt\/wp-content\/uploads\/2023\/10\/Kietasis-diskas-WD-Purple-WD22PURZ.png\" \/>\n\t<meta property=\"og:image:width\" content=\"800\" \/>\n\t<meta property=\"og:image:height\" content=\"800\" \/>\n\t<meta property=\"og:image:type\" content=\"image\/png\" \/>\n<meta name=\"twitter:card\" content=\"summary_large_image\" \/>\n<meta name=\"twitter:label1\" content=\"Price\" \/>\n\t<meta name=\"twitter:data1\" content=\"77,50&nbsp;&euro;\" \/>\n\t<meta name=\"twitter:label2\" content=\"Availability\" \/>\n\t<meta name=\"twitter:data2\" content=\"On backorder\" \/>\n<script type=\"application\/ld+json\" class=\"yoast-schema-graph\">{\"@context\":\"https:\\\/\\\/schema.org\",\"@graph\":[{\"@type\":\"WebPage\",\"@id\":\"https:\\\/\\\/eheating.lt\\\/produktas\\\/kietasis-diskas-wd-purple-wd22purz\\\/\",\"url\":\"https:\\\/\\\/eheating.lt\\\/produktas\\\/kietasis-diskas-wd-purple-wd22purz\\\/\",\"name\":\"Kietasis diskas WD Purple WD22PURZ\",\"isPartOf\":{\"@id\":\"https:\\\/\\\/eheating.lt\\\/#website\"},\"primaryImageOfPage\":{\"@id\":\"https:\\\/\\\/eheating.lt\\\/produktas\\\/kietasis-diskas-wd-purple-wd22purz\\\/#primaryimage\"},\"image\":{\"@id\":\"https:\\\/\\\/eheating.lt\\\/produktas\\\/kietasis-diskas-wd-purple-wd22purz\\\/#primaryimage\"},\"thumbnailUrl\":\"https:\\\/\\\/eheating.lt\\\/wp-content\\\/uploads\\\/2023\\\/10\\\/Kietasis-diskas-WD-Purple-WD22PURZ.png\",\"datePublished\":\"2023-11-13T20:02:20+00:00\",\"dateModified\":\"2024-10-18T14:29:24+00:00\",\"description\":\"Kietasis diskas WD Purple WD22PURZ ; Kietasis diskas 2TB skirtas DVR\\\/NVR \u012frenginiams ; SATA 6Gb s ; 5400 rpm ; 256MB cache\",\"breadcrumb\":{\"@id\":\"https:\\\/\\\/eheating.lt\\\/produktas\\\/kietasis-diskas-wd-purple-wd22purz\\\/#breadcrumb\"},\"inLanguage\":\"en-US\",\"potentialAction\":[{\"@type\":\"ReadAction\",\"target\":[\"https:\\\/\\\/eheating.lt\\\/produktas\\\/kietasis-diskas-wd-purple-wd22purz\\\/\"]}]},{\"@type\":\"ImageObject\",\"inLanguage\":\"en-US\",\"@id\":\"https:\\\/\\\/eheating.lt\\\/produktas\\\/kietasis-diskas-wd-purple-wd22purz\\\/#primaryimage\",\"url\":\"https:\\\/\\\/eheating.lt\\\/wp-content\\\/uploads\\\/2023\\\/10\\\/Kietasis-diskas-WD-Purple-WD22PURZ.png\",\"contentUrl\":\"https:\\\/\\\/eheating.lt\\\/wp-content\\\/uploads\\\/2023\\\/10\\\/Kietasis-diskas-WD-Purple-WD22PURZ.png\",\"width\":800,\"height\":800,\"caption\":\"Kietasis diskas WD Purple WD22PURZ\"},{\"@type\":\"BreadcrumbList\",\"@id\":\"https:\\\/\\\/eheating.lt\\\/produktas\\\/kietasis-diskas-wd-purple-wd22purz\\\/#breadcrumb\",\"itemListElement\":[{\"@type\":\"ListItem\",\"position\":1,\"name\":\"Prad\u017eia\",\"item\":\"https:\\\/\\\/eheating.lt\\\/en\\\/\"},{\"@type\":\"ListItem\",\"position\":2,\"name\":\"Shop\",\"item\":\"https:\\\/\\\/eheating.lt\\\/en\\\/?page_id=5734\"},{\"@type\":\"ListItem\",\"position\":3,\"name\":\"Kietasis diskas WD Purple WD22PURZ\"}]},{\"@type\":\"WebSite\",\"@id\":\"https:\\\/\\\/eheating.lt\\\/#website\",\"url\":\"https:\\\/\\\/eheating.lt\\\/\",\"name\":\"eHeating\",\"description\":\"Elektronika ir \u0161ildymas\",\"potentialAction\":[{\"@type\":\"SearchAction\",\"target\":{\"@type\":\"EntryPoint\",\"urlTemplate\":\"https:\\\/\\\/eheating.lt\\\/?s={search_term_string}\"},\"query-input\":{\"@type\":\"PropertyValueSpecification\",\"valueRequired\":true,\"valueName\":\"search_term_string\"}}],\"inLanguage\":\"en-US\"}]}<\/script>\n<meta property=\"product:price:amount\" content=\"77.50\" \/>\n<meta property=\"product:price:currency\" content=\"EUR\" \/>\n<meta property=\"og:availability\" content=\"backorder\" \/>\n<meta property=\"product:availability\" content=\"available for order\" \/>\n<meta property=\"product:retailer_item_id\" content=\"115c4dbc7e8a\" \/>\n<meta property=\"product:condition\" content=\"new\" \/>\n<!-- \/ Yoast SEO Premium plugin. -->","yoast_head_json":{"title":"Kietasis diskas WD Purple WD22PURZ","description":"Kietasis diskas WD Purple WD22PURZ ; Kietasis diskas 2TB skirtas DVR\/NVR \u012frenginiams ; SATA 6Gb s ; 5400 rpm ; 256MB cache","robots":{"index":"index","follow":"follow","max-snippet":"max-snippet:-1","max-image-preview":"max-image-preview:large","max-video-preview":"max-video-preview:-1"},"canonical":"https:\/\/eheating.lt\/produktas\/kietasis-diskas-wd-purple-wd22purz\/","og_locale":"en_US","og_type":"article","og_title":"Kietasis diskas WD Purple WD22PURZ","og_description":"Kietasis diskas WD Purple WD22PURZ ; Kietasis diskas 2TB skirtas DVR\/NVR \u012frenginiams ; SATA 6Gb s ; 5400 rpm ; 256MB cache","og_url":"https:\/\/eheating.lt\/produktas\/kietasis-diskas-wd-purple-wd22purz\/","og_site_name":"Elektronika Namams","article_publisher":"https:\/\/www.facebook.com\/ElektronikaNamams","article_modified_time":"2024-10-18T14:29:24+00:00","og_image":[{"width":800,"height":800,"url":"https:\/\/eheating.lt\/wp-content\/uploads\/2023\/10\/Kietasis-diskas-WD-Purple-WD22PURZ.png","type":"image\/png"}],"twitter_card":"summary_large_image","twitter_misc":{"Price":"77,50&nbsp;&euro;","Availability":"On backorder"},"schema":{"@context":"https:\/\/schema.org","@graph":[{"@type":"WebPage","@id":"https:\/\/eheating.lt\/produktas\/kietasis-diskas-wd-purple-wd22purz\/","url":"https:\/\/eheating.lt\/produktas\/kietasis-diskas-wd-purple-wd22purz\/","name":"Kietasis diskas WD Purple WD22PURZ","isPartOf":{"@id":"https:\/\/eheating.lt\/#website"},"primaryImageOfPage":{"@id":"https:\/\/eheating.lt\/produktas\/kietasis-diskas-wd-purple-wd22purz\/#primaryimage"},"image":{"@id":"https:\/\/eheating.lt\/produktas\/kietasis-diskas-wd-purple-wd22purz\/#primaryimage"},"thumbnailUrl":"https:\/\/eheating.lt\/wp-content\/uploads\/2023\/10\/Kietasis-diskas-WD-Purple-WD22PURZ.png","datePublished":"2023-11-13T20:02:20+00:00","dateModified":"2024-10-18T14:29:24+00:00","description":"Kietasis diskas WD Purple WD22PURZ ; Kietasis diskas 2TB skirtas DVR\/NVR \u012frenginiams ; SATA 6Gb s ; 5400 rpm ; 256MB cache","breadcrumb":{"@id":"https:\/\/eheating.lt\/produktas\/kietasis-diskas-wd-purple-wd22purz\/#breadcrumb"},"inLanguage":"en-US","potentialAction":[{"@type":"ReadAction","target":["https:\/\/eheating.lt\/produktas\/kietasis-diskas-wd-purple-wd22purz\/"]}]},{"@type":"ImageObject","inLanguage":"en-US","@id":"https:\/\/eheating.lt\/produktas\/kietasis-diskas-wd-purple-wd22purz\/#primaryimage","url":"https:\/\/eheating.lt\/wp-content\/uploads\/2023\/10\/Kietasis-diskas-WD-Purple-WD22PURZ.png","contentUrl":"https:\/\/eheating.lt\/wp-content\/uploads\/2023\/10\/Kietasis-diskas-WD-Purple-WD22PURZ.png","width":800,"height":800,"caption":"Kietasis diskas WD Purple WD22PURZ"},{"@type":"BreadcrumbList","@id":"https:\/\/eheating.lt\/produktas\/kietasis-diskas-wd-purple-wd22purz\/#breadcrumb","itemListElement":[{"@type":"ListItem","position":1,"name":"Prad\u017eia","item":"https:\/\/eheating.lt\/en\/"},{"@type":"ListItem","position":2,"name":"Shop","item":"https:\/\/eheating.lt\/en\/?page_id=5734"},{"@type":"ListItem","position":3,"name":"Kietasis diskas WD Purple WD22PURZ"}]},{"@type":"WebSite","@id":"https:\/\/eheating.lt\/#website","url":"https:\/\/eheating.lt\/","name":"eHeating","description":"Elektronika ir \u0161ildymas","potentialAction":[{"@type":"SearchAction","target":{"@type":"EntryPoint","urlTemplate":"https:\/\/eheating.lt\/?s={search_term_string}"},"query-input":{"@type":"PropertyValueSpecification","valueRequired":true,"valueName":"search_term_string"}}],"inLanguage":"en-US"}]},"product_price_amount":"77.50","product_price_currency":"EUR","og_availability":"backorder","product_availability":"available for order","product_retailer_item_id":"115c4dbc7e8a","product_condition":"new"},"_links":{"self":[{"href":"https:\/\/eheating.lt\/en\/wp-json\/wp\/v2\/product\/19530","targetHints":{"allow":["GET"]}}],"collection":[{"href":"https:\/\/eheating.lt\/en\/wp-json\/wp\/v2\/product"}],"about":[{"href":"https:\/\/eheating.lt\/en\/wp-json\/wp\/v2\/types\/product"}],"replies":[{"embeddable":true,"href":"https:\/\/eheating.lt\/en\/wp-json\/wp\/v2\/comments?post=19530"}],"version-history":[{"count":0,"href":"https:\/\/eheating.lt\/en\/wp-json\/wp\/v2\/product\/19530\/revisions"}],"wp:featuredmedia":[{"embeddable":true,"href":"https:\/\/eheating.lt\/en\/wp-json\/wp\/v2\/media\/28442"}],"wp:attachment":[{"href":"https:\/\/eheating.lt\/en\/wp-json\/wp\/v2\/media?parent=19530"}],"wp:term":[{"taxonomy":"product_brand","embeddable":true,"href":"https:\/\/eheating.lt\/en\/wp-json\/wp\/v2\/product_brand?post=19530"},{"taxonomy":"product_cat","embeddable":true,"href":"https:\/\/eheating.lt\/en\/wp-json\/wp\/v2\/product_cat?post=19530"},{"taxonomy":"product_tag","embeddable":true,"href":"https:\/\/eheating.lt\/en\/wp-json\/wp\/v2\/product_tag?post=19530"}],"curies":[{"name":"wp","href":"https:\/\/api.w.org\/{rel}","templated":true}]}}