{"id":19528,"date":"2023-11-13T21:36:25","date_gmt":"2023-11-13T19:36:25","guid":{"rendered":"https:\/\/eheating.lt\/?post_type=product&#038;p=19528"},"modified":"2024-10-18T17:29:22","modified_gmt":"2024-10-18T14:29:22","slug":"ezviz-cs-bm1-vidaus-akumuliatorine-kamera-1080p","status":"publish","type":"product","link":"https:\/\/eheating.lt\/en\/produktas\/ezviz-cs-bm1-vidaus-akumuliatorine-kamera-1080p\/","title":{"rendered":"EZVIZ CS-BM1 vidaus akumuliatorin\u0117 kamera 1080P"},"content":{"rendered":"<ul>\n<li><span class=\"tech-specs-items-description__title--heading\">Specifikacijos<\/span><\/li>\n<\/ul>\n<ul class=\"tech-specs-items-description\" data-target=\"General\">\n<li class=\"tech-specs-items-description-list\"><span class=\"tech-specs-items-description__title\">Modelis<\/span><span class=\"tech-specs-items-description__title-details\">CS-BM1 (1080P)<\/span><\/li>\n<\/ul>\n<ul class=\"tech-specs-items-description\" data-target=\"General\">\n<li class=\"tech-specs-items-description-list\"><span class=\"tech-specs-items-description__title--heading\">Kamera<\/span><\/li>\n<li class=\"tech-specs-items-description-list\"><span class=\"tech-specs-items-description__title\">Sensorius<\/span><span class=\"tech-specs-items-description__title-details\">1\/2.8\u201d 2-MegapixelProgressive Scan CMOS Sensor<\/span><\/li>\n<li class=\"tech-specs-items-description-list\"><span class=\"tech-specs-items-description__title\">Minimalus ap\u0161vietimas<\/span><span class=\"tech-specs-items-description__title-details\">0.1 lux<\/span><\/li>\n<li class=\"tech-specs-items-description-list\"><span class=\"tech-specs-items-description__title\">L\u0119\u0161is<\/span><span class=\"tech-specs-items-description__title-details\">4 mm @ F1.6, viewing angle:100\u00b0 (Diagonal) , 85\u00b0 (Horizontal), 46\u00b0 (Vertical)<\/span><\/li>\n<li class=\"tech-specs-items-description-list\"><span class=\"tech-specs-items-description__title\">Diena\/Naktis<\/span><span class=\"tech-specs-items-description__title-details\">IR-cut filter withauto-switching<\/span><\/li>\n<li class=\"tech-specs-items-description-list\"><span class=\"tech-specs-items-description__title\">DNR<\/span><span class=\"tech-specs-items-description__title-details\">3D DNR<\/span><\/li>\n<li class=\"tech-specs-items-description-list\"><span class=\"tech-specs-items-description__title\">Matymas tamsoje<\/span><span class=\"tech-specs-items-description__title-details\">Up to 5 m \/ 16 ft<\/span><\/li>\n<\/ul>\n<ul class=\"tech-specs-items-description\" data-target=\"General\">\n<li class=\"tech-specs-items-description-list\"><span class=\"tech-specs-items-description__title--heading\">Vaizdas ir garsas<\/span><\/li>\n<li class=\"tech-specs-items-description-list\"><span class=\"tech-specs-items-description__title\">Maksimali rai\u0161ka<\/span><span class=\"tech-specs-items-description__title-details\">1920 x 1080<\/span><\/li>\n<li class=\"tech-specs-items-description-list\"><span class=\"tech-specs-items-description__title\">Kadr\u0173 da\u017enis<\/span><span class=\"tech-specs-items-description__title-details\">15fps. Self-Adaptive duringNetwork Transmission<\/span><\/li>\n<li class=\"tech-specs-items-description-list\"><span class=\"tech-specs-items-description__title\">Vaizdo suspaudimas<\/span><span class=\"tech-specs-items-description__title-details\">H.265 \/ H.264<\/span><\/li>\n<li class=\"tech-specs-items-description-list\"><span class=\"tech-specs-items-description__title\">Vaizdo bit\u0173 greitis<\/span><span class=\"tech-specs-items-description__title-details\">Full HD; Hi-Def; Standard.Adaptive Bit Rate.<\/span><\/li>\n<li class=\"tech-specs-items-description-list\"><span class=\"tech-specs-items-description__title\">Garso bit\u0173 greitis<\/span><span class=\"tech-specs-items-description__title-details\">Self-adaptive<\/span><\/li>\n<li class=\"tech-specs-items-description-list\"><span class=\"tech-specs-items-description__title\">Maks. bit\u0173 greitis<\/span><span class=\"tech-specs-items-description__title-details\">1 Mbps<\/span><\/li>\n<\/ul>\n<ul class=\"tech-specs-items-description\" data-target=\"General\">\n<li class=\"tech-specs-items-description-list\"><span class=\"tech-specs-items-description__title--heading\">Funkcijos<\/span><\/li>\n<li class=\"tech-specs-items-description-list\"><span class=\"tech-specs-items-description__title\">Aptikimas<\/span><span class=\"tech-specs-items-description__title-details\">Crying Detection,Out-of-Crib (Baby Leaving), Detection Baby Activity (Smart Human)Detection<\/span><\/li>\n<li class=\"tech-specs-items-description-list\"><span class=\"tech-specs-items-description__title\">I\u0161manusis signalas<\/span><span class=\"tech-specs-items-description__title-details\">Supports<\/span><\/li>\n<li class=\"tech-specs-items-description-list\"><span class=\"tech-specs-items-description__title\">Abipusis bendravimas<\/span><span class=\"tech-specs-items-description__title-details\">Supports<\/span><\/li>\n<li class=\"tech-specs-items-description-list\"><span class=\"tech-specs-items-description__title\">Automatinis muzikos paleidimas<\/span><span class=\"tech-specs-items-description__title-details\">Supports<\/span><\/li>\n<\/ul>\n<ul class=\"tech-specs-items-description\" data-target=\"General\">\n<li class=\"tech-specs-items-description-list\"><span class=\"tech-specs-items-description__title--heading\">Internetas<\/span><\/li>\n<li class=\"tech-specs-items-description-list\"><span class=\"tech-specs-items-description__title\">Wi-Fi standartas<\/span><span class=\"tech-specs-items-description__title-details\">IEEE802.11b, 802.11g,802.11n<\/span><\/li>\n<li class=\"tech-specs-items-description-list\"><span class=\"tech-specs-items-description__title\">Da\u017enio diapazonas<\/span><span class=\"tech-specs-items-description__title-details\">2.4 GHz ~ 2.4835 GHz<\/span><\/li>\n<li class=\"tech-specs-items-description-list\"><span class=\"tech-specs-items-description__title\">Kanalo da\u017eni\u0173 juostos plotis<\/span><span class=\"tech-specs-items-description__title-details\">Supports 20 MHz<\/span><\/li>\n<li class=\"tech-specs-items-description-list\"><span class=\"tech-specs-items-description__title\">Saugumas<\/span><span class=\"tech-specs-items-description__title-details\">64 \/ 128-bit WEP, WPA \/WPA2, WPA-PSK \/ WPA2-PSK<\/span><\/li>\n<li class=\"tech-specs-items-description-list\"><span class=\"tech-specs-items-description__title\">Transmission Rate<\/span><span class=\"tech-specs-items-description__title-details\">11b: 11 Mbps, 11g: 54 Mbps,11n: 150 Mbps<\/span><\/li>\n<li class=\"tech-specs-items-description-list\"><span class=\"tech-specs-items-description__title\">Wi-Fi poravimas<\/span><span class=\"tech-specs-items-description__title-details\">AP pairing<\/span><\/li>\n<li class=\"tech-specs-items-description-list\"><span class=\"tech-specs-items-description__title\">Protokolai<\/span><span class=\"tech-specs-items-description__title-details\">EZVIZ cloud proprietaryprotocol<\/span><\/li>\n<li class=\"tech-specs-items-description-list\"><span class=\"tech-specs-items-description__title\">S\u0105sajos protokolas<\/span><span class=\"tech-specs-items-description__title-details\">EZVIZ cloud proprietaryprotocol<\/span><\/li>\n<li class=\"tech-specs-items-description-list\"><span class=\"tech-specs-items-description__title\">Minimal\u016bs tinklo reikalvimai<\/span><span class=\"tech-specs-items-description__title-details\">2 Mbps<\/span><\/li>\n<\/ul>\n<ul class=\"tech-specs-items-description\" data-target=\"General\">\n<li class=\"tech-specs-items-description-list\"><span class=\"tech-specs-items-description__title--heading\">Saugykla<\/span><\/li>\n<li class=\"tech-specs-items-description-list\"><span class=\"tech-specs-items-description__title\">Vidin\u0117 saugykla<\/span><span class=\"tech-specs-items-description__title-details\">Supports microSD card (Upto 256 GB)<\/span><\/li>\n<li class=\"tech-specs-items-description-list\"><span class=\"tech-specs-items-description__title\">Debes\u0173 saugykla<\/span><span class=\"tech-specs-items-description__title-details\">Supports EZVIZ CloudPlaystorage (Subscription required)<\/span><\/li>\n<\/ul>\n<ul class=\"tech-specs-items-description\" data-target=\"General\">\n<li class=\"tech-specs-items-description-list\"><span class=\"tech-specs-items-description__title--heading\">Pagrindinis<\/span><\/li>\n<li class=\"tech-specs-items-description-list\"><span class=\"tech-specs-items-description__title\">Darbo s\u0105lygos<\/span><span class=\"tech-specs-items-description__title-details\">-10 \u00b0C to 45 \u00b0C (14 \u00b0F to113 \u00b0F ), humidity 95% or less (Non-condensing)<\/span><\/li>\n<li class=\"tech-specs-items-description-list\"><span class=\"tech-specs-items-description__title\">Maitinimas<\/span><span class=\"tech-specs-items-description__title-details\">DC 5V \/ 2A \uff08Power adaptorpurchased separately)<\/span><\/li>\n<li class=\"tech-specs-items-description-list\"><span class=\"tech-specs-items-description__title\">Baterijos talpa<\/span><span class=\"tech-specs-items-description__title-details\">2000 mAh<\/span><\/li>\n<li class=\"tech-specs-items-description-list\"><span class=\"tech-specs-items-description__title\">Pakuot\u0117s dydis<\/span><span class=\"tech-specs-items-description__title-details\">225 \u00d7 127 \u00d7 65 mm (8.86 \u00d75.00 \u00d7 2.56 inch)<\/span><\/li>\n<li class=\"tech-specs-items-description-list\"><span class=\"tech-specs-items-description__title\">Dydis<\/span><span class=\"tech-specs-items-description__title-details\">Rabbit Version: 249 \u00d7 50 \u00d767 mm (9.80 \u00d7 1.97 \u00d7 2.64 inch) Bear Version: 240 \u00d7 50 \u00d7 67 mm (9.44 \u00d71.97 \u00d7 2.64 inch)<\/span><\/li>\n<li class=\"tech-specs-items-description-list\"><span class=\"tech-specs-items-description__title\">Svoris be \u012fpakavimo<\/span><span class=\"tech-specs-items-description__title-details\">Rabbit Version: 118 g (4.16oz) Bear Version: 221 g (7.80 oz)<\/span><\/li>\n<\/ul>\n<ul class=\"tech-specs-items-description\" data-target=\"General\">\n<li class=\"tech-specs-items-description-list\"><span class=\"tech-specs-items-description__title--heading\">Sertifikatai<\/span><\/li>\n<li class=\"tech-specs-items-description-list\"><span class=\"tech-specs-items-description__title\">Sertifikatai<\/span><span class=\"tech-specs-items-description__title-details\">CE \/ FCC \/ UL \/ WEEE \/ RoHS\/ REACH \/ UKCA<\/span><\/li>\n<\/ul>\n","protected":false},"excerpt":{"rendered":"<ul>\n<li>MP (rai\u0161ka): 2MP (1920 x 1080)<\/li>\n<li>Objektyvas: 2.8mm<\/li>\n<li>Akumuliatoriaus talpa: 2000mAh<\/li>\n<li>IR nuotolis: iki 5m<\/li>\n<li>Wifi palaikymas: 2.4 GHz<\/li>\n<li>IP klas\u0117: IP20<\/li>\n<li>Pritaikyta naudoti: vidaus s\u0105lygomis<\/li>\n<li>SD kortel\u0117: 256GB (perkama atskirai)<\/li>\n<li>Vaizdo suspaudimas: H.264\/H.265<\/li>\n<li>Informacijos perdavimas: Wi-Fi<\/li>\n<\/ul>\n","protected":false},"featured_media":28076,"comment_status":"closed","ping_status":"closed","template":"","meta":[],"product_brand":[],"product_cat":[458,534,533],"product_tag":[],"class_list":{"0":"post-19528","1":"product","2":"type-product","3":"status-publish","4":"has-post-thumbnail","6":"product_cat-ezviz-serija","7":"product_cat-ip-kameros","8":"product_cat-ip-vaizdo-stebejimo-sistemos","10":"first","11":"onbackorder","12":"purchasable","13":"product-type-simple"},"yoast_head":"<!-- This site is optimized with the Yoast SEO Premium plugin v21.5 (Yoast SEO v27.3) - https:\/\/yoast.com\/product\/yoast-seo-premium-wordpress\/ -->\n<title>EZVIZ CS-BM1 vidaus akumuliatorin\u0117 kamera 1080P<\/title>\n<meta name=\"description\" content=\"EZVIZ CS-BM1 vidaus akumuliatorin\u0117 kamera ; Akumuliatoriaus talpa 2000mAh ; Rai\u0161ka - 2MP ; IR nuotolis iki 5m ; Wifi palaikymas 2.4 GHz\" \/>\n<meta name=\"robots\" content=\"index, follow, max-snippet:-1, max-image-preview:large, max-video-preview:-1\" \/>\n<link rel=\"canonical\" href=\"https:\/\/eheating.lt\/produktas\/ezviz-cs-bm1-vidaus-akumuliatorine-kamera-1080p\/\" \/>\n<meta property=\"og:locale\" content=\"en_US\" \/>\n<meta property=\"og:type\" content=\"article\" \/>\n<meta property=\"og:title\" content=\"EZVIZ CS-BM1 vidaus akumuliatorin\u0117 kamera 1080P\" \/>\n<meta property=\"og:description\" content=\"EZVIZ CS-BM1 vidaus akumuliatorin\u0117 kamera ; Akumuliatoriaus talpa 2000mAh ; Rai\u0161ka - 2MP ; IR nuotolis iki 5m ; Wifi palaikymas 2.4 GHz\" \/>\n<meta property=\"og:url\" content=\"https:\/\/eheating.lt\/produktas\/ezviz-cs-bm1-vidaus-akumuliatorine-kamera-1080p\/\" \/>\n<meta property=\"og:site_name\" content=\"Elektronika Namams\" \/>\n<meta property=\"article:publisher\" content=\"https:\/\/www.facebook.com\/ElektronikaNamams\" \/>\n<meta property=\"article:modified_time\" content=\"2024-10-18T14:29:22+00:00\" \/>\n<meta property=\"og:image\" content=\"https:\/\/eheating.lt\/wp-content\/uploads\/2023\/10\/EZVIZ-CS-BM1-vidaus-akumuliatorine-kamera.png\" \/>\n\t<meta property=\"og:image:width\" content=\"800\" \/>\n\t<meta property=\"og:image:height\" content=\"800\" \/>\n\t<meta property=\"og:image:type\" content=\"image\/png\" \/>\n<meta name=\"twitter:card\" content=\"summary_large_image\" \/>\n<meta name=\"twitter:label1\" content=\"Price\" \/>\n\t<meta name=\"twitter:data1\" content=\"145,48&nbsp;&euro;\" \/>\n\t<meta name=\"twitter:label2\" content=\"Availability\" \/>\n\t<meta name=\"twitter:data2\" content=\"On backorder\" \/>\n<script type=\"application\/ld+json\" class=\"yoast-schema-graph\">{\"@context\":\"https:\\\/\\\/schema.org\",\"@graph\":[{\"@type\":\"WebPage\",\"@id\":\"https:\\\/\\\/eheating.lt\\\/produktas\\\/ezviz-cs-bm1-vidaus-akumuliatorine-kamera-1080p\\\/\",\"url\":\"https:\\\/\\\/eheating.lt\\\/produktas\\\/ezviz-cs-bm1-vidaus-akumuliatorine-kamera-1080p\\\/\",\"name\":\"EZVIZ CS-BM1 vidaus akumuliatorin\u0117 kamera 1080P\",\"isPartOf\":{\"@id\":\"https:\\\/\\\/eheating.lt\\\/#website\"},\"primaryImageOfPage\":{\"@id\":\"https:\\\/\\\/eheating.lt\\\/produktas\\\/ezviz-cs-bm1-vidaus-akumuliatorine-kamera-1080p\\\/#primaryimage\"},\"image\":{\"@id\":\"https:\\\/\\\/eheating.lt\\\/produktas\\\/ezviz-cs-bm1-vidaus-akumuliatorine-kamera-1080p\\\/#primaryimage\"},\"thumbnailUrl\":\"https:\\\/\\\/eheating.lt\\\/wp-content\\\/uploads\\\/2023\\\/10\\\/EZVIZ-CS-BM1-vidaus-akumuliatorine-kamera.png\",\"datePublished\":\"2023-11-13T19:36:25+00:00\",\"dateModified\":\"2024-10-18T14:29:22+00:00\",\"description\":\"EZVIZ CS-BM1 vidaus akumuliatorin\u0117 kamera ; Akumuliatoriaus talpa 2000mAh ; Rai\u0161ka - 2MP ; IR nuotolis iki 5m ; Wifi palaikymas 2.4 GHz\",\"breadcrumb\":{\"@id\":\"https:\\\/\\\/eheating.lt\\\/produktas\\\/ezviz-cs-bm1-vidaus-akumuliatorine-kamera-1080p\\\/#breadcrumb\"},\"inLanguage\":\"en-US\",\"potentialAction\":[{\"@type\":\"ReadAction\",\"target\":[\"https:\\\/\\\/eheating.lt\\\/produktas\\\/ezviz-cs-bm1-vidaus-akumuliatorine-kamera-1080p\\\/\"]}]},{\"@type\":\"ImageObject\",\"inLanguage\":\"en-US\",\"@id\":\"https:\\\/\\\/eheating.lt\\\/produktas\\\/ezviz-cs-bm1-vidaus-akumuliatorine-kamera-1080p\\\/#primaryimage\",\"url\":\"https:\\\/\\\/eheating.lt\\\/wp-content\\\/uploads\\\/2023\\\/10\\\/EZVIZ-CS-BM1-vidaus-akumuliatorine-kamera.png\",\"contentUrl\":\"https:\\\/\\\/eheating.lt\\\/wp-content\\\/uploads\\\/2023\\\/10\\\/EZVIZ-CS-BM1-vidaus-akumuliatorine-kamera.png\",\"width\":800,\"height\":800,\"caption\":\"EZVIZ CS-BM1 vidaus akumuliatorin\u0117 kamera\"},{\"@type\":\"BreadcrumbList\",\"@id\":\"https:\\\/\\\/eheating.lt\\\/produktas\\\/ezviz-cs-bm1-vidaus-akumuliatorine-kamera-1080p\\\/#breadcrumb\",\"itemListElement\":[{\"@type\":\"ListItem\",\"position\":1,\"name\":\"Prad\u017eia\",\"item\":\"https:\\\/\\\/eheating.lt\\\/en\\\/\"},{\"@type\":\"ListItem\",\"position\":2,\"name\":\"Shop\",\"item\":\"https:\\\/\\\/eheating.lt\\\/en\\\/?page_id=5734\"},{\"@type\":\"ListItem\",\"position\":3,\"name\":\"EZVIZ CS-BM1 vidaus akumuliatorin\u0117 kamera 1080P\"}]},{\"@type\":\"WebSite\",\"@id\":\"https:\\\/\\\/eheating.lt\\\/#website\",\"url\":\"https:\\\/\\\/eheating.lt\\\/\",\"name\":\"eHeating\",\"description\":\"Elektronika ir \u0161ildymas\",\"potentialAction\":[{\"@type\":\"SearchAction\",\"target\":{\"@type\":\"EntryPoint\",\"urlTemplate\":\"https:\\\/\\\/eheating.lt\\\/?s={search_term_string}\"},\"query-input\":{\"@type\":\"PropertyValueSpecification\",\"valueRequired\":true,\"valueName\":\"search_term_string\"}}],\"inLanguage\":\"en-US\"}]}<\/script>\n<meta property=\"product:price:amount\" content=\"145.48\" \/>\n<meta property=\"product:price:currency\" content=\"EUR\" \/>\n<meta property=\"og:availability\" content=\"backorder\" \/>\n<meta property=\"product:availability\" content=\"available for order\" \/>\n<meta property=\"product:retailer_item_id\" content=\"cf25a70e00a2\" \/>\n<meta property=\"product:condition\" content=\"new\" \/>\n<!-- \/ Yoast SEO Premium plugin. -->","yoast_head_json":{"title":"EZVIZ CS-BM1 vidaus akumuliatorin\u0117 kamera 1080P","description":"EZVIZ CS-BM1 vidaus akumuliatorin\u0117 kamera ; Akumuliatoriaus talpa 2000mAh ; Rai\u0161ka - 2MP ; IR nuotolis iki 5m ; Wifi palaikymas 2.4 GHz","robots":{"index":"index","follow":"follow","max-snippet":"max-snippet:-1","max-image-preview":"max-image-preview:large","max-video-preview":"max-video-preview:-1"},"canonical":"https:\/\/eheating.lt\/produktas\/ezviz-cs-bm1-vidaus-akumuliatorine-kamera-1080p\/","og_locale":"en_US","og_type":"article","og_title":"EZVIZ CS-BM1 vidaus akumuliatorin\u0117 kamera 1080P","og_description":"EZVIZ CS-BM1 vidaus akumuliatorin\u0117 kamera ; Akumuliatoriaus talpa 2000mAh ; Rai\u0161ka - 2MP ; IR nuotolis iki 5m ; Wifi palaikymas 2.4 GHz","og_url":"https:\/\/eheating.lt\/produktas\/ezviz-cs-bm1-vidaus-akumuliatorine-kamera-1080p\/","og_site_name":"Elektronika Namams","article_publisher":"https:\/\/www.facebook.com\/ElektronikaNamams","article_modified_time":"2024-10-18T14:29:22+00:00","og_image":[{"width":800,"height":800,"url":"https:\/\/eheating.lt\/wp-content\/uploads\/2023\/10\/EZVIZ-CS-BM1-vidaus-akumuliatorine-kamera.png","type":"image\/png"}],"twitter_card":"summary_large_image","twitter_misc":{"Price":"145,48&nbsp;&euro;","Availability":"On backorder"},"schema":{"@context":"https:\/\/schema.org","@graph":[{"@type":"WebPage","@id":"https:\/\/eheating.lt\/produktas\/ezviz-cs-bm1-vidaus-akumuliatorine-kamera-1080p\/","url":"https:\/\/eheating.lt\/produktas\/ezviz-cs-bm1-vidaus-akumuliatorine-kamera-1080p\/","name":"EZVIZ CS-BM1 vidaus akumuliatorin\u0117 kamera 1080P","isPartOf":{"@id":"https:\/\/eheating.lt\/#website"},"primaryImageOfPage":{"@id":"https:\/\/eheating.lt\/produktas\/ezviz-cs-bm1-vidaus-akumuliatorine-kamera-1080p\/#primaryimage"},"image":{"@id":"https:\/\/eheating.lt\/produktas\/ezviz-cs-bm1-vidaus-akumuliatorine-kamera-1080p\/#primaryimage"},"thumbnailUrl":"https:\/\/eheating.lt\/wp-content\/uploads\/2023\/10\/EZVIZ-CS-BM1-vidaus-akumuliatorine-kamera.png","datePublished":"2023-11-13T19:36:25+00:00","dateModified":"2024-10-18T14:29:22+00:00","description":"EZVIZ CS-BM1 vidaus akumuliatorin\u0117 kamera ; Akumuliatoriaus talpa 2000mAh ; Rai\u0161ka - 2MP ; IR nuotolis iki 5m ; Wifi palaikymas 2.4 GHz","breadcrumb":{"@id":"https:\/\/eheating.lt\/produktas\/ezviz-cs-bm1-vidaus-akumuliatorine-kamera-1080p\/#breadcrumb"},"inLanguage":"en-US","potentialAction":[{"@type":"ReadAction","target":["https:\/\/eheating.lt\/produktas\/ezviz-cs-bm1-vidaus-akumuliatorine-kamera-1080p\/"]}]},{"@type":"ImageObject","inLanguage":"en-US","@id":"https:\/\/eheating.lt\/produktas\/ezviz-cs-bm1-vidaus-akumuliatorine-kamera-1080p\/#primaryimage","url":"https:\/\/eheating.lt\/wp-content\/uploads\/2023\/10\/EZVIZ-CS-BM1-vidaus-akumuliatorine-kamera.png","contentUrl":"https:\/\/eheating.lt\/wp-content\/uploads\/2023\/10\/EZVIZ-CS-BM1-vidaus-akumuliatorine-kamera.png","width":800,"height":800,"caption":"EZVIZ CS-BM1 vidaus akumuliatorin\u0117 kamera"},{"@type":"BreadcrumbList","@id":"https:\/\/eheating.lt\/produktas\/ezviz-cs-bm1-vidaus-akumuliatorine-kamera-1080p\/#breadcrumb","itemListElement":[{"@type":"ListItem","position":1,"name":"Prad\u017eia","item":"https:\/\/eheating.lt\/en\/"},{"@type":"ListItem","position":2,"name":"Shop","item":"https:\/\/eheating.lt\/en\/?page_id=5734"},{"@type":"ListItem","position":3,"name":"EZVIZ CS-BM1 vidaus akumuliatorin\u0117 kamera 1080P"}]},{"@type":"WebSite","@id":"https:\/\/eheating.lt\/#website","url":"https:\/\/eheating.lt\/","name":"eHeating","description":"Elektronika ir \u0161ildymas","potentialAction":[{"@type":"SearchAction","target":{"@type":"EntryPoint","urlTemplate":"https:\/\/eheating.lt\/?s={search_term_string}"},"query-input":{"@type":"PropertyValueSpecification","valueRequired":true,"valueName":"search_term_string"}}],"inLanguage":"en-US"}]},"product_price_amount":"145.48","product_price_currency":"EUR","og_availability":"backorder","product_availability":"available for order","product_retailer_item_id":"cf25a70e00a2","product_condition":"new"},"_links":{"self":[{"href":"https:\/\/eheating.lt\/en\/wp-json\/wp\/v2\/product\/19528","targetHints":{"allow":["GET"]}}],"collection":[{"href":"https:\/\/eheating.lt\/en\/wp-json\/wp\/v2\/product"}],"about":[{"href":"https:\/\/eheating.lt\/en\/wp-json\/wp\/v2\/types\/product"}],"replies":[{"embeddable":true,"href":"https:\/\/eheating.lt\/en\/wp-json\/wp\/v2\/comments?post=19528"}],"version-history":[{"count":0,"href":"https:\/\/eheating.lt\/en\/wp-json\/wp\/v2\/product\/19528\/revisions"}],"wp:featuredmedia":[{"embeddable":true,"href":"https:\/\/eheating.lt\/en\/wp-json\/wp\/v2\/media\/28076"}],"wp:attachment":[{"href":"https:\/\/eheating.lt\/en\/wp-json\/wp\/v2\/media?parent=19528"}],"wp:term":[{"taxonomy":"product_brand","embeddable":true,"href":"https:\/\/eheating.lt\/en\/wp-json\/wp\/v2\/product_brand?post=19528"},{"taxonomy":"product_cat","embeddable":true,"href":"https:\/\/eheating.lt\/en\/wp-json\/wp\/v2\/product_cat?post=19528"},{"taxonomy":"product_tag","embeddable":true,"href":"https:\/\/eheating.lt\/en\/wp-json\/wp\/v2\/product_tag?post=19528"}],"curies":[{"name":"wp","href":"https:\/\/api.w.org\/{rel}","templated":true}]}}