{"id":19460,"date":"2023-12-30T19:11:40","date_gmt":"2023-12-30T17:11:40","guid":{"rendered":"https:\/\/eheating.lt\/?post_type=product&#038;p=19460"},"modified":"2024-10-18T17:26:42","modified_gmt":"2024-10-18T14:26:42","slug":"centrale-paradox-sp4000","status":"publish","type":"product","link":"https:\/\/eheating.lt\/en\/produktas\/centrale-paradox-sp4000\/","title":{"rendered":"Central\u0117 PARADOX SP4000+"},"content":{"rendered":"<ul>\n<li>StayD\u2122 re\u017eimas<\/li>\n<li>32 zonos (4 integruotos, 8 su ATZ) belaid\u017eiu (naudojant RX1) arba laidiniu ry\u0161iu (naudojant ZX82 \/ ZX8SP \/ ZX8)<\/li>\n<li>12 PGM (1 integruotas ir naudojant PGM4)<\/li>\n<li>2 sritys<\/li>\n<li>32 vartotojo kodai<\/li>\n<li>4 laid\u0173 i\u0161pl\u0117timo magistral\u0117 (jungia iki 15 klaviat\u016br\u0173)<\/li>\n<li>Palaiko laidines sirenas<\/li>\n<li>Palaiko PCS serij\u0105<\/li>\n<li>Palaiko IP150 interneto modul\u012f<\/li>\n<li>Palaiko VDMP3 papildin\u012f balsu<\/li>\n<li>Palaiko PMC5 USB atminties rakt\u0105<\/li>\n<li>Programomis pagr\u012fstas sistemos valdymas per Insite GOLD<\/li>\n<li>Meniu valdomas programavimas, skirtas montuotojo, pagrindinio ir technin\u0117s prie\u017ei\u016bros kodams<\/li>\n<li>Keli telefon\u0173 numeriai: 3 steb\u0117jimo pultui, 5 asmeniniam rinkimui ir 1 prane\u0161im\u0173 gaviklio prane\u0161imams.<\/li>\n<li>Patentuota 2 optini\u0173 jung\u010di\u0173 rinkiklio grandin\u0117 \u2013 patikimiausias rinkiklis pramon\u0117je<\/li>\n<li>Automatin\u0117 vasaros laiko funkcija<\/li>\n<li>Mygtuko programin\u0117s \u012frangos atstatymas (atkurti numatyt\u0105sias reik\u0161mes ir paleisti i\u0161 naujo)<\/li>\n<li>Suderinamas su RAC1, REM1, REM15 ir REM101 nuotolinio valdymo pulteliais (reikalingas RX1)<\/li>\n<li>Programin\u0117s aparatin\u0117s \u012frangos atnaujinimas lauke per BabyWare<\/li>\n<\/ul>\n","protected":false},"excerpt":{"rendered":"<ul>\n<li>4\/8 zon\u0173 ple\u010diama iki 32<\/li>\n<li>1\/16 PGM<\/li>\n<li>32 vartotoj\u0173 kodai<\/li>\n<\/ul>\n","protected":false},"featured_media":31054,"comment_status":"closed","ping_status":"closed","template":"","meta":[],"product_brand":[],"product_cat":[761,860,858,859],"product_tag":[975],"class_list":{"0":"post-19460","1":"product","2":"type-product","3":"status-publish","4":"has-post-thumbnail","6":"product_cat-security-systems","7":"product_cat-paradox-control-panels","8":"product_cat-wired-security-systems","9":"product_cat-paradox-wired-security-systems","10":"product_tag-ean-en","12":"first","13":"onbackorder","14":"purchasable","15":"product-type-simple"},"yoast_head":"<!-- This site is optimized with the Yoast SEO Premium plugin v21.5 (Yoast SEO v27.3) - https:\/\/yoast.com\/product\/yoast-seo-premium-wordpress\/ -->\n<title>Central\u0117 PARADOX SP4000+<\/title>\n<meta name=\"description\" content=\"Paradox SP4000+ central\u0117 ; 4\/8 zon\u0173 ple\u010diama iki 32 ; 1\/16 PGM ; 32 vartotoj\u0173 kodai ; 2 sritys ; Palaiko IP150 interneto modul\u012f\" \/>\n<meta name=\"robots\" content=\"index, follow, max-snippet:-1, max-image-preview:large, max-video-preview:-1\" \/>\n<link rel=\"canonical\" href=\"https:\/\/eheating.lt\/produktas\/centrale-paradox-sp4000\/\" \/>\n<meta property=\"og:locale\" content=\"en_US\" \/>\n<meta property=\"og:type\" content=\"article\" \/>\n<meta property=\"og:title\" content=\"Central\u0117 PARADOX SP4000+\" \/>\n<meta property=\"og:description\" content=\"Paradox SP4000+ central\u0117 ; 4\/8 zon\u0173 ple\u010diama iki 32 ; 1\/16 PGM ; 32 vartotoj\u0173 kodai ; 2 sritys ; Palaiko IP150 interneto modul\u012f\" \/>\n<meta property=\"og:url\" content=\"https:\/\/eheating.lt\/produktas\/centrale-paradox-sp4000\/\" \/>\n<meta property=\"og:site_name\" content=\"Elektronika Namams\" \/>\n<meta property=\"article:publisher\" content=\"https:\/\/www.facebook.com\/ElektronikaNamams\" \/>\n<meta property=\"article:modified_time\" content=\"2024-10-18T14:26:42+00:00\" \/>\n<meta property=\"og:image\" content=\"https:\/\/eheating.lt\/wp-content\/uploads\/2023\/10\/Centrale-PARADOX-SP4000.png\" \/>\n\t<meta property=\"og:image:width\" content=\"800\" \/>\n\t<meta property=\"og:image:height\" content=\"800\" \/>\n\t<meta property=\"og:image:type\" content=\"image\/png\" \/>\n<meta name=\"twitter:card\" content=\"summary_large_image\" \/>\n<meta name=\"twitter:label1\" content=\"Price\" \/>\n\t<meta name=\"twitter:data1\" content=\"52,23&nbsp;&euro;\" \/>\n\t<meta name=\"twitter:label2\" content=\"Availability\" \/>\n\t<meta name=\"twitter:data2\" content=\"On backorder\" \/>\n<script type=\"application\/ld+json\" class=\"yoast-schema-graph\">{\"@context\":\"https:\\\/\\\/schema.org\",\"@graph\":[{\"@type\":\"WebPage\",\"@id\":\"https:\\\/\\\/eheating.lt\\\/produktas\\\/centrale-paradox-sp4000\\\/\",\"url\":\"https:\\\/\\\/eheating.lt\\\/produktas\\\/centrale-paradox-sp4000\\\/\",\"name\":\"Central\u0117 PARADOX SP4000+\",\"isPartOf\":{\"@id\":\"https:\\\/\\\/eheating.lt\\\/#website\"},\"primaryImageOfPage\":{\"@id\":\"https:\\\/\\\/eheating.lt\\\/produktas\\\/centrale-paradox-sp4000\\\/#primaryimage\"},\"image\":{\"@id\":\"https:\\\/\\\/eheating.lt\\\/produktas\\\/centrale-paradox-sp4000\\\/#primaryimage\"},\"thumbnailUrl\":\"https:\\\/\\\/eheating.lt\\\/wp-content\\\/uploads\\\/2023\\\/10\\\/Centrale-PARADOX-SP4000.png\",\"datePublished\":\"2023-12-30T17:11:40+00:00\",\"dateModified\":\"2024-10-18T14:26:42+00:00\",\"description\":\"Paradox SP4000+ central\u0117 ; 4\\\/8 zon\u0173 ple\u010diama iki 32 ; 1\\\/16 PGM ; 32 vartotoj\u0173 kodai ; 2 sritys ; Palaiko IP150 interneto modul\u012f\",\"breadcrumb\":{\"@id\":\"https:\\\/\\\/eheating.lt\\\/produktas\\\/centrale-paradox-sp4000\\\/#breadcrumb\"},\"inLanguage\":\"en-US\",\"potentialAction\":[{\"@type\":\"ReadAction\",\"target\":[\"https:\\\/\\\/eheating.lt\\\/produktas\\\/centrale-paradox-sp4000\\\/\"]}]},{\"@type\":\"ImageObject\",\"inLanguage\":\"en-US\",\"@id\":\"https:\\\/\\\/eheating.lt\\\/produktas\\\/centrale-paradox-sp4000\\\/#primaryimage\",\"url\":\"https:\\\/\\\/eheating.lt\\\/wp-content\\\/uploads\\\/2023\\\/10\\\/Centrale-PARADOX-SP4000.png\",\"contentUrl\":\"https:\\\/\\\/eheating.lt\\\/wp-content\\\/uploads\\\/2023\\\/10\\\/Centrale-PARADOX-SP4000.png\",\"width\":800,\"height\":800,\"caption\":\"PARADOX SP4000+\"},{\"@type\":\"BreadcrumbList\",\"@id\":\"https:\\\/\\\/eheating.lt\\\/produktas\\\/centrale-paradox-sp4000\\\/#breadcrumb\",\"itemListElement\":[{\"@type\":\"ListItem\",\"position\":1,\"name\":\"Prad\u017eia\",\"item\":\"https:\\\/\\\/eheating.lt\\\/en\\\/\"},{\"@type\":\"ListItem\",\"position\":2,\"name\":\"Shop\",\"item\":\"https:\\\/\\\/eheating.lt\\\/en\\\/?page_id=5734\"},{\"@type\":\"ListItem\",\"position\":3,\"name\":\"Central\u0117 PARADOX SP4000+\"}]},{\"@type\":\"WebSite\",\"@id\":\"https:\\\/\\\/eheating.lt\\\/#website\",\"url\":\"https:\\\/\\\/eheating.lt\\\/\",\"name\":\"eHeating\",\"description\":\"Elektronika ir \u0161ildymas\",\"potentialAction\":[{\"@type\":\"SearchAction\",\"target\":{\"@type\":\"EntryPoint\",\"urlTemplate\":\"https:\\\/\\\/eheating.lt\\\/?s={search_term_string}\"},\"query-input\":{\"@type\":\"PropertyValueSpecification\",\"valueRequired\":true,\"valueName\":\"search_term_string\"}}],\"inLanguage\":\"en-US\"}]}<\/script>\n<meta property=\"product:price:amount\" content=\"52.23\" \/>\n<meta property=\"product:price:currency\" content=\"EUR\" \/>\n<meta property=\"og:availability\" content=\"backorder\" \/>\n<meta property=\"product:availability\" content=\"available for order\" \/>\n<meta property=\"product:retailer_item_id\" content=\"eecbd0213a2d\" \/>\n<meta property=\"product:condition\" content=\"new\" \/>\n<!-- \/ Yoast SEO Premium plugin. -->","yoast_head_json":{"title":"Central\u0117 PARADOX SP4000+","description":"Paradox SP4000+ central\u0117 ; 4\/8 zon\u0173 ple\u010diama iki 32 ; 1\/16 PGM ; 32 vartotoj\u0173 kodai ; 2 sritys ; Palaiko IP150 interneto modul\u012f","robots":{"index":"index","follow":"follow","max-snippet":"max-snippet:-1","max-image-preview":"max-image-preview:large","max-video-preview":"max-video-preview:-1"},"canonical":"https:\/\/eheating.lt\/produktas\/centrale-paradox-sp4000\/","og_locale":"en_US","og_type":"article","og_title":"Central\u0117 PARADOX SP4000+","og_description":"Paradox SP4000+ central\u0117 ; 4\/8 zon\u0173 ple\u010diama iki 32 ; 1\/16 PGM ; 32 vartotoj\u0173 kodai ; 2 sritys ; Palaiko IP150 interneto modul\u012f","og_url":"https:\/\/eheating.lt\/produktas\/centrale-paradox-sp4000\/","og_site_name":"Elektronika Namams","article_publisher":"https:\/\/www.facebook.com\/ElektronikaNamams","article_modified_time":"2024-10-18T14:26:42+00:00","og_image":[{"width":800,"height":800,"url":"https:\/\/eheating.lt\/wp-content\/uploads\/2023\/10\/Centrale-PARADOX-SP4000.png","type":"image\/png"}],"twitter_card":"summary_large_image","twitter_misc":{"Price":"52,23&nbsp;&euro;","Availability":"On backorder"},"schema":{"@context":"https:\/\/schema.org","@graph":[{"@type":"WebPage","@id":"https:\/\/eheating.lt\/produktas\/centrale-paradox-sp4000\/","url":"https:\/\/eheating.lt\/produktas\/centrale-paradox-sp4000\/","name":"Central\u0117 PARADOX SP4000+","isPartOf":{"@id":"https:\/\/eheating.lt\/#website"},"primaryImageOfPage":{"@id":"https:\/\/eheating.lt\/produktas\/centrale-paradox-sp4000\/#primaryimage"},"image":{"@id":"https:\/\/eheating.lt\/produktas\/centrale-paradox-sp4000\/#primaryimage"},"thumbnailUrl":"https:\/\/eheating.lt\/wp-content\/uploads\/2023\/10\/Centrale-PARADOX-SP4000.png","datePublished":"2023-12-30T17:11:40+00:00","dateModified":"2024-10-18T14:26:42+00:00","description":"Paradox SP4000+ central\u0117 ; 4\/8 zon\u0173 ple\u010diama iki 32 ; 1\/16 PGM ; 32 vartotoj\u0173 kodai ; 2 sritys ; Palaiko IP150 interneto modul\u012f","breadcrumb":{"@id":"https:\/\/eheating.lt\/produktas\/centrale-paradox-sp4000\/#breadcrumb"},"inLanguage":"en-US","potentialAction":[{"@type":"ReadAction","target":["https:\/\/eheating.lt\/produktas\/centrale-paradox-sp4000\/"]}]},{"@type":"ImageObject","inLanguage":"en-US","@id":"https:\/\/eheating.lt\/produktas\/centrale-paradox-sp4000\/#primaryimage","url":"https:\/\/eheating.lt\/wp-content\/uploads\/2023\/10\/Centrale-PARADOX-SP4000.png","contentUrl":"https:\/\/eheating.lt\/wp-content\/uploads\/2023\/10\/Centrale-PARADOX-SP4000.png","width":800,"height":800,"caption":"PARADOX SP4000+"},{"@type":"BreadcrumbList","@id":"https:\/\/eheating.lt\/produktas\/centrale-paradox-sp4000\/#breadcrumb","itemListElement":[{"@type":"ListItem","position":1,"name":"Prad\u017eia","item":"https:\/\/eheating.lt\/en\/"},{"@type":"ListItem","position":2,"name":"Shop","item":"https:\/\/eheating.lt\/en\/?page_id=5734"},{"@type":"ListItem","position":3,"name":"Central\u0117 PARADOX SP4000+"}]},{"@type":"WebSite","@id":"https:\/\/eheating.lt\/#website","url":"https:\/\/eheating.lt\/","name":"eHeating","description":"Elektronika ir \u0161ildymas","potentialAction":[{"@type":"SearchAction","target":{"@type":"EntryPoint","urlTemplate":"https:\/\/eheating.lt\/?s={search_term_string}"},"query-input":{"@type":"PropertyValueSpecification","valueRequired":true,"valueName":"search_term_string"}}],"inLanguage":"en-US"}]},"product_price_amount":"52.23","product_price_currency":"EUR","og_availability":"backorder","product_availability":"available for order","product_retailer_item_id":"eecbd0213a2d","product_condition":"new"},"_links":{"self":[{"href":"https:\/\/eheating.lt\/en\/wp-json\/wp\/v2\/product\/19460","targetHints":{"allow":["GET"]}}],"collection":[{"href":"https:\/\/eheating.lt\/en\/wp-json\/wp\/v2\/product"}],"about":[{"href":"https:\/\/eheating.lt\/en\/wp-json\/wp\/v2\/types\/product"}],"replies":[{"embeddable":true,"href":"https:\/\/eheating.lt\/en\/wp-json\/wp\/v2\/comments?post=19460"}],"version-history":[{"count":0,"href":"https:\/\/eheating.lt\/en\/wp-json\/wp\/v2\/product\/19460\/revisions"}],"wp:featuredmedia":[{"embeddable":true,"href":"https:\/\/eheating.lt\/en\/wp-json\/wp\/v2\/media\/31054"}],"wp:attachment":[{"href":"https:\/\/eheating.lt\/en\/wp-json\/wp\/v2\/media?parent=19460"}],"wp:term":[{"taxonomy":"product_brand","embeddable":true,"href":"https:\/\/eheating.lt\/en\/wp-json\/wp\/v2\/product_brand?post=19460"},{"taxonomy":"product_cat","embeddable":true,"href":"https:\/\/eheating.lt\/en\/wp-json\/wp\/v2\/product_cat?post=19460"},{"taxonomy":"product_tag","embeddable":true,"href":"https:\/\/eheating.lt\/en\/wp-json\/wp\/v2\/product_tag?post=19460"}],"curies":[{"name":"wp","href":"https:\/\/api.w.org\/{rel}","templated":true}]}}