{"id":19388,"date":"2023-11-13T21:36:26","date_gmt":"2023-11-13T19:36:26","guid":{"rendered":"https:\/\/eheating.lt\/?post_type=product&#038;p=19388"},"modified":"2024-07-11T18:43:55","modified_gmt":"2024-07-11T15:43:55","slug":"ezviz-cs-bc1c-lauko-akumuliatorine-kryptine-kamera","status":"publish","type":"product","link":"https:\/\/eheating.lt\/en\/produktas\/ezviz-cs-bc1c-lauko-akumuliatorine-kryptine-kamera\/","title":{"rendered":"EZVIZ CS-BC1C lauko akumuliatorin\u0117 kryptin\u0117 kamera"},"content":{"rendered":"<div class=\"video-container\" style=\"margin-top: 50px;\"><\/div>\n<table class=\"pro_infobox\">\n<thead>\n<tr>\n<th colspan=\"2\" rowspan=\"1\">Savyb\u0117s<\/th>\n<\/tr>\n<tr>\n<th colspan=\"1\" rowspan=\"1\">Pagrindin\u0117s funkcijos:<\/th>\n<td colspan=\"1\" rowspan=\"1\"><strong>\u017dmogaus aptikimas, veikia su saul\u0117s kolektoriumi&lt;\/strong<\/strong><\/td>\n<\/tr>\n<tr>\n<th colspan=\"1\" rowspan=\"1\">Integruotas mikrofonas:<\/th>\n<td colspan=\"1\" rowspan=\"1\"><strong>Yra<\/strong><\/td>\n<\/tr>\n<tr>\n<th colspan=\"1\" rowspan=\"1\">Integruotas garsiakalbis:<\/th>\n<td colspan=\"1\" rowspan=\"1\"><strong>Yra<\/strong><\/td>\n<\/tr>\n<tr>\n<th colspan=\"1\" rowspan=\"1\">Integruota sirena:<\/th>\n<td colspan=\"1\" rowspan=\"1\"><strong>Yra<\/strong><\/td>\n<\/tr>\n<tr>\n<th colspan=\"1\" rowspan=\"1\">Integruota blykst\u0117:<\/th>\n<td colspan=\"1\" rowspan=\"1\"><strong>Yra<\/strong><\/td>\n<\/tr>\n<tr>\n<th colspan=\"1\" rowspan=\"1\">Vartotojo nustatomos individualios garso \u017einut\u0117s:<\/th>\n<td colspan=\"1\" rowspan=\"1\"><strong>Yra<\/strong><\/td>\n<\/tr>\n<tr>\n<th colspan=\"1\" rowspan=\"1\">Baterijos talpa:<\/th>\n<td colspan=\"1\" rowspan=\"1\"><strong>7800mAh<\/strong><\/td>\n<\/tr>\n<tr>\n<th colspan=\"1\" rowspan=\"1\">Darbin\u0117 temperat\u016bra:<\/th>\n<td colspan=\"1\" rowspan=\"1\"><strong>From -20\u00b0C to +50\u00b0C<\/strong><\/td>\n<\/tr>\n<\/thead>\n<tbody>\n<tr>\n<th colspan=\"2\" rowspan=\"1\">Modelio parametrai<\/th>\n<\/tr>\n<tr>\n<th colspan=\"1\" rowspan=\"1\" width=\"200\">Modelis<\/th>\n<td colspan=\"1\" rowspan=\"1\">CS-BC1C<\/td>\n<\/tr>\n<tr>\n<th colspan=\"2\" rowspan=\"1\">Kameros parametrai<\/th>\n<\/tr>\n<tr>\n<th colspan=\"1\" rowspan=\"1\" width=\"200\">Sensorius<\/th>\n<td colspan=\"1\" rowspan=\"1\">1\/2.8\u201d 2-Megapixel Progressive Scan CMOS Sensor<\/td>\n<\/tr>\n<tr>\n<th colspan=\"1\" rowspan=\"1\" width=\"200\">Min, ap\u0161vietimas<\/th>\n<td colspan=\"1\" rowspan=\"1\">0.2 Lux @ (F1.6, AGC ON), 0 Lux with IR<\/td>\n<\/tr>\n<tr>\n<th colspan=\"1\" rowspan=\"1\" width=\"200\">U\u017erakto greitis<\/th>\n<td colspan=\"1\" rowspan=\"1\">Self-adaptive shutter<\/td>\n<\/tr>\n<tr>\n<th colspan=\"1\" rowspan=\"1\" width=\"200\">L\u0119\u0161iai<\/th>\n<td colspan=\"1\" rowspan=\"1\">2.8 mm @ F1.6;125\u00b0 (Diagonal), 107\u00b0 (Horizontal)<\/td>\n<\/tr>\n<tr>\n<th colspan=\"1\" rowspan=\"1\" width=\"200\">L\u0119\u0161i\u0173 montavimas<\/th>\n<td colspan=\"1\" rowspan=\"1\">M12<\/td>\n<\/tr>\n<tr>\n<th colspan=\"1\" rowspan=\"1\" width=\"200\">Diena &amp; naktis<\/th>\n<td colspan=\"1\" rowspan=\"1\">IR-cut filter with auto switch<\/td>\n<\/tr>\n<tr>\n<th colspan=\"1\" rowspan=\"1\" width=\"200\">DNR<\/th>\n<td colspan=\"1\" rowspan=\"1\">3D DNR<\/td>\n<\/tr>\n<tr>\n<th colspan=\"1\" rowspan=\"1\" width=\"200\">Naktinis matymas<\/th>\n<td colspan=\"1\" rowspan=\"1\">10 m<\/td>\n<\/tr>\n<tr>\n<th colspan=\"2\" rowspan=\"1\">Vaizdas &amp; garsas<\/th>\n<\/tr>\n<tr>\n<th colspan=\"1\" rowspan=\"1\" width=\"200\">Maks rai\u0161ka<\/th>\n<td colspan=\"1\" rowspan=\"1\">1920 \u00d7 1080<\/td>\n<\/tr>\n<tr>\n<th colspan=\"1\" rowspan=\"1\" width=\"200\">Kadr\u0173 da\u017enis<\/th>\n<td colspan=\"1\" rowspan=\"1\">50Hz @ 25fps, 60Hz @ 30fps. Self-Adaptive during network transmission<\/td>\n<\/tr>\n<tr>\n<th colspan=\"1\" rowspan=\"1\" width=\"200\">Vaizdo suspaudimas<\/th>\n<td colspan=\"1\" rowspan=\"1\">H.265 \/ H.264<\/td>\n<\/tr>\n<tr>\n<th colspan=\"1\" rowspan=\"1\" width=\"200\">Vaizdo bit\u0173 greitis<\/th>\n<td colspan=\"1\" rowspan=\"1\">Ultra-HD; HD; Standard. Adaptive bit rate.<\/td>\n<\/tr>\n<tr>\n<th colspan=\"1\" rowspan=\"1\" width=\"200\">Garso bit\u0173 greitis<\/th>\n<td colspan=\"1\" rowspan=\"1\">Self-Adaptive<\/td>\n<\/tr>\n<tr>\n<th colspan=\"1\" rowspan=\"1\" width=\"200\">Maks. bit\u0173 greitis<\/th>\n<td colspan=\"1\" rowspan=\"1\">2Mbps<\/td>\n<\/tr>\n<tr>\n<th colspan=\"2\" rowspan=\"1\">Tinklas<\/th>\n<\/tr>\n<tr>\n<th colspan=\"1\" rowspan=\"1\" width=\"200\">Wi-Fi standartas<\/th>\n<td colspan=\"1\" rowspan=\"1\">IEEE802.11b, 802.11g, 802.11n<\/td>\n<\/tr>\n<tr>\n<th colspan=\"1\" rowspan=\"1\" width=\"200\">Da\u017eni\u0173 diapozonas<\/th>\n<td colspan=\"1\" rowspan=\"1\">2.4 GHz ~ 2.4835 GHz<\/td>\n<\/tr>\n<tr>\n<th colspan=\"1\" rowspan=\"1\" width=\"200\">Kanalo bang\u0173 plotis<\/th>\n<td colspan=\"1\" rowspan=\"1\">Supports 20MHz<\/td>\n<\/tr>\n<tr>\n<th colspan=\"1\" rowspan=\"1\" width=\"200\">Saugumas<\/th>\n<td colspan=\"1\" rowspan=\"1\">64\/128-bit WEP, WPA\/WPA2, WPA-PSK\/WPA2-PSK<\/td>\n<\/tr>\n<tr>\n<th colspan=\"1\" rowspan=\"1\" width=\"200\">Perdavimo greitis<\/th>\n<td colspan=\"1\" rowspan=\"1\">11b: 11Mbps,11g\u00a0:54Mbps,11n\u00a0:72Mbps<\/td>\n<\/tr>\n<tr>\n<th colspan=\"1\" rowspan=\"1\" width=\"200\">Wi-Fi sujungimas<\/th>\n<td colspan=\"1\" rowspan=\"1\">AP pairing<\/td>\n<\/tr>\n<tr>\n<th colspan=\"1\" rowspan=\"1\" width=\"200\">Protokolai<\/th>\n<td colspan=\"1\" rowspan=\"1\">EZVIZ cloud proprietary protocol<\/td>\n<\/tr>\n<tr>\n<th colspan=\"1\" rowspan=\"1\" width=\"200\">S\u0105saj\u0173 protokolai<\/th>\n<td colspan=\"1\" rowspan=\"1\">EZVIZ cloud proprietary protocol<\/td>\n<\/tr>\n<tr>\n<th colspan=\"1\" rowspan=\"1\" width=\"200\">Minimal\u016bs tinklo reikalavimai<\/th>\n<td colspan=\"1\" rowspan=\"1\">2Mbps<\/td>\n<\/tr>\n<tr>\n<th colspan=\"2\" rowspan=\"1\">Funkcijos<\/th>\n<\/tr>\n<tr>\n<th colspan=\"1\" rowspan=\"1\" width=\"200\">I\u0161manus \u012fsp\u0117jamasis signalas<\/th>\n<td colspan=\"1\" rowspan=\"1\">AI Human Detection<\/td>\n<\/tr>\n<tr>\n<th colspan=\"1\" rowspan=\"1\" width=\"200\">Pasirenkama isp\u0117jamojo signalo veikimo zona<\/th>\n<td colspan=\"1\" rowspan=\"1\">Supports<\/td>\n<\/tr>\n<tr>\n<th colspan=\"1\" rowspan=\"1\" width=\"200\">Dvipusis bendravimas<\/th>\n<td colspan=\"1\" rowspan=\"1\">Supports<\/td>\n<\/tr>\n<tr>\n<th colspan=\"1\" rowspan=\"1\" width=\"200\">Pagrindin\u0117s funkcijos<\/th>\n<td colspan=\"1\" rowspan=\"1\">Anti-Flicker, Dual-Stream, Heart Beat, Password Protection, Watermark<\/td>\n<\/tr>\n<tr>\n<th colspan=\"2\" rowspan=\"1\">Saugumas<\/th>\n<\/tr>\n<tr>\n<th colspan=\"1\" rowspan=\"1\" width=\"200\">Vietin\u0117 saugykla<\/th>\n<td colspan=\"1\" rowspan=\"1\">Build-in 32GB eMMC Storage<\/td>\n<\/tr>\n<tr>\n<th colspan=\"1\" rowspan=\"1\" width=\"200\">Saugykla debesyse<\/th>\n<td colspan=\"1\" rowspan=\"1\">EZVIZ cloud storage<\/td>\n<\/tr>\n<tr>\n<th colspan=\"2\" rowspan=\"1\">Pagrindinis<\/th>\n<\/tr>\n<tr>\n<th colspan=\"1\" rowspan=\"1\" width=\"200\">Veikimo s\u0105lygos<\/th>\n<td colspan=\"1\" rowspan=\"1\">-20\u00b0C to 50\u00b0C (-4\u00b0F to 122 \u00b0F ), Humidity 95% or less (non-condensing)<\/td>\n<\/tr>\n<tr>\n<th colspan=\"1\" rowspan=\"1\" width=\"200\">IP apsauga<\/th>\n<td colspan=\"1\" rowspan=\"1\">IP 66<\/td>\n<\/tr>\n<tr>\n<th colspan=\"1\" rowspan=\"1\" width=\"200\">Energijos \u0161altinis<\/th>\n<td colspan=\"1\" rowspan=\"1\">DC 5V\/2A<\/td>\n<\/tr>\n<tr>\n<th colspan=\"1\" rowspan=\"1\" width=\"200\">Baterijos talpa<\/th>\n<td colspan=\"1\" rowspan=\"1\">7800 mAh<\/td>\n<\/tr>\n<tr>\n<th colspan=\"1\" rowspan=\"1\" width=\"200\">Energijos suvartojimas<\/th>\n<td colspan=\"1\" rowspan=\"1\">Max. 5W<\/td>\n<\/tr>\n<tr>\n<th colspan=\"1\" rowspan=\"1\" width=\"200\">Produkto matmenys<\/th>\n<td colspan=\"1\" rowspan=\"1\">104.76 \u00d7 62.80 \u00d7 62.80 mm (4.12 \u00d7 2.47 \u00d7 2.47 inch)<\/td>\n<\/tr>\n<tr>\n<th colspan=\"1\" rowspan=\"1\" width=\"200\">Pakuot\u0117s matmenys<\/th>\n<td colspan=\"1\" rowspan=\"1\">186.0 \u00d7 103.0 \u00d7 103.0 mm (7.3 \u00d7 4.0 \u00d7 4.0 inch)<\/td>\n<\/tr>\n<tr>\n<th colspan=\"1\" rowspan=\"1\" width=\"200\">Svoris<\/th>\n<td colspan=\"1\" rowspan=\"1\">Product: 365 g (12.8 oz) With Package: 835 g (28.4 oz)<\/td>\n<\/tr>\n<\/tbody>\n<\/table>\n","protected":false},"excerpt":{"rendered":"<ul>\n<li>MP (rai\u0161ka): 2MP (1920&#215;1080)<\/li>\n<li>Objektyvas: 2.8mm<\/li>\n<li>IR nuotolis: IR iki 10m<\/li>\n<li>Wifi palaikymas: 2.4 GHz<\/li>\n<li>IP klas\u0117: IP66<\/li>\n<li>Tinkama naudoti: lauko s\u0105lygomis<\/li>\n<li>Integruota SD kortel\u0117: 32GB<\/li>\n<li>Vaizdo suspaudimas: H.265\/H.264<\/li>\n<li>Informacijos perdavimas: Wi-Fi<\/li>\n<li>Laikiklis\/baz\u0117: prid\u0117ta komplekte<\/li>\n<\/ul>\n","protected":false},"featured_media":28080,"comment_status":"closed","ping_status":"closed","template":"","meta":[],"product_brand":[],"product_cat":[458,534,533],"product_tag":[],"class_list":{"0":"post-19388","1":"product","2":"type-product","3":"status-publish","4":"has-post-thumbnail","6":"product_cat-ezviz-serija","7":"product_cat-ip-kameros","8":"product_cat-ip-vaizdo-stebejimo-sistemos","10":"first","11":"outofstock","12":"purchasable","13":"product-type-simple"},"yoast_head":"<!-- This site is optimized with the Yoast SEO Premium plugin v21.5 (Yoast SEO v27.3) - https:\/\/yoast.com\/product\/yoast-seo-premium-wordpress\/ -->\n<title>EZVIZ CS-BC1C lauko akumuliatorin\u0117 kryptin\u0117 kamera<\/title>\n<meta name=\"description\" content=\"EZVIZ CS-BC1C lauko akumuliatorin\u0117 kryptin\u0117 kamera ; IR nuotolis IR iki 10m ; Rai\u0161ka - 4MP ; Wifi palaikymas 2.4 GHz ; Integruota SD kortel\u0117 32GB\" \/>\n<meta name=\"robots\" content=\"index, follow, max-snippet:-1, max-image-preview:large, max-video-preview:-1\" \/>\n<link rel=\"canonical\" href=\"https:\/\/eheating.lt\/produktas\/ezviz-cs-bc1c-lauko-akumuliatorine-kryptine-kamera\/\" \/>\n<meta property=\"og:locale\" content=\"en_US\" \/>\n<meta property=\"og:type\" content=\"article\" \/>\n<meta property=\"og:title\" content=\"EZVIZ CS-BC1C lauko akumuliatorin\u0117 kryptin\u0117 kamera\" \/>\n<meta property=\"og:description\" content=\"EZVIZ CS-BC1C lauko akumuliatorin\u0117 kryptin\u0117 kamera ; IR nuotolis IR iki 10m ; Rai\u0161ka - 4MP ; Wifi palaikymas 2.4 GHz ; Integruota SD kortel\u0117 32GB\" \/>\n<meta property=\"og:url\" content=\"https:\/\/eheating.lt\/produktas\/ezviz-cs-bc1c-lauko-akumuliatorine-kryptine-kamera\/\" \/>\n<meta property=\"og:site_name\" content=\"Elektronika Namams\" \/>\n<meta property=\"article:publisher\" content=\"https:\/\/www.facebook.com\/ElektronikaNamams\" \/>\n<meta property=\"article:modified_time\" content=\"2024-07-11T15:43:55+00:00\" \/>\n<meta property=\"og:image\" content=\"https:\/\/eheating.lt\/wp-content\/uploads\/2023\/10\/EZVIZ-CS-BC1C-lauko-akumuliatorine-kryptine-kamera.png\" \/>\n\t<meta property=\"og:image:width\" content=\"800\" \/>\n\t<meta property=\"og:image:height\" content=\"800\" \/>\n\t<meta property=\"og:image:type\" content=\"image\/png\" \/>\n<meta name=\"twitter:card\" content=\"summary_large_image\" \/>\n<meta name=\"twitter:label1\" content=\"Price\" \/>\n\t<meta name=\"twitter:data1\" content=\"174,58&nbsp;&euro;\" \/>\n\t<meta name=\"twitter:label2\" content=\"Availability\" \/>\n\t<meta name=\"twitter:data2\" content=\"Out of stock\" \/>\n<script type=\"application\/ld+json\" class=\"yoast-schema-graph\">{\"@context\":\"https:\\\/\\\/schema.org\",\"@graph\":[{\"@type\":\"WebPage\",\"@id\":\"https:\\\/\\\/eheating.lt\\\/produktas\\\/ezviz-cs-bc1c-lauko-akumuliatorine-kryptine-kamera\\\/\",\"url\":\"https:\\\/\\\/eheating.lt\\\/produktas\\\/ezviz-cs-bc1c-lauko-akumuliatorine-kryptine-kamera\\\/\",\"name\":\"EZVIZ CS-BC1C lauko akumuliatorin\u0117 kryptin\u0117 kamera\",\"isPartOf\":{\"@id\":\"https:\\\/\\\/eheating.lt\\\/#website\"},\"primaryImageOfPage\":{\"@id\":\"https:\\\/\\\/eheating.lt\\\/produktas\\\/ezviz-cs-bc1c-lauko-akumuliatorine-kryptine-kamera\\\/#primaryimage\"},\"image\":{\"@id\":\"https:\\\/\\\/eheating.lt\\\/produktas\\\/ezviz-cs-bc1c-lauko-akumuliatorine-kryptine-kamera\\\/#primaryimage\"},\"thumbnailUrl\":\"https:\\\/\\\/eheating.lt\\\/wp-content\\\/uploads\\\/2023\\\/10\\\/EZVIZ-CS-BC1C-lauko-akumuliatorine-kryptine-kamera.png\",\"datePublished\":\"2023-11-13T19:36:26+00:00\",\"dateModified\":\"2024-07-11T15:43:55+00:00\",\"description\":\"EZVIZ CS-BC1C lauko akumuliatorin\u0117 kryptin\u0117 kamera ; IR nuotolis IR iki 10m ; Rai\u0161ka - 4MP ; Wifi palaikymas 2.4 GHz ; Integruota SD kortel\u0117 32GB\",\"breadcrumb\":{\"@id\":\"https:\\\/\\\/eheating.lt\\\/produktas\\\/ezviz-cs-bc1c-lauko-akumuliatorine-kryptine-kamera\\\/#breadcrumb\"},\"inLanguage\":\"en-US\",\"potentialAction\":[{\"@type\":\"ReadAction\",\"target\":[\"https:\\\/\\\/eheating.lt\\\/produktas\\\/ezviz-cs-bc1c-lauko-akumuliatorine-kryptine-kamera\\\/\"]}]},{\"@type\":\"ImageObject\",\"inLanguage\":\"en-US\",\"@id\":\"https:\\\/\\\/eheating.lt\\\/produktas\\\/ezviz-cs-bc1c-lauko-akumuliatorine-kryptine-kamera\\\/#primaryimage\",\"url\":\"https:\\\/\\\/eheating.lt\\\/wp-content\\\/uploads\\\/2023\\\/10\\\/EZVIZ-CS-BC1C-lauko-akumuliatorine-kryptine-kamera.png\",\"contentUrl\":\"https:\\\/\\\/eheating.lt\\\/wp-content\\\/uploads\\\/2023\\\/10\\\/EZVIZ-CS-BC1C-lauko-akumuliatorine-kryptine-kamera.png\",\"width\":800,\"height\":800,\"caption\":\"EZVIZ CS-BC1C lauko akumuliatorin\u0117 kryptin\u0117 kamera\"},{\"@type\":\"BreadcrumbList\",\"@id\":\"https:\\\/\\\/eheating.lt\\\/produktas\\\/ezviz-cs-bc1c-lauko-akumuliatorine-kryptine-kamera\\\/#breadcrumb\",\"itemListElement\":[{\"@type\":\"ListItem\",\"position\":1,\"name\":\"Prad\u017eia\",\"item\":\"https:\\\/\\\/eheating.lt\\\/en\\\/\"},{\"@type\":\"ListItem\",\"position\":2,\"name\":\"Shop\",\"item\":\"https:\\\/\\\/eheating.lt\\\/en\\\/?page_id=5734\"},{\"@type\":\"ListItem\",\"position\":3,\"name\":\"EZVIZ CS-BC1C lauko akumuliatorin\u0117 kryptin\u0117 kamera\"}]},{\"@type\":\"WebSite\",\"@id\":\"https:\\\/\\\/eheating.lt\\\/#website\",\"url\":\"https:\\\/\\\/eheating.lt\\\/\",\"name\":\"eHeating\",\"description\":\"Elektronika ir \u0161ildymas\",\"potentialAction\":[{\"@type\":\"SearchAction\",\"target\":{\"@type\":\"EntryPoint\",\"urlTemplate\":\"https:\\\/\\\/eheating.lt\\\/?s={search_term_string}\"},\"query-input\":{\"@type\":\"PropertyValueSpecification\",\"valueRequired\":true,\"valueName\":\"search_term_string\"}}],\"inLanguage\":\"en-US\"}]}<\/script>\n<meta property=\"product:price:amount\" content=\"174.58\" \/>\n<meta property=\"product:price:currency\" content=\"EUR\" \/>\n<meta property=\"og:availability\" content=\"out of stock\" \/>\n<meta property=\"product:availability\" content=\"out of stock\" \/>\n<meta property=\"product:retailer_item_id\" content=\"e97d58cf96db\" \/>\n<meta property=\"product:condition\" content=\"new\" \/>\n<!-- \/ Yoast SEO Premium plugin. -->","yoast_head_json":{"title":"EZVIZ CS-BC1C lauko akumuliatorin\u0117 kryptin\u0117 kamera","description":"EZVIZ CS-BC1C lauko akumuliatorin\u0117 kryptin\u0117 kamera ; IR nuotolis IR iki 10m ; Rai\u0161ka - 4MP ; Wifi palaikymas 2.4 GHz ; Integruota SD kortel\u0117 32GB","robots":{"index":"index","follow":"follow","max-snippet":"max-snippet:-1","max-image-preview":"max-image-preview:large","max-video-preview":"max-video-preview:-1"},"canonical":"https:\/\/eheating.lt\/produktas\/ezviz-cs-bc1c-lauko-akumuliatorine-kryptine-kamera\/","og_locale":"en_US","og_type":"article","og_title":"EZVIZ CS-BC1C lauko akumuliatorin\u0117 kryptin\u0117 kamera","og_description":"EZVIZ CS-BC1C lauko akumuliatorin\u0117 kryptin\u0117 kamera ; IR nuotolis IR iki 10m ; Rai\u0161ka - 4MP ; Wifi palaikymas 2.4 GHz ; Integruota SD kortel\u0117 32GB","og_url":"https:\/\/eheating.lt\/produktas\/ezviz-cs-bc1c-lauko-akumuliatorine-kryptine-kamera\/","og_site_name":"Elektronika Namams","article_publisher":"https:\/\/www.facebook.com\/ElektronikaNamams","article_modified_time":"2024-07-11T15:43:55+00:00","og_image":[{"width":800,"height":800,"url":"https:\/\/eheating.lt\/wp-content\/uploads\/2023\/10\/EZVIZ-CS-BC1C-lauko-akumuliatorine-kryptine-kamera.png","type":"image\/png"}],"twitter_card":"summary_large_image","twitter_misc":{"Price":"174,58&nbsp;&euro;","Availability":"Out of stock"},"schema":{"@context":"https:\/\/schema.org","@graph":[{"@type":"WebPage","@id":"https:\/\/eheating.lt\/produktas\/ezviz-cs-bc1c-lauko-akumuliatorine-kryptine-kamera\/","url":"https:\/\/eheating.lt\/produktas\/ezviz-cs-bc1c-lauko-akumuliatorine-kryptine-kamera\/","name":"EZVIZ CS-BC1C lauko akumuliatorin\u0117 kryptin\u0117 kamera","isPartOf":{"@id":"https:\/\/eheating.lt\/#website"},"primaryImageOfPage":{"@id":"https:\/\/eheating.lt\/produktas\/ezviz-cs-bc1c-lauko-akumuliatorine-kryptine-kamera\/#primaryimage"},"image":{"@id":"https:\/\/eheating.lt\/produktas\/ezviz-cs-bc1c-lauko-akumuliatorine-kryptine-kamera\/#primaryimage"},"thumbnailUrl":"https:\/\/eheating.lt\/wp-content\/uploads\/2023\/10\/EZVIZ-CS-BC1C-lauko-akumuliatorine-kryptine-kamera.png","datePublished":"2023-11-13T19:36:26+00:00","dateModified":"2024-07-11T15:43:55+00:00","description":"EZVIZ CS-BC1C lauko akumuliatorin\u0117 kryptin\u0117 kamera ; IR nuotolis IR iki 10m ; Rai\u0161ka - 4MP ; Wifi palaikymas 2.4 GHz ; Integruota SD kortel\u0117 32GB","breadcrumb":{"@id":"https:\/\/eheating.lt\/produktas\/ezviz-cs-bc1c-lauko-akumuliatorine-kryptine-kamera\/#breadcrumb"},"inLanguage":"en-US","potentialAction":[{"@type":"ReadAction","target":["https:\/\/eheating.lt\/produktas\/ezviz-cs-bc1c-lauko-akumuliatorine-kryptine-kamera\/"]}]},{"@type":"ImageObject","inLanguage":"en-US","@id":"https:\/\/eheating.lt\/produktas\/ezviz-cs-bc1c-lauko-akumuliatorine-kryptine-kamera\/#primaryimage","url":"https:\/\/eheating.lt\/wp-content\/uploads\/2023\/10\/EZVIZ-CS-BC1C-lauko-akumuliatorine-kryptine-kamera.png","contentUrl":"https:\/\/eheating.lt\/wp-content\/uploads\/2023\/10\/EZVIZ-CS-BC1C-lauko-akumuliatorine-kryptine-kamera.png","width":800,"height":800,"caption":"EZVIZ CS-BC1C lauko akumuliatorin\u0117 kryptin\u0117 kamera"},{"@type":"BreadcrumbList","@id":"https:\/\/eheating.lt\/produktas\/ezviz-cs-bc1c-lauko-akumuliatorine-kryptine-kamera\/#breadcrumb","itemListElement":[{"@type":"ListItem","position":1,"name":"Prad\u017eia","item":"https:\/\/eheating.lt\/en\/"},{"@type":"ListItem","position":2,"name":"Shop","item":"https:\/\/eheating.lt\/en\/?page_id=5734"},{"@type":"ListItem","position":3,"name":"EZVIZ CS-BC1C lauko akumuliatorin\u0117 kryptin\u0117 kamera"}]},{"@type":"WebSite","@id":"https:\/\/eheating.lt\/#website","url":"https:\/\/eheating.lt\/","name":"eHeating","description":"Elektronika ir \u0161ildymas","potentialAction":[{"@type":"SearchAction","target":{"@type":"EntryPoint","urlTemplate":"https:\/\/eheating.lt\/?s={search_term_string}"},"query-input":{"@type":"PropertyValueSpecification","valueRequired":true,"valueName":"search_term_string"}}],"inLanguage":"en-US"}]},"product_price_amount":"174.58","product_price_currency":"EUR","og_availability":"out of stock","product_availability":"out of stock","product_retailer_item_id":"e97d58cf96db","product_condition":"new"},"_links":{"self":[{"href":"https:\/\/eheating.lt\/en\/wp-json\/wp\/v2\/product\/19388","targetHints":{"allow":["GET"]}}],"collection":[{"href":"https:\/\/eheating.lt\/en\/wp-json\/wp\/v2\/product"}],"about":[{"href":"https:\/\/eheating.lt\/en\/wp-json\/wp\/v2\/types\/product"}],"replies":[{"embeddable":true,"href":"https:\/\/eheating.lt\/en\/wp-json\/wp\/v2\/comments?post=19388"}],"version-history":[{"count":0,"href":"https:\/\/eheating.lt\/en\/wp-json\/wp\/v2\/product\/19388\/revisions"}],"wp:featuredmedia":[{"embeddable":true,"href":"https:\/\/eheating.lt\/en\/wp-json\/wp\/v2\/media\/28080"}],"wp:attachment":[{"href":"https:\/\/eheating.lt\/en\/wp-json\/wp\/v2\/media?parent=19388"}],"wp:term":[{"taxonomy":"product_brand","embeddable":true,"href":"https:\/\/eheating.lt\/en\/wp-json\/wp\/v2\/product_brand?post=19388"},{"taxonomy":"product_cat","embeddable":true,"href":"https:\/\/eheating.lt\/en\/wp-json\/wp\/v2\/product_cat?post=19388"},{"taxonomy":"product_tag","embeddable":true,"href":"https:\/\/eheating.lt\/en\/wp-json\/wp\/v2\/product_tag?post=19388"}],"curies":[{"name":"wp","href":"https:\/\/api.w.org\/{rel}","templated":true}]}}