{"id":19338,"date":"2023-11-13T21:46:17","date_gmt":"2023-11-13T19:46:17","guid":{"rendered":"https:\/\/eheating.lt\/?post_type=product&#038;p=19338"},"modified":"2024-10-18T17:24:04","modified_gmt":"2024-10-18T14:24:04","slug":"hikvision-hm-ts02-15xg-w-le15-nesiojamas-termovizorinis-monoklis","status":"publish","type":"product","link":"https:\/\/eheating.lt\/en\/produktas\/hikvision-hm-ts02-15xg-w-le15-nesiojamas-termovizorinis-monoklis\/","title":{"rendered":"Hikvision HM-TS02-15XG\/W-LE15 ne\u0161iojamas termovizorinis monoklis"},"content":{"rendered":"<ul class=\"tech-specs-items-description\" data-target=\"General\">\n<li class=\"tech-specs-items-description-list\"><span class=\"tech-specs-items-description__title--heading\">Termovizorio modulis<\/span><\/li>\n<li class=\"tech-specs-items-description-list\"><span class=\"tech-specs-items-description__title\">Sensorius<\/span><span class=\"tech-specs-items-description__title-details\">VOx Uncooled Focal Plane Arrays<\/span><\/li>\n<li class=\"tech-specs-items-description-list\"><span class=\"tech-specs-items-description__title\">Maks. rezoliucija<\/span><span class=\"tech-specs-items-description__title-details\">256 \u00d7 192<\/span><\/li>\n<li class=\"tech-specs-items-description-list\"><span class=\"tech-specs-items-description__title\">Pixel Pitch<\/span><span class=\"tech-specs-items-description__title-details\">12 \u03bcm<\/span><\/li>\n<li class=\"tech-specs-items-description-list\"><span class=\"tech-specs-items-description__title\">Reagavimo bang\u0173 juosta<\/span><span class=\"tech-specs-items-description__title-details\">8 \u03bcm to 14 \u03bcm<\/span><\/li>\n<li class=\"tech-specs-items-description-list\"><span class=\"tech-specs-items-description__title\">NETD<\/span><span class=\"tech-specs-items-description__title-details\">Less than 35 mK (@ 25 \u00b0C),F# = 1.0<\/span><\/li>\n<li class=\"tech-specs-items-description-list\"><span class=\"tech-specs-items-description__title\">Objektyvas (\u017eidinio nuotolis)<\/span><span class=\"tech-specs-items-description__title-details\">15 mm<\/span><\/li>\n<li class=\"tech-specs-items-description-list\"><span class=\"tech-specs-items-description__title\">FOV<\/span><span class=\"tech-specs-items-description__title-details\">11.69\u00b0 \u00d7 8.78\u00b0 (H \u00d7 V)\u00b0<\/span><\/li>\n<li class=\"tech-specs-items-description-list\"><span class=\"tech-specs-items-description__title\">Skaitmeninis priartinimas<\/span><span class=\"tech-specs-items-description__title-details\">1 \u00d7, 2 \u00d7, 4 \u00d7, 8 \u00d7<\/span><\/li>\n<li class=\"tech-specs-items-description-list\"><span class=\"tech-specs-items-description__title\">Diafragama<\/span><span class=\"tech-specs-items-description__title-details\">F1.0<\/span><\/li>\n<li class=\"tech-specs-items-description-list\"><span class=\"tech-specs-items-description__title\">Didinimas<\/span><span class=\"tech-specs-items-description__title-details\">1.42 to 11.36<\/span><\/li>\n<\/ul>\n<ul class=\"tech-specs-items-description\" data-target=\"General\">\n<li class=\"tech-specs-items-description-list\"><span class=\"tech-specs-items-description__title--heading\">Ekrano vaizdas<\/span><\/li>\n<li class=\"tech-specs-items-description-list\"><span class=\"tech-specs-items-description__title\">Ekranas<\/span><span class=\"tech-specs-items-description__title-details\">0.2 inch, LCOS, 720\u00d7 540<\/span><\/li>\n<li class=\"tech-specs-items-description-list\"><span class=\"tech-specs-items-description__title\">FFC (plok\u0161\u010dio lauko korekcijos) re\u017eimas<\/span><span class=\"tech-specs-items-description__title-details\">Auto, Manual, External Correction<\/span><\/li>\n<li class=\"tech-specs-items-description-list\"><span class=\"tech-specs-items-description__title\">Palet\u0117s<\/span><span class=\"tech-specs-items-description__title-details\">Black Hot, White Hot, Red Hot, Fusion<\/span><\/li>\n<li class=\"tech-specs-items-description-list\"><span class=\"tech-specs-items-description__title\">Kadr\u0173 da\u017enis<\/span><span class=\"tech-specs-items-description__title-details\">25 Hz<\/span><\/li>\n<\/ul>\n<ul class=\"tech-specs-items-description\" data-target=\"General\">\n<li class=\"tech-specs-items-description-list\"><span class=\"tech-specs-items-description__title--heading\">I\u0161manioji funkcija<\/span><\/li>\n<li class=\"tech-specs-items-description-list\"><span class=\"tech-specs-items-description__title\">Kar\u0161tas ta\u0161kas<\/span><span class=\"tech-specs-items-description__title-details\">Yes<\/span><\/li>\n<li class=\"tech-specs-items-description-list\"><span class=\"tech-specs-items-description__title\">Bud\u0117jimo re\u017eimas<\/span><span class=\"tech-specs-items-description__title-details\">Yes<\/span><\/li>\n<li class=\"tech-specs-items-description-list\"><span class=\"tech-specs-items-description__title\">Fiksavimo diapazonas<\/span><span class=\"tech-specs-items-description__title-details\">708 m<\/span><\/li>\n<\/ul>\n<ul class=\"tech-specs-items-description\" data-target=\"General\">\n<li class=\"tech-specs-items-description-list\"><span class=\"tech-specs-items-description__title--heading\">Sistema<\/span><\/li>\n<li class=\"tech-specs-items-description-list\"><span class=\"tech-specs-items-description__title\">Integruota atmintis<\/span><span class=\"tech-specs-items-description__title-details\">8 GB<\/span><\/li>\n<li class=\"tech-specs-items-description-list\"><span class=\"tech-specs-items-description__title\">Integruota atminties talpa<\/span><span class=\"tech-specs-items-description__title-details\">220,000 pictures<\/span><\/li>\n<li class=\"tech-specs-items-description-list\"><span class=\"tech-specs-items-description__title\">Vaizdo \u012fra\u0161as<\/span><span class=\"tech-specs-items-description__title-details\">Yes<\/span><\/li>\n<li class=\"tech-specs-items-description-list\"><span class=\"tech-specs-items-description__title\">Monetin\u0117 nuotrauka<\/span><span class=\"tech-specs-items-description__title-details\">Yes<\/span><\/li>\n<\/ul>\n<ul class=\"tech-specs-items-description\" data-target=\"General\">\n<li class=\"tech-specs-items-description-list\"><span class=\"tech-specs-items-description__title--heading\">Maitinimas<\/span><\/li>\n<li class=\"tech-specs-items-description-list\"><span class=\"tech-specs-items-description__title\">Baterijos tipas<\/span><span class=\"tech-specs-items-description__title-details\">Lithium battery<\/span><\/li>\n<li class=\"tech-specs-items-description-list\"><span class=\"tech-specs-items-description__title\">Baterijos veikimo laikas<\/span><span class=\"tech-specs-items-description__title-details\">8 hours continuous running with Wi-Fi hot spot function off (@ 25 \u00b0C) 6 hours continuous running with Wi-Fi hot spot function on (@ 25 \u00b0C)<\/span><\/li>\n<li class=\"tech-specs-items-description-list\"><span class=\"tech-specs-items-description__title\">Battery Capacity Display<\/span><span class=\"tech-specs-items-description__title-details\">Yes<\/span><\/li>\n<\/ul>\n<ul class=\"tech-specs-items-description\" data-target=\"General\">\n<li class=\"tech-specs-items-description-list\"><span class=\"tech-specs-items-description__title--heading\">Pagrindinis<\/span><\/li>\n<li class=\"tech-specs-items-description-list\"><span class=\"tech-specs-items-description__title\">Sistemos parametrai<\/span><span class=\"tech-specs-items-description__title-details\">5 VDC\/2 A, 1.5 W, Type-C Interface<\/span><\/li>\n<li class=\"tech-specs-items-description-list\"><span class=\"tech-specs-items-description__title\">Darbo temperat\u016bra<\/span><span class=\"tech-specs-items-description__title-details\">&#8211; 20 \u00b0C to 55 \u00b0C (- 4 \u00b0F to 131 \u00b0F)<\/span><\/li>\n<li class=\"tech-specs-items-description-list\"><span class=\"tech-specs-items-description__title\">Apsaugoslygis<\/span><span class=\"tech-specs-items-description__title-details\">IP67<\/span><\/li>\n<li class=\"tech-specs-items-description-list\"><span class=\"tech-specs-items-description__title\">Dydis<\/span><span class=\"tech-specs-items-description__title-details\">158.3 mm \u00d7 61 mm \u00d7 57 mm (6.23&#8243; \u00d7 2.40&#8243; \u00d7 2.24&#8243;)<\/span><\/li>\n<li class=\"tech-specs-items-description-list\"><span class=\"tech-specs-items-description__title\">Svoris<\/span><span class=\"tech-specs-items-description__title-details\">280 g (0.62 lb)<\/span><\/li>\n<\/ul>\n","protected":false},"excerpt":{"rendered":"<ul>\n<li>256 \u00d7 192 rezoliucija, 12 \u03bcm jutiklis<\/li>\n<li>Adaptyvusis AGC, DDE, 3D DNR, NETD ma\u017eesnis nei 35 mK (@ 25 \u00b0C), F# = 1,0<\/li>\n<li>720 \u00d7 540 rai\u0161kos 0,2 colio LCOS ekranas<\/li>\n<li>\u012etaisyta \u012fkraunama li\u010dio baterija<\/li>\n<li>Iki 8 valand\u0173 nepertraukiamo veikimo<\/li>\n<li>USB-Type-C<\/li>\n<\/ul>\n","protected":false},"featured_media":28122,"comment_status":"closed","ping_status":"closed","template":"","meta":[],"product_brand":[],"product_cat":[534,533,423],"product_tag":[],"class_list":{"0":"post-19338","1":"product","2":"type-product","3":"status-publish","4":"has-post-thumbnail","6":"product_cat-ip-kameros","7":"product_cat-ip-vaizdo-stebejimo-sistemos","8":"product_cat-ip-termovizorines-kameros","10":"first","11":"onbackorder","12":"purchasable","13":"product-type-simple"},"yoast_head":"<!-- This site is optimized with the Yoast SEO Premium plugin v21.5 (Yoast SEO v27.4) - https:\/\/yoast.com\/product\/yoast-seo-premium-wordpress\/ -->\n<title>Hikvision HM-TS02-15XG\/W-LE15<\/title>\n<meta name=\"description\" content=\"Hikvision HM-TS02-15XG\/W-LE15 ne\u0161iojamas termovizorinis monoklis ; 256 \u00d7 192 rezoliucija, 12 \u03bcm jutiklis ; Iki 8 valand\u0173 nepertraukiamo veikimo\" \/>\n<meta name=\"robots\" content=\"index, follow, max-snippet:-1, max-image-preview:large, max-video-preview:-1\" \/>\n<link rel=\"canonical\" href=\"https:\/\/eheating.lt\/produktas\/hikvision-hm-ts02-15xg-w-le15-nesiojamas-termovizorinis-monoklis\/\" \/>\n<meta property=\"og:locale\" content=\"en_US\" \/>\n<meta property=\"og:type\" content=\"article\" \/>\n<meta property=\"og:title\" content=\"Hikvision HM-TS02-15XG\/W-LE15 ne\u0161iojamas termovizorinis monoklis\" \/>\n<meta property=\"og:description\" content=\"Hikvision HM-TS02-15XG\/W-LE15 ne\u0161iojamas termovizorinis monoklis ; 256 \u00d7 192 rezoliucija, 12 \u03bcm jutiklis ; Iki 8 valand\u0173 nepertraukiamo veikimo\" \/>\n<meta property=\"og:url\" content=\"https:\/\/eheating.lt\/produktas\/hikvision-hm-ts02-15xg-w-le15-nesiojamas-termovizorinis-monoklis\/\" \/>\n<meta property=\"og:site_name\" content=\"Elektronika Namams\" \/>\n<meta property=\"article:publisher\" content=\"https:\/\/www.facebook.com\/ElektronikaNamams\" \/>\n<meta property=\"article:modified_time\" content=\"2024-10-18T14:24:04+00:00\" \/>\n<meta property=\"og:image\" content=\"https:\/\/eheating.lt\/wp-content\/uploads\/2023\/10\/Hikvision-HM-TS02-15XGW-LE15.png\" \/>\n\t<meta property=\"og:image:width\" content=\"800\" \/>\n\t<meta property=\"og:image:height\" content=\"800\" \/>\n\t<meta property=\"og:image:type\" content=\"image\/png\" \/>\n<meta name=\"twitter:card\" content=\"summary_large_image\" \/>\n<meta name=\"twitter:label1\" content=\"Price\" \/>\n\t<meta name=\"twitter:data1\" content=\"883,87&nbsp;&euro;\" \/>\n\t<meta name=\"twitter:label2\" content=\"Availability\" \/>\n\t<meta name=\"twitter:data2\" content=\"On backorder\" \/>\n<script type=\"application\/ld+json\" class=\"yoast-schema-graph\">{\"@context\":\"https:\\\/\\\/schema.org\",\"@graph\":[{\"@type\":\"WebPage\",\"@id\":\"https:\\\/\\\/eheating.lt\\\/produktas\\\/hikvision-hm-ts02-15xg-w-le15-nesiojamas-termovizorinis-monoklis\\\/\",\"url\":\"https:\\\/\\\/eheating.lt\\\/produktas\\\/hikvision-hm-ts02-15xg-w-le15-nesiojamas-termovizorinis-monoklis\\\/\",\"name\":\"Hikvision HM-TS02-15XG\\\/W-LE15\",\"isPartOf\":{\"@id\":\"https:\\\/\\\/eheating.lt\\\/#website\"},\"primaryImageOfPage\":{\"@id\":\"https:\\\/\\\/eheating.lt\\\/produktas\\\/hikvision-hm-ts02-15xg-w-le15-nesiojamas-termovizorinis-monoklis\\\/#primaryimage\"},\"image\":{\"@id\":\"https:\\\/\\\/eheating.lt\\\/produktas\\\/hikvision-hm-ts02-15xg-w-le15-nesiojamas-termovizorinis-monoklis\\\/#primaryimage\"},\"thumbnailUrl\":\"https:\\\/\\\/eheating.lt\\\/wp-content\\\/uploads\\\/2023\\\/10\\\/Hikvision-HM-TS02-15XGW-LE15.png\",\"datePublished\":\"2023-11-13T19:46:17+00:00\",\"dateModified\":\"2024-10-18T14:24:04+00:00\",\"description\":\"Hikvision HM-TS02-15XG\\\/W-LE15 ne\u0161iojamas termovizorinis monoklis ; 256 \u00d7 192 rezoliucija, 12 \u03bcm jutiklis ; Iki 8 valand\u0173 nepertraukiamo veikimo\",\"breadcrumb\":{\"@id\":\"https:\\\/\\\/eheating.lt\\\/produktas\\\/hikvision-hm-ts02-15xg-w-le15-nesiojamas-termovizorinis-monoklis\\\/#breadcrumb\"},\"inLanguage\":\"en-US\",\"potentialAction\":[{\"@type\":\"ReadAction\",\"target\":[\"https:\\\/\\\/eheating.lt\\\/produktas\\\/hikvision-hm-ts02-15xg-w-le15-nesiojamas-termovizorinis-monoklis\\\/\"]}]},{\"@type\":\"ImageObject\",\"inLanguage\":\"en-US\",\"@id\":\"https:\\\/\\\/eheating.lt\\\/produktas\\\/hikvision-hm-ts02-15xg-w-le15-nesiojamas-termovizorinis-monoklis\\\/#primaryimage\",\"url\":\"https:\\\/\\\/eheating.lt\\\/wp-content\\\/uploads\\\/2023\\\/10\\\/Hikvision-HM-TS02-15XGW-LE15.png\",\"contentUrl\":\"https:\\\/\\\/eheating.lt\\\/wp-content\\\/uploads\\\/2023\\\/10\\\/Hikvision-HM-TS02-15XGW-LE15.png\",\"width\":800,\"height\":800,\"caption\":\"Hikvision HM-TS02-15XG\\\/W-LE15\"},{\"@type\":\"BreadcrumbList\",\"@id\":\"https:\\\/\\\/eheating.lt\\\/produktas\\\/hikvision-hm-ts02-15xg-w-le15-nesiojamas-termovizorinis-monoklis\\\/#breadcrumb\",\"itemListElement\":[{\"@type\":\"ListItem\",\"position\":1,\"name\":\"Prad\u017eia\",\"item\":\"https:\\\/\\\/eheating.lt\\\/en\\\/\"},{\"@type\":\"ListItem\",\"position\":2,\"name\":\"Shop\",\"item\":\"https:\\\/\\\/eheating.lt\\\/en\\\/?page_id=5734\"},{\"@type\":\"ListItem\",\"position\":3,\"name\":\"Hikvision HM-TS02-15XG\\\/W-LE15 ne\u0161iojamas termovizorinis monoklis\"}]},{\"@type\":\"WebSite\",\"@id\":\"https:\\\/\\\/eheating.lt\\\/#website\",\"url\":\"https:\\\/\\\/eheating.lt\\\/\",\"name\":\"eHeating\",\"description\":\"Elektronika ir \u0161ildymas\",\"potentialAction\":[{\"@type\":\"SearchAction\",\"target\":{\"@type\":\"EntryPoint\",\"urlTemplate\":\"https:\\\/\\\/eheating.lt\\\/?s={search_term_string}\"},\"query-input\":{\"@type\":\"PropertyValueSpecification\",\"valueRequired\":true,\"valueName\":\"search_term_string\"}}],\"inLanguage\":\"en-US\"}]}<\/script>\n<meta property=\"product:price:amount\" content=\"883.87\" \/>\n<meta property=\"product:price:currency\" content=\"EUR\" \/>\n<meta property=\"og:availability\" content=\"backorder\" \/>\n<meta property=\"product:availability\" content=\"available for order\" \/>\n<meta property=\"product:retailer_item_id\" content=\"acf3cc3f248e\" \/>\n<meta property=\"product:condition\" content=\"new\" \/>\n<!-- \/ Yoast SEO Premium plugin. -->","yoast_head_json":{"title":"Hikvision HM-TS02-15XG\/W-LE15","description":"Hikvision HM-TS02-15XG\/W-LE15 ne\u0161iojamas termovizorinis monoklis ; 256 \u00d7 192 rezoliucija, 12 \u03bcm jutiklis ; Iki 8 valand\u0173 nepertraukiamo veikimo","robots":{"index":"index","follow":"follow","max-snippet":"max-snippet:-1","max-image-preview":"max-image-preview:large","max-video-preview":"max-video-preview:-1"},"canonical":"https:\/\/eheating.lt\/produktas\/hikvision-hm-ts02-15xg-w-le15-nesiojamas-termovizorinis-monoklis\/","og_locale":"en_US","og_type":"article","og_title":"Hikvision HM-TS02-15XG\/W-LE15 ne\u0161iojamas termovizorinis monoklis","og_description":"Hikvision HM-TS02-15XG\/W-LE15 ne\u0161iojamas termovizorinis monoklis ; 256 \u00d7 192 rezoliucija, 12 \u03bcm jutiklis ; Iki 8 valand\u0173 nepertraukiamo veikimo","og_url":"https:\/\/eheating.lt\/produktas\/hikvision-hm-ts02-15xg-w-le15-nesiojamas-termovizorinis-monoklis\/","og_site_name":"Elektronika Namams","article_publisher":"https:\/\/www.facebook.com\/ElektronikaNamams","article_modified_time":"2024-10-18T14:24:04+00:00","og_image":[{"width":800,"height":800,"url":"https:\/\/eheating.lt\/wp-content\/uploads\/2023\/10\/Hikvision-HM-TS02-15XGW-LE15.png","type":"image\/png"}],"twitter_card":"summary_large_image","twitter_misc":{"Price":"883,87&nbsp;&euro;","Availability":"On backorder"},"schema":{"@context":"https:\/\/schema.org","@graph":[{"@type":"WebPage","@id":"https:\/\/eheating.lt\/produktas\/hikvision-hm-ts02-15xg-w-le15-nesiojamas-termovizorinis-monoklis\/","url":"https:\/\/eheating.lt\/produktas\/hikvision-hm-ts02-15xg-w-le15-nesiojamas-termovizorinis-monoklis\/","name":"Hikvision HM-TS02-15XG\/W-LE15","isPartOf":{"@id":"https:\/\/eheating.lt\/#website"},"primaryImageOfPage":{"@id":"https:\/\/eheating.lt\/produktas\/hikvision-hm-ts02-15xg-w-le15-nesiojamas-termovizorinis-monoklis\/#primaryimage"},"image":{"@id":"https:\/\/eheating.lt\/produktas\/hikvision-hm-ts02-15xg-w-le15-nesiojamas-termovizorinis-monoklis\/#primaryimage"},"thumbnailUrl":"https:\/\/eheating.lt\/wp-content\/uploads\/2023\/10\/Hikvision-HM-TS02-15XGW-LE15.png","datePublished":"2023-11-13T19:46:17+00:00","dateModified":"2024-10-18T14:24:04+00:00","description":"Hikvision HM-TS02-15XG\/W-LE15 ne\u0161iojamas termovizorinis monoklis ; 256 \u00d7 192 rezoliucija, 12 \u03bcm jutiklis ; Iki 8 valand\u0173 nepertraukiamo veikimo","breadcrumb":{"@id":"https:\/\/eheating.lt\/produktas\/hikvision-hm-ts02-15xg-w-le15-nesiojamas-termovizorinis-monoklis\/#breadcrumb"},"inLanguage":"en-US","potentialAction":[{"@type":"ReadAction","target":["https:\/\/eheating.lt\/produktas\/hikvision-hm-ts02-15xg-w-le15-nesiojamas-termovizorinis-monoklis\/"]}]},{"@type":"ImageObject","inLanguage":"en-US","@id":"https:\/\/eheating.lt\/produktas\/hikvision-hm-ts02-15xg-w-le15-nesiojamas-termovizorinis-monoklis\/#primaryimage","url":"https:\/\/eheating.lt\/wp-content\/uploads\/2023\/10\/Hikvision-HM-TS02-15XGW-LE15.png","contentUrl":"https:\/\/eheating.lt\/wp-content\/uploads\/2023\/10\/Hikvision-HM-TS02-15XGW-LE15.png","width":800,"height":800,"caption":"Hikvision HM-TS02-15XG\/W-LE15"},{"@type":"BreadcrumbList","@id":"https:\/\/eheating.lt\/produktas\/hikvision-hm-ts02-15xg-w-le15-nesiojamas-termovizorinis-monoklis\/#breadcrumb","itemListElement":[{"@type":"ListItem","position":1,"name":"Prad\u017eia","item":"https:\/\/eheating.lt\/en\/"},{"@type":"ListItem","position":2,"name":"Shop","item":"https:\/\/eheating.lt\/en\/?page_id=5734"},{"@type":"ListItem","position":3,"name":"Hikvision HM-TS02-15XG\/W-LE15 ne\u0161iojamas termovizorinis monoklis"}]},{"@type":"WebSite","@id":"https:\/\/eheating.lt\/#website","url":"https:\/\/eheating.lt\/","name":"eHeating","description":"Elektronika ir \u0161ildymas","potentialAction":[{"@type":"SearchAction","target":{"@type":"EntryPoint","urlTemplate":"https:\/\/eheating.lt\/?s={search_term_string}"},"query-input":{"@type":"PropertyValueSpecification","valueRequired":true,"valueName":"search_term_string"}}],"inLanguage":"en-US"}]},"product_price_amount":"883.87","product_price_currency":"EUR","og_availability":"backorder","product_availability":"available for order","product_retailer_item_id":"acf3cc3f248e","product_condition":"new"},"_links":{"self":[{"href":"https:\/\/eheating.lt\/en\/wp-json\/wp\/v2\/product\/19338","targetHints":{"allow":["GET"]}}],"collection":[{"href":"https:\/\/eheating.lt\/en\/wp-json\/wp\/v2\/product"}],"about":[{"href":"https:\/\/eheating.lt\/en\/wp-json\/wp\/v2\/types\/product"}],"replies":[{"embeddable":true,"href":"https:\/\/eheating.lt\/en\/wp-json\/wp\/v2\/comments?post=19338"}],"version-history":[{"count":0,"href":"https:\/\/eheating.lt\/en\/wp-json\/wp\/v2\/product\/19338\/revisions"}],"wp:featuredmedia":[{"embeddable":true,"href":"https:\/\/eheating.lt\/en\/wp-json\/wp\/v2\/media\/28122"}],"wp:attachment":[{"href":"https:\/\/eheating.lt\/en\/wp-json\/wp\/v2\/media?parent=19338"}],"wp:term":[{"taxonomy":"product_brand","embeddable":true,"href":"https:\/\/eheating.lt\/en\/wp-json\/wp\/v2\/product_brand?post=19338"},{"taxonomy":"product_cat","embeddable":true,"href":"https:\/\/eheating.lt\/en\/wp-json\/wp\/v2\/product_cat?post=19338"},{"taxonomy":"product_tag","embeddable":true,"href":"https:\/\/eheating.lt\/en\/wp-json\/wp\/v2\/product_tag?post=19338"}],"curies":[{"name":"wp","href":"https:\/\/api.w.org\/{rel}","templated":true}]}}