{"id":19336,"date":"2023-11-13T21:46:16","date_gmt":"2023-11-13T19:46:16","guid":{"rendered":"https:\/\/eheating.lt\/?post_type=product&#038;p=19336"},"modified":"2024-07-11T18:49:43","modified_gmt":"2024-07-11T15:49:43","slug":"hikmicro-termovizorine-kamera-hm-tp31-3auf-e1l","status":"publish","type":"product","link":"https:\/\/eheating.lt\/en\/produktas\/hikmicro-termovizorine-kamera-hm-tp31-3auf-e1l\/","title":{"rendered":"Hikmicro termovizorin\u0117 kamera HM-TP31-3AUF-E1L"},"content":{"rendered":"<ul class=\"tech-specs-items-description\" data-target=\"General\">\n<li class=\"tech-specs-items-description-list\"><span class=\"tech-specs-items-description__title--heading\">Termovizorio modulis<\/span><\/li>\n<li class=\"tech-specs-items-description-list\"><span class=\"tech-specs-items-description__title\">Sensorius<\/span><span class=\"tech-specs-items-description__title-details\">Vanadium Oxide Uncooled Focal Plane Arrays<\/span><\/li>\n<li class=\"tech-specs-items-description-list\"><span class=\"tech-specs-items-description__title\">IR rezoliucija<\/span><span class=\"tech-specs-items-description__title-details\">160 \u00d7 120 (19 200 pixels<\/span><\/li>\n<li class=\"tech-specs-items-description-list\"><span class=\"tech-specs-items-description__title\">Pixel Pitch<\/span><span class=\"tech-specs-items-description__title-details\">17 \u03bcm<\/span><\/li>\n<li class=\"tech-specs-items-description-list\"><span class=\"tech-specs-items-description__title\">Spektrinis diapazonas<\/span><span class=\"tech-specs-items-description__title-details\">8 &#8211; 14 \u03bcm<\/span><\/li>\n<li class=\"tech-specs-items-description-list\"><span class=\"tech-specs-items-description__title\">NETD<\/span><span class=\"tech-specs-items-description__title-details\">40mK (@ 25 \u00b0C,F#=1.0<\/span><\/li>\n<li class=\"tech-specs-items-description-list\"><span class=\"tech-specs-items-description__title\">\u017didinio nuotolis<\/span><span class=\"tech-specs-items-description__title-details\">3.1 mm<\/span><\/li>\n<li class=\"tech-specs-items-description-list\"><span class=\"tech-specs-items-description__title\">FOV<\/span><span class=\"tech-specs-items-description__title-details\">37.2\u00b0 \u00d7 50 \u00b0<\/span><\/li>\n<li class=\"tech-specs-items-description-list\"><span class=\"tech-specs-items-description__title\">Vaizdo da\u017enis<\/span><span class=\"tech-specs-items-description__title-details\">25 Hz<\/span><\/li>\n<li class=\"tech-specs-items-description-list\"><span class=\"tech-specs-items-description__title\">Fokusavimas<\/span><span class=\"tech-specs-items-description__title-details\">Fixed<\/span><\/li>\n<li class=\"tech-specs-items-description-list\"><span class=\"tech-specs-items-description__title\">Diafragama<\/span><span class=\"tech-specs-items-description__title-details\">F1.1<\/span><\/li>\n<li class=\"tech-specs-items-description-list\"><span class=\"tech-specs-items-description__title\">Minimalus fokusavimo atstumas<\/span><span class=\"tech-specs-items-description__title-details\">0.15 m (0.49 f)<\/span><\/li>\n<\/ul>\n<ul class=\"tech-specs-items-description\" data-target=\"General\">\n<li class=\"tech-specs-items-description-list\"><span class=\"tech-specs-items-description__title--heading\">Ekrano vaizdas<\/span><\/li>\n<li class=\"tech-specs-items-description-list\"><span class=\"tech-specs-items-description__title\">Ekranas<\/span><span class=\"tech-specs-items-description__title-details\">320 \u00d7 240 Resolution, 2.4\u2019\u2019 LCD Screen<\/span><\/li>\n<li class=\"tech-specs-items-description-list\"><span class=\"tech-specs-items-description__title\">Spalv\u0173 palet\u0117s<\/span><span class=\"tech-specs-items-description__title-details\">White Hot, Black Hot, Rainbow, Ironbow<\/span><\/li>\n<\/ul>\n<ul class=\"tech-specs-items-description\" data-target=\"General\">\n<li class=\"tech-specs-items-description-list\"><span class=\"tech-specs-items-description__title--heading\">Matavimai ir analiz\u0117<\/span><\/li>\n<li class=\"tech-specs-items-description-list\"><span class=\"tech-specs-items-description__title\">Objekto temperat\u016bros diapazonas<\/span><span class=\"tech-specs-items-description__title-details\">-20 \u00b0C to 550 \u00b0C (-4 \u00b0F to 1022 \u00b0F<\/span><\/li>\n<li class=\"tech-specs-items-description-list\"><span class=\"tech-specs-items-description__title\">Tikslumas<\/span><span class=\"tech-specs-items-description__title-details\">Max (\u00b12\u00b0C\/3.6\u00b0F, \u00b12%), for ambient temperature 15\u00b0C to 35\u00b0C (59\u00b0F to 95\u00b0F) and object temperature above 0\u00b0C (32\u00b0F<\/span><\/li>\n<li class=\"tech-specs-items-description-list\"><span class=\"tech-specs-items-description__title\">Matavim\u0173 nustatymai<\/span><span class=\"tech-specs-items-description__title-details\">Center Spot, Hot Spot, Cold Spot, Off<\/span><\/li>\n<\/ul>\n<ul class=\"tech-specs-items-description\" data-target=\"General\">\n<li class=\"tech-specs-items-description-list\"><span class=\"tech-specs-items-description__title--heading\">Saugykla<\/span><\/li>\n<li class=\"tech-specs-items-description-list\"><span class=\"tech-specs-items-description__title\">Saugojimo laikmena<\/span><span class=\"tech-specs-items-description__title-details\">Removable Micro SD Card (8 GB)<\/span><\/li>\n<li class=\"tech-specs-items-description-list\"><span class=\"tech-specs-items-description__title\">Vaizdo saugojimo talpa<\/span><span class=\"tech-specs-items-description__title-details\">150 000 Images<\/span><\/li>\n<li class=\"tech-specs-items-description-list\"><span class=\"tech-specs-items-description__title\">Nuotraukos failo formatas<\/span><span class=\"tech-specs-items-description__title-details\">JPEG with Measurement Data Included<\/span><\/li>\n<\/ul>\n<ul class=\"tech-specs-items-description\" data-target=\"General\">\n<li class=\"tech-specs-items-description-list\"><span class=\"tech-specs-items-description__title--heading\">Functions<\/span><\/li>\n<li class=\"tech-specs-items-description-list\"><span class=\"tech-specs-items-description__title\">Lazerinis \u017eymeklis<\/span><span class=\"tech-specs-items-description__title-details\">Yes<\/span><\/li>\n<li class=\"tech-specs-items-description-list\"><span class=\"tech-specs-items-description__title\">Lazerio tipas<\/span><span class=\"tech-specs-items-description__title-details\">Class II<\/span><\/li>\n<li class=\"tech-specs-items-description-list\"><span class=\"tech-specs-items-description__title\">Level\/Span<\/span><span class=\"tech-specs-items-description__title-details\">Auto<\/span><\/li>\n<\/ul>\n<ul class=\"tech-specs-items-description\" data-target=\"General\">\n<li class=\"tech-specs-items-description-list\"><span class=\"tech-specs-items-description__title--heading\">Maitinimas<\/span><\/li>\n<li class=\"tech-specs-items-description-list\"><span class=\"tech-specs-items-description__title\">Maitinimas<\/span><span class=\"tech-specs-items-description__title-details\">3.7 V DC\/0.4 A<\/span><\/li>\n<li class=\"tech-specs-items-description-list\"><span class=\"tech-specs-items-description__title\">Energijos sunaudojimas<\/span><span class=\"tech-specs-items-description__title-details\">1.2 W<\/span><\/li>\n<li class=\"tech-specs-items-description-list\"><span class=\"tech-specs-items-description__title\">Baterijos tipas<\/span><span class=\"tech-specs-items-description__title-details\">Rechargeable Li-ion Battery<\/span><\/li>\n<li class=\"tech-specs-items-description-list\"><span class=\"tech-specs-items-description__title\">Baterijos veikimo laikas<\/span><span class=\"tech-specs-items-description__title-details\">8 Hours Continuous Runnin<\/span><\/li>\n<\/ul>\n<ul class=\"tech-specs-items-description\" data-target=\"General\">\n<li class=\"tech-specs-items-description-list\"><span class=\"tech-specs-items-description__title--heading\">Pagrindinis<\/span><\/li>\n<li class=\"tech-specs-items-description-list\"><span class=\"tech-specs-items-description__title\">Kalbos<\/span><span class=\"tech-specs-items-description__title-details\">17 Languages English\/German\/French\/Russian\/Korean\/Spanish\/Portuguese\/Italian\/Japanese\/Hungar ian\/Czech\/Slovak\/Polish\/Romanian\/Danish\/Turkish\/Traditional_Chinese<\/span><\/li>\n<li class=\"tech-specs-items-description-list\"><span class=\"tech-specs-items-description__title\">Darbo s\u0105lygos (temperat\u016bra)<\/span><span class=\"tech-specs-items-description__title-details\">-20 \u00b0C to 50 \u00b0C (-4 \u00b0F to 122 \u00b0F)<\/span><\/li>\n<li class=\"tech-specs-items-description-list\"><span class=\"tech-specs-items-description__title\">Sand\u0117liavimo temperat\u016bros diapazonas<\/span><span class=\"tech-specs-items-description__title-details\">-20 \u00b0C to 60 \u00b0C (-4 \u00b0F to 140 \u00b0F)<\/span><\/li>\n<li class=\"tech-specs-items-description-list\"><span class=\"tech-specs-items-description__title\">Apsaugoslygis<\/span><span class=\"tech-specs-items-description__title-details\">IP54<\/span><\/li>\n<li class=\"tech-specs-items-description-list\"><span class=\"tech-specs-items-description__title\">Kritimo i\u0161 auk\u0161\u010dio testas<\/span><span class=\"tech-specs-items-description__title-details\">2 m (6.56 ft)<\/span><\/li>\n<li class=\"tech-specs-items-description-list\"><span class=\"tech-specs-items-description__title\">S\u0105saja<\/span><span class=\"tech-specs-items-description__title-details\">Micro USB<\/span><\/li>\n<li class=\"tech-specs-items-description-list\"><span class=\"tech-specs-items-description__title\">Svoris<\/span><span class=\"tech-specs-items-description__title-details\">Approx. 350 g (0.77 lb)<\/span><\/li>\n<li class=\"tech-specs-items-description-list\"><span class=\"tech-specs-items-description__title\">Dydis<\/span><span class=\"tech-specs-items-description__title-details\">196 mm \u00d7 117 mm \u00d7 59 mm (7.7 \u2032\u2032 \u00d7 4.6 \u2032\u2032 \u00d7 2.3 \u2032\u2032)<\/span><\/li>\n<li class=\"tech-specs-items-description-list\"><span class=\"tech-specs-items-description__title\">Trikojo tvirtinimas<\/span><span class=\"tech-specs-items-description__title-details\">UNC \u00bc\u201d-20<\/span><\/li>\n<\/ul>\n<ul>\n<li><a href=\"https:\/\/www.hikmicrotech.com\/en\/storage\/images\/9O2TCRhHtvmBwe7RpI5Ni8sX3R73UUh2xnCQJmtU.pdf\" target=\"_blank\" rel=\"noopener\"><img decoding=\"async\" src=\"https:\/\/bkgrupe.lt\/images\/pdf.png\" alt=\"\" \/> Specifikacija (EN)<\/a><\/li>\n<\/ul>\n","protected":false},"excerpt":{"rendered":"<ul>\n<li>160 x 120 \u0161ilumin\u0117 skiriamoji geba<\/li>\n<li>2,4 colio LCD ekranas<\/li>\n<li>25 Hz greitas vaizdo \u012fra\u0161o kadr\u0173 da\u017enis<\/li>\n<li>Pridedama 8Gb i\u0161imama Micro SD kortel\u0117<\/li>\n<li>Analizuokite savo termografinius vaizdus naudodami nemokam\u0105 \u201eHikMicro Analyzer\u201c programin\u0119 \u012frang\u0105<\/li>\n<li>\u012etaisytas lazerinis \u017eymeklis<\/li>\n<li>Pailgintas akumuliatoriaus veikimo laikas iki 8 valand\u0173 nepertraukiamo veikimo<\/li>\n<li>Temperat\u016bros diapazonas nuo -20 \u00b0C iki +550 \u00b0C<\/li>\n<li>IP54<\/li>\n<li>UNC 1\/4-20 trikojo tvirtinimas<\/li>\n<\/ul>\n","protected":false},"featured_media":28120,"comment_status":"closed","ping_status":"closed","template":"","meta":[],"product_brand":[],"product_cat":[883,801,810],"product_tag":[],"class_list":{"0":"post-19336","1":"product","2":"type-product","3":"status-publish","4":"has-post-thumbnail","6":"product_cat-ip-cameras","7":"product_cat-ip-video-surveillance-systems","8":"product_cat-ip-thermal-cameras","10":"first","11":"outofstock","12":"purchasable","13":"product-type-simple"},"yoast_head":"<!-- This site is optimized with the Yoast SEO Premium plugin v21.5 (Yoast SEO v27.3) - https:\/\/yoast.com\/product\/yoast-seo-premium-wordpress\/ -->\n<title>Hikmicro termovizorin\u0117 kamera HM-TP31-3AUF-E1L<\/title>\n<meta name=\"description\" content=\"Hikmicro termovizorin\u0117 kamera HM-TP31-3AUF-E1L ; 2,4 colio LCD ekranas ; 25 Hz greitas vaizdo \u012fra\u0161o kadr\u0173 da\u017enis ; Iki 8 valand\u0173 nepertraukiamo veikimo\" \/>\n<meta name=\"robots\" content=\"index, follow, max-snippet:-1, max-image-preview:large, max-video-preview:-1\" \/>\n<link rel=\"canonical\" href=\"https:\/\/eheating.lt\/produktas\/hikmicro-termovizorine-kamera-hm-tp31-3auf-e1l\/\" \/>\n<meta property=\"og:locale\" content=\"en_US\" \/>\n<meta property=\"og:type\" content=\"article\" \/>\n<meta property=\"og:title\" content=\"Hikmicro termovizorin\u0117 kamera HM-TP31-3AUF-E1L\" \/>\n<meta property=\"og:description\" content=\"Hikmicro termovizorin\u0117 kamera HM-TP31-3AUF-E1L ; 2,4 colio LCD ekranas ; 25 Hz greitas vaizdo \u012fra\u0161o kadr\u0173 da\u017enis ; Iki 8 valand\u0173 nepertraukiamo veikimo\" \/>\n<meta property=\"og:url\" content=\"https:\/\/eheating.lt\/produktas\/hikmicro-termovizorine-kamera-hm-tp31-3auf-e1l\/\" \/>\n<meta property=\"og:site_name\" content=\"Elektronika Namams\" \/>\n<meta property=\"article:publisher\" content=\"https:\/\/www.facebook.com\/ElektronikaNamams\" \/>\n<meta property=\"article:modified_time\" content=\"2024-07-11T15:49:43+00:00\" \/>\n<meta property=\"og:image\" content=\"https:\/\/eheating.lt\/wp-content\/uploads\/2023\/10\/Hikmicro-termovizorine-kamera-HM-TP31-3AUF-E1L.png\" \/>\n\t<meta property=\"og:image:width\" content=\"800\" \/>\n\t<meta property=\"og:image:height\" content=\"800\" \/>\n\t<meta property=\"og:image:type\" content=\"image\/png\" \/>\n<meta name=\"twitter:card\" content=\"summary_large_image\" \/>\n<meta name=\"twitter:label1\" content=\"Price\" \/>\n\t<meta name=\"twitter:data1\" content=\"650,52&nbsp;&euro;\" \/>\n\t<meta name=\"twitter:label2\" content=\"Availability\" \/>\n\t<meta name=\"twitter:data2\" content=\"Out of stock\" \/>\n<script type=\"application\/ld+json\" class=\"yoast-schema-graph\">{\"@context\":\"https:\\\/\\\/schema.org\",\"@graph\":[{\"@type\":\"WebPage\",\"@id\":\"https:\\\/\\\/eheating.lt\\\/produktas\\\/hikmicro-termovizorine-kamera-hm-tp31-3auf-e1l\\\/\",\"url\":\"https:\\\/\\\/eheating.lt\\\/produktas\\\/hikmicro-termovizorine-kamera-hm-tp31-3auf-e1l\\\/\",\"name\":\"Hikmicro termovizorin\u0117 kamera HM-TP31-3AUF-E1L\",\"isPartOf\":{\"@id\":\"https:\\\/\\\/eheating.lt\\\/#website\"},\"primaryImageOfPage\":{\"@id\":\"https:\\\/\\\/eheating.lt\\\/produktas\\\/hikmicro-termovizorine-kamera-hm-tp31-3auf-e1l\\\/#primaryimage\"},\"image\":{\"@id\":\"https:\\\/\\\/eheating.lt\\\/produktas\\\/hikmicro-termovizorine-kamera-hm-tp31-3auf-e1l\\\/#primaryimage\"},\"thumbnailUrl\":\"https:\\\/\\\/eheating.lt\\\/wp-content\\\/uploads\\\/2023\\\/10\\\/Hikmicro-termovizorine-kamera-HM-TP31-3AUF-E1L.png\",\"datePublished\":\"2023-11-13T19:46:16+00:00\",\"dateModified\":\"2024-07-11T15:49:43+00:00\",\"description\":\"Hikmicro termovizorin\u0117 kamera HM-TP31-3AUF-E1L ; 2,4 colio LCD ekranas ; 25 Hz greitas vaizdo \u012fra\u0161o kadr\u0173 da\u017enis ; Iki 8 valand\u0173 nepertraukiamo veikimo\",\"breadcrumb\":{\"@id\":\"https:\\\/\\\/eheating.lt\\\/produktas\\\/hikmicro-termovizorine-kamera-hm-tp31-3auf-e1l\\\/#breadcrumb\"},\"inLanguage\":\"en-US\",\"potentialAction\":[{\"@type\":\"ReadAction\",\"target\":[\"https:\\\/\\\/eheating.lt\\\/produktas\\\/hikmicro-termovizorine-kamera-hm-tp31-3auf-e1l\\\/\"]}]},{\"@type\":\"ImageObject\",\"inLanguage\":\"en-US\",\"@id\":\"https:\\\/\\\/eheating.lt\\\/produktas\\\/hikmicro-termovizorine-kamera-hm-tp31-3auf-e1l\\\/#primaryimage\",\"url\":\"https:\\\/\\\/eheating.lt\\\/wp-content\\\/uploads\\\/2023\\\/10\\\/Hikmicro-termovizorine-kamera-HM-TP31-3AUF-E1L.png\",\"contentUrl\":\"https:\\\/\\\/eheating.lt\\\/wp-content\\\/uploads\\\/2023\\\/10\\\/Hikmicro-termovizorine-kamera-HM-TP31-3AUF-E1L.png\",\"width\":800,\"height\":800,\"caption\":\"Hikmicro termovizorin\u0117 kamera HM-TP31-3AUF-E1L\"},{\"@type\":\"BreadcrumbList\",\"@id\":\"https:\\\/\\\/eheating.lt\\\/produktas\\\/hikmicro-termovizorine-kamera-hm-tp31-3auf-e1l\\\/#breadcrumb\",\"itemListElement\":[{\"@type\":\"ListItem\",\"position\":1,\"name\":\"Prad\u017eia\",\"item\":\"https:\\\/\\\/eheating.lt\\\/en\\\/\"},{\"@type\":\"ListItem\",\"position\":2,\"name\":\"Shop\",\"item\":\"https:\\\/\\\/eheating.lt\\\/en\\\/?page_id=5734\"},{\"@type\":\"ListItem\",\"position\":3,\"name\":\"Hikmicro termovizorin\u0117 kamera HM-TP31-3AUF-E1L\"}]},{\"@type\":\"WebSite\",\"@id\":\"https:\\\/\\\/eheating.lt\\\/#website\",\"url\":\"https:\\\/\\\/eheating.lt\\\/\",\"name\":\"eHeating\",\"description\":\"Elektronika ir \u0161ildymas\",\"potentialAction\":[{\"@type\":\"SearchAction\",\"target\":{\"@type\":\"EntryPoint\",\"urlTemplate\":\"https:\\\/\\\/eheating.lt\\\/?s={search_term_string}\"},\"query-input\":{\"@type\":\"PropertyValueSpecification\",\"valueRequired\":true,\"valueName\":\"search_term_string\"}}],\"inLanguage\":\"en-US\"}]}<\/script>\n<meta property=\"product:price:amount\" content=\"650.52\" \/>\n<meta property=\"product:price:currency\" content=\"EUR\" \/>\n<meta property=\"og:availability\" content=\"out of stock\" \/>\n<meta property=\"product:availability\" content=\"out of stock\" \/>\n<meta property=\"product:retailer_item_id\" content=\"90338ca63b7a\" \/>\n<meta property=\"product:condition\" content=\"new\" \/>\n<!-- \/ Yoast SEO Premium plugin. -->","yoast_head_json":{"title":"Hikmicro termovizorin\u0117 kamera HM-TP31-3AUF-E1L","description":"Hikmicro termovizorin\u0117 kamera HM-TP31-3AUF-E1L ; 2,4 colio LCD ekranas ; 25 Hz greitas vaizdo \u012fra\u0161o kadr\u0173 da\u017enis ; Iki 8 valand\u0173 nepertraukiamo veikimo","robots":{"index":"index","follow":"follow","max-snippet":"max-snippet:-1","max-image-preview":"max-image-preview:large","max-video-preview":"max-video-preview:-1"},"canonical":"https:\/\/eheating.lt\/produktas\/hikmicro-termovizorine-kamera-hm-tp31-3auf-e1l\/","og_locale":"en_US","og_type":"article","og_title":"Hikmicro termovizorin\u0117 kamera HM-TP31-3AUF-E1L","og_description":"Hikmicro termovizorin\u0117 kamera HM-TP31-3AUF-E1L ; 2,4 colio LCD ekranas ; 25 Hz greitas vaizdo \u012fra\u0161o kadr\u0173 da\u017enis ; Iki 8 valand\u0173 nepertraukiamo veikimo","og_url":"https:\/\/eheating.lt\/produktas\/hikmicro-termovizorine-kamera-hm-tp31-3auf-e1l\/","og_site_name":"Elektronika Namams","article_publisher":"https:\/\/www.facebook.com\/ElektronikaNamams","article_modified_time":"2024-07-11T15:49:43+00:00","og_image":[{"width":800,"height":800,"url":"https:\/\/eheating.lt\/wp-content\/uploads\/2023\/10\/Hikmicro-termovizorine-kamera-HM-TP31-3AUF-E1L.png","type":"image\/png"}],"twitter_card":"summary_large_image","twitter_misc":{"Price":"650,52&nbsp;&euro;","Availability":"Out of stock"},"schema":{"@context":"https:\/\/schema.org","@graph":[{"@type":"WebPage","@id":"https:\/\/eheating.lt\/produktas\/hikmicro-termovizorine-kamera-hm-tp31-3auf-e1l\/","url":"https:\/\/eheating.lt\/produktas\/hikmicro-termovizorine-kamera-hm-tp31-3auf-e1l\/","name":"Hikmicro termovizorin\u0117 kamera HM-TP31-3AUF-E1L","isPartOf":{"@id":"https:\/\/eheating.lt\/#website"},"primaryImageOfPage":{"@id":"https:\/\/eheating.lt\/produktas\/hikmicro-termovizorine-kamera-hm-tp31-3auf-e1l\/#primaryimage"},"image":{"@id":"https:\/\/eheating.lt\/produktas\/hikmicro-termovizorine-kamera-hm-tp31-3auf-e1l\/#primaryimage"},"thumbnailUrl":"https:\/\/eheating.lt\/wp-content\/uploads\/2023\/10\/Hikmicro-termovizorine-kamera-HM-TP31-3AUF-E1L.png","datePublished":"2023-11-13T19:46:16+00:00","dateModified":"2024-07-11T15:49:43+00:00","description":"Hikmicro termovizorin\u0117 kamera HM-TP31-3AUF-E1L ; 2,4 colio LCD ekranas ; 25 Hz greitas vaizdo \u012fra\u0161o kadr\u0173 da\u017enis ; Iki 8 valand\u0173 nepertraukiamo veikimo","breadcrumb":{"@id":"https:\/\/eheating.lt\/produktas\/hikmicro-termovizorine-kamera-hm-tp31-3auf-e1l\/#breadcrumb"},"inLanguage":"en-US","potentialAction":[{"@type":"ReadAction","target":["https:\/\/eheating.lt\/produktas\/hikmicro-termovizorine-kamera-hm-tp31-3auf-e1l\/"]}]},{"@type":"ImageObject","inLanguage":"en-US","@id":"https:\/\/eheating.lt\/produktas\/hikmicro-termovizorine-kamera-hm-tp31-3auf-e1l\/#primaryimage","url":"https:\/\/eheating.lt\/wp-content\/uploads\/2023\/10\/Hikmicro-termovizorine-kamera-HM-TP31-3AUF-E1L.png","contentUrl":"https:\/\/eheating.lt\/wp-content\/uploads\/2023\/10\/Hikmicro-termovizorine-kamera-HM-TP31-3AUF-E1L.png","width":800,"height":800,"caption":"Hikmicro termovizorin\u0117 kamera HM-TP31-3AUF-E1L"},{"@type":"BreadcrumbList","@id":"https:\/\/eheating.lt\/produktas\/hikmicro-termovizorine-kamera-hm-tp31-3auf-e1l\/#breadcrumb","itemListElement":[{"@type":"ListItem","position":1,"name":"Prad\u017eia","item":"https:\/\/eheating.lt\/en\/"},{"@type":"ListItem","position":2,"name":"Shop","item":"https:\/\/eheating.lt\/en\/?page_id=5734"},{"@type":"ListItem","position":3,"name":"Hikmicro termovizorin\u0117 kamera HM-TP31-3AUF-E1L"}]},{"@type":"WebSite","@id":"https:\/\/eheating.lt\/#website","url":"https:\/\/eheating.lt\/","name":"eHeating","description":"Elektronika ir \u0161ildymas","potentialAction":[{"@type":"SearchAction","target":{"@type":"EntryPoint","urlTemplate":"https:\/\/eheating.lt\/?s={search_term_string}"},"query-input":{"@type":"PropertyValueSpecification","valueRequired":true,"valueName":"search_term_string"}}],"inLanguage":"en-US"}]},"product_price_amount":"650.52","product_price_currency":"EUR","og_availability":"out of stock","product_availability":"out of stock","product_retailer_item_id":"90338ca63b7a","product_condition":"new"},"_links":{"self":[{"href":"https:\/\/eheating.lt\/en\/wp-json\/wp\/v2\/product\/19336","targetHints":{"allow":["GET"]}}],"collection":[{"href":"https:\/\/eheating.lt\/en\/wp-json\/wp\/v2\/product"}],"about":[{"href":"https:\/\/eheating.lt\/en\/wp-json\/wp\/v2\/types\/product"}],"replies":[{"embeddable":true,"href":"https:\/\/eheating.lt\/en\/wp-json\/wp\/v2\/comments?post=19336"}],"version-history":[{"count":0,"href":"https:\/\/eheating.lt\/en\/wp-json\/wp\/v2\/product\/19336\/revisions"}],"wp:featuredmedia":[{"embeddable":true,"href":"https:\/\/eheating.lt\/en\/wp-json\/wp\/v2\/media\/28120"}],"wp:attachment":[{"href":"https:\/\/eheating.lt\/en\/wp-json\/wp\/v2\/media?parent=19336"}],"wp:term":[{"taxonomy":"product_brand","embeddable":true,"href":"https:\/\/eheating.lt\/en\/wp-json\/wp\/v2\/product_brand?post=19336"},{"taxonomy":"product_cat","embeddable":true,"href":"https:\/\/eheating.lt\/en\/wp-json\/wp\/v2\/product_cat?post=19336"},{"taxonomy":"product_tag","embeddable":true,"href":"https:\/\/eheating.lt\/en\/wp-json\/wp\/v2\/product_tag?post=19336"}],"curies":[{"name":"wp","href":"https:\/\/api.w.org\/{rel}","templated":true}]}}