{"id":19312,"date":"2023-11-17T23:46:25","date_gmt":"2023-11-17T21:46:25","guid":{"rendered":"https:\/\/eheating.lt\/?post_type=product&#038;p=19312"},"modified":"2024-07-11T18:51:37","modified_gmt":"2024-07-11T15:51:37","slug":"hikvision-ds-7104hqhi-k1cs","status":"publish","type":"product","link":"https:\/\/eheating.lt\/en\/produktas\/hikvision-ds-7104hqhi-k1cs\/","title":{"rendered":"Hikvision DS-7104HQHI-K1(C)(S)"},"content":{"rendered":"<ul class=\"tech-specs-items-description\" data-target=\"Recording\">\n<li class=\"tech-specs-items-description-list\"><span class=\"tech-specs-items-description__title--heading\">\u012era\u0161ymas<\/span><\/li>\n<li class=\"tech-specs-items-description-list\"><span class=\"tech-specs-items-description__title\">Vaizdo suspaudimas<\/span><span class=\"tech-specs-items-description__title-details\">H.265 Pro+\/H.265 Pro\/H.265\/H.264+\/H.264<\/span><\/li>\n<li class=\"tech-specs-items-description-list\"><span class=\"tech-specs-items-description__title\">U\u017ekodavimo rai\u0161ka<\/span><span class=\"tech-specs-items-description__title-details\"><span class=\"tech-specs-items-description__title-details\"><br \/>\n<\/span><\/span><\/p>\n<p class=\"mb-p\" style=\"margin-bottom: 0rem; height: auto;\">When 1080p Lite mode is not enabled:<\/p>\n<p class=\"mb-p\" style=\"margin-bottom: 0rem; height: auto;\">4 MP lite\/3 MP\/1080p\/720p\/VGA\/WD1\/4CIF\/CIF;<\/p>\n<p class=\"mb-p\" style=\"margin-bottom: 0rem; height: auto;\">When 1080p Lite mode is enabled:<\/p>\n<p class=\"mb-p\" style=\"margin-bottom: 0rem; height: auto;\">4 MP lite\/3 MP\/1080p lite\/720p lite\/VGA\/WD1\/4CIF\/CIF<\/p>\n<p>&nbsp;<\/li>\n<li class=\"tech-specs-items-description-list\"><span class=\"tech-specs-items-description__title\">Kadrai per sekund\u0119<\/span><span class=\"tech-specs-items-description__title-details\"><span class=\"tech-specs-items-description__title-details\"><br \/>\n<\/span><\/span><\/p>\n<p class=\"mb-p\" style=\"margin-bottom: 0rem; height: auto;\">Main stream:<\/p>\n<p class=\"mb-p\" style=\"margin-bottom: 0rem; height: auto;\">When 1080p Lite mode is not enabled:<\/p>\n<p class=\"mb-p\" style=\"margin-bottom: 0rem; height: auto;\">For 4 MP stream access:<\/p>\n<p class=\"mb-p\" style=\"margin-bottom: 0rem; height: auto;\">4 MP lite@15fps; 1080p lite\/720p\/WD1\/4CIF\/VGA\/CIF@25fps (P)\/30fps (N)<\/p>\n<p class=\"mb-p\" style=\"margin-bottom: 0rem; height: auto;\">For 3 MP stream access: 3 MP\/1080p\/720p\/VGA\/WD1\/4CIF\/CIF@15fps<\/p>\n<p class=\"mb-p\" style=\"margin-bottom: 0rem; height: auto;\">For 1080p stream access:<\/p>\n<p class=\"mb-p\" style=\"margin-bottom: 0rem; height: auto;\">1080p\/720p@15fps; VGA\/WD1\/4CIF\/CIF@25fps (P)\/30fps (N)<\/p>\n<p class=\"mb-p\" style=\"margin-bottom: 0rem; height: auto;\">For 720p stream access: 720p\/VGA\/WD1\/4CIF\/CIF@25fps (P)\/30fps (N)<\/p>\n<p class=\"mb-p\" style=\"margin-bottom: 0rem; height: auto;\">When 1080p Lite mode is enabled:<\/p>\n<p class=\"mb-p\" style=\"margin-bottom: 0rem; height: auto;\">4 MP lite\/3 MP@15fps; 1080p lite\/720p lite\/VGA\/WD1\/4CIF\/CIF@25fps (P)\/30fps (N)<\/p>\n<p class=\"mb-p\" style=\"margin-bottom: 0rem; height: auto;\">Sub-stream:<\/p>\n<p class=\"mb-p\" style=\"margin-bottom: 0rem; height: auto;\">WD1\/4CIF@12fps; CIF@25fps (P)\/30fps (N)<\/p>\n<p>&nbsp;<\/li>\n<li class=\"tech-specs-items-description-list\"><span class=\"tech-specs-items-description__title\">Video Bitrate<\/span><span class=\"tech-specs-items-description__title-details\">32 Kbps to 6 Mbps<\/span><\/li>\n<li class=\"tech-specs-items-description-list\"><span class=\"tech-specs-items-description__title\">Dvibugas srautas<\/span><span class=\"tech-specs-items-description__title-details\">Support<\/span><\/li>\n<li class=\"tech-specs-items-description-list\"><span class=\"tech-specs-items-description__title\">Srauto tipas<\/span><span class=\"tech-specs-items-description__title-details\">Video, Video &amp; Audio<\/span><\/li>\n<li class=\"tech-specs-items-description-list\"><span class=\"tech-specs-items-description__title\">Garso suspaudimas<\/span><span class=\"tech-specs-items-description__title-details\">G.711u<\/span><\/li>\n<li class=\"tech-specs-items-description-list\"><span class=\"tech-specs-items-description__title\">Garso bit\u0173 greitis<\/span><span class=\"tech-specs-items-description__title-details\">64 Kbps<\/span><\/li>\n<\/ul>\n<ul class=\"tech-specs-items-description\" data-target=\"Video and Audio\">\n<li class=\"tech-specs-items-description-list\"><span class=\"tech-specs-items-description__title--heading\">Vaizdas ir garsas<\/span><\/li>\n<li class=\"tech-specs-items-description-list\"><span class=\"tech-specs-items-description__title\">IP vaizdo \u012fra\u0161\u0173 \u012fvestis<\/span><span class=\"tech-specs-items-description__title-details\"><span class=\"tech-specs-items-description__title-details\"><br \/>\n<\/span><\/span><\/p>\n<p class=\"mb-p\" style=\"margin-bottom: 0rem; height: auto;\">1-ch (up to 5-ch)<\/p>\n<p class=\"mb-p\" style=\"margin-bottom: 0rem; height: auto;\">Enhanced IP mode on:<\/p>\n<p class=\"mb-p\" style=\"margin-bottom: 0rem; height: auto;\">2-ch (up to 6-ch), each up to 4 Mbps<\/p>\n<p class=\"mb-p\" style=\"margin-bottom: 0rem; height: auto;\">Up to 6 MP &gt;rezoliucija<\/p>\n<p class=\"mb-p\" style=\"margin-bottom: 0rem; height: auto;\">Support H.265+\/H.265\/H.264+\/H.264 IP cameras<\/p>\n<p>&nbsp;<\/li>\n<li class=\"tech-specs-items-description-list\"><span class=\"tech-specs-items-description__title\">\u012eeinantis pralaidumas<\/span><span class=\"tech-specs-items-description__title-details\">24 Mbps<\/span><\/li>\n<li class=\"tech-specs-items-description-list\"><span class=\"tech-specs-items-description__title\">Analogin\u0117 vaizdo \u012fra\u0161\u0173 \u012fvestis<\/span><span class=\"tech-specs-items-description__title-details\"><span class=\"tech-specs-items-description__title-details\"><br \/>\n<\/span><\/span><\/p>\n<p class=\"mb-p\" style=\"margin-bottom: 0rem; height: auto;\">4-ch<\/p>\n<p class=\"mb-p\" style=\"margin-bottom: 0.5em; height: auto;\">BNC interface (1.0 Vp-p, 75 \u03a9), supporting coaxitron connection<\/p>\n<p>&nbsp;<\/li>\n<li class=\"tech-specs-items-description-list\"><span class=\"tech-specs-items-description__title\">HDTVI \u012fvestis<\/span><span class=\"tech-specs-items-description__title-details\"><span class=\"tech-specs-items-description__title-details\"><br \/>\n<\/span><\/span><\/p>\n<p class=\"mb-p\" style=\"margin-bottom: 0rem; height: auto;\">4 MP, 3 MP, 1080p25, 1080p30, 720p25, 720p30, 720p50, 720p60<\/p>\n<p class=\"mb-p\" style=\"margin-bottom: 0.5em; height: auto;\">*: The 3 MP signal input is only available for channel 1 of DS-7104HQHI-K1.<\/p>\n<p>&nbsp;<\/li>\n<li class=\"tech-specs-items-description-list\"><span class=\"tech-specs-items-description__title\">AHD \u012fvestis<\/span><span class=\"tech-specs-items-description__title-details\">4 MP, 1080p25, 1080p30, 720p25, 720p30<\/span><\/li>\n<li class=\"tech-specs-items-description-list\"><span class=\"tech-specs-items-description__title\">HDCVI \u012fvestis<\/span><span class=\"tech-specs-items-description__title-details\">4 MP, 1080p25, 1080p30, 720p25, 720p30<\/span><\/li>\n<li class=\"tech-specs-items-description-list\"><span class=\"tech-specs-items-description__title\">CVBS \u012fvestis<\/span><span class=\"tech-specs-items-description__title-details\">Support<\/span><\/li>\n<li class=\"tech-specs-items-description-list\"><span class=\"tech-specs-items-description__title\">VGA i\u0161vestis<\/span><span class=\"tech-specs-items-description__title-details\">1-ch, 1920 \u00d7 1080\/60Hz, 1280 \u00d7 1024\/60Hz, 1280 \u00d7 720\/60Hz, 1024 \u00d7 768\/60Hz<\/span><\/li>\n<li class=\"tech-specs-items-description-list\"><span class=\"tech-specs-items-description__title\">HDMI i\u0161vestis<\/span><span class=\"tech-specs-items-description__title-details\">1-ch, 1920 \u00d7 1080\/60Hz, 1280 \u00d7 1024\/60Hz, 1280 \u00d7 720\/60Hz, 1024 \u00d7 768\/60Hz<\/span><\/li>\n<li class=\"tech-specs-items-description-list\"><span class=\"tech-specs-items-description__title\">Garso \u012fvestis<\/span><span class=\"tech-specs-items-description__title-details\"><span class=\"tech-specs-items-description__title-details\"><br \/>\n<\/span><\/span><\/p>\n<p class=\"mb-p\" style=\"margin-bottom: 0rem; height: auto;\">1-ch, RCA (2.0 Vp-p, 1 K\u03a9)<\/p>\n<p class=\"mb-p\" style=\"margin-bottom: 0.5em; height: auto;\">4-ch via coaxial cable<\/p>\n<p>&nbsp;<\/li>\n<li class=\"tech-specs-items-description-list\"><span class=\"tech-specs-items-description__title\">Garso i\u0161vestis<\/span><span class=\"tech-specs-items-description__title-details\">1-ch, RCA (Linear, 1 K\u03a9)<\/span><\/li>\n<li class=\"tech-specs-items-description-list\"><span class=\"tech-specs-items-description__title\">Dvipusis greitis<\/span><span class=\"tech-specs-items-description__title-details\">1-ch, RCA (2.0 Vp-p, 1 K\u03a9) (using the first audio input)<\/span><\/li>\n<li class=\"tech-specs-items-description-list\"><span class=\"tech-specs-items-description__title\">Sinchroninis atk\u016brimas<\/span><span class=\"tech-specs-items-description__title-details\">4-ch<\/span><\/li>\n<\/ul>\n<ul class=\"tech-specs-items-description\" data-target=\"Network\">\n<li class=\"tech-specs-items-description-list\"><span class=\"tech-specs-items-description__title--heading\">Internetas<\/span><\/li>\n<li class=\"tech-specs-items-description-list\"><span class=\"tech-specs-items-description__title\">Bendras pralaidumas<\/span><span class=\"tech-specs-items-description__title-details\">72 Mbps<\/span><\/li>\n<li class=\"tech-specs-items-description-list\"><span class=\"tech-specs-items-description__title\">Nuotolinis prisijungimas<\/span><span class=\"tech-specs-items-description__title-details\">32<\/span><\/li>\n<li class=\"tech-specs-items-description-list\"><span class=\"tech-specs-items-description__title\">Protokolai<\/span><span class=\"tech-specs-items-description__title-details\">TCP\/IP, PPPoE, DHCP, Hik-Connect, DNS, DDNS, NTP, SADP, NFS, iSCSI, UPnP\u2122, HTTPS, ONVIF<\/span><\/li>\n<li class=\"tech-specs-items-description-list\"><span class=\"tech-specs-items-description__title\">Tinklo s\u0105saja<\/span><span class=\"tech-specs-items-description__title-details\">1, RJ45 10M\/100M self-adaptive Ethernet jungtis<\/span><\/li>\n<\/ul>\n<ul class=\"tech-specs-items-description\" data-target=\"Auxiliary Interface\">\n<li class=\"tech-specs-items-description-list\"><span class=\"tech-specs-items-description__title--heading\">S\u0105sajos<\/span><\/li>\n<li class=\"tech-specs-items-description-list\"><span class=\"tech-specs-items-description__title\">SATA<\/span><span class=\"tech-specs-items-description__title-details\">1 SATA interface <\/span><\/li>\n<li class=\"tech-specs-items-description-list\"><span class=\"tech-specs-items-description__title\">Talpa<\/span><span class=\"tech-specs-items-description__title-details\">Up to 6 TB capacity for each disk<\/span><\/li>\n<li class=\"tech-specs-items-description-list\"><span class=\"tech-specs-items-description__title\">Isp\u0117jamojo signalo \u012fvestis\/i\u0161vestis<\/span><span class=\"tech-specs-items-description__title-details\">N\/A<\/span><\/li>\n<li class=\"tech-specs-items-description-list\"><span class=\"tech-specs-items-description__title\">USB s\u0105saja<\/span><span class=\"tech-specs-items-description__title-details\">Real panel: 2 \u00d7 USB 2.0<\/span><\/li>\n<\/ul>\n<ul class=\"tech-specs-items-description\" style=\"margin-bottom: 235px;\" data-target=\"General\">\n<li class=\"tech-specs-items-description-list\"><span class=\"tech-specs-items-description__title--heading\">Pagrindinis<\/span><\/li>\n<li class=\"tech-specs-items-description-list\"><span class=\"tech-specs-items-description__title\">Maitinimas<\/span><span class=\"tech-specs-items-description__title-details\">12 VDC, 1.5 A<\/span><\/li>\n<li class=\"tech-specs-items-description-list\"><span class=\"tech-specs-items-description__title\">Energijos sunaudojimas<\/span><span class=\"tech-specs-items-description__title-details\">\u2264 8 W<\/span><\/li>\n<li class=\"tech-specs-items-description-list\"><span class=\"tech-specs-items-description__title\">Darbin\u0117 temperat\u016bra<\/span><span class=\"tech-specs-items-description__title-details\">-10 \u00b0C to +55 \u00b0C (+14 \u00b0F to +131 \u00b0F)<\/span><\/li>\n<li class=\"tech-specs-items-description-list\"><span class=\"tech-specs-items-description__title\">Atsparumas dr\u0117gmei<\/span><span class=\"tech-specs-items-description__title-details\">10% to 90%<\/span><\/li>\n<li class=\"tech-specs-items-description-list\"><span class=\"tech-specs-items-description__title\">Dydis<\/span><span class=\"tech-specs-items-description__title-details\">200 \u00d7 200 \u00d7 45 mm (7.9 \u00d7 7.9 \u00d7 1.8 inch)<\/span><\/li>\n<li class=\"tech-specs-items-description-list\"><span class=\"tech-specs-items-description__title-details\">\u2264 1 kg (2.2 lb)<\/span><\/li>\n<\/ul>\n","protected":false},"excerpt":{"rendered":"<ul>\n<li>4 kanal\u0173 1 HDD mini DVR<\/li>\n<li>Efektyvi H.265 pro+ suspaudimo technologija<\/li>\n<li>Kodavimo galimyb\u0117 iki 1080p @ 15 kadr\u0173 per sekund\u0119<\/li>\n<li>5 \u012fvesties signalai (HDTVI\/AHD\/CVI\/CVBS\/IP)<\/li>\n<li>Palaiko iki 6 IP kamer\u0173<\/li>\n<\/ul>\n","protected":false},"featured_media":29023,"comment_status":"closed","ping_status":"closed","template":"","meta":[],"product_brand":[],"product_cat":[844,837,843],"product_tag":[],"class_list":{"0":"post-19312","1":"product","2":"type-product","3":"status-publish","4":"has-post-thumbnail","6":"product_cat-4-channel-dvr","7":"product_cat-turbo-hd-video-surveillance","8":"product_cat-turbo-hd-video-recorders","10":"first","11":"instock","12":"taxable","13":"shipping-taxable","14":"purchasable","15":"product-type-simple"},"yoast_head":"<!-- This site is optimized with the Yoast SEO Premium plugin v21.5 (Yoast SEO v27.5) - https:\/\/yoast.com\/product\/yoast-seo-premium-wordpress\/ -->\n<title>Hikvision DS-7104HQHI-K1(C)(S)<\/title>\n<meta name=\"description\" content=\"Hikvision DS-7104HQHI-K1(C)(S) vaizdo \u012fra\u0161ymo \u012frenginys ; 4 kanal\u0173 1 HDD mini DVR ; 5 \u012fvesties signalai (HDTVI\/AHD\/CVI\/CVBS\/IP) ; Palaiko iki 6 IP kamer\u0173\" \/>\n<meta name=\"robots\" content=\"index, follow, max-snippet:-1, max-image-preview:large, max-video-preview:-1\" \/>\n<link rel=\"canonical\" href=\"https:\/\/eheating.lt\/produktas\/hikvision-ds-7104hqhi-k1cs\/\" \/>\n<meta property=\"og:locale\" content=\"en_US\" \/>\n<meta property=\"og:type\" content=\"article\" \/>\n<meta property=\"og:title\" content=\"Hikvision DS-7104HQHI-K1(C)(S)\" \/>\n<meta property=\"og:description\" content=\"Hikvision DS-7104HQHI-K1(C)(S) vaizdo \u012fra\u0161ymo \u012frenginys ; 4 kanal\u0173 1 HDD mini DVR ; 5 \u012fvesties signalai (HDTVI\/AHD\/CVI\/CVBS\/IP) ; Palaiko iki 6 IP kamer\u0173\" \/>\n<meta property=\"og:url\" content=\"https:\/\/eheating.lt\/produktas\/hikvision-ds-7104hqhi-k1cs\/\" \/>\n<meta property=\"og:site_name\" content=\"Elektronika Namams\" \/>\n<meta property=\"article:publisher\" content=\"https:\/\/www.facebook.com\/ElektronikaNamams\" \/>\n<meta property=\"article:modified_time\" content=\"2024-07-11T15:51:37+00:00\" \/>\n<meta property=\"og:image\" content=\"https:\/\/eheating.lt\/wp-content\/uploads\/2023\/10\/Hikvision-DS-7104HQHI-K1CS.png\" \/>\n\t<meta property=\"og:image:width\" content=\"800\" \/>\n\t<meta property=\"og:image:height\" content=\"800\" \/>\n\t<meta property=\"og:image:type\" content=\"image\/png\" \/>\n<meta name=\"twitter:card\" content=\"summary_large_image\" \/>\n<meta name=\"twitter:label1\" content=\"Price\" \/>\n\t<meta name=\"twitter:data1\" content=\"132,77&nbsp;&euro;\" \/>\n\t<meta name=\"twitter:label2\" content=\"Availability\" \/>\n\t<meta name=\"twitter:data2\" content=\"In stock\" \/>\n<script type=\"application\/ld+json\" class=\"yoast-schema-graph\">{\"@context\":\"https:\\\/\\\/schema.org\",\"@graph\":[{\"@type\":\"WebPage\",\"@id\":\"https:\\\/\\\/eheating.lt\\\/produktas\\\/hikvision-ds-7104hqhi-k1cs\\\/\",\"url\":\"https:\\\/\\\/eheating.lt\\\/produktas\\\/hikvision-ds-7104hqhi-k1cs\\\/\",\"name\":\"Hikvision DS-7104HQHI-K1(C)(S)\",\"isPartOf\":{\"@id\":\"https:\\\/\\\/eheating.lt\\\/#website\"},\"primaryImageOfPage\":{\"@id\":\"https:\\\/\\\/eheating.lt\\\/produktas\\\/hikvision-ds-7104hqhi-k1cs\\\/#primaryimage\"},\"image\":{\"@id\":\"https:\\\/\\\/eheating.lt\\\/produktas\\\/hikvision-ds-7104hqhi-k1cs\\\/#primaryimage\"},\"thumbnailUrl\":\"https:\\\/\\\/eheating.lt\\\/wp-content\\\/uploads\\\/2023\\\/10\\\/Hikvision-DS-7104HQHI-K1CS.png\",\"datePublished\":\"2023-11-17T21:46:25+00:00\",\"dateModified\":\"2024-07-11T15:51:37+00:00\",\"description\":\"Hikvision DS-7104HQHI-K1(C)(S) vaizdo \u012fra\u0161ymo \u012frenginys ; 4 kanal\u0173 1 HDD mini DVR ; 5 \u012fvesties signalai (HDTVI\\\/AHD\\\/CVI\\\/CVBS\\\/IP) ; Palaiko iki 6 IP kamer\u0173\",\"breadcrumb\":{\"@id\":\"https:\\\/\\\/eheating.lt\\\/produktas\\\/hikvision-ds-7104hqhi-k1cs\\\/#breadcrumb\"},\"inLanguage\":\"en-US\",\"potentialAction\":[{\"@type\":\"ReadAction\",\"target\":[\"https:\\\/\\\/eheating.lt\\\/produktas\\\/hikvision-ds-7104hqhi-k1cs\\\/\"]}]},{\"@type\":\"ImageObject\",\"inLanguage\":\"en-US\",\"@id\":\"https:\\\/\\\/eheating.lt\\\/produktas\\\/hikvision-ds-7104hqhi-k1cs\\\/#primaryimage\",\"url\":\"https:\\\/\\\/eheating.lt\\\/wp-content\\\/uploads\\\/2023\\\/10\\\/Hikvision-DS-7104HQHI-K1CS.png\",\"contentUrl\":\"https:\\\/\\\/eheating.lt\\\/wp-content\\\/uploads\\\/2023\\\/10\\\/Hikvision-DS-7104HQHI-K1CS.png\",\"width\":800,\"height\":800,\"caption\":\"Hikvision DS-7104HQHI-K1(C)(S)\"},{\"@type\":\"BreadcrumbList\",\"@id\":\"https:\\\/\\\/eheating.lt\\\/produktas\\\/hikvision-ds-7104hqhi-k1cs\\\/#breadcrumb\",\"itemListElement\":[{\"@type\":\"ListItem\",\"position\":1,\"name\":\"Prad\u017eia\",\"item\":\"https:\\\/\\\/eheating.lt\\\/en\\\/\"},{\"@type\":\"ListItem\",\"position\":2,\"name\":\"Shop\",\"item\":\"https:\\\/\\\/eheating.lt\\\/en\\\/?page_id=5734\"},{\"@type\":\"ListItem\",\"position\":3,\"name\":\"Hikvision DS-7104HQHI-K1(C)(S)\"}]},{\"@type\":\"WebSite\",\"@id\":\"https:\\\/\\\/eheating.lt\\\/#website\",\"url\":\"https:\\\/\\\/eheating.lt\\\/\",\"name\":\"eHeating\",\"description\":\"Elektronika ir \u0161ildymas\",\"potentialAction\":[{\"@type\":\"SearchAction\",\"target\":{\"@type\":\"EntryPoint\",\"urlTemplate\":\"https:\\\/\\\/eheating.lt\\\/?s={search_term_string}\"},\"query-input\":{\"@type\":\"PropertyValueSpecification\",\"valueRequired\":true,\"valueName\":\"search_term_string\"}}],\"inLanguage\":\"en-US\"}]}<\/script>\n<meta property=\"product:price:amount\" content=\"132.77\" \/>\n<meta property=\"product:price:currency\" content=\"EUR\" \/>\n<meta property=\"og:availability\" content=\"instock\" \/>\n<meta property=\"product:availability\" content=\"instock\" \/>\n<meta property=\"product:retailer_item_id\" content=\"e2fb9047be26\" \/>\n<meta property=\"product:condition\" content=\"new\" \/>\n<!-- \/ Yoast SEO Premium plugin. -->","yoast_head_json":{"title":"Hikvision DS-7104HQHI-K1(C)(S)","description":"Hikvision DS-7104HQHI-K1(C)(S) vaizdo \u012fra\u0161ymo \u012frenginys ; 4 kanal\u0173 1 HDD mini DVR ; 5 \u012fvesties signalai (HDTVI\/AHD\/CVI\/CVBS\/IP) ; Palaiko iki 6 IP kamer\u0173","robots":{"index":"index","follow":"follow","max-snippet":"max-snippet:-1","max-image-preview":"max-image-preview:large","max-video-preview":"max-video-preview:-1"},"canonical":"https:\/\/eheating.lt\/produktas\/hikvision-ds-7104hqhi-k1cs\/","og_locale":"en_US","og_type":"article","og_title":"Hikvision DS-7104HQHI-K1(C)(S)","og_description":"Hikvision DS-7104HQHI-K1(C)(S) vaizdo \u012fra\u0161ymo \u012frenginys ; 4 kanal\u0173 1 HDD mini DVR ; 5 \u012fvesties signalai (HDTVI\/AHD\/CVI\/CVBS\/IP) ; Palaiko iki 6 IP kamer\u0173","og_url":"https:\/\/eheating.lt\/produktas\/hikvision-ds-7104hqhi-k1cs\/","og_site_name":"Elektronika Namams","article_publisher":"https:\/\/www.facebook.com\/ElektronikaNamams","article_modified_time":"2024-07-11T15:51:37+00:00","og_image":[{"width":800,"height":800,"url":"https:\/\/eheating.lt\/wp-content\/uploads\/2023\/10\/Hikvision-DS-7104HQHI-K1CS.png","type":"image\/png"}],"twitter_card":"summary_large_image","twitter_misc":{"Price":"132,77&nbsp;&euro;","Availability":"In stock"},"schema":{"@context":"https:\/\/schema.org","@graph":[{"@type":"WebPage","@id":"https:\/\/eheating.lt\/produktas\/hikvision-ds-7104hqhi-k1cs\/","url":"https:\/\/eheating.lt\/produktas\/hikvision-ds-7104hqhi-k1cs\/","name":"Hikvision DS-7104HQHI-K1(C)(S)","isPartOf":{"@id":"https:\/\/eheating.lt\/#website"},"primaryImageOfPage":{"@id":"https:\/\/eheating.lt\/produktas\/hikvision-ds-7104hqhi-k1cs\/#primaryimage"},"image":{"@id":"https:\/\/eheating.lt\/produktas\/hikvision-ds-7104hqhi-k1cs\/#primaryimage"},"thumbnailUrl":"https:\/\/eheating.lt\/wp-content\/uploads\/2023\/10\/Hikvision-DS-7104HQHI-K1CS.png","datePublished":"2023-11-17T21:46:25+00:00","dateModified":"2024-07-11T15:51:37+00:00","description":"Hikvision DS-7104HQHI-K1(C)(S) vaizdo \u012fra\u0161ymo \u012frenginys ; 4 kanal\u0173 1 HDD mini DVR ; 5 \u012fvesties signalai (HDTVI\/AHD\/CVI\/CVBS\/IP) ; Palaiko iki 6 IP kamer\u0173","breadcrumb":{"@id":"https:\/\/eheating.lt\/produktas\/hikvision-ds-7104hqhi-k1cs\/#breadcrumb"},"inLanguage":"en-US","potentialAction":[{"@type":"ReadAction","target":["https:\/\/eheating.lt\/produktas\/hikvision-ds-7104hqhi-k1cs\/"]}]},{"@type":"ImageObject","inLanguage":"en-US","@id":"https:\/\/eheating.lt\/produktas\/hikvision-ds-7104hqhi-k1cs\/#primaryimage","url":"https:\/\/eheating.lt\/wp-content\/uploads\/2023\/10\/Hikvision-DS-7104HQHI-K1CS.png","contentUrl":"https:\/\/eheating.lt\/wp-content\/uploads\/2023\/10\/Hikvision-DS-7104HQHI-K1CS.png","width":800,"height":800,"caption":"Hikvision DS-7104HQHI-K1(C)(S)"},{"@type":"BreadcrumbList","@id":"https:\/\/eheating.lt\/produktas\/hikvision-ds-7104hqhi-k1cs\/#breadcrumb","itemListElement":[{"@type":"ListItem","position":1,"name":"Prad\u017eia","item":"https:\/\/eheating.lt\/en\/"},{"@type":"ListItem","position":2,"name":"Shop","item":"https:\/\/eheating.lt\/en\/?page_id=5734"},{"@type":"ListItem","position":3,"name":"Hikvision DS-7104HQHI-K1(C)(S)"}]},{"@type":"WebSite","@id":"https:\/\/eheating.lt\/#website","url":"https:\/\/eheating.lt\/","name":"eHeating","description":"Elektronika ir \u0161ildymas","potentialAction":[{"@type":"SearchAction","target":{"@type":"EntryPoint","urlTemplate":"https:\/\/eheating.lt\/?s={search_term_string}"},"query-input":{"@type":"PropertyValueSpecification","valueRequired":true,"valueName":"search_term_string"}}],"inLanguage":"en-US"}]},"product_price_amount":"132.77","product_price_currency":"EUR","og_availability":"instock","product_availability":"instock","product_retailer_item_id":"e2fb9047be26","product_condition":"new"},"_links":{"self":[{"href":"https:\/\/eheating.lt\/en\/wp-json\/wp\/v2\/product\/19312","targetHints":{"allow":["GET"]}}],"collection":[{"href":"https:\/\/eheating.lt\/en\/wp-json\/wp\/v2\/product"}],"about":[{"href":"https:\/\/eheating.lt\/en\/wp-json\/wp\/v2\/types\/product"}],"replies":[{"embeddable":true,"href":"https:\/\/eheating.lt\/en\/wp-json\/wp\/v2\/comments?post=19312"}],"version-history":[{"count":0,"href":"https:\/\/eheating.lt\/en\/wp-json\/wp\/v2\/product\/19312\/revisions"}],"wp:featuredmedia":[{"embeddable":true,"href":"https:\/\/eheating.lt\/en\/wp-json\/wp\/v2\/media\/29023"}],"wp:attachment":[{"href":"https:\/\/eheating.lt\/en\/wp-json\/wp\/v2\/media?parent=19312"}],"wp:term":[{"taxonomy":"product_brand","embeddable":true,"href":"https:\/\/eheating.lt\/en\/wp-json\/wp\/v2\/product_brand?post=19312"},{"taxonomy":"product_cat","embeddable":true,"href":"https:\/\/eheating.lt\/en\/wp-json\/wp\/v2\/product_cat?post=19312"},{"taxonomy":"product_tag","embeddable":true,"href":"https:\/\/eheating.lt\/en\/wp-json\/wp\/v2\/product_tag?post=19312"}],"curies":[{"name":"wp","href":"https:\/\/api.w.org\/{rel}","templated":true}]}}