{"id":19248,"date":"2023-10-09T23:03:34","date_gmt":"2023-10-09T20:03:34","guid":{"rendered":"https:\/\/eheating.lt\/?post_type=product&#038;p=19248"},"modified":"2024-10-18T17:22:28","modified_gmt":"2024-10-18T14:22:28","slug":"hikvision-klaviatura-ds-pk1-lt-we-ax-pro","status":"publish","type":"product","link":"https:\/\/eheating.lt\/en\/produktas\/hikvision-klaviatura-ds-pk1-lt-we-ax-pro\/","title":{"rendered":"Hikvision klaviat\u016bra DS-PK1-LT-WE AX PRO"},"content":{"rendered":"<ul class=\"tech-specs-items-description\" data-target=\"Hardware features\">\n<li class=\"tech-specs-items-description-list\"><span class=\"tech-specs-items-description__title--heading\">Aparatin\u0117s \u012frangos savyb\u0117s<\/span><\/li>\n<li class=\"tech-specs-items-description-list\"><span class=\"tech-specs-items-description__title\">\u012etaisytas \u017eym\u0173 skaitytuvas<\/span><span class=\"tech-specs-items-description__title-details\">Supported<\/span><\/li>\n<li class=\"tech-specs-items-description-list\"><span class=\"tech-specs-items-description__title\">Nuoseklusis prievadas<\/span><span class=\"tech-specs-items-description__title-details\">3<\/span><\/li>\n<li class=\"tech-specs-items-description-list\"><span class=\"tech-specs-items-description__title\">Apsauga nuo klastojimo<\/span><span class=\"tech-specs-items-description__title-details\">Supported, front and rear<\/span><\/li>\n<li class=\"tech-specs-items-description-list\"><span class=\"tech-specs-items-description__title\">Skambutis<\/span><span class=\"tech-specs-items-description__title-details\">Supported<\/span><\/li>\n<li class=\"tech-specs-items-description-list\"><span class=\"tech-specs-items-description__title\">Maitinimo jungiklis<\/span><span class=\"tech-specs-items-description__title-details\">Power on\/off<\/span><\/li>\n<\/ul>\n<ul class=\"tech-specs-items-description\" data-target=\"Electrical characteristics\">\n<li class=\"tech-specs-items-description-list\"><span class=\"tech-specs-items-description__title--heading\">Elektrin\u0117s charakteristikos<\/span><\/li>\n<li class=\"tech-specs-items-description-list\"><span class=\"tech-specs-items-description__title\">Baterijos tipas<\/span><span class=\"tech-specs-items-description__title-details\">Four CR123 batteries<\/span><\/li>\n<li class=\"tech-specs-items-description-list\"><span class=\"tech-specs-items-description__title\">Veikimo dr\u0117gm\u0117<\/span><span class=\"tech-specs-items-description__title-details\">10% to 90%<\/span><\/li>\n<li class=\"tech-specs-items-description-list\"><span class=\"tech-specs-items-description__title\">Darbin\u0117 temperat\u016bra<\/span><span class=\"tech-specs-items-description__title-details\">-10 \u00b0C to +55 \u00b0C<\/span><\/li>\n<li class=\"tech-specs-items-description-list\"><span class=\"tech-specs-items-description__title\">Baterijos tarnavimo laikas<\/span><span class=\"tech-specs-items-description__title-details\">Standby time more than two years<\/span><\/li>\n<li class=\"tech-specs-items-description-list\"><span class=\"tech-specs-items-description__title\">Energijos sunaudojimas<\/span><span class=\"tech-specs-items-description__title-details\"><span class=\"tech-specs-items-description__title-details\"><br \/>\n<\/span><\/span><\/p>\n<p class=\"mb-p\" style=\"margin-bottom: 0rem; height: auto;\">Quiescent current: 80uA<\/p>\n<p class=\"mb-p\" style=\"margin-bottom: 0rem; height: auto;\">Max current: 300mA<\/p>\n<p class=\"mb-p\" style=\"margin-bottom: 0.5em; height: auto;\">Voltage: 3v<\/p>\n<p>&nbsp;<\/li>\n<\/ul>\n<ul class=\"tech-specs-items-description\" data-target=\"Wireless transmission\">\n<li class=\"tech-specs-items-description-list\"><span class=\"tech-specs-items-description__title--heading\">Belaidis perdavimas<\/span><\/li>\n<li class=\"tech-specs-items-description-list\"><span class=\"tech-specs-items-description__title\">RF da\u017enis<\/span><span class=\"tech-specs-items-description__title-details\">868 MHz<\/span><\/li>\n<li class=\"tech-specs-items-description-list\"><span class=\"tech-specs-items-description__title\">RF moduliacija<\/span><span class=\"tech-specs-items-description__title-details\">2GFSK<\/span><\/li>\n<li class=\"tech-specs-items-description-list\"><span class=\"tech-specs-items-description__title\">RF atstumas<\/span><span class=\"tech-specs-items-description__title-details\">1200m (open area\uff09<\/span><\/li>\n<li class=\"tech-specs-items-description-list\"><span class=\"tech-specs-items-description__title\">Belaid\u0117 technologija<\/span><span class=\"tech-specs-items-description__title-details\">Tri-X Wireless Technology<\/span><\/li>\n<\/ul>\n<ul class=\"tech-specs-items-description\" data-target=\"Display\">\n<li class=\"tech-specs-items-description-list\"><span class=\"tech-specs-items-description__title--heading\">Ekranas<\/span><\/li>\n<li class=\"tech-specs-items-description-list\"><span class=\"tech-specs-items-description__title\">Skaitmeninis raktas<\/span><span class=\"tech-specs-items-description__title-details\"><span class=\"tech-specs-items-description__title-details\"><br \/>\n<\/span><\/span><\/p>\n<p class=\"mb-p\" style=\"margin-bottom: 0rem; height: auto;\">Number key: 0-9<\/p>\n<p class=\"mb-p\" style=\"margin-bottom: 0.5em; height: auto;\">Function key: *, #, Query, Away arm, Stay arm, Disarm, Output, Project, Right, Left\uff09<\/p>\n<p>&nbsp;<\/li>\n<li class=\"tech-specs-items-description-list\"><span class=\"tech-specs-items-description__title\">LED indikatorius<\/span><span class=\"tech-specs-items-description__title-details\">Fault(orange), Enrollment\/Signal (red\/green), Arm(blue), Disarm(green), Alarm (red)<\/span><\/li>\n<\/ul>\n<ul class=\"tech-specs-items-description\" data-target=\"General\">\n<li class=\"tech-specs-items-description-list\"><span class=\"tech-specs-items-description__title--heading\">Pagrindinis<\/span><\/li>\n<li class=\"tech-specs-items-description-list\"><span class=\"tech-specs-items-description__title\">Montavimo b\u016bdas<\/span><span class=\"tech-specs-items-description__title-details\">Wall mounting<\/span><\/li>\n<li class=\"tech-specs-items-description-list\"><span class=\"tech-specs-items-description__title\">Dydis<\/span><span class=\"tech-specs-items-description__title-details\">174.63*109.62*25.25mm<\/span><\/li>\n<li class=\"tech-specs-items-description-list\"><span class=\"tech-specs-items-description__title\">Svoris<\/span><span class=\"tech-specs-items-description__title-details\"><span class=\"tech-specs-items-description__title-details\"><br \/>\n<\/span><\/span><\/p>\n<p class=\"mb-p\" style=\"margin-bottom: 0rem; height: auto;\">With batteries:348g<\/p>\n<p class=\"mb-p\" style=\"margin-bottom: 0.5em; height: auto;\">Without batteries: 282g<\/p>\n<p>&nbsp;<\/li>\n<li class=\"tech-specs-items-description-list\"><span class=\"tech-specs-items-description__title\">Spalva<\/span><span class=\"tech-specs-items-description__title-details\">White<\/span><\/li>\n<\/ul>\n","protected":false},"excerpt":{"rendered":"<ul>\n<li>Veikimo atstumas: 1200m (atviroje erdv\u0117je)<\/li>\n<li>868MHz dvipusis bevielis ry\u0161ys<\/li>\n<li>Radio da\u017eni\u0173 suderinanumas ir atsparumas elektromagnetiniam triuk\u0161mui<\/li>\n<li>LCD ekranas ir LED diodas rodantis sistemos b\u016bsen\u0105<\/li>\n<li>\u012emontuotas korteli\u0173 skaitytuvas<\/li>\n<li>Baterijos veikimo laikas: iki 2 met\u0173<\/li>\n<li>Baterijos tipas: 4 * AA baterijos (baterijos prid\u0117tos komplekte, lengvai kei\u010diamos)<\/li>\n<\/ul>\n","protected":false},"featured_media":30888,"comment_status":"closed","ping_status":"closed","template":"","meta":[],"product_brand":[],"product_cat":[761,779,762,776],"product_tag":[975],"class_list":{"0":"post-19248","1":"product","2":"type-product","3":"status-publish","4":"has-post-thumbnail","6":"product_cat-security-systems","7":"product_cat-ax-pro-keyboards","8":"product_cat-wireless-security-systems","9":"product_cat-hikvision-ax-pro-wireless-security-systems","10":"product_tag-ean-en","12":"first","13":"instock","14":"purchasable","15":"product-type-simple"},"yoast_head":"<!-- This site is optimized with the Yoast SEO Premium plugin v21.5 (Yoast SEO v27.3) - https:\/\/yoast.com\/product\/yoast-seo-premium-wordpress\/ -->\n<title>Hikvision klaviat\u016bra DS-PK1-LT-WE AX PRO<\/title>\n<meta name=\"description\" content=\"Hikvision DS-PK1-LT-WE AX PRO klaviat\u016bra ; Veikimo atstumas: 1200m (atviroje erdv\u0117je) ; 868MHz dvipusis bevielis ry\u0161ys ; LCD ekranas\" \/>\n<meta name=\"robots\" content=\"index, follow, max-snippet:-1, max-image-preview:large, max-video-preview:-1\" \/>\n<link rel=\"canonical\" href=\"https:\/\/eheating.lt\/en\/produktas\/hikvision-klaviatura-ds-pk1-lt-we-ax-pro\/\" \/>\n<meta property=\"og:locale\" content=\"en_US\" \/>\n<meta property=\"og:type\" content=\"article\" \/>\n<meta property=\"og:title\" content=\"Hikvision klaviat\u016bra DS-PK1-LT-WE AX PRO\" \/>\n<meta property=\"og:description\" content=\"Hikvision DS-PK1-LT-WE AX PRO klaviat\u016bra ; Veikimo atstumas: 1200m (atviroje erdv\u0117je) ; 868MHz dvipusis bevielis ry\u0161ys ; LCD ekranas\" \/>\n<meta property=\"og:url\" content=\"https:\/\/eheating.lt\/en\/produktas\/hikvision-klaviatura-ds-pk1-lt-we-ax-pro\/\" \/>\n<meta property=\"og:site_name\" content=\"Elektronika Namams\" \/>\n<meta property=\"article:publisher\" content=\"https:\/\/www.facebook.com\/ElektronikaNamams\" \/>\n<meta property=\"article:modified_time\" content=\"2024-10-18T14:22:28+00:00\" \/>\n<meta property=\"og:image\" content=\"https:\/\/eheating.lt\/wp-content\/uploads\/2023\/12\/Hikvision-klaviatura-DS-PK1-LT-WE-AX-PRO.png\" \/>\n\t<meta property=\"og:image:width\" content=\"800\" \/>\n\t<meta property=\"og:image:height\" content=\"800\" \/>\n\t<meta property=\"og:image:type\" content=\"image\/png\" \/>\n<meta name=\"twitter:card\" content=\"summary_large_image\" \/>\n<meta name=\"twitter:label1\" content=\"Price\" \/>\n\t<meta name=\"twitter:data1\" content=\"126,35&nbsp;&euro;\" \/>\n\t<meta name=\"twitter:label2\" content=\"Availability\" \/>\n\t<meta name=\"twitter:data2\" content=\"In stock\" \/>\n<script type=\"application\/ld+json\" class=\"yoast-schema-graph\">{\"@context\":\"https:\\\/\\\/schema.org\",\"@graph\":[{\"@type\":\"WebPage\",\"@id\":\"https:\\\/\\\/eheating.lt\\\/en\\\/produktas\\\/hikvision-klaviatura-ds-pk1-lt-we-ax-pro\\\/\",\"url\":\"https:\\\/\\\/eheating.lt\\\/en\\\/produktas\\\/hikvision-klaviatura-ds-pk1-lt-we-ax-pro\\\/\",\"name\":\"Hikvision klaviat\u016bra DS-PK1-LT-WE AX PRO\",\"isPartOf\":{\"@id\":\"https:\\\/\\\/eheating.lt\\\/#website\"},\"primaryImageOfPage\":{\"@id\":\"https:\\\/\\\/eheating.lt\\\/en\\\/produktas\\\/hikvision-klaviatura-ds-pk1-lt-we-ax-pro\\\/#primaryimage\"},\"image\":{\"@id\":\"https:\\\/\\\/eheating.lt\\\/en\\\/produktas\\\/hikvision-klaviatura-ds-pk1-lt-we-ax-pro\\\/#primaryimage\"},\"thumbnailUrl\":\"https:\\\/\\\/eheating.lt\\\/wp-content\\\/uploads\\\/2023\\\/12\\\/Hikvision-klaviatura-DS-PK1-LT-WE-AX-PRO.png\",\"datePublished\":\"2023-10-09T20:03:34+00:00\",\"dateModified\":\"2024-10-18T14:22:28+00:00\",\"description\":\"Hikvision DS-PK1-LT-WE AX PRO klaviat\u016bra ; Veikimo atstumas: 1200m (atviroje erdv\u0117je) ; 868MHz dvipusis bevielis ry\u0161ys ; LCD ekranas\",\"breadcrumb\":{\"@id\":\"https:\\\/\\\/eheating.lt\\\/en\\\/produktas\\\/hikvision-klaviatura-ds-pk1-lt-we-ax-pro\\\/#breadcrumb\"},\"inLanguage\":\"en-US\",\"potentialAction\":[{\"@type\":\"ReadAction\",\"target\":[\"https:\\\/\\\/eheating.lt\\\/en\\\/produktas\\\/hikvision-klaviatura-ds-pk1-lt-we-ax-pro\\\/\"]}]},{\"@type\":\"ImageObject\",\"inLanguage\":\"en-US\",\"@id\":\"https:\\\/\\\/eheating.lt\\\/en\\\/produktas\\\/hikvision-klaviatura-ds-pk1-lt-we-ax-pro\\\/#primaryimage\",\"url\":\"https:\\\/\\\/eheating.lt\\\/wp-content\\\/uploads\\\/2023\\\/12\\\/Hikvision-klaviatura-DS-PK1-LT-WE-AX-PRO.png\",\"contentUrl\":\"https:\\\/\\\/eheating.lt\\\/wp-content\\\/uploads\\\/2023\\\/12\\\/Hikvision-klaviatura-DS-PK1-LT-WE-AX-PRO.png\",\"width\":800,\"height\":800},{\"@type\":\"BreadcrumbList\",\"@id\":\"https:\\\/\\\/eheating.lt\\\/en\\\/produktas\\\/hikvision-klaviatura-ds-pk1-lt-we-ax-pro\\\/#breadcrumb\",\"itemListElement\":[{\"@type\":\"ListItem\",\"position\":1,\"name\":\"Prad\u017eia\",\"item\":\"https:\\\/\\\/eheating.lt\\\/en\\\/\"},{\"@type\":\"ListItem\",\"position\":2,\"name\":\"Shop\",\"item\":\"https:\\\/\\\/eheating.lt\\\/en\\\/?page_id=5734\"},{\"@type\":\"ListItem\",\"position\":3,\"name\":\"Hikvision klaviat\u016bra DS-PK1-LT-WE AX PRO\"}]},{\"@type\":\"WebSite\",\"@id\":\"https:\\\/\\\/eheating.lt\\\/#website\",\"url\":\"https:\\\/\\\/eheating.lt\\\/\",\"name\":\"eHeating\",\"description\":\"Elektronika ir \u0161ildymas\",\"potentialAction\":[{\"@type\":\"SearchAction\",\"target\":{\"@type\":\"EntryPoint\",\"urlTemplate\":\"https:\\\/\\\/eheating.lt\\\/?s={search_term_string}\"},\"query-input\":{\"@type\":\"PropertyValueSpecification\",\"valueRequired\":true,\"valueName\":\"search_term_string\"}}],\"inLanguage\":\"en-US\"}]}<\/script>\n<meta property=\"product:price:amount\" content=\"126.35\" \/>\n<meta property=\"product:price:currency\" content=\"EUR\" \/>\n<meta property=\"og:availability\" content=\"instock\" \/>\n<meta property=\"product:availability\" content=\"instock\" \/>\n<meta property=\"product:retailer_item_id\" content=\"f06af0aea1ff\" \/>\n<meta property=\"product:condition\" content=\"new\" \/>\n<!-- \/ Yoast SEO Premium plugin. -->","yoast_head_json":{"title":"Hikvision klaviat\u016bra DS-PK1-LT-WE AX PRO","description":"Hikvision DS-PK1-LT-WE AX PRO klaviat\u016bra ; Veikimo atstumas: 1200m (atviroje erdv\u0117je) ; 868MHz dvipusis bevielis ry\u0161ys ; LCD ekranas","robots":{"index":"index","follow":"follow","max-snippet":"max-snippet:-1","max-image-preview":"max-image-preview:large","max-video-preview":"max-video-preview:-1"},"canonical":"https:\/\/eheating.lt\/en\/produktas\/hikvision-klaviatura-ds-pk1-lt-we-ax-pro\/","og_locale":"en_US","og_type":"article","og_title":"Hikvision klaviat\u016bra DS-PK1-LT-WE AX PRO","og_description":"Hikvision DS-PK1-LT-WE AX PRO klaviat\u016bra ; Veikimo atstumas: 1200m (atviroje erdv\u0117je) ; 868MHz dvipusis bevielis ry\u0161ys ; LCD ekranas","og_url":"https:\/\/eheating.lt\/en\/produktas\/hikvision-klaviatura-ds-pk1-lt-we-ax-pro\/","og_site_name":"Elektronika Namams","article_publisher":"https:\/\/www.facebook.com\/ElektronikaNamams","article_modified_time":"2024-10-18T14:22:28+00:00","og_image":[{"width":800,"height":800,"url":"https:\/\/eheating.lt\/wp-content\/uploads\/2023\/12\/Hikvision-klaviatura-DS-PK1-LT-WE-AX-PRO.png","type":"image\/png"}],"twitter_card":"summary_large_image","twitter_misc":{"Price":"126,35&nbsp;&euro;","Availability":"In stock"},"schema":{"@context":"https:\/\/schema.org","@graph":[{"@type":"WebPage","@id":"https:\/\/eheating.lt\/en\/produktas\/hikvision-klaviatura-ds-pk1-lt-we-ax-pro\/","url":"https:\/\/eheating.lt\/en\/produktas\/hikvision-klaviatura-ds-pk1-lt-we-ax-pro\/","name":"Hikvision klaviat\u016bra DS-PK1-LT-WE AX PRO","isPartOf":{"@id":"https:\/\/eheating.lt\/#website"},"primaryImageOfPage":{"@id":"https:\/\/eheating.lt\/en\/produktas\/hikvision-klaviatura-ds-pk1-lt-we-ax-pro\/#primaryimage"},"image":{"@id":"https:\/\/eheating.lt\/en\/produktas\/hikvision-klaviatura-ds-pk1-lt-we-ax-pro\/#primaryimage"},"thumbnailUrl":"https:\/\/eheating.lt\/wp-content\/uploads\/2023\/12\/Hikvision-klaviatura-DS-PK1-LT-WE-AX-PRO.png","datePublished":"2023-10-09T20:03:34+00:00","dateModified":"2024-10-18T14:22:28+00:00","description":"Hikvision DS-PK1-LT-WE AX PRO klaviat\u016bra ; Veikimo atstumas: 1200m (atviroje erdv\u0117je) ; 868MHz dvipusis bevielis ry\u0161ys ; LCD ekranas","breadcrumb":{"@id":"https:\/\/eheating.lt\/en\/produktas\/hikvision-klaviatura-ds-pk1-lt-we-ax-pro\/#breadcrumb"},"inLanguage":"en-US","potentialAction":[{"@type":"ReadAction","target":["https:\/\/eheating.lt\/en\/produktas\/hikvision-klaviatura-ds-pk1-lt-we-ax-pro\/"]}]},{"@type":"ImageObject","inLanguage":"en-US","@id":"https:\/\/eheating.lt\/en\/produktas\/hikvision-klaviatura-ds-pk1-lt-we-ax-pro\/#primaryimage","url":"https:\/\/eheating.lt\/wp-content\/uploads\/2023\/12\/Hikvision-klaviatura-DS-PK1-LT-WE-AX-PRO.png","contentUrl":"https:\/\/eheating.lt\/wp-content\/uploads\/2023\/12\/Hikvision-klaviatura-DS-PK1-LT-WE-AX-PRO.png","width":800,"height":800},{"@type":"BreadcrumbList","@id":"https:\/\/eheating.lt\/en\/produktas\/hikvision-klaviatura-ds-pk1-lt-we-ax-pro\/#breadcrumb","itemListElement":[{"@type":"ListItem","position":1,"name":"Prad\u017eia","item":"https:\/\/eheating.lt\/en\/"},{"@type":"ListItem","position":2,"name":"Shop","item":"https:\/\/eheating.lt\/en\/?page_id=5734"},{"@type":"ListItem","position":3,"name":"Hikvision klaviat\u016bra DS-PK1-LT-WE AX PRO"}]},{"@type":"WebSite","@id":"https:\/\/eheating.lt\/#website","url":"https:\/\/eheating.lt\/","name":"eHeating","description":"Elektronika ir \u0161ildymas","potentialAction":[{"@type":"SearchAction","target":{"@type":"EntryPoint","urlTemplate":"https:\/\/eheating.lt\/?s={search_term_string}"},"query-input":{"@type":"PropertyValueSpecification","valueRequired":true,"valueName":"search_term_string"}}],"inLanguage":"en-US"}]},"product_price_amount":"126.35","product_price_currency":"EUR","og_availability":"instock","product_availability":"instock","product_retailer_item_id":"f06af0aea1ff","product_condition":"new"},"_links":{"self":[{"href":"https:\/\/eheating.lt\/en\/wp-json\/wp\/v2\/product\/19248","targetHints":{"allow":["GET"]}}],"collection":[{"href":"https:\/\/eheating.lt\/en\/wp-json\/wp\/v2\/product"}],"about":[{"href":"https:\/\/eheating.lt\/en\/wp-json\/wp\/v2\/types\/product"}],"replies":[{"embeddable":true,"href":"https:\/\/eheating.lt\/en\/wp-json\/wp\/v2\/comments?post=19248"}],"version-history":[{"count":0,"href":"https:\/\/eheating.lt\/en\/wp-json\/wp\/v2\/product\/19248\/revisions"}],"wp:featuredmedia":[{"embeddable":true,"href":"https:\/\/eheating.lt\/en\/wp-json\/wp\/v2\/media\/30888"}],"wp:attachment":[{"href":"https:\/\/eheating.lt\/en\/wp-json\/wp\/v2\/media?parent=19248"}],"wp:term":[{"taxonomy":"product_brand","embeddable":true,"href":"https:\/\/eheating.lt\/en\/wp-json\/wp\/v2\/product_brand?post=19248"},{"taxonomy":"product_cat","embeddable":true,"href":"https:\/\/eheating.lt\/en\/wp-json\/wp\/v2\/product_cat?post=19248"},{"taxonomy":"product_tag","embeddable":true,"href":"https:\/\/eheating.lt\/en\/wp-json\/wp\/v2\/product_tag?post=19248"}],"curies":[{"name":"wp","href":"https:\/\/api.w.org\/{rel}","templated":true}]}}