{"id":19208,"date":"2023-11-13T21:50:19","date_gmt":"2023-11-13T19:50:19","guid":{"rendered":"https:\/\/eheating.lt\/?post_type=product&#038;p=19208"},"modified":"2024-07-11T18:52:31","modified_gmt":"2024-07-11T15:52:31","slug":"hilook-nvr-208mh-c-8pb-8-kanalu-nvr","status":"publish","type":"product","link":"https:\/\/eheating.lt\/en\/produktas\/hilook-nvr-208mh-c-8pb-8-kanalu-nvr\/","title":{"rendered":"HiLook NVR-208MH-C\/8P(B) 8 kanal\u0173 NVR"},"content":{"rendered":"<ul class=\"tech-specs-items-description\" data-target=\"Video and Audio\">\n<li class=\"tech-specs-items-description-list\"><span class=\"tech-specs-items-description__title--heading\">Vaizdas ir garsas<\/span><\/li>\n<li class=\"tech-specs-items-description-list\"><span class=\"tech-specs-items-description__title\">IP vaizdo \u012fvestis<\/span><span class=\"tech-specs-items-description__title-details\">8-ch ,Up to 8 MP resolution <\/span><\/li>\n<li class=\"tech-specs-items-description-list\"><span class=\"tech-specs-items-description__title\">\u012eeinantis pralaidumas<\/span><span class=\"tech-specs-items-description__title-details\">80 Mbps <\/span><\/li>\n<li class=\"tech-specs-items-description-list\"><span class=\"tech-specs-items-description__title\">I\u0161einantis pralaidumas<\/span><span class=\"tech-specs-items-description__title-details\">80 Mbps <\/span><\/li>\n<li class=\"tech-specs-items-description-list\"><span class=\"tech-specs-items-description__title\">HDMI\/VGA i\u0161vestis<\/span><span class=\"tech-specs-items-description__title-details\">HDMI\uff1a1-ch, 4K (3840 \u00d7 2160)\/30Hz, 1920 \u00d7 1080p\/60Hz, 1600 \u00d7 1200\/60Hz, 1280 \u00d7 1024\/60Hz, 1280 \u00d7 720\/60Hz, 1024 \u00d7 768\/60Hz; HDMI\/VGA simultaneous output,VGA\uff1a1-ch, 1920 \u00d7 1080p\/60Hz, 1600 \u00d7 1200\/60Hz, 1280 \u00d7 1024\/60Hz, 1280 \u00d7 720\/60Hz, 1024 \u00d7 768\/60Hz ;HDMI\/VGA simultaneous i\u0161vestis<\/span><\/li>\n<li class=\"tech-specs-items-description-list\"><span class=\"tech-specs-items-description__title\">Garso i\u0161vestis<\/span><span class=\"tech-specs-items-description__title-details\">1-ch, RCA (Linear, 1 K\u03a9) <\/span><\/li>\n<li class=\"tech-specs-items-description-list\"><span class=\"tech-specs-items-description__title\">Two-way garso \u012fvestis<\/span><span class=\"tech-specs-items-description__title-details\">1-ch, RCA (2.0 Vp-p, 1 k \u03a9)<\/span><\/li>\n<\/ul>\n<ul class=\"tech-specs-items-description\" data-target=\"Decoding\">\n<li class=\"tech-specs-items-description-list\"><span class=\"tech-specs-items-description__title--heading\">I\u0161kodavimas<\/span><\/li>\n<li class=\"tech-specs-items-description-list\"><span class=\"tech-specs-items-description__title\">Dekodavimo standartai<\/span><span class=\"tech-specs-items-description__title-details\">H.265\/H.265+\/H.264\/H.264+\/MPEG4<\/span><\/li>\n<li class=\"tech-specs-items-description-list\"><span class=\"tech-specs-items-description__title\">\u012era\u0161ymo rezoliucija<\/span><span class=\"tech-specs-items-description__title-details\">8 MP\/6 MP\/5 MP\/4 MP\/3 MP\/1080p\/UXGA \/720p\/VGA\/4CIF\/DCIF\/ 2CIF\/CIF\/QCIF<\/span><\/li>\n<li class=\"tech-specs-items-description-list\"><span class=\"tech-specs-items-description__title\">Sinchroninis atk\u016brimas<\/span><span class=\"tech-specs-items-description__title-details\">8-ch <\/span><\/li>\n<li class=\"tech-specs-items-description-list\"><span class=\"tech-specs-items-description__title\">Tiesiogin\u0117s per\u017ei\u016bros rezoliucija<\/span><span class=\"tech-specs-items-description__title-details\">8 MP\/6 MP\/5 MP\/4 MP\/3 MP\/1080p\/UXGA \/720p\/VGA\/4CIF\/DCIF\/ 2CIF\/CIF\/QCIF <\/span><\/li>\n<li class=\"tech-specs-items-description-list\"><span class=\"tech-specs-items-description__title\">Talpa<\/span><span class=\"tech-specs-items-description__title-details\">1-ch @ 8 MP \/ 4-ch @ 1080p <\/span><\/li>\n<\/ul>\n<ul class=\"tech-specs-items-description\" data-target=\"Network\">\n<li class=\"tech-specs-items-description-list\"><span class=\"tech-specs-items-description__title--heading\">Internetas<\/span><\/li>\n<li class=\"tech-specs-items-description-list\"><span class=\"tech-specs-items-description__title\">Tinklo jungtis<\/span><span class=\"tech-specs-items-description__title-details\">1, RJ-45 10\/100 Mbps self-adaptive Ethernet jungtis<\/span><\/li>\n<li class=\"tech-specs-items-description-list\"><span class=\"tech-specs-items-description__title\">Interneto protokolai<\/span><span class=\"tech-specs-items-description__title-details\">IPv6, HTTPS, UPnP, NTP, SADP, SMTP, PPPoE, DDNS, iSCSI, NFS<\/span><\/li>\n<li class=\"tech-specs-items-description-list\"><span class=\"tech-specs-items-description__title\">Nuotolinis prisijungimas<\/span><span class=\"tech-specs-items-description__title-details\">64<\/span><\/li>\n<\/ul>\n<ul class=\"tech-specs-items-description\" data-target=\"PoE\">\n<li class=\"tech-specs-items-description-list\"><span class=\"tech-specs-items-description__title--heading\">PoE<\/span><\/li>\n<li class=\"tech-specs-items-description-list\"><span class=\"tech-specs-items-description__title\">S\u0105saja<\/span><span class=\"tech-specs-items-description__title-details\">8, RJ-45 10\/100 Mbps self-adaptive Ethernet jungtis<\/span><\/li>\n<li class=\"tech-specs-items-description-list\"><span class=\"tech-specs-items-description__title\">Maks. Power<\/span><span class=\"tech-specs-items-description__title-details\">\u226475W<\/span><\/li>\n<li class=\"tech-specs-items-description-list\"><span class=\"tech-specs-items-description__title\">Palaikomas standartas<\/span><span class=\"tech-specs-items-description__title-details\">IEEE 802.3 af\/at<\/span><\/li>\n<\/ul>\n<ul class=\"tech-specs-items-description\" data-target=\"Hard disk\">\n<li class=\"tech-specs-items-description-list\"><span class=\"tech-specs-items-description__title--heading\">HDD<\/span><\/li>\n<li class=\"tech-specs-items-description-list\"><span class=\"tech-specs-items-description__title\">SATA<\/span><span class=\"tech-specs-items-description__title-details\">1 SATA interface <\/span><\/li>\n<li class=\"tech-specs-items-description-list\"><span class=\"tech-specs-items-description__title\">Talpa<\/span><span class=\"tech-specs-items-description__title-details\">Up to 6TB capacity for each disk<\/span><\/li>\n<\/ul>\n<ul class=\"tech-specs-items-description\" data-target=\"External interface\">\n<li class=\"tech-specs-items-description-list\"><span class=\"tech-specs-items-description__title--heading\">I\u0161orin\u0117s jungtys<\/span><\/li>\n<li class=\"tech-specs-items-description-list\"><span class=\"tech-specs-items-description__title\">USB jungtis<\/span><span class=\"tech-specs-items-description__title-details\">2 \u00d7 USB 2.0 <\/span><\/li>\n<\/ul>\n<ul class=\"tech-specs-items-description\" data-target=\"General\">\n<li class=\"tech-specs-items-description-list\"><span class=\"tech-specs-items-description__title--heading\">Pagrindinis<\/span><\/li>\n<li class=\"tech-specs-items-description-list\"><span class=\"tech-specs-items-description__title\">Sistemos parametrai<\/span><span class=\"tech-specs-items-description__title-details\">\u2264 90 W<\/span><\/li>\n<li class=\"tech-specs-items-description-list\"><span class=\"tech-specs-items-description__title\">Maitinimas<\/span><span class=\"tech-specs-items-description__title-details\">48 VDC <\/span><\/li>\n<li class=\"tech-specs-items-description-list\"><span class=\"tech-specs-items-description__title\">Darbin\u0117 s\u0105lygos (temperat\u016bra)<\/span><span class=\"tech-specs-items-description__title-details\">-10 \u00b0C to 45 \u00b0C (14 \u00b0F to 113 \u00b0F)<\/span><\/li>\n<li class=\"tech-specs-items-description-list\"><span class=\"tech-specs-items-description__title\">Darbin\u0117s s\u0105lygos (dr\u0117gm\u0117)<\/span><span class=\"tech-specs-items-description__title-details\">10 to 90 %<\/span><\/li>\n<li class=\"tech-specs-items-description-list\"><span class=\"tech-specs-items-description__title\">Energijos sunaudojimas (be HDD)<\/span><span class=\"tech-specs-items-description__title-details\">\u2264 10 W (without enabling PoE)<\/span><\/li>\n<li class=\"tech-specs-items-description-list\"><span class=\"tech-specs-items-description__title\">Dydis<\/span><span class=\"tech-specs-items-description__title-details\">265 \u00d7 225 \u00d7 48 mm (10.4&#8243; \u00d7 8.9&#8243; \u00d7 1.9&#8243;)<\/span><\/li>\n<li class=\"tech-specs-items-description-list\"><span class=\"tech-specs-items-description__title\">Svoris (be HDD)<\/span><span class=\"tech-specs-items-description__title-details\">\u2264 1 kg (2.2 lb)<\/span><\/li>\n<\/ul>\n","protected":false},"excerpt":{"rendered":"<ul>\n<li>8 kanal\u0173, IP vaizdo \u012fvestis<\/li>\n<li>8 kanalai POE<\/li>\n<li>Iki 4-ch @ 1080p dekodavimas<\/li>\n<li>H.265 + \/ H.265 \/ H.264 \/ H.264 + vaizdo formatai<\/li>\n<li>1 HDD nepertraukiamam vaizdo \u012fra\u0161ymui.<\/li>\n<\/ul>\n","protected":false},"featured_media":28194,"comment_status":"closed","ping_status":"closed","template":"","meta":[],"product_brand":[],"product_cat":[484,533,440],"product_tag":[],"class_list":{"0":"post-19208","1":"product","2":"type-product","3":"status-publish","4":"has-post-thumbnail","6":"product_cat-8-kanalu-nvr","7":"product_cat-ip-vaizdo-stebejimo-sistemos","8":"product_cat-ip-vaizdo-irasymo-irenginiai","10":"first","11":"outofstock","12":"purchasable","13":"product-type-simple"},"yoast_head":"<!-- This site is optimized with the Yoast SEO Premium plugin v21.5 (Yoast SEO v27.3) - https:\/\/yoast.com\/product\/yoast-seo-premium-wordpress\/ -->\n<title>HiLook NVR-208MH-C\/8P(B) 8 kanal\u0173 NVR<\/title>\n<meta name=\"description\" content=\"HiLook NVR-208MH-C\/8P(B) ; 8 kanalai POE ; Iki 4-ch @ 1080p dekodavimas ; 1 HDD nepertraukiamam vaizdo \u012fra\u0161ymui ; 8 kanal\u0173, IP vaizdo \u012fvestis\" \/>\n<meta name=\"robots\" content=\"index, follow, max-snippet:-1, max-image-preview:large, max-video-preview:-1\" \/>\n<link rel=\"canonical\" href=\"https:\/\/eheating.lt\/produktas\/hilook-nvr-208mh-c-8pb-8-kanalu-nvr\/\" \/>\n<meta property=\"og:locale\" content=\"en_US\" \/>\n<meta property=\"og:type\" content=\"article\" \/>\n<meta property=\"og:title\" content=\"HiLook NVR-208MH-C\/8P(B) 8 kanal\u0173 NVR\" \/>\n<meta property=\"og:description\" content=\"HiLook NVR-208MH-C\/8P(B) ; 8 kanalai POE ; Iki 4-ch @ 1080p dekodavimas ; 1 HDD nepertraukiamam vaizdo \u012fra\u0161ymui ; 8 kanal\u0173, IP vaizdo \u012fvestis\" \/>\n<meta property=\"og:url\" content=\"https:\/\/eheating.lt\/produktas\/hilook-nvr-208mh-c-8pb-8-kanalu-nvr\/\" \/>\n<meta property=\"og:site_name\" content=\"Elektronika Namams\" \/>\n<meta property=\"article:publisher\" content=\"https:\/\/www.facebook.com\/ElektronikaNamams\" \/>\n<meta property=\"article:modified_time\" content=\"2024-07-11T15:52:31+00:00\" \/>\n<meta property=\"og:image\" content=\"https:\/\/eheating.lt\/wp-content\/uploads\/2023\/10\/HiLook-NVR-208MH-C8PB-8-kanalu-NVR.png\" \/>\n\t<meta property=\"og:image:width\" content=\"800\" \/>\n\t<meta property=\"og:image:height\" content=\"800\" \/>\n\t<meta property=\"og:image:type\" content=\"image\/png\" \/>\n<meta name=\"twitter:card\" content=\"summary_large_image\" \/>\n<meta name=\"twitter:label1\" content=\"Price\" \/>\n\t<meta name=\"twitter:data1\" content=\"210,73&nbsp;&euro;\" \/>\n\t<meta name=\"twitter:label2\" content=\"Availability\" \/>\n\t<meta name=\"twitter:data2\" content=\"Out of stock\" \/>\n<script type=\"application\/ld+json\" class=\"yoast-schema-graph\">{\"@context\":\"https:\\\/\\\/schema.org\",\"@graph\":[{\"@type\":\"WebPage\",\"@id\":\"https:\\\/\\\/eheating.lt\\\/produktas\\\/hilook-nvr-208mh-c-8pb-8-kanalu-nvr\\\/\",\"url\":\"https:\\\/\\\/eheating.lt\\\/produktas\\\/hilook-nvr-208mh-c-8pb-8-kanalu-nvr\\\/\",\"name\":\"HiLook NVR-208MH-C\\\/8P(B) 8 kanal\u0173 NVR\",\"isPartOf\":{\"@id\":\"https:\\\/\\\/eheating.lt\\\/#website\"},\"primaryImageOfPage\":{\"@id\":\"https:\\\/\\\/eheating.lt\\\/produktas\\\/hilook-nvr-208mh-c-8pb-8-kanalu-nvr\\\/#primaryimage\"},\"image\":{\"@id\":\"https:\\\/\\\/eheating.lt\\\/produktas\\\/hilook-nvr-208mh-c-8pb-8-kanalu-nvr\\\/#primaryimage\"},\"thumbnailUrl\":\"https:\\\/\\\/eheating.lt\\\/wp-content\\\/uploads\\\/2023\\\/10\\\/HiLook-NVR-208MH-C8PB-8-kanalu-NVR.png\",\"datePublished\":\"2023-11-13T19:50:19+00:00\",\"dateModified\":\"2024-07-11T15:52:31+00:00\",\"description\":\"HiLook NVR-208MH-C\\\/8P(B) ; 8 kanalai POE ; Iki 4-ch @ 1080p dekodavimas ; 1 HDD nepertraukiamam vaizdo \u012fra\u0161ymui ; 8 kanal\u0173, IP vaizdo \u012fvestis\",\"breadcrumb\":{\"@id\":\"https:\\\/\\\/eheating.lt\\\/produktas\\\/hilook-nvr-208mh-c-8pb-8-kanalu-nvr\\\/#breadcrumb\"},\"inLanguage\":\"en-US\",\"potentialAction\":[{\"@type\":\"ReadAction\",\"target\":[\"https:\\\/\\\/eheating.lt\\\/produktas\\\/hilook-nvr-208mh-c-8pb-8-kanalu-nvr\\\/\"]}]},{\"@type\":\"ImageObject\",\"inLanguage\":\"en-US\",\"@id\":\"https:\\\/\\\/eheating.lt\\\/produktas\\\/hilook-nvr-208mh-c-8pb-8-kanalu-nvr\\\/#primaryimage\",\"url\":\"https:\\\/\\\/eheating.lt\\\/wp-content\\\/uploads\\\/2023\\\/10\\\/HiLook-NVR-208MH-C8PB-8-kanalu-NVR.png\",\"contentUrl\":\"https:\\\/\\\/eheating.lt\\\/wp-content\\\/uploads\\\/2023\\\/10\\\/HiLook-NVR-208MH-C8PB-8-kanalu-NVR.png\",\"width\":800,\"height\":800,\"caption\":\"HiLook NVR-208MH-C\\\/8P(B) 8 kanal\u0173 NVR\"},{\"@type\":\"BreadcrumbList\",\"@id\":\"https:\\\/\\\/eheating.lt\\\/produktas\\\/hilook-nvr-208mh-c-8pb-8-kanalu-nvr\\\/#breadcrumb\",\"itemListElement\":[{\"@type\":\"ListItem\",\"position\":1,\"name\":\"Prad\u017eia\",\"item\":\"https:\\\/\\\/eheating.lt\\\/en\\\/\"},{\"@type\":\"ListItem\",\"position\":2,\"name\":\"Shop\",\"item\":\"https:\\\/\\\/eheating.lt\\\/en\\\/?page_id=5734\"},{\"@type\":\"ListItem\",\"position\":3,\"name\":\"HiLook NVR-208MH-C\\\/8P(B) 8 kanal\u0173 NVR\"}]},{\"@type\":\"WebSite\",\"@id\":\"https:\\\/\\\/eheating.lt\\\/#website\",\"url\":\"https:\\\/\\\/eheating.lt\\\/\",\"name\":\"eHeating\",\"description\":\"Elektronika ir \u0161ildymas\",\"potentialAction\":[{\"@type\":\"SearchAction\",\"target\":{\"@type\":\"EntryPoint\",\"urlTemplate\":\"https:\\\/\\\/eheating.lt\\\/?s={search_term_string}\"},\"query-input\":{\"@type\":\"PropertyValueSpecification\",\"valueRequired\":true,\"valueName\":\"search_term_string\"}}],\"inLanguage\":\"en-US\"}]}<\/script>\n<meta property=\"product:price:amount\" content=\"210.73\" \/>\n<meta property=\"product:price:currency\" content=\"EUR\" \/>\n<meta property=\"og:availability\" content=\"out of stock\" \/>\n<meta property=\"product:availability\" content=\"out of stock\" \/>\n<meta property=\"product:retailer_item_id\" content=\"79ba2b242b61\" \/>\n<meta property=\"product:condition\" content=\"new\" \/>\n<!-- \/ Yoast SEO Premium plugin. -->","yoast_head_json":{"title":"HiLook NVR-208MH-C\/8P(B) 8 kanal\u0173 NVR","description":"HiLook NVR-208MH-C\/8P(B) ; 8 kanalai POE ; Iki 4-ch @ 1080p dekodavimas ; 1 HDD nepertraukiamam vaizdo \u012fra\u0161ymui ; 8 kanal\u0173, IP vaizdo \u012fvestis","robots":{"index":"index","follow":"follow","max-snippet":"max-snippet:-1","max-image-preview":"max-image-preview:large","max-video-preview":"max-video-preview:-1"},"canonical":"https:\/\/eheating.lt\/produktas\/hilook-nvr-208mh-c-8pb-8-kanalu-nvr\/","og_locale":"en_US","og_type":"article","og_title":"HiLook NVR-208MH-C\/8P(B) 8 kanal\u0173 NVR","og_description":"HiLook NVR-208MH-C\/8P(B) ; 8 kanalai POE ; Iki 4-ch @ 1080p dekodavimas ; 1 HDD nepertraukiamam vaizdo \u012fra\u0161ymui ; 8 kanal\u0173, IP vaizdo \u012fvestis","og_url":"https:\/\/eheating.lt\/produktas\/hilook-nvr-208mh-c-8pb-8-kanalu-nvr\/","og_site_name":"Elektronika Namams","article_publisher":"https:\/\/www.facebook.com\/ElektronikaNamams","article_modified_time":"2024-07-11T15:52:31+00:00","og_image":[{"width":800,"height":800,"url":"https:\/\/eheating.lt\/wp-content\/uploads\/2023\/10\/HiLook-NVR-208MH-C8PB-8-kanalu-NVR.png","type":"image\/png"}],"twitter_card":"summary_large_image","twitter_misc":{"Price":"210,73&nbsp;&euro;","Availability":"Out of stock"},"schema":{"@context":"https:\/\/schema.org","@graph":[{"@type":"WebPage","@id":"https:\/\/eheating.lt\/produktas\/hilook-nvr-208mh-c-8pb-8-kanalu-nvr\/","url":"https:\/\/eheating.lt\/produktas\/hilook-nvr-208mh-c-8pb-8-kanalu-nvr\/","name":"HiLook NVR-208MH-C\/8P(B) 8 kanal\u0173 NVR","isPartOf":{"@id":"https:\/\/eheating.lt\/#website"},"primaryImageOfPage":{"@id":"https:\/\/eheating.lt\/produktas\/hilook-nvr-208mh-c-8pb-8-kanalu-nvr\/#primaryimage"},"image":{"@id":"https:\/\/eheating.lt\/produktas\/hilook-nvr-208mh-c-8pb-8-kanalu-nvr\/#primaryimage"},"thumbnailUrl":"https:\/\/eheating.lt\/wp-content\/uploads\/2023\/10\/HiLook-NVR-208MH-C8PB-8-kanalu-NVR.png","datePublished":"2023-11-13T19:50:19+00:00","dateModified":"2024-07-11T15:52:31+00:00","description":"HiLook NVR-208MH-C\/8P(B) ; 8 kanalai POE ; Iki 4-ch @ 1080p dekodavimas ; 1 HDD nepertraukiamam vaizdo \u012fra\u0161ymui ; 8 kanal\u0173, IP vaizdo \u012fvestis","breadcrumb":{"@id":"https:\/\/eheating.lt\/produktas\/hilook-nvr-208mh-c-8pb-8-kanalu-nvr\/#breadcrumb"},"inLanguage":"en-US","potentialAction":[{"@type":"ReadAction","target":["https:\/\/eheating.lt\/produktas\/hilook-nvr-208mh-c-8pb-8-kanalu-nvr\/"]}]},{"@type":"ImageObject","inLanguage":"en-US","@id":"https:\/\/eheating.lt\/produktas\/hilook-nvr-208mh-c-8pb-8-kanalu-nvr\/#primaryimage","url":"https:\/\/eheating.lt\/wp-content\/uploads\/2023\/10\/HiLook-NVR-208MH-C8PB-8-kanalu-NVR.png","contentUrl":"https:\/\/eheating.lt\/wp-content\/uploads\/2023\/10\/HiLook-NVR-208MH-C8PB-8-kanalu-NVR.png","width":800,"height":800,"caption":"HiLook NVR-208MH-C\/8P(B) 8 kanal\u0173 NVR"},{"@type":"BreadcrumbList","@id":"https:\/\/eheating.lt\/produktas\/hilook-nvr-208mh-c-8pb-8-kanalu-nvr\/#breadcrumb","itemListElement":[{"@type":"ListItem","position":1,"name":"Prad\u017eia","item":"https:\/\/eheating.lt\/en\/"},{"@type":"ListItem","position":2,"name":"Shop","item":"https:\/\/eheating.lt\/en\/?page_id=5734"},{"@type":"ListItem","position":3,"name":"HiLook NVR-208MH-C\/8P(B) 8 kanal\u0173 NVR"}]},{"@type":"WebSite","@id":"https:\/\/eheating.lt\/#website","url":"https:\/\/eheating.lt\/","name":"eHeating","description":"Elektronika ir \u0161ildymas","potentialAction":[{"@type":"SearchAction","target":{"@type":"EntryPoint","urlTemplate":"https:\/\/eheating.lt\/?s={search_term_string}"},"query-input":{"@type":"PropertyValueSpecification","valueRequired":true,"valueName":"search_term_string"}}],"inLanguage":"en-US"}]},"product_price_amount":"210.73","product_price_currency":"EUR","og_availability":"out of stock","product_availability":"out of stock","product_retailer_item_id":"79ba2b242b61","product_condition":"new"},"_links":{"self":[{"href":"https:\/\/eheating.lt\/en\/wp-json\/wp\/v2\/product\/19208","targetHints":{"allow":["GET"]}}],"collection":[{"href":"https:\/\/eheating.lt\/en\/wp-json\/wp\/v2\/product"}],"about":[{"href":"https:\/\/eheating.lt\/en\/wp-json\/wp\/v2\/types\/product"}],"replies":[{"embeddable":true,"href":"https:\/\/eheating.lt\/en\/wp-json\/wp\/v2\/comments?post=19208"}],"version-history":[{"count":0,"href":"https:\/\/eheating.lt\/en\/wp-json\/wp\/v2\/product\/19208\/revisions"}],"wp:featuredmedia":[{"embeddable":true,"href":"https:\/\/eheating.lt\/en\/wp-json\/wp\/v2\/media\/28194"}],"wp:attachment":[{"href":"https:\/\/eheating.lt\/en\/wp-json\/wp\/v2\/media?parent=19208"}],"wp:term":[{"taxonomy":"product_brand","embeddable":true,"href":"https:\/\/eheating.lt\/en\/wp-json\/wp\/v2\/product_brand?post=19208"},{"taxonomy":"product_cat","embeddable":true,"href":"https:\/\/eheating.lt\/en\/wp-json\/wp\/v2\/product_cat?post=19208"},{"taxonomy":"product_tag","embeddable":true,"href":"https:\/\/eheating.lt\/en\/wp-json\/wp\/v2\/product_tag?post=19208"}],"curies":[{"name":"wp","href":"https:\/\/api.w.org\/{rel}","templated":true}]}}