{"id":19182,"date":"2023-11-17T23:43:21","date_gmt":"2023-11-17T21:43:21","guid":{"rendered":"https:\/\/eheating.lt\/?post_type=product&#038;p=19182"},"modified":"2024-07-11T18:53:09","modified_gmt":"2024-07-11T15:53:09","slug":"hilook-dome-thc-t220-m-f2-8","status":"publish","type":"product","link":"https:\/\/eheating.lt\/en\/produktas\/hilook-dome-thc-t220-m-f2-8\/","title":{"rendered":"HiLook dome THC-T220-M F2.8"},"content":{"rendered":"<table style=\"width: 850px;\" border=\"0\">\n<colgroup>\n<col \/>\n<col \/> <\/colgroup>\n<tbody>\n<tr>\n<td class=\"xl65\">Vaizdo jutiklis<\/td>\n<td class=\"xl65\">2 MP CMOS vaizdo jutiklis<\/td>\n<\/tr>\n<tr>\n<td class=\"xl65\">Signal\u0173 sistema<\/td>\n<td class=\"xl65\">PAL \/ NTSC<\/td>\n<\/tr>\n<tr>\n<td class=\"xl65\">Veiksmingi pikseliai<\/td>\n<td class=\"xl65\">1920 (H) \u00d7 1080 (V)<\/td>\n<\/tr>\n<tr>\n<td class=\"xl65\">Min. ap\u0161vietimas<\/td>\n<td class=\"xl65\">0,01 lux @ (F1.2, AGC \u012fjungta), 0 lux su IR<\/td>\n<\/tr>\n<tr>\n<td class=\"xl65\">U\u017erakto laikas<\/td>\n<td class=\"xl65\">1\/25 (1\/30) s iki 1\/50 000 s<\/td>\n<\/tr>\n<tr>\n<td class=\"xl65\">Objektyvas<\/td>\n<td class=\"xl68\">2.8 mm<\/td>\n<\/tr>\n<tr>\n<td class=\"xl65\">Horizontalus reg\u0117jimo laukas<\/td>\n<td class=\"xl68\">103\u00b0<\/td>\n<\/tr>\n<tr>\n<td class=\"xl65\">Objektyvo kalnas<\/td>\n<td class=\"xl67\">M12<\/td>\n<\/tr>\n<tr>\n<td class=\"xl65\">Diena naktis<\/td>\n<td class=\"xl65\">IR pjovimo filtras<\/td>\n<\/tr>\n<tr>\n<td class=\"xl65\">Kampo reguliavimas<\/td>\n<td class=\"xl65\">Pak\u0117limas: nuo 0 \u00b0 iki 360 \u00b0, pakreipimas: nuo 0 \u00b0 iki 75 \u00b0, pasukimas: nuo 0 \u00b0 iki 360 \u00b0<\/td>\n<\/tr>\n<tr>\n<td class=\"xl65\">Sinchronizavimas<\/td>\n<td class=\"xl65\">Vidinis sinchronizavimas<\/td>\n<\/tr>\n<tr>\n<td class=\"xl65\">Vaizdo \u012fra\u0161o kadr\u0173 da\u017enis<\/td>\n<td class=\"xl65\">PAL: 1080p @ 25fps NTSC: 1080p @ 30fps<\/td>\n<\/tr>\n<tr>\n<td class=\"xl65\">AGC<\/td>\n<td class=\"xl65\">Didelis \/ Vidutinis \/ \u017demas \/ I\u0161jungtas<\/td>\n<\/tr>\n<tr>\n<td class=\"xl65\">D \/ N re\u017eimas<\/td>\n<td class=\"xl65\">Automatinis \/ spalvotas \/ nespalvotas<\/td>\n<\/tr>\n<tr>\n<td class=\"xl65\">BLC<\/td>\n<td class=\"xl65\">Taip<\/td>\n<\/tr>\n<tr>\n<td class=\"xl65\">DWDR<\/td>\n<td class=\"xl65\">Taip<\/td>\n<\/tr>\n<tr>\n<td class=\"xl65\">Kalba<\/td>\n<td class=\"xl65\">Angl\u0173<\/td>\n<\/tr>\n<tr>\n<td class=\"xl65\">Funkcijos<\/td>\n<td class=\"xl65\">\u0160viesumas, ry\u0161kumas, DNR, veidrodis, i\u0161manusis IR<\/td>\n<\/tr>\n<tr>\n<td class=\"xl65\">Vaizdo i\u0161vestis<\/td>\n<td class=\"xl65\">1 HD i\u0161vestis<\/td>\n<\/tr>\n<tr>\n<td class=\"xl65\">Jungiklio mygtukas<\/td>\n<td class=\"xl65\">TVI \/ AHD \/ CVI \/ CVBS<\/td>\n<\/tr>\n<tr>\n<td class=\"xl65\">Eksploatavimo s\u0105lygos<\/td>\n<td class=\"xl65\">Nuo -40 \u00b0 C iki 60 \u00b0 C, dr\u0117gm\u0117: 90% ar ma\u017eiau (nekondensuota)<\/td>\n<\/tr>\n<tr>\n<td class=\"xl65\">Maitinimas<\/td>\n<td class=\"xl65\">12 VDC \u00b1 15%<\/td>\n<\/tr>\n<tr>\n<td class=\"xl65\">Energijos s\u0105naudos<\/td>\n<td class=\"xl65\">Maks. 4 W<\/td>\n<\/tr>\n<tr>\n<td class=\"xl65\">Apsaugos lygis<\/td>\n<td class=\"xl65\">IP66<\/td>\n<\/tr>\n<tr>\n<td class=\"xl65\">Med\u017eiaga<\/td>\n<td class=\"xl66\">Metalas<\/td>\n<\/tr>\n<tr>\n<td class=\"xl65\">IR diapazonas<\/td>\n<td class=\"xl65\">Iki 40 m<\/td>\n<\/tr>\n<tr>\n<td class=\"xl65\">Matmenys<\/td>\n<td class=\"xl67\">\u00d8 127.92 mm \u00d7102.26mm<\/td>\n<\/tr>\n<tr>\n<td class=\"xl65\">Svoris<\/td>\n<td class=\"xl65\">450 g<\/td>\n<\/tr>\n<\/tbody>\n<\/table>\n","protected":false},"excerpt":{"rendered":"<ul>\n<li>2MP turbo kupolin\u0117 kamera<\/li>\n<li>Objektyvas 2.8mm<\/li>\n<li>TVI \/ AHD \/ CVI \/ CVBS<\/li>\n<li>IR pa\u0161vietimas iki 40m<\/li>\n<li>Korpusas metalas<\/li>\n<li>IP66<\/li>\n<\/ul>\n","protected":false},"featured_media":28961,"comment_status":"closed","ping_status":"closed","template":"","meta":[],"product_brand":[],"product_cat":[371,344,318],"product_tag":[],"class_list":{"0":"post-19182","1":"product","2":"type-product","3":"status-publish","4":"has-post-thumbnail","6":"product_cat-turbo-hd-kupolines-kameros","7":"product_cat-turbo-hd-kameros","8":"product_cat-turbo-hd-apsauga","10":"first","11":"instock","12":"purchasable","13":"product-type-simple"},"yoast_head":"<!-- This site is optimized with the Yoast SEO Premium plugin v21.5 (Yoast SEO v27.3) - https:\/\/yoast.com\/product\/yoast-seo-premium-wordpress\/ -->\n<title>HiLook dome THC-T220-M F2.8<\/title>\n<meta name=\"description\" content=\"HiLook dome THC-T220-M F2.8 kamera ; TVI \/ AHD \/ CVI \/ CVBS ; Rai\u0161ka - 2MP ; IR nuotolis iki 40m ; Korpusas metalas ; IP66\" \/>\n<meta name=\"robots\" content=\"index, follow, max-snippet:-1, max-image-preview:large, max-video-preview:-1\" \/>\n<link rel=\"canonical\" href=\"https:\/\/eheating.lt\/produktas\/hilook-dome-thc-t220-m-f2-8\/\" \/>\n<meta property=\"og:locale\" content=\"en_US\" \/>\n<meta property=\"og:type\" content=\"article\" \/>\n<meta property=\"og:title\" content=\"HiLook dome THC-T220-M F2.8\" \/>\n<meta property=\"og:description\" content=\"HiLook dome THC-T220-M F2.8 kamera ; TVI \/ AHD \/ CVI \/ CVBS ; Rai\u0161ka - 2MP ; IR nuotolis iki 40m ; Korpusas metalas ; IP66\" \/>\n<meta property=\"og:url\" content=\"https:\/\/eheating.lt\/produktas\/hilook-dome-thc-t220-m-f2-8\/\" \/>\n<meta property=\"og:site_name\" content=\"Elektronika Namams\" \/>\n<meta property=\"article:publisher\" content=\"https:\/\/www.facebook.com\/ElektronikaNamams\" \/>\n<meta property=\"article:modified_time\" content=\"2024-07-11T15:53:09+00:00\" \/>\n<meta property=\"og:image\" content=\"https:\/\/eheating.lt\/wp-content\/uploads\/2023\/10\/HiLook-dome-THC-T220-M-F2.8.png\" \/>\n\t<meta property=\"og:image:width\" content=\"800\" \/>\n\t<meta property=\"og:image:height\" content=\"800\" \/>\n\t<meta property=\"og:image:type\" content=\"image\/png\" \/>\n<meta name=\"twitter:card\" content=\"summary_large_image\" \/>\n<meta name=\"twitter:label1\" content=\"Price\" \/>\n\t<meta name=\"twitter:data1\" content=\"38,32&nbsp;&euro;\" \/>\n\t<meta name=\"twitter:label2\" content=\"Availability\" \/>\n\t<meta name=\"twitter:data2\" content=\"In stock\" \/>\n<script type=\"application\/ld+json\" class=\"yoast-schema-graph\">{\"@context\":\"https:\\\/\\\/schema.org\",\"@graph\":[{\"@type\":\"WebPage\",\"@id\":\"https:\\\/\\\/eheating.lt\\\/produktas\\\/hilook-dome-thc-t220-m-f2-8\\\/\",\"url\":\"https:\\\/\\\/eheating.lt\\\/produktas\\\/hilook-dome-thc-t220-m-f2-8\\\/\",\"name\":\"HiLook dome THC-T220-M F2.8\",\"isPartOf\":{\"@id\":\"https:\\\/\\\/eheating.lt\\\/#website\"},\"primaryImageOfPage\":{\"@id\":\"https:\\\/\\\/eheating.lt\\\/produktas\\\/hilook-dome-thc-t220-m-f2-8\\\/#primaryimage\"},\"image\":{\"@id\":\"https:\\\/\\\/eheating.lt\\\/produktas\\\/hilook-dome-thc-t220-m-f2-8\\\/#primaryimage\"},\"thumbnailUrl\":\"https:\\\/\\\/eheating.lt\\\/wp-content\\\/uploads\\\/2023\\\/10\\\/HiLook-dome-THC-T220-M-F2.8.png\",\"datePublished\":\"2023-11-17T21:43:21+00:00\",\"dateModified\":\"2024-07-11T15:53:09+00:00\",\"description\":\"HiLook dome THC-T220-M F2.8 kamera ; TVI \\\/ AHD \\\/ CVI \\\/ CVBS ; Rai\u0161ka - 2MP ; IR nuotolis iki 40m ; Korpusas metalas ; IP66\",\"breadcrumb\":{\"@id\":\"https:\\\/\\\/eheating.lt\\\/produktas\\\/hilook-dome-thc-t220-m-f2-8\\\/#breadcrumb\"},\"inLanguage\":\"en-US\",\"potentialAction\":[{\"@type\":\"ReadAction\",\"target\":[\"https:\\\/\\\/eheating.lt\\\/produktas\\\/hilook-dome-thc-t220-m-f2-8\\\/\"]}]},{\"@type\":\"ImageObject\",\"inLanguage\":\"en-US\",\"@id\":\"https:\\\/\\\/eheating.lt\\\/produktas\\\/hilook-dome-thc-t220-m-f2-8\\\/#primaryimage\",\"url\":\"https:\\\/\\\/eheating.lt\\\/wp-content\\\/uploads\\\/2023\\\/10\\\/HiLook-dome-THC-T220-M-F2.8.png\",\"contentUrl\":\"https:\\\/\\\/eheating.lt\\\/wp-content\\\/uploads\\\/2023\\\/10\\\/HiLook-dome-THC-T220-M-F2.8.png\",\"width\":800,\"height\":800,\"caption\":\"HiLook dome THC-T220-M F2.8\"},{\"@type\":\"BreadcrumbList\",\"@id\":\"https:\\\/\\\/eheating.lt\\\/produktas\\\/hilook-dome-thc-t220-m-f2-8\\\/#breadcrumb\",\"itemListElement\":[{\"@type\":\"ListItem\",\"position\":1,\"name\":\"Prad\u017eia\",\"item\":\"https:\\\/\\\/eheating.lt\\\/en\\\/\"},{\"@type\":\"ListItem\",\"position\":2,\"name\":\"Shop\",\"item\":\"https:\\\/\\\/eheating.lt\\\/en\\\/?page_id=5734\"},{\"@type\":\"ListItem\",\"position\":3,\"name\":\"HiLook dome THC-T220-M F2.8\"}]},{\"@type\":\"WebSite\",\"@id\":\"https:\\\/\\\/eheating.lt\\\/#website\",\"url\":\"https:\\\/\\\/eheating.lt\\\/\",\"name\":\"eHeating\",\"description\":\"Elektronika ir \u0161ildymas\",\"potentialAction\":[{\"@type\":\"SearchAction\",\"target\":{\"@type\":\"EntryPoint\",\"urlTemplate\":\"https:\\\/\\\/eheating.lt\\\/?s={search_term_string}\"},\"query-input\":{\"@type\":\"PropertyValueSpecification\",\"valueRequired\":true,\"valueName\":\"search_term_string\"}}],\"inLanguage\":\"en-US\"}]}<\/script>\n<meta property=\"product:price:amount\" content=\"38.32\" \/>\n<meta property=\"product:price:currency\" content=\"EUR\" \/>\n<meta property=\"og:availability\" content=\"instock\" \/>\n<meta property=\"product:availability\" content=\"instock\" \/>\n<meta property=\"product:retailer_item_id\" content=\"ddc9575d217f\" \/>\n<meta property=\"product:condition\" content=\"new\" \/>\n<!-- \/ Yoast SEO Premium plugin. -->","yoast_head_json":{"title":"HiLook dome THC-T220-M F2.8","description":"HiLook dome THC-T220-M F2.8 kamera ; TVI \/ AHD \/ CVI \/ CVBS ; Rai\u0161ka - 2MP ; IR nuotolis iki 40m ; Korpusas metalas ; IP66","robots":{"index":"index","follow":"follow","max-snippet":"max-snippet:-1","max-image-preview":"max-image-preview:large","max-video-preview":"max-video-preview:-1"},"canonical":"https:\/\/eheating.lt\/produktas\/hilook-dome-thc-t220-m-f2-8\/","og_locale":"en_US","og_type":"article","og_title":"HiLook dome THC-T220-M F2.8","og_description":"HiLook dome THC-T220-M F2.8 kamera ; TVI \/ AHD \/ CVI \/ CVBS ; Rai\u0161ka - 2MP ; IR nuotolis iki 40m ; Korpusas metalas ; IP66","og_url":"https:\/\/eheating.lt\/produktas\/hilook-dome-thc-t220-m-f2-8\/","og_site_name":"Elektronika Namams","article_publisher":"https:\/\/www.facebook.com\/ElektronikaNamams","article_modified_time":"2024-07-11T15:53:09+00:00","og_image":[{"width":800,"height":800,"url":"https:\/\/eheating.lt\/wp-content\/uploads\/2023\/10\/HiLook-dome-THC-T220-M-F2.8.png","type":"image\/png"}],"twitter_card":"summary_large_image","twitter_misc":{"Price":"38,32&nbsp;&euro;","Availability":"In stock"},"schema":{"@context":"https:\/\/schema.org","@graph":[{"@type":"WebPage","@id":"https:\/\/eheating.lt\/produktas\/hilook-dome-thc-t220-m-f2-8\/","url":"https:\/\/eheating.lt\/produktas\/hilook-dome-thc-t220-m-f2-8\/","name":"HiLook dome THC-T220-M F2.8","isPartOf":{"@id":"https:\/\/eheating.lt\/#website"},"primaryImageOfPage":{"@id":"https:\/\/eheating.lt\/produktas\/hilook-dome-thc-t220-m-f2-8\/#primaryimage"},"image":{"@id":"https:\/\/eheating.lt\/produktas\/hilook-dome-thc-t220-m-f2-8\/#primaryimage"},"thumbnailUrl":"https:\/\/eheating.lt\/wp-content\/uploads\/2023\/10\/HiLook-dome-THC-T220-M-F2.8.png","datePublished":"2023-11-17T21:43:21+00:00","dateModified":"2024-07-11T15:53:09+00:00","description":"HiLook dome THC-T220-M F2.8 kamera ; TVI \/ AHD \/ CVI \/ CVBS ; Rai\u0161ka - 2MP ; IR nuotolis iki 40m ; Korpusas metalas ; IP66","breadcrumb":{"@id":"https:\/\/eheating.lt\/produktas\/hilook-dome-thc-t220-m-f2-8\/#breadcrumb"},"inLanguage":"en-US","potentialAction":[{"@type":"ReadAction","target":["https:\/\/eheating.lt\/produktas\/hilook-dome-thc-t220-m-f2-8\/"]}]},{"@type":"ImageObject","inLanguage":"en-US","@id":"https:\/\/eheating.lt\/produktas\/hilook-dome-thc-t220-m-f2-8\/#primaryimage","url":"https:\/\/eheating.lt\/wp-content\/uploads\/2023\/10\/HiLook-dome-THC-T220-M-F2.8.png","contentUrl":"https:\/\/eheating.lt\/wp-content\/uploads\/2023\/10\/HiLook-dome-THC-T220-M-F2.8.png","width":800,"height":800,"caption":"HiLook dome THC-T220-M F2.8"},{"@type":"BreadcrumbList","@id":"https:\/\/eheating.lt\/produktas\/hilook-dome-thc-t220-m-f2-8\/#breadcrumb","itemListElement":[{"@type":"ListItem","position":1,"name":"Prad\u017eia","item":"https:\/\/eheating.lt\/en\/"},{"@type":"ListItem","position":2,"name":"Shop","item":"https:\/\/eheating.lt\/en\/?page_id=5734"},{"@type":"ListItem","position":3,"name":"HiLook dome THC-T220-M F2.8"}]},{"@type":"WebSite","@id":"https:\/\/eheating.lt\/#website","url":"https:\/\/eheating.lt\/","name":"eHeating","description":"Elektronika ir \u0161ildymas","potentialAction":[{"@type":"SearchAction","target":{"@type":"EntryPoint","urlTemplate":"https:\/\/eheating.lt\/?s={search_term_string}"},"query-input":{"@type":"PropertyValueSpecification","valueRequired":true,"valueName":"search_term_string"}}],"inLanguage":"en-US"}]},"product_price_amount":"38.32","product_price_currency":"EUR","og_availability":"instock","product_availability":"instock","product_retailer_item_id":"ddc9575d217f","product_condition":"new"},"_links":{"self":[{"href":"https:\/\/eheating.lt\/en\/wp-json\/wp\/v2\/product\/19182","targetHints":{"allow":["GET"]}}],"collection":[{"href":"https:\/\/eheating.lt\/en\/wp-json\/wp\/v2\/product"}],"about":[{"href":"https:\/\/eheating.lt\/en\/wp-json\/wp\/v2\/types\/product"}],"replies":[{"embeddable":true,"href":"https:\/\/eheating.lt\/en\/wp-json\/wp\/v2\/comments?post=19182"}],"version-history":[{"count":0,"href":"https:\/\/eheating.lt\/en\/wp-json\/wp\/v2\/product\/19182\/revisions"}],"wp:featuredmedia":[{"embeddable":true,"href":"https:\/\/eheating.lt\/en\/wp-json\/wp\/v2\/media\/28961"}],"wp:attachment":[{"href":"https:\/\/eheating.lt\/en\/wp-json\/wp\/v2\/media?parent=19182"}],"wp:term":[{"taxonomy":"product_brand","embeddable":true,"href":"https:\/\/eheating.lt\/en\/wp-json\/wp\/v2\/product_brand?post=19182"},{"taxonomy":"product_cat","embeddable":true,"href":"https:\/\/eheating.lt\/en\/wp-json\/wp\/v2\/product_cat?post=19182"},{"taxonomy":"product_tag","embeddable":true,"href":"https:\/\/eheating.lt\/en\/wp-json\/wp\/v2\/product_tag?post=19182"}],"curies":[{"name":"wp","href":"https:\/\/api.w.org\/{rel}","templated":true}]}}